{"id":98,"date":"2015-01-20T16:58:21","date_gmt":"2015-01-20T16:58:21","guid":{"rendered":"https:\/\/movepainfree.org\/fr\/?page_id=98"},"modified":"2015-05-29T19:06:26","modified_gmt":"2015-05-29T19:06:26","slug":"anterior-leg","status":"publish","type":"page","link":"https:\/\/movepainfree.org\/fr\/about-orthopaedics\/joint-anatomy\/anterior-leg\/","title":{"rendered":"Membre inf\u00e9rieure, vue ant\u00e9rieure"},"content":{"rendered":"<p><img loading=\"lazy\" decoding=\"async\" width=\"342\" height=\"736\" class=\"alignnone size-full wp-image-99\" src=\"https:\/\/movepainfree.org\/fr\/wp-content\/uploads\/sites\/3\/leg_ant.jpg\" alt=\"leg_ant\" srcset=\"https:\/\/movepainfree.org\/fr\/wp-content\/uploads\/sites\/3\/leg_ant.jpg 342w, https:\/\/movepainfree.org\/fr\/wp-content\/uploads\/sites\/3\/leg_ant-250x538.jpg 250w, https:\/\/movepainfree.org\/fr\/wp-content\/uploads\/sites\/3\/leg_ant-120x258.jpg 120w\" sizes=\"auto, (max-width: 342px) 100vw, 342px\" \/><\/p>\n<p>1)\u00a0\u00a0\u00a0\u00a0\u00a0 <span id=\"lblContent\">Os iliaque<\/span><\/p>\n<p>2)\u00a0\u00a0\u00a0\u00a0\u00a0 <span id=\"lblContent\">F\u00e9mur<\/span><\/p>\n<p>3)\u00a0\u00a0\u00a0\u00a0\u00a0 <span id=\"lblContent\">Rotule<\/span><\/p>\n<p>4)\u00a0\u00a0\u00a0\u00a0\u00a0 <span id=\"lblContent\">P\u00e9ron\u00e9<\/span><\/p>\n<p>5)\u00a0\u00a0\u00a0\u00a0\u00a0 <span id=\"lblContent\">Tibia<\/span><\/p>\n<p>6)\u00a0\u00a0\u00a0\u00a0\u00a0 <span id=\"lblContent\">Astragale<\/span><\/p>\n<p>7)\u00a0\u00a0\u00a0\u00a0\u00a0 <span id=\"lblContent\">Calcan\u00e9um<\/span><\/p>\n<p>8)\u00a0\u00a0\u00a0\u00a0\u00a0 <span id=\"lblContent\">Cubo\u00efde<\/span><\/p>\n<p>9)\u00a0\u00a0\u00a0\u00a0\u00a0 <span id=\"lblContent\">Troisi\u00e8me cun\u00e9iforme<\/span><\/p>\n<p>10)\u00a0\u00a0\u00a0 <span id=\"lblContent\">Os naviculaire<\/span><\/p>\n<p>11)\u00a0\u00a0\u00a0 <span id=\"lblContent\">Premier cun\u00e9iforme<\/span><\/p>\n<p>12)\u00a0\u00a0\u00a0 <span id=\"lblContent\">Deuxi\u00e8me cun\u00e9iforme<\/span><\/p>\n<p>&nbsp;<\/p>\n<p>A)\u00a0\u00a0 <span id=\"lblContent\">Muscle psoas <\/span><\/p>\n<p>B)\u00a0\u00a0\u00a0 <span id=\"lblContent\">Muscle iliaque<\/span><\/p>\n<p>C)\u00a0\u00a0\u00a0 <span id=\"lblContent\">Muscle pectin\u00e9<\/span><\/p>\n<p>D)\u00a0\u00a0\u00a0 <span id=\"lblContent\">Muscle moyen adducteur<\/span><\/p>\n<p>E)\u00a0\u00a0\u00a0 <span id=\"lblContent\">Muscle grand adducteur<\/span><\/p>\n<p>F)\u00a0\u00a0\u00a0 <span id=\"lblContent\">Muscle droit interne<\/span><\/p>\n<p>G)\u00a0\u00a0\u00a0 <span id=\"lblContent\">Muscle couturier<\/span><\/p>\n<p>H)\u00a0\u00a0\u00a0 <span id=\"lblContent\">Muscle droit ant\u00e9rieur<\/span><\/p>\n<p>I)\u00a0\u00a0\u00a0\u00a0 <span id=\"lblContent\">Muscle vaste externe<\/span><\/p>\n<p>J)\u00a0\u00a0\u00a0\u00a0 <span id=\"lblContent\">Muscle vaste interne<\/span><\/p>\n<p>K)\u00a0\u00a0\u00a0 <span id=\"lblContent\">Muscle jambier ant\u00e9rieur<\/span><\/p>\n<p>L)\u00a0\u00a0\u00a0 <span id=\"lblContent\">Long p\u00e9ronier<\/span><\/p>\n<p>M)\u00a0\u00a0 <span id=\"lblContent\">Muscle extenseur propre du gros orteil<\/span><\/p>\n<p>N)\u00a0\u00a0 <span id=\"lblContent\">Muscle extenseur commun des orteils<\/span><\/p>\n","protected":false},"excerpt":{"rendered":"1)\u00a0\u00a0\u00a0\u00a0\u00a0 Os iliaque 2)\u00a0\u00a0\u00a0\u00a0\u00a0 F\u00e9mur 3)\u00a0\u00a0\u00a0\u00a0\u00a0 Rotule 4)\u00a0\u00a0\u00a0\u00a0\u00a0 P\u00e9ron\u00e9 5)\u00a0\u00a0\u00a0\u00a0\u00a0 Tibia 6)\u00a0\u00a0\u00a0\u00a0\u00a0 Astragale 7)\u00a0\u00a0\u00a0\u00a0\u00a0 Calcan\u00e9um 8)\u00a0\u00a0\u00a0\u00a0\u00a0 Cubo\u00efde 9)\u00a0\u00a0\u00a0\u00a0\u00a0 Troisi\u00e8me cun\u00e9iforme 10)\u00a0\u00a0\u00a0 Os naviculaire 11)\u00a0\u00a0\u00a0 Premier cun\u00e9iforme 12)\u00a0\u00a0\u00a0 Deuxi\u00e8me cun\u00e9iforme &nbsp;&#8230; <a class=\"view-article\" href=\"https:\/\/movepainfree.org\/fr\/about-orthopaedics\/joint-anatomy\/anterior-leg\/\">View Article<\/a>","protected":false},"author":1,"featured_media":0,"parent":68,"menu_order":100,"comment_status":"closed","ping_status":"closed","template":"","meta":{"footnotes":""},"class_list":["post-98","page","type-page","status-publish","hentry"],"yoast_head":"<!-- This site is optimized with the Yoast SEO plugin v27.0 - https:\/\/yoast.com\/product\/yoast-seo-wordpress\/ -->\n<title>Membre inf\u00e9rieure, vue ant\u00e9rieure - Fondation Canadienne d&#039;Orthop\u00e9die<\/title>\n<meta name=\"description\" content=\"La Fondation canadienne d&#039;orthop\u00e9die vient en aide aux patients orthop\u00e9diques, aux professionnels de la sant\u00e9 en orthop\u00e9die, ainsi qu&#039;aux personnes qui se pr\u00e9occupent de leur sant\u00e9 et des questions en mati\u00e8re de sant\u00e9 au sein de la collectivit\u00e9, et ce, \u00e0 l&#039;\u00e9gard de la sant\u00e9 des os et des articulations actuelle et \u00e0 venir.\" \/>\n<meta name=\"robots\" content=\"index, follow, max-snippet:-1, max-image-preview:large, max-video-preview:-1\" \/>\n<link rel=\"canonical\" href=\"https:\/\/movepainfree.org\/fr\/about-orthopaedics\/joint-anatomy\/anterior-leg\/\" \/>\n<meta property=\"og:locale\" content=\"fr_FR\" \/>\n<meta property=\"og:type\" content=\"article\" \/>\n<meta property=\"og:title\" content=\"Membre inf\u00e9rieure, vue ant\u00e9rieure - Fondation Canadienne d&#039;Orthop\u00e9die\" \/>\n<meta property=\"og:description\" content=\"La Fondation canadienne d&#039;orthop\u00e9die vient en aide aux patients orthop\u00e9diques, aux professionnels de la sant\u00e9 en orthop\u00e9die, ainsi qu&#039;aux personnes qui se pr\u00e9occupent de leur sant\u00e9 et des questions en mati\u00e8re de sant\u00e9 au sein de la collectivit\u00e9, et ce, \u00e0 l&#039;\u00e9gard de la sant\u00e9 des os et des articulations actuelle et \u00e0 venir.\" \/>\n<meta property=\"og:url\" content=\"https:\/\/movepainfree.org\/fr\/about-orthopaedics\/joint-anatomy\/anterior-leg\/\" \/>\n<meta property=\"og:site_name\" content=\"Fondation Canadienne d&#039;Orthop\u00e9die\" \/>\n<meta property=\"article:modified_time\" content=\"2015-05-29T19:06:26+00:00\" \/>\n<meta property=\"og:image\" content=\"https:\/\/movepainfree.org\/fr\/wp-content\/uploads\/sites\/3\/leg_ant.jpg\" \/>\n<meta name=\"twitter:card\" content=\"summary_large_image\" \/>\n<script type=\"application\/ld+json\" class=\"yoast-schema-graph\">{\"@context\":\"https:\/\/schema.org\",\"@graph\":[{\"@type\":\"WebPage\",\"@id\":\"https:\/\/movepainfree.org\/fr\/about-orthopaedics\/joint-anatomy\/anterior-leg\/\",\"url\":\"https:\/\/movepainfree.org\/fr\/about-orthopaedics\/joint-anatomy\/anterior-leg\/\",\"name\":\"Membre inf\u00e9rieure, vue ant\u00e9rieure - Fondation Canadienne d&#039;Orthop\u00e9die\",\"isPartOf\":{\"@id\":\"https:\/\/movepainfree.org\/fr\/#website\"},\"primaryImageOfPage\":{\"@id\":\"https:\/\/movepainfree.org\/fr\/about-orthopaedics\/joint-anatomy\/anterior-leg\/#primaryimage\"},\"image\":{\"@id\":\"https:\/\/movepainfree.org\/fr\/about-orthopaedics\/joint-anatomy\/anterior-leg\/#primaryimage\"},\"thumbnailUrl\":\"https:\/\/movepainfree.org\/fr\/wp-content\/uploads\/sites\/3\/leg_ant.jpg\",\"datePublished\":\"2015-01-20T16:58:21+00:00\",\"dateModified\":\"2015-05-29T19:06:26+00:00\",\"description\":\"La Fondation canadienne d'orthop\u00e9die vient en aide aux patients orthop\u00e9diques, aux professionnels de la sant\u00e9 en orthop\u00e9die, ainsi qu'aux personnes qui se pr\u00e9occupent de leur sant\u00e9 et des questions en mati\u00e8re de sant\u00e9 au sein de la collectivit\u00e9, et ce, \u00e0 l'\u00e9gard de la sant\u00e9 des os et des articulations actuelle et \u00e0 venir.\",\"breadcrumb\":{\"@id\":\"https:\/\/movepainfree.org\/fr\/about-orthopaedics\/joint-anatomy\/anterior-leg\/#breadcrumb\"},\"inLanguage\":\"fr-FR\",\"potentialAction\":[{\"@type\":\"ReadAction\",\"target\":[\"https:\/\/movepainfree.org\/fr\/about-orthopaedics\/joint-anatomy\/anterior-leg\/\"]}]},{\"@type\":\"ImageObject\",\"inLanguage\":\"fr-FR\",\"@id\":\"https:\/\/movepainfree.org\/fr\/about-orthopaedics\/joint-anatomy\/anterior-leg\/#primaryimage\",\"url\":\"https:\/\/movepainfree.org\/fr\/wp-content\/uploads\/sites\/3\/leg_ant.jpg\",\"contentUrl\":\"https:\/\/movepainfree.org\/fr\/wp-content\/uploads\/sites\/3\/leg_ant.jpg\",\"width\":342,\"height\":736},{\"@type\":\"BreadcrumbList\",\"@id\":\"https:\/\/movepainfree.org\/fr\/about-orthopaedics\/joint-anatomy\/anterior-leg\/#breadcrumb\",\"itemListElement\":[{\"@type\":\"ListItem\",\"position\":1,\"name\":\"Home\",\"item\":\"https:\/\/movepainfree.org\/fr\/\"},{\"@type\":\"ListItem\",\"position\":2,\"name\":\"\u00c0 propos des os et articulations\",\"item\":\"https:\/\/movepainfree.org\/fr\/about-orthopaedics\/\"},{\"@type\":\"ListItem\",\"position\":3,\"name\":\"Anatomie des articulations\",\"item\":\"https:\/\/movepainfree.org\/fr\/about-orthopaedics\/joint-anatomy\/\"},{\"@type\":\"ListItem\",\"position\":4,\"name\":\"Membre inf\u00e9rieure, vue ant\u00e9rieure\"}]},{\"@type\":\"WebSite\",\"@id\":\"https:\/\/movepainfree.org\/fr\/#website\",\"url\":\"https:\/\/movepainfree.org\/fr\/\",\"name\":\"Fondation Canadienne d&#039;Orthop\u00e9die\",\"description\":\"Fund-raising Activities Support Research, Education, Community Care\",\"potentialAction\":[{\"@type\":\"SearchAction\",\"target\":{\"@type\":\"EntryPoint\",\"urlTemplate\":\"https:\/\/movepainfree.org\/fr\/?s={search_term_string}\"},\"query-input\":{\"@type\":\"PropertyValueSpecification\",\"valueRequired\":true,\"valueName\":\"search_term_string\"}}],\"inLanguage\":\"fr-FR\"}]}<\/script>\n<!-- \/ Yoast SEO plugin. -->","yoast_head_json":{"title":"Membre inf\u00e9rieure, vue ant\u00e9rieure - Fondation Canadienne d&#039;Orthop\u00e9die","description":"La Fondation canadienne d'orthop\u00e9die vient en aide aux patients orthop\u00e9diques, aux professionnels de la sant\u00e9 en orthop\u00e9die, ainsi qu'aux personnes qui se pr\u00e9occupent de leur sant\u00e9 et des questions en mati\u00e8re de sant\u00e9 au sein de la collectivit\u00e9, et ce, \u00e0 l'\u00e9gard de la sant\u00e9 des os et des articulations actuelle et \u00e0 venir.","robots":{"index":"index","follow":"follow","max-snippet":"max-snippet:-1","max-image-preview":"max-image-preview:large","max-video-preview":"max-video-preview:-1"},"canonical":"https:\/\/movepainfree.org\/fr\/about-orthopaedics\/joint-anatomy\/anterior-leg\/","og_locale":"fr_FR","og_type":"article","og_title":"Membre inf\u00e9rieure, vue ant\u00e9rieure - Fondation Canadienne d&#039;Orthop\u00e9die","og_description":"La Fondation canadienne d'orthop\u00e9die vient en aide aux patients orthop\u00e9diques, aux professionnels de la sant\u00e9 en orthop\u00e9die, ainsi qu'aux personnes qui se pr\u00e9occupent de leur sant\u00e9 et des questions en mati\u00e8re de sant\u00e9 au sein de la collectivit\u00e9, et ce, \u00e0 l'\u00e9gard de la sant\u00e9 des os et des articulations actuelle et \u00e0 venir.","og_url":"https:\/\/movepainfree.org\/fr\/about-orthopaedics\/joint-anatomy\/anterior-leg\/","og_site_name":"Fondation Canadienne d&#039;Orthop\u00e9die","article_modified_time":"2015-05-29T19:06:26+00:00","og_image":[{"url":"https:\/\/movepainfree.org\/fr\/wp-content\/uploads\/sites\/3\/leg_ant.jpg","type":"","width":"","height":""}],"twitter_card":"summary_large_image","schema":{"@context":"https:\/\/schema.org","@graph":[{"@type":"WebPage","@id":"https:\/\/movepainfree.org\/fr\/about-orthopaedics\/joint-anatomy\/anterior-leg\/","url":"https:\/\/movepainfree.org\/fr\/about-orthopaedics\/joint-anatomy\/anterior-leg\/","name":"Membre inf\u00e9rieure, vue ant\u00e9rieure - Fondation Canadienne d&#039;Orthop\u00e9die","isPartOf":{"@id":"https:\/\/movepainfree.org\/fr\/#website"},"primaryImageOfPage":{"@id":"https:\/\/movepainfree.org\/fr\/about-orthopaedics\/joint-anatomy\/anterior-leg\/#primaryimage"},"image":{"@id":"https:\/\/movepainfree.org\/fr\/about-orthopaedics\/joint-anatomy\/anterior-leg\/#primaryimage"},"thumbnailUrl":"https:\/\/movepainfree.org\/fr\/wp-content\/uploads\/sites\/3\/leg_ant.jpg","datePublished":"2015-01-20T16:58:21+00:00","dateModified":"2015-05-29T19:06:26+00:00","description":"La Fondation canadienne d'orthop\u00e9die vient en aide aux patients orthop\u00e9diques, aux professionnels de la sant\u00e9 en orthop\u00e9die, ainsi qu'aux personnes qui se pr\u00e9occupent de leur sant\u00e9 et des questions en mati\u00e8re de sant\u00e9 au sein de la collectivit\u00e9, et ce, \u00e0 l'\u00e9gard de la sant\u00e9 des os et des articulations actuelle et \u00e0 venir.","breadcrumb":{"@id":"https:\/\/movepainfree.org\/fr\/about-orthopaedics\/joint-anatomy\/anterior-leg\/#breadcrumb"},"inLanguage":"fr-FR","potentialAction":[{"@type":"ReadAction","target":["https:\/\/movepainfree.org\/fr\/about-orthopaedics\/joint-anatomy\/anterior-leg\/"]}]},{"@type":"ImageObject","inLanguage":"fr-FR","@id":"https:\/\/movepainfree.org\/fr\/about-orthopaedics\/joint-anatomy\/anterior-leg\/#primaryimage","url":"https:\/\/movepainfree.org\/fr\/wp-content\/uploads\/sites\/3\/leg_ant.jpg","contentUrl":"https:\/\/movepainfree.org\/fr\/wp-content\/uploads\/sites\/3\/leg_ant.jpg","width":342,"height":736},{"@type":"BreadcrumbList","@id":"https:\/\/movepainfree.org\/fr\/about-orthopaedics\/joint-anatomy\/anterior-leg\/#breadcrumb","itemListElement":[{"@type":"ListItem","position":1,"name":"Home","item":"https:\/\/movepainfree.org\/fr\/"},{"@type":"ListItem","position":2,"name":"\u00c0 propos des os et articulations","item":"https:\/\/movepainfree.org\/fr\/about-orthopaedics\/"},{"@type":"ListItem","position":3,"name":"Anatomie des articulations","item":"https:\/\/movepainfree.org\/fr\/about-orthopaedics\/joint-anatomy\/"},{"@type":"ListItem","position":4,"name":"Membre inf\u00e9rieure, vue ant\u00e9rieure"}]},{"@type":"WebSite","@id":"https:\/\/movepainfree.org\/fr\/#website","url":"https:\/\/movepainfree.org\/fr\/","name":"Fondation Canadienne d&#039;Orthop\u00e9die","description":"Fund-raising Activities Support Research, Education, Community Care","potentialAction":[{"@type":"SearchAction","target":{"@type":"EntryPoint","urlTemplate":"https:\/\/movepainfree.org\/fr\/?s={search_term_string}"},"query-input":{"@type":"PropertyValueSpecification","valueRequired":true,"valueName":"search_term_string"}}],"inLanguage":"fr-FR"}]}},"_links":{"self":[{"href":"https:\/\/movepainfree.org\/fr\/wp-json\/wp\/v2\/pages\/98","targetHints":{"allow":["GET"]}}],"collection":[{"href":"https:\/\/movepainfree.org\/fr\/wp-json\/wp\/v2\/pages"}],"about":[{"href":"https:\/\/movepainfree.org\/fr\/wp-json\/wp\/v2\/types\/page"}],"author":[{"embeddable":true,"href":"https:\/\/movepainfree.org\/fr\/wp-json\/wp\/v2\/users\/1"}],"replies":[{"embeddable":true,"href":"https:\/\/movepainfree.org\/fr\/wp-json\/wp\/v2\/comments?post=98"}],"version-history":[{"count":3,"href":"https:\/\/movepainfree.org\/fr\/wp-json\/wp\/v2\/pages\/98\/revisions"}],"predecessor-version":[{"id":1246,"href":"https:\/\/movepainfree.org\/fr\/wp-json\/wp\/v2\/pages\/98\/revisions\/1246"}],"up":[{"embeddable":true,"href":"https:\/\/movepainfree.org\/fr\/wp-json\/wp\/v2\/pages\/68"}],"wp:attachment":[{"href":"https:\/\/movepainfree.org\/fr\/wp-json\/wp\/v2\/media?parent=98"}],"curies":[{"name":"wp","href":"https:\/\/api.w.org\/{rel}","templated":true}]}}