{"id":92,"date":"2015-01-20T16:56:22","date_gmt":"2015-01-20T16:56:22","guid":{"rendered":"https:\/\/movepainfree.org\/fr\/?page_id=92"},"modified":"2015-05-29T18:59:48","modified_gmt":"2015-05-29T18:59:48","slug":"anterior-arm","status":"publish","type":"page","link":"https:\/\/movepainfree.org\/fr\/about-orthopaedics\/joint-anatomy\/anterior-arm\/","title":{"rendered":"Membre sup\u00e9rieur, vue ant\u00e9rieure"},"content":{"rendered":"<p><a href=\"https:\/\/movepainfree.org\/fr\/wp-content\/uploads\/sites\/3\/arm_ant.jpg\"><img loading=\"lazy\" decoding=\"async\" width=\"302\" height=\"743\" class=\"alignnone size-full wp-image-93\" src=\"https:\/\/movepainfree.org\/fr\/wp-content\/uploads\/sites\/3\/arm_ant.jpg\" alt=\"arm_ant\" srcset=\"https:\/\/movepainfree.org\/fr\/wp-content\/uploads\/sites\/3\/arm_ant.jpg 302w, https:\/\/movepainfree.org\/fr\/wp-content\/uploads\/sites\/3\/arm_ant-250x615.jpg 250w, https:\/\/movepainfree.org\/fr\/wp-content\/uploads\/sites\/3\/arm_ant-120x295.jpg 120w\" sizes=\"auto, (max-width: 302px) 100vw, 302px\" \/><\/a><\/p>\n<p>L.\u00a0\u00a0 <span id=\"lblContent\">Muscle coraco-brachial<\/span><\/p>\n<p>M.\u00a0\u00a0 <span id=\"lblContent\">Biceps brachial, courte portion<\/span><\/p>\n<p>N.\u00a0\u00a0 <span id=\"lblContent\">Biceps brachial, longue portion<\/span><\/p>\n<p>O.\u00a0\u00a0 <span id=\"lblContent\">Supinateur<\/span><\/p>\n<p>P.\u00a0\u00a0 <span id=\"lblContent\">Muscle fl\u00e9chisseur commun superficiel des doigts<\/span><\/p>\n<p>Q.\u00a0\u00a0 <span id=\"lblContent\">Muscle grand palmaire<\/span><\/p>\n<p>R.\u00a0\u00a0 <span id=\"lblContent\">Muscle petit palmaire<\/span><\/p>\n<p>S.\u00a0\u00a0 <span id=\"lblContent\">Fl\u00e9chisseur superficiel des doigts<\/span><\/p>\n<p>&nbsp;<\/p>\n<p>1.\u00a0\u00a0 <span id=\"lblContent\">Hum\u00e9rus<\/span><\/p>\n<p>2.\u00a0\u00a0 <span id=\"lblContent\">Omoplate<\/span><\/p>\n<p>3.\u00a0\u00a0 Radius<\/p>\n<p>4.\u00a0\u00a0 <span id=\"lblContent\">Cubitus<\/span><\/p>\n<p>5.\u00a0\u00a0 <span id=\"lblContent\">Carpe<\/span><\/p>\n<p>6.\u00a0\u00a0 <span id=\"lblContent\">M\u00e9tacarpiens<\/span><\/p>\n<p>7.\u00a0\u00a0 <span id=\"lblContent\">Phalanges<\/span><\/p>\n","protected":false},"excerpt":{"rendered":"L.\u00a0\u00a0 Muscle coraco-brachial M.\u00a0\u00a0 Biceps brachial, courte portion N.\u00a0\u00a0 Biceps brachial, longue portion O.\u00a0\u00a0 Supinateur P.\u00a0\u00a0 Muscle fl\u00e9chisseur commun superficiel des doigts Q.\u00a0\u00a0 Muscle grand palmaire R.\u00a0\u00a0 Muscle petit palmaire&#8230; <a class=\"view-article\" href=\"https:\/\/movepainfree.org\/fr\/about-orthopaedics\/joint-anatomy\/anterior-arm\/\">View Article<\/a>","protected":false},"author":1,"featured_media":0,"parent":68,"menu_order":80,"comment_status":"closed","ping_status":"closed","template":"","meta":{"footnotes":""},"class_list":["post-92","page","type-page","status-publish","hentry"],"yoast_head":"<!-- This site is optimized with the Yoast SEO plugin v27.0 - https:\/\/yoast.com\/product\/yoast-seo-wordpress\/ -->\n<title>Membre sup\u00e9rieur, vue ant\u00e9rieure - Fondation Canadienne d&#039;Orthop\u00e9die<\/title>\n<meta name=\"description\" content=\"La Fondation canadienne d&#039;orthop\u00e9die vient en aide aux patients orthop\u00e9diques, aux professionnels de la sant\u00e9 en orthop\u00e9die, ainsi qu&#039;aux personnes qui se pr\u00e9occupent de leur sant\u00e9 et des questions en mati\u00e8re de sant\u00e9 au sein de la collectivit\u00e9, et ce, \u00e0 l&#039;\u00e9gard de la sant\u00e9 des os et des articulations actuelle et \u00e0 venir.\" \/>\n<meta name=\"robots\" content=\"index, follow, max-snippet:-1, max-image-preview:large, max-video-preview:-1\" \/>\n<link rel=\"canonical\" href=\"https:\/\/movepainfree.org\/fr\/about-orthopaedics\/joint-anatomy\/anterior-arm\/\" \/>\n<meta property=\"og:locale\" content=\"fr_FR\" \/>\n<meta property=\"og:type\" content=\"article\" \/>\n<meta property=\"og:title\" content=\"Membre sup\u00e9rieur, vue ant\u00e9rieure - Fondation Canadienne d&#039;Orthop\u00e9die\" \/>\n<meta property=\"og:description\" content=\"La Fondation canadienne d&#039;orthop\u00e9die vient en aide aux patients orthop\u00e9diques, aux professionnels de la sant\u00e9 en orthop\u00e9die, ainsi qu&#039;aux personnes qui se pr\u00e9occupent de leur sant\u00e9 et des questions en mati\u00e8re de sant\u00e9 au sein de la collectivit\u00e9, et ce, \u00e0 l&#039;\u00e9gard de la sant\u00e9 des os et des articulations actuelle et \u00e0 venir.\" \/>\n<meta property=\"og:url\" content=\"https:\/\/movepainfree.org\/fr\/about-orthopaedics\/joint-anatomy\/anterior-arm\/\" \/>\n<meta property=\"og:site_name\" content=\"Fondation Canadienne d&#039;Orthop\u00e9die\" \/>\n<meta property=\"article:modified_time\" content=\"2015-05-29T18:59:48+00:00\" \/>\n<meta property=\"og:image\" content=\"https:\/\/movepainfree.org\/fr\/wp-content\/uploads\/sites\/3\/arm_ant.jpg\" \/>\n<meta name=\"twitter:card\" content=\"summary_large_image\" \/>\n<script type=\"application\/ld+json\" class=\"yoast-schema-graph\">{\"@context\":\"https:\/\/schema.org\",\"@graph\":[{\"@type\":\"WebPage\",\"@id\":\"https:\/\/movepainfree.org\/fr\/about-orthopaedics\/joint-anatomy\/anterior-arm\/\",\"url\":\"https:\/\/movepainfree.org\/fr\/about-orthopaedics\/joint-anatomy\/anterior-arm\/\",\"name\":\"Membre sup\u00e9rieur, vue ant\u00e9rieure - Fondation Canadienne d&#039;Orthop\u00e9die\",\"isPartOf\":{\"@id\":\"https:\/\/movepainfree.org\/fr\/#website\"},\"primaryImageOfPage\":{\"@id\":\"https:\/\/movepainfree.org\/fr\/about-orthopaedics\/joint-anatomy\/anterior-arm\/#primaryimage\"},\"image\":{\"@id\":\"https:\/\/movepainfree.org\/fr\/about-orthopaedics\/joint-anatomy\/anterior-arm\/#primaryimage\"},\"thumbnailUrl\":\"https:\/\/movepainfree.org\/fr\/wp-content\/uploads\/sites\/3\/arm_ant.jpg\",\"datePublished\":\"2015-01-20T16:56:22+00:00\",\"dateModified\":\"2015-05-29T18:59:48+00:00\",\"description\":\"La Fondation canadienne d'orthop\u00e9die vient en aide aux patients orthop\u00e9diques, aux professionnels de la sant\u00e9 en orthop\u00e9die, ainsi qu'aux personnes qui se pr\u00e9occupent de leur sant\u00e9 et des questions en mati\u00e8re de sant\u00e9 au sein de la collectivit\u00e9, et ce, \u00e0 l'\u00e9gard de la sant\u00e9 des os et des articulations actuelle et \u00e0 venir.\",\"breadcrumb\":{\"@id\":\"https:\/\/movepainfree.org\/fr\/about-orthopaedics\/joint-anatomy\/anterior-arm\/#breadcrumb\"},\"inLanguage\":\"fr-FR\",\"potentialAction\":[{\"@type\":\"ReadAction\",\"target\":[\"https:\/\/movepainfree.org\/fr\/about-orthopaedics\/joint-anatomy\/anterior-arm\/\"]}]},{\"@type\":\"ImageObject\",\"inLanguage\":\"fr-FR\",\"@id\":\"https:\/\/movepainfree.org\/fr\/about-orthopaedics\/joint-anatomy\/anterior-arm\/#primaryimage\",\"url\":\"https:\/\/movepainfree.org\/fr\/wp-content\/uploads\/sites\/3\/arm_ant.jpg\",\"contentUrl\":\"https:\/\/movepainfree.org\/fr\/wp-content\/uploads\/sites\/3\/arm_ant.jpg\",\"width\":302,\"height\":743},{\"@type\":\"BreadcrumbList\",\"@id\":\"https:\/\/movepainfree.org\/fr\/about-orthopaedics\/joint-anatomy\/anterior-arm\/#breadcrumb\",\"itemListElement\":[{\"@type\":\"ListItem\",\"position\":1,\"name\":\"Home\",\"item\":\"https:\/\/movepainfree.org\/fr\/\"},{\"@type\":\"ListItem\",\"position\":2,\"name\":\"\u00c0 propos des os et articulations\",\"item\":\"https:\/\/movepainfree.org\/fr\/about-orthopaedics\/\"},{\"@type\":\"ListItem\",\"position\":3,\"name\":\"Anatomie des articulations\",\"item\":\"https:\/\/movepainfree.org\/fr\/about-orthopaedics\/joint-anatomy\/\"},{\"@type\":\"ListItem\",\"position\":4,\"name\":\"Membre sup\u00e9rieur, vue ant\u00e9rieure\"}]},{\"@type\":\"WebSite\",\"@id\":\"https:\/\/movepainfree.org\/fr\/#website\",\"url\":\"https:\/\/movepainfree.org\/fr\/\",\"name\":\"Fondation Canadienne d&#039;Orthop\u00e9die\",\"description\":\"Fund-raising Activities Support Research, Education, Community Care\",\"potentialAction\":[{\"@type\":\"SearchAction\",\"target\":{\"@type\":\"EntryPoint\",\"urlTemplate\":\"https:\/\/movepainfree.org\/fr\/?s={search_term_string}\"},\"query-input\":{\"@type\":\"PropertyValueSpecification\",\"valueRequired\":true,\"valueName\":\"search_term_string\"}}],\"inLanguage\":\"fr-FR\"}]}<\/script>\n<!-- \/ Yoast SEO plugin. -->","yoast_head_json":{"title":"Membre sup\u00e9rieur, vue ant\u00e9rieure - Fondation Canadienne d&#039;Orthop\u00e9die","description":"La Fondation canadienne d'orthop\u00e9die vient en aide aux patients orthop\u00e9diques, aux professionnels de la sant\u00e9 en orthop\u00e9die, ainsi qu'aux personnes qui se pr\u00e9occupent de leur sant\u00e9 et des questions en mati\u00e8re de sant\u00e9 au sein de la collectivit\u00e9, et ce, \u00e0 l'\u00e9gard de la sant\u00e9 des os et des articulations actuelle et \u00e0 venir.","robots":{"index":"index","follow":"follow","max-snippet":"max-snippet:-1","max-image-preview":"max-image-preview:large","max-video-preview":"max-video-preview:-1"},"canonical":"https:\/\/movepainfree.org\/fr\/about-orthopaedics\/joint-anatomy\/anterior-arm\/","og_locale":"fr_FR","og_type":"article","og_title":"Membre sup\u00e9rieur, vue ant\u00e9rieure - Fondation Canadienne d&#039;Orthop\u00e9die","og_description":"La Fondation canadienne d'orthop\u00e9die vient en aide aux patients orthop\u00e9diques, aux professionnels de la sant\u00e9 en orthop\u00e9die, ainsi qu'aux personnes qui se pr\u00e9occupent de leur sant\u00e9 et des questions en mati\u00e8re de sant\u00e9 au sein de la collectivit\u00e9, et ce, \u00e0 l'\u00e9gard de la sant\u00e9 des os et des articulations actuelle et \u00e0 venir.","og_url":"https:\/\/movepainfree.org\/fr\/about-orthopaedics\/joint-anatomy\/anterior-arm\/","og_site_name":"Fondation Canadienne d&#039;Orthop\u00e9die","article_modified_time":"2015-05-29T18:59:48+00:00","og_image":[{"url":"https:\/\/movepainfree.org\/fr\/wp-content\/uploads\/sites\/3\/arm_ant.jpg","type":"","width":"","height":""}],"twitter_card":"summary_large_image","schema":{"@context":"https:\/\/schema.org","@graph":[{"@type":"WebPage","@id":"https:\/\/movepainfree.org\/fr\/about-orthopaedics\/joint-anatomy\/anterior-arm\/","url":"https:\/\/movepainfree.org\/fr\/about-orthopaedics\/joint-anatomy\/anterior-arm\/","name":"Membre sup\u00e9rieur, vue ant\u00e9rieure - Fondation Canadienne d&#039;Orthop\u00e9die","isPartOf":{"@id":"https:\/\/movepainfree.org\/fr\/#website"},"primaryImageOfPage":{"@id":"https:\/\/movepainfree.org\/fr\/about-orthopaedics\/joint-anatomy\/anterior-arm\/#primaryimage"},"image":{"@id":"https:\/\/movepainfree.org\/fr\/about-orthopaedics\/joint-anatomy\/anterior-arm\/#primaryimage"},"thumbnailUrl":"https:\/\/movepainfree.org\/fr\/wp-content\/uploads\/sites\/3\/arm_ant.jpg","datePublished":"2015-01-20T16:56:22+00:00","dateModified":"2015-05-29T18:59:48+00:00","description":"La Fondation canadienne d'orthop\u00e9die vient en aide aux patients orthop\u00e9diques, aux professionnels de la sant\u00e9 en orthop\u00e9die, ainsi qu'aux personnes qui se pr\u00e9occupent de leur sant\u00e9 et des questions en mati\u00e8re de sant\u00e9 au sein de la collectivit\u00e9, et ce, \u00e0 l'\u00e9gard de la sant\u00e9 des os et des articulations actuelle et \u00e0 venir.","breadcrumb":{"@id":"https:\/\/movepainfree.org\/fr\/about-orthopaedics\/joint-anatomy\/anterior-arm\/#breadcrumb"},"inLanguage":"fr-FR","potentialAction":[{"@type":"ReadAction","target":["https:\/\/movepainfree.org\/fr\/about-orthopaedics\/joint-anatomy\/anterior-arm\/"]}]},{"@type":"ImageObject","inLanguage":"fr-FR","@id":"https:\/\/movepainfree.org\/fr\/about-orthopaedics\/joint-anatomy\/anterior-arm\/#primaryimage","url":"https:\/\/movepainfree.org\/fr\/wp-content\/uploads\/sites\/3\/arm_ant.jpg","contentUrl":"https:\/\/movepainfree.org\/fr\/wp-content\/uploads\/sites\/3\/arm_ant.jpg","width":302,"height":743},{"@type":"BreadcrumbList","@id":"https:\/\/movepainfree.org\/fr\/about-orthopaedics\/joint-anatomy\/anterior-arm\/#breadcrumb","itemListElement":[{"@type":"ListItem","position":1,"name":"Home","item":"https:\/\/movepainfree.org\/fr\/"},{"@type":"ListItem","position":2,"name":"\u00c0 propos des os et articulations","item":"https:\/\/movepainfree.org\/fr\/about-orthopaedics\/"},{"@type":"ListItem","position":3,"name":"Anatomie des articulations","item":"https:\/\/movepainfree.org\/fr\/about-orthopaedics\/joint-anatomy\/"},{"@type":"ListItem","position":4,"name":"Membre sup\u00e9rieur, vue ant\u00e9rieure"}]},{"@type":"WebSite","@id":"https:\/\/movepainfree.org\/fr\/#website","url":"https:\/\/movepainfree.org\/fr\/","name":"Fondation Canadienne d&#039;Orthop\u00e9die","description":"Fund-raising Activities Support Research, Education, Community Care","potentialAction":[{"@type":"SearchAction","target":{"@type":"EntryPoint","urlTemplate":"https:\/\/movepainfree.org\/fr\/?s={search_term_string}"},"query-input":{"@type":"PropertyValueSpecification","valueRequired":true,"valueName":"search_term_string"}}],"inLanguage":"fr-FR"}]}},"_links":{"self":[{"href":"https:\/\/movepainfree.org\/fr\/wp-json\/wp\/v2\/pages\/92","targetHints":{"allow":["GET"]}}],"collection":[{"href":"https:\/\/movepainfree.org\/fr\/wp-json\/wp\/v2\/pages"}],"about":[{"href":"https:\/\/movepainfree.org\/fr\/wp-json\/wp\/v2\/types\/page"}],"author":[{"embeddable":true,"href":"https:\/\/movepainfree.org\/fr\/wp-json\/wp\/v2\/users\/1"}],"replies":[{"embeddable":true,"href":"https:\/\/movepainfree.org\/fr\/wp-json\/wp\/v2\/comments?post=92"}],"version-history":[{"count":3,"href":"https:\/\/movepainfree.org\/fr\/wp-json\/wp\/v2\/pages\/92\/revisions"}],"predecessor-version":[{"id":1242,"href":"https:\/\/movepainfree.org\/fr\/wp-json\/wp\/v2\/pages\/92\/revisions\/1242"}],"up":[{"embeddable":true,"href":"https:\/\/movepainfree.org\/fr\/wp-json\/wp\/v2\/pages\/68"}],"wp:attachment":[{"href":"https:\/\/movepainfree.org\/fr\/wp-json\/wp\/v2\/media?parent=92"}],"curies":[{"name":"wp","href":"https:\/\/api.w.org\/{rel}","templated":true}]}}