{"id":912,"date":"2015-05-20T22:27:30","date_gmt":"2015-05-20T22:27:30","guid":{"rendered":"https:\/\/movepainfree.org\/fr\/?page_id=912"},"modified":"2024-07-24T20:37:16","modified_gmt":"2024-07-24T20:37:16","slug":"j-edouard-samson-award","status":"publish","type":"page","link":"https:\/\/movepainfree.org\/fr\/grants-and-research\/j-edouard-samson-award\/","title":{"rendered":"Prix J.-\u00c9douard-Samson"},"content":{"rendered":"<p>Principal prix canadien en recherche orthop\u00e9dique, le Prix J.\u2011\u00c9douard-Samson reconna\u00eet la meilleure recherche en orthop\u00e9die men\u00e9e sur une p\u00e9riode d\u2019au moins cinq\u00a0(5)\u00a0ans dans un centre canadien. Ce prix d\u2019une valeur de trente mille dollars (30 000 $) a pour but d\u2019aider le chercheur \u00e0 pousser ses recherches. Le laur\u00e9at pr\u00e9sente les conclusions de ses recherches \u00e0 la R\u00e9union annuelle de l\u2019Association Canadienne d\u2019Orthop\u00e9die\u00a0(ACO) [type de pr\u00e9sentation \u00e0 d\u00e9terminer]. Le Prix consiste en une subvention \u00e0 l\u2019\u00e9ducation et une bourse de recherche que le laur\u00e9at peut utiliser dans l\u2019\u00e9tablissement canadien o\u00f9 il \u0153uvre.<\/p>\n<p><em>Nous n\u2019acceptons plus de soumissions. <\/em><em>Le prochain appel de candidatures sera lanc\u00e9 au printemps 2025.<\/em><\/p>\n<p>Consultez la liste des <a title=\"Previous Grant and Award Recipients\" href=\"https:\/\/movepainfree.org\/fr\/grants-and-research\/previous-grant-and-award-recipients\/\">laur\u00e9ats<\/a> de ce prix prestigieux.<\/p>\n\n\n<p><\/p>\n","protected":false},"excerpt":{"rendered":"Principal prix canadien en recherche orthop\u00e9dique, le Prix J.\u2011\u00c9douard-Samson reconna\u00eet la meilleure recherche en orthop\u00e9die men\u00e9e sur une p\u00e9riode d\u2019au moins cinq\u00a0(5)\u00a0ans dans un centre canadien. Ce prix d\u2019une valeur&#8230; <a class=\"view-article\" href=\"https:\/\/movepainfree.org\/fr\/grants-and-research\/j-edouard-samson-award\/\">View Article<\/a>","protected":false},"author":1,"featured_media":0,"parent":39,"menu_order":0,"comment_status":"closed","ping_status":"closed","template":"","meta":{"footnotes":""},"class_list":["post-912","page","type-page","status-publish","hentry"],"yoast_head":"<!-- This site is optimized with the Yoast SEO plugin v27.0 - https:\/\/yoast.com\/product\/yoast-seo-wordpress\/ -->\n<title>Prix J.-\u00c9douard-Samson - Fondation Canadienne d&#039;Orthop\u00e9die<\/title>\n<meta name=\"description\" content=\"La Fondation canadienne d&#039;orthop\u00e9die vient en aide aux patients orthop\u00e9diques, aux professionnels de la sant\u00e9 en orthop\u00e9die, ainsi qu&#039;aux personnes qui se pr\u00e9occupent de leur sant\u00e9 et des questions en mati\u00e8re de sant\u00e9 au sein de la collectivit\u00e9, et ce, \u00e0 l&#039;\u00e9gard de la sant\u00e9 des os et des articulations actuelle et \u00e0 venir.\" \/>\n<meta name=\"robots\" content=\"index, follow, max-snippet:-1, max-image-preview:large, max-video-preview:-1\" \/>\n<link rel=\"canonical\" href=\"https:\/\/movepainfree.org\/fr\/grants-and-research\/j-edouard-samson-award\/\" \/>\n<meta property=\"og:locale\" content=\"fr_FR\" \/>\n<meta property=\"og:type\" content=\"article\" \/>\n<meta property=\"og:title\" content=\"Prix J.-\u00c9douard-Samson - Fondation Canadienne d&#039;Orthop\u00e9die\" \/>\n<meta property=\"og:description\" content=\"La Fondation canadienne d&#039;orthop\u00e9die vient en aide aux patients orthop\u00e9diques, aux professionnels de la sant\u00e9 en orthop\u00e9die, ainsi qu&#039;aux personnes qui se pr\u00e9occupent de leur sant\u00e9 et des questions en mati\u00e8re de sant\u00e9 au sein de la collectivit\u00e9, et ce, \u00e0 l&#039;\u00e9gard de la sant\u00e9 des os et des articulations actuelle et \u00e0 venir.\" \/>\n<meta property=\"og:url\" content=\"https:\/\/movepainfree.org\/fr\/grants-and-research\/j-edouard-samson-award\/\" \/>\n<meta property=\"og:site_name\" content=\"Fondation Canadienne d&#039;Orthop\u00e9die\" \/>\n<meta property=\"article:modified_time\" content=\"2024-07-24T20:37:16+00:00\" \/>\n<meta name=\"twitter:card\" content=\"summary_large_image\" \/>\n<meta name=\"twitter:label1\" content=\"Dur\u00e9e de lecture estim\u00e9e\" \/>\n\t<meta name=\"twitter:data1\" content=\"1 minute\" \/>\n<script type=\"application\/ld+json\" class=\"yoast-schema-graph\">{\"@context\":\"https:\/\/schema.org\",\"@graph\":[{\"@type\":\"WebPage\",\"@id\":\"https:\/\/movepainfree.org\/fr\/grants-and-research\/j-edouard-samson-award\/\",\"url\":\"https:\/\/movepainfree.org\/fr\/grants-and-research\/j-edouard-samson-award\/\",\"name\":\"Prix J.-\u00c9douard-Samson - Fondation Canadienne d&#039;Orthop\u00e9die\",\"isPartOf\":{\"@id\":\"https:\/\/movepainfree.org\/fr\/#website\"},\"datePublished\":\"2015-05-20T22:27:30+00:00\",\"dateModified\":\"2024-07-24T20:37:16+00:00\",\"description\":\"La Fondation canadienne d'orthop\u00e9die vient en aide aux patients orthop\u00e9diques, aux professionnels de la sant\u00e9 en orthop\u00e9die, ainsi qu'aux personnes qui se pr\u00e9occupent de leur sant\u00e9 et des questions en mati\u00e8re de sant\u00e9 au sein de la collectivit\u00e9, et ce, \u00e0 l'\u00e9gard de la sant\u00e9 des os et des articulations actuelle et \u00e0 venir.\",\"breadcrumb\":{\"@id\":\"https:\/\/movepainfree.org\/fr\/grants-and-research\/j-edouard-samson-award\/#breadcrumb\"},\"inLanguage\":\"fr-FR\",\"potentialAction\":[{\"@type\":\"ReadAction\",\"target\":[\"https:\/\/movepainfree.org\/fr\/grants-and-research\/j-edouard-samson-award\/\"]}]},{\"@type\":\"BreadcrumbList\",\"@id\":\"https:\/\/movepainfree.org\/fr\/grants-and-research\/j-edouard-samson-award\/#breadcrumb\",\"itemListElement\":[{\"@type\":\"ListItem\",\"position\":1,\"name\":\"Home\",\"item\":\"https:\/\/movepainfree.org\/fr\/\"},{\"@type\":\"ListItem\",\"position\":2,\"name\":\"Recherche\",\"item\":\"https:\/\/movepainfree.org\/fr\/grants-and-research\/\"},{\"@type\":\"ListItem\",\"position\":3,\"name\":\"Prix J.-\u00c9douard-Samson\"}]},{\"@type\":\"WebSite\",\"@id\":\"https:\/\/movepainfree.org\/fr\/#website\",\"url\":\"https:\/\/movepainfree.org\/fr\/\",\"name\":\"Fondation Canadienne d&#039;Orthop\u00e9die\",\"description\":\"Fund-raising Activities Support Research, Education, Community Care\",\"potentialAction\":[{\"@type\":\"SearchAction\",\"target\":{\"@type\":\"EntryPoint\",\"urlTemplate\":\"https:\/\/movepainfree.org\/fr\/?s={search_term_string}\"},\"query-input\":{\"@type\":\"PropertyValueSpecification\",\"valueRequired\":true,\"valueName\":\"search_term_string\"}}],\"inLanguage\":\"fr-FR\"}]}<\/script>\n<!-- \/ Yoast SEO plugin. -->","yoast_head_json":{"title":"Prix J.-\u00c9douard-Samson - Fondation Canadienne d&#039;Orthop\u00e9die","description":"La Fondation canadienne d'orthop\u00e9die vient en aide aux patients orthop\u00e9diques, aux professionnels de la sant\u00e9 en orthop\u00e9die, ainsi qu'aux personnes qui se pr\u00e9occupent de leur sant\u00e9 et des questions en mati\u00e8re de sant\u00e9 au sein de la collectivit\u00e9, et ce, \u00e0 l'\u00e9gard de la sant\u00e9 des os et des articulations actuelle et \u00e0 venir.","robots":{"index":"index","follow":"follow","max-snippet":"max-snippet:-1","max-image-preview":"max-image-preview:large","max-video-preview":"max-video-preview:-1"},"canonical":"https:\/\/movepainfree.org\/fr\/grants-and-research\/j-edouard-samson-award\/","og_locale":"fr_FR","og_type":"article","og_title":"Prix J.-\u00c9douard-Samson - Fondation Canadienne d&#039;Orthop\u00e9die","og_description":"La Fondation canadienne d'orthop\u00e9die vient en aide aux patients orthop\u00e9diques, aux professionnels de la sant\u00e9 en orthop\u00e9die, ainsi qu'aux personnes qui se pr\u00e9occupent de leur sant\u00e9 et des questions en mati\u00e8re de sant\u00e9 au sein de la collectivit\u00e9, et ce, \u00e0 l'\u00e9gard de la sant\u00e9 des os et des articulations actuelle et \u00e0 venir.","og_url":"https:\/\/movepainfree.org\/fr\/grants-and-research\/j-edouard-samson-award\/","og_site_name":"Fondation Canadienne d&#039;Orthop\u00e9die","article_modified_time":"2024-07-24T20:37:16+00:00","twitter_card":"summary_large_image","twitter_misc":{"Dur\u00e9e de lecture estim\u00e9e":"1 minute"},"schema":{"@context":"https:\/\/schema.org","@graph":[{"@type":"WebPage","@id":"https:\/\/movepainfree.org\/fr\/grants-and-research\/j-edouard-samson-award\/","url":"https:\/\/movepainfree.org\/fr\/grants-and-research\/j-edouard-samson-award\/","name":"Prix J.-\u00c9douard-Samson - Fondation Canadienne d&#039;Orthop\u00e9die","isPartOf":{"@id":"https:\/\/movepainfree.org\/fr\/#website"},"datePublished":"2015-05-20T22:27:30+00:00","dateModified":"2024-07-24T20:37:16+00:00","description":"La Fondation canadienne d'orthop\u00e9die vient en aide aux patients orthop\u00e9diques, aux professionnels de la sant\u00e9 en orthop\u00e9die, ainsi qu'aux personnes qui se pr\u00e9occupent de leur sant\u00e9 et des questions en mati\u00e8re de sant\u00e9 au sein de la collectivit\u00e9, et ce, \u00e0 l'\u00e9gard de la sant\u00e9 des os et des articulations actuelle et \u00e0 venir.","breadcrumb":{"@id":"https:\/\/movepainfree.org\/fr\/grants-and-research\/j-edouard-samson-award\/#breadcrumb"},"inLanguage":"fr-FR","potentialAction":[{"@type":"ReadAction","target":["https:\/\/movepainfree.org\/fr\/grants-and-research\/j-edouard-samson-award\/"]}]},{"@type":"BreadcrumbList","@id":"https:\/\/movepainfree.org\/fr\/grants-and-research\/j-edouard-samson-award\/#breadcrumb","itemListElement":[{"@type":"ListItem","position":1,"name":"Home","item":"https:\/\/movepainfree.org\/fr\/"},{"@type":"ListItem","position":2,"name":"Recherche","item":"https:\/\/movepainfree.org\/fr\/grants-and-research\/"},{"@type":"ListItem","position":3,"name":"Prix J.-\u00c9douard-Samson"}]},{"@type":"WebSite","@id":"https:\/\/movepainfree.org\/fr\/#website","url":"https:\/\/movepainfree.org\/fr\/","name":"Fondation Canadienne d&#039;Orthop\u00e9die","description":"Fund-raising Activities Support Research, Education, Community Care","potentialAction":[{"@type":"SearchAction","target":{"@type":"EntryPoint","urlTemplate":"https:\/\/movepainfree.org\/fr\/?s={search_term_string}"},"query-input":{"@type":"PropertyValueSpecification","valueRequired":true,"valueName":"search_term_string"}}],"inLanguage":"fr-FR"}]}},"_links":{"self":[{"href":"https:\/\/movepainfree.org\/fr\/wp-json\/wp\/v2\/pages\/912","targetHints":{"allow":["GET"]}}],"collection":[{"href":"https:\/\/movepainfree.org\/fr\/wp-json\/wp\/v2\/pages"}],"about":[{"href":"https:\/\/movepainfree.org\/fr\/wp-json\/wp\/v2\/types\/page"}],"author":[{"embeddable":true,"href":"https:\/\/movepainfree.org\/fr\/wp-json\/wp\/v2\/users\/1"}],"replies":[{"embeddable":true,"href":"https:\/\/movepainfree.org\/fr\/wp-json\/wp\/v2\/comments?post=912"}],"version-history":[{"count":36,"href":"https:\/\/movepainfree.org\/fr\/wp-json\/wp\/v2\/pages\/912\/revisions"}],"predecessor-version":[{"id":4586,"href":"https:\/\/movepainfree.org\/fr\/wp-json\/wp\/v2\/pages\/912\/revisions\/4586"}],"up":[{"embeddable":true,"href":"https:\/\/movepainfree.org\/fr\/wp-json\/wp\/v2\/pages\/39"}],"wp:attachment":[{"href":"https:\/\/movepainfree.org\/fr\/wp-json\/wp\/v2\/media?parent=912"}],"curies":[{"name":"wp","href":"https:\/\/api.w.org\/{rel}","templated":true}]}}