{"id":903,"date":"2015-05-20T22:07:09","date_gmt":"2015-05-20T22:07:09","guid":{"rendered":"https:\/\/movepainfree.org\/fr\/?page_id=903"},"modified":"2017-09-21T19:39:46","modified_gmt":"2017-09-21T19:39:46","slug":"become-a-corporate-supporter","status":"publish","type":"page","link":"https:\/\/movepainfree.org\/fr\/ways-to-give-get-involved\/become-a-corporate-supporter\/","title":{"rendered":"Devenir un partenaire commercial"},"content":{"rendered":"<p>La Fondation Canadienne d\u2019Orthop\u00e9die est reconnaissante de tout le soutien financier et en nature des entreprises qui ont sa mission \u00e0 c\u0153ur. En collaboration avec nos partenaires commerciaux, nous travaillons \u00e0 l\u2019am\u00e9lioration de la sant\u00e9 des os et des articulations de la population canadienne afin de favoriser des collectivit\u00e9s en sant\u00e9 partout au pays.<\/p>\n<h2>Dons et commandites d&rsquo;entreprises<\/h2>\n<p>Les possibilit\u00e9s de commandites en argent et en nature comprennent entre autres des activit\u00e9s de collecte de fonds de grande visibilit\u00e9 aupr\u00e8s d\u2019un large \u00e9ventail de communaut\u00e9s \u00e0 l\u2019\u00e9chelle nationale, provinciale et locale. Votre entreprise peut aussi soutenir un programme ou un domaine de sensibilisation qui correspond \u00e0 ses int\u00e9r\u00eats.<\/p>\n<h2>Dons d&#8217;employ\u00e9s, activit\u00e9s de collecte de fonds et programmes de sant\u00e9 et mieux-\u00eatre<\/h2>\n<p>Vos employ\u00e9s peuvent soutenir le travail de la Fondation de bien des fa\u00e7ons afin d\u2019aider les gens \u00e0 renforcer, maintenir ou retrouver la sant\u00e9 de leurs os et articulations, que ce soit par des retenues \u00e0 la source, des activit\u00e9s de collecte de fonds ou du b\u00e9n\u00e9volat, par exemple. Faire participer vos employ\u00e9s est une excellente fa\u00e7on de favoriser la sant\u00e9 des os et des articulations et de stimuler l\u2019esprit d\u2019\u00e9quipe.<\/p>\n<p><a href=\"https:\/\/movepainfree.org\/fr\/nos-genereux-donateurs\/\" target=\"_blank\">Merci \u00e0 tous nos partenaires<\/a>.<\/p>\n<p>Si vous souhaitez devenir un partenaire commercial de la Fondation, <a href=\"mailto:giving@canorth.org\">communiquez avec nous<\/a>.<\/p>\n","protected":false},"excerpt":{"rendered":"La Fondation Canadienne d\u2019Orthop\u00e9die est reconnaissante de tout le soutien financier et en nature des entreprises qui ont sa mission \u00e0 c\u0153ur. En collaboration avec nos partenaires commerciaux, nous travaillons&#8230; <a class=\"view-article\" href=\"https:\/\/movepainfree.org\/fr\/ways-to-give-get-involved\/become-a-corporate-supporter\/\">View Article<\/a>","protected":false},"author":1,"featured_media":0,"parent":41,"menu_order":0,"comment_status":"closed","ping_status":"closed","template":"","meta":{"footnotes":""},"class_list":["post-903","page","type-page","status-publish","hentry"],"yoast_head":"<!-- This site is optimized with the Yoast SEO plugin v27.0 - https:\/\/yoast.com\/product\/yoast-seo-wordpress\/ -->\n<title>Devenir un partenaire commercial - Fondation Canadienne d&#039;Orthop\u00e9die<\/title>\n<meta name=\"description\" content=\"La Fondation canadienne d&#039;orthop\u00e9die vient en aide aux patients orthop\u00e9diques, aux professionnels de la sant\u00e9 en orthop\u00e9die, ainsi qu&#039;aux personnes qui se pr\u00e9occupent de leur sant\u00e9 et des questions en mati\u00e8re de sant\u00e9 au sein de la collectivit\u00e9, et ce, \u00e0 l&#039;\u00e9gard de la sant\u00e9 des os et des articulations actuelle et \u00e0 venir.\" \/>\n<meta name=\"robots\" content=\"index, follow, max-snippet:-1, max-image-preview:large, max-video-preview:-1\" \/>\n<link rel=\"canonical\" href=\"https:\/\/movepainfree.org\/fr\/ways-to-give-get-involved\/become-a-corporate-supporter\/\" \/>\n<meta property=\"og:locale\" content=\"fr_FR\" \/>\n<meta property=\"og:type\" content=\"article\" \/>\n<meta property=\"og:title\" content=\"Devenir un partenaire commercial - Fondation Canadienne d&#039;Orthop\u00e9die\" \/>\n<meta property=\"og:description\" content=\"La Fondation canadienne d&#039;orthop\u00e9die vient en aide aux patients orthop\u00e9diques, aux professionnels de la sant\u00e9 en orthop\u00e9die, ainsi qu&#039;aux personnes qui se pr\u00e9occupent de leur sant\u00e9 et des questions en mati\u00e8re de sant\u00e9 au sein de la collectivit\u00e9, et ce, \u00e0 l&#039;\u00e9gard de la sant\u00e9 des os et des articulations actuelle et \u00e0 venir.\" \/>\n<meta property=\"og:url\" content=\"https:\/\/movepainfree.org\/fr\/ways-to-give-get-involved\/become-a-corporate-supporter\/\" \/>\n<meta property=\"og:site_name\" content=\"Fondation Canadienne d&#039;Orthop\u00e9die\" \/>\n<meta property=\"article:modified_time\" content=\"2017-09-21T19:39:46+00:00\" \/>\n<meta name=\"twitter:card\" content=\"summary_large_image\" \/>\n<meta name=\"twitter:label1\" content=\"Dur\u00e9e de lecture estim\u00e9e\" \/>\n\t<meta name=\"twitter:data1\" content=\"1 minute\" \/>\n<script type=\"application\/ld+json\" class=\"yoast-schema-graph\">{\"@context\":\"https:\/\/schema.org\",\"@graph\":[{\"@type\":\"WebPage\",\"@id\":\"https:\/\/movepainfree.org\/fr\/ways-to-give-get-involved\/become-a-corporate-supporter\/\",\"url\":\"https:\/\/movepainfree.org\/fr\/ways-to-give-get-involved\/become-a-corporate-supporter\/\",\"name\":\"Devenir un partenaire commercial - Fondation Canadienne d&#039;Orthop\u00e9die\",\"isPartOf\":{\"@id\":\"https:\/\/movepainfree.org\/fr\/#website\"},\"datePublished\":\"2015-05-20T22:07:09+00:00\",\"dateModified\":\"2017-09-21T19:39:46+00:00\",\"description\":\"La Fondation canadienne d'orthop\u00e9die vient en aide aux patients orthop\u00e9diques, aux professionnels de la sant\u00e9 en orthop\u00e9die, ainsi qu'aux personnes qui se pr\u00e9occupent de leur sant\u00e9 et des questions en mati\u00e8re de sant\u00e9 au sein de la collectivit\u00e9, et ce, \u00e0 l'\u00e9gard de la sant\u00e9 des os et des articulations actuelle et \u00e0 venir.\",\"breadcrumb\":{\"@id\":\"https:\/\/movepainfree.org\/fr\/ways-to-give-get-involved\/become-a-corporate-supporter\/#breadcrumb\"},\"inLanguage\":\"fr-FR\",\"potentialAction\":[{\"@type\":\"ReadAction\",\"target\":[\"https:\/\/movepainfree.org\/fr\/ways-to-give-get-involved\/become-a-corporate-supporter\/\"]}]},{\"@type\":\"BreadcrumbList\",\"@id\":\"https:\/\/movepainfree.org\/fr\/ways-to-give-get-involved\/become-a-corporate-supporter\/#breadcrumb\",\"itemListElement\":[{\"@type\":\"ListItem\",\"position\":1,\"name\":\"Home\",\"item\":\"https:\/\/movepainfree.org\/fr\/\"},{\"@type\":\"ListItem\",\"position\":2,\"name\":\"Comment faire un don?\",\"item\":\"https:\/\/movepainfree.org\/fr\/ways-to-give-get-involved\/\"},{\"@type\":\"ListItem\",\"position\":3,\"name\":\"Devenir un partenaire commercial\"}]},{\"@type\":\"WebSite\",\"@id\":\"https:\/\/movepainfree.org\/fr\/#website\",\"url\":\"https:\/\/movepainfree.org\/fr\/\",\"name\":\"Fondation Canadienne d&#039;Orthop\u00e9die\",\"description\":\"Fund-raising Activities Support Research, Education, Community Care\",\"potentialAction\":[{\"@type\":\"SearchAction\",\"target\":{\"@type\":\"EntryPoint\",\"urlTemplate\":\"https:\/\/movepainfree.org\/fr\/?s={search_term_string}\"},\"query-input\":{\"@type\":\"PropertyValueSpecification\",\"valueRequired\":true,\"valueName\":\"search_term_string\"}}],\"inLanguage\":\"fr-FR\"}]}<\/script>\n<!-- \/ Yoast SEO plugin. -->","yoast_head_json":{"title":"Devenir un partenaire commercial - Fondation Canadienne d&#039;Orthop\u00e9die","description":"La Fondation canadienne d'orthop\u00e9die vient en aide aux patients orthop\u00e9diques, aux professionnels de la sant\u00e9 en orthop\u00e9die, ainsi qu'aux personnes qui se pr\u00e9occupent de leur sant\u00e9 et des questions en mati\u00e8re de sant\u00e9 au sein de la collectivit\u00e9, et ce, \u00e0 l'\u00e9gard de la sant\u00e9 des os et des articulations actuelle et \u00e0 venir.","robots":{"index":"index","follow":"follow","max-snippet":"max-snippet:-1","max-image-preview":"max-image-preview:large","max-video-preview":"max-video-preview:-1"},"canonical":"https:\/\/movepainfree.org\/fr\/ways-to-give-get-involved\/become-a-corporate-supporter\/","og_locale":"fr_FR","og_type":"article","og_title":"Devenir un partenaire commercial - Fondation Canadienne d&#039;Orthop\u00e9die","og_description":"La Fondation canadienne d'orthop\u00e9die vient en aide aux patients orthop\u00e9diques, aux professionnels de la sant\u00e9 en orthop\u00e9die, ainsi qu'aux personnes qui se pr\u00e9occupent de leur sant\u00e9 et des questions en mati\u00e8re de sant\u00e9 au sein de la collectivit\u00e9, et ce, \u00e0 l'\u00e9gard de la sant\u00e9 des os et des articulations actuelle et \u00e0 venir.","og_url":"https:\/\/movepainfree.org\/fr\/ways-to-give-get-involved\/become-a-corporate-supporter\/","og_site_name":"Fondation Canadienne d&#039;Orthop\u00e9die","article_modified_time":"2017-09-21T19:39:46+00:00","twitter_card":"summary_large_image","twitter_misc":{"Dur\u00e9e de lecture estim\u00e9e":"1 minute"},"schema":{"@context":"https:\/\/schema.org","@graph":[{"@type":"WebPage","@id":"https:\/\/movepainfree.org\/fr\/ways-to-give-get-involved\/become-a-corporate-supporter\/","url":"https:\/\/movepainfree.org\/fr\/ways-to-give-get-involved\/become-a-corporate-supporter\/","name":"Devenir un partenaire commercial - Fondation Canadienne d&#039;Orthop\u00e9die","isPartOf":{"@id":"https:\/\/movepainfree.org\/fr\/#website"},"datePublished":"2015-05-20T22:07:09+00:00","dateModified":"2017-09-21T19:39:46+00:00","description":"La Fondation canadienne d'orthop\u00e9die vient en aide aux patients orthop\u00e9diques, aux professionnels de la sant\u00e9 en orthop\u00e9die, ainsi qu'aux personnes qui se pr\u00e9occupent de leur sant\u00e9 et des questions en mati\u00e8re de sant\u00e9 au sein de la collectivit\u00e9, et ce, \u00e0 l'\u00e9gard de la sant\u00e9 des os et des articulations actuelle et \u00e0 venir.","breadcrumb":{"@id":"https:\/\/movepainfree.org\/fr\/ways-to-give-get-involved\/become-a-corporate-supporter\/#breadcrumb"},"inLanguage":"fr-FR","potentialAction":[{"@type":"ReadAction","target":["https:\/\/movepainfree.org\/fr\/ways-to-give-get-involved\/become-a-corporate-supporter\/"]}]},{"@type":"BreadcrumbList","@id":"https:\/\/movepainfree.org\/fr\/ways-to-give-get-involved\/become-a-corporate-supporter\/#breadcrumb","itemListElement":[{"@type":"ListItem","position":1,"name":"Home","item":"https:\/\/movepainfree.org\/fr\/"},{"@type":"ListItem","position":2,"name":"Comment faire un don?","item":"https:\/\/movepainfree.org\/fr\/ways-to-give-get-involved\/"},{"@type":"ListItem","position":3,"name":"Devenir un partenaire commercial"}]},{"@type":"WebSite","@id":"https:\/\/movepainfree.org\/fr\/#website","url":"https:\/\/movepainfree.org\/fr\/","name":"Fondation Canadienne d&#039;Orthop\u00e9die","description":"Fund-raising Activities Support Research, Education, Community Care","potentialAction":[{"@type":"SearchAction","target":{"@type":"EntryPoint","urlTemplate":"https:\/\/movepainfree.org\/fr\/?s={search_term_string}"},"query-input":{"@type":"PropertyValueSpecification","valueRequired":true,"valueName":"search_term_string"}}],"inLanguage":"fr-FR"}]}},"_links":{"self":[{"href":"https:\/\/movepainfree.org\/fr\/wp-json\/wp\/v2\/pages\/903","targetHints":{"allow":["GET"]}}],"collection":[{"href":"https:\/\/movepainfree.org\/fr\/wp-json\/wp\/v2\/pages"}],"about":[{"href":"https:\/\/movepainfree.org\/fr\/wp-json\/wp\/v2\/types\/page"}],"author":[{"embeddable":true,"href":"https:\/\/movepainfree.org\/fr\/wp-json\/wp\/v2\/users\/1"}],"replies":[{"embeddable":true,"href":"https:\/\/movepainfree.org\/fr\/wp-json\/wp\/v2\/comments?post=903"}],"version-history":[{"count":6,"href":"https:\/\/movepainfree.org\/fr\/wp-json\/wp\/v2\/pages\/903\/revisions"}],"predecessor-version":[{"id":2577,"href":"https:\/\/movepainfree.org\/fr\/wp-json\/wp\/v2\/pages\/903\/revisions\/2577"}],"up":[{"embeddable":true,"href":"https:\/\/movepainfree.org\/fr\/wp-json\/wp\/v2\/pages\/41"}],"wp:attachment":[{"href":"https:\/\/movepainfree.org\/fr\/wp-json\/wp\/v2\/media?parent=903"}],"curies":[{"name":"wp","href":"https:\/\/api.w.org\/{rel}","templated":true}]}}