{"id":85,"date":"2015-01-20T16:50:26","date_gmt":"2015-01-20T16:50:26","guid":{"rendered":"https:\/\/movepainfree.org\/fr\/?page_id=85"},"modified":"2020-04-20T18:35:16","modified_gmt":"2020-04-20T18:35:16","slug":"knee","status":"publish","type":"page","link":"https:\/\/movepainfree.org\/fr\/about-orthopaedics\/joint-anatomy\/knee\/","title":{"rendered":"Genou"},"content":{"rendered":"<div>Le genou, situ\u00e9 \u00e0 la jonction du f\u00e9 mur (cuisse) et du tibia (jambe) est sans doute l&rsquo;articulation porteuse la plus grosse et la plus complexe du corps humain. Lorsque le genou est sain, l&rsquo;articulation bouge ais\u00e9 ment, car elle est couverte d&rsquo;une mati\u00e8 re \u00e9 lastique blanche appel\u00e9 e \u00a0\u00bb cartilage \u00a0\u00bb et activ\u00e9 e par de gros muscles.<\/div>\n<p>Le cartilage est une couche de tissus lisses et mous. Il couvre les points de contact des trois os formant le genou : la rotule (ou patella), le f\u00e9 mur et le tibia. Un cartilage sain absorbe les stress et permet au genou de glisser facilement.<\/p>\n<p>Le m\u00e9 nisque a la forme d&rsquo;un croissant et accueille les condyles, saillies arrondies au bout du f\u00e9 mur. Il absorbe les chocs en r\u00e9 partissant les forces de compression.<\/p>\n<p>Les ligaments lat\u00e9 raux et crois\u00e9 s constituent un autre type de tissus mous. Ce sont eux qui retiennent les os de l&rsquo;articulation ensemble et en assurent la stabilit\u00e9 dans tous les sens.<\/p>\n<p>Les muscles permettent au genou et \u00e0 la jambe de bouger.<\/p>\n<p>Les tendons ont quant \u00e0 eux pour fonction de relier les muscles aux os.<\/p>\n<p><img loading=\"lazy\" decoding=\"async\" width=\"375\" height=\"175\" class=\"alignnone size-full wp-image-1234\" src=\"https:\/\/movepainfree.org\/fr\/wp-content\/uploads\/sites\/3\/knee_web_MD1.jpg\" alt=\"knee_web_MD\" srcset=\"https:\/\/movepainfree.org\/fr\/wp-content\/uploads\/sites\/3\/knee_web_MD1.jpg 375w, https:\/\/movepainfree.org\/fr\/wp-content\/uploads\/sites\/3\/knee_web_MD1-250x117.jpg 250w, https:\/\/movepainfree.org\/fr\/wp-content\/uploads\/sites\/3\/knee_web_MD1-120x56.jpg 120w\" sizes=\"auto, (max-width: 375px) 100vw, 375px\" \/><\/p>\n<p>Visitez <a href=\"https:\/\/movepainfree.org\/fr\/patient-information-resources\/\" target=\"_blank\" rel=\"noopener noreferrer\">Ressources informatives pour les patients<\/a> pour plus d&rsquo;informations et ressources.<\/p>\n","protected":false},"excerpt":{"rendered":"Le genou, situ\u00e9 \u00e0 la jonction du f\u00e9 mur (cuisse) et du tibia (jambe) est sans doute l&rsquo;articulation porteuse la plus grosse et la plus complexe du corps humain. Lorsque&#8230; <a class=\"view-article\" href=\"https:\/\/movepainfree.org\/fr\/about-orthopaedics\/joint-anatomy\/knee\/\">View Article<\/a>","protected":false},"author":1,"featured_media":0,"parent":68,"menu_order":40,"comment_status":"closed","ping_status":"closed","template":"","meta":{"footnotes":""},"class_list":["post-85","page","type-page","status-publish","hentry"],"yoast_head":"<!-- This site is optimized with the Yoast SEO plugin v27.0 - https:\/\/yoast.com\/product\/yoast-seo-wordpress\/ -->\n<title>Genou - Fondation Canadienne d&#039;Orthop\u00e9die<\/title>\n<meta name=\"description\" content=\"La Fondation canadienne d&#039;orthop\u00e9die vient en aide aux patients orthop\u00e9diques, aux professionnels de la sant\u00e9 en orthop\u00e9die, ainsi qu&#039;aux personnes qui se pr\u00e9occupent de leur sant\u00e9 et des questions en mati\u00e8re de sant\u00e9 au sein de la collectivit\u00e9, et ce, \u00e0 l&#039;\u00e9gard de la sant\u00e9 des os et des articulations actuelle et \u00e0 venir.\" \/>\n<meta name=\"robots\" content=\"index, follow, max-snippet:-1, max-image-preview:large, max-video-preview:-1\" \/>\n<link rel=\"canonical\" href=\"https:\/\/movepainfree.org\/fr\/about-orthopaedics\/joint-anatomy\/knee\/\" \/>\n<meta property=\"og:locale\" content=\"fr_FR\" \/>\n<meta property=\"og:type\" content=\"article\" \/>\n<meta property=\"og:title\" content=\"Genou - Fondation Canadienne d&#039;Orthop\u00e9die\" \/>\n<meta property=\"og:description\" content=\"La Fondation canadienne d&#039;orthop\u00e9die vient en aide aux patients orthop\u00e9diques, aux professionnels de la sant\u00e9 en orthop\u00e9die, ainsi qu&#039;aux personnes qui se pr\u00e9occupent de leur sant\u00e9 et des questions en mati\u00e8re de sant\u00e9 au sein de la collectivit\u00e9, et ce, \u00e0 l&#039;\u00e9gard de la sant\u00e9 des os et des articulations actuelle et \u00e0 venir.\" \/>\n<meta property=\"og:url\" content=\"https:\/\/movepainfree.org\/fr\/about-orthopaedics\/joint-anatomy\/knee\/\" \/>\n<meta property=\"og:site_name\" content=\"Fondation Canadienne d&#039;Orthop\u00e9die\" \/>\n<meta property=\"article:modified_time\" content=\"2020-04-20T18:35:16+00:00\" \/>\n<meta property=\"og:image\" content=\"https:\/\/movepainfree.org\/fr\/wp-content\/uploads\/sites\/3\/knee_web_MD1.jpg\" \/>\n<meta name=\"twitter:card\" content=\"summary_large_image\" \/>\n<meta name=\"twitter:label1\" content=\"Dur\u00e9e de lecture estim\u00e9e\" \/>\n\t<meta name=\"twitter:data1\" content=\"1 minute\" \/>\n<script type=\"application\/ld+json\" class=\"yoast-schema-graph\">{\"@context\":\"https:\/\/schema.org\",\"@graph\":[{\"@type\":\"WebPage\",\"@id\":\"https:\/\/movepainfree.org\/fr\/about-orthopaedics\/joint-anatomy\/knee\/\",\"url\":\"https:\/\/movepainfree.org\/fr\/about-orthopaedics\/joint-anatomy\/knee\/\",\"name\":\"Genou - Fondation Canadienne d&#039;Orthop\u00e9die\",\"isPartOf\":{\"@id\":\"https:\/\/movepainfree.org\/fr\/#website\"},\"primaryImageOfPage\":{\"@id\":\"https:\/\/movepainfree.org\/fr\/about-orthopaedics\/joint-anatomy\/knee\/#primaryimage\"},\"image\":{\"@id\":\"https:\/\/movepainfree.org\/fr\/about-orthopaedics\/joint-anatomy\/knee\/#primaryimage\"},\"thumbnailUrl\":\"https:\/\/movepainfree.org\/fr\/wp-content\/uploads\/sites\/3\/knee_web_MD1.jpg\",\"datePublished\":\"2015-01-20T16:50:26+00:00\",\"dateModified\":\"2020-04-20T18:35:16+00:00\",\"description\":\"La Fondation canadienne d'orthop\u00e9die vient en aide aux patients orthop\u00e9diques, aux professionnels de la sant\u00e9 en orthop\u00e9die, ainsi qu'aux personnes qui se pr\u00e9occupent de leur sant\u00e9 et des questions en mati\u00e8re de sant\u00e9 au sein de la collectivit\u00e9, et ce, \u00e0 l'\u00e9gard de la sant\u00e9 des os et des articulations actuelle et \u00e0 venir.\",\"breadcrumb\":{\"@id\":\"https:\/\/movepainfree.org\/fr\/about-orthopaedics\/joint-anatomy\/knee\/#breadcrumb\"},\"inLanguage\":\"fr-FR\",\"potentialAction\":[{\"@type\":\"ReadAction\",\"target\":[\"https:\/\/movepainfree.org\/fr\/about-orthopaedics\/joint-anatomy\/knee\/\"]}]},{\"@type\":\"ImageObject\",\"inLanguage\":\"fr-FR\",\"@id\":\"https:\/\/movepainfree.org\/fr\/about-orthopaedics\/joint-anatomy\/knee\/#primaryimage\",\"url\":\"https:\/\/movepainfree.org\/fr\/wp-content\/uploads\/sites\/3\/knee_web_MD1.jpg\",\"contentUrl\":\"https:\/\/movepainfree.org\/fr\/wp-content\/uploads\/sites\/3\/knee_web_MD1.jpg\",\"width\":375,\"height\":175},{\"@type\":\"BreadcrumbList\",\"@id\":\"https:\/\/movepainfree.org\/fr\/about-orthopaedics\/joint-anatomy\/knee\/#breadcrumb\",\"itemListElement\":[{\"@type\":\"ListItem\",\"position\":1,\"name\":\"Home\",\"item\":\"https:\/\/movepainfree.org\/fr\/\"},{\"@type\":\"ListItem\",\"position\":2,\"name\":\"\u00c0 propos des os et articulations\",\"item\":\"https:\/\/movepainfree.org\/fr\/about-orthopaedics\/\"},{\"@type\":\"ListItem\",\"position\":3,\"name\":\"Anatomie des articulations\",\"item\":\"https:\/\/movepainfree.org\/fr\/about-orthopaedics\/joint-anatomy\/\"},{\"@type\":\"ListItem\",\"position\":4,\"name\":\"Genou\"}]},{\"@type\":\"WebSite\",\"@id\":\"https:\/\/movepainfree.org\/fr\/#website\",\"url\":\"https:\/\/movepainfree.org\/fr\/\",\"name\":\"Fondation Canadienne d&#039;Orthop\u00e9die\",\"description\":\"Fund-raising Activities Support Research, Education, Community Care\",\"potentialAction\":[{\"@type\":\"SearchAction\",\"target\":{\"@type\":\"EntryPoint\",\"urlTemplate\":\"https:\/\/movepainfree.org\/fr\/?s={search_term_string}\"},\"query-input\":{\"@type\":\"PropertyValueSpecification\",\"valueRequired\":true,\"valueName\":\"search_term_string\"}}],\"inLanguage\":\"fr-FR\"}]}<\/script>\n<!-- \/ Yoast SEO plugin. -->","yoast_head_json":{"title":"Genou - Fondation Canadienne d&#039;Orthop\u00e9die","description":"La Fondation canadienne d'orthop\u00e9die vient en aide aux patients orthop\u00e9diques, aux professionnels de la sant\u00e9 en orthop\u00e9die, ainsi qu'aux personnes qui se pr\u00e9occupent de leur sant\u00e9 et des questions en mati\u00e8re de sant\u00e9 au sein de la collectivit\u00e9, et ce, \u00e0 l'\u00e9gard de la sant\u00e9 des os et des articulations actuelle et \u00e0 venir.","robots":{"index":"index","follow":"follow","max-snippet":"max-snippet:-1","max-image-preview":"max-image-preview:large","max-video-preview":"max-video-preview:-1"},"canonical":"https:\/\/movepainfree.org\/fr\/about-orthopaedics\/joint-anatomy\/knee\/","og_locale":"fr_FR","og_type":"article","og_title":"Genou - Fondation Canadienne d&#039;Orthop\u00e9die","og_description":"La Fondation canadienne d'orthop\u00e9die vient en aide aux patients orthop\u00e9diques, aux professionnels de la sant\u00e9 en orthop\u00e9die, ainsi qu'aux personnes qui se pr\u00e9occupent de leur sant\u00e9 et des questions en mati\u00e8re de sant\u00e9 au sein de la collectivit\u00e9, et ce, \u00e0 l'\u00e9gard de la sant\u00e9 des os et des articulations actuelle et \u00e0 venir.","og_url":"https:\/\/movepainfree.org\/fr\/about-orthopaedics\/joint-anatomy\/knee\/","og_site_name":"Fondation Canadienne d&#039;Orthop\u00e9die","article_modified_time":"2020-04-20T18:35:16+00:00","og_image":[{"url":"https:\/\/movepainfree.org\/fr\/wp-content\/uploads\/sites\/3\/knee_web_MD1.jpg","type":"","width":"","height":""}],"twitter_card":"summary_large_image","twitter_misc":{"Dur\u00e9e de lecture estim\u00e9e":"1 minute"},"schema":{"@context":"https:\/\/schema.org","@graph":[{"@type":"WebPage","@id":"https:\/\/movepainfree.org\/fr\/about-orthopaedics\/joint-anatomy\/knee\/","url":"https:\/\/movepainfree.org\/fr\/about-orthopaedics\/joint-anatomy\/knee\/","name":"Genou - Fondation Canadienne d&#039;Orthop\u00e9die","isPartOf":{"@id":"https:\/\/movepainfree.org\/fr\/#website"},"primaryImageOfPage":{"@id":"https:\/\/movepainfree.org\/fr\/about-orthopaedics\/joint-anatomy\/knee\/#primaryimage"},"image":{"@id":"https:\/\/movepainfree.org\/fr\/about-orthopaedics\/joint-anatomy\/knee\/#primaryimage"},"thumbnailUrl":"https:\/\/movepainfree.org\/fr\/wp-content\/uploads\/sites\/3\/knee_web_MD1.jpg","datePublished":"2015-01-20T16:50:26+00:00","dateModified":"2020-04-20T18:35:16+00:00","description":"La Fondation canadienne d'orthop\u00e9die vient en aide aux patients orthop\u00e9diques, aux professionnels de la sant\u00e9 en orthop\u00e9die, ainsi qu'aux personnes qui se pr\u00e9occupent de leur sant\u00e9 et des questions en mati\u00e8re de sant\u00e9 au sein de la collectivit\u00e9, et ce, \u00e0 l'\u00e9gard de la sant\u00e9 des os et des articulations actuelle et \u00e0 venir.","breadcrumb":{"@id":"https:\/\/movepainfree.org\/fr\/about-orthopaedics\/joint-anatomy\/knee\/#breadcrumb"},"inLanguage":"fr-FR","potentialAction":[{"@type":"ReadAction","target":["https:\/\/movepainfree.org\/fr\/about-orthopaedics\/joint-anatomy\/knee\/"]}]},{"@type":"ImageObject","inLanguage":"fr-FR","@id":"https:\/\/movepainfree.org\/fr\/about-orthopaedics\/joint-anatomy\/knee\/#primaryimage","url":"https:\/\/movepainfree.org\/fr\/wp-content\/uploads\/sites\/3\/knee_web_MD1.jpg","contentUrl":"https:\/\/movepainfree.org\/fr\/wp-content\/uploads\/sites\/3\/knee_web_MD1.jpg","width":375,"height":175},{"@type":"BreadcrumbList","@id":"https:\/\/movepainfree.org\/fr\/about-orthopaedics\/joint-anatomy\/knee\/#breadcrumb","itemListElement":[{"@type":"ListItem","position":1,"name":"Home","item":"https:\/\/movepainfree.org\/fr\/"},{"@type":"ListItem","position":2,"name":"\u00c0 propos des os et articulations","item":"https:\/\/movepainfree.org\/fr\/about-orthopaedics\/"},{"@type":"ListItem","position":3,"name":"Anatomie des articulations","item":"https:\/\/movepainfree.org\/fr\/about-orthopaedics\/joint-anatomy\/"},{"@type":"ListItem","position":4,"name":"Genou"}]},{"@type":"WebSite","@id":"https:\/\/movepainfree.org\/fr\/#website","url":"https:\/\/movepainfree.org\/fr\/","name":"Fondation Canadienne d&#039;Orthop\u00e9die","description":"Fund-raising Activities Support Research, Education, Community Care","potentialAction":[{"@type":"SearchAction","target":{"@type":"EntryPoint","urlTemplate":"https:\/\/movepainfree.org\/fr\/?s={search_term_string}"},"query-input":{"@type":"PropertyValueSpecification","valueRequired":true,"valueName":"search_term_string"}}],"inLanguage":"fr-FR"}]}},"_links":{"self":[{"href":"https:\/\/movepainfree.org\/fr\/wp-json\/wp\/v2\/pages\/85","targetHints":{"allow":["GET"]}}],"collection":[{"href":"https:\/\/movepainfree.org\/fr\/wp-json\/wp\/v2\/pages"}],"about":[{"href":"https:\/\/movepainfree.org\/fr\/wp-json\/wp\/v2\/types\/page"}],"author":[{"embeddable":true,"href":"https:\/\/movepainfree.org\/fr\/wp-json\/wp\/v2\/users\/1"}],"replies":[{"embeddable":true,"href":"https:\/\/movepainfree.org\/fr\/wp-json\/wp\/v2\/comments?post=85"}],"version-history":[{"count":3,"href":"https:\/\/movepainfree.org\/fr\/wp-json\/wp\/v2\/pages\/85\/revisions"}],"predecessor-version":[{"id":3339,"href":"https:\/\/movepainfree.org\/fr\/wp-json\/wp\/v2\/pages\/85\/revisions\/3339"}],"up":[{"embeddable":true,"href":"https:\/\/movepainfree.org\/fr\/wp-json\/wp\/v2\/pages\/68"}],"wp:attachment":[{"href":"https:\/\/movepainfree.org\/fr\/wp-json\/wp\/v2\/media?parent=85"}],"curies":[{"name":"wp","href":"https:\/\/api.w.org\/{rel}","templated":true}]}}