{"id":80,"date":"2015-01-20T16:48:29","date_gmt":"2015-01-20T16:48:29","guid":{"rendered":"https:\/\/movepainfree.org\/fr\/?page_id=80"},"modified":"2015-07-20T21:15:00","modified_gmt":"2015-07-20T21:15:00","slug":"hip","status":"publish","type":"page","link":"https:\/\/movepainfree.org\/fr\/about-orthopaedics\/joint-anatomy\/hip\/","title":{"rendered":"Hanche"},"content":{"rendered":"<p>Les hanches, de m\u00eame que les genoux, sont de grosses articulations qui soutiennent le poids du corps et qui vous permettent de marcher, de vous asseoir, de vous pencher et de tourner. Une hanche saine &#8211; l&rsquo;articulation d&rsquo;une grande mobilit\u00e9 et la plus flexible du corps &#8211; permet d&rsquo;effectuer des mouvements de va-et-vient, de pivotement lat\u00e9ral et de torsion. Cette amplitude de mouvement exceptionnelle est rendue possible par la conception de l&rsquo;articulation de la hanche sous forme de rotule sph\u00e9rique.<\/p>\n<p>La partie sup\u00e9rieure du f\u00e9mur (os de la cuisse) se r\u00e9tr\u00e9cit vers le bas pour former un \u00a0\u00bb col \u00a0\u00bb qui se termine par une \u00a0\u00bb t\u00eate \u00a0\u00bb ayant la forme d&rsquo;une balle ronde. Durant la p\u00e9riode de croissance, un certain nombre de plaques osseuses se soudent ensemble sur le bassin pour former une cavit\u00e9 profonde appel\u00e9e ac\u00e9tabulum, dans laquelle se loge parfaitement la t\u00eate du f\u00e9mur. Un cartilage \u00e9pais tapisse l&rsquo;ac\u00e9tabulum et recouvre la t\u00eate du f\u00e9mur, ce qui permet d&rsquo;absorber les chocs et le libre pivotement de l&rsquo;articulation sur une surface glissante lors de l&rsquo;ex\u00e9cution de la gamme vari\u00e9e des mouvements habituels. Des faisceaux de tissus r\u00e9sistants et flexibles, appel\u00e9s ligaments, forment une capsule tout autour de la zone de contact de la rotule sph\u00e9rique, en m\u00eame temps qu&rsquo;ils rattachent solidement le f\u00e9mur au bassin. Une couche sup\u00e9rieure compos\u00e9e de divers muscles et tendons qui s&rsquo;attachent au bassin et aux points osseux au niveau du f\u00e9mur, tient lieu de levier m\u00e9canique n\u00e9cessaire \u00e0 la mobilit\u00e9 de la hanche.<\/p>\n<p><img loading=\"lazy\" decoding=\"async\" width=\"277\" height=\"335\" class=\"alignnone size-full wp-image-1232\" src=\"https:\/\/movepainfree.org\/fr\/wp-content\/uploads\/sites\/3\/HealthyHip_FR_sm.jpg\" alt=\"HealthyHip_FR_sm\" srcset=\"https:\/\/movepainfree.org\/fr\/wp-content\/uploads\/sites\/3\/HealthyHip_FR_sm.jpg 277w, https:\/\/movepainfree.org\/fr\/wp-content\/uploads\/sites\/3\/HealthyHip_FR_sm-250x302.jpg 250w, https:\/\/movepainfree.org\/fr\/wp-content\/uploads\/sites\/3\/HealthyHip_FR_sm-120x145.jpg 120w\" sizes=\"auto, (max-width: 277px) 100vw, 277px\" \/><\/p>\n<div><span style=\"color: #00ff00;\"><a href=\"https:\/\/movepainfree.org\/fr\/about-orthopaedics\/joint-anatomy\/hip\/dysplasie-de-la-hanche\/\">Dysplasie de la hanche<\/a><\/span><\/div>\n<div><span style=\"color: #00ff00;\"><a href=\"https:\/\/movepainfree.org\/fr\/about-orthopaedics\/joint-anatomy\/hip\/fractures-de-la-hanche\/\">Fractures de la hanche<\/a><\/span><br \/>\n<span style=\"color: #00ff00;\"><a href=\"https:\/\/movepainfree.org\/fr\/about-orthopaedics\/joint-anatomy\/hip\/arthroplastie-totale-de-la-hanche\/\">Arthroplastie\u00a0totale de la hanche<\/a><\/span><br \/>\n<span style=\"color: #00ff00;\"> <a href=\"https:\/\/movepainfree.org\/fr\/about-orthopaedics\/joint-anatomy\/hip\/la-chirurgie-supprime-la-douleur-et-vous-permet-de-retrouver-votre-liberte\/\">La chirurgie supprime la douleur et vous permet de retrouver votre libert\u00e9<\/a><\/span><\/div>\n","protected":false},"excerpt":{"rendered":"Les hanches, de m\u00eame que les genoux, sont de grosses articulations qui soutiennent le poids du corps et qui vous permettent de marcher, de vous asseoir, de vous pencher et&#8230; <a class=\"view-article\" href=\"https:\/\/movepainfree.org\/fr\/about-orthopaedics\/joint-anatomy\/hip\/\">View Article<\/a>","protected":false},"author":1,"featured_media":0,"parent":68,"menu_order":30,"comment_status":"closed","ping_status":"closed","template":"","meta":{"footnotes":""},"class_list":["post-80","page","type-page","status-publish","hentry"],"yoast_head":"<!-- This site is optimized with the Yoast SEO plugin v27.0 - https:\/\/yoast.com\/product\/yoast-seo-wordpress\/ -->\n<title>Hanche - Fondation Canadienne d&#039;Orthop\u00e9die<\/title>\n<meta name=\"description\" content=\"La Fondation canadienne d&#039;orthop\u00e9die vient en aide aux patients orthop\u00e9diques, aux professionnels de la sant\u00e9 en orthop\u00e9die, ainsi qu&#039;aux personnes qui se pr\u00e9occupent de leur sant\u00e9 et des questions en mati\u00e8re de sant\u00e9 au sein de la collectivit\u00e9, et ce, \u00e0 l&#039;\u00e9gard de la sant\u00e9 des os et des articulations actuelle et \u00e0 venir.\" \/>\n<meta name=\"robots\" content=\"index, follow, max-snippet:-1, max-image-preview:large, max-video-preview:-1\" \/>\n<link rel=\"canonical\" href=\"https:\/\/movepainfree.org\/fr\/about-orthopaedics\/joint-anatomy\/hip\/\" \/>\n<meta property=\"og:locale\" content=\"fr_FR\" \/>\n<meta property=\"og:type\" content=\"article\" \/>\n<meta property=\"og:title\" content=\"Hanche - Fondation Canadienne d&#039;Orthop\u00e9die\" \/>\n<meta property=\"og:description\" content=\"La Fondation canadienne d&#039;orthop\u00e9die vient en aide aux patients orthop\u00e9diques, aux professionnels de la sant\u00e9 en orthop\u00e9die, ainsi qu&#039;aux personnes qui se pr\u00e9occupent de leur sant\u00e9 et des questions en mati\u00e8re de sant\u00e9 au sein de la collectivit\u00e9, et ce, \u00e0 l&#039;\u00e9gard de la sant\u00e9 des os et des articulations actuelle et \u00e0 venir.\" \/>\n<meta property=\"og:url\" content=\"https:\/\/movepainfree.org\/fr\/about-orthopaedics\/joint-anatomy\/hip\/\" \/>\n<meta property=\"og:site_name\" content=\"Fondation Canadienne d&#039;Orthop\u00e9die\" \/>\n<meta property=\"article:modified_time\" content=\"2015-07-20T21:15:00+00:00\" \/>\n<meta property=\"og:image\" content=\"https:\/\/movepainfree.org\/fr\/wp-content\/uploads\/sites\/3\/HealthyHip_FR_sm.jpg\" \/>\n<meta name=\"twitter:card\" content=\"summary_large_image\" \/>\n<meta name=\"twitter:label1\" content=\"Dur\u00e9e de lecture estim\u00e9e\" \/>\n\t<meta name=\"twitter:data1\" content=\"1 minute\" \/>\n<script type=\"application\/ld+json\" class=\"yoast-schema-graph\">{\"@context\":\"https:\/\/schema.org\",\"@graph\":[{\"@type\":\"WebPage\",\"@id\":\"https:\/\/movepainfree.org\/fr\/about-orthopaedics\/joint-anatomy\/hip\/\",\"url\":\"https:\/\/movepainfree.org\/fr\/about-orthopaedics\/joint-anatomy\/hip\/\",\"name\":\"Hanche - Fondation Canadienne d&#039;Orthop\u00e9die\",\"isPartOf\":{\"@id\":\"https:\/\/movepainfree.org\/fr\/#website\"},\"primaryImageOfPage\":{\"@id\":\"https:\/\/movepainfree.org\/fr\/about-orthopaedics\/joint-anatomy\/hip\/#primaryimage\"},\"image\":{\"@id\":\"https:\/\/movepainfree.org\/fr\/about-orthopaedics\/joint-anatomy\/hip\/#primaryimage\"},\"thumbnailUrl\":\"https:\/\/movepainfree.org\/fr\/wp-content\/uploads\/sites\/3\/HealthyHip_FR_sm.jpg\",\"datePublished\":\"2015-01-20T16:48:29+00:00\",\"dateModified\":\"2015-07-20T21:15:00+00:00\",\"description\":\"La Fondation canadienne d'orthop\u00e9die vient en aide aux patients orthop\u00e9diques, aux professionnels de la sant\u00e9 en orthop\u00e9die, ainsi qu'aux personnes qui se pr\u00e9occupent de leur sant\u00e9 et des questions en mati\u00e8re de sant\u00e9 au sein de la collectivit\u00e9, et ce, \u00e0 l'\u00e9gard de la sant\u00e9 des os et des articulations actuelle et \u00e0 venir.\",\"breadcrumb\":{\"@id\":\"https:\/\/movepainfree.org\/fr\/about-orthopaedics\/joint-anatomy\/hip\/#breadcrumb\"},\"inLanguage\":\"fr-FR\",\"potentialAction\":[{\"@type\":\"ReadAction\",\"target\":[\"https:\/\/movepainfree.org\/fr\/about-orthopaedics\/joint-anatomy\/hip\/\"]}]},{\"@type\":\"ImageObject\",\"inLanguage\":\"fr-FR\",\"@id\":\"https:\/\/movepainfree.org\/fr\/about-orthopaedics\/joint-anatomy\/hip\/#primaryimage\",\"url\":\"https:\/\/movepainfree.org\/fr\/wp-content\/uploads\/sites\/3\/HealthyHip_FR_sm.jpg\",\"contentUrl\":\"https:\/\/movepainfree.org\/fr\/wp-content\/uploads\/sites\/3\/HealthyHip_FR_sm.jpg\",\"width\":277,\"height\":335},{\"@type\":\"BreadcrumbList\",\"@id\":\"https:\/\/movepainfree.org\/fr\/about-orthopaedics\/joint-anatomy\/hip\/#breadcrumb\",\"itemListElement\":[{\"@type\":\"ListItem\",\"position\":1,\"name\":\"Home\",\"item\":\"https:\/\/movepainfree.org\/fr\/\"},{\"@type\":\"ListItem\",\"position\":2,\"name\":\"\u00c0 propos des os et articulations\",\"item\":\"https:\/\/movepainfree.org\/fr\/about-orthopaedics\/\"},{\"@type\":\"ListItem\",\"position\":3,\"name\":\"Anatomie des articulations\",\"item\":\"https:\/\/movepainfree.org\/fr\/about-orthopaedics\/joint-anatomy\/\"},{\"@type\":\"ListItem\",\"position\":4,\"name\":\"Hanche\"}]},{\"@type\":\"WebSite\",\"@id\":\"https:\/\/movepainfree.org\/fr\/#website\",\"url\":\"https:\/\/movepainfree.org\/fr\/\",\"name\":\"Fondation Canadienne d&#039;Orthop\u00e9die\",\"description\":\"Fund-raising Activities Support Research, Education, Community Care\",\"potentialAction\":[{\"@type\":\"SearchAction\",\"target\":{\"@type\":\"EntryPoint\",\"urlTemplate\":\"https:\/\/movepainfree.org\/fr\/?s={search_term_string}\"},\"query-input\":{\"@type\":\"PropertyValueSpecification\",\"valueRequired\":true,\"valueName\":\"search_term_string\"}}],\"inLanguage\":\"fr-FR\"}]}<\/script>\n<!-- \/ Yoast SEO plugin. -->","yoast_head_json":{"title":"Hanche - Fondation Canadienne d&#039;Orthop\u00e9die","description":"La Fondation canadienne d'orthop\u00e9die vient en aide aux patients orthop\u00e9diques, aux professionnels de la sant\u00e9 en orthop\u00e9die, ainsi qu'aux personnes qui se pr\u00e9occupent de leur sant\u00e9 et des questions en mati\u00e8re de sant\u00e9 au sein de la collectivit\u00e9, et ce, \u00e0 l'\u00e9gard de la sant\u00e9 des os et des articulations actuelle et \u00e0 venir.","robots":{"index":"index","follow":"follow","max-snippet":"max-snippet:-1","max-image-preview":"max-image-preview:large","max-video-preview":"max-video-preview:-1"},"canonical":"https:\/\/movepainfree.org\/fr\/about-orthopaedics\/joint-anatomy\/hip\/","og_locale":"fr_FR","og_type":"article","og_title":"Hanche - Fondation Canadienne d&#039;Orthop\u00e9die","og_description":"La Fondation canadienne d'orthop\u00e9die vient en aide aux patients orthop\u00e9diques, aux professionnels de la sant\u00e9 en orthop\u00e9die, ainsi qu'aux personnes qui se pr\u00e9occupent de leur sant\u00e9 et des questions en mati\u00e8re de sant\u00e9 au sein de la collectivit\u00e9, et ce, \u00e0 l'\u00e9gard de la sant\u00e9 des os et des articulations actuelle et \u00e0 venir.","og_url":"https:\/\/movepainfree.org\/fr\/about-orthopaedics\/joint-anatomy\/hip\/","og_site_name":"Fondation Canadienne d&#039;Orthop\u00e9die","article_modified_time":"2015-07-20T21:15:00+00:00","og_image":[{"url":"https:\/\/movepainfree.org\/fr\/wp-content\/uploads\/sites\/3\/HealthyHip_FR_sm.jpg","type":"","width":"","height":""}],"twitter_card":"summary_large_image","twitter_misc":{"Dur\u00e9e de lecture estim\u00e9e":"1 minute"},"schema":{"@context":"https:\/\/schema.org","@graph":[{"@type":"WebPage","@id":"https:\/\/movepainfree.org\/fr\/about-orthopaedics\/joint-anatomy\/hip\/","url":"https:\/\/movepainfree.org\/fr\/about-orthopaedics\/joint-anatomy\/hip\/","name":"Hanche - Fondation Canadienne d&#039;Orthop\u00e9die","isPartOf":{"@id":"https:\/\/movepainfree.org\/fr\/#website"},"primaryImageOfPage":{"@id":"https:\/\/movepainfree.org\/fr\/about-orthopaedics\/joint-anatomy\/hip\/#primaryimage"},"image":{"@id":"https:\/\/movepainfree.org\/fr\/about-orthopaedics\/joint-anatomy\/hip\/#primaryimage"},"thumbnailUrl":"https:\/\/movepainfree.org\/fr\/wp-content\/uploads\/sites\/3\/HealthyHip_FR_sm.jpg","datePublished":"2015-01-20T16:48:29+00:00","dateModified":"2015-07-20T21:15:00+00:00","description":"La Fondation canadienne d'orthop\u00e9die vient en aide aux patients orthop\u00e9diques, aux professionnels de la sant\u00e9 en orthop\u00e9die, ainsi qu'aux personnes qui se pr\u00e9occupent de leur sant\u00e9 et des questions en mati\u00e8re de sant\u00e9 au sein de la collectivit\u00e9, et ce, \u00e0 l'\u00e9gard de la sant\u00e9 des os et des articulations actuelle et \u00e0 venir.","breadcrumb":{"@id":"https:\/\/movepainfree.org\/fr\/about-orthopaedics\/joint-anatomy\/hip\/#breadcrumb"},"inLanguage":"fr-FR","potentialAction":[{"@type":"ReadAction","target":["https:\/\/movepainfree.org\/fr\/about-orthopaedics\/joint-anatomy\/hip\/"]}]},{"@type":"ImageObject","inLanguage":"fr-FR","@id":"https:\/\/movepainfree.org\/fr\/about-orthopaedics\/joint-anatomy\/hip\/#primaryimage","url":"https:\/\/movepainfree.org\/fr\/wp-content\/uploads\/sites\/3\/HealthyHip_FR_sm.jpg","contentUrl":"https:\/\/movepainfree.org\/fr\/wp-content\/uploads\/sites\/3\/HealthyHip_FR_sm.jpg","width":277,"height":335},{"@type":"BreadcrumbList","@id":"https:\/\/movepainfree.org\/fr\/about-orthopaedics\/joint-anatomy\/hip\/#breadcrumb","itemListElement":[{"@type":"ListItem","position":1,"name":"Home","item":"https:\/\/movepainfree.org\/fr\/"},{"@type":"ListItem","position":2,"name":"\u00c0 propos des os et articulations","item":"https:\/\/movepainfree.org\/fr\/about-orthopaedics\/"},{"@type":"ListItem","position":3,"name":"Anatomie des articulations","item":"https:\/\/movepainfree.org\/fr\/about-orthopaedics\/joint-anatomy\/"},{"@type":"ListItem","position":4,"name":"Hanche"}]},{"@type":"WebSite","@id":"https:\/\/movepainfree.org\/fr\/#website","url":"https:\/\/movepainfree.org\/fr\/","name":"Fondation Canadienne d&#039;Orthop\u00e9die","description":"Fund-raising Activities Support Research, Education, Community Care","potentialAction":[{"@type":"SearchAction","target":{"@type":"EntryPoint","urlTemplate":"https:\/\/movepainfree.org\/fr\/?s={search_term_string}"},"query-input":{"@type":"PropertyValueSpecification","valueRequired":true,"valueName":"search_term_string"}}],"inLanguage":"fr-FR"}]}},"_links":{"self":[{"href":"https:\/\/movepainfree.org\/fr\/wp-json\/wp\/v2\/pages\/80","targetHints":{"allow":["GET"]}}],"collection":[{"href":"https:\/\/movepainfree.org\/fr\/wp-json\/wp\/v2\/pages"}],"about":[{"href":"https:\/\/movepainfree.org\/fr\/wp-json\/wp\/v2\/types\/page"}],"author":[{"embeddable":true,"href":"https:\/\/movepainfree.org\/fr\/wp-json\/wp\/v2\/users\/1"}],"replies":[{"embeddable":true,"href":"https:\/\/movepainfree.org\/fr\/wp-json\/wp\/v2\/comments?post=80"}],"version-history":[{"count":8,"href":"https:\/\/movepainfree.org\/fr\/wp-json\/wp\/v2\/pages\/80\/revisions"}],"predecessor-version":[{"id":1865,"href":"https:\/\/movepainfree.org\/fr\/wp-json\/wp\/v2\/pages\/80\/revisions\/1865"}],"up":[{"embeddable":true,"href":"https:\/\/movepainfree.org\/fr\/wp-json\/wp\/v2\/pages\/68"}],"wp:attachment":[{"href":"https:\/\/movepainfree.org\/fr\/wp-json\/wp\/v2\/media?parent=80"}],"curies":[{"name":"wp","href":"https:\/\/api.w.org\/{rel}","templated":true}]}}