{"id":795,"date":"2015-02-23T16:07:55","date_gmt":"2015-02-23T16:07:55","guid":{"rendered":"https:\/\/movepainfree.org\/fr\/?page_id=795"},"modified":"2024-04-19T20:15:03","modified_gmt":"2024-04-19T20:15:03","slug":"hand-wrist","status":"publish","type":"page","link":"https:\/\/movepainfree.org\/fr\/hand-wrist\/","title":{"rendered":"La main et du poignet"},"content":{"rendered":"<p>Ce \u00e0 quoi on doit s\u2019attendre du traitement et la fa\u00e7on de s\u2019y pr\u00e9parer<\/p>\n<table>\n<tbody>\n<tr>\n<td>\n<h4>\u00c0 propos de la main<\/h4>\n<\/td>\n<td><\/td>\n<td><a title=\"Hand\" href=\"https:\/\/movepainfree.org\/fr\/about-orthopaedics\/joint-anatomy\/hand\/\" target=\"_blank\" rel=\"noopener noreferrer\">Cliquez ici pour en savoir plus.<\/a><\/td>\n<\/tr>\n<tr>\n<td>\n<h4>Qu&rsquo;est-ce que l&rsquo;arthrite?<\/h4>\n<\/td>\n<td><\/td>\n<td><a title=\"Arthritis\" href=\"https:\/\/movepainfree.org\/fr\/about-orthopaedics\/conditions-and-ailments\/arthritis\/\" target=\"_blank\" rel=\"noopener noreferrer\">Cliquez ici pour en savoir plus.<\/a><\/td>\n<\/tr>\n<tr>\n<td>\n<h4>La bursite et la tendinite<\/h4>\n<\/td>\n<td><\/td>\n<td><a title=\"Bursitis and Tendonitis\" href=\"https:\/\/movepainfree.org\/fr\/about-orthopaedics\/conditions-and-ailments\/arthritis\/bursitis-and-tendonitis\/\" target=\"_blank\" rel=\"noopener noreferrer\">Cliquez ici pour en savoir plus.<\/a><\/td>\n<\/tr>\n<tr>\n<td>\n<h4>Cesser de fumer avant chirurgie<\/h4>\n<\/td>\n<td><img loading=\"lazy\" decoding=\"async\" class=\"aligncenter wp-image-2065 size-thumbnail\" src=\"https:\/\/movepainfree.org\/fr\/wp-content\/uploads\/sites\/3\/Smoking-Cessation-Brochure-website-EN-2015-150x150.jpg\" alt=\"\" width=\"150\" height=\"150\" srcset=\"https:\/\/movepainfree.org\/fr\/wp-content\/uploads\/sites\/3\/Smoking-Cessation-Brochure-website-EN-2015-150x150.jpg 150w, https:\/\/movepainfree.org\/fr\/wp-content\/uploads\/sites\/3\/Smoking-Cessation-Brochure-website-EN-2015-180x180.jpg 180w, https:\/\/movepainfree.org\/fr\/wp-content\/uploads\/sites\/3\/Smoking-Cessation-Brochure-website-EN-2015-300x300.jpg 300w\" sizes=\"auto, (max-width: 150px) 100vw, 150px\" \/><\/td>\n<td><a href=\"https:\/\/movepainfree.org\/wp-content\/uploads\/Smoking-Cessation-Brochure_EN.pdf\" target=\"_blank\" rel=\"noopener noreferrer\">Cliquez ici pour en savoir plus<\/a>.\u00a0<em>en anglais seulement<\/em><\/td>\n<\/tr>\n<tr>\n<td><\/td>\n<td><\/td>\n<td><\/td>\n<\/tr>\n<tr>\n<td><\/td>\n<td><\/td>\n<td><\/td>\n<\/tr>\n<\/tbody>\n<\/table>\n","protected":false},"excerpt":{"rendered":"Ce \u00e0 quoi on doit s\u2019attendre du traitement et la fa\u00e7on de s\u2019y pr\u00e9parer \u00c0 propos de la main Cliquez ici pour en savoir plus. Qu&rsquo;est-ce que l&rsquo;arthrite? Cliquez ici&#8230; <a class=\"view-article\" href=\"https:\/\/movepainfree.org\/fr\/hand-wrist\/\">View Article<\/a>","protected":false},"author":1,"featured_media":0,"parent":0,"menu_order":0,"comment_status":"closed","ping_status":"closed","template":"","meta":{"footnotes":""},"class_list":["post-795","page","type-page","status-publish","hentry"],"yoast_head":"<!-- This site is optimized with the Yoast SEO plugin v27.0 - https:\/\/yoast.com\/product\/yoast-seo-wordpress\/ -->\n<title>La main et du poignet - Fondation Canadienne d&#039;Orthop\u00e9die<\/title>\n<meta name=\"description\" content=\"La Fondation canadienne d&#039;orthop\u00e9die vient en aide aux patients orthop\u00e9diques, aux professionnels de la sant\u00e9 en orthop\u00e9die, ainsi qu&#039;aux personnes qui se pr\u00e9occupent de leur sant\u00e9 et des questions en mati\u00e8re de sant\u00e9 au sein de la collectivit\u00e9, et ce, \u00e0 l&#039;\u00e9gard de la sant\u00e9 des os et des articulations actuelle et \u00e0 venir.\" \/>\n<meta name=\"robots\" content=\"index, follow, max-snippet:-1, max-image-preview:large, max-video-preview:-1\" \/>\n<link rel=\"canonical\" href=\"https:\/\/movepainfree.org\/fr\/hand-wrist\/\" \/>\n<meta property=\"og:locale\" content=\"fr_FR\" \/>\n<meta property=\"og:type\" content=\"article\" \/>\n<meta property=\"og:title\" content=\"La main et du poignet - Fondation Canadienne d&#039;Orthop\u00e9die\" \/>\n<meta property=\"og:description\" content=\"La Fondation canadienne d&#039;orthop\u00e9die vient en aide aux patients orthop\u00e9diques, aux professionnels de la sant\u00e9 en orthop\u00e9die, ainsi qu&#039;aux personnes qui se pr\u00e9occupent de leur sant\u00e9 et des questions en mati\u00e8re de sant\u00e9 au sein de la collectivit\u00e9, et ce, \u00e0 l&#039;\u00e9gard de la sant\u00e9 des os et des articulations actuelle et \u00e0 venir.\" \/>\n<meta property=\"og:url\" content=\"https:\/\/movepainfree.org\/fr\/hand-wrist\/\" \/>\n<meta property=\"og:site_name\" content=\"Fondation Canadienne d&#039;Orthop\u00e9die\" \/>\n<meta property=\"article:modified_time\" content=\"2024-04-19T20:15:03+00:00\" \/>\n<meta property=\"og:image\" content=\"https:\/\/movepainfree.org\/fr\/wp-content\/uploads\/sites\/3\/Smoking-Cessation-Brochure-website-EN-2015-150x150.jpg\" \/>\n<meta name=\"twitter:card\" content=\"summary_large_image\" \/>\n<meta name=\"twitter:label1\" content=\"Dur\u00e9e de lecture estim\u00e9e\" \/>\n\t<meta name=\"twitter:data1\" content=\"1 minute\" \/>\n<script type=\"application\/ld+json\" class=\"yoast-schema-graph\">{\"@context\":\"https:\/\/schema.org\",\"@graph\":[{\"@type\":\"WebPage\",\"@id\":\"https:\/\/movepainfree.org\/fr\/hand-wrist\/\",\"url\":\"https:\/\/movepainfree.org\/fr\/hand-wrist\/\",\"name\":\"La main et du poignet - Fondation Canadienne d&#039;Orthop\u00e9die\",\"isPartOf\":{\"@id\":\"https:\/\/movepainfree.org\/fr\/#website\"},\"primaryImageOfPage\":{\"@id\":\"https:\/\/movepainfree.org\/fr\/hand-wrist\/#primaryimage\"},\"image\":{\"@id\":\"https:\/\/movepainfree.org\/fr\/hand-wrist\/#primaryimage\"},\"thumbnailUrl\":\"https:\/\/movepainfree.org\/fr\/wp-content\/uploads\/sites\/3\/Smoking-Cessation-Brochure-website-EN-2015-150x150.jpg\",\"datePublished\":\"2015-02-23T16:07:55+00:00\",\"dateModified\":\"2024-04-19T20:15:03+00:00\",\"description\":\"La Fondation canadienne d'orthop\u00e9die vient en aide aux patients orthop\u00e9diques, aux professionnels de la sant\u00e9 en orthop\u00e9die, ainsi qu'aux personnes qui se pr\u00e9occupent de leur sant\u00e9 et des questions en mati\u00e8re de sant\u00e9 au sein de la collectivit\u00e9, et ce, \u00e0 l'\u00e9gard de la sant\u00e9 des os et des articulations actuelle et \u00e0 venir.\",\"breadcrumb\":{\"@id\":\"https:\/\/movepainfree.org\/fr\/hand-wrist\/#breadcrumb\"},\"inLanguage\":\"fr-FR\",\"potentialAction\":[{\"@type\":\"ReadAction\",\"target\":[\"https:\/\/movepainfree.org\/fr\/hand-wrist\/\"]}]},{\"@type\":\"ImageObject\",\"inLanguage\":\"fr-FR\",\"@id\":\"https:\/\/movepainfree.org\/fr\/hand-wrist\/#primaryimage\",\"url\":\"https:\/\/movepainfree.org\/fr\/wp-content\/uploads\/sites\/3\/Smoking-Cessation-Brochure-website-EN-2015.jpg\",\"contentUrl\":\"https:\/\/movepainfree.org\/fr\/wp-content\/uploads\/sites\/3\/Smoking-Cessation-Brochure-website-EN-2015.jpg\",\"width\":620,\"height\":581},{\"@type\":\"BreadcrumbList\",\"@id\":\"https:\/\/movepainfree.org\/fr\/hand-wrist\/#breadcrumb\",\"itemListElement\":[{\"@type\":\"ListItem\",\"position\":1,\"name\":\"Home\",\"item\":\"https:\/\/movepainfree.org\/fr\/\"},{\"@type\":\"ListItem\",\"position\":2,\"name\":\"La main et du poignet\"}]},{\"@type\":\"WebSite\",\"@id\":\"https:\/\/movepainfree.org\/fr\/#website\",\"url\":\"https:\/\/movepainfree.org\/fr\/\",\"name\":\"Fondation Canadienne d&#039;Orthop\u00e9die\",\"description\":\"Fund-raising Activities Support Research, Education, Community Care\",\"potentialAction\":[{\"@type\":\"SearchAction\",\"target\":{\"@type\":\"EntryPoint\",\"urlTemplate\":\"https:\/\/movepainfree.org\/fr\/?s={search_term_string}\"},\"query-input\":{\"@type\":\"PropertyValueSpecification\",\"valueRequired\":true,\"valueName\":\"search_term_string\"}}],\"inLanguage\":\"fr-FR\"}]}<\/script>\n<!-- \/ Yoast SEO plugin. -->","yoast_head_json":{"title":"La main et du poignet - Fondation Canadienne d&#039;Orthop\u00e9die","description":"La Fondation canadienne d'orthop\u00e9die vient en aide aux patients orthop\u00e9diques, aux professionnels de la sant\u00e9 en orthop\u00e9die, ainsi qu'aux personnes qui se pr\u00e9occupent de leur sant\u00e9 et des questions en mati\u00e8re de sant\u00e9 au sein de la collectivit\u00e9, et ce, \u00e0 l'\u00e9gard de la sant\u00e9 des os et des articulations actuelle et \u00e0 venir.","robots":{"index":"index","follow":"follow","max-snippet":"max-snippet:-1","max-image-preview":"max-image-preview:large","max-video-preview":"max-video-preview:-1"},"canonical":"https:\/\/movepainfree.org\/fr\/hand-wrist\/","og_locale":"fr_FR","og_type":"article","og_title":"La main et du poignet - Fondation Canadienne d&#039;Orthop\u00e9die","og_description":"La Fondation canadienne d'orthop\u00e9die vient en aide aux patients orthop\u00e9diques, aux professionnels de la sant\u00e9 en orthop\u00e9die, ainsi qu'aux personnes qui se pr\u00e9occupent de leur sant\u00e9 et des questions en mati\u00e8re de sant\u00e9 au sein de la collectivit\u00e9, et ce, \u00e0 l'\u00e9gard de la sant\u00e9 des os et des articulations actuelle et \u00e0 venir.","og_url":"https:\/\/movepainfree.org\/fr\/hand-wrist\/","og_site_name":"Fondation Canadienne d&#039;Orthop\u00e9die","article_modified_time":"2024-04-19T20:15:03+00:00","og_image":[{"url":"https:\/\/movepainfree.org\/fr\/wp-content\/uploads\/sites\/3\/Smoking-Cessation-Brochure-website-EN-2015-150x150.jpg","type":"","width":"","height":""}],"twitter_card":"summary_large_image","twitter_misc":{"Dur\u00e9e de lecture estim\u00e9e":"1 minute"},"schema":{"@context":"https:\/\/schema.org","@graph":[{"@type":"WebPage","@id":"https:\/\/movepainfree.org\/fr\/hand-wrist\/","url":"https:\/\/movepainfree.org\/fr\/hand-wrist\/","name":"La main et du poignet - Fondation Canadienne d&#039;Orthop\u00e9die","isPartOf":{"@id":"https:\/\/movepainfree.org\/fr\/#website"},"primaryImageOfPage":{"@id":"https:\/\/movepainfree.org\/fr\/hand-wrist\/#primaryimage"},"image":{"@id":"https:\/\/movepainfree.org\/fr\/hand-wrist\/#primaryimage"},"thumbnailUrl":"https:\/\/movepainfree.org\/fr\/wp-content\/uploads\/sites\/3\/Smoking-Cessation-Brochure-website-EN-2015-150x150.jpg","datePublished":"2015-02-23T16:07:55+00:00","dateModified":"2024-04-19T20:15:03+00:00","description":"La Fondation canadienne d'orthop\u00e9die vient en aide aux patients orthop\u00e9diques, aux professionnels de la sant\u00e9 en orthop\u00e9die, ainsi qu'aux personnes qui se pr\u00e9occupent de leur sant\u00e9 et des questions en mati\u00e8re de sant\u00e9 au sein de la collectivit\u00e9, et ce, \u00e0 l'\u00e9gard de la sant\u00e9 des os et des articulations actuelle et \u00e0 venir.","breadcrumb":{"@id":"https:\/\/movepainfree.org\/fr\/hand-wrist\/#breadcrumb"},"inLanguage":"fr-FR","potentialAction":[{"@type":"ReadAction","target":["https:\/\/movepainfree.org\/fr\/hand-wrist\/"]}]},{"@type":"ImageObject","inLanguage":"fr-FR","@id":"https:\/\/movepainfree.org\/fr\/hand-wrist\/#primaryimage","url":"https:\/\/movepainfree.org\/fr\/wp-content\/uploads\/sites\/3\/Smoking-Cessation-Brochure-website-EN-2015.jpg","contentUrl":"https:\/\/movepainfree.org\/fr\/wp-content\/uploads\/sites\/3\/Smoking-Cessation-Brochure-website-EN-2015.jpg","width":620,"height":581},{"@type":"BreadcrumbList","@id":"https:\/\/movepainfree.org\/fr\/hand-wrist\/#breadcrumb","itemListElement":[{"@type":"ListItem","position":1,"name":"Home","item":"https:\/\/movepainfree.org\/fr\/"},{"@type":"ListItem","position":2,"name":"La main et du poignet"}]},{"@type":"WebSite","@id":"https:\/\/movepainfree.org\/fr\/#website","url":"https:\/\/movepainfree.org\/fr\/","name":"Fondation Canadienne d&#039;Orthop\u00e9die","description":"Fund-raising Activities Support Research, Education, Community Care","potentialAction":[{"@type":"SearchAction","target":{"@type":"EntryPoint","urlTemplate":"https:\/\/movepainfree.org\/fr\/?s={search_term_string}"},"query-input":{"@type":"PropertyValueSpecification","valueRequired":true,"valueName":"search_term_string"}}],"inLanguage":"fr-FR"}]}},"_links":{"self":[{"href":"https:\/\/movepainfree.org\/fr\/wp-json\/wp\/v2\/pages\/795","targetHints":{"allow":["GET"]}}],"collection":[{"href":"https:\/\/movepainfree.org\/fr\/wp-json\/wp\/v2\/pages"}],"about":[{"href":"https:\/\/movepainfree.org\/fr\/wp-json\/wp\/v2\/types\/page"}],"author":[{"embeddable":true,"href":"https:\/\/movepainfree.org\/fr\/wp-json\/wp\/v2\/users\/1"}],"replies":[{"embeddable":true,"href":"https:\/\/movepainfree.org\/fr\/wp-json\/wp\/v2\/comments?post=795"}],"version-history":[{"count":12,"href":"https:\/\/movepainfree.org\/fr\/wp-json\/wp\/v2\/pages\/795\/revisions"}],"predecessor-version":[{"id":4518,"href":"https:\/\/movepainfree.org\/fr\/wp-json\/wp\/v2\/pages\/795\/revisions\/4518"}],"wp:attachment":[{"href":"https:\/\/movepainfree.org\/fr\/wp-json\/wp\/v2\/media?parent=795"}],"curies":[{"name":"wp","href":"https:\/\/api.w.org\/{rel}","templated":true}]}}