{"id":793,"date":"2015-02-23T16:04:47","date_gmt":"2015-02-23T16:04:47","guid":{"rendered":"https:\/\/movepainfree.org\/fr\/?page_id=793"},"modified":"2024-04-19T20:20:07","modified_gmt":"2024-04-19T20:20:07","slug":"shoulder","status":"publish","type":"page","link":"https:\/\/movepainfree.org\/fr\/shoulder\/","title":{"rendered":"L&rsquo;\u00e9paule"},"content":{"rendered":"\n<p><\/p>\n\n\n<p>Ce \u00e0 quoi on doit s\u2019attendre du traitement et la fa\u00e7on de s\u2019y pr\u00e9parer<\/p>\n<table>\n<tbody>\n<tr>\n<td>\n<h4>Chirurgie de l&rsquo;\u00e9paule : La planification pour des r\u00e9sultats optimaux<\/h4>\n<\/td>\n<td><a href=\"https:\/\/movepainfree.org\/fr\/wp-content\/uploads\/sites\/3\/Shoulder-Booklet_FR.pdf\" target=\"_blank\" rel=\"noopener noreferrer\"><img loading=\"lazy\" decoding=\"async\" class=\"alignright wp-image-3046 size-medium\" src=\"https:\/\/movepainfree.org\/fr\/wp-content\/uploads\/sites\/3\/Shoulder-FR-2019-250x386.jpg\" alt=\"\" width=\"194\" height=\"300\" srcset=\"https:\/\/movepainfree.org\/fr\/wp-content\/uploads\/sites\/3\/Shoulder-FR-2019-250x386.jpg 250w, https:\/\/movepainfree.org\/fr\/wp-content\/uploads\/sites\/3\/Shoulder-FR-2019-120x185.jpg 120w, https:\/\/movepainfree.org\/fr\/wp-content\/uploads\/sites\/3\/Shoulder-FR-2019.jpg 652w\" sizes=\"auto, (max-width: 194px) 100vw, 194px\" \/><\/a><\/td>\n<td><a href=\"https:\/\/movepainfree.org\/fr\/wp-content\/uploads\/sites\/3\/Shoulder-Booklet_FR.pdf\" target=\"_blank\" rel=\"noopener noreferrer\">Pour en t\u00e9l\u00e9charger une copie, cliquez ici<\/a>.<\/td>\n<\/tr>\n<tr>\n<td>\n<h4>Fiches \u00e9ducatives traitant de diverses proc\u00e9dures de l&rsquo;\u00e9paule<\/h4>\n<\/td>\n<td>\u00a0<\/td>\n<td>\n<ul>\n<li><a href=\"https:\/\/movepainfree.org\/fr\/wp-content\/uploads\/sites\/3\/Rotator-Cuff-Tears_InfoSheet-FR.pdf\" target=\"_blank\" rel=\"noopener noreferrer\" data-rich-text-format-boundary=\"true\">Ruptures de la coiffe des rotateurs<\/a><\/li>\n<li><a href=\"https:\/\/movepainfree.org\/fr\/wp-content\/uploads\/sites\/3\/Rotator-Cuff-Tears-Surgical-Treatment_InfoSheet-FR.pdf\" target=\"_blank\" rel=\"noreferrer noopener\" aria-label=\"Ruptures de la coiffe des rotateurs\u00a0: Traitement chirurgical (s\u2019ouvre dans un nouvel onglet)\">Ruptures de la coiffe des rotateurs\u00a0: Traitement chirurgical<\/a><\/li>\n<li><a href=\"https:\/\/movepainfree.org\/fr\/wp-content\/uploads\/sites\/3\/Shoulder-Arthritis_InfoSheet-FR.pdf\" target=\"_blank\" rel=\"noreferrer noopener\" aria-label=\"Arthrite de l\u2019\u00e9paule (s\u2019ouvre dans un nouvel onglet)\">Arthrite de l\u2019\u00e9paule<\/a><\/li>\n<li><a href=\"https:\/\/movepainfree.org\/fr\/wp-content\/uploads\/sites\/3\/Shoulder-Arthroplasty_InfoSheet-FR.pdf\" target=\"_blank\" rel=\"noreferrer noopener\" aria-label=\"Arthroplastie de l\u2019\u00e9paule (s\u2019ouvre dans un nouvel onglet)\">Arthroplastie de l\u2019\u00e9paule<\/a><\/li>\n<li><a href=\"https:\/\/movepainfree.org\/fr\/wp-content\/uploads\/sites\/3\/Shoulder-Instability_InfoSheet-FR.pdf\" target=\"_blank\" rel=\"noopener noreferrer\">Instabilit\u00e9 de l\u2019\u00e9paule<\/a><\/li>\n<\/ul>\n<\/td>\n<\/tr>\n<tr>\n<td>\n<h4>\u00c0 propos de l\u2019\u00e9paule<\/h4>\n<\/td>\n<td>\u00a0<\/td>\n<td><a title=\"Leg\/Foot\/Ankle\" href=\"https:\/\/movepainfree.org\/fr\/about-orthopaedics\/joint-anatomy\/shoulder\/\" target=\"_blank\" rel=\"noopener noreferrer\">Cliquez ici pour en savoir plus<\/a><\/td>\n<\/tr>\n<tr>\n<td>\n<h4>Continuum de soins<\/h4>\n<\/td>\n<td>\u00a0<\/td>\n<td><a title=\"Leg\/Foot\/Ankle\" href=\"https:\/\/movepainfree.org\/fr\/my-surgery\/your-surgical-journey\/\" target=\"_blank\" rel=\"noopener noreferrer\">Cliquez ici pour en savoir plus<\/a><\/td>\n<\/tr>\n<tr>\n<td>\n<h4>Cesser de fumer avant chirurgie<\/h4>\n<\/td>\n<td><img loading=\"lazy\" decoding=\"async\" class=\"aligncenter wp-image-2065 size-thumbnail\" src=\"https:\/\/movepainfree.org\/fr\/wp-content\/uploads\/sites\/3\/Smoking-Cessation-Brochure-website-EN-2015-150x150.jpg\" alt=\"\" width=\"150\" height=\"150\" srcset=\"https:\/\/movepainfree.org\/fr\/wp-content\/uploads\/sites\/3\/Smoking-Cessation-Brochure-website-EN-2015-150x150.jpg 150w, https:\/\/movepainfree.org\/fr\/wp-content\/uploads\/sites\/3\/Smoking-Cessation-Brochure-website-EN-2015-180x180.jpg 180w, https:\/\/movepainfree.org\/fr\/wp-content\/uploads\/sites\/3\/Smoking-Cessation-Brochure-website-EN-2015-300x300.jpg 300w\" sizes=\"auto, (max-width: 150px) 100vw, 150px\" \/><\/td>\n<td><a href=\"https:\/\/movepainfree.org\/wp-content\/uploads\/Smoking-Cessation-Brochure_EN.pdf\" target=\"_blank\" rel=\"noopener noreferrer\">Cliquez ici pour en savoir plus<\/a>.\u00a0<em>en anglais seulement<\/em><\/td>\n<\/tr>\n<tr>\n<td>\u00a0<\/td>\n<td>\u00a0<\/td>\n<td>\u00a0<\/td>\n<\/tr>\n<\/tbody>\n<\/table>\n\n\n<p><\/p>\n","protected":false},"excerpt":{"rendered":"Ce \u00e0 quoi on doit s\u2019attendre du traitement et la fa\u00e7on de s\u2019y pr\u00e9parer Chirurgie de l&rsquo;\u00e9paule : La planification pour des r\u00e9sultats optimaux Pour en t\u00e9l\u00e9charger une copie, cliquez&#8230; <a class=\"view-article\" href=\"https:\/\/movepainfree.org\/fr\/shoulder\/\">View Article<\/a>","protected":false},"author":1,"featured_media":0,"parent":0,"menu_order":0,"comment_status":"closed","ping_status":"closed","template":"","meta":{"footnotes":""},"class_list":["post-793","page","type-page","status-publish","hentry"],"yoast_head":"<!-- This site is optimized with the Yoast SEO plugin v27.0 - https:\/\/yoast.com\/product\/yoast-seo-wordpress\/ -->\n<title>L&#039;\u00e9paule - Fondation Canadienne d&#039;Orthop\u00e9die<\/title>\n<meta name=\"description\" content=\"La Fondation canadienne d&#039;orthop\u00e9die vient en aide aux patients orthop\u00e9diques, aux professionnels de la sant\u00e9 en orthop\u00e9die, ainsi qu&#039;aux personnes qui se pr\u00e9occupent de leur sant\u00e9 et des questions en mati\u00e8re de sant\u00e9 au sein de la collectivit\u00e9, et ce, \u00e0 l&#039;\u00e9gard de la sant\u00e9 des os et des articulations actuelle et \u00e0 venir.\" \/>\n<meta name=\"robots\" content=\"index, follow, max-snippet:-1, max-image-preview:large, max-video-preview:-1\" \/>\n<link rel=\"canonical\" href=\"https:\/\/movepainfree.org\/fr\/shoulder\/\" \/>\n<meta property=\"og:locale\" content=\"fr_FR\" \/>\n<meta property=\"og:type\" content=\"article\" \/>\n<meta property=\"og:title\" content=\"L&#039;\u00e9paule - Fondation Canadienne d&#039;Orthop\u00e9die\" \/>\n<meta property=\"og:description\" content=\"La Fondation canadienne d&#039;orthop\u00e9die vient en aide aux patients orthop\u00e9diques, aux professionnels de la sant\u00e9 en orthop\u00e9die, ainsi qu&#039;aux personnes qui se pr\u00e9occupent de leur sant\u00e9 et des questions en mati\u00e8re de sant\u00e9 au sein de la collectivit\u00e9, et ce, \u00e0 l&#039;\u00e9gard de la sant\u00e9 des os et des articulations actuelle et \u00e0 venir.\" \/>\n<meta property=\"og:url\" content=\"https:\/\/movepainfree.org\/fr\/shoulder\/\" \/>\n<meta property=\"og:site_name\" content=\"Fondation Canadienne d&#039;Orthop\u00e9die\" \/>\n<meta property=\"article:modified_time\" content=\"2024-04-19T20:20:07+00:00\" \/>\n<meta property=\"og:image\" content=\"https:\/\/movepainfree.org\/fr\/wp-content\/uploads\/sites\/3\/Shoulder-FR-2019-250x386.jpg\" \/>\n<meta name=\"twitter:card\" content=\"summary_large_image\" \/>\n<meta name=\"twitter:label1\" content=\"Dur\u00e9e de lecture estim\u00e9e\" \/>\n\t<meta name=\"twitter:data1\" content=\"1 minute\" \/>\n<script type=\"application\/ld+json\" class=\"yoast-schema-graph\">{\"@context\":\"https:\/\/schema.org\",\"@graph\":[{\"@type\":\"WebPage\",\"@id\":\"https:\/\/movepainfree.org\/fr\/shoulder\/\",\"url\":\"https:\/\/movepainfree.org\/fr\/shoulder\/\",\"name\":\"L'\u00e9paule - Fondation Canadienne d&#039;Orthop\u00e9die\",\"isPartOf\":{\"@id\":\"https:\/\/movepainfree.org\/fr\/#website\"},\"primaryImageOfPage\":{\"@id\":\"https:\/\/movepainfree.org\/fr\/shoulder\/#primaryimage\"},\"image\":{\"@id\":\"https:\/\/movepainfree.org\/fr\/shoulder\/#primaryimage\"},\"thumbnailUrl\":\"https:\/\/movepainfree.org\/fr\/wp-content\/uploads\/sites\/3\/Shoulder-FR-2019-250x386.jpg\",\"datePublished\":\"2015-02-23T16:04:47+00:00\",\"dateModified\":\"2024-04-19T20:20:07+00:00\",\"description\":\"La Fondation canadienne d'orthop\u00e9die vient en aide aux patients orthop\u00e9diques, aux professionnels de la sant\u00e9 en orthop\u00e9die, ainsi qu'aux personnes qui se pr\u00e9occupent de leur sant\u00e9 et des questions en mati\u00e8re de sant\u00e9 au sein de la collectivit\u00e9, et ce, \u00e0 l'\u00e9gard de la sant\u00e9 des os et des articulations actuelle et \u00e0 venir.\",\"breadcrumb\":{\"@id\":\"https:\/\/movepainfree.org\/fr\/shoulder\/#breadcrumb\"},\"inLanguage\":\"fr-FR\",\"potentialAction\":[{\"@type\":\"ReadAction\",\"target\":[\"https:\/\/movepainfree.org\/fr\/shoulder\/\"]}]},{\"@type\":\"ImageObject\",\"inLanguage\":\"fr-FR\",\"@id\":\"https:\/\/movepainfree.org\/fr\/shoulder\/#primaryimage\",\"url\":\"https:\/\/movepainfree.org\/fr\/wp-content\/uploads\/sites\/3\/Shoulder-FR-2019.jpg\",\"contentUrl\":\"https:\/\/movepainfree.org\/fr\/wp-content\/uploads\/sites\/3\/Shoulder-FR-2019.jpg\",\"width\":652,\"height\":1007},{\"@type\":\"BreadcrumbList\",\"@id\":\"https:\/\/movepainfree.org\/fr\/shoulder\/#breadcrumb\",\"itemListElement\":[{\"@type\":\"ListItem\",\"position\":1,\"name\":\"Home\",\"item\":\"https:\/\/movepainfree.org\/fr\/\"},{\"@type\":\"ListItem\",\"position\":2,\"name\":\"L&rsquo;\u00e9paule\"}]},{\"@type\":\"WebSite\",\"@id\":\"https:\/\/movepainfree.org\/fr\/#website\",\"url\":\"https:\/\/movepainfree.org\/fr\/\",\"name\":\"Fondation Canadienne d&#039;Orthop\u00e9die\",\"description\":\"Fund-raising Activities Support Research, Education, Community Care\",\"potentialAction\":[{\"@type\":\"SearchAction\",\"target\":{\"@type\":\"EntryPoint\",\"urlTemplate\":\"https:\/\/movepainfree.org\/fr\/?s={search_term_string}\"},\"query-input\":{\"@type\":\"PropertyValueSpecification\",\"valueRequired\":true,\"valueName\":\"search_term_string\"}}],\"inLanguage\":\"fr-FR\"}]}<\/script>\n<!-- \/ Yoast SEO plugin. -->","yoast_head_json":{"title":"L'\u00e9paule - Fondation Canadienne d&#039;Orthop\u00e9die","description":"La Fondation canadienne d'orthop\u00e9die vient en aide aux patients orthop\u00e9diques, aux professionnels de la sant\u00e9 en orthop\u00e9die, ainsi qu'aux personnes qui se pr\u00e9occupent de leur sant\u00e9 et des questions en mati\u00e8re de sant\u00e9 au sein de la collectivit\u00e9, et ce, \u00e0 l'\u00e9gard de la sant\u00e9 des os et des articulations actuelle et \u00e0 venir.","robots":{"index":"index","follow":"follow","max-snippet":"max-snippet:-1","max-image-preview":"max-image-preview:large","max-video-preview":"max-video-preview:-1"},"canonical":"https:\/\/movepainfree.org\/fr\/shoulder\/","og_locale":"fr_FR","og_type":"article","og_title":"L'\u00e9paule - Fondation Canadienne d&#039;Orthop\u00e9die","og_description":"La Fondation canadienne d'orthop\u00e9die vient en aide aux patients orthop\u00e9diques, aux professionnels de la sant\u00e9 en orthop\u00e9die, ainsi qu'aux personnes qui se pr\u00e9occupent de leur sant\u00e9 et des questions en mati\u00e8re de sant\u00e9 au sein de la collectivit\u00e9, et ce, \u00e0 l'\u00e9gard de la sant\u00e9 des os et des articulations actuelle et \u00e0 venir.","og_url":"https:\/\/movepainfree.org\/fr\/shoulder\/","og_site_name":"Fondation Canadienne d&#039;Orthop\u00e9die","article_modified_time":"2024-04-19T20:20:07+00:00","og_image":[{"url":"https:\/\/movepainfree.org\/fr\/wp-content\/uploads\/sites\/3\/Shoulder-FR-2019-250x386.jpg","type":"","width":"","height":""}],"twitter_card":"summary_large_image","twitter_misc":{"Dur\u00e9e de lecture estim\u00e9e":"1 minute"},"schema":{"@context":"https:\/\/schema.org","@graph":[{"@type":"WebPage","@id":"https:\/\/movepainfree.org\/fr\/shoulder\/","url":"https:\/\/movepainfree.org\/fr\/shoulder\/","name":"L'\u00e9paule - Fondation Canadienne d&#039;Orthop\u00e9die","isPartOf":{"@id":"https:\/\/movepainfree.org\/fr\/#website"},"primaryImageOfPage":{"@id":"https:\/\/movepainfree.org\/fr\/shoulder\/#primaryimage"},"image":{"@id":"https:\/\/movepainfree.org\/fr\/shoulder\/#primaryimage"},"thumbnailUrl":"https:\/\/movepainfree.org\/fr\/wp-content\/uploads\/sites\/3\/Shoulder-FR-2019-250x386.jpg","datePublished":"2015-02-23T16:04:47+00:00","dateModified":"2024-04-19T20:20:07+00:00","description":"La Fondation canadienne d'orthop\u00e9die vient en aide aux patients orthop\u00e9diques, aux professionnels de la sant\u00e9 en orthop\u00e9die, ainsi qu'aux personnes qui se pr\u00e9occupent de leur sant\u00e9 et des questions en mati\u00e8re de sant\u00e9 au sein de la collectivit\u00e9, et ce, \u00e0 l'\u00e9gard de la sant\u00e9 des os et des articulations actuelle et \u00e0 venir.","breadcrumb":{"@id":"https:\/\/movepainfree.org\/fr\/shoulder\/#breadcrumb"},"inLanguage":"fr-FR","potentialAction":[{"@type":"ReadAction","target":["https:\/\/movepainfree.org\/fr\/shoulder\/"]}]},{"@type":"ImageObject","inLanguage":"fr-FR","@id":"https:\/\/movepainfree.org\/fr\/shoulder\/#primaryimage","url":"https:\/\/movepainfree.org\/fr\/wp-content\/uploads\/sites\/3\/Shoulder-FR-2019.jpg","contentUrl":"https:\/\/movepainfree.org\/fr\/wp-content\/uploads\/sites\/3\/Shoulder-FR-2019.jpg","width":652,"height":1007},{"@type":"BreadcrumbList","@id":"https:\/\/movepainfree.org\/fr\/shoulder\/#breadcrumb","itemListElement":[{"@type":"ListItem","position":1,"name":"Home","item":"https:\/\/movepainfree.org\/fr\/"},{"@type":"ListItem","position":2,"name":"L&rsquo;\u00e9paule"}]},{"@type":"WebSite","@id":"https:\/\/movepainfree.org\/fr\/#website","url":"https:\/\/movepainfree.org\/fr\/","name":"Fondation Canadienne d&#039;Orthop\u00e9die","description":"Fund-raising Activities Support Research, Education, Community Care","potentialAction":[{"@type":"SearchAction","target":{"@type":"EntryPoint","urlTemplate":"https:\/\/movepainfree.org\/fr\/?s={search_term_string}"},"query-input":{"@type":"PropertyValueSpecification","valueRequired":true,"valueName":"search_term_string"}}],"inLanguage":"fr-FR"}]}},"_links":{"self":[{"href":"https:\/\/movepainfree.org\/fr\/wp-json\/wp\/v2\/pages\/793","targetHints":{"allow":["GET"]}}],"collection":[{"href":"https:\/\/movepainfree.org\/fr\/wp-json\/wp\/v2\/pages"}],"about":[{"href":"https:\/\/movepainfree.org\/fr\/wp-json\/wp\/v2\/types\/page"}],"author":[{"embeddable":true,"href":"https:\/\/movepainfree.org\/fr\/wp-json\/wp\/v2\/users\/1"}],"replies":[{"embeddable":true,"href":"https:\/\/movepainfree.org\/fr\/wp-json\/wp\/v2\/comments?post=793"}],"version-history":[{"count":26,"href":"https:\/\/movepainfree.org\/fr\/wp-json\/wp\/v2\/pages\/793\/revisions"}],"predecessor-version":[{"id":4524,"href":"https:\/\/movepainfree.org\/fr\/wp-json\/wp\/v2\/pages\/793\/revisions\/4524"}],"wp:attachment":[{"href":"https:\/\/movepainfree.org\/fr\/wp-json\/wp\/v2\/media?parent=793"}],"curies":[{"name":"wp","href":"https:\/\/api.w.org\/{rel}","templated":true}]}}