{"id":788,"date":"2015-02-23T15:56:05","date_gmt":"2015-02-23T15:56:05","guid":{"rendered":"https:\/\/movepainfree.org\/fr\/?page_id=788"},"modified":"2024-04-19T20:00:57","modified_gmt":"2024-04-19T20:00:57","slug":"clubfoot","status":"publish","type":"page","link":"https:\/\/movepainfree.org\/fr\/clubfoot\/","title":{"rendered":"Le pied bot"},"content":{"rendered":"<p>Ce \u00e0 quoi on doit s\u2019attendre du traitement et la fa\u00e7on de s\u2019y pr\u00e9parer<\/p>\n<table>\n<tbody>\n<tr>\n<td>\n<h4>Guide \u00e0 l&rsquo;intention des parents sur le pied bot et son traitement selon la m\u00e9thode Ponseti<\/h4>\n<\/td>\n<td><a href=\"https:\/\/movepainfree.org\/fr\/wp-content\/uploads\/sites\/3\/Clubfoot-Booklet_FR.pdf\" target=\"_blank\" rel=\"noopener noreferrer\"><img loading=\"lazy\" decoding=\"async\" class=\"aligncenter wp-image-2039\" src=\"https:\/\/movepainfree.org\/fr\/wp-content\/uploads\/sites\/3\/Clubfoot-Booklet-FR-2015-jpg-250x324.jpg\" alt=\"\" width=\"200\" height=\"259\" srcset=\"https:\/\/movepainfree.org\/fr\/wp-content\/uploads\/sites\/3\/Clubfoot-Booklet-FR-2015-jpg-250x324.jpg 250w, https:\/\/movepainfree.org\/fr\/wp-content\/uploads\/sites\/3\/Clubfoot-Booklet-FR-2015-jpg-120x155.jpg 120w, https:\/\/movepainfree.org\/fr\/wp-content\/uploads\/sites\/3\/Clubfoot-Booklet-FR-2015-jpg.jpg 460w\" sizes=\"auto, (max-width: 200px) 100vw, 200px\" \/><\/a><\/td>\n<td>Id\u00e9al pour les parents d&rsquo;un enfant ayant un pied bot trait\u00e9 selon la m\u00e9thode Ponseti. Pour en t\u00e9l\u00e9charger une copie, <a href=\"https:\/\/movepainfree.org\/fr\/wp-content\/uploads\/sites\/3\/Clubfoot-Booklet_FR.pdf\" target=\"_blank\" rel=\"noopener noreferrer\">cliquez ici<\/a>.<\/td>\n<\/tr>\n<tr>\n<td>\n<h4>Histoire d&rsquo;ancien patient<\/h4>\n<\/td>\n<td><a title=\"B.C. Family Takes Steps to Deal with Club Foot\" href=\"https:\/\/movepainfree.org\/fr\/b-c-family-takes-steps-to-deal-with-club-foot\/\"><img loading=\"lazy\" decoding=\"async\" class=\"alignnone wp-image-251 aligncenter\" src=\"https:\/\/movepainfree.org\/fr\/wp-content\/uploads\/sites\/3\/claire.jpg\" alt=\"claire\" width=\"125\" height=\"125\" srcset=\"https:\/\/movepainfree.org\/fr\/wp-content\/uploads\/sites\/3\/claire.jpg 125w, https:\/\/movepainfree.org\/fr\/wp-content\/uploads\/sites\/3\/claire-120x120.jpg 120w\" sizes=\"auto, (max-width: 125px) 100vw, 125px\" \/><\/a><\/td>\n<td><a title=\"B.C. Family Takes Steps to Deal with Club Foot\" href=\"https:\/\/movepainfree.org\/fr\/b-c-family-takes-steps-to-deal-with-club-foot\/\" target=\"_blank\" rel=\"noopener noreferrer\">Une famille prend des mesures pour rem\u00e9dier \u00e0 un pied bot<\/a><\/td>\n<\/tr>\n<tr>\n<td><\/td>\n<td><\/td>\n<td><\/td>\n<\/tr>\n<tr>\n<td><\/td>\n<td><\/td>\n<td><\/td>\n<\/tr>\n<\/tbody>\n<\/table>\n","protected":false},"excerpt":{"rendered":"Ce \u00e0 quoi on doit s\u2019attendre du traitement et la fa\u00e7on de s\u2019y pr\u00e9parer Guide \u00e0 l&rsquo;intention des parents sur le pied bot et son traitement selon la m\u00e9thode Ponseti&#8230; <a class=\"view-article\" href=\"https:\/\/movepainfree.org\/fr\/clubfoot\/\">View Article<\/a>","protected":false},"author":1,"featured_media":0,"parent":0,"menu_order":0,"comment_status":"closed","ping_status":"closed","template":"","meta":{"footnotes":""},"class_list":["post-788","page","type-page","status-publish","hentry"],"yoast_head":"<!-- This site is optimized with the Yoast SEO plugin v27.0 - https:\/\/yoast.com\/product\/yoast-seo-wordpress\/ -->\n<title>Le pied bot - Fondation Canadienne d&#039;Orthop\u00e9die<\/title>\n<meta name=\"description\" content=\"La Fondation canadienne d&#039;orthop\u00e9die vient en aide aux patients orthop\u00e9diques, aux professionnels de la sant\u00e9 en orthop\u00e9die, ainsi qu&#039;aux personnes qui se pr\u00e9occupent de leur sant\u00e9 et des questions en mati\u00e8re de sant\u00e9 au sein de la collectivit\u00e9, et ce, \u00e0 l&#039;\u00e9gard de la sant\u00e9 des os et des articulations actuelle et \u00e0 venir.\" \/>\n<meta name=\"robots\" content=\"index, follow, max-snippet:-1, max-image-preview:large, max-video-preview:-1\" \/>\n<link rel=\"canonical\" href=\"https:\/\/movepainfree.org\/fr\/clubfoot\/\" \/>\n<meta property=\"og:locale\" content=\"fr_FR\" \/>\n<meta property=\"og:type\" content=\"article\" \/>\n<meta property=\"og:title\" content=\"Le pied bot - Fondation Canadienne d&#039;Orthop\u00e9die\" \/>\n<meta property=\"og:description\" content=\"La Fondation canadienne d&#039;orthop\u00e9die vient en aide aux patients orthop\u00e9diques, aux professionnels de la sant\u00e9 en orthop\u00e9die, ainsi qu&#039;aux personnes qui se pr\u00e9occupent de leur sant\u00e9 et des questions en mati\u00e8re de sant\u00e9 au sein de la collectivit\u00e9, et ce, \u00e0 l&#039;\u00e9gard de la sant\u00e9 des os et des articulations actuelle et \u00e0 venir.\" \/>\n<meta property=\"og:url\" content=\"https:\/\/movepainfree.org\/fr\/clubfoot\/\" \/>\n<meta property=\"og:site_name\" content=\"Fondation Canadienne d&#039;Orthop\u00e9die\" \/>\n<meta property=\"article:modified_time\" content=\"2024-04-19T20:00:57+00:00\" \/>\n<meta property=\"og:image\" content=\"https:\/\/movepainfree.org\/fr\/wp-content\/uploads\/sites\/3\/Clubfoot-Booklet-FR-2015-jpg-250x324.jpg\" \/>\n<meta name=\"twitter:card\" content=\"summary_large_image\" \/>\n<meta name=\"twitter:label1\" content=\"Dur\u00e9e de lecture estim\u00e9e\" \/>\n\t<meta name=\"twitter:data1\" content=\"1 minute\" \/>\n<script type=\"application\/ld+json\" class=\"yoast-schema-graph\">{\"@context\":\"https:\/\/schema.org\",\"@graph\":[{\"@type\":\"WebPage\",\"@id\":\"https:\/\/movepainfree.org\/fr\/clubfoot\/\",\"url\":\"https:\/\/movepainfree.org\/fr\/clubfoot\/\",\"name\":\"Le pied bot - Fondation Canadienne d&#039;Orthop\u00e9die\",\"isPartOf\":{\"@id\":\"https:\/\/movepainfree.org\/fr\/#website\"},\"primaryImageOfPage\":{\"@id\":\"https:\/\/movepainfree.org\/fr\/clubfoot\/#primaryimage\"},\"image\":{\"@id\":\"https:\/\/movepainfree.org\/fr\/clubfoot\/#primaryimage\"},\"thumbnailUrl\":\"https:\/\/movepainfree.org\/fr\/wp-content\/uploads\/sites\/3\/Clubfoot-Booklet-FR-2015-jpg-250x324.jpg\",\"datePublished\":\"2015-02-23T15:56:05+00:00\",\"dateModified\":\"2024-04-19T20:00:57+00:00\",\"description\":\"La Fondation canadienne d'orthop\u00e9die vient en aide aux patients orthop\u00e9diques, aux professionnels de la sant\u00e9 en orthop\u00e9die, ainsi qu'aux personnes qui se pr\u00e9occupent de leur sant\u00e9 et des questions en mati\u00e8re de sant\u00e9 au sein de la collectivit\u00e9, et ce, \u00e0 l'\u00e9gard de la sant\u00e9 des os et des articulations actuelle et \u00e0 venir.\",\"breadcrumb\":{\"@id\":\"https:\/\/movepainfree.org\/fr\/clubfoot\/#breadcrumb\"},\"inLanguage\":\"fr-FR\",\"potentialAction\":[{\"@type\":\"ReadAction\",\"target\":[\"https:\/\/movepainfree.org\/fr\/clubfoot\/\"]}]},{\"@type\":\"ImageObject\",\"inLanguage\":\"fr-FR\",\"@id\":\"https:\/\/movepainfree.org\/fr\/clubfoot\/#primaryimage\",\"url\":\"https:\/\/movepainfree.org\/fr\/wp-content\/uploads\/sites\/3\/Clubfoot-Booklet-FR-2015-jpg.jpg\",\"contentUrl\":\"https:\/\/movepainfree.org\/fr\/wp-content\/uploads\/sites\/3\/Clubfoot-Booklet-FR-2015-jpg.jpg\",\"width\":460,\"height\":596},{\"@type\":\"BreadcrumbList\",\"@id\":\"https:\/\/movepainfree.org\/fr\/clubfoot\/#breadcrumb\",\"itemListElement\":[{\"@type\":\"ListItem\",\"position\":1,\"name\":\"Home\",\"item\":\"https:\/\/movepainfree.org\/fr\/\"},{\"@type\":\"ListItem\",\"position\":2,\"name\":\"Le pied bot\"}]},{\"@type\":\"WebSite\",\"@id\":\"https:\/\/movepainfree.org\/fr\/#website\",\"url\":\"https:\/\/movepainfree.org\/fr\/\",\"name\":\"Fondation Canadienne d&#039;Orthop\u00e9die\",\"description\":\"Fund-raising Activities Support Research, Education, Community Care\",\"potentialAction\":[{\"@type\":\"SearchAction\",\"target\":{\"@type\":\"EntryPoint\",\"urlTemplate\":\"https:\/\/movepainfree.org\/fr\/?s={search_term_string}\"},\"query-input\":{\"@type\":\"PropertyValueSpecification\",\"valueRequired\":true,\"valueName\":\"search_term_string\"}}],\"inLanguage\":\"fr-FR\"}]}<\/script>\n<!-- \/ Yoast SEO plugin. -->","yoast_head_json":{"title":"Le pied bot - Fondation Canadienne d&#039;Orthop\u00e9die","description":"La Fondation canadienne d'orthop\u00e9die vient en aide aux patients orthop\u00e9diques, aux professionnels de la sant\u00e9 en orthop\u00e9die, ainsi qu'aux personnes qui se pr\u00e9occupent de leur sant\u00e9 et des questions en mati\u00e8re de sant\u00e9 au sein de la collectivit\u00e9, et ce, \u00e0 l'\u00e9gard de la sant\u00e9 des os et des articulations actuelle et \u00e0 venir.","robots":{"index":"index","follow":"follow","max-snippet":"max-snippet:-1","max-image-preview":"max-image-preview:large","max-video-preview":"max-video-preview:-1"},"canonical":"https:\/\/movepainfree.org\/fr\/clubfoot\/","og_locale":"fr_FR","og_type":"article","og_title":"Le pied bot - Fondation Canadienne d&#039;Orthop\u00e9die","og_description":"La Fondation canadienne d'orthop\u00e9die vient en aide aux patients orthop\u00e9diques, aux professionnels de la sant\u00e9 en orthop\u00e9die, ainsi qu'aux personnes qui se pr\u00e9occupent de leur sant\u00e9 et des questions en mati\u00e8re de sant\u00e9 au sein de la collectivit\u00e9, et ce, \u00e0 l'\u00e9gard de la sant\u00e9 des os et des articulations actuelle et \u00e0 venir.","og_url":"https:\/\/movepainfree.org\/fr\/clubfoot\/","og_site_name":"Fondation Canadienne d&#039;Orthop\u00e9die","article_modified_time":"2024-04-19T20:00:57+00:00","og_image":[{"url":"https:\/\/movepainfree.org\/fr\/wp-content\/uploads\/sites\/3\/Clubfoot-Booklet-FR-2015-jpg-250x324.jpg","type":"","width":"","height":""}],"twitter_card":"summary_large_image","twitter_misc":{"Dur\u00e9e de lecture estim\u00e9e":"1 minute"},"schema":{"@context":"https:\/\/schema.org","@graph":[{"@type":"WebPage","@id":"https:\/\/movepainfree.org\/fr\/clubfoot\/","url":"https:\/\/movepainfree.org\/fr\/clubfoot\/","name":"Le pied bot - Fondation Canadienne d&#039;Orthop\u00e9die","isPartOf":{"@id":"https:\/\/movepainfree.org\/fr\/#website"},"primaryImageOfPage":{"@id":"https:\/\/movepainfree.org\/fr\/clubfoot\/#primaryimage"},"image":{"@id":"https:\/\/movepainfree.org\/fr\/clubfoot\/#primaryimage"},"thumbnailUrl":"https:\/\/movepainfree.org\/fr\/wp-content\/uploads\/sites\/3\/Clubfoot-Booklet-FR-2015-jpg-250x324.jpg","datePublished":"2015-02-23T15:56:05+00:00","dateModified":"2024-04-19T20:00:57+00:00","description":"La Fondation canadienne d'orthop\u00e9die vient en aide aux patients orthop\u00e9diques, aux professionnels de la sant\u00e9 en orthop\u00e9die, ainsi qu'aux personnes qui se pr\u00e9occupent de leur sant\u00e9 et des questions en mati\u00e8re de sant\u00e9 au sein de la collectivit\u00e9, et ce, \u00e0 l'\u00e9gard de la sant\u00e9 des os et des articulations actuelle et \u00e0 venir.","breadcrumb":{"@id":"https:\/\/movepainfree.org\/fr\/clubfoot\/#breadcrumb"},"inLanguage":"fr-FR","potentialAction":[{"@type":"ReadAction","target":["https:\/\/movepainfree.org\/fr\/clubfoot\/"]}]},{"@type":"ImageObject","inLanguage":"fr-FR","@id":"https:\/\/movepainfree.org\/fr\/clubfoot\/#primaryimage","url":"https:\/\/movepainfree.org\/fr\/wp-content\/uploads\/sites\/3\/Clubfoot-Booklet-FR-2015-jpg.jpg","contentUrl":"https:\/\/movepainfree.org\/fr\/wp-content\/uploads\/sites\/3\/Clubfoot-Booklet-FR-2015-jpg.jpg","width":460,"height":596},{"@type":"BreadcrumbList","@id":"https:\/\/movepainfree.org\/fr\/clubfoot\/#breadcrumb","itemListElement":[{"@type":"ListItem","position":1,"name":"Home","item":"https:\/\/movepainfree.org\/fr\/"},{"@type":"ListItem","position":2,"name":"Le pied bot"}]},{"@type":"WebSite","@id":"https:\/\/movepainfree.org\/fr\/#website","url":"https:\/\/movepainfree.org\/fr\/","name":"Fondation Canadienne d&#039;Orthop\u00e9die","description":"Fund-raising Activities Support Research, Education, Community Care","potentialAction":[{"@type":"SearchAction","target":{"@type":"EntryPoint","urlTemplate":"https:\/\/movepainfree.org\/fr\/?s={search_term_string}"},"query-input":{"@type":"PropertyValueSpecification","valueRequired":true,"valueName":"search_term_string"}}],"inLanguage":"fr-FR"}]}},"_links":{"self":[{"href":"https:\/\/movepainfree.org\/fr\/wp-json\/wp\/v2\/pages\/788","targetHints":{"allow":["GET"]}}],"collection":[{"href":"https:\/\/movepainfree.org\/fr\/wp-json\/wp\/v2\/pages"}],"about":[{"href":"https:\/\/movepainfree.org\/fr\/wp-json\/wp\/v2\/types\/page"}],"author":[{"embeddable":true,"href":"https:\/\/movepainfree.org\/fr\/wp-json\/wp\/v2\/users\/1"}],"replies":[{"embeddable":true,"href":"https:\/\/movepainfree.org\/fr\/wp-json\/wp\/v2\/comments?post=788"}],"version-history":[{"count":11,"href":"https:\/\/movepainfree.org\/fr\/wp-json\/wp\/v2\/pages\/788\/revisions"}],"predecessor-version":[{"id":4506,"href":"https:\/\/movepainfree.org\/fr\/wp-json\/wp\/v2\/pages\/788\/revisions\/4506"}],"wp:attachment":[{"href":"https:\/\/movepainfree.org\/fr\/wp-json\/wp\/v2\/media?parent=788"}],"curies":[{"name":"wp","href":"https:\/\/api.w.org\/{rel}","templated":true}]}}