{"id":760,"date":"2015-02-23T15:31:55","date_gmt":"2015-02-23T15:31:55","guid":{"rendered":"https:\/\/movepainfree.org\/fr\/?page_id=760"},"modified":"2024-04-26T20:17:18","modified_gmt":"2024-04-26T20:17:18","slug":"hip-fracture","status":"publish","type":"page","link":"https:\/\/movepainfree.org\/fr\/hip-fracture\/","title":{"rendered":"Une fracture de la hanche"},"content":{"rendered":"<p>Ce \u00e0 quoi on doit s\u2019attendre du traitement et la fa\u00e7on de s\u2019y pr\u00e9parer<\/p>\n<table>\n<tbody>\n<tr>\n<td>\n<h4>R\u00e9tablissement apr\u00e8s une fracture de la hanche : Renseignements pour les patients<\/h4>\n<\/td>\n<td><strong><a href=\"https:\/\/movepainfree.org\/fr\/wp-content\/uploads\/sites\/3\/Hip-Fracture-Booklet_FR.pdf\" target=\"_blank\" rel=\"noopener noreferrer\"><img loading=\"lazy\" decoding=\"async\" class=\"aligncenter wp-image-2042\" src=\"https:\/\/movepainfree.org\/fr\/wp-content\/uploads\/sites\/3\/Hip-Fracture-FR-2015-jpg-250x386.jpg\" alt=\"\" width=\"150\" height=\"232\" srcset=\"https:\/\/movepainfree.org\/fr\/wp-content\/uploads\/sites\/3\/Hip-Fracture-FR-2015-jpg-250x386.jpg 250w, https:\/\/movepainfree.org\/fr\/wp-content\/uploads\/sites\/3\/Hip-Fracture-FR-2015-jpg-120x185.jpg 120w, https:\/\/movepainfree.org\/fr\/wp-content\/uploads\/sites\/3\/Hip-Fracture-FR-2015-jpg.jpg 388w\" sizes=\"auto, (max-width: 150px) 100vw, 150px\" \/><\/a><\/strong><\/td>\n<td><a href=\"https:\/\/movepainfree.org\/fr\/wp-content\/uploads\/sites\/3\/Hip-Fracture-Booklet_FR.pdf\" target=\"_blank\" rel=\"noopener noreferrer\">Pour en t\u00e9l\u00e9charger une copie, cliquez ici.<\/a><\/td>\n<\/tr>\n<tr>\n<td>\n<h4>Plus d\u2019information sur une fracture de la hanche<\/h4>\n<\/td>\n<td><\/td>\n<td><a href=\"https:\/\/movepainfree.org\/fr\/about-orthopaedics\/joint-anatomy\/hip\/fractures-de-la-hanche\/\" target=\"_blank\" rel=\"noopener\">\u00c0 propos de fracture de la hanche<\/a><\/td>\n<\/tr>\n<tr>\n<td>\n<h4>Plus d\u2019information sur la r\u00e9tablissement apr\u00e8s une fracture de la hanche<\/h4>\n<\/td>\n<td><\/td>\n<td>\n<ul>\n<li><span style=\"font-family: Verdana, Arial, Helvetica, sans-serif; font-size: 11px;\"><a href=\"https:\/\/movepainfree.org\/fr\/wp-content\/uploads\/sites\/3\/Assisstive-Devices-and-Home-Adapation-Following-a-Hip-Fracture-FR.pdf\" target=\"_blank\" rel=\"noopener noreferrer\">Appareils fonctionnels et adaptation du domicile\u00a0<\/a>apr\u00e8s une fracture de la hanche<\/span><\/li>\n<li><span style=\"font-family: Verdana, Arial, Helvetica, sans-serif; font-size: 11px;\"><a href=\"https:\/\/movepainfree.org\/fr\/wp-content\/uploads\/sites\/3\/Getting-Active-Following-a-Hip-Fracture-FR-2024.pdf\" target=\"_blank\" rel=\"noopener noreferrer\">Activit\u00e9 physique<\/a> apr\u00e8s une fracture de la hanche<\/span><\/li>\n<li><span style=\"font-family: Verdana, Arial, Helvetica, sans-serif; font-size: 11px;\"><a href=\"https:\/\/movepainfree.org\/fr\/wp-content\/uploads\/sites\/3\/Maximizing-Your-Benefits-Following-a-Hip-Fracture-FR-2024.pdf\" target=\"_blank\" rel=\"noopener noreferrer\">Maximisez les avantages<\/a> apr\u00e8s une fracture de la hanche<\/span><\/li>\n<li><span style=\"font-family: Verdana, Arial, Helvetica, sans-serif; font-size: 11px;\"><a href=\"https:\/\/movepainfree.org\/fr\/wp-content\/uploads\/sites\/3\/Nutrition-Following-a-Hip-Fracture-FR-2024.pdf\" target=\"_blank\" rel=\"noopener noreferrer\">Alimentation<\/a> apr\u00e8s une fracture de la hanche<\/span><\/li>\n<li><span style=\"font-family: Verdana, Arial, Helvetica, sans-serif; font-size: 11px;\"><a href=\"https:\/\/movepainfree.org\/fr\/wp-content\/uploads\/sites\/3\/Osteoporosis-and-Hip-Fractures-FR.pdf\" target=\"_blank\" rel=\"noopener noreferrer\">Ost\u00e9oporose<\/a> et fracture de la hanche<\/span><\/li>\n<li><span style=\"font-family: Verdana, Arial, Helvetica, sans-serif; font-size: 11px;\"><a href=\"https:\/\/movepainfree.org\/fr\/wp-content\/uploads\/sites\/3\/Travel-and-Activities-Following-a-Hip-Fracture-FR.pdf\" target=\"_blank\" rel=\"noopener noreferrer\">Activit\u00e9s et d\u00e9placements<\/a> apr\u00e8s une fracture de la Plus d\u2019information sur la r\u00e9tablissement apr\u00e8s une fracture de la hanche<\/span><\/li>\n<\/ul>\n<\/td>\n<\/tr>\n<tr>\n<td><\/td>\n<td><\/td>\n<td><\/td>\n<\/tr>\n<\/tbody>\n<\/table>\n","protected":false},"excerpt":{"rendered":"Ce \u00e0 quoi on doit s\u2019attendre du traitement et la fa\u00e7on de s\u2019y pr\u00e9parer R\u00e9tablissement apr\u00e8s une fracture de la hanche : Renseignements pour les patients Pour en t\u00e9l\u00e9charger une&#8230; <a class=\"view-article\" href=\"https:\/\/movepainfree.org\/fr\/hip-fracture\/\">View Article<\/a>","protected":false},"author":1,"featured_media":0,"parent":0,"menu_order":0,"comment_status":"closed","ping_status":"closed","template":"","meta":{"footnotes":""},"class_list":["post-760","page","type-page","status-publish","hentry"],"yoast_head":"<!-- This site is optimized with the Yoast SEO plugin v27.0 - https:\/\/yoast.com\/product\/yoast-seo-wordpress\/ -->\n<title>Une fracture de la hanche - Fondation Canadienne d&#039;Orthop\u00e9die<\/title>\n<meta name=\"description\" content=\"La Fondation canadienne d&#039;orthop\u00e9die vient en aide aux patients orthop\u00e9diques, aux professionnels de la sant\u00e9 en orthop\u00e9die, ainsi qu&#039;aux personnes qui se pr\u00e9occupent de leur sant\u00e9 et des questions en mati\u00e8re de sant\u00e9 au sein de la collectivit\u00e9, et ce, \u00e0 l&#039;\u00e9gard de la sant\u00e9 des os et des articulations actuelle et \u00e0 venir.\" \/>\n<meta name=\"robots\" content=\"index, follow, max-snippet:-1, max-image-preview:large, max-video-preview:-1\" \/>\n<link rel=\"canonical\" href=\"https:\/\/movepainfree.org\/fr\/hip-fracture\/\" \/>\n<meta property=\"og:locale\" content=\"fr_FR\" \/>\n<meta property=\"og:type\" content=\"article\" \/>\n<meta property=\"og:title\" content=\"Une fracture de la hanche - Fondation Canadienne d&#039;Orthop\u00e9die\" \/>\n<meta property=\"og:description\" content=\"La Fondation canadienne d&#039;orthop\u00e9die vient en aide aux patients orthop\u00e9diques, aux professionnels de la sant\u00e9 en orthop\u00e9die, ainsi qu&#039;aux personnes qui se pr\u00e9occupent de leur sant\u00e9 et des questions en mati\u00e8re de sant\u00e9 au sein de la collectivit\u00e9, et ce, \u00e0 l&#039;\u00e9gard de la sant\u00e9 des os et des articulations actuelle et \u00e0 venir.\" \/>\n<meta property=\"og:url\" content=\"https:\/\/movepainfree.org\/fr\/hip-fracture\/\" \/>\n<meta property=\"og:site_name\" content=\"Fondation Canadienne d&#039;Orthop\u00e9die\" \/>\n<meta property=\"article:modified_time\" content=\"2024-04-26T20:17:18+00:00\" \/>\n<meta property=\"og:image\" content=\"https:\/\/movepainfree.org\/fr\/wp-content\/uploads\/sites\/3\/Hip-Fracture-FR-2015-jpg-250x386.jpg\" \/>\n<meta name=\"twitter:card\" content=\"summary_large_image\" \/>\n<meta name=\"twitter:label1\" content=\"Dur\u00e9e de lecture estim\u00e9e\" \/>\n\t<meta name=\"twitter:data1\" content=\"1 minute\" \/>\n<script type=\"application\/ld+json\" class=\"yoast-schema-graph\">{\"@context\":\"https:\/\/schema.org\",\"@graph\":[{\"@type\":\"WebPage\",\"@id\":\"https:\/\/movepainfree.org\/fr\/hip-fracture\/\",\"url\":\"https:\/\/movepainfree.org\/fr\/hip-fracture\/\",\"name\":\"Une fracture de la hanche - Fondation Canadienne d&#039;Orthop\u00e9die\",\"isPartOf\":{\"@id\":\"https:\/\/movepainfree.org\/fr\/#website\"},\"primaryImageOfPage\":{\"@id\":\"https:\/\/movepainfree.org\/fr\/hip-fracture\/#primaryimage\"},\"image\":{\"@id\":\"https:\/\/movepainfree.org\/fr\/hip-fracture\/#primaryimage\"},\"thumbnailUrl\":\"https:\/\/movepainfree.org\/fr\/wp-content\/uploads\/sites\/3\/Hip-Fracture-FR-2015-jpg-250x386.jpg\",\"datePublished\":\"2015-02-23T15:31:55+00:00\",\"dateModified\":\"2024-04-26T20:17:18+00:00\",\"description\":\"La Fondation canadienne d'orthop\u00e9die vient en aide aux patients orthop\u00e9diques, aux professionnels de la sant\u00e9 en orthop\u00e9die, ainsi qu'aux personnes qui se pr\u00e9occupent de leur sant\u00e9 et des questions en mati\u00e8re de sant\u00e9 au sein de la collectivit\u00e9, et ce, \u00e0 l'\u00e9gard de la sant\u00e9 des os et des articulations actuelle et \u00e0 venir.\",\"breadcrumb\":{\"@id\":\"https:\/\/movepainfree.org\/fr\/hip-fracture\/#breadcrumb\"},\"inLanguage\":\"fr-FR\",\"potentialAction\":[{\"@type\":\"ReadAction\",\"target\":[\"https:\/\/movepainfree.org\/fr\/hip-fracture\/\"]}]},{\"@type\":\"ImageObject\",\"inLanguage\":\"fr-FR\",\"@id\":\"https:\/\/movepainfree.org\/fr\/hip-fracture\/#primaryimage\",\"url\":\"https:\/\/movepainfree.org\/fr\/wp-content\/uploads\/sites\/3\/Hip-Fracture-FR-2015-jpg.jpg\",\"contentUrl\":\"https:\/\/movepainfree.org\/fr\/wp-content\/uploads\/sites\/3\/Hip-Fracture-FR-2015-jpg.jpg\",\"width\":388,\"height\":599},{\"@type\":\"BreadcrumbList\",\"@id\":\"https:\/\/movepainfree.org\/fr\/hip-fracture\/#breadcrumb\",\"itemListElement\":[{\"@type\":\"ListItem\",\"position\":1,\"name\":\"Home\",\"item\":\"https:\/\/movepainfree.org\/fr\/\"},{\"@type\":\"ListItem\",\"position\":2,\"name\":\"Une fracture de la hanche\"}]},{\"@type\":\"WebSite\",\"@id\":\"https:\/\/movepainfree.org\/fr\/#website\",\"url\":\"https:\/\/movepainfree.org\/fr\/\",\"name\":\"Fondation Canadienne d&#039;Orthop\u00e9die\",\"description\":\"Fund-raising Activities Support Research, Education, Community Care\",\"potentialAction\":[{\"@type\":\"SearchAction\",\"target\":{\"@type\":\"EntryPoint\",\"urlTemplate\":\"https:\/\/movepainfree.org\/fr\/?s={search_term_string}\"},\"query-input\":{\"@type\":\"PropertyValueSpecification\",\"valueRequired\":true,\"valueName\":\"search_term_string\"}}],\"inLanguage\":\"fr-FR\"}]}<\/script>\n<!-- \/ Yoast SEO plugin. -->","yoast_head_json":{"title":"Une fracture de la hanche - Fondation Canadienne d&#039;Orthop\u00e9die","description":"La Fondation canadienne d'orthop\u00e9die vient en aide aux patients orthop\u00e9diques, aux professionnels de la sant\u00e9 en orthop\u00e9die, ainsi qu'aux personnes qui se pr\u00e9occupent de leur sant\u00e9 et des questions en mati\u00e8re de sant\u00e9 au sein de la collectivit\u00e9, et ce, \u00e0 l'\u00e9gard de la sant\u00e9 des os et des articulations actuelle et \u00e0 venir.","robots":{"index":"index","follow":"follow","max-snippet":"max-snippet:-1","max-image-preview":"max-image-preview:large","max-video-preview":"max-video-preview:-1"},"canonical":"https:\/\/movepainfree.org\/fr\/hip-fracture\/","og_locale":"fr_FR","og_type":"article","og_title":"Une fracture de la hanche - Fondation Canadienne d&#039;Orthop\u00e9die","og_description":"La Fondation canadienne d'orthop\u00e9die vient en aide aux patients orthop\u00e9diques, aux professionnels de la sant\u00e9 en orthop\u00e9die, ainsi qu'aux personnes qui se pr\u00e9occupent de leur sant\u00e9 et des questions en mati\u00e8re de sant\u00e9 au sein de la collectivit\u00e9, et ce, \u00e0 l'\u00e9gard de la sant\u00e9 des os et des articulations actuelle et \u00e0 venir.","og_url":"https:\/\/movepainfree.org\/fr\/hip-fracture\/","og_site_name":"Fondation Canadienne d&#039;Orthop\u00e9die","article_modified_time":"2024-04-26T20:17:18+00:00","og_image":[{"url":"https:\/\/movepainfree.org\/fr\/wp-content\/uploads\/sites\/3\/Hip-Fracture-FR-2015-jpg-250x386.jpg","type":"","width":"","height":""}],"twitter_card":"summary_large_image","twitter_misc":{"Dur\u00e9e de lecture estim\u00e9e":"1 minute"},"schema":{"@context":"https:\/\/schema.org","@graph":[{"@type":"WebPage","@id":"https:\/\/movepainfree.org\/fr\/hip-fracture\/","url":"https:\/\/movepainfree.org\/fr\/hip-fracture\/","name":"Une fracture de la hanche - Fondation Canadienne d&#039;Orthop\u00e9die","isPartOf":{"@id":"https:\/\/movepainfree.org\/fr\/#website"},"primaryImageOfPage":{"@id":"https:\/\/movepainfree.org\/fr\/hip-fracture\/#primaryimage"},"image":{"@id":"https:\/\/movepainfree.org\/fr\/hip-fracture\/#primaryimage"},"thumbnailUrl":"https:\/\/movepainfree.org\/fr\/wp-content\/uploads\/sites\/3\/Hip-Fracture-FR-2015-jpg-250x386.jpg","datePublished":"2015-02-23T15:31:55+00:00","dateModified":"2024-04-26T20:17:18+00:00","description":"La Fondation canadienne d'orthop\u00e9die vient en aide aux patients orthop\u00e9diques, aux professionnels de la sant\u00e9 en orthop\u00e9die, ainsi qu'aux personnes qui se pr\u00e9occupent de leur sant\u00e9 et des questions en mati\u00e8re de sant\u00e9 au sein de la collectivit\u00e9, et ce, \u00e0 l'\u00e9gard de la sant\u00e9 des os et des articulations actuelle et \u00e0 venir.","breadcrumb":{"@id":"https:\/\/movepainfree.org\/fr\/hip-fracture\/#breadcrumb"},"inLanguage":"fr-FR","potentialAction":[{"@type":"ReadAction","target":["https:\/\/movepainfree.org\/fr\/hip-fracture\/"]}]},{"@type":"ImageObject","inLanguage":"fr-FR","@id":"https:\/\/movepainfree.org\/fr\/hip-fracture\/#primaryimage","url":"https:\/\/movepainfree.org\/fr\/wp-content\/uploads\/sites\/3\/Hip-Fracture-FR-2015-jpg.jpg","contentUrl":"https:\/\/movepainfree.org\/fr\/wp-content\/uploads\/sites\/3\/Hip-Fracture-FR-2015-jpg.jpg","width":388,"height":599},{"@type":"BreadcrumbList","@id":"https:\/\/movepainfree.org\/fr\/hip-fracture\/#breadcrumb","itemListElement":[{"@type":"ListItem","position":1,"name":"Home","item":"https:\/\/movepainfree.org\/fr\/"},{"@type":"ListItem","position":2,"name":"Une fracture de la hanche"}]},{"@type":"WebSite","@id":"https:\/\/movepainfree.org\/fr\/#website","url":"https:\/\/movepainfree.org\/fr\/","name":"Fondation Canadienne d&#039;Orthop\u00e9die","description":"Fund-raising Activities Support Research, Education, Community Care","potentialAction":[{"@type":"SearchAction","target":{"@type":"EntryPoint","urlTemplate":"https:\/\/movepainfree.org\/fr\/?s={search_term_string}"},"query-input":{"@type":"PropertyValueSpecification","valueRequired":true,"valueName":"search_term_string"}}],"inLanguage":"fr-FR"}]}},"_links":{"self":[{"href":"https:\/\/movepainfree.org\/fr\/wp-json\/wp\/v2\/pages\/760","targetHints":{"allow":["GET"]}}],"collection":[{"href":"https:\/\/movepainfree.org\/fr\/wp-json\/wp\/v2\/pages"}],"about":[{"href":"https:\/\/movepainfree.org\/fr\/wp-json\/wp\/v2\/types\/page"}],"author":[{"embeddable":true,"href":"https:\/\/movepainfree.org\/fr\/wp-json\/wp\/v2\/users\/1"}],"replies":[{"embeddable":true,"href":"https:\/\/movepainfree.org\/fr\/wp-json\/wp\/v2\/comments?post=760"}],"version-history":[{"count":23,"href":"https:\/\/movepainfree.org\/fr\/wp-json\/wp\/v2\/pages\/760\/revisions"}],"predecessor-version":[{"id":4533,"href":"https:\/\/movepainfree.org\/fr\/wp-json\/wp\/v2\/pages\/760\/revisions\/4533"}],"wp:attachment":[{"href":"https:\/\/movepainfree.org\/fr\/wp-json\/wp\/v2\/media?parent=760"}],"curies":[{"name":"wp","href":"https:\/\/api.w.org\/{rel}","templated":true}]}}