{"id":739,"date":"2015-02-23T15:04:36","date_gmt":"2015-02-23T15:04:36","guid":{"rendered":"https:\/\/movepainfree.org\/fr\/?page_id=739"},"modified":"2024-04-19T19:51:07","modified_gmt":"2024-04-19T19:51:07","slug":"hip-replacement","status":"publish","type":"page","link":"https:\/\/movepainfree.org\/fr\/hip-replacement\/","title":{"rendered":"Arthroplastie de la hanche"},"content":{"rendered":"<p>Ce \u00e0 quoi on doit s\u2019attendre du traitement et la fa\u00e7on de s\u2019y pr\u00e9parer<\/p>\n<h4>Regardez des vid\u00e9os \u00e0 l\u2019intention des patients sur l\u2019arthroplastie de la hanche.<\/h4>\n<p><a title=\"Watch Videos\" href=\"https:\/\/movepainfree.org\/fr\/about-orthopaedics\/watch-videos\/\"><img loading=\"lazy\" decoding=\"async\" class=\"alignnone wp-image-746\" src=\"https:\/\/movepainfree.org\/fr\/wp-content\/uploads\/sites\/3\/Screen-Shot-2015-02-23-at-9.51.18-AM-250x141.png\" alt=\"Screen Shot 2015-02-23 at 9.51.18 AM\" width=\"150\" height=\"84\" srcset=\"https:\/\/movepainfree.org\/fr\/wp-content\/uploads\/sites\/3\/Screen-Shot-2015-02-23-at-9.51.18-AM-250x141.png 250w, https:\/\/movepainfree.org\/fr\/wp-content\/uploads\/sites\/3\/Screen-Shot-2015-02-23-at-9.51.18-AM-120x67.png 120w, https:\/\/movepainfree.org\/fr\/wp-content\/uploads\/sites\/3\/Screen-Shot-2015-02-23-at-9.51.18-AM.png 555w\" sizes=\"auto, (max-width: 150px) 100vw, 150px\" \/> <\/a><a title=\"Watch Videos\" href=\"https:\/\/movepainfree.org\/fr\/about-orthopaedics\/watch-videos\/\" target=\"_blank\" rel=\"noopener noreferrer\">Cliquez ici<\/a><\/p>\n<table>\n<tbody>\n<tr>\n<td>\n<h4>La Planification Pour Des R\u00e9sultats Optimaux : Pr\u00e9paration en vue de votre chirurgie<\/h4>\n<\/td>\n<td><a href=\"https:\/\/movepainfree.org\/fr\/wp-content\/uploads\/sites\/3\/Patient-Planning-Booklet_FR.pdf\" target=\"_blank\" rel=\"noopener noreferrer\"><img loading=\"lazy\" decoding=\"async\" class=\"alignnone wp-image-741\" src=\"https:\/\/movepainfree.org\/fr\/wp-content\/uploads\/sites\/3\/patient-planning.png\" alt=\"COFpatientPlanning_EN-1\" width=\"150\" height=\"232\" \/><\/a><\/td>\n<td><a href=\"https:\/\/movepainfree.org\/fr\/wp-content\/uploads\/sites\/3\/Patient-Planning-Booklet_FR.pdf\" target=\"_blank\" rel=\"noopener noreferrer\">Pour en t\u00e9l\u00e9charger une copie, cliquez ici.<\/a><\/td>\n<\/tr>\n<tr>\n<td>\n<h4>Bougez! Maximisez votre activit\u00e9 physique apr\u00e8s une arthroplastie de la hanche ou du genou<\/h4>\n<\/td>\n<td><a href=\"https:\/\/movepainfree.org\/fr\/wp-content\/uploads\/sites\/3\/Get-Moving-Booklet_FR.pdf\" target=\"_blank\" rel=\"noopener noreferrer\"><img loading=\"lazy\" decoding=\"async\" class=\"aligncenter wp-image-2063\" src=\"https:\/\/movepainfree.org\/fr\/wp-content\/uploads\/sites\/3\/Get-Moving-FR-2015-jpg-250x388.jpg\" alt=\"\" width=\"150\" height=\"233\" srcset=\"https:\/\/movepainfree.org\/fr\/wp-content\/uploads\/sites\/3\/Get-Moving-FR-2015-jpg-250x388.jpg 250w, https:\/\/movepainfree.org\/fr\/wp-content\/uploads\/sites\/3\/Get-Moving-FR-2015-jpg-120x186.jpg 120w, https:\/\/movepainfree.org\/fr\/wp-content\/uploads\/sites\/3\/Get-Moving-FR-2015-jpg.jpg 384w\" sizes=\"auto, (max-width: 150px) 100vw, 150px\" \/><\/a><\/td>\n<td><a href=\"https:\/\/movepainfree.org\/fr\/wp-content\/uploads\/sites\/3\/Get-Moving-Booklet_FR.pdf\" target=\"_blank\" rel=\"noopener noreferrer\">Pour en t\u00e9l\u00e9charger une copie, cliquez ici.<\/a><\/td>\n<\/tr>\n<tr>\n<td>\n<h4>Conseils pour un r\u00e9tablissement rapide et agr\u00e9able apr\u00e8s une : arthroplastie de la hanche<\/h4>\n<\/td>\n<td><a href=\"https:\/\/movepainfree.org\/fr\/wp-content\/uploads\/sites\/3\/Hip-Replacement-Booklet_FR.pdf\" target=\"_blank\" rel=\"noopener noreferrer\"><img loading=\"lazy\" decoding=\"async\" class=\"aligncenter wp-image-2043\" src=\"https:\/\/movepainfree.org\/fr\/wp-content\/uploads\/sites\/3\/Hip-Replacement-FR-2015-jpg-250x388.jpg\" alt=\"\" width=\"150\" height=\"233\" srcset=\"https:\/\/movepainfree.org\/fr\/wp-content\/uploads\/sites\/3\/Hip-Replacement-FR-2015-jpg-250x388.jpg 250w, https:\/\/movepainfree.org\/fr\/wp-content\/uploads\/sites\/3\/Hip-Replacement-FR-2015-jpg-120x186.jpg 120w, https:\/\/movepainfree.org\/fr\/wp-content\/uploads\/sites\/3\/Hip-Replacement-FR-2015-jpg.jpg 388w\" sizes=\"auto, (max-width: 150px) 100vw, 150px\" \/><\/a><\/td>\n<td><a href=\"https:\/\/movepainfree.org\/fr\/wp-content\/uploads\/sites\/3\/Hip-Replacement-Booklet_FR.pdf\" target=\"_blank\" rel=\"noopener noreferrer\">Pour en t\u00e9l\u00e9charger une copie, cliquez ici.<\/a><\/td>\n<\/tr>\n<tr>\n<td>\n<h4>\u00c0 propos de la hanche<\/h4>\n<\/td>\n<td><\/td>\n<td><a title=\"Hip\" href=\"https:\/\/movepainfree.org\/fr\/about-orthopaedics\/joint-anatomy\/hip\/\" target=\"_blank\" rel=\"noopener noreferrer\">Cliquez ici pour en savoir plus.<\/a><\/td>\n<\/tr>\n<tr>\n<td>\n<h4>Qu&rsquo;est-ce que l&rsquo;arthrite?<\/h4>\n<\/td>\n<td><\/td>\n<td><a title=\"Arthritis\" href=\"https:\/\/movepainfree.org\/fr\/about-orthopaedics\/conditions-and-ailments\/arthritis\/\" target=\"_blank\" rel=\"noopener noreferrer\">Cliquez ici pour en savoir plus.<\/a><\/td>\n<\/tr>\n<tr>\n<td>\n<h4>Cesser de fumer avant chirurgie<\/h4>\n<\/td>\n<td><img loading=\"lazy\" decoding=\"async\" class=\"aligncenter wp-image-2065 size-thumbnail\" src=\"https:\/\/movepainfree.org\/fr\/wp-content\/uploads\/sites\/3\/Smoking-Cessation-Brochure-website-EN-2015-150x150.jpg\" alt=\"\" width=\"150\" height=\"150\" srcset=\"https:\/\/movepainfree.org\/fr\/wp-content\/uploads\/sites\/3\/Smoking-Cessation-Brochure-website-EN-2015-150x150.jpg 150w, https:\/\/movepainfree.org\/fr\/wp-content\/uploads\/sites\/3\/Smoking-Cessation-Brochure-website-EN-2015-180x180.jpg 180w, https:\/\/movepainfree.org\/fr\/wp-content\/uploads\/sites\/3\/Smoking-Cessation-Brochure-website-EN-2015-300x300.jpg 300w\" sizes=\"auto, (max-width: 150px) 100vw, 150px\" \/><\/td>\n<td><a href=\"https:\/\/movepainfree.org\/wp-content\/uploads\/Smoking-Cessation-Brochure_EN.pdf\" target=\"_blank\" rel=\"noopener noreferrer\">Cliquez ici pour en savoir plus.<\/a>\u00a0<em>en anglais seulement<\/em><\/td>\n<\/tr>\n<tr>\n<td><\/td>\n<td><\/td>\n<td><\/td>\n<\/tr>\n<tr>\n<td><\/td>\n<td><\/td>\n<td><\/td>\n<\/tr>\n<\/tbody>\n<\/table>\n","protected":false},"excerpt":{"rendered":"Ce \u00e0 quoi on doit s\u2019attendre du traitement et la fa\u00e7on de s\u2019y pr\u00e9parer Regardez des vid\u00e9os \u00e0 l\u2019intention des patients sur l\u2019arthroplastie de la hanche. Cliquez ici La Planification&#8230; <a class=\"view-article\" href=\"https:\/\/movepainfree.org\/fr\/hip-replacement\/\">View Article<\/a>","protected":false},"author":1,"featured_media":0,"parent":0,"menu_order":0,"comment_status":"closed","ping_status":"closed","template":"","meta":{"footnotes":""},"class_list":["post-739","page","type-page","status-publish","hentry"],"yoast_head":"<!-- This site is optimized with the Yoast SEO plugin v27.0 - https:\/\/yoast.com\/product\/yoast-seo-wordpress\/ -->\n<title>Arthroplastie de la hanche - Fondation Canadienne d&#039;Orthop\u00e9die<\/title>\n<meta name=\"description\" content=\"La Fondation canadienne d&#039;orthop\u00e9die vient en aide aux patients orthop\u00e9diques, aux professionnels de la sant\u00e9 en orthop\u00e9die, ainsi qu&#039;aux personnes qui se pr\u00e9occupent de leur sant\u00e9 et des questions en mati\u00e8re de sant\u00e9 au sein de la collectivit\u00e9, et ce, \u00e0 l&#039;\u00e9gard de la sant\u00e9 des os et des articulations actuelle et \u00e0 venir.\" \/>\n<meta name=\"robots\" content=\"index, follow, max-snippet:-1, max-image-preview:large, max-video-preview:-1\" \/>\n<link rel=\"canonical\" href=\"https:\/\/movepainfree.org\/fr\/hip-replacement\/\" \/>\n<meta property=\"og:locale\" content=\"fr_FR\" \/>\n<meta property=\"og:type\" content=\"article\" \/>\n<meta property=\"og:title\" content=\"Arthroplastie de la hanche - Fondation Canadienne d&#039;Orthop\u00e9die\" \/>\n<meta property=\"og:description\" content=\"La Fondation canadienne d&#039;orthop\u00e9die vient en aide aux patients orthop\u00e9diques, aux professionnels de la sant\u00e9 en orthop\u00e9die, ainsi qu&#039;aux personnes qui se pr\u00e9occupent de leur sant\u00e9 et des questions en mati\u00e8re de sant\u00e9 au sein de la collectivit\u00e9, et ce, \u00e0 l&#039;\u00e9gard de la sant\u00e9 des os et des articulations actuelle et \u00e0 venir.\" \/>\n<meta property=\"og:url\" content=\"https:\/\/movepainfree.org\/fr\/hip-replacement\/\" \/>\n<meta property=\"og:site_name\" content=\"Fondation Canadienne d&#039;Orthop\u00e9die\" \/>\n<meta property=\"article:modified_time\" content=\"2024-04-19T19:51:07+00:00\" \/>\n<meta property=\"og:image\" content=\"https:\/\/movepainfree.org\/fr\/wp-content\/uploads\/sites\/3\/Screen-Shot-2015-02-23-at-9.51.18-AM-250x141.png\" \/>\n<meta name=\"twitter:card\" content=\"summary_large_image\" \/>\n<meta name=\"twitter:label1\" content=\"Dur\u00e9e de lecture estim\u00e9e\" \/>\n\t<meta name=\"twitter:data1\" content=\"2 minutes\" \/>\n<script type=\"application\/ld+json\" class=\"yoast-schema-graph\">{\"@context\":\"https:\/\/schema.org\",\"@graph\":[{\"@type\":\"WebPage\",\"@id\":\"https:\/\/movepainfree.org\/fr\/hip-replacement\/\",\"url\":\"https:\/\/movepainfree.org\/fr\/hip-replacement\/\",\"name\":\"Arthroplastie de la hanche - Fondation Canadienne d&#039;Orthop\u00e9die\",\"isPartOf\":{\"@id\":\"https:\/\/movepainfree.org\/fr\/#website\"},\"primaryImageOfPage\":{\"@id\":\"https:\/\/movepainfree.org\/fr\/hip-replacement\/#primaryimage\"},\"image\":{\"@id\":\"https:\/\/movepainfree.org\/fr\/hip-replacement\/#primaryimage\"},\"thumbnailUrl\":\"https:\/\/movepainfree.org\/fr\/wp-content\/uploads\/sites\/3\/Screen-Shot-2015-02-23-at-9.51.18-AM-250x141.png\",\"datePublished\":\"2015-02-23T15:04:36+00:00\",\"dateModified\":\"2024-04-19T19:51:07+00:00\",\"description\":\"La Fondation canadienne d'orthop\u00e9die vient en aide aux patients orthop\u00e9diques, aux professionnels de la sant\u00e9 en orthop\u00e9die, ainsi qu'aux personnes qui se pr\u00e9occupent de leur sant\u00e9 et des questions en mati\u00e8re de sant\u00e9 au sein de la collectivit\u00e9, et ce, \u00e0 l'\u00e9gard de la sant\u00e9 des os et des articulations actuelle et \u00e0 venir.\",\"breadcrumb\":{\"@id\":\"https:\/\/movepainfree.org\/fr\/hip-replacement\/#breadcrumb\"},\"inLanguage\":\"fr-FR\",\"potentialAction\":[{\"@type\":\"ReadAction\",\"target\":[\"https:\/\/movepainfree.org\/fr\/hip-replacement\/\"]}]},{\"@type\":\"ImageObject\",\"inLanguage\":\"fr-FR\",\"@id\":\"https:\/\/movepainfree.org\/fr\/hip-replacement\/#primaryimage\",\"url\":\"https:\/\/movepainfree.org\/fr\/wp-content\/uploads\/sites\/3\/Screen-Shot-2015-02-23-at-9.51.18-AM.png\",\"contentUrl\":\"https:\/\/movepainfree.org\/fr\/wp-content\/uploads\/sites\/3\/Screen-Shot-2015-02-23-at-9.51.18-AM.png\",\"width\":555,\"height\":312},{\"@type\":\"BreadcrumbList\",\"@id\":\"https:\/\/movepainfree.org\/fr\/hip-replacement\/#breadcrumb\",\"itemListElement\":[{\"@type\":\"ListItem\",\"position\":1,\"name\":\"Home\",\"item\":\"https:\/\/movepainfree.org\/fr\/\"},{\"@type\":\"ListItem\",\"position\":2,\"name\":\"Arthroplastie de la hanche\"}]},{\"@type\":\"WebSite\",\"@id\":\"https:\/\/movepainfree.org\/fr\/#website\",\"url\":\"https:\/\/movepainfree.org\/fr\/\",\"name\":\"Fondation Canadienne d&#039;Orthop\u00e9die\",\"description\":\"Fund-raising Activities Support Research, Education, Community Care\",\"potentialAction\":[{\"@type\":\"SearchAction\",\"target\":{\"@type\":\"EntryPoint\",\"urlTemplate\":\"https:\/\/movepainfree.org\/fr\/?s={search_term_string}\"},\"query-input\":{\"@type\":\"PropertyValueSpecification\",\"valueRequired\":true,\"valueName\":\"search_term_string\"}}],\"inLanguage\":\"fr-FR\"}]}<\/script>\n<!-- \/ Yoast SEO plugin. -->","yoast_head_json":{"title":"Arthroplastie de la hanche - Fondation Canadienne d&#039;Orthop\u00e9die","description":"La Fondation canadienne d'orthop\u00e9die vient en aide aux patients orthop\u00e9diques, aux professionnels de la sant\u00e9 en orthop\u00e9die, ainsi qu'aux personnes qui se pr\u00e9occupent de leur sant\u00e9 et des questions en mati\u00e8re de sant\u00e9 au sein de la collectivit\u00e9, et ce, \u00e0 l'\u00e9gard de la sant\u00e9 des os et des articulations actuelle et \u00e0 venir.","robots":{"index":"index","follow":"follow","max-snippet":"max-snippet:-1","max-image-preview":"max-image-preview:large","max-video-preview":"max-video-preview:-1"},"canonical":"https:\/\/movepainfree.org\/fr\/hip-replacement\/","og_locale":"fr_FR","og_type":"article","og_title":"Arthroplastie de la hanche - Fondation Canadienne d&#039;Orthop\u00e9die","og_description":"La Fondation canadienne d'orthop\u00e9die vient en aide aux patients orthop\u00e9diques, aux professionnels de la sant\u00e9 en orthop\u00e9die, ainsi qu'aux personnes qui se pr\u00e9occupent de leur sant\u00e9 et des questions en mati\u00e8re de sant\u00e9 au sein de la collectivit\u00e9, et ce, \u00e0 l'\u00e9gard de la sant\u00e9 des os et des articulations actuelle et \u00e0 venir.","og_url":"https:\/\/movepainfree.org\/fr\/hip-replacement\/","og_site_name":"Fondation Canadienne d&#039;Orthop\u00e9die","article_modified_time":"2024-04-19T19:51:07+00:00","og_image":[{"url":"https:\/\/movepainfree.org\/fr\/wp-content\/uploads\/sites\/3\/Screen-Shot-2015-02-23-at-9.51.18-AM-250x141.png","type":"","width":"","height":""}],"twitter_card":"summary_large_image","twitter_misc":{"Dur\u00e9e de lecture estim\u00e9e":"2 minutes"},"schema":{"@context":"https:\/\/schema.org","@graph":[{"@type":"WebPage","@id":"https:\/\/movepainfree.org\/fr\/hip-replacement\/","url":"https:\/\/movepainfree.org\/fr\/hip-replacement\/","name":"Arthroplastie de la hanche - Fondation Canadienne d&#039;Orthop\u00e9die","isPartOf":{"@id":"https:\/\/movepainfree.org\/fr\/#website"},"primaryImageOfPage":{"@id":"https:\/\/movepainfree.org\/fr\/hip-replacement\/#primaryimage"},"image":{"@id":"https:\/\/movepainfree.org\/fr\/hip-replacement\/#primaryimage"},"thumbnailUrl":"https:\/\/movepainfree.org\/fr\/wp-content\/uploads\/sites\/3\/Screen-Shot-2015-02-23-at-9.51.18-AM-250x141.png","datePublished":"2015-02-23T15:04:36+00:00","dateModified":"2024-04-19T19:51:07+00:00","description":"La Fondation canadienne d'orthop\u00e9die vient en aide aux patients orthop\u00e9diques, aux professionnels de la sant\u00e9 en orthop\u00e9die, ainsi qu'aux personnes qui se pr\u00e9occupent de leur sant\u00e9 et des questions en mati\u00e8re de sant\u00e9 au sein de la collectivit\u00e9, et ce, \u00e0 l'\u00e9gard de la sant\u00e9 des os et des articulations actuelle et \u00e0 venir.","breadcrumb":{"@id":"https:\/\/movepainfree.org\/fr\/hip-replacement\/#breadcrumb"},"inLanguage":"fr-FR","potentialAction":[{"@type":"ReadAction","target":["https:\/\/movepainfree.org\/fr\/hip-replacement\/"]}]},{"@type":"ImageObject","inLanguage":"fr-FR","@id":"https:\/\/movepainfree.org\/fr\/hip-replacement\/#primaryimage","url":"https:\/\/movepainfree.org\/fr\/wp-content\/uploads\/sites\/3\/Screen-Shot-2015-02-23-at-9.51.18-AM.png","contentUrl":"https:\/\/movepainfree.org\/fr\/wp-content\/uploads\/sites\/3\/Screen-Shot-2015-02-23-at-9.51.18-AM.png","width":555,"height":312},{"@type":"BreadcrumbList","@id":"https:\/\/movepainfree.org\/fr\/hip-replacement\/#breadcrumb","itemListElement":[{"@type":"ListItem","position":1,"name":"Home","item":"https:\/\/movepainfree.org\/fr\/"},{"@type":"ListItem","position":2,"name":"Arthroplastie de la hanche"}]},{"@type":"WebSite","@id":"https:\/\/movepainfree.org\/fr\/#website","url":"https:\/\/movepainfree.org\/fr\/","name":"Fondation Canadienne d&#039;Orthop\u00e9die","description":"Fund-raising Activities Support Research, Education, Community Care","potentialAction":[{"@type":"SearchAction","target":{"@type":"EntryPoint","urlTemplate":"https:\/\/movepainfree.org\/fr\/?s={search_term_string}"},"query-input":{"@type":"PropertyValueSpecification","valueRequired":true,"valueName":"search_term_string"}}],"inLanguage":"fr-FR"}]}},"_links":{"self":[{"href":"https:\/\/movepainfree.org\/fr\/wp-json\/wp\/v2\/pages\/739","targetHints":{"allow":["GET"]}}],"collection":[{"href":"https:\/\/movepainfree.org\/fr\/wp-json\/wp\/v2\/pages"}],"about":[{"href":"https:\/\/movepainfree.org\/fr\/wp-json\/wp\/v2\/types\/page"}],"author":[{"embeddable":true,"href":"https:\/\/movepainfree.org\/fr\/wp-json\/wp\/v2\/users\/1"}],"replies":[{"embeddable":true,"href":"https:\/\/movepainfree.org\/fr\/wp-json\/wp\/v2\/comments?post=739"}],"version-history":[{"count":20,"href":"https:\/\/movepainfree.org\/fr\/wp-json\/wp\/v2\/pages\/739\/revisions"}],"predecessor-version":[{"id":4497,"href":"https:\/\/movepainfree.org\/fr\/wp-json\/wp\/v2\/pages\/739\/revisions\/4497"}],"wp:attachment":[{"href":"https:\/\/movepainfree.org\/fr\/wp-json\/wp\/v2\/media?parent=739"}],"curies":[{"name":"wp","href":"https:\/\/api.w.org\/{rel}","templated":true}]}}