{"id":68,"date":"2015-01-20T16:41:45","date_gmt":"2015-01-20T16:41:45","guid":{"rendered":"https:\/\/movepainfree.org\/fr\/?page_id=68"},"modified":"2019-08-20T22:26:23","modified_gmt":"2019-08-20T22:26:23","slug":"joint-anatomy","status":"publish","type":"page","link":"https:\/\/movepainfree.org\/fr\/about-orthopaedics\/joint-anatomy\/","title":{"rendered":"Anatomie des articulations"},"content":{"rendered":"<p>L&rsquo;appareil locomoteur est un syst\u00e8me complexe comprenant les os, les articulations, les ligaments, les tendons, les muscles et les nerfs. L&rsquo;orthop\u00e9die est la sp\u00e9cialit\u00e9 m\u00e9dicale vou\u00e9e \u00e0 l&rsquo;\u00e9tablissement d&rsquo;un diagnostic, au traitement des blessures et troubles de l&rsquo;appareil locomoteur et \u00e0 leur pr\u00e9vention, de m\u00eame qu&rsquo;\u00e0 la r\u00e9adaptation.<\/p>\n<p>Pour en apprendre davantage sur l&rsquo;appareil locomoteur et les possibilit\u00e9s de traitement, cliquez sur la repr\u00e9sentation de l&rsquo;articulation ou de l&rsquo;os qui vous int\u00e9resse sur le squelette.<\/p>\n<h3>L&rsquo;appareil locomoteur<\/h3>\n<map name=\"shoulder\">\n<area alt=\"Genou\" coords=\"41,227,67,261\" shape=\"RECT\" href=\"https:\/\/movepainfree.org\/fr\/about-orthopaedics\/joint-anatomy\/knee\/\" \/>\n<area alt=\"Hanche\" coords=\"76,149,103,206\" shape=\"RECT\" href=\"https:\/\/movepainfree.org\/fr\/about-orthopaedics\/joint-anatomy\/hip\/\" \/>\n<area alt=\"Le pied et la cheville\" coords=\"72,298,100,331\" shape=\"RECT\" href=\"https:\/\/movepainfree.org\/fr\/about-orthopaedics\/joint-anatomy\/legfootankle\/\" \/>\n<area alt=\"L'\u00e9paule\" coords=\"30,69,50,113\" shape=\"RECT\" href=\"https:\/\/movepainfree.org\/fr\/about-orthopaedics\/joint-anatomy\/shoulder\/\" \/>\n<area alt=\"Carpe, vue rapproch\u00e9e\" coords=\"6,173,30,207\" shape=\"rect\" href=\"https:\/\/movepainfree.org\/fr\/about-orthopaedics\/joint-anatomy\/hand\/\" \/>\n<area alt=\"Membre sup\u00e9rieure, vue post\u00e9rieure\" coords=\"102,77,111,167\" shape=\"rect\" href=\"https:\/\/movepainfree.org\/fr\/about-orthopaedics\/joint-anatomy\/posterior-arm\/\" \/>\n<area alt=\"Membre sup\u00e9rieur, vue ant\u00e9rieure\" coords=\"113,81,123,171\" shape=\"rect\" href=\"https:\/\/movepainfree.org\/fr\/about-orthopaedics\/joint-anatomy\/anterior-arm\/\" \/>\n<area alt=\"Membre inf\u00e9rieur, vue post\u00e9rieure\" coords=\"78,211,88,291\" shape=\"rect\" href=\"https:\/\/movepainfree.org\/fr\/about-orthopaedics\/joint-anatomy\/posterior-leg\/\" \/>\n<area alt=\"Membre inf\u00e9rieure, vue ant\u00e9rieure\" coords=\"91,218,100,295\" shape=\"rect\" href=\"https:\/\/movepainfree.org\/fr\/about-orthopaedics\/joint-anatomy\/anterior-leg\/\" \/>\n <\/map>\n<p><img loading=\"lazy\" decoding=\"async\" id=\"skeleton\" src=\"https:\/\/movepainfree.org\/fr\/wp-content\/uploads\/sites\/3\/Skelton_Off.jpg\" alt=\"Skelton\" usemap=\"#shoulder\" width=\"260\" height=\"359\" border=\"0\" \/><\/p>\n<p>Image by <a href=\"http:\/\/www.figs.ca\" target=\"_blank\" rel=\"noopener noreferrer\">Figs.ca<\/a><\/p>\n<p>Nous ajoutons constamment des renseignements sur l&rsquo;appareil locomoteur. Jetez r\u00e9guli\u00e8rement un coup d&rsquo;\u0153il au site pour plus de d\u00e9tails.<\/p>\n<p><em>Les renseignements pour les malades sont revus par le<\/em> <a title=\"Comit\u00e9 d'examen scientifique et m\u00e9dical\" href=\"https:\/\/movepainfree.org\/fr\/about-us\/board-of-directors\/\">Comit\u00e9 d&rsquo;examen scientifique et m\u00e9dical<\/a>.<\/p>\n<ul>\n<li><a title=\"L'\u00e9paule\" href=\"https:\/\/movepainfree.org\/fr\/about-orthopaedics\/joint-anatomy\/shoulder\/\">L&rsquo;\u00e9paule<\/a><\/li>\n<li><a title=\"Hanche\" href=\"https:\/\/movepainfree.org\/fr\/about-orthopaedics\/joint-anatomy\/hip\/\">Hanche<\/a><\/li>\n<li><a title=\"Genou\" href=\"https:\/\/movepainfree.org\/fr\/about-orthopaedics\/joint-anatomy\/knee\/\">Genou<\/a><\/li>\n<li><a title=\"Jambe, pied et cheville\" href=\"https:\/\/movepainfree.org\/fr\/about-orthopaedics\/joint-anatomy\/legfootankle\/\">Jambe, pied et cheville<\/a><\/li>\n<li><a title=\"Carpe, vue rapproch\u00e9e\" href=\"https:\/\/movepainfree.org\/fr\/about-orthopaedics\/joint-anatomy\/hand\/\">Carpe, vue rapproch\u00e9e<\/a><\/li>\n<li><a title=\"Membre sup\u00e9rieur, vue ant\u00e9rieure\" href=\"https:\/\/movepainfree.org\/fr\/about-orthopaedics\/joint-anatomy\/anterior-arm\/\">Membre sup\u00e9rieur, vue ant\u00e9rieure<\/a><\/li>\n<li><a title=\"Membre sup\u00e9rieure, vue post\u00e9rieure\" href=\"https:\/\/movepainfree.org\/fr\/about-orthopaedics\/joint-anatomy\/posterior-arm\/\">Membre sup\u00e9rieure, vue post\u00e9rieure<\/a><\/li>\n<li><a title=\"Membre inf\u00e9rieure, vue ant\u00e9rieure\" href=\"https:\/\/movepainfree.org\/fr\/about-orthopaedics\/joint-anatomy\/anterior-leg\/\">Membre inf\u00e9rieure, vue ant\u00e9rieure<\/a><\/li>\n<li><a title=\"Membre inf\u00e9rieur, vue post\u00e9rieure\" href=\"https:\/\/movepainfree.org\/fr\/about-orthopaedics\/joint-anatomy\/posterior-leg\/\">Membre inf\u00e9rieur, vue post\u00e9rieure<\/a><\/li>\n<\/ul>\n","protected":false},"excerpt":{"rendered":"L&rsquo;appareil locomoteur est un syst\u00e8me complexe comprenant les os, les articulations, les ligaments, les tendons, les muscles et les nerfs. L&rsquo;orthop\u00e9die est la sp\u00e9cialit\u00e9 m\u00e9dicale vou\u00e9e \u00e0 l&rsquo;\u00e9tablissement d&rsquo;un diagnostic,&#8230; <a class=\"view-article\" href=\"https:\/\/movepainfree.org\/fr\/about-orthopaedics\/joint-anatomy\/\">View Article<\/a>","protected":false},"author":1,"featured_media":0,"parent":5,"menu_order":20,"comment_status":"closed","ping_status":"closed","template":"","meta":{"footnotes":""},"class_list":["post-68","page","type-page","status-publish","hentry"],"yoast_head":"<!-- This site is optimized with the Yoast SEO plugin v27.0 - https:\/\/yoast.com\/product\/yoast-seo-wordpress\/ -->\n<title>Anatomie des articulations - Fondation Canadienne d&#039;Orthop\u00e9die<\/title>\n<meta name=\"description\" content=\"La Fondation canadienne d&#039;orthop\u00e9die vient en aide aux patients orthop\u00e9diques, aux professionnels de la sant\u00e9 en orthop\u00e9die, ainsi qu&#039;aux personnes qui se pr\u00e9occupent de leur sant\u00e9 et des questions en mati\u00e8re de sant\u00e9 au sein de la collectivit\u00e9, et ce, \u00e0 l&#039;\u00e9gard de la sant\u00e9 des os et des articulations actuelle et \u00e0 venir.\" \/>\n<meta name=\"robots\" content=\"index, follow, max-snippet:-1, max-image-preview:large, max-video-preview:-1\" \/>\n<link rel=\"canonical\" href=\"https:\/\/movepainfree.org\/fr\/about-orthopaedics\/joint-anatomy\/\" \/>\n<meta property=\"og:locale\" content=\"fr_FR\" \/>\n<meta property=\"og:type\" content=\"article\" \/>\n<meta property=\"og:title\" content=\"Anatomie des articulations - Fondation Canadienne d&#039;Orthop\u00e9die\" \/>\n<meta property=\"og:description\" content=\"La Fondation canadienne d&#039;orthop\u00e9die vient en aide aux patients orthop\u00e9diques, aux professionnels de la sant\u00e9 en orthop\u00e9die, ainsi qu&#039;aux personnes qui se pr\u00e9occupent de leur sant\u00e9 et des questions en mati\u00e8re de sant\u00e9 au sein de la collectivit\u00e9, et ce, \u00e0 l&#039;\u00e9gard de la sant\u00e9 des os et des articulations actuelle et \u00e0 venir.\" \/>\n<meta property=\"og:url\" content=\"https:\/\/movepainfree.org\/fr\/about-orthopaedics\/joint-anatomy\/\" \/>\n<meta property=\"og:site_name\" content=\"Fondation Canadienne d&#039;Orthop\u00e9die\" \/>\n<meta property=\"article:modified_time\" content=\"2019-08-20T22:26:23+00:00\" \/>\n<meta property=\"og:image\" content=\"https:\/\/movepainfree.org\/fr\/wp-content\/uploads\/sites\/3\/Skelton_Off.jpg\" \/>\n<meta name=\"twitter:card\" content=\"summary_large_image\" \/>\n<meta name=\"twitter:label1\" content=\"Dur\u00e9e de lecture estim\u00e9e\" \/>\n\t<meta name=\"twitter:data1\" content=\"1 minute\" \/>\n<script type=\"application\/ld+json\" class=\"yoast-schema-graph\">{\"@context\":\"https:\/\/schema.org\",\"@graph\":[{\"@type\":\"WebPage\",\"@id\":\"https:\/\/movepainfree.org\/fr\/about-orthopaedics\/joint-anatomy\/\",\"url\":\"https:\/\/movepainfree.org\/fr\/about-orthopaedics\/joint-anatomy\/\",\"name\":\"Anatomie des articulations - Fondation Canadienne d&#039;Orthop\u00e9die\",\"isPartOf\":{\"@id\":\"https:\/\/movepainfree.org\/fr\/#website\"},\"primaryImageOfPage\":{\"@id\":\"https:\/\/movepainfree.org\/fr\/about-orthopaedics\/joint-anatomy\/#primaryimage\"},\"image\":{\"@id\":\"https:\/\/movepainfree.org\/fr\/about-orthopaedics\/joint-anatomy\/#primaryimage\"},\"thumbnailUrl\":\"https:\/\/movepainfree.org\/fr\/wp-content\/uploads\/sites\/3\/Skelton_Off.jpg\",\"datePublished\":\"2015-01-20T16:41:45+00:00\",\"dateModified\":\"2019-08-20T22:26:23+00:00\",\"description\":\"La Fondation canadienne d'orthop\u00e9die vient en aide aux patients orthop\u00e9diques, aux professionnels de la sant\u00e9 en orthop\u00e9die, ainsi qu'aux personnes qui se pr\u00e9occupent de leur sant\u00e9 et des questions en mati\u00e8re de sant\u00e9 au sein de la collectivit\u00e9, et ce, \u00e0 l'\u00e9gard de la sant\u00e9 des os et des articulations actuelle et \u00e0 venir.\",\"breadcrumb\":{\"@id\":\"https:\/\/movepainfree.org\/fr\/about-orthopaedics\/joint-anatomy\/#breadcrumb\"},\"inLanguage\":\"fr-FR\",\"potentialAction\":[{\"@type\":\"ReadAction\",\"target\":[\"https:\/\/movepainfree.org\/fr\/about-orthopaedics\/joint-anatomy\/\"]}]},{\"@type\":\"ImageObject\",\"inLanguage\":\"fr-FR\",\"@id\":\"https:\/\/movepainfree.org\/fr\/about-orthopaedics\/joint-anatomy\/#primaryimage\",\"url\":\"https:\/\/movepainfree.org\/fr\/wp-content\/uploads\/sites\/3\/Skelton_Off.jpg\",\"contentUrl\":\"https:\/\/movepainfree.org\/fr\/wp-content\/uploads\/sites\/3\/Skelton_Off.jpg\",\"width\":260,\"height\":359},{\"@type\":\"BreadcrumbList\",\"@id\":\"https:\/\/movepainfree.org\/fr\/about-orthopaedics\/joint-anatomy\/#breadcrumb\",\"itemListElement\":[{\"@type\":\"ListItem\",\"position\":1,\"name\":\"Home\",\"item\":\"https:\/\/movepainfree.org\/fr\/\"},{\"@type\":\"ListItem\",\"position\":2,\"name\":\"\u00c0 propos des os et articulations\",\"item\":\"https:\/\/movepainfree.org\/fr\/about-orthopaedics\/\"},{\"@type\":\"ListItem\",\"position\":3,\"name\":\"Anatomie des articulations\"}]},{\"@type\":\"WebSite\",\"@id\":\"https:\/\/movepainfree.org\/fr\/#website\",\"url\":\"https:\/\/movepainfree.org\/fr\/\",\"name\":\"Fondation Canadienne d&#039;Orthop\u00e9die\",\"description\":\"Fund-raising Activities Support Research, Education, Community Care\",\"potentialAction\":[{\"@type\":\"SearchAction\",\"target\":{\"@type\":\"EntryPoint\",\"urlTemplate\":\"https:\/\/movepainfree.org\/fr\/?s={search_term_string}\"},\"query-input\":{\"@type\":\"PropertyValueSpecification\",\"valueRequired\":true,\"valueName\":\"search_term_string\"}}],\"inLanguage\":\"fr-FR\"}]}<\/script>\n<!-- \/ Yoast SEO plugin. -->","yoast_head_json":{"title":"Anatomie des articulations - Fondation Canadienne d&#039;Orthop\u00e9die","description":"La Fondation canadienne d'orthop\u00e9die vient en aide aux patients orthop\u00e9diques, aux professionnels de la sant\u00e9 en orthop\u00e9die, ainsi qu'aux personnes qui se pr\u00e9occupent de leur sant\u00e9 et des questions en mati\u00e8re de sant\u00e9 au sein de la collectivit\u00e9, et ce, \u00e0 l'\u00e9gard de la sant\u00e9 des os et des articulations actuelle et \u00e0 venir.","robots":{"index":"index","follow":"follow","max-snippet":"max-snippet:-1","max-image-preview":"max-image-preview:large","max-video-preview":"max-video-preview:-1"},"canonical":"https:\/\/movepainfree.org\/fr\/about-orthopaedics\/joint-anatomy\/","og_locale":"fr_FR","og_type":"article","og_title":"Anatomie des articulations - Fondation Canadienne d&#039;Orthop\u00e9die","og_description":"La Fondation canadienne d'orthop\u00e9die vient en aide aux patients orthop\u00e9diques, aux professionnels de la sant\u00e9 en orthop\u00e9die, ainsi qu'aux personnes qui se pr\u00e9occupent de leur sant\u00e9 et des questions en mati\u00e8re de sant\u00e9 au sein de la collectivit\u00e9, et ce, \u00e0 l'\u00e9gard de la sant\u00e9 des os et des articulations actuelle et \u00e0 venir.","og_url":"https:\/\/movepainfree.org\/fr\/about-orthopaedics\/joint-anatomy\/","og_site_name":"Fondation Canadienne d&#039;Orthop\u00e9die","article_modified_time":"2019-08-20T22:26:23+00:00","og_image":[{"url":"https:\/\/movepainfree.org\/fr\/wp-content\/uploads\/sites\/3\/Skelton_Off.jpg","type":"","width":"","height":""}],"twitter_card":"summary_large_image","twitter_misc":{"Dur\u00e9e de lecture estim\u00e9e":"1 minute"},"schema":{"@context":"https:\/\/schema.org","@graph":[{"@type":"WebPage","@id":"https:\/\/movepainfree.org\/fr\/about-orthopaedics\/joint-anatomy\/","url":"https:\/\/movepainfree.org\/fr\/about-orthopaedics\/joint-anatomy\/","name":"Anatomie des articulations - Fondation Canadienne d&#039;Orthop\u00e9die","isPartOf":{"@id":"https:\/\/movepainfree.org\/fr\/#website"},"primaryImageOfPage":{"@id":"https:\/\/movepainfree.org\/fr\/about-orthopaedics\/joint-anatomy\/#primaryimage"},"image":{"@id":"https:\/\/movepainfree.org\/fr\/about-orthopaedics\/joint-anatomy\/#primaryimage"},"thumbnailUrl":"https:\/\/movepainfree.org\/fr\/wp-content\/uploads\/sites\/3\/Skelton_Off.jpg","datePublished":"2015-01-20T16:41:45+00:00","dateModified":"2019-08-20T22:26:23+00:00","description":"La Fondation canadienne d'orthop\u00e9die vient en aide aux patients orthop\u00e9diques, aux professionnels de la sant\u00e9 en orthop\u00e9die, ainsi qu'aux personnes qui se pr\u00e9occupent de leur sant\u00e9 et des questions en mati\u00e8re de sant\u00e9 au sein de la collectivit\u00e9, et ce, \u00e0 l'\u00e9gard de la sant\u00e9 des os et des articulations actuelle et \u00e0 venir.","breadcrumb":{"@id":"https:\/\/movepainfree.org\/fr\/about-orthopaedics\/joint-anatomy\/#breadcrumb"},"inLanguage":"fr-FR","potentialAction":[{"@type":"ReadAction","target":["https:\/\/movepainfree.org\/fr\/about-orthopaedics\/joint-anatomy\/"]}]},{"@type":"ImageObject","inLanguage":"fr-FR","@id":"https:\/\/movepainfree.org\/fr\/about-orthopaedics\/joint-anatomy\/#primaryimage","url":"https:\/\/movepainfree.org\/fr\/wp-content\/uploads\/sites\/3\/Skelton_Off.jpg","contentUrl":"https:\/\/movepainfree.org\/fr\/wp-content\/uploads\/sites\/3\/Skelton_Off.jpg","width":260,"height":359},{"@type":"BreadcrumbList","@id":"https:\/\/movepainfree.org\/fr\/about-orthopaedics\/joint-anatomy\/#breadcrumb","itemListElement":[{"@type":"ListItem","position":1,"name":"Home","item":"https:\/\/movepainfree.org\/fr\/"},{"@type":"ListItem","position":2,"name":"\u00c0 propos des os et articulations","item":"https:\/\/movepainfree.org\/fr\/about-orthopaedics\/"},{"@type":"ListItem","position":3,"name":"Anatomie des articulations"}]},{"@type":"WebSite","@id":"https:\/\/movepainfree.org\/fr\/#website","url":"https:\/\/movepainfree.org\/fr\/","name":"Fondation Canadienne d&#039;Orthop\u00e9die","description":"Fund-raising Activities Support Research, Education, Community Care","potentialAction":[{"@type":"SearchAction","target":{"@type":"EntryPoint","urlTemplate":"https:\/\/movepainfree.org\/fr\/?s={search_term_string}"},"query-input":{"@type":"PropertyValueSpecification","valueRequired":true,"valueName":"search_term_string"}}],"inLanguage":"fr-FR"}]}},"_links":{"self":[{"href":"https:\/\/movepainfree.org\/fr\/wp-json\/wp\/v2\/pages\/68","targetHints":{"allow":["GET"]}}],"collection":[{"href":"https:\/\/movepainfree.org\/fr\/wp-json\/wp\/v2\/pages"}],"about":[{"href":"https:\/\/movepainfree.org\/fr\/wp-json\/wp\/v2\/types\/page"}],"author":[{"embeddable":true,"href":"https:\/\/movepainfree.org\/fr\/wp-json\/wp\/v2\/users\/1"}],"replies":[{"embeddable":true,"href":"https:\/\/movepainfree.org\/fr\/wp-json\/wp\/v2\/comments?post=68"}],"version-history":[{"count":14,"href":"https:\/\/movepainfree.org\/fr\/wp-json\/wp\/v2\/pages\/68\/revisions"}],"predecessor-version":[{"id":3112,"href":"https:\/\/movepainfree.org\/fr\/wp-json\/wp\/v2\/pages\/68\/revisions\/3112"}],"up":[{"embeddable":true,"href":"https:\/\/movepainfree.org\/fr\/wp-json\/wp\/v2\/pages\/5"}],"wp:attachment":[{"href":"https:\/\/movepainfree.org\/fr\/wp-json\/wp\/v2\/media?parent=68"}],"curies":[{"name":"wp","href":"https:\/\/api.w.org\/{rel}","templated":true}]}}