{"id":66,"date":"2015-01-20T16:34:01","date_gmt":"2015-01-20T16:34:01","guid":{"rendered":"https:\/\/movepainfree.org\/fr\/?page_id=66"},"modified":"2020-03-13T20:53:11","modified_gmt":"2020-03-13T20:53:11","slug":"how-bones-develop","status":"publish","type":"page","link":"https:\/\/movepainfree.org\/fr\/about-orthopaedics\/how-bones-develop\/","title":{"rendered":"D\u00e9veloppement des os"},"content":{"rendered":"<p>Le d\u00e9veloppement des os est un processus complexe. La formation des os commence au troisi\u00e8me mois de grossesse et se termine habituellement \u00e0 l&rsquo;adolescence (entre 13 et 18 ans).<\/p>\n<p>Toutefois, la formation des os n&rsquo;est jamais vraiment termin\u00e9e. L&rsquo;os est un tissu vivant compos\u00e9 de prot\u00e9ines, de calcium et d&rsquo;autres min\u00e9raux, ainsi que d&rsquo;eau. Les tissus osseux se renouvellent constamment en d\u00e9composant les tissus plus vieux et en les rempla\u00e7ant par de nouveaux tissus. On appelle ce processus le \u00ab remodelage \u00bb.<\/p>\n<p>Les cellules \u00e0 la base de ce cycle de renouvellement comprennent les suivantes :<\/p>\n<ul>\n<li>Les ost\u00e9ocytes (cellules osseuses), qui forment le tissu vivant des os.<\/li>\n<li>Les ost\u00e9oclastes (cellules de dissolution des tissus osseux), qui solubilisent la mati\u00e8re min\u00e9rale des os.<\/li>\n<li>Les ost\u00e9oblastes (cellules de formation des tissus osseux), qui participent \u00e0 la formation de la substance fondamentale et se transforment en ost\u00e9ocytes.<\/li>\n<\/ul>\n<p>La sant\u00e9 des os est importante, peu importe l&rsquo;\u00e2ge et le stade de croissance :<\/p>\n<ul>\n<li>L&rsquo;enfance (les ann\u00e9es de croissance) est la meilleure p\u00e9riode pour favoriser le d\u00e9veloppement d&rsquo;os en sant\u00e9. C&rsquo;est pendant celle-ci que la croissance des os (ossification) est plus importante que la perte de tissus osseux (r\u00e9sorption osseuse). Il s&rsquo;agit d&rsquo;une p\u00e9riode importante pour le d\u00e9veloppement d&rsquo;os forts.<\/li>\n<li>L&rsquo;adulte atteint le sommet de sa masse osseuse vers le milieu ou la fin de la trentaine. C&rsquo;est \u00e0 ce moment que les os sont compl\u00e8tement form\u00e9s. L&rsquo;\u00e2ge adulte est donc une p\u00e9riode importante pour le maintien d&rsquo;os forts.<\/li>\n<li>En vieillissant, la r\u00e9sorption osseuse commence \u00e0 s&rsquo;acc\u00e9l\u00e9rer, entra\u00eenant un amincissement et un affaiblissement des os. C&rsquo;est pourquoi il est important pour les a\u00een\u00e9s de ralentir ou pr\u00e9venir la perte de tissus osseux.<\/li>\n<\/ul>\n","protected":false},"excerpt":{"rendered":"Le d\u00e9veloppement des os est un processus complexe. La formation des os commence au troisi\u00e8me mois de grossesse et se termine habituellement \u00e0 l&rsquo;adolescence (entre 13 et 18 ans). Toutefois,&#8230; <a class=\"view-article\" href=\"https:\/\/movepainfree.org\/fr\/about-orthopaedics\/how-bones-develop\/\">View Article<\/a>","protected":false},"author":1,"featured_media":0,"parent":5,"menu_order":10,"comment_status":"closed","ping_status":"closed","template":"","meta":{"footnotes":""},"class_list":["post-66","page","type-page","status-publish","hentry"],"yoast_head":"<!-- This site is optimized with the Yoast SEO plugin v27.0 - https:\/\/yoast.com\/product\/yoast-seo-wordpress\/ -->\n<title>D\u00e9veloppement des os - Fondation Canadienne d&#039;Orthop\u00e9die<\/title>\n<meta name=\"description\" content=\"La Fondation canadienne d&#039;orthop\u00e9die vient en aide aux patients orthop\u00e9diques, aux professionnels de la sant\u00e9 en orthop\u00e9die, ainsi qu&#039;aux personnes qui se pr\u00e9occupent de leur sant\u00e9 et des questions en mati\u00e8re de sant\u00e9 au sein de la collectivit\u00e9, et ce, \u00e0 l&#039;\u00e9gard de la sant\u00e9 des os et des articulations actuelle et \u00e0 venir.\" \/>\n<meta name=\"robots\" content=\"index, follow, max-snippet:-1, max-image-preview:large, max-video-preview:-1\" \/>\n<link rel=\"canonical\" href=\"https:\/\/movepainfree.org\/fr\/about-orthopaedics\/how-bones-develop\/\" \/>\n<meta property=\"og:locale\" content=\"fr_FR\" \/>\n<meta property=\"og:type\" content=\"article\" \/>\n<meta property=\"og:title\" content=\"D\u00e9veloppement des os - Fondation Canadienne d&#039;Orthop\u00e9die\" \/>\n<meta property=\"og:description\" content=\"La Fondation canadienne d&#039;orthop\u00e9die vient en aide aux patients orthop\u00e9diques, aux professionnels de la sant\u00e9 en orthop\u00e9die, ainsi qu&#039;aux personnes qui se pr\u00e9occupent de leur sant\u00e9 et des questions en mati\u00e8re de sant\u00e9 au sein de la collectivit\u00e9, et ce, \u00e0 l&#039;\u00e9gard de la sant\u00e9 des os et des articulations actuelle et \u00e0 venir.\" \/>\n<meta property=\"og:url\" content=\"https:\/\/movepainfree.org\/fr\/about-orthopaedics\/how-bones-develop\/\" \/>\n<meta property=\"og:site_name\" content=\"Fondation Canadienne d&#039;Orthop\u00e9die\" \/>\n<meta property=\"article:modified_time\" content=\"2020-03-13T20:53:11+00:00\" \/>\n<meta name=\"twitter:card\" content=\"summary_large_image\" \/>\n<meta name=\"twitter:label1\" content=\"Dur\u00e9e de lecture estim\u00e9e\" \/>\n\t<meta name=\"twitter:data1\" content=\"1 minute\" \/>\n<script type=\"application\/ld+json\" class=\"yoast-schema-graph\">{\"@context\":\"https:\/\/schema.org\",\"@graph\":[{\"@type\":\"WebPage\",\"@id\":\"https:\/\/movepainfree.org\/fr\/about-orthopaedics\/how-bones-develop\/\",\"url\":\"https:\/\/movepainfree.org\/fr\/about-orthopaedics\/how-bones-develop\/\",\"name\":\"D\u00e9veloppement des os - Fondation Canadienne d&#039;Orthop\u00e9die\",\"isPartOf\":{\"@id\":\"https:\/\/movepainfree.org\/fr\/#website\"},\"datePublished\":\"2015-01-20T16:34:01+00:00\",\"dateModified\":\"2020-03-13T20:53:11+00:00\",\"description\":\"La Fondation canadienne d'orthop\u00e9die vient en aide aux patients orthop\u00e9diques, aux professionnels de la sant\u00e9 en orthop\u00e9die, ainsi qu'aux personnes qui se pr\u00e9occupent de leur sant\u00e9 et des questions en mati\u00e8re de sant\u00e9 au sein de la collectivit\u00e9, et ce, \u00e0 l'\u00e9gard de la sant\u00e9 des os et des articulations actuelle et \u00e0 venir.\",\"breadcrumb\":{\"@id\":\"https:\/\/movepainfree.org\/fr\/about-orthopaedics\/how-bones-develop\/#breadcrumb\"},\"inLanguage\":\"fr-FR\",\"potentialAction\":[{\"@type\":\"ReadAction\",\"target\":[\"https:\/\/movepainfree.org\/fr\/about-orthopaedics\/how-bones-develop\/\"]}]},{\"@type\":\"BreadcrumbList\",\"@id\":\"https:\/\/movepainfree.org\/fr\/about-orthopaedics\/how-bones-develop\/#breadcrumb\",\"itemListElement\":[{\"@type\":\"ListItem\",\"position\":1,\"name\":\"Home\",\"item\":\"https:\/\/movepainfree.org\/fr\/\"},{\"@type\":\"ListItem\",\"position\":2,\"name\":\"\u00c0 propos des os et articulations\",\"item\":\"https:\/\/movepainfree.org\/fr\/about-orthopaedics\/\"},{\"@type\":\"ListItem\",\"position\":3,\"name\":\"D\u00e9veloppement des os\"}]},{\"@type\":\"WebSite\",\"@id\":\"https:\/\/movepainfree.org\/fr\/#website\",\"url\":\"https:\/\/movepainfree.org\/fr\/\",\"name\":\"Fondation Canadienne d&#039;Orthop\u00e9die\",\"description\":\"Fund-raising Activities Support Research, Education, Community Care\",\"potentialAction\":[{\"@type\":\"SearchAction\",\"target\":{\"@type\":\"EntryPoint\",\"urlTemplate\":\"https:\/\/movepainfree.org\/fr\/?s={search_term_string}\"},\"query-input\":{\"@type\":\"PropertyValueSpecification\",\"valueRequired\":true,\"valueName\":\"search_term_string\"}}],\"inLanguage\":\"fr-FR\"}]}<\/script>\n<!-- \/ Yoast SEO plugin. -->","yoast_head_json":{"title":"D\u00e9veloppement des os - Fondation Canadienne d&#039;Orthop\u00e9die","description":"La Fondation canadienne d'orthop\u00e9die vient en aide aux patients orthop\u00e9diques, aux professionnels de la sant\u00e9 en orthop\u00e9die, ainsi qu'aux personnes qui se pr\u00e9occupent de leur sant\u00e9 et des questions en mati\u00e8re de sant\u00e9 au sein de la collectivit\u00e9, et ce, \u00e0 l'\u00e9gard de la sant\u00e9 des os et des articulations actuelle et \u00e0 venir.","robots":{"index":"index","follow":"follow","max-snippet":"max-snippet:-1","max-image-preview":"max-image-preview:large","max-video-preview":"max-video-preview:-1"},"canonical":"https:\/\/movepainfree.org\/fr\/about-orthopaedics\/how-bones-develop\/","og_locale":"fr_FR","og_type":"article","og_title":"D\u00e9veloppement des os - Fondation Canadienne d&#039;Orthop\u00e9die","og_description":"La Fondation canadienne d'orthop\u00e9die vient en aide aux patients orthop\u00e9diques, aux professionnels de la sant\u00e9 en orthop\u00e9die, ainsi qu'aux personnes qui se pr\u00e9occupent de leur sant\u00e9 et des questions en mati\u00e8re de sant\u00e9 au sein de la collectivit\u00e9, et ce, \u00e0 l'\u00e9gard de la sant\u00e9 des os et des articulations actuelle et \u00e0 venir.","og_url":"https:\/\/movepainfree.org\/fr\/about-orthopaedics\/how-bones-develop\/","og_site_name":"Fondation Canadienne d&#039;Orthop\u00e9die","article_modified_time":"2020-03-13T20:53:11+00:00","twitter_card":"summary_large_image","twitter_misc":{"Dur\u00e9e de lecture estim\u00e9e":"1 minute"},"schema":{"@context":"https:\/\/schema.org","@graph":[{"@type":"WebPage","@id":"https:\/\/movepainfree.org\/fr\/about-orthopaedics\/how-bones-develop\/","url":"https:\/\/movepainfree.org\/fr\/about-orthopaedics\/how-bones-develop\/","name":"D\u00e9veloppement des os - Fondation Canadienne d&#039;Orthop\u00e9die","isPartOf":{"@id":"https:\/\/movepainfree.org\/fr\/#website"},"datePublished":"2015-01-20T16:34:01+00:00","dateModified":"2020-03-13T20:53:11+00:00","description":"La Fondation canadienne d'orthop\u00e9die vient en aide aux patients orthop\u00e9diques, aux professionnels de la sant\u00e9 en orthop\u00e9die, ainsi qu'aux personnes qui se pr\u00e9occupent de leur sant\u00e9 et des questions en mati\u00e8re de sant\u00e9 au sein de la collectivit\u00e9, et ce, \u00e0 l'\u00e9gard de la sant\u00e9 des os et des articulations actuelle et \u00e0 venir.","breadcrumb":{"@id":"https:\/\/movepainfree.org\/fr\/about-orthopaedics\/how-bones-develop\/#breadcrumb"},"inLanguage":"fr-FR","potentialAction":[{"@type":"ReadAction","target":["https:\/\/movepainfree.org\/fr\/about-orthopaedics\/how-bones-develop\/"]}]},{"@type":"BreadcrumbList","@id":"https:\/\/movepainfree.org\/fr\/about-orthopaedics\/how-bones-develop\/#breadcrumb","itemListElement":[{"@type":"ListItem","position":1,"name":"Home","item":"https:\/\/movepainfree.org\/fr\/"},{"@type":"ListItem","position":2,"name":"\u00c0 propos des os et articulations","item":"https:\/\/movepainfree.org\/fr\/about-orthopaedics\/"},{"@type":"ListItem","position":3,"name":"D\u00e9veloppement des os"}]},{"@type":"WebSite","@id":"https:\/\/movepainfree.org\/fr\/#website","url":"https:\/\/movepainfree.org\/fr\/","name":"Fondation Canadienne d&#039;Orthop\u00e9die","description":"Fund-raising Activities Support Research, Education, Community Care","potentialAction":[{"@type":"SearchAction","target":{"@type":"EntryPoint","urlTemplate":"https:\/\/movepainfree.org\/fr\/?s={search_term_string}"},"query-input":{"@type":"PropertyValueSpecification","valueRequired":true,"valueName":"search_term_string"}}],"inLanguage":"fr-FR"}]}},"_links":{"self":[{"href":"https:\/\/movepainfree.org\/fr\/wp-json\/wp\/v2\/pages\/66","targetHints":{"allow":["GET"]}}],"collection":[{"href":"https:\/\/movepainfree.org\/fr\/wp-json\/wp\/v2\/pages"}],"about":[{"href":"https:\/\/movepainfree.org\/fr\/wp-json\/wp\/v2\/types\/page"}],"author":[{"embeddable":true,"href":"https:\/\/movepainfree.org\/fr\/wp-json\/wp\/v2\/users\/1"}],"replies":[{"embeddable":true,"href":"https:\/\/movepainfree.org\/fr\/wp-json\/wp\/v2\/comments?post=66"}],"version-history":[{"count":3,"href":"https:\/\/movepainfree.org\/fr\/wp-json\/wp\/v2\/pages\/66\/revisions"}],"predecessor-version":[{"id":3290,"href":"https:\/\/movepainfree.org\/fr\/wp-json\/wp\/v2\/pages\/66\/revisions\/3290"}],"up":[{"embeddable":true,"href":"https:\/\/movepainfree.org\/fr\/wp-json\/wp\/v2\/pages\/5"}],"wp:attachment":[{"href":"https:\/\/movepainfree.org\/fr\/wp-json\/wp\/v2\/media?parent=66"}],"curies":[{"name":"wp","href":"https:\/\/api.w.org\/{rel}","templated":true}]}}