{"id":60,"date":"2015-01-20T00:58:42","date_gmt":"2015-01-20T00:58:42","guid":{"rendered":"https:\/\/movepainfree.org\/fr\/?page_id=60"},"modified":"2024-04-05T19:56:54","modified_gmt":"2024-04-05T19:56:54","slug":"be-heard","status":"publish","type":"page","link":"https:\/\/movepainfree.org\/fr\/ways-to-give-get-involved\/be-heard\/","title":{"rendered":"Faites entendre votre voix"},"content":{"rendered":"<p>Est-ce qu&rsquo;une connaissance ou vous-m\u00ea me avez d\u00e9 j\u00e0 attendu longtemps pour une chirurgie? Quelles ont \u00e9 t\u00e9 les cons\u00e9 quences de cette incapacit\u00e9 \u00e0 acc\u00e9 der en temps opportun \u00e0 des soins orthop\u00e9 diques de qualit\u00e9 ? Est-ce qu&rsquo;une connaissance ou vous-m\u00ea me avez \u00e9 t\u00e9 incapable de b\u00e9 n\u00e9 ficier du m\u00e9 dicament ou de l&rsquo;appareil m\u00e9 dical r\u00e9 pondant le mieux \u00e0 vos besoins? Quel en a \u00e9 t\u00e9 le prix pour votre famille ou vous-m\u00ea me sur le plan du temps, du stress ou d&rsquo;autres facteurs?<\/p>\n<p>Au Canada, la d\u00e9 fense des droits est un aspect important de la d\u00e9 mocratie. Cela signifie que les \u00e9 lecteurs disent ce qu&rsquo;ils pensent et signalent les changements n\u00e9 cessaires \u00e0 leurs repr\u00e9 sentants \u00e9 lus. Ces derniers pr\u00e9 sentent, \u00e0 leur tour, les demandes des \u00e9 lecteurs au chef de parti ou \u00e0 l&rsquo;Assembl\u00e9 e l\u00e9 gislative et tentent de prendre les mesures n\u00e9 cessaires<\/p>\n<p>Pour les organismes de bienfaisance, la d\u00e9 fense des droits consiste \u00e0 parler au nom de la population et \u00e0 inciter celle-ci \u00e0 les aider \u00e0 donner du poids \u00e0 leurs efforts. Pour les gens que sert la Fondation Canadienne d&rsquo;Orthop\u00e9 die, cela signifie raconter leur histoire et aider leurs repr\u00e9 sentants \u00e9 lus \u00e0 communiquer les besoins de leurs \u00e9 lecteurs \u00e0 l&rsquo;Assembl\u00e9 e l\u00e9 gislative.<\/p>\n<p>Nous vous incitons \u00e0 raconter votre histoire \u00e0 vos repr\u00e9 sentants \u00e9 lus. Demandez-leur de vous aider \u00e0 mettre en &amp; oelig uvre des solutions \u00e0 l&rsquo;incapacit\u00e9 d&rsquo;acc\u00e9 der en temps opportun aux soins ou \u00e0 la p\u00e9 nurie de sp\u00e9 cialistes. Dites-leur ce qui pourrait, selon vous, aider votre collectivit\u00e9 , votre pays et vous-m\u00ea me.<\/p>\n<p>En unissant leur voix, les Canadiens b\u00e9 n\u00e9 ficiant de soins orthop\u00e9 diques peuvent favoriser l&rsquo;adoption de changements positifs!<\/p>\n<ul>\n<li><strong>Demandez qu&rsquo;on rem\u00e9 die aux longs temps d&rsquo;attente pour les chirurgies orthop\u00e9 diques et qu&rsquo;on permette aux malades de retrouver leur autonomie.<\/strong> Selon leur lieu de r\u00e9 sidence, les malades canadiens peuvent devoir attendre un an ou plus pour retrouver leur mobilit\u00e9 gr\u00e2 ce \u00e0 la chirurgie orthop\u00e9 dique. Les longs temps d&rsquo;attente peuvent entra\u00ee ner des probl\u00e8 mes physiques, affectifs et \u00e9 conomiques pour les malades et leur famille. Les malades ont droit \u00e0 un acc\u00e8 s en temps opportun \u00e0 des soins orthop\u00e9 diques de qualit\u00e9.<\/li>\n<li><strong>Exigez un meilleur acc\u00e8 s aux m\u00e9 dicaments et aux appareils m\u00e9 dicaux les plus efficaces.<\/strong> Il existe des m\u00e9 dicaments qui peuvent aider les malades \u00e0 se r\u00e9 tablir plus rapidement ou \u00e0 soulager leur douleur pendant la p\u00e9 riode d&rsquo;attente, mais ils ne sont pas toujours accessibles, pour des raisons r\u00e9 glementaires ou li\u00e9 es \u00e0 l&rsquo;\u00e9 conomie locale. Des appareils m\u00e9 dicaux peuvent en outre prolonger la dur\u00e9 e de vie d&rsquo;une proth\u00e8 se et ainsi retarder consid\u00e9 rablement le besoin d&rsquo;une autre chirurgie, voire l&rsquo;\u00e9 viter. Les malades m\u00e9 ritent de b\u00e9 n\u00e9 ficier des innovations dans le domaine m\u00e9 dical qui leur conviennent le mieux.<\/li>\n<\/ul>\n<h2><span id=\"lblRightContent\">Vous avez besoin de renseignements suppl\u00e9mentaires?<\/span><\/h2>\n<p><span id=\"lblRightContent\"><a title=\"Positions on Public Policy\" href=\"https:\/\/movepainfree.org\/fr\/ways-to-give-get-involved\/positions-on-public-policy\/\">Cliquez ici<\/a> pour lire les \u00e9 nonc\u00e9 s de position de la Fondation en mati\u00e8 re de politique publique. <\/span><\/p>\n","protected":false},"excerpt":{"rendered":"Est-ce qu&rsquo;une connaissance ou vous-m\u00ea me avez d\u00e9 j\u00e0 attendu longtemps pour une chirurgie? Quelles ont \u00e9 t\u00e9 les cons\u00e9 quences de cette incapacit\u00e9 \u00e0 acc\u00e9 der en temps opportun&#8230; <a class=\"view-article\" href=\"https:\/\/movepainfree.org\/fr\/ways-to-give-get-involved\/be-heard\/\">View Article<\/a>","protected":false},"author":1,"featured_media":0,"parent":41,"menu_order":80,"comment_status":"closed","ping_status":"closed","template":"","meta":{"footnotes":""},"class_list":["post-60","page","type-page","status-publish","hentry"],"yoast_head":"<!-- This site is optimized with the Yoast SEO plugin v27.0 - https:\/\/yoast.com\/product\/yoast-seo-wordpress\/ -->\n<title>Faites entendre votre voix - Fondation Canadienne d&#039;Orthop\u00e9die<\/title>\n<meta name=\"description\" content=\"La Fondation canadienne d&#039;orthop\u00e9die vient en aide aux patients orthop\u00e9diques, aux professionnels de la sant\u00e9 en orthop\u00e9die, ainsi qu&#039;aux personnes qui se pr\u00e9occupent de leur sant\u00e9 et des questions en mati\u00e8re de sant\u00e9 au sein de la collectivit\u00e9, et ce, \u00e0 l&#039;\u00e9gard de la sant\u00e9 des os et des articulations actuelle et \u00e0 venir.\" \/>\n<meta name=\"robots\" content=\"index, follow, max-snippet:-1, max-image-preview:large, max-video-preview:-1\" \/>\n<link rel=\"canonical\" href=\"https:\/\/movepainfree.org\/fr\/ways-to-give-get-involved\/be-heard\/\" \/>\n<meta property=\"og:locale\" content=\"fr_FR\" \/>\n<meta property=\"og:type\" content=\"article\" \/>\n<meta property=\"og:title\" content=\"Faites entendre votre voix - Fondation Canadienne d&#039;Orthop\u00e9die\" \/>\n<meta property=\"og:description\" content=\"La Fondation canadienne d&#039;orthop\u00e9die vient en aide aux patients orthop\u00e9diques, aux professionnels de la sant\u00e9 en orthop\u00e9die, ainsi qu&#039;aux personnes qui se pr\u00e9occupent de leur sant\u00e9 et des questions en mati\u00e8re de sant\u00e9 au sein de la collectivit\u00e9, et ce, \u00e0 l&#039;\u00e9gard de la sant\u00e9 des os et des articulations actuelle et \u00e0 venir.\" \/>\n<meta property=\"og:url\" content=\"https:\/\/movepainfree.org\/fr\/ways-to-give-get-involved\/be-heard\/\" \/>\n<meta property=\"og:site_name\" content=\"Fondation Canadienne d&#039;Orthop\u00e9die\" \/>\n<meta property=\"article:modified_time\" content=\"2024-04-05T19:56:54+00:00\" \/>\n<meta name=\"twitter:card\" content=\"summary_large_image\" \/>\n<meta name=\"twitter:label1\" content=\"Dur\u00e9e de lecture estim\u00e9e\" \/>\n\t<meta name=\"twitter:data1\" content=\"3 minutes\" \/>\n<script type=\"application\/ld+json\" class=\"yoast-schema-graph\">{\"@context\":\"https:\/\/schema.org\",\"@graph\":[{\"@type\":\"WebPage\",\"@id\":\"https:\/\/movepainfree.org\/fr\/ways-to-give-get-involved\/be-heard\/\",\"url\":\"https:\/\/movepainfree.org\/fr\/ways-to-give-get-involved\/be-heard\/\",\"name\":\"Faites entendre votre voix - Fondation Canadienne d&#039;Orthop\u00e9die\",\"isPartOf\":{\"@id\":\"https:\/\/movepainfree.org\/fr\/#website\"},\"datePublished\":\"2015-01-20T00:58:42+00:00\",\"dateModified\":\"2024-04-05T19:56:54+00:00\",\"description\":\"La Fondation canadienne d'orthop\u00e9die vient en aide aux patients orthop\u00e9diques, aux professionnels de la sant\u00e9 en orthop\u00e9die, ainsi qu'aux personnes qui se pr\u00e9occupent de leur sant\u00e9 et des questions en mati\u00e8re de sant\u00e9 au sein de la collectivit\u00e9, et ce, \u00e0 l'\u00e9gard de la sant\u00e9 des os et des articulations actuelle et \u00e0 venir.\",\"breadcrumb\":{\"@id\":\"https:\/\/movepainfree.org\/fr\/ways-to-give-get-involved\/be-heard\/#breadcrumb\"},\"inLanguage\":\"fr-FR\",\"potentialAction\":[{\"@type\":\"ReadAction\",\"target\":[\"https:\/\/movepainfree.org\/fr\/ways-to-give-get-involved\/be-heard\/\"]}]},{\"@type\":\"BreadcrumbList\",\"@id\":\"https:\/\/movepainfree.org\/fr\/ways-to-give-get-involved\/be-heard\/#breadcrumb\",\"itemListElement\":[{\"@type\":\"ListItem\",\"position\":1,\"name\":\"Home\",\"item\":\"https:\/\/movepainfree.org\/fr\/\"},{\"@type\":\"ListItem\",\"position\":2,\"name\":\"Comment faire un don?\",\"item\":\"https:\/\/movepainfree.org\/fr\/ways-to-give-get-involved\/\"},{\"@type\":\"ListItem\",\"position\":3,\"name\":\"Faites entendre votre voix\"}]},{\"@type\":\"WebSite\",\"@id\":\"https:\/\/movepainfree.org\/fr\/#website\",\"url\":\"https:\/\/movepainfree.org\/fr\/\",\"name\":\"Fondation Canadienne d&#039;Orthop\u00e9die\",\"description\":\"Fund-raising Activities Support Research, Education, Community Care\",\"potentialAction\":[{\"@type\":\"SearchAction\",\"target\":{\"@type\":\"EntryPoint\",\"urlTemplate\":\"https:\/\/movepainfree.org\/fr\/?s={search_term_string}\"},\"query-input\":{\"@type\":\"PropertyValueSpecification\",\"valueRequired\":true,\"valueName\":\"search_term_string\"}}],\"inLanguage\":\"fr-FR\"}]}<\/script>\n<!-- \/ Yoast SEO plugin. -->","yoast_head_json":{"title":"Faites entendre votre voix - Fondation Canadienne d&#039;Orthop\u00e9die","description":"La Fondation canadienne d'orthop\u00e9die vient en aide aux patients orthop\u00e9diques, aux professionnels de la sant\u00e9 en orthop\u00e9die, ainsi qu'aux personnes qui se pr\u00e9occupent de leur sant\u00e9 et des questions en mati\u00e8re de sant\u00e9 au sein de la collectivit\u00e9, et ce, \u00e0 l'\u00e9gard de la sant\u00e9 des os et des articulations actuelle et \u00e0 venir.","robots":{"index":"index","follow":"follow","max-snippet":"max-snippet:-1","max-image-preview":"max-image-preview:large","max-video-preview":"max-video-preview:-1"},"canonical":"https:\/\/movepainfree.org\/fr\/ways-to-give-get-involved\/be-heard\/","og_locale":"fr_FR","og_type":"article","og_title":"Faites entendre votre voix - Fondation Canadienne d&#039;Orthop\u00e9die","og_description":"La Fondation canadienne d'orthop\u00e9die vient en aide aux patients orthop\u00e9diques, aux professionnels de la sant\u00e9 en orthop\u00e9die, ainsi qu'aux personnes qui se pr\u00e9occupent de leur sant\u00e9 et des questions en mati\u00e8re de sant\u00e9 au sein de la collectivit\u00e9, et ce, \u00e0 l'\u00e9gard de la sant\u00e9 des os et des articulations actuelle et \u00e0 venir.","og_url":"https:\/\/movepainfree.org\/fr\/ways-to-give-get-involved\/be-heard\/","og_site_name":"Fondation Canadienne d&#039;Orthop\u00e9die","article_modified_time":"2024-04-05T19:56:54+00:00","twitter_card":"summary_large_image","twitter_misc":{"Dur\u00e9e de lecture estim\u00e9e":"3 minutes"},"schema":{"@context":"https:\/\/schema.org","@graph":[{"@type":"WebPage","@id":"https:\/\/movepainfree.org\/fr\/ways-to-give-get-involved\/be-heard\/","url":"https:\/\/movepainfree.org\/fr\/ways-to-give-get-involved\/be-heard\/","name":"Faites entendre votre voix - Fondation Canadienne d&#039;Orthop\u00e9die","isPartOf":{"@id":"https:\/\/movepainfree.org\/fr\/#website"},"datePublished":"2015-01-20T00:58:42+00:00","dateModified":"2024-04-05T19:56:54+00:00","description":"La Fondation canadienne d'orthop\u00e9die vient en aide aux patients orthop\u00e9diques, aux professionnels de la sant\u00e9 en orthop\u00e9die, ainsi qu'aux personnes qui se pr\u00e9occupent de leur sant\u00e9 et des questions en mati\u00e8re de sant\u00e9 au sein de la collectivit\u00e9, et ce, \u00e0 l'\u00e9gard de la sant\u00e9 des os et des articulations actuelle et \u00e0 venir.","breadcrumb":{"@id":"https:\/\/movepainfree.org\/fr\/ways-to-give-get-involved\/be-heard\/#breadcrumb"},"inLanguage":"fr-FR","potentialAction":[{"@type":"ReadAction","target":["https:\/\/movepainfree.org\/fr\/ways-to-give-get-involved\/be-heard\/"]}]},{"@type":"BreadcrumbList","@id":"https:\/\/movepainfree.org\/fr\/ways-to-give-get-involved\/be-heard\/#breadcrumb","itemListElement":[{"@type":"ListItem","position":1,"name":"Home","item":"https:\/\/movepainfree.org\/fr\/"},{"@type":"ListItem","position":2,"name":"Comment faire un don?","item":"https:\/\/movepainfree.org\/fr\/ways-to-give-get-involved\/"},{"@type":"ListItem","position":3,"name":"Faites entendre votre voix"}]},{"@type":"WebSite","@id":"https:\/\/movepainfree.org\/fr\/#website","url":"https:\/\/movepainfree.org\/fr\/","name":"Fondation Canadienne d&#039;Orthop\u00e9die","description":"Fund-raising Activities Support Research, Education, Community Care","potentialAction":[{"@type":"SearchAction","target":{"@type":"EntryPoint","urlTemplate":"https:\/\/movepainfree.org\/fr\/?s={search_term_string}"},"query-input":{"@type":"PropertyValueSpecification","valueRequired":true,"valueName":"search_term_string"}}],"inLanguage":"fr-FR"}]}},"_links":{"self":[{"href":"https:\/\/movepainfree.org\/fr\/wp-json\/wp\/v2\/pages\/60","targetHints":{"allow":["GET"]}}],"collection":[{"href":"https:\/\/movepainfree.org\/fr\/wp-json\/wp\/v2\/pages"}],"about":[{"href":"https:\/\/movepainfree.org\/fr\/wp-json\/wp\/v2\/types\/page"}],"author":[{"embeddable":true,"href":"https:\/\/movepainfree.org\/fr\/wp-json\/wp\/v2\/users\/1"}],"replies":[{"embeddable":true,"href":"https:\/\/movepainfree.org\/fr\/wp-json\/wp\/v2\/comments?post=60"}],"version-history":[{"count":6,"href":"https:\/\/movepainfree.org\/fr\/wp-json\/wp\/v2\/pages\/60\/revisions"}],"predecessor-version":[{"id":4435,"href":"https:\/\/movepainfree.org\/fr\/wp-json\/wp\/v2\/pages\/60\/revisions\/4435"}],"up":[{"embeddable":true,"href":"https:\/\/movepainfree.org\/fr\/wp-json\/wp\/v2\/pages\/41"}],"wp:attachment":[{"href":"https:\/\/movepainfree.org\/fr\/wp-json\/wp\/v2\/media?parent=60"}],"curies":[{"name":"wp","href":"https:\/\/api.w.org\/{rel}","templated":true}]}}