{"id":53,"date":"2015-01-19T22:20:06","date_gmt":"2015-01-19T22:20:06","guid":{"rendered":"https:\/\/movepainfree.org\/fr\/?page_id=53"},"modified":"2023-01-25T20:51:10","modified_gmt":"2023-01-25T20:51:10","slug":"privacy-policy","status":"publish","type":"page","link":"https:\/\/movepainfree.org\/fr\/privacy-policy\/","title":{"rendered":"Politique de confidentialit\u00e9"},"content":{"rendered":"<p>La Fondation Canadienne d&rsquo;Orthop\u00e9die sait \u00e0 quel point la protection de votre vie priv\u00e9e vous tient \u00e0 c\u0153ur. Nos relations sont fond\u00e9es sur la confiance, et nous nous engageons \u00e0 nous montrer dignes de cette confiance.<\/p>\n<p>Pour ces raisons, nous avons r\u00e9dig\u00e9 la Politique de confidentialit\u00e9 (ci-apr\u00e8s la \u00a0\u00bb Politique \u00ab\u00a0) suivante. Elle confirme notre engagement \u00e0 prot\u00e9ger votre vie priv\u00e9e et \u00e0 maintenir la confiance que vous nous faites. La pr\u00e9sente Politique de confidentialit\u00e9 constitue la garantie que nous maintiendrons la confidentialit\u00e9 des renseignements personnels que vous nous avez fournis.<\/p>\n<h2>A. APER\u00c7U<\/h2>\n<h3>1. COUVERTURE DE LA POLITIQUE<\/h3>\n<p>La pr\u00e9sente Politique s&rsquo;applique au traitement des renseignements personnels que nous recueillons aupr\u00e8s de vous.<\/p>\n<h3>2. OBJET DE LA COLLECTE DE RENSEIGNEMENTS PERSONNELS<\/h3>\n<p>Notre organisme recueille des renseignements personnels pour les fins suivantes seulement :<br \/>\n(i) \u00c9tablir et maintenir des listes de donateurs.<br \/>\n(ii) \u00c9tablir et maintenir des listes d&rsquo;envoi.<\/p>\n<h3>3. COMMENT UTILISE-T-ON LES RENSEIGNEMENTS PERSONNELS<\/h3>\n<p>Notre organisme envoie r\u00e9guli\u00e8rement des bulletins et des publications. Pour ce faire, nous maintenons une liste contenant les renseignements personnels n\u00e9cessaires pour communiquer avec vous. Nous pouvons aussi vous joindre pour obtenir du soutien pour notre cause et pour vous informer des activit\u00e9s qui pourraient vous int\u00e9resser.<\/p>\n<p>En outre, nous pouvons communiquer avec vous, de temps \u00e0 autre, pour vous demander d&rsquo;autres renseignements personnels afin de maintenir ces listes d&rsquo;envoi ou de donateurs.<\/p>\n<h3>4. COMMENT CONSERVE-T-ON LES RENSEIGNEMENTS PERSONNELS<\/h3>\n<p>Nous ne vendons, n&rsquo;\u00e9changeons ni ne donnons de renseignements personnels \u00e0 des tiers. Nous conservons tous les renseignements personnels conform\u00e9ment aux exigences de la Loi sur la protection des renseignements personnels et les documents \u00e9lectroniques (ci-apr\u00e8s la \u00a0\u00bb Loi \u00ab\u00a0) et du Code type sur la protection des renseignements personnels (ci-apr\u00e8s le \u00a0\u00bb Code \u00ab\u00a0), cr\u00e9\u00e9 et approuv\u00e9 par l&rsquo;Association canadienne de normalisation (CSA).<\/p>\n<h3>5. LIENS HYPERTEXTES<\/h3>\n<p>Ce site Web contient des liens vers d&rsquo;autres sites. La Fondation Canadienne d&rsquo;Orthop\u00e9die n&rsquo;accepte aucune responsabilit\u00e9 par rapport aux renseignements affich\u00e9s sur des sites sur lesquels elle n&rsquo;exerce aucun contr\u00f4le. Les opinions, affirmations et commentaires exprim\u00e9s sur de tels sites sont ceux des entreprises ou organismes qui les pr\u00e9sentent et ne doivent donc pas \u00eatre attribu\u00e9s \u00e0 la Fondation Canadienne d&rsquo;Orthop\u00e9die ou \u00e0 l&rsquo;un de ses affili\u00e9s, de quelque fa\u00e7on que ce soit. La Fondation Canadienne d&rsquo;Orthop\u00e9die ne v\u00e9rifie pas la v\u00e9racit\u00e9 ni l&rsquo;exactitude des opinions, affirmations et commentaires exprim\u00e9s sur ces sites; ceux-ci ne sont ni approuv\u00e9s ni soutenus par la Fondation.<\/p>\n<h2>B. APPLICATION DU CODE<\/h2>\n<p>Notre organisme applique les dix principes du Code comme suit :<\/p>\n<h3>1. RESPONSABILIT\u00c9<\/h3>\n<p>Notre organisme est responsable des renseignements personnels qu&rsquo;il recueille et maintient et dont il a la gestion. Pour assumer cette responsabilit\u00e9 :<\/p>\n<p>(i) Nous avons d\u00e9sign\u00e9 un responsable de la gestion quotidienne des renseignements personnels : le directeur de la Fondation.<br \/>\n(ii) Le directeur de la Fondation veille au respect des modalit\u00e9s de la pr\u00e9sente Politique.<br \/>\n(iii) Nous avons pris les mesures suivantes afin de nous conformer \u00e0 la pr\u00e9sente Politique :<\/p>\n<p>a) Conception de proc\u00e9dures pour la protection des renseignements personnels.<br \/>\nb) Conception de proc\u00e9dures pour la r\u00e9ception des plaintes et des demandes, ainsi que leur r\u00e9ponse.<br \/>\nc) Formation du personnel sur les politiques et pratiques concernant les renseignements personnels.<br \/>\nd) Conception de renseignements sur nos politiques et proc\u00e9dures concernant les renseignements personnels, et diffusion au personnel et \u00e0 la population.<\/p>\n<h3>2. FINS DE LA COLLECTE DE RENSEIGNEMENTS<\/h3>\n<p>Notre organisme s&rsquo;engage \u00e0 faire preuve de transparence quant \u00e0 sa collecte de renseignements personnels et \u00e0 leur utilisation. Tel que susmentionn\u00e9, nous recueillons des renseignements personnels pour les fins suivantes seulement :<\/p>\n<p>(i) \u00c9tablir et maintenir des listes de donateurs.<br \/>\n(ii) \u00c9tablir et maintenir des listes d&rsquo;envoi.<\/p>\n<p>Nous faisons preuve de cette transparence en demandant le consentement des personnes figurant dans nos listes de donateurs et d&rsquo;envoi avant d&rsquo;utiliser leurs renseignements personnels \u00e0 des fins autres que celles auxquelles ils ont \u00e9t\u00e9 recueillis.<\/p>\n<p>De m\u00eame, toute personne qui souhaite conna\u00eetre les renseignements personnels que nous d\u00e9tenons sur elle peut communiquer avec nous aux coordonn\u00e9es fournies \u00e0 la section C, ci-dessous.<\/p>\n<h3>3. CONSENTEMENT<\/h3>\n<p>Notre organisme s&rsquo;engage \u00e0 s&rsquo;assurer que vous \u00eates inform\u00e9 de la fa\u00e7on dont vos renseignements personnels sont utilis\u00e9s. Nous veillons \u00e0 obtenir le consentement appropri\u00e9 de toute personne qui nous fournit des renseignements personnels.<\/p>\n<p>\u00c0 cette fin, nous demandons \u00e0 tous nos employ\u00e9s et agents d&rsquo;expliquer la fa\u00e7on dont nous utilisons les renseignements personnels \u00e0 toute personne qui le demande, ainsi qu&rsquo;\u00e0 obtenir le consentement de toute personne qui nous fournit des renseignements personnels.<\/p>\n<p>De plus, nous pouvons vous demander r\u00e9guli\u00e8rement une confirmation par \u00e9crit afin de nous assurer que les renseignements personnels recueillis sont \u00e0 jour et exacts. Nous pouvons \u00e9galement nous assurer que vous consentez toujours \u00e0 ce qu&rsquo;on utilise et conserve vos renseignements personnels.<\/p>\n<p>Notre organisme ne divulguera des renseignements personnels sans pr\u00e9avis que s&rsquo;il est tenu de le faire par la loi ou s&rsquo;il croit, en toute bonne foi, qu&rsquo;il est n\u00e9cessaire de le faire pour s&rsquo;acquitter de ses obligations en regard de la loi.<\/p>\n<h3>4. LIMITATION DE LA COLLECTE DE RENSEIGNEMENTS<\/h3>\n<p>Notre organisme limite la collecte de renseignements personnels aux renseignements qui sont n\u00e9cessaires aux fins susmentionn\u00e9es. Nous nous engageons \u00e0 recueillir les renseignements personnels de fa\u00e7on honn\u00eate, transparente et licite.<\/p>\n<p>Pour cette raison, notre organisme ne recueille pas de renseignements personnels sans discernement; il ne recueille que ceux n\u00e9cessaires aux fins susmentionn\u00e9es.<\/p>\n<h3>5. LIMITATION DE L&rsquo;UTILISATION, DE LA DIVULGATION ET DE LA CONSERVATION DES RENSEIGNEMENTS<\/h3>\n<p>Les renseignements personnels ne doivent pas \u00eatre utilis\u00e9s ou communiqu\u00e9s \u00e0 des fins autres que celles auxquelles ils ont \u00e9t\u00e9 recueillis \u00e0 moins que la personne concern\u00e9e n&rsquo;y consente. Nous ne conservons les renseignements personnels qu&rsquo;aussi longtemps que n\u00e9cessaire pour la r\u00e9alisation des fins d\u00e9termin\u00e9es, et \u00e0 ces fins seulement.<\/p>\n<h3>6. EXACTITUDE<\/h3>\n<p>Notre organisme s&rsquo;engage \u00e0 maintenir des renseignements personnels exacts, complets et \u00e0 jour. Si certains des renseignements que vous nous avez fournis changent, vous n&rsquo;avez qu&rsquo;\u00e0 nous en informer et nous mettrons nos dossiers \u00e0 jour.<\/p>\n<p>Vous pouvez v\u00e9rifier et corriger vos renseignements personnels en communiquant, par la poste ou par courriel, avec les responsables de la gestion quotidienne des renseignements personnels de notre organisme, aux coordonn\u00e9es indiqu\u00e9es \u00e0 la section C, ci-dessous.<\/p>\n<h3>7. MESURES DE S\u00c9CURIT\u00c9<\/h3>\n<p>Notre organisme a con\u00e7u et mis en \u0153uvre des mesures de s\u00e9curit\u00e9 correspondant au degr\u00e9 de sensibilit\u00e9 des renseignements personnels recueillis. Elles comprennent :<\/p>\n<p>(i) des mesures de s\u00e9curit\u00e9 physique, comme des armoires verrouillables et un acc\u00e8s limit\u00e9 aux sites d&rsquo;entreposage des renseignements personnels;<br \/>\n(ii) des mesures de s\u00e9curit\u00e9 interne, dont un acc\u00e8s limit\u00e9 aux ordinateurs et aux sites d&rsquo;entreposage des renseignements personnels, de m\u00eame que des ententes de confidentialit\u00e9 conclues avec le personnel.<\/p>\n<p>Lorsque nous avons recours aux services d&rsquo;un tiers pour le traitement de renseignements personnels, nous \u00e9tablissons des ententes juridiques l&rsquo;engageant \u00e0 prot\u00e9ger les renseignements vis\u00e9s d&rsquo;une mani\u00e8re qui nous est acceptable. En concluant de telles ententes, nous ne transf\u00e9rons aucun int\u00e9r\u00eat dans ces renseignements personnels; leur objet est plut\u00f4t de nous assurer que les renseignements transmis \u00e0 des tiers sont conserv\u00e9s selon des r\u00e8gles de s\u00e9curit\u00e9 \u00e9quivalentes \u00e0 celles qui nous sont fournies dans la pr\u00e9sente Politique.<\/p>\n<p>Nous nous assurons aussi que tout membre du personnel en contact avec des renseignements personnels re\u00e7oit une formation ad\u00e9quate et conna\u00eet les mesures n\u00e9cessaires pour prot\u00e9ger ces renseignements.<\/p>\n<p>Tous les renseignements personnels que nous conservons sont d\u00e9truits lorsqu&rsquo;ils ne sont plus n\u00e9cessaires aux fins auxquelles ils ont \u00e9t\u00e9 recueillis.<\/p>\n<h3>8. TRANSPARENCE<\/h3>\n<p>Notre organisme met les renseignements sur ses politiques et pratiques concernant la collecte et la maintenance de renseignements personnels \u00e0 la disposition de toute personne int\u00e9ress\u00e9e. Nous r\u00e9pondrons avec plaisir \u00e0 toute question que vous pourriez vous poser \u00e0 propos de la collecte et de la maintenance de renseignements personnels. Veuillez adresser toute question \u00e0 cet effet, par la poste ou par courriel, aux coordonn\u00e9es indiqu\u00e9es \u00e0 la section C, ci-dessous.<\/p>\n<h3>9. ACC\u00c8S AUX RENSEIGNEMENTS PERSONNELS<\/h3>\n<p>Vous pouvez \u00e9galement demander \u00e0 avoir acc\u00e8s aux renseignements personnels que nous d\u00e9tenons sur vous. Nous nous r\u00e9servons toutefois le droit de v\u00e9rifier l&rsquo;identit\u00e9 de toute personne qui souhaite avoir acc\u00e8s \u00e0 des renseignements personnels avant de lui donner un tel acc\u00e8s. Veuillez faire parvenir toute demande \u00e0 cet effet, par la poste ou par courriel, aux coordonn\u00e9es indiqu\u00e9es \u00e0 la section C, ci-dessous.<\/p>\n<p>Nous pouvons en outre vous indiquer, sur demande, si nous d\u00e9tenons des renseignements personnels vous concernant, ainsi que vous les fournir.<\/p>\n<p>Nous nous engageons de plus \u00e0 nous assurer que les renseignements personnels que nous recueillons et conservons sont exacts, complets et \u00e0 jour.<\/p>\n<p>Vous pouvez \u00e9galement contester l&rsquo;int\u00e9gralit\u00e9 des renseignements personnels que nous d\u00e9tenons. Si vous pouvez d\u00e9montrer que les renseignements personnels que nous d\u00e9tenons sont inexacts ou incomplets, nous modifierons ces derniers de fa\u00e7on ad\u00e9quate. Si nous ne r\u00e9solvons pas le probl\u00e8me \u00e0 votre satisfaction, nous d\u00e9truirons les renseignements personnels que nous poss\u00e9dons.<\/p>\n<p>En outre, si nous ne pouvons pas vous donner acc\u00e8s \u00e0 tous les renseignements personnels que nous conservons sur vous, nous devrons vous en donner les raisons.<\/p>\n<h3>10. POSSIBILIT\u00c9 DE PORTER PLAINTE \u00c0 L&rsquo;\u00c9GARD DU NON-RESPECT DES PRINCIPES<\/h3>\n<p>Tel que susmentionn\u00e9, notre organisme a d\u00e9sign\u00e9 un responsable de la gestion quotidienne des renseignements personnels. Cette personne re\u00e7oit toutes les demandes de renseignements \u00e0 propos de notre Politique ou de vos renseignements personnels, puis y r\u00e9pond. De m\u00eame, si vous souhaitez ajouter votre nom \u00e0 l&rsquo;une de nos listes ou l&rsquo;en retirer, veuillez communiquer avec ce responsable, par la poste ou par courriel.<\/p>\n<p>Nous \u00e9tudions toutes les plaintes que nous recevons et y r\u00e9pondons par \u00e9crit, en temps opportun. Si une plainte s&rsquo;av\u00e8re justifi\u00e9e, nous prendrons les mesures n\u00e9cessaires pour r\u00e9soudre le probl\u00e8me \u00e0 la satisfaction du plaignant.<\/p>\n<h2>C. POUR AJOUTER, RETIRER OU MODIFIER VOS RENSEIGNEMENTS PERSONNELS<\/h2>\n<p>Si, \u00e0 un moment ou l&rsquo;autre, vous souhaitez modifier les renseignements personnels que nous d\u00e9tenons sur vous ou encore retirer votre nom de notre liste de donateurs ou d&rsquo;envoi, vous n&rsquo;avez qu&rsquo;\u00e0 nous en informer par la poste, \u00e0 l&rsquo;adresse ci-dessous, ou par courriel, \u00e0 <a href=\"mailto:mailbox@canorth.org?subject=POLITIQUE%20DE%20CONFIDENTIALIT%C3%89\">mailbox@canorth.org<\/a>.<\/p>\n<p>LA FONDATION CANADIENNE D&rsquo;ORTHOP\u00c9DIE<br \/>\nC.P. 1036, Toronto (Ontario) M5K 1P2<br \/>\nSans frais : 1 800 461-3639<br \/>\nwww.movepainfree.org\/fr\/<\/p>\n","protected":false},"excerpt":{"rendered":"La Fondation Canadienne d&rsquo;Orthop\u00e9die sait \u00e0 quel point la protection de votre vie priv\u00e9e vous tient \u00e0 c\u0153ur. Nos relations sont fond\u00e9es sur la confiance, et nous nous engageons \u00e0&#8230; <a class=\"view-article\" href=\"https:\/\/movepainfree.org\/fr\/privacy-policy\/\">View Article<\/a>","protected":false},"author":1,"featured_media":0,"parent":0,"menu_order":9999,"comment_status":"closed","ping_status":"closed","template":"template-full-width.php","meta":{"footnotes":""},"class_list":["post-53","page","type-page","status-publish","hentry"],"yoast_head":"<!-- This site is optimized with the Yoast SEO plugin v27.0 - https:\/\/yoast.com\/product\/yoast-seo-wordpress\/ -->\n<title>Politique de confidentialit\u00e9 - Fondation Canadienne d&#039;Orthop\u00e9die<\/title>\n<meta name=\"description\" content=\"La Fondation canadienne d&#039;orthop\u00e9die vient en aide aux patients orthop\u00e9diques, aux professionnels de la sant\u00e9 en orthop\u00e9die, ainsi qu&#039;aux personnes qui se pr\u00e9occupent de leur sant\u00e9 et des questions en mati\u00e8re de sant\u00e9 au sein de la collectivit\u00e9, et ce, \u00e0 l&#039;\u00e9gard de la sant\u00e9 des os et des articulations actuelle et \u00e0 venir.\" \/>\n<meta name=\"robots\" content=\"index, follow, max-snippet:-1, max-image-preview:large, max-video-preview:-1\" \/>\n<link rel=\"canonical\" href=\"https:\/\/movepainfree.org\/fr\/privacy-policy\/\" \/>\n<meta property=\"og:locale\" content=\"fr_FR\" \/>\n<meta property=\"og:type\" content=\"article\" \/>\n<meta property=\"og:title\" content=\"Politique de confidentialit\u00e9 - Fondation Canadienne d&#039;Orthop\u00e9die\" \/>\n<meta property=\"og:description\" content=\"La Fondation canadienne d&#039;orthop\u00e9die vient en aide aux patients orthop\u00e9diques, aux professionnels de la sant\u00e9 en orthop\u00e9die, ainsi qu&#039;aux personnes qui se pr\u00e9occupent de leur sant\u00e9 et des questions en mati\u00e8re de sant\u00e9 au sein de la collectivit\u00e9, et ce, \u00e0 l&#039;\u00e9gard de la sant\u00e9 des os et des articulations actuelle et \u00e0 venir.\" \/>\n<meta property=\"og:url\" content=\"https:\/\/movepainfree.org\/fr\/privacy-policy\/\" \/>\n<meta property=\"og:site_name\" content=\"Fondation Canadienne d&#039;Orthop\u00e9die\" \/>\n<meta property=\"article:modified_time\" content=\"2023-01-25T20:51:10+00:00\" \/>\n<meta name=\"twitter:card\" content=\"summary_large_image\" \/>\n<meta name=\"twitter:label1\" content=\"Dur\u00e9e de lecture estim\u00e9e\" \/>\n\t<meta name=\"twitter:data1\" content=\"9 minutes\" \/>\n<script type=\"application\/ld+json\" class=\"yoast-schema-graph\">{\"@context\":\"https:\/\/schema.org\",\"@graph\":[{\"@type\":\"WebPage\",\"@id\":\"https:\/\/movepainfree.org\/fr\/privacy-policy\/\",\"url\":\"https:\/\/movepainfree.org\/fr\/privacy-policy\/\",\"name\":\"Politique de confidentialit\u00e9 - Fondation Canadienne d&#039;Orthop\u00e9die\",\"isPartOf\":{\"@id\":\"https:\/\/movepainfree.org\/fr\/#website\"},\"datePublished\":\"2015-01-19T22:20:06+00:00\",\"dateModified\":\"2023-01-25T20:51:10+00:00\",\"description\":\"La Fondation canadienne d'orthop\u00e9die vient en aide aux patients orthop\u00e9diques, aux professionnels de la sant\u00e9 en orthop\u00e9die, ainsi qu'aux personnes qui se pr\u00e9occupent de leur sant\u00e9 et des questions en mati\u00e8re de sant\u00e9 au sein de la collectivit\u00e9, et ce, \u00e0 l'\u00e9gard de la sant\u00e9 des os et des articulations actuelle et \u00e0 venir.\",\"breadcrumb\":{\"@id\":\"https:\/\/movepainfree.org\/fr\/privacy-policy\/#breadcrumb\"},\"inLanguage\":\"fr-FR\",\"potentialAction\":[{\"@type\":\"ReadAction\",\"target\":[\"https:\/\/movepainfree.org\/fr\/privacy-policy\/\"]}]},{\"@type\":\"BreadcrumbList\",\"@id\":\"https:\/\/movepainfree.org\/fr\/privacy-policy\/#breadcrumb\",\"itemListElement\":[{\"@type\":\"ListItem\",\"position\":1,\"name\":\"Home\",\"item\":\"https:\/\/movepainfree.org\/fr\/\"},{\"@type\":\"ListItem\",\"position\":2,\"name\":\"Politique de confidentialit\u00e9\"}]},{\"@type\":\"WebSite\",\"@id\":\"https:\/\/movepainfree.org\/fr\/#website\",\"url\":\"https:\/\/movepainfree.org\/fr\/\",\"name\":\"Fondation Canadienne d&#039;Orthop\u00e9die\",\"description\":\"Fund-raising Activities Support Research, Education, Community Care\",\"potentialAction\":[{\"@type\":\"SearchAction\",\"target\":{\"@type\":\"EntryPoint\",\"urlTemplate\":\"https:\/\/movepainfree.org\/fr\/?s={search_term_string}\"},\"query-input\":{\"@type\":\"PropertyValueSpecification\",\"valueRequired\":true,\"valueName\":\"search_term_string\"}}],\"inLanguage\":\"fr-FR\"}]}<\/script>\n<!-- \/ Yoast SEO plugin. -->","yoast_head_json":{"title":"Politique de confidentialit\u00e9 - Fondation Canadienne d&#039;Orthop\u00e9die","description":"La Fondation canadienne d'orthop\u00e9die vient en aide aux patients orthop\u00e9diques, aux professionnels de la sant\u00e9 en orthop\u00e9die, ainsi qu'aux personnes qui se pr\u00e9occupent de leur sant\u00e9 et des questions en mati\u00e8re de sant\u00e9 au sein de la collectivit\u00e9, et ce, \u00e0 l'\u00e9gard de la sant\u00e9 des os et des articulations actuelle et \u00e0 venir.","robots":{"index":"index","follow":"follow","max-snippet":"max-snippet:-1","max-image-preview":"max-image-preview:large","max-video-preview":"max-video-preview:-1"},"canonical":"https:\/\/movepainfree.org\/fr\/privacy-policy\/","og_locale":"fr_FR","og_type":"article","og_title":"Politique de confidentialit\u00e9 - Fondation Canadienne d&#039;Orthop\u00e9die","og_description":"La Fondation canadienne d'orthop\u00e9die vient en aide aux patients orthop\u00e9diques, aux professionnels de la sant\u00e9 en orthop\u00e9die, ainsi qu'aux personnes qui se pr\u00e9occupent de leur sant\u00e9 et des questions en mati\u00e8re de sant\u00e9 au sein de la collectivit\u00e9, et ce, \u00e0 l'\u00e9gard de la sant\u00e9 des os et des articulations actuelle et \u00e0 venir.","og_url":"https:\/\/movepainfree.org\/fr\/privacy-policy\/","og_site_name":"Fondation Canadienne d&#039;Orthop\u00e9die","article_modified_time":"2023-01-25T20:51:10+00:00","twitter_card":"summary_large_image","twitter_misc":{"Dur\u00e9e de lecture estim\u00e9e":"9 minutes"},"schema":{"@context":"https:\/\/schema.org","@graph":[{"@type":"WebPage","@id":"https:\/\/movepainfree.org\/fr\/privacy-policy\/","url":"https:\/\/movepainfree.org\/fr\/privacy-policy\/","name":"Politique de confidentialit\u00e9 - Fondation Canadienne d&#039;Orthop\u00e9die","isPartOf":{"@id":"https:\/\/movepainfree.org\/fr\/#website"},"datePublished":"2015-01-19T22:20:06+00:00","dateModified":"2023-01-25T20:51:10+00:00","description":"La Fondation canadienne d'orthop\u00e9die vient en aide aux patients orthop\u00e9diques, aux professionnels de la sant\u00e9 en orthop\u00e9die, ainsi qu'aux personnes qui se pr\u00e9occupent de leur sant\u00e9 et des questions en mati\u00e8re de sant\u00e9 au sein de la collectivit\u00e9, et ce, \u00e0 l'\u00e9gard de la sant\u00e9 des os et des articulations actuelle et \u00e0 venir.","breadcrumb":{"@id":"https:\/\/movepainfree.org\/fr\/privacy-policy\/#breadcrumb"},"inLanguage":"fr-FR","potentialAction":[{"@type":"ReadAction","target":["https:\/\/movepainfree.org\/fr\/privacy-policy\/"]}]},{"@type":"BreadcrumbList","@id":"https:\/\/movepainfree.org\/fr\/privacy-policy\/#breadcrumb","itemListElement":[{"@type":"ListItem","position":1,"name":"Home","item":"https:\/\/movepainfree.org\/fr\/"},{"@type":"ListItem","position":2,"name":"Politique de confidentialit\u00e9"}]},{"@type":"WebSite","@id":"https:\/\/movepainfree.org\/fr\/#website","url":"https:\/\/movepainfree.org\/fr\/","name":"Fondation Canadienne d&#039;Orthop\u00e9die","description":"Fund-raising Activities Support Research, Education, Community Care","potentialAction":[{"@type":"SearchAction","target":{"@type":"EntryPoint","urlTemplate":"https:\/\/movepainfree.org\/fr\/?s={search_term_string}"},"query-input":{"@type":"PropertyValueSpecification","valueRequired":true,"valueName":"search_term_string"}}],"inLanguage":"fr-FR"}]}},"_links":{"self":[{"href":"https:\/\/movepainfree.org\/fr\/wp-json\/wp\/v2\/pages\/53","targetHints":{"allow":["GET"]}}],"collection":[{"href":"https:\/\/movepainfree.org\/fr\/wp-json\/wp\/v2\/pages"}],"about":[{"href":"https:\/\/movepainfree.org\/fr\/wp-json\/wp\/v2\/types\/page"}],"author":[{"embeddable":true,"href":"https:\/\/movepainfree.org\/fr\/wp-json\/wp\/v2\/users\/1"}],"replies":[{"embeddable":true,"href":"https:\/\/movepainfree.org\/fr\/wp-json\/wp\/v2\/comments?post=53"}],"version-history":[{"count":6,"href":"https:\/\/movepainfree.org\/fr\/wp-json\/wp\/v2\/pages\/53\/revisions"}],"predecessor-version":[{"id":4076,"href":"https:\/\/movepainfree.org\/fr\/wp-json\/wp\/v2\/pages\/53\/revisions\/4076"}],"wp:attachment":[{"href":"https:\/\/movepainfree.org\/fr\/wp-json\/wp\/v2\/media?parent=53"}],"curies":[{"name":"wp","href":"https:\/\/api.w.org\/{rel}","templated":true}]}}