{"id":518,"date":"2015-01-23T18:43:00","date_gmt":"2015-01-23T18:43:00","guid":{"rendered":"https:\/\/movepainfree.org\/fr\/?page_id=518"},"modified":"2020-05-22T18:20:26","modified_gmt":"2020-05-22T18:20:26","slug":"positions-on-public-policy","status":"publish","type":"page","link":"https:\/\/movepainfree.org\/fr\/about-us\/positions-on-public-policy\/","title":{"rendered":"Enonc\u00e9s de position en mati\u00e8re de politique publique"},"content":{"rendered":"<p>La Fondation Canadienne d&rsquo;Orthop\u00e9die comprend les milieux canadiens des soins de sant\u00e9 et de bienfaisance. Nos \u00e9nonc\u00e9s de position en mati\u00e8re de politique publique constituent l&rsquo;une des fa\u00e7ons dont nous manifestons notre soutien aux intervenants.<\/p>\n<p>La Fondation d\u00e9fend les int\u00e9r\u00eats des malades. Nous incitons les malades et tous les Canadiens \u00e0 exercer, dans le respect, leur droit de d\u00e9 fendre leurs int\u00e9r\u00eats et de promouvoir l&rsquo;am\u00e9 lioration de notre syst\u00e8me de soins de sant\u00e9.<\/p>\n<h2>Reprise des chirurgies restauratrices apr\u00e8s la pand\u00e9mie de COVID-19<\/h2>\n<p>Alors que la pand\u00e9mie de COVID-19 commence \u00e0 se stabiliser et que les d\u00e9cideurs en sant\u00e9 sont confront\u00e9s \u00e0 des d\u00e9fis dans la priorisation des chirurgies, la Fondation Canadienne d\u2019Orthop\u00e9die milite en faveur des milliers de patients en orthop\u00e9die qui continuent de ressentir une douleur d\u00e9bilitante au quotidien. <a href=\"https:\/\/movepainfree.org\/fr\/wp-content\/uploads\/sites\/3\/COF-COVID-surgery-position-statement-FR-1.pdf\">Lisez la suite<\/a>.<\/p>\n<h2>Temps d&rsquo;attente en chirurgie<\/h2>\n<p>Comme les temps d&rsquo;attente en chirurgie au Canada sont souvent consid\u00e9 rables, atteignant un an ou plus dans certains cas, ils peuvent entra\u00eener des probl\u00e8mes physiques, affectifs et\u00e9 conomiques pour les malades et leur famille. Nous croyons que les Canadiens ont besoin d&rsquo;un acc\u00e8s en temps opportun \u00e0 des soins orthop\u00e9diques de qualit\u00e9 et qu&rsquo;ils y ont droit. <a href=\"https:\/\/movepainfree.org\/fr\/wp-content\/uploads\/sites\/3\/PositionStatement-WaitTimes112006FR.pdf\">Lisez la suite<\/a>.<\/p>\n<h2>Acc\u00e8s en temps opportun \u00e0 des innovations de qualit\u00e9 dans le domaine m\u00e9dical<\/h2>\n<p>\u00c9tant donn\u00e9 le d\u00e9 lai d&rsquo;approbation r\u00e9glementaire et le budget limit\u00e9 en sant\u00e9, les malades n&rsquo;ont pas toujours acc\u00e8s au m\u00e9 dicament ou \u00e0 l&rsquo;appareil m\u00e9dical qui r\u00e9pond le mieux \u00e0 leurs besoins. Nous soutenons toute r\u00e9forme r\u00e9glementaire qui veillera \u00e0 ce que les malades puissent b\u00e9n\u00e9ficier des m\u00e9dicaments et des appareils m\u00e9 dicaux qui leur conviennent le mieux, et non seulement de l&rsquo;option la plus \u00e9conomique. <a href=\"https:\/\/movepainfree.org\/fr\/wp-content\/uploads\/sites\/3\/patient_accessFR.pdf\">Lisez la suite<\/a>.<\/p>\n<h2>Vente transfrontali\u00e8re de m\u00e9dicaments d&rsquo;ordonnance<\/h2>\n<p>La vente transfrontali\u00e8re de m\u00e9dicaments d&rsquo;ordonnance et les d\u00e9fis connexes pourraient entra\u00eener la r\u00e9duction des m\u00e9dicaments disponibles au pays et l&rsquo;augmentation des co\u00fbts pour les Canadiens, ce qui cr\u00e9e une autre pierre d&rsquo;achoppement dans l&rsquo;acc\u00e8s \u00e0 des soins orthop\u00e9diques de qualit\u00e9. Nous sommes d&rsquo;avis que d&rsquo;autres d\u00e9bats sont n\u00e9cessaires pour clarifier la politique publique \u00e0 cet effet et les mesures qui s&rsquo;imposent. <a href=\"https:\/\/movepainfree.org\/fr\/wp-content\/uploads\/sites\/3\/PositionStatement-CrossBorder112006FR.pdf\">Lisez la suite<\/a>.<\/p>\n<h2>Loi sur la protection des renseignements personnels<\/h2>\n<p>Comme il est si facile de transf\u00e9rer des donn\u00e9es num\u00e9riques d&rsquo;un ordinateur \u00e0 l&rsquo;autre, le gouvernement a instaur\u00e9 une loi visant \u00e0 prot\u00e9ger les renseignements personnels. Nous soutenons cette loi, tout comme nous soutenons la capacit\u00e9 d&rsquo;un organisme de bienfaisance \u00e0 remplir son mandat b\u00e9n\u00e9fique sur le plan social. <a href=\"https:\/\/movepainfree.org\/fr\/privacy-policy\/\">Lisez la suite.<\/a><\/p>\n","protected":false},"excerpt":{"rendered":"La Fondation Canadienne d&rsquo;Orthop\u00e9die comprend les milieux canadiens des soins de sant\u00e9 et de bienfaisance. Nos \u00e9nonc\u00e9s de position en mati\u00e8re de politique publique constituent l&rsquo;une des fa\u00e7ons dont nous&#8230; <a class=\"view-article\" href=\"https:\/\/movepainfree.org\/fr\/about-us\/positions-on-public-policy\/\">View Article<\/a>","protected":false},"author":1,"featured_media":0,"parent":43,"menu_order":10,"comment_status":"closed","ping_status":"closed","template":"","meta":{"footnotes":""},"class_list":["post-518","page","type-page","status-publish","hentry"],"yoast_head":"<!-- This site is optimized with the Yoast SEO plugin v27.0 - https:\/\/yoast.com\/product\/yoast-seo-wordpress\/ -->\n<title>Enonc\u00e9s de position en mati\u00e8re de politique publique - Fondation Canadienne d&#039;Orthop\u00e9die<\/title>\n<meta name=\"description\" content=\"La Fondation canadienne d&#039;orthop\u00e9die vient en aide aux patients orthop\u00e9diques, aux professionnels de la sant\u00e9 en orthop\u00e9die, ainsi qu&#039;aux personnes qui se pr\u00e9occupent de leur sant\u00e9 et des questions en mati\u00e8re de sant\u00e9 au sein de la collectivit\u00e9, et ce, \u00e0 l&#039;\u00e9gard de la sant\u00e9 des os et des articulations actuelle et \u00e0 venir.\" \/>\n<meta name=\"robots\" content=\"index, follow, max-snippet:-1, max-image-preview:large, max-video-preview:-1\" \/>\n<link rel=\"canonical\" href=\"https:\/\/movepainfree.org\/fr\/about-us\/positions-on-public-policy\/\" \/>\n<meta property=\"og:locale\" content=\"fr_FR\" \/>\n<meta property=\"og:type\" content=\"article\" \/>\n<meta property=\"og:title\" content=\"Enonc\u00e9s de position en mati\u00e8re de politique publique - Fondation Canadienne d&#039;Orthop\u00e9die\" \/>\n<meta property=\"og:description\" content=\"La Fondation canadienne d&#039;orthop\u00e9die vient en aide aux patients orthop\u00e9diques, aux professionnels de la sant\u00e9 en orthop\u00e9die, ainsi qu&#039;aux personnes qui se pr\u00e9occupent de leur sant\u00e9 et des questions en mati\u00e8re de sant\u00e9 au sein de la collectivit\u00e9, et ce, \u00e0 l&#039;\u00e9gard de la sant\u00e9 des os et des articulations actuelle et \u00e0 venir.\" \/>\n<meta property=\"og:url\" content=\"https:\/\/movepainfree.org\/fr\/about-us\/positions-on-public-policy\/\" \/>\n<meta property=\"og:site_name\" content=\"Fondation Canadienne d&#039;Orthop\u00e9die\" \/>\n<meta property=\"article:modified_time\" content=\"2020-05-22T18:20:26+00:00\" \/>\n<meta name=\"twitter:card\" content=\"summary_large_image\" \/>\n<meta name=\"twitter:label1\" content=\"Dur\u00e9e de lecture estim\u00e9e\" \/>\n\t<meta name=\"twitter:data1\" content=\"2 minutes\" \/>\n<script type=\"application\/ld+json\" class=\"yoast-schema-graph\">{\"@context\":\"https:\/\/schema.org\",\"@graph\":[{\"@type\":\"WebPage\",\"@id\":\"https:\/\/movepainfree.org\/fr\/about-us\/positions-on-public-policy\/\",\"url\":\"https:\/\/movepainfree.org\/fr\/about-us\/positions-on-public-policy\/\",\"name\":\"Enonc\u00e9s de position en mati\u00e8re de politique publique - Fondation Canadienne d&#039;Orthop\u00e9die\",\"isPartOf\":{\"@id\":\"https:\/\/movepainfree.org\/fr\/#website\"},\"datePublished\":\"2015-01-23T18:43:00+00:00\",\"dateModified\":\"2020-05-22T18:20:26+00:00\",\"description\":\"La Fondation canadienne d'orthop\u00e9die vient en aide aux patients orthop\u00e9diques, aux professionnels de la sant\u00e9 en orthop\u00e9die, ainsi qu'aux personnes qui se pr\u00e9occupent de leur sant\u00e9 et des questions en mati\u00e8re de sant\u00e9 au sein de la collectivit\u00e9, et ce, \u00e0 l'\u00e9gard de la sant\u00e9 des os et des articulations actuelle et \u00e0 venir.\",\"breadcrumb\":{\"@id\":\"https:\/\/movepainfree.org\/fr\/about-us\/positions-on-public-policy\/#breadcrumb\"},\"inLanguage\":\"fr-FR\",\"potentialAction\":[{\"@type\":\"ReadAction\",\"target\":[\"https:\/\/movepainfree.org\/fr\/about-us\/positions-on-public-policy\/\"]}]},{\"@type\":\"BreadcrumbList\",\"@id\":\"https:\/\/movepainfree.org\/fr\/about-us\/positions-on-public-policy\/#breadcrumb\",\"itemListElement\":[{\"@type\":\"ListItem\",\"position\":1,\"name\":\"Home\",\"item\":\"https:\/\/movepainfree.org\/fr\/\"},{\"@type\":\"ListItem\",\"position\":2,\"name\":\"\u00c0 propos de nous\",\"item\":\"https:\/\/movepainfree.org\/fr\/about-us\/\"},{\"@type\":\"ListItem\",\"position\":3,\"name\":\"Enonc\u00e9s de position en mati\u00e8re de politique publique\"}]},{\"@type\":\"WebSite\",\"@id\":\"https:\/\/movepainfree.org\/fr\/#website\",\"url\":\"https:\/\/movepainfree.org\/fr\/\",\"name\":\"Fondation Canadienne d&#039;Orthop\u00e9die\",\"description\":\"Fund-raising Activities Support Research, Education, Community Care\",\"potentialAction\":[{\"@type\":\"SearchAction\",\"target\":{\"@type\":\"EntryPoint\",\"urlTemplate\":\"https:\/\/movepainfree.org\/fr\/?s={search_term_string}\"},\"query-input\":{\"@type\":\"PropertyValueSpecification\",\"valueRequired\":true,\"valueName\":\"search_term_string\"}}],\"inLanguage\":\"fr-FR\"}]}<\/script>\n<!-- \/ Yoast SEO plugin. -->","yoast_head_json":{"title":"Enonc\u00e9s de position en mati\u00e8re de politique publique - Fondation Canadienne d&#039;Orthop\u00e9die","description":"La Fondation canadienne d'orthop\u00e9die vient en aide aux patients orthop\u00e9diques, aux professionnels de la sant\u00e9 en orthop\u00e9die, ainsi qu'aux personnes qui se pr\u00e9occupent de leur sant\u00e9 et des questions en mati\u00e8re de sant\u00e9 au sein de la collectivit\u00e9, et ce, \u00e0 l'\u00e9gard de la sant\u00e9 des os et des articulations actuelle et \u00e0 venir.","robots":{"index":"index","follow":"follow","max-snippet":"max-snippet:-1","max-image-preview":"max-image-preview:large","max-video-preview":"max-video-preview:-1"},"canonical":"https:\/\/movepainfree.org\/fr\/about-us\/positions-on-public-policy\/","og_locale":"fr_FR","og_type":"article","og_title":"Enonc\u00e9s de position en mati\u00e8re de politique publique - Fondation Canadienne d&#039;Orthop\u00e9die","og_description":"La Fondation canadienne d'orthop\u00e9die vient en aide aux patients orthop\u00e9diques, aux professionnels de la sant\u00e9 en orthop\u00e9die, ainsi qu'aux personnes qui se pr\u00e9occupent de leur sant\u00e9 et des questions en mati\u00e8re de sant\u00e9 au sein de la collectivit\u00e9, et ce, \u00e0 l'\u00e9gard de la sant\u00e9 des os et des articulations actuelle et \u00e0 venir.","og_url":"https:\/\/movepainfree.org\/fr\/about-us\/positions-on-public-policy\/","og_site_name":"Fondation Canadienne d&#039;Orthop\u00e9die","article_modified_time":"2020-05-22T18:20:26+00:00","twitter_card":"summary_large_image","twitter_misc":{"Dur\u00e9e de lecture estim\u00e9e":"2 minutes"},"schema":{"@context":"https:\/\/schema.org","@graph":[{"@type":"WebPage","@id":"https:\/\/movepainfree.org\/fr\/about-us\/positions-on-public-policy\/","url":"https:\/\/movepainfree.org\/fr\/about-us\/positions-on-public-policy\/","name":"Enonc\u00e9s de position en mati\u00e8re de politique publique - Fondation Canadienne d&#039;Orthop\u00e9die","isPartOf":{"@id":"https:\/\/movepainfree.org\/fr\/#website"},"datePublished":"2015-01-23T18:43:00+00:00","dateModified":"2020-05-22T18:20:26+00:00","description":"La Fondation canadienne d'orthop\u00e9die vient en aide aux patients orthop\u00e9diques, aux professionnels de la sant\u00e9 en orthop\u00e9die, ainsi qu'aux personnes qui se pr\u00e9occupent de leur sant\u00e9 et des questions en mati\u00e8re de sant\u00e9 au sein de la collectivit\u00e9, et ce, \u00e0 l'\u00e9gard de la sant\u00e9 des os et des articulations actuelle et \u00e0 venir.","breadcrumb":{"@id":"https:\/\/movepainfree.org\/fr\/about-us\/positions-on-public-policy\/#breadcrumb"},"inLanguage":"fr-FR","potentialAction":[{"@type":"ReadAction","target":["https:\/\/movepainfree.org\/fr\/about-us\/positions-on-public-policy\/"]}]},{"@type":"BreadcrumbList","@id":"https:\/\/movepainfree.org\/fr\/about-us\/positions-on-public-policy\/#breadcrumb","itemListElement":[{"@type":"ListItem","position":1,"name":"Home","item":"https:\/\/movepainfree.org\/fr\/"},{"@type":"ListItem","position":2,"name":"\u00c0 propos de nous","item":"https:\/\/movepainfree.org\/fr\/about-us\/"},{"@type":"ListItem","position":3,"name":"Enonc\u00e9s de position en mati\u00e8re de politique publique"}]},{"@type":"WebSite","@id":"https:\/\/movepainfree.org\/fr\/#website","url":"https:\/\/movepainfree.org\/fr\/","name":"Fondation Canadienne d&#039;Orthop\u00e9die","description":"Fund-raising Activities Support Research, Education, Community Care","potentialAction":[{"@type":"SearchAction","target":{"@type":"EntryPoint","urlTemplate":"https:\/\/movepainfree.org\/fr\/?s={search_term_string}"},"query-input":{"@type":"PropertyValueSpecification","valueRequired":true,"valueName":"search_term_string"}}],"inLanguage":"fr-FR"}]}},"_links":{"self":[{"href":"https:\/\/movepainfree.org\/fr\/wp-json\/wp\/v2\/pages\/518","targetHints":{"allow":["GET"]}}],"collection":[{"href":"https:\/\/movepainfree.org\/fr\/wp-json\/wp\/v2\/pages"}],"about":[{"href":"https:\/\/movepainfree.org\/fr\/wp-json\/wp\/v2\/types\/page"}],"author":[{"embeddable":true,"href":"https:\/\/movepainfree.org\/fr\/wp-json\/wp\/v2\/users\/1"}],"replies":[{"embeddable":true,"href":"https:\/\/movepainfree.org\/fr\/wp-json\/wp\/v2\/comments?post=518"}],"version-history":[{"count":12,"href":"https:\/\/movepainfree.org\/fr\/wp-json\/wp\/v2\/pages\/518\/revisions"}],"predecessor-version":[{"id":3425,"href":"https:\/\/movepainfree.org\/fr\/wp-json\/wp\/v2\/pages\/518\/revisions\/3425"}],"up":[{"embeddable":true,"href":"https:\/\/movepainfree.org\/fr\/wp-json\/wp\/v2\/pages\/43"}],"wp:attachment":[{"href":"https:\/\/movepainfree.org\/fr\/wp-json\/wp\/v2\/media?parent=518"}],"curies":[{"name":"wp","href":"https:\/\/api.w.org\/{rel}","templated":true}]}}