{"id":506,"date":"2015-01-23T18:17:11","date_gmt":"2015-01-23T18:17:11","guid":{"rendered":"https:\/\/movepainfree.org\/fr\/?page_id=506"},"modified":"2024-04-05T19:53:54","modified_gmt":"2024-04-05T19:53:54","slug":"planned-giving","status":"publish","type":"page","link":"https:\/\/movepainfree.org\/fr\/ways-to-give-get-involved\/planned-giving\/","title":{"rendered":"Que l\u00e8guerez-vous \u00e0 votre profession?"},"content":{"rendered":"<h2>206\u00a0os et leurs articulations\u00a0: autant de raisons de cr\u00e9er un legs durable!<\/h2>\n<p>Quand ils sont bien nourris, nos 206\u00a0os nous portent toute la vie. Lorsqu&rsquo;ils ne le sont pas, les mouvements les plus simples et courants peuvent \u00eatre douloureux, voire impossibles. Et c&rsquo;est l\u00e0 le d\u00e9fi de centaines de milliers de Canadiens atteints d&rsquo;un trouble des os ou des articulations et qui ont besoin d&rsquo;une chirurgie pour retrouver leur mobilit\u00e9.<\/p>\n<p>C&rsquo;est pourquoi la Fondation Canadienne d&rsquo;Orthop\u00e9die se consacre exclusivement \u00e0 aider les gens \u00e0 renforcer, \u00e0 maintenir et \u00e0 recouvrer la sant\u00e9 de leurs os et articulations. Soutenir nos programmes essentiels, c&rsquo;est investir dans une nation dynamique, c&rsquo;est assurer la mobilit\u00e9 des Canadiens.<\/p>\n<p>Nos programmes de sensibilisation et de soutien par les pairs aident les Canadiens dans leur cheminement vers la mobilit\u00e9. Notre financement de la recherche permet d&rsquo;obtenir des r\u00e9ponses \u00e0 de nouvelles questions sur les maladies et les traitements, ainsi que de meilleurs r\u00e9sultats. Aidez-nous \u00e0 soutenir une vie active pour tous les Canadiens en faisant un don planifi\u00e9.<\/p>\n<p>Vous pouvez avoir une incidence positive sur la vie des Canadiens d&rsquo;une multitude de fa\u00e7ons. Votre don peut amener un nouveau dipl\u00f4m\u00e9 \u00e0 orienter sa carri\u00e8re vers la recherche, financer nos programmes de soutien par les pairs et nous permettre de poursuivre notre travail de sensibilisation de la population et des patients partout au pays.<\/p>\n<h2>Don planifi\u00e9<\/h2>\n<p>Le don planifi\u00e9 est un don que vous vous engagez \u00e0 faire de votre vivant, mais qui est habituellement accessible \u00e0 la Fondation Canadienne d&rsquo;Orthop\u00e9die ult\u00e9rieurement. Le don planifi\u00e9 ou le legs vous permet de faire plus tard un don plus important que vous ne pourriez le faire aujourd&rsquo;hui.<\/p>\n<p>De plus, un don planifi\u00e9 aujourd&rsquo;hui pourrait r\u00e9duire consid\u00e9rablement votre imp\u00f4t sur le revenu final. Faire de la Fondation Canadienne d&rsquo;Orthop\u00e9die un b\u00e9n\u00e9ficiaire de votre planification successorale vous permettra de soutenir de fa\u00e7on majeure ses programmes tout en r\u00e9duisant autant que possible votre imp\u00f4t.<\/p>\n<p>Quelques options de don planifi\u00e9 sont mentionn\u00e9es ci-apr\u00e8s.<\/p>\n<h3>Legs<strong>\u00a0<\/strong><\/h3>\n<p>Un legs \u00e0 la Fondation Canadienne d&rsquo;Orthop\u00e9die par l&rsquo;interm\u00e9diaire de votre testament est la forme la plus courante de don planifi\u00e9. Il vous permet\u00a0:<\/p>\n<ul>\n<li>de l\u00e9guer une part pr\u00e9\u00e9tablie de vos actifs, soit une somme, des titres de placements, des biens immobiliers ou un pourcentage de votre patrimoine;<\/li>\n<li>d&rsquo;assigner des fonds \u00e0 un programme d&rsquo;int\u00e9r\u00eat pour vous ou \u00e0 un secteur qui en a grandement besoin;<\/li>\n<li>de recevoir, s&rsquo;il est bien structur\u00e9, un cr\u00e9dit d&rsquo;imp\u00f4t pour la valeur du legs de biens personnels applicable \u00e0 votre imp\u00f4t sur le revenu final.<\/li>\n<\/ul>\n<p><strong>Exemples de formulation pour les successions <\/strong>&#8211; <a href=\"https:\/\/movepainfree.org\/fr\/wp-content\/uploads\/sites\/3\/Sample-Bequest-Wording-FR-2020-1.pdf\" target=\"_blank\" rel=\"noopener noreferrer\">Cliquez ici<\/a> pour consulter des exemples de formulation de legs.<\/p>\n<h3>Police d&rsquo;assurance-vie<\/h3>\n<p>Le don d&rsquo;une police d&rsquo;assurance-vie, dont la Fondation Canadienne d&rsquo;Orthop\u00e9die est la b\u00e9n\u00e9ficiaire ou la propri\u00e9taire, est un don diff\u00e9r\u00e9 qui pr\u00e9sente des avantages fiscaux sur-le-champ. Une police en vigueur ou nouvelle vous permet d&rsquo;amplifier votre don par l&rsquo;interm\u00e9diaire de cr\u00e9dits d&rsquo;imp\u00f4t applicables\u00a0:<\/p>\n<ul>\n<li>aux primes annuelles;<\/li>\n<li>\u00e0 la somme due \u00e0 votre patrimoine \u00e0 votre d\u00e9c\u00e8s;<\/li>\n<li>\u00e0 la valeur de rachat brute d&rsquo;une police en vigueur et enti\u00e8rement r\u00e9gl\u00e9e.<\/li>\n<\/ul>\n<h3>Don d&rsquo;actions ou de titres<\/h3>\n<p>Donner des valeurs et titres n\u00e9goci\u00e9s sur le march\u00e9 public se traduit par des avantages fiscaux imm\u00e9diats. Donner des valeurs, des obligations et des fonds mutuels \u00e0 la Fondation Canadienne d&rsquo;Orthop\u00e9die vous permet\u00a0:<\/p>\n<ul>\n<li>d&rsquo;\u00e9liminer l&rsquo;imp\u00f4t sur les gains en capital quand un bien mobilier prend de la valeur;<\/li>\n<li>de b\u00e9n\u00e9ficier d&rsquo;un cr\u00e9dit d&rsquo;imp\u00f4t ax\u00e9 sur la juste valeur de march\u00e9 du bien mobilier.<\/li>\n<\/ul>\n<p>Renseignements sur les avantages fiscaux &#8211; <a href=\"https:\/\/movepainfree.org\/fr\/wp-content\/uploads\/sites\/3\/About-Gifts-of-Stock-or-Securities-FR.pdf\" target=\"_blank\" rel=\"noopener noreferrer\">Cliquez ici<\/a> pour obtenir de plus amples renseignements sur les dons d&rsquo;actions et de titres (avantages fiscaux).<\/p>\n<h3>R\u00e9gimes enregistr\u00e9s d&rsquo;\u00e9pargne retraite\u00a0(REER)<\/h3>\n<p>D\u00e9signer la Fondation Canadienne d&rsquo;Orthop\u00e9die comme b\u00e9n\u00e9ficiaire d&rsquo;un REER ou d&rsquo;un fonds enregistr\u00e9 de revenu de retraite\u00a0(FERR) vous permettra d&rsquo;obtenir d\u00e8s maintenant un re\u00e7u aux fins de l&rsquo;imp\u00f4t compensant l&rsquo;imp\u00f4t sur le revenu diff\u00e9r\u00e9, en plus de permettre \u00e0 la Fondation de b\u00e9n\u00e9ficier d&rsquo;une donation entre vifs.<\/p>\n<h3>Fonds de dotation<\/h3>\n<p>Un fonds de dotation autonome est un t\u00e9moignage vivant de votre soutien perp\u00e9tuel \u00e0 la Fondation Canadienne d&rsquo;Orthop\u00e9die. On peut \u00e9tablir un tel fonds au nom des donateurs ou d&rsquo;un \u00eatre cher afin de fournir une aide financi\u00e8re aux programmes d\u00e9sign\u00e9s.<\/p>\n<h3>Un legs en devenir : Confirmation de don planifi<strong>\u00e9<\/strong><\/h3>\n<p>Avisez-nous de votre intention de faire un don planifi\u00e9 &#8211; <a href=\"https:\/\/movepainfree.org\/fr\/wp-content\/uploads\/sites\/3\/Planned-Gift-Advisement-FR-1.pdf\" target=\"_blank\" rel=\"noopener noreferrer\">Cliquez ici<\/a> pour acc\u00e9der \u00e0 un formulaire t\u00e9l\u00e9chargeable que vous pouvez imprimer, remplir et nous poster.<\/p>\n<h3>206 raisons de cr\u00e9er un LEGS durable<\/h3>\n<p>Pour en apprendre davantage sur les dons planifi\u00e9s, veuillez communiquer avec Todd Charlebois, au 343-575-2142, ou \u00e0 <a href=\"mailto:executive@canorth.org\">executive@canorth.org<\/a>.<\/p>\n<p><em>Les renseignements fournis sur les dons planifi\u00e9s proviennent de sources reconnues, mais nous vous invitons \u00e0 consulter vos conseillers financiers et juridiques au moment de prendre toute disposition n\u00e9cessaire \u00e0 la planification d&rsquo;un don ou de votre succession.<\/em><\/p>\n","protected":false},"excerpt":{"rendered":"206\u00a0os et leurs articulations\u00a0: autant de raisons de cr\u00e9er un legs durable! Quand ils sont bien nourris, nos 206\u00a0os nous portent toute la vie. Lorsqu&rsquo;ils ne le sont pas, les&#8230; <a class=\"view-article\" href=\"https:\/\/movepainfree.org\/fr\/ways-to-give-get-involved\/planned-giving\/\">View Article<\/a>","protected":false},"author":1,"featured_media":0,"parent":41,"menu_order":60,"comment_status":"closed","ping_status":"closed","template":"","meta":{"footnotes":""},"class_list":["post-506","page","type-page","status-publish","hentry"],"yoast_head":"<!-- This site is optimized with the Yoast SEO plugin v27.0 - https:\/\/yoast.com\/product\/yoast-seo-wordpress\/ -->\n<title>Que l\u00e8guerez-vous \u00e0 votre profession? - Fondation Canadienne d&#039;Orthop\u00e9die<\/title>\n<meta name=\"description\" content=\"La Fondation canadienne d&#039;orthop\u00e9die vient en aide aux patients orthop\u00e9diques, aux professionnels de la sant\u00e9 en orthop\u00e9die, ainsi qu&#039;aux personnes qui se pr\u00e9occupent de leur sant\u00e9 et des questions en mati\u00e8re de sant\u00e9 au sein de la collectivit\u00e9, et ce, \u00e0 l&#039;\u00e9gard de la sant\u00e9 des os et des articulations actuelle et \u00e0 venir.\" \/>\n<meta name=\"robots\" content=\"index, follow, max-snippet:-1, max-image-preview:large, max-video-preview:-1\" \/>\n<link rel=\"canonical\" href=\"https:\/\/movepainfree.org\/fr\/ways-to-give-get-involved\/planned-giving\/\" \/>\n<meta property=\"og:locale\" content=\"fr_FR\" \/>\n<meta property=\"og:type\" content=\"article\" \/>\n<meta property=\"og:title\" content=\"Que l\u00e8guerez-vous \u00e0 votre profession? - Fondation Canadienne d&#039;Orthop\u00e9die\" \/>\n<meta property=\"og:description\" content=\"La Fondation canadienne d&#039;orthop\u00e9die vient en aide aux patients orthop\u00e9diques, aux professionnels de la sant\u00e9 en orthop\u00e9die, ainsi qu&#039;aux personnes qui se pr\u00e9occupent de leur sant\u00e9 et des questions en mati\u00e8re de sant\u00e9 au sein de la collectivit\u00e9, et ce, \u00e0 l&#039;\u00e9gard de la sant\u00e9 des os et des articulations actuelle et \u00e0 venir.\" \/>\n<meta property=\"og:url\" content=\"https:\/\/movepainfree.org\/fr\/ways-to-give-get-involved\/planned-giving\/\" \/>\n<meta property=\"og:site_name\" content=\"Fondation Canadienne d&#039;Orthop\u00e9die\" \/>\n<meta property=\"article:modified_time\" content=\"2024-04-05T19:53:54+00:00\" \/>\n<meta name=\"twitter:card\" content=\"summary_large_image\" \/>\n<meta name=\"twitter:label1\" content=\"Dur\u00e9e de lecture estim\u00e9e\" \/>\n\t<meta name=\"twitter:data1\" content=\"5 minutes\" \/>\n<script type=\"application\/ld+json\" class=\"yoast-schema-graph\">{\"@context\":\"https:\/\/schema.org\",\"@graph\":[{\"@type\":\"WebPage\",\"@id\":\"https:\/\/movepainfree.org\/fr\/ways-to-give-get-involved\/planned-giving\/\",\"url\":\"https:\/\/movepainfree.org\/fr\/ways-to-give-get-involved\/planned-giving\/\",\"name\":\"Que l\u00e8guerez-vous \u00e0 votre profession? - Fondation Canadienne d&#039;Orthop\u00e9die\",\"isPartOf\":{\"@id\":\"https:\/\/movepainfree.org\/fr\/#website\"},\"datePublished\":\"2015-01-23T18:17:11+00:00\",\"dateModified\":\"2024-04-05T19:53:54+00:00\",\"description\":\"La Fondation canadienne d'orthop\u00e9die vient en aide aux patients orthop\u00e9diques, aux professionnels de la sant\u00e9 en orthop\u00e9die, ainsi qu'aux personnes qui se pr\u00e9occupent de leur sant\u00e9 et des questions en mati\u00e8re de sant\u00e9 au sein de la collectivit\u00e9, et ce, \u00e0 l'\u00e9gard de la sant\u00e9 des os et des articulations actuelle et \u00e0 venir.\",\"breadcrumb\":{\"@id\":\"https:\/\/movepainfree.org\/fr\/ways-to-give-get-involved\/planned-giving\/#breadcrumb\"},\"inLanguage\":\"fr-FR\",\"potentialAction\":[{\"@type\":\"ReadAction\",\"target\":[\"https:\/\/movepainfree.org\/fr\/ways-to-give-get-involved\/planned-giving\/\"]}]},{\"@type\":\"BreadcrumbList\",\"@id\":\"https:\/\/movepainfree.org\/fr\/ways-to-give-get-involved\/planned-giving\/#breadcrumb\",\"itemListElement\":[{\"@type\":\"ListItem\",\"position\":1,\"name\":\"Home\",\"item\":\"https:\/\/movepainfree.org\/fr\/\"},{\"@type\":\"ListItem\",\"position\":2,\"name\":\"Comment faire un don?\",\"item\":\"https:\/\/movepainfree.org\/fr\/ways-to-give-get-involved\/\"},{\"@type\":\"ListItem\",\"position\":3,\"name\":\"Que l\u00e8guerez-vous \u00e0 votre profession?\"}]},{\"@type\":\"WebSite\",\"@id\":\"https:\/\/movepainfree.org\/fr\/#website\",\"url\":\"https:\/\/movepainfree.org\/fr\/\",\"name\":\"Fondation Canadienne d&#039;Orthop\u00e9die\",\"description\":\"Fund-raising Activities Support Research, Education, Community Care\",\"potentialAction\":[{\"@type\":\"SearchAction\",\"target\":{\"@type\":\"EntryPoint\",\"urlTemplate\":\"https:\/\/movepainfree.org\/fr\/?s={search_term_string}\"},\"query-input\":{\"@type\":\"PropertyValueSpecification\",\"valueRequired\":true,\"valueName\":\"search_term_string\"}}],\"inLanguage\":\"fr-FR\"}]}<\/script>\n<!-- \/ Yoast SEO plugin. -->","yoast_head_json":{"title":"Que l\u00e8guerez-vous \u00e0 votre profession? - Fondation Canadienne d&#039;Orthop\u00e9die","description":"La Fondation canadienne d'orthop\u00e9die vient en aide aux patients orthop\u00e9diques, aux professionnels de la sant\u00e9 en orthop\u00e9die, ainsi qu'aux personnes qui se pr\u00e9occupent de leur sant\u00e9 et des questions en mati\u00e8re de sant\u00e9 au sein de la collectivit\u00e9, et ce, \u00e0 l'\u00e9gard de la sant\u00e9 des os et des articulations actuelle et \u00e0 venir.","robots":{"index":"index","follow":"follow","max-snippet":"max-snippet:-1","max-image-preview":"max-image-preview:large","max-video-preview":"max-video-preview:-1"},"canonical":"https:\/\/movepainfree.org\/fr\/ways-to-give-get-involved\/planned-giving\/","og_locale":"fr_FR","og_type":"article","og_title":"Que l\u00e8guerez-vous \u00e0 votre profession? - Fondation Canadienne d&#039;Orthop\u00e9die","og_description":"La Fondation canadienne d'orthop\u00e9die vient en aide aux patients orthop\u00e9diques, aux professionnels de la sant\u00e9 en orthop\u00e9die, ainsi qu'aux personnes qui se pr\u00e9occupent de leur sant\u00e9 et des questions en mati\u00e8re de sant\u00e9 au sein de la collectivit\u00e9, et ce, \u00e0 l'\u00e9gard de la sant\u00e9 des os et des articulations actuelle et \u00e0 venir.","og_url":"https:\/\/movepainfree.org\/fr\/ways-to-give-get-involved\/planned-giving\/","og_site_name":"Fondation Canadienne d&#039;Orthop\u00e9die","article_modified_time":"2024-04-05T19:53:54+00:00","twitter_card":"summary_large_image","twitter_misc":{"Dur\u00e9e de lecture estim\u00e9e":"5 minutes"},"schema":{"@context":"https:\/\/schema.org","@graph":[{"@type":"WebPage","@id":"https:\/\/movepainfree.org\/fr\/ways-to-give-get-involved\/planned-giving\/","url":"https:\/\/movepainfree.org\/fr\/ways-to-give-get-involved\/planned-giving\/","name":"Que l\u00e8guerez-vous \u00e0 votre profession? - Fondation Canadienne d&#039;Orthop\u00e9die","isPartOf":{"@id":"https:\/\/movepainfree.org\/fr\/#website"},"datePublished":"2015-01-23T18:17:11+00:00","dateModified":"2024-04-05T19:53:54+00:00","description":"La Fondation canadienne d'orthop\u00e9die vient en aide aux patients orthop\u00e9diques, aux professionnels de la sant\u00e9 en orthop\u00e9die, ainsi qu'aux personnes qui se pr\u00e9occupent de leur sant\u00e9 et des questions en mati\u00e8re de sant\u00e9 au sein de la collectivit\u00e9, et ce, \u00e0 l'\u00e9gard de la sant\u00e9 des os et des articulations actuelle et \u00e0 venir.","breadcrumb":{"@id":"https:\/\/movepainfree.org\/fr\/ways-to-give-get-involved\/planned-giving\/#breadcrumb"},"inLanguage":"fr-FR","potentialAction":[{"@type":"ReadAction","target":["https:\/\/movepainfree.org\/fr\/ways-to-give-get-involved\/planned-giving\/"]}]},{"@type":"BreadcrumbList","@id":"https:\/\/movepainfree.org\/fr\/ways-to-give-get-involved\/planned-giving\/#breadcrumb","itemListElement":[{"@type":"ListItem","position":1,"name":"Home","item":"https:\/\/movepainfree.org\/fr\/"},{"@type":"ListItem","position":2,"name":"Comment faire un don?","item":"https:\/\/movepainfree.org\/fr\/ways-to-give-get-involved\/"},{"@type":"ListItem","position":3,"name":"Que l\u00e8guerez-vous \u00e0 votre profession?"}]},{"@type":"WebSite","@id":"https:\/\/movepainfree.org\/fr\/#website","url":"https:\/\/movepainfree.org\/fr\/","name":"Fondation Canadienne d&#039;Orthop\u00e9die","description":"Fund-raising Activities Support Research, Education, Community Care","potentialAction":[{"@type":"SearchAction","target":{"@type":"EntryPoint","urlTemplate":"https:\/\/movepainfree.org\/fr\/?s={search_term_string}"},"query-input":{"@type":"PropertyValueSpecification","valueRequired":true,"valueName":"search_term_string"}}],"inLanguage":"fr-FR"}]}},"_links":{"self":[{"href":"https:\/\/movepainfree.org\/fr\/wp-json\/wp\/v2\/pages\/506","targetHints":{"allow":["GET"]}}],"collection":[{"href":"https:\/\/movepainfree.org\/fr\/wp-json\/wp\/v2\/pages"}],"about":[{"href":"https:\/\/movepainfree.org\/fr\/wp-json\/wp\/v2\/types\/page"}],"author":[{"embeddable":true,"href":"https:\/\/movepainfree.org\/fr\/wp-json\/wp\/v2\/users\/1"}],"replies":[{"embeddable":true,"href":"https:\/\/movepainfree.org\/fr\/wp-json\/wp\/v2\/comments?post=506"}],"version-history":[{"count":15,"href":"https:\/\/movepainfree.org\/fr\/wp-json\/wp\/v2\/pages\/506\/revisions"}],"predecessor-version":[{"id":4434,"href":"https:\/\/movepainfree.org\/fr\/wp-json\/wp\/v2\/pages\/506\/revisions\/4434"}],"up":[{"embeddable":true,"href":"https:\/\/movepainfree.org\/fr\/wp-json\/wp\/v2\/pages\/41"}],"wp:attachment":[{"href":"https:\/\/movepainfree.org\/fr\/wp-json\/wp\/v2\/media?parent=506"}],"curies":[{"name":"wp","href":"https:\/\/api.w.org\/{rel}","templated":true}]}}