{"id":495,"date":"2015-01-23T17:59:36","date_gmt":"2015-01-23T17:59:36","guid":{"rendered":"https:\/\/movepainfree.org\/fr\/?page_id=495"},"modified":"2015-06-12T02:28:56","modified_gmt":"2015-06-12T02:28:56","slug":"recovering-from-a-hip-fracture","status":"publish","type":"page","link":"https:\/\/movepainfree.org\/fr\/patient-information-resources\/recovering-from-a-hip-fracture\/","title":{"rendered":"Recovering from A Hip Fracture"},"content":{"rendered":"<p>Information for patients and their caregivers following a hip fracture:<\/p>\n<ul class=\"unIndentedList\">\n<li><a title=\"Assistive Devised\/Home Adaptation\" href=\"https:\/\/movepainfree.org\/fr\/wp-content\/uploads\/sites\/3\/Assisstive-Devices-and-Home-Adaptation-Following-a-Hip-Fracture.pdf\">Assistive Devices and Home Adaptation<\/a>\u00a0following a hip\u00a0fracture<\/li>\n<li><a title=\"Getting Active \" href=\"https:\/\/movepainfree.org\/fr\/wp-content\/uploads\/sites\/3\/Getting-Active-Following-a-Hip-Fracture.pdf\">Getting Active<\/a>\u00a0following a hip fracture<\/li>\n<li><a title=\"Maximizing Your Benefits\" href=\"https:\/\/movepainfree.org\/fr\/wp-content\/uploads\/sites\/3\/Maximizing-Your-Benefits-Following-a-Hip-Fracture.pdf\">Maximizing Your Benefits<\/a>\u00a0following a hip fracture<\/li>\n<li><a title=\"Nutrition \" href=\"https:\/\/movepainfree.org\/fr\/wp-content\/uploads\/sites\/3\/Nutrition-Following-a-Hip-Fracture.pdf\">Nutrition<\/a> following a hip fracture<\/li>\n<li><a title=\"Osteoporosis and Hip Fracture\" href=\"https:\/\/movepainfree.org\/fr\/wp-content\/uploads\/sites\/3\/Osteoporosis-and-Hip-Fractures.pdf\">Osteoporosis<\/a>\u00a0and hip fracture<\/li>\n<li><a title=\"Travel and Activities\" href=\"https:\/\/movepainfree.org\/fr\/wp-content\/uploads\/sites\/3\/Travel-and-Activities-Following-a-Hip-Fracture.pdf\">Activities &amp; Travel<\/a> following a hip fracture<\/li>\n<\/ul>\n<p>&nbsp;<\/p>\n","protected":false},"excerpt":{"rendered":"Information for patients and their caregivers following a hip fracture: Assistive Devices and Home Adaptation\u00a0following a hip\u00a0fracture Getting Active\u00a0following a hip fracture Maximizing Your Benefits\u00a0following a hip fracture Nutrition following&#8230; <a class=\"view-article\" href=\"https:\/\/movepainfree.org\/fr\/patient-information-resources\/recovering-from-a-hip-fracture\/\">View Article<\/a>","protected":false},"author":1,"featured_media":0,"parent":469,"menu_order":20,"comment_status":"closed","ping_status":"closed","template":"","meta":{"footnotes":""},"class_list":["post-495","page","type-page","status-publish","hentry"],"yoast_head":"<!-- This site is optimized with the Yoast SEO plugin v27.0 - https:\/\/yoast.com\/product\/yoast-seo-wordpress\/ -->\n<title>Recovering from A Hip Fracture - Fondation Canadienne d&#039;Orthop\u00e9die<\/title>\n<meta name=\"description\" content=\"La Fondation canadienne d&#039;orthop\u00e9die vient en aide aux patients orthop\u00e9diques, aux professionnels de la sant\u00e9 en orthop\u00e9die, ainsi qu&#039;aux personnes qui se pr\u00e9occupent de leur sant\u00e9 et des questions en mati\u00e8re de sant\u00e9 au sein de la collectivit\u00e9, et ce, \u00e0 l&#039;\u00e9gard de la sant\u00e9 des os et des articulations actuelle et \u00e0 venir.\" \/>\n<meta name=\"robots\" content=\"index, follow, max-snippet:-1, max-image-preview:large, max-video-preview:-1\" \/>\n<link rel=\"canonical\" href=\"https:\/\/movepainfree.org\/fr\/patient-information-resources\/recovering-from-a-hip-fracture\/\" \/>\n<meta property=\"og:locale\" content=\"fr_FR\" \/>\n<meta property=\"og:type\" content=\"article\" \/>\n<meta property=\"og:title\" content=\"Recovering from A Hip Fracture - Fondation Canadienne d&#039;Orthop\u00e9die\" \/>\n<meta property=\"og:description\" content=\"La Fondation canadienne d&#039;orthop\u00e9die vient en aide aux patients orthop\u00e9diques, aux professionnels de la sant\u00e9 en orthop\u00e9die, ainsi qu&#039;aux personnes qui se pr\u00e9occupent de leur sant\u00e9 et des questions en mati\u00e8re de sant\u00e9 au sein de la collectivit\u00e9, et ce, \u00e0 l&#039;\u00e9gard de la sant\u00e9 des os et des articulations actuelle et \u00e0 venir.\" \/>\n<meta property=\"og:url\" content=\"https:\/\/movepainfree.org\/fr\/patient-information-resources\/recovering-from-a-hip-fracture\/\" \/>\n<meta property=\"og:site_name\" content=\"Fondation Canadienne d&#039;Orthop\u00e9die\" \/>\n<meta property=\"article:modified_time\" content=\"2015-06-12T02:28:56+00:00\" \/>\n<meta name=\"twitter:card\" content=\"summary_large_image\" \/>\n<script type=\"application\/ld+json\" class=\"yoast-schema-graph\">{\"@context\":\"https:\/\/schema.org\",\"@graph\":[{\"@type\":\"WebPage\",\"@id\":\"https:\/\/movepainfree.org\/fr\/patient-information-resources\/recovering-from-a-hip-fracture\/\",\"url\":\"https:\/\/movepainfree.org\/fr\/patient-information-resources\/recovering-from-a-hip-fracture\/\",\"name\":\"Recovering from A Hip Fracture - Fondation Canadienne d&#039;Orthop\u00e9die\",\"isPartOf\":{\"@id\":\"https:\/\/movepainfree.org\/fr\/#website\"},\"datePublished\":\"2015-01-23T17:59:36+00:00\",\"dateModified\":\"2015-06-12T02:28:56+00:00\",\"description\":\"La Fondation canadienne d'orthop\u00e9die vient en aide aux patients orthop\u00e9diques, aux professionnels de la sant\u00e9 en orthop\u00e9die, ainsi qu'aux personnes qui se pr\u00e9occupent de leur sant\u00e9 et des questions en mati\u00e8re de sant\u00e9 au sein de la collectivit\u00e9, et ce, \u00e0 l'\u00e9gard de la sant\u00e9 des os et des articulations actuelle et \u00e0 venir.\",\"breadcrumb\":{\"@id\":\"https:\/\/movepainfree.org\/fr\/patient-information-resources\/recovering-from-a-hip-fracture\/#breadcrumb\"},\"inLanguage\":\"fr-FR\",\"potentialAction\":[{\"@type\":\"ReadAction\",\"target\":[\"https:\/\/movepainfree.org\/fr\/patient-information-resources\/recovering-from-a-hip-fracture\/\"]}]},{\"@type\":\"BreadcrumbList\",\"@id\":\"https:\/\/movepainfree.org\/fr\/patient-information-resources\/recovering-from-a-hip-fracture\/#breadcrumb\",\"itemListElement\":[{\"@type\":\"ListItem\",\"position\":1,\"name\":\"Home\",\"item\":\"https:\/\/movepainfree.org\/fr\/\"},{\"@type\":\"ListItem\",\"position\":2,\"name\":\"Ressources informatives pour les patients\",\"item\":\"https:\/\/movepainfree.org\/fr\/patient-information-resources\/\"},{\"@type\":\"ListItem\",\"position\":3,\"name\":\"Recovering from A Hip Fracture\"}]},{\"@type\":\"WebSite\",\"@id\":\"https:\/\/movepainfree.org\/fr\/#website\",\"url\":\"https:\/\/movepainfree.org\/fr\/\",\"name\":\"Fondation Canadienne d&#039;Orthop\u00e9die\",\"description\":\"Fund-raising Activities Support Research, Education, Community Care\",\"potentialAction\":[{\"@type\":\"SearchAction\",\"target\":{\"@type\":\"EntryPoint\",\"urlTemplate\":\"https:\/\/movepainfree.org\/fr\/?s={search_term_string}\"},\"query-input\":{\"@type\":\"PropertyValueSpecification\",\"valueRequired\":true,\"valueName\":\"search_term_string\"}}],\"inLanguage\":\"fr-FR\"}]}<\/script>\n<!-- \/ Yoast SEO plugin. -->","yoast_head_json":{"title":"Recovering from A Hip Fracture - Fondation Canadienne d&#039;Orthop\u00e9die","description":"La Fondation canadienne d'orthop\u00e9die vient en aide aux patients orthop\u00e9diques, aux professionnels de la sant\u00e9 en orthop\u00e9die, ainsi qu'aux personnes qui se pr\u00e9occupent de leur sant\u00e9 et des questions en mati\u00e8re de sant\u00e9 au sein de la collectivit\u00e9, et ce, \u00e0 l'\u00e9gard de la sant\u00e9 des os et des articulations actuelle et \u00e0 venir.","robots":{"index":"index","follow":"follow","max-snippet":"max-snippet:-1","max-image-preview":"max-image-preview:large","max-video-preview":"max-video-preview:-1"},"canonical":"https:\/\/movepainfree.org\/fr\/patient-information-resources\/recovering-from-a-hip-fracture\/","og_locale":"fr_FR","og_type":"article","og_title":"Recovering from A Hip Fracture - Fondation Canadienne d&#039;Orthop\u00e9die","og_description":"La Fondation canadienne d'orthop\u00e9die vient en aide aux patients orthop\u00e9diques, aux professionnels de la sant\u00e9 en orthop\u00e9die, ainsi qu'aux personnes qui se pr\u00e9occupent de leur sant\u00e9 et des questions en mati\u00e8re de sant\u00e9 au sein de la collectivit\u00e9, et ce, \u00e0 l'\u00e9gard de la sant\u00e9 des os et des articulations actuelle et \u00e0 venir.","og_url":"https:\/\/movepainfree.org\/fr\/patient-information-resources\/recovering-from-a-hip-fracture\/","og_site_name":"Fondation Canadienne d&#039;Orthop\u00e9die","article_modified_time":"2015-06-12T02:28:56+00:00","twitter_card":"summary_large_image","schema":{"@context":"https:\/\/schema.org","@graph":[{"@type":"WebPage","@id":"https:\/\/movepainfree.org\/fr\/patient-information-resources\/recovering-from-a-hip-fracture\/","url":"https:\/\/movepainfree.org\/fr\/patient-information-resources\/recovering-from-a-hip-fracture\/","name":"Recovering from A Hip Fracture - Fondation Canadienne d&#039;Orthop\u00e9die","isPartOf":{"@id":"https:\/\/movepainfree.org\/fr\/#website"},"datePublished":"2015-01-23T17:59:36+00:00","dateModified":"2015-06-12T02:28:56+00:00","description":"La Fondation canadienne d'orthop\u00e9die vient en aide aux patients orthop\u00e9diques, aux professionnels de la sant\u00e9 en orthop\u00e9die, ainsi qu'aux personnes qui se pr\u00e9occupent de leur sant\u00e9 et des questions en mati\u00e8re de sant\u00e9 au sein de la collectivit\u00e9, et ce, \u00e0 l'\u00e9gard de la sant\u00e9 des os et des articulations actuelle et \u00e0 venir.","breadcrumb":{"@id":"https:\/\/movepainfree.org\/fr\/patient-information-resources\/recovering-from-a-hip-fracture\/#breadcrumb"},"inLanguage":"fr-FR","potentialAction":[{"@type":"ReadAction","target":["https:\/\/movepainfree.org\/fr\/patient-information-resources\/recovering-from-a-hip-fracture\/"]}]},{"@type":"BreadcrumbList","@id":"https:\/\/movepainfree.org\/fr\/patient-information-resources\/recovering-from-a-hip-fracture\/#breadcrumb","itemListElement":[{"@type":"ListItem","position":1,"name":"Home","item":"https:\/\/movepainfree.org\/fr\/"},{"@type":"ListItem","position":2,"name":"Ressources informatives pour les patients","item":"https:\/\/movepainfree.org\/fr\/patient-information-resources\/"},{"@type":"ListItem","position":3,"name":"Recovering from A Hip Fracture"}]},{"@type":"WebSite","@id":"https:\/\/movepainfree.org\/fr\/#website","url":"https:\/\/movepainfree.org\/fr\/","name":"Fondation Canadienne d&#039;Orthop\u00e9die","description":"Fund-raising Activities Support Research, Education, Community Care","potentialAction":[{"@type":"SearchAction","target":{"@type":"EntryPoint","urlTemplate":"https:\/\/movepainfree.org\/fr\/?s={search_term_string}"},"query-input":{"@type":"PropertyValueSpecification","valueRequired":true,"valueName":"search_term_string"}}],"inLanguage":"fr-FR"}]}},"_links":{"self":[{"href":"https:\/\/movepainfree.org\/fr\/wp-json\/wp\/v2\/pages\/495","targetHints":{"allow":["GET"]}}],"collection":[{"href":"https:\/\/movepainfree.org\/fr\/wp-json\/wp\/v2\/pages"}],"about":[{"href":"https:\/\/movepainfree.org\/fr\/wp-json\/wp\/v2\/types\/page"}],"author":[{"embeddable":true,"href":"https:\/\/movepainfree.org\/fr\/wp-json\/wp\/v2\/users\/1"}],"replies":[{"embeddable":true,"href":"https:\/\/movepainfree.org\/fr\/wp-json\/wp\/v2\/comments?post=495"}],"version-history":[{"count":2,"href":"https:\/\/movepainfree.org\/fr\/wp-json\/wp\/v2\/pages\/495\/revisions"}],"predecessor-version":[{"id":503,"href":"https:\/\/movepainfree.org\/fr\/wp-json\/wp\/v2\/pages\/495\/revisions\/503"}],"up":[{"embeddable":true,"href":"https:\/\/movepainfree.org\/fr\/wp-json\/wp\/v2\/pages\/469"}],"wp:attachment":[{"href":"https:\/\/movepainfree.org\/fr\/wp-json\/wp\/v2\/media?parent=495"}],"curies":[{"name":"wp","href":"https:\/\/api.w.org\/{rel}","templated":true}]}}