{"id":479,"date":"2015-01-23T17:46:52","date_gmt":"2015-01-23T17:46:52","guid":{"rendered":"https:\/\/movepainfree.org\/fr\/?page_id=479"},"modified":"2024-04-19T19:21:27","modified_gmt":"2024-04-19T19:21:27","slug":"procedure-specific-information-sheets","status":"publish","type":"page","link":"https:\/\/movepainfree.org\/fr\/patient-information-resources\/procedure-specific-information-sheets\/","title":{"rendered":"Fiches d&rsquo;information propres &#8211; pied et cheville"},"content":{"rendered":"<p>Fiches \u00e9ducatives traitant de diverses proc\u00e9dures au pied ou \u00e0 la cheville :<\/p>\n<ul>\n<li><a href=\"https:\/\/movepainfree.org\/fr\/wp-content\/uploads\/sites\/3\/Achilles-Tendon-Repair_InfoSheet-FR.pdf\" target=\"_blank\" rel=\"noopener\">R\u00e9paration du tendon d&rsquo;Achille<\/a><\/li>\n<li><a href=\"https:\/\/movepainfree.org\/fr\/wp-content\/uploads\/sites\/3\/Ankle-Fracture-Fixation_InfoSheet-FR.pdf\" target=\"_blank\" rel=\"noopener\">Fixation des fractures \u00e0 la cheville<\/a><\/li>\n<li><a href=\"https:\/\/movepainfree.org\/fr\/wp-content\/uploads\/sites\/3\/Ankle-Ligament-Reconstruction_InfoSheet-FR.pdf\" target=\"_blank\" rel=\"noopener\">Reconstruction ligamentaire \u00e0 la cheville<\/a><\/li>\n<li><a href=\"https:\/\/movepainfree.org\/fr\/wp-content\/uploads\/sites\/3\/Ankle-Replacement_InfoSheet-FR.pdf\" target=\"_blank\" rel=\"noopener\">Arthroplastie de la cheville<\/a><\/li>\n<li><a href=\"https:\/\/movepainfree.org\/fr\/wp-content\/uploads\/sites\/3\/Ankle-Scopes_InfoSheet-FR.pdf\" target=\"_blank\" rel=\"noopener\">Arthroscopie de la cheville<\/a><\/li>\n<li><a href=\"https:\/\/movepainfree.org\/fr\/wp-content\/uploads\/sites\/3\/Ankle-Hindfoot-Midfoot-Fusions_InfoSheet-FR.pdf\" target=\"_blank\" rel=\"noopener\">Arthrod\u00e8se de la cheville, du m\u00e9dio-pied ou de l&rsquo;arri\u00e8re-pied<\/a><\/li>\n<li><a href=\"https:\/\/movepainfree.org\/fr\/wp-content\/uploads\/sites\/3\/Bunions_InfoSheet-FR.pdf\" target=\"_blank\" rel=\"noopener\">Oignon<\/a><\/li>\n<li><a href=\"https:\/\/movepainfree.org\/fr\/wp-content\/uploads\/sites\/3\/Claw-Toes-Hammer-Toes_InfoSheet-FR.pdf\" target=\"_blank\" rel=\"noopener\">Orteil en marteau ou en griffe<\/a><\/li>\n<li><a href=\"https:\/\/movepainfree.org\/fr\/wp-content\/uploads\/sites\/3\/First-Big-Toe-Fusions_InfoSheet-FR.pdf\" target=\"_blank\" rel=\"noopener\">Arthrod\u00e8se du gros orteil<\/a><\/li>\n<li><a href=\"https:\/\/movepainfree.org\/fr\/wp-content\/uploads\/sites\/3\/Neuromas_InfoSheet-FR.pdf\" target=\"_blank\" rel=\"noopener\">N\u00e9vrome<\/a><\/li>\n<li><a href=\"https:\/\/movepainfree.org\/fr\/wp-content\/uploads\/sites\/3\/Posterior-Tibial-Tendon-Reconstruction_InfoSheet-FR.pdf\" target=\"_blank\" rel=\"noopener\">Reconstruction du tendon tibial post\u00e9rieur<\/a><\/li>\n<li><a href=\"https:\/\/movepainfree.org\/fr\/wp-content\/uploads\/sites\/3\/Spurs-Cheilectomy_InfoSheet-FR.pdf\" target=\"_blank\" rel=\"noopener\">Ost\u00e9ophyte (ch\u00e9ilectomie)<\/a><\/li>\n<\/ul>\n","protected":false},"excerpt":{"rendered":"Fiches \u00e9ducatives traitant de diverses proc\u00e9dures au pied ou \u00e0 la cheville : R\u00e9paration du tendon d&rsquo;Achille Fixation des fractures \u00e0 la cheville Reconstruction ligamentaire \u00e0 la cheville Arthroplastie de&#8230; <a class=\"view-article\" href=\"https:\/\/movepainfree.org\/fr\/patient-information-resources\/procedure-specific-information-sheets\/\">View Article<\/a>","protected":false},"author":1,"featured_media":0,"parent":469,"menu_order":10,"comment_status":"closed","ping_status":"closed","template":"","meta":{"footnotes":""},"class_list":["post-479","page","type-page","status-publish","hentry"],"yoast_head":"<!-- This site is optimized with the Yoast SEO plugin v27.0 - https:\/\/yoast.com\/product\/yoast-seo-wordpress\/ -->\n<title>Fiches d&#039;information propres - pied et cheville - Fondation Canadienne d&#039;Orthop\u00e9die<\/title>\n<meta name=\"description\" content=\"La Fondation canadienne d&#039;orthop\u00e9die vient en aide aux patients orthop\u00e9diques, aux professionnels de la sant\u00e9 en orthop\u00e9die, ainsi qu&#039;aux personnes qui se pr\u00e9occupent de leur sant\u00e9 et des questions en mati\u00e8re de sant\u00e9 au sein de la collectivit\u00e9, et ce, \u00e0 l&#039;\u00e9gard de la sant\u00e9 des os et des articulations actuelle et \u00e0 venir.\" \/>\n<meta name=\"robots\" content=\"index, follow, max-snippet:-1, max-image-preview:large, max-video-preview:-1\" \/>\n<link rel=\"canonical\" href=\"https:\/\/movepainfree.org\/fr\/patient-information-resources\/procedure-specific-information-sheets\/\" \/>\n<meta property=\"og:locale\" content=\"fr_FR\" \/>\n<meta property=\"og:type\" content=\"article\" \/>\n<meta property=\"og:title\" content=\"Fiches d&#039;information propres - pied et cheville - Fondation Canadienne d&#039;Orthop\u00e9die\" \/>\n<meta property=\"og:description\" content=\"La Fondation canadienne d&#039;orthop\u00e9die vient en aide aux patients orthop\u00e9diques, aux professionnels de la sant\u00e9 en orthop\u00e9die, ainsi qu&#039;aux personnes qui se pr\u00e9occupent de leur sant\u00e9 et des questions en mati\u00e8re de sant\u00e9 au sein de la collectivit\u00e9, et ce, \u00e0 l&#039;\u00e9gard de la sant\u00e9 des os et des articulations actuelle et \u00e0 venir.\" \/>\n<meta property=\"og:url\" content=\"https:\/\/movepainfree.org\/fr\/patient-information-resources\/procedure-specific-information-sheets\/\" \/>\n<meta property=\"og:site_name\" content=\"Fondation Canadienne d&#039;Orthop\u00e9die\" \/>\n<meta property=\"article:modified_time\" content=\"2024-04-19T19:21:27+00:00\" \/>\n<meta name=\"twitter:card\" content=\"summary_large_image\" \/>\n<meta name=\"twitter:label1\" content=\"Dur\u00e9e de lecture estim\u00e9e\" \/>\n\t<meta name=\"twitter:data1\" content=\"1 minute\" \/>\n<script type=\"application\/ld+json\" class=\"yoast-schema-graph\">{\"@context\":\"https:\/\/schema.org\",\"@graph\":[{\"@type\":\"WebPage\",\"@id\":\"https:\/\/movepainfree.org\/fr\/patient-information-resources\/procedure-specific-information-sheets\/\",\"url\":\"https:\/\/movepainfree.org\/fr\/patient-information-resources\/procedure-specific-information-sheets\/\",\"name\":\"Fiches d'information propres - pied et cheville - Fondation Canadienne d&#039;Orthop\u00e9die\",\"isPartOf\":{\"@id\":\"https:\/\/movepainfree.org\/fr\/#website\"},\"datePublished\":\"2015-01-23T17:46:52+00:00\",\"dateModified\":\"2024-04-19T19:21:27+00:00\",\"description\":\"La Fondation canadienne d'orthop\u00e9die vient en aide aux patients orthop\u00e9diques, aux professionnels de la sant\u00e9 en orthop\u00e9die, ainsi qu'aux personnes qui se pr\u00e9occupent de leur sant\u00e9 et des questions en mati\u00e8re de sant\u00e9 au sein de la collectivit\u00e9, et ce, \u00e0 l'\u00e9gard de la sant\u00e9 des os et des articulations actuelle et \u00e0 venir.\",\"breadcrumb\":{\"@id\":\"https:\/\/movepainfree.org\/fr\/patient-information-resources\/procedure-specific-information-sheets\/#breadcrumb\"},\"inLanguage\":\"fr-FR\",\"potentialAction\":[{\"@type\":\"ReadAction\",\"target\":[\"https:\/\/movepainfree.org\/fr\/patient-information-resources\/procedure-specific-information-sheets\/\"]}]},{\"@type\":\"BreadcrumbList\",\"@id\":\"https:\/\/movepainfree.org\/fr\/patient-information-resources\/procedure-specific-information-sheets\/#breadcrumb\",\"itemListElement\":[{\"@type\":\"ListItem\",\"position\":1,\"name\":\"Home\",\"item\":\"https:\/\/movepainfree.org\/fr\/\"},{\"@type\":\"ListItem\",\"position\":2,\"name\":\"Ressources informatives pour les patients\",\"item\":\"https:\/\/movepainfree.org\/fr\/patient-information-resources\/\"},{\"@type\":\"ListItem\",\"position\":3,\"name\":\"Fiches d&rsquo;information propres &#8211; pied et cheville\"}]},{\"@type\":\"WebSite\",\"@id\":\"https:\/\/movepainfree.org\/fr\/#website\",\"url\":\"https:\/\/movepainfree.org\/fr\/\",\"name\":\"Fondation Canadienne d&#039;Orthop\u00e9die\",\"description\":\"Fund-raising Activities Support Research, Education, Community Care\",\"potentialAction\":[{\"@type\":\"SearchAction\",\"target\":{\"@type\":\"EntryPoint\",\"urlTemplate\":\"https:\/\/movepainfree.org\/fr\/?s={search_term_string}\"},\"query-input\":{\"@type\":\"PropertyValueSpecification\",\"valueRequired\":true,\"valueName\":\"search_term_string\"}}],\"inLanguage\":\"fr-FR\"}]}<\/script>\n<!-- \/ Yoast SEO plugin. -->","yoast_head_json":{"title":"Fiches d'information propres - pied et cheville - Fondation Canadienne d&#039;Orthop\u00e9die","description":"La Fondation canadienne d'orthop\u00e9die vient en aide aux patients orthop\u00e9diques, aux professionnels de la sant\u00e9 en orthop\u00e9die, ainsi qu'aux personnes qui se pr\u00e9occupent de leur sant\u00e9 et des questions en mati\u00e8re de sant\u00e9 au sein de la collectivit\u00e9, et ce, \u00e0 l'\u00e9gard de la sant\u00e9 des os et des articulations actuelle et \u00e0 venir.","robots":{"index":"index","follow":"follow","max-snippet":"max-snippet:-1","max-image-preview":"max-image-preview:large","max-video-preview":"max-video-preview:-1"},"canonical":"https:\/\/movepainfree.org\/fr\/patient-information-resources\/procedure-specific-information-sheets\/","og_locale":"fr_FR","og_type":"article","og_title":"Fiches d'information propres - pied et cheville - Fondation Canadienne d&#039;Orthop\u00e9die","og_description":"La Fondation canadienne d'orthop\u00e9die vient en aide aux patients orthop\u00e9diques, aux professionnels de la sant\u00e9 en orthop\u00e9die, ainsi qu'aux personnes qui se pr\u00e9occupent de leur sant\u00e9 et des questions en mati\u00e8re de sant\u00e9 au sein de la collectivit\u00e9, et ce, \u00e0 l'\u00e9gard de la sant\u00e9 des os et des articulations actuelle et \u00e0 venir.","og_url":"https:\/\/movepainfree.org\/fr\/patient-information-resources\/procedure-specific-information-sheets\/","og_site_name":"Fondation Canadienne d&#039;Orthop\u00e9die","article_modified_time":"2024-04-19T19:21:27+00:00","twitter_card":"summary_large_image","twitter_misc":{"Dur\u00e9e de lecture estim\u00e9e":"1 minute"},"schema":{"@context":"https:\/\/schema.org","@graph":[{"@type":"WebPage","@id":"https:\/\/movepainfree.org\/fr\/patient-information-resources\/procedure-specific-information-sheets\/","url":"https:\/\/movepainfree.org\/fr\/patient-information-resources\/procedure-specific-information-sheets\/","name":"Fiches d'information propres - pied et cheville - Fondation Canadienne d&#039;Orthop\u00e9die","isPartOf":{"@id":"https:\/\/movepainfree.org\/fr\/#website"},"datePublished":"2015-01-23T17:46:52+00:00","dateModified":"2024-04-19T19:21:27+00:00","description":"La Fondation canadienne d'orthop\u00e9die vient en aide aux patients orthop\u00e9diques, aux professionnels de la sant\u00e9 en orthop\u00e9die, ainsi qu'aux personnes qui se pr\u00e9occupent de leur sant\u00e9 et des questions en mati\u00e8re de sant\u00e9 au sein de la collectivit\u00e9, et ce, \u00e0 l'\u00e9gard de la sant\u00e9 des os et des articulations actuelle et \u00e0 venir.","breadcrumb":{"@id":"https:\/\/movepainfree.org\/fr\/patient-information-resources\/procedure-specific-information-sheets\/#breadcrumb"},"inLanguage":"fr-FR","potentialAction":[{"@type":"ReadAction","target":["https:\/\/movepainfree.org\/fr\/patient-information-resources\/procedure-specific-information-sheets\/"]}]},{"@type":"BreadcrumbList","@id":"https:\/\/movepainfree.org\/fr\/patient-information-resources\/procedure-specific-information-sheets\/#breadcrumb","itemListElement":[{"@type":"ListItem","position":1,"name":"Home","item":"https:\/\/movepainfree.org\/fr\/"},{"@type":"ListItem","position":2,"name":"Ressources informatives pour les patients","item":"https:\/\/movepainfree.org\/fr\/patient-information-resources\/"},{"@type":"ListItem","position":3,"name":"Fiches d&rsquo;information propres &#8211; pied et cheville"}]},{"@type":"WebSite","@id":"https:\/\/movepainfree.org\/fr\/#website","url":"https:\/\/movepainfree.org\/fr\/","name":"Fondation Canadienne d&#039;Orthop\u00e9die","description":"Fund-raising Activities Support Research, Education, Community Care","potentialAction":[{"@type":"SearchAction","target":{"@type":"EntryPoint","urlTemplate":"https:\/\/movepainfree.org\/fr\/?s={search_term_string}"},"query-input":{"@type":"PropertyValueSpecification","valueRequired":true,"valueName":"search_term_string"}}],"inLanguage":"fr-FR"}]}},"_links":{"self":[{"href":"https:\/\/movepainfree.org\/fr\/wp-json\/wp\/v2\/pages\/479","targetHints":{"allow":["GET"]}}],"collection":[{"href":"https:\/\/movepainfree.org\/fr\/wp-json\/wp\/v2\/pages"}],"about":[{"href":"https:\/\/movepainfree.org\/fr\/wp-json\/wp\/v2\/types\/page"}],"author":[{"embeddable":true,"href":"https:\/\/movepainfree.org\/fr\/wp-json\/wp\/v2\/users\/1"}],"replies":[{"embeddable":true,"href":"https:\/\/movepainfree.org\/fr\/wp-json\/wp\/v2\/comments?post=479"}],"version-history":[{"count":7,"href":"https:\/\/movepainfree.org\/fr\/wp-json\/wp\/v2\/pages\/479\/revisions"}],"predecessor-version":[{"id":4484,"href":"https:\/\/movepainfree.org\/fr\/wp-json\/wp\/v2\/pages\/479\/revisions\/4484"}],"up":[{"embeddable":true,"href":"https:\/\/movepainfree.org\/fr\/wp-json\/wp\/v2\/pages\/469"}],"wp:attachment":[{"href":"https:\/\/movepainfree.org\/fr\/wp-json\/wp\/v2\/media?parent=479"}],"curies":[{"name":"wp","href":"https:\/\/api.w.org\/{rel}","templated":true}]}}