{"id":4731,"date":"2026-02-26T13:18:49","date_gmt":"2026-02-26T13:18:49","guid":{"rendered":"https:\/\/movepainfree.org\/fr\/?page_id=4731"},"modified":"2026-02-26T14:04:33","modified_gmt":"2026-02-26T14:04:33","slug":"faites-un-don-maintenant","status":"publish","type":"page","link":"https:\/\/movepainfree.org\/fr\/faites-un-don-maintenant\/","title":{"rendered":"Faites un don maintenant"},"content":{"rendered":"<p>Deux options s&rsquo;offrent \u00e0 vous pour faire un don \u00e0 la Fondation canadienne d&rsquo;orthop\u00e9die\u00a0: un don unique ou un don mensuel. Veuillez choisir l&rsquo;option qui vous convient.<\/p>\n<h3>Merci pour votre soutien.<\/h3>\n<div style=\"clear: both;\"><a href=\"https:\/\/wl.donorperfect.net\/weblink\/weblink.aspx?name=E353001QE&amp;id=4\" target=\"_blank\" rel=\"noopener\"><img loading=\"lazy\" decoding=\"async\" class=\"alignleft wp-image-4736 size-medium\" title=\"Don unique\" src=\"https:\/\/movepainfree.org\/fr\/wp-content\/uploads\/sites\/3\/onetime_donation_fr-250x165.png\" alt=\"Don unique\" width=\"250\" height=\"165\" srcset=\"https:\/\/movepainfree.org\/fr\/wp-content\/uploads\/sites\/3\/onetime_donation_fr-250x165.png 250w, https:\/\/movepainfree.org\/fr\/wp-content\/uploads\/sites\/3\/onetime_donation_fr-120x79.png 120w, https:\/\/movepainfree.org\/fr\/wp-content\/uploads\/sites\/3\/onetime_donation_fr.png 592w\" sizes=\"auto, (max-width: 250px) 100vw, 250px\" \/><\/a><a href=\"https:\/\/wl.donorperfect.net\/weblink\/weblink.aspx?name=E353001QE&amp;id=4\" target=\"_blank\" rel=\"noopener\"><img loading=\"lazy\" decoding=\"async\" class=\"alignleft wp-image-4735 size-medium\" src=\"https:\/\/movepainfree.org\/fr\/wp-content\/uploads\/sites\/3\/recurrent_donation_fr-250x165.png\" alt=\"Don r\u00e9current\" width=\"250\" height=\"165\" srcset=\"https:\/\/movepainfree.org\/fr\/wp-content\/uploads\/sites\/3\/recurrent_donation_fr-250x165.png 250w, https:\/\/movepainfree.org\/fr\/wp-content\/uploads\/sites\/3\/recurrent_donation_fr-120x79.png 120w, https:\/\/movepainfree.org\/fr\/wp-content\/uploads\/sites\/3\/recurrent_donation_fr.png 592w\" sizes=\"auto, (max-width: 250px) 100vw, 250px\" \/><\/a><\/div>\n<div style=\"clear: both; margin-top: 20px; padding-top: 20px;\">Num\u00e9ro d&rsquo;organisme de bienfaisance enregistr\u00e9 : 89059 4740 RR0001.<\/div>\n","protected":false},"excerpt":{"rendered":"Deux options s&rsquo;offrent \u00e0 vous pour faire un don \u00e0 la Fondation canadienne d&rsquo;orthop\u00e9die\u00a0: un don unique ou un don mensuel. Veuillez choisir l&rsquo;option qui vous convient. Merci pour votre&#8230; <a class=\"view-article\" href=\"https:\/\/movepainfree.org\/fr\/faites-un-don-maintenant\/\">View Article<\/a>","protected":false},"author":3,"featured_media":0,"parent":0,"menu_order":0,"comment_status":"closed","ping_status":"closed","template":"","meta":{"footnotes":""},"class_list":["post-4731","page","type-page","status-publish","hentry"],"yoast_head":"<!-- This site is optimized with the Yoast SEO plugin v27.0 - https:\/\/yoast.com\/product\/yoast-seo-wordpress\/ -->\n<title>Faites un don maintenant - Fondation Canadienne d&#039;Orthop\u00e9die<\/title>\n<meta name=\"description\" content=\"La Fondation canadienne d&#039;orthop\u00e9die vient en aide aux patients orthop\u00e9diques, aux professionnels de la sant\u00e9 en orthop\u00e9die, ainsi qu&#039;aux personnes qui se pr\u00e9occupent de leur sant\u00e9 et des questions en mati\u00e8re de sant\u00e9 au sein de la collectivit\u00e9, et ce, \u00e0 l&#039;\u00e9gard de la sant\u00e9 des os et des articulations actuelle et \u00e0 venir.\" \/>\n<meta name=\"robots\" content=\"index, follow, max-snippet:-1, max-image-preview:large, max-video-preview:-1\" \/>\n<link rel=\"canonical\" href=\"https:\/\/movepainfree.org\/fr\/faites-un-don-maintenant\/\" \/>\n<meta property=\"og:locale\" content=\"fr_FR\" \/>\n<meta property=\"og:type\" content=\"article\" \/>\n<meta property=\"og:title\" content=\"Faites un don maintenant - Fondation Canadienne d&#039;Orthop\u00e9die\" \/>\n<meta property=\"og:description\" content=\"La Fondation canadienne d&#039;orthop\u00e9die vient en aide aux patients orthop\u00e9diques, aux professionnels de la sant\u00e9 en orthop\u00e9die, ainsi qu&#039;aux personnes qui se pr\u00e9occupent de leur sant\u00e9 et des questions en mati\u00e8re de sant\u00e9 au sein de la collectivit\u00e9, et ce, \u00e0 l&#039;\u00e9gard de la sant\u00e9 des os et des articulations actuelle et \u00e0 venir.\" \/>\n<meta property=\"og:url\" content=\"https:\/\/movepainfree.org\/fr\/faites-un-don-maintenant\/\" \/>\n<meta property=\"og:site_name\" content=\"Fondation Canadienne d&#039;Orthop\u00e9die\" \/>\n<meta property=\"article:modified_time\" content=\"2026-02-26T14:04:33+00:00\" \/>\n<meta property=\"og:image\" content=\"https:\/\/movepainfree.org\/fr\/wp-content\/uploads\/sites\/3\/onetime_donation_fr.png\" \/>\n\t<meta property=\"og:image:width\" content=\"592\" \/>\n\t<meta property=\"og:image:height\" content=\"390\" \/>\n\t<meta property=\"og:image:type\" content=\"image\/png\" \/>\n<meta name=\"twitter:card\" content=\"summary_large_image\" \/>\n<meta name=\"twitter:label1\" content=\"Dur\u00e9e de lecture estim\u00e9e\" \/>\n\t<meta name=\"twitter:data1\" content=\"1 minute\" \/>\n<script type=\"application\/ld+json\" class=\"yoast-schema-graph\">{\"@context\":\"https:\/\/schema.org\",\"@graph\":[{\"@type\":\"WebPage\",\"@id\":\"https:\/\/movepainfree.org\/fr\/faites-un-don-maintenant\/\",\"url\":\"https:\/\/movepainfree.org\/fr\/faites-un-don-maintenant\/\",\"name\":\"Faites un don maintenant - Fondation Canadienne d&#039;Orthop\u00e9die\",\"isPartOf\":{\"@id\":\"https:\/\/movepainfree.org\/fr\/#website\"},\"primaryImageOfPage\":{\"@id\":\"https:\/\/movepainfree.org\/fr\/faites-un-don-maintenant\/#primaryimage\"},\"image\":{\"@id\":\"https:\/\/movepainfree.org\/fr\/faites-un-don-maintenant\/#primaryimage\"},\"thumbnailUrl\":\"https:\/\/movepainfree.org\/fr\/wp-content\/uploads\/sites\/3\/onetime_donation_fr-250x165.png\",\"datePublished\":\"2026-02-26T13:18:49+00:00\",\"dateModified\":\"2026-02-26T14:04:33+00:00\",\"description\":\"La Fondation canadienne d'orthop\u00e9die vient en aide aux patients orthop\u00e9diques, aux professionnels de la sant\u00e9 en orthop\u00e9die, ainsi qu'aux personnes qui se pr\u00e9occupent de leur sant\u00e9 et des questions en mati\u00e8re de sant\u00e9 au sein de la collectivit\u00e9, et ce, \u00e0 l'\u00e9gard de la sant\u00e9 des os et des articulations actuelle et \u00e0 venir.\",\"breadcrumb\":{\"@id\":\"https:\/\/movepainfree.org\/fr\/faites-un-don-maintenant\/#breadcrumb\"},\"inLanguage\":\"fr-FR\",\"potentialAction\":[{\"@type\":\"ReadAction\",\"target\":[\"https:\/\/movepainfree.org\/fr\/faites-un-don-maintenant\/\"]}]},{\"@type\":\"ImageObject\",\"inLanguage\":\"fr-FR\",\"@id\":\"https:\/\/movepainfree.org\/fr\/faites-un-don-maintenant\/#primaryimage\",\"url\":\"https:\/\/movepainfree.org\/fr\/wp-content\/uploads\/sites\/3\/onetime_donation_fr.png\",\"contentUrl\":\"https:\/\/movepainfree.org\/fr\/wp-content\/uploads\/sites\/3\/onetime_donation_fr.png\",\"width\":592,\"height\":390},{\"@type\":\"BreadcrumbList\",\"@id\":\"https:\/\/movepainfree.org\/fr\/faites-un-don-maintenant\/#breadcrumb\",\"itemListElement\":[{\"@type\":\"ListItem\",\"position\":1,\"name\":\"Home\",\"item\":\"https:\/\/movepainfree.org\/fr\/\"},{\"@type\":\"ListItem\",\"position\":2,\"name\":\"Faites un don maintenant\"}]},{\"@type\":\"WebSite\",\"@id\":\"https:\/\/movepainfree.org\/fr\/#website\",\"url\":\"https:\/\/movepainfree.org\/fr\/\",\"name\":\"Fondation Canadienne d&#039;Orthop\u00e9die\",\"description\":\"Fund-raising Activities Support Research, Education, Community Care\",\"potentialAction\":[{\"@type\":\"SearchAction\",\"target\":{\"@type\":\"EntryPoint\",\"urlTemplate\":\"https:\/\/movepainfree.org\/fr\/?s={search_term_string}\"},\"query-input\":{\"@type\":\"PropertyValueSpecification\",\"valueRequired\":true,\"valueName\":\"search_term_string\"}}],\"inLanguage\":\"fr-FR\"}]}<\/script>\n<!-- \/ Yoast SEO plugin. -->","yoast_head_json":{"title":"Faites un don maintenant - Fondation Canadienne d&#039;Orthop\u00e9die","description":"La Fondation canadienne d'orthop\u00e9die vient en aide aux patients orthop\u00e9diques, aux professionnels de la sant\u00e9 en orthop\u00e9die, ainsi qu'aux personnes qui se pr\u00e9occupent de leur sant\u00e9 et des questions en mati\u00e8re de sant\u00e9 au sein de la collectivit\u00e9, et ce, \u00e0 l'\u00e9gard de la sant\u00e9 des os et des articulations actuelle et \u00e0 venir.","robots":{"index":"index","follow":"follow","max-snippet":"max-snippet:-1","max-image-preview":"max-image-preview:large","max-video-preview":"max-video-preview:-1"},"canonical":"https:\/\/movepainfree.org\/fr\/faites-un-don-maintenant\/","og_locale":"fr_FR","og_type":"article","og_title":"Faites un don maintenant - Fondation Canadienne d&#039;Orthop\u00e9die","og_description":"La Fondation canadienne d'orthop\u00e9die vient en aide aux patients orthop\u00e9diques, aux professionnels de la sant\u00e9 en orthop\u00e9die, ainsi qu'aux personnes qui se pr\u00e9occupent de leur sant\u00e9 et des questions en mati\u00e8re de sant\u00e9 au sein de la collectivit\u00e9, et ce, \u00e0 l'\u00e9gard de la sant\u00e9 des os et des articulations actuelle et \u00e0 venir.","og_url":"https:\/\/movepainfree.org\/fr\/faites-un-don-maintenant\/","og_site_name":"Fondation Canadienne d&#039;Orthop\u00e9die","article_modified_time":"2026-02-26T14:04:33+00:00","og_image":[{"width":592,"height":390,"url":"https:\/\/movepainfree.org\/fr\/wp-content\/uploads\/sites\/3\/onetime_donation_fr.png","type":"image\/png"}],"twitter_card":"summary_large_image","twitter_misc":{"Dur\u00e9e de lecture estim\u00e9e":"1 minute"},"schema":{"@context":"https:\/\/schema.org","@graph":[{"@type":"WebPage","@id":"https:\/\/movepainfree.org\/fr\/faites-un-don-maintenant\/","url":"https:\/\/movepainfree.org\/fr\/faites-un-don-maintenant\/","name":"Faites un don maintenant - Fondation Canadienne d&#039;Orthop\u00e9die","isPartOf":{"@id":"https:\/\/movepainfree.org\/fr\/#website"},"primaryImageOfPage":{"@id":"https:\/\/movepainfree.org\/fr\/faites-un-don-maintenant\/#primaryimage"},"image":{"@id":"https:\/\/movepainfree.org\/fr\/faites-un-don-maintenant\/#primaryimage"},"thumbnailUrl":"https:\/\/movepainfree.org\/fr\/wp-content\/uploads\/sites\/3\/onetime_donation_fr-250x165.png","datePublished":"2026-02-26T13:18:49+00:00","dateModified":"2026-02-26T14:04:33+00:00","description":"La Fondation canadienne d'orthop\u00e9die vient en aide aux patients orthop\u00e9diques, aux professionnels de la sant\u00e9 en orthop\u00e9die, ainsi qu'aux personnes qui se pr\u00e9occupent de leur sant\u00e9 et des questions en mati\u00e8re de sant\u00e9 au sein de la collectivit\u00e9, et ce, \u00e0 l'\u00e9gard de la sant\u00e9 des os et des articulations actuelle et \u00e0 venir.","breadcrumb":{"@id":"https:\/\/movepainfree.org\/fr\/faites-un-don-maintenant\/#breadcrumb"},"inLanguage":"fr-FR","potentialAction":[{"@type":"ReadAction","target":["https:\/\/movepainfree.org\/fr\/faites-un-don-maintenant\/"]}]},{"@type":"ImageObject","inLanguage":"fr-FR","@id":"https:\/\/movepainfree.org\/fr\/faites-un-don-maintenant\/#primaryimage","url":"https:\/\/movepainfree.org\/fr\/wp-content\/uploads\/sites\/3\/onetime_donation_fr.png","contentUrl":"https:\/\/movepainfree.org\/fr\/wp-content\/uploads\/sites\/3\/onetime_donation_fr.png","width":592,"height":390},{"@type":"BreadcrumbList","@id":"https:\/\/movepainfree.org\/fr\/faites-un-don-maintenant\/#breadcrumb","itemListElement":[{"@type":"ListItem","position":1,"name":"Home","item":"https:\/\/movepainfree.org\/fr\/"},{"@type":"ListItem","position":2,"name":"Faites un don maintenant"}]},{"@type":"WebSite","@id":"https:\/\/movepainfree.org\/fr\/#website","url":"https:\/\/movepainfree.org\/fr\/","name":"Fondation Canadienne d&#039;Orthop\u00e9die","description":"Fund-raising Activities Support Research, Education, Community Care","potentialAction":[{"@type":"SearchAction","target":{"@type":"EntryPoint","urlTemplate":"https:\/\/movepainfree.org\/fr\/?s={search_term_string}"},"query-input":{"@type":"PropertyValueSpecification","valueRequired":true,"valueName":"search_term_string"}}],"inLanguage":"fr-FR"}]}},"_links":{"self":[{"href":"https:\/\/movepainfree.org\/fr\/wp-json\/wp\/v2\/pages\/4731","targetHints":{"allow":["GET"]}}],"collection":[{"href":"https:\/\/movepainfree.org\/fr\/wp-json\/wp\/v2\/pages"}],"about":[{"href":"https:\/\/movepainfree.org\/fr\/wp-json\/wp\/v2\/types\/page"}],"author":[{"embeddable":true,"href":"https:\/\/movepainfree.org\/fr\/wp-json\/wp\/v2\/users\/3"}],"replies":[{"embeddable":true,"href":"https:\/\/movepainfree.org\/fr\/wp-json\/wp\/v2\/comments?post=4731"}],"version-history":[{"count":10,"href":"https:\/\/movepainfree.org\/fr\/wp-json\/wp\/v2\/pages\/4731\/revisions"}],"predecessor-version":[{"id":4743,"href":"https:\/\/movepainfree.org\/fr\/wp-json\/wp\/v2\/pages\/4731\/revisions\/4743"}],"wp:attachment":[{"href":"https:\/\/movepainfree.org\/fr\/wp-json\/wp\/v2\/media?parent=4731"}],"curies":[{"name":"wp","href":"https:\/\/api.w.org\/{rel}","templated":true}]}}