{"id":438,"date":"2015-01-23T15:26:41","date_gmt":"2015-01-23T15:26:41","guid":{"rendered":"https:\/\/movepainfree.org\/fr\/?page_id=438"},"modified":"2024-05-21T19:50:27","modified_gmt":"2024-05-21T19:50:27","slug":"macnab-lecture","status":"publish","type":"page","link":"https:\/\/movepainfree.org\/fr\/grants-and-research\/macnab-lecture\/","title":{"rendered":"Conf\u00e9rence Macnab"},"content":{"rendered":"<p>Chercheur, professeur et orthop\u00e9diste d\u2019exception, le D<sup>r<\/sup>\u00a0Ian\u00a0Macnab a apport\u00e9 une contribution consid\u00e9rable \u00e0 la communaut\u00e9 orthop\u00e9dique canadienne. \u00c0 la suite de son d\u00e9c\u00e8s, en 1992, on a cr\u00e9\u00e9 une conf\u00e9rence \u00e9ducative en son honneur. La premi\u00e8re a \u00e9t\u00e9 donn\u00e9e par le D<sup>r<\/sup>\u00a0E.H.\u00a0Simmons, en 1994. La Conf\u00e9rence Macnab est donn\u00e9e chaque ann\u00e9e pendant la R\u00e9union annuelle de la Soci\u00e9t\u00e9 de recherche orthop\u00e9dique du Canada\u00a0(SROC), qui a lieu conjointement avec la R\u00e9union annuelle de l\u2019Association Canadienne d\u2019Orthop\u00e9die\u00a0(ACO).<\/p>\n<h2>Ian Macnab Memorial Lecturers<\/h2>\n<table>\n<tbody>\n<tr>\n<td>2024<\/td>\n<td>Emil H. Schemitsch<\/td>\n<td>London, ON<\/td>\n<\/tr>\n<tr>\n<td>2023<\/td>\n<td>Walter Herzog<\/td>\n<td>Calgary, AB<\/td>\n<\/tr>\n<tr>\n<td>2022<\/td>\n<td>Frank Beier<\/td>\n<td>London, ON<\/td>\n<\/tr>\n<tr>\n<td>2020<\/td>\n<td>Cari Whyne<\/td>\n<td>Toronto, ON<\/td>\n<\/tr>\n<tr>\n<td>2019<\/td>\n<td>Mauro Alini<\/td>\n<td>Davos, Switzerland<\/td>\n<\/tr>\n<tr>\n<td>2018<\/td>\n<td>David Hunter<\/td>\n<td>Sydney, Austrailia<\/td>\n<\/tr>\n<tr>\n<td>2017<\/td>\n<td>Hani Awad<\/td>\n<td>Rochester, NY<\/td>\n<\/tr>\n<tr>\n<td>2016<\/td>\n<td>Jacques de Guise<\/td>\n<td>Montreal, QC<\/td>\n<\/tr>\n<tr>\n<td>2015<\/td>\n<td>Rob G.H.H. Nelissen<\/td>\n<td>Leiden, The Netherlands<\/td>\n<\/tr>\n<tr>\n<td>2014<\/td>\n<td>Joshua Leon<\/td>\n<td>Halifax, NS<\/td>\n<\/tr>\n<tr>\n<td>2013<\/td>\n<td>Cyril B. Frank<\/td>\n<td>Calgary, AB<\/td>\n<\/tr>\n<tr>\n<td>2012<\/td>\n<td>John B. Medley<\/td>\n<td>Toronto, ON<\/td>\n<\/tr>\n<tr>\n<td>2011<\/td>\n<td>Randy Ellis<\/td>\n<td>Kingston, ON<\/td>\n<\/tr>\n<tr>\n<td>2010<\/td>\n<td>James G. Wright<\/td>\n<td>Toronto, ON<\/td>\n<\/tr>\n<tr>\n<td>2009<\/td>\n<td>Louis Bigliani<\/td>\n<td>New York, NY<\/td>\n<\/tr>\n<tr>\n<td>2007<\/td>\n<td>James Kellam<\/td>\n<td>Charlotte, NC<\/td>\n<\/tr>\n<tr>\n<td>2006<\/td>\n<td>Marc F. Swiontkowski<\/td>\n<td>Minneapolis, MD<\/td>\n<\/tr>\n<tr>\n<td>2004<\/td>\n<td>Reinhold Ganz<\/td>\n<td>Bern, Switzerland<\/td>\n<\/tr>\n<tr>\n<td>2003<\/td>\n<td>Laura I. Tosi<\/td>\n<td>Washington, DC<\/td>\n<\/tr>\n<tr>\n<td>2002<\/td>\n<td>Cecil H. Rorabeck<\/td>\n<td>London, ON<\/td>\n<\/tr>\n<tr>\n<td>2001<\/td>\n<td>Joseph Schatzker<\/td>\n<td>Toronto, ON<\/td>\n<\/tr>\n<tr>\n<td>2000<\/td>\n<td>James P. Waddell<\/td>\n<td>Toronto, ON<\/td>\n<\/tr>\n<tr>\n<td>1999<\/td>\n<td>Robert W. Jackson<\/td>\n<td>Dallas, TX<\/td>\n<\/tr>\n<tr>\n<td>1998<\/td>\n<td>Andr\u00e9 Beaupr\u00e9<\/td>\n<td>Quebec, QC<\/td>\n<\/tr>\n<tr>\n<td>1997<\/td>\n<td>David E. Hastings<\/td>\n<td>Toronto, ON<\/td>\n<\/tr>\n<tr>\n<td>1996<\/td>\n<td>John A. McCulloch<\/td>\n<td>Akron, OH<\/td>\n<\/tr>\n<tr>\n<td>1995<\/td>\n<td>Carroll A. Laurin<\/td>\n<td>Montreal, QC<\/td>\n<\/tr>\n<tr>\n<td>1994<\/td>\n<td>Edward H. Simmons<\/td>\n<td>Buffalo, NY<\/td>\n<\/tr>\n<\/tbody>\n<\/table>\n","protected":false},"excerpt":{"rendered":"Chercheur, professeur et orthop\u00e9diste d\u2019exception, le Dr\u00a0Ian\u00a0Macnab a apport\u00e9 une contribution consid\u00e9rable \u00e0 la communaut\u00e9 orthop\u00e9dique canadienne. \u00c0 la suite de son d\u00e9c\u00e8s, en 1992, on a cr\u00e9\u00e9 une conf\u00e9rence&#8230; <a class=\"view-article\" href=\"https:\/\/movepainfree.org\/fr\/grants-and-research\/macnab-lecture\/\">View Article<\/a>","protected":false},"author":1,"featured_media":0,"parent":39,"menu_order":40,"comment_status":"closed","ping_status":"closed","template":"","meta":{"footnotes":""},"class_list":["post-438","page","type-page","status-publish","hentry"],"yoast_head":"<!-- This site is optimized with the Yoast SEO plugin v27.0 - https:\/\/yoast.com\/product\/yoast-seo-wordpress\/ -->\n<title>Conf\u00e9rence Macnab - Fondation Canadienne d&#039;Orthop\u00e9die<\/title>\n<meta name=\"description\" content=\"La Fondation canadienne d&#039;orthop\u00e9die vient en aide aux patients orthop\u00e9diques, aux professionnels de la sant\u00e9 en orthop\u00e9die, ainsi qu&#039;aux personnes qui se pr\u00e9occupent de leur sant\u00e9 et des questions en mati\u00e8re de sant\u00e9 au sein de la collectivit\u00e9, et ce, \u00e0 l&#039;\u00e9gard de la sant\u00e9 des os et des articulations actuelle et \u00e0 venir.\" \/>\n<meta name=\"robots\" content=\"index, follow, max-snippet:-1, max-image-preview:large, max-video-preview:-1\" \/>\n<link rel=\"canonical\" href=\"https:\/\/movepainfree.org\/fr\/grants-and-research\/macnab-lecture\/\" \/>\n<meta property=\"og:locale\" content=\"fr_FR\" \/>\n<meta property=\"og:type\" content=\"article\" \/>\n<meta property=\"og:title\" content=\"Conf\u00e9rence Macnab - Fondation Canadienne d&#039;Orthop\u00e9die\" \/>\n<meta property=\"og:description\" content=\"La Fondation canadienne d&#039;orthop\u00e9die vient en aide aux patients orthop\u00e9diques, aux professionnels de la sant\u00e9 en orthop\u00e9die, ainsi qu&#039;aux personnes qui se pr\u00e9occupent de leur sant\u00e9 et des questions en mati\u00e8re de sant\u00e9 au sein de la collectivit\u00e9, et ce, \u00e0 l&#039;\u00e9gard de la sant\u00e9 des os et des articulations actuelle et \u00e0 venir.\" \/>\n<meta property=\"og:url\" content=\"https:\/\/movepainfree.org\/fr\/grants-and-research\/macnab-lecture\/\" \/>\n<meta property=\"og:site_name\" content=\"Fondation Canadienne d&#039;Orthop\u00e9die\" \/>\n<meta property=\"article:modified_time\" content=\"2024-05-21T19:50:27+00:00\" \/>\n<meta name=\"twitter:card\" content=\"summary_large_image\" \/>\n<meta name=\"twitter:label1\" content=\"Dur\u00e9e de lecture estim\u00e9e\" \/>\n\t<meta name=\"twitter:data1\" content=\"2 minutes\" \/>\n<script type=\"application\/ld+json\" class=\"yoast-schema-graph\">{\"@context\":\"https:\/\/schema.org\",\"@graph\":[{\"@type\":\"WebPage\",\"@id\":\"https:\/\/movepainfree.org\/fr\/grants-and-research\/macnab-lecture\/\",\"url\":\"https:\/\/movepainfree.org\/fr\/grants-and-research\/macnab-lecture\/\",\"name\":\"Conf\u00e9rence Macnab - Fondation Canadienne d&#039;Orthop\u00e9die\",\"isPartOf\":{\"@id\":\"https:\/\/movepainfree.org\/fr\/#website\"},\"datePublished\":\"2015-01-23T15:26:41+00:00\",\"dateModified\":\"2024-05-21T19:50:27+00:00\",\"description\":\"La Fondation canadienne d'orthop\u00e9die vient en aide aux patients orthop\u00e9diques, aux professionnels de la sant\u00e9 en orthop\u00e9die, ainsi qu'aux personnes qui se pr\u00e9occupent de leur sant\u00e9 et des questions en mati\u00e8re de sant\u00e9 au sein de la collectivit\u00e9, et ce, \u00e0 l'\u00e9gard de la sant\u00e9 des os et des articulations actuelle et \u00e0 venir.\",\"breadcrumb\":{\"@id\":\"https:\/\/movepainfree.org\/fr\/grants-and-research\/macnab-lecture\/#breadcrumb\"},\"inLanguage\":\"fr-FR\",\"potentialAction\":[{\"@type\":\"ReadAction\",\"target\":[\"https:\/\/movepainfree.org\/fr\/grants-and-research\/macnab-lecture\/\"]}]},{\"@type\":\"BreadcrumbList\",\"@id\":\"https:\/\/movepainfree.org\/fr\/grants-and-research\/macnab-lecture\/#breadcrumb\",\"itemListElement\":[{\"@type\":\"ListItem\",\"position\":1,\"name\":\"Home\",\"item\":\"https:\/\/movepainfree.org\/fr\/\"},{\"@type\":\"ListItem\",\"position\":2,\"name\":\"Recherche\",\"item\":\"https:\/\/movepainfree.org\/fr\/grants-and-research\/\"},{\"@type\":\"ListItem\",\"position\":3,\"name\":\"Conf\u00e9rence Macnab\"}]},{\"@type\":\"WebSite\",\"@id\":\"https:\/\/movepainfree.org\/fr\/#website\",\"url\":\"https:\/\/movepainfree.org\/fr\/\",\"name\":\"Fondation Canadienne d&#039;Orthop\u00e9die\",\"description\":\"Fund-raising Activities Support Research, Education, Community Care\",\"potentialAction\":[{\"@type\":\"SearchAction\",\"target\":{\"@type\":\"EntryPoint\",\"urlTemplate\":\"https:\/\/movepainfree.org\/fr\/?s={search_term_string}\"},\"query-input\":{\"@type\":\"PropertyValueSpecification\",\"valueRequired\":true,\"valueName\":\"search_term_string\"}}],\"inLanguage\":\"fr-FR\"}]}<\/script>\n<!-- \/ Yoast SEO plugin. -->","yoast_head_json":{"title":"Conf\u00e9rence Macnab - Fondation Canadienne d&#039;Orthop\u00e9die","description":"La Fondation canadienne d'orthop\u00e9die vient en aide aux patients orthop\u00e9diques, aux professionnels de la sant\u00e9 en orthop\u00e9die, ainsi qu'aux personnes qui se pr\u00e9occupent de leur sant\u00e9 et des questions en mati\u00e8re de sant\u00e9 au sein de la collectivit\u00e9, et ce, \u00e0 l'\u00e9gard de la sant\u00e9 des os et des articulations actuelle et \u00e0 venir.","robots":{"index":"index","follow":"follow","max-snippet":"max-snippet:-1","max-image-preview":"max-image-preview:large","max-video-preview":"max-video-preview:-1"},"canonical":"https:\/\/movepainfree.org\/fr\/grants-and-research\/macnab-lecture\/","og_locale":"fr_FR","og_type":"article","og_title":"Conf\u00e9rence Macnab - Fondation Canadienne d&#039;Orthop\u00e9die","og_description":"La Fondation canadienne d'orthop\u00e9die vient en aide aux patients orthop\u00e9diques, aux professionnels de la sant\u00e9 en orthop\u00e9die, ainsi qu'aux personnes qui se pr\u00e9occupent de leur sant\u00e9 et des questions en mati\u00e8re de sant\u00e9 au sein de la collectivit\u00e9, et ce, \u00e0 l'\u00e9gard de la sant\u00e9 des os et des articulations actuelle et \u00e0 venir.","og_url":"https:\/\/movepainfree.org\/fr\/grants-and-research\/macnab-lecture\/","og_site_name":"Fondation Canadienne d&#039;Orthop\u00e9die","article_modified_time":"2024-05-21T19:50:27+00:00","twitter_card":"summary_large_image","twitter_misc":{"Dur\u00e9e de lecture estim\u00e9e":"2 minutes"},"schema":{"@context":"https:\/\/schema.org","@graph":[{"@type":"WebPage","@id":"https:\/\/movepainfree.org\/fr\/grants-and-research\/macnab-lecture\/","url":"https:\/\/movepainfree.org\/fr\/grants-and-research\/macnab-lecture\/","name":"Conf\u00e9rence Macnab - Fondation Canadienne d&#039;Orthop\u00e9die","isPartOf":{"@id":"https:\/\/movepainfree.org\/fr\/#website"},"datePublished":"2015-01-23T15:26:41+00:00","dateModified":"2024-05-21T19:50:27+00:00","description":"La Fondation canadienne d'orthop\u00e9die vient en aide aux patients orthop\u00e9diques, aux professionnels de la sant\u00e9 en orthop\u00e9die, ainsi qu'aux personnes qui se pr\u00e9occupent de leur sant\u00e9 et des questions en mati\u00e8re de sant\u00e9 au sein de la collectivit\u00e9, et ce, \u00e0 l'\u00e9gard de la sant\u00e9 des os et des articulations actuelle et \u00e0 venir.","breadcrumb":{"@id":"https:\/\/movepainfree.org\/fr\/grants-and-research\/macnab-lecture\/#breadcrumb"},"inLanguage":"fr-FR","potentialAction":[{"@type":"ReadAction","target":["https:\/\/movepainfree.org\/fr\/grants-and-research\/macnab-lecture\/"]}]},{"@type":"BreadcrumbList","@id":"https:\/\/movepainfree.org\/fr\/grants-and-research\/macnab-lecture\/#breadcrumb","itemListElement":[{"@type":"ListItem","position":1,"name":"Home","item":"https:\/\/movepainfree.org\/fr\/"},{"@type":"ListItem","position":2,"name":"Recherche","item":"https:\/\/movepainfree.org\/fr\/grants-and-research\/"},{"@type":"ListItem","position":3,"name":"Conf\u00e9rence Macnab"}]},{"@type":"WebSite","@id":"https:\/\/movepainfree.org\/fr\/#website","url":"https:\/\/movepainfree.org\/fr\/","name":"Fondation Canadienne d&#039;Orthop\u00e9die","description":"Fund-raising Activities Support Research, Education, Community Care","potentialAction":[{"@type":"SearchAction","target":{"@type":"EntryPoint","urlTemplate":"https:\/\/movepainfree.org\/fr\/?s={search_term_string}"},"query-input":{"@type":"PropertyValueSpecification","valueRequired":true,"valueName":"search_term_string"}}],"inLanguage":"fr-FR"}]}},"_links":{"self":[{"href":"https:\/\/movepainfree.org\/fr\/wp-json\/wp\/v2\/pages\/438","targetHints":{"allow":["GET"]}}],"collection":[{"href":"https:\/\/movepainfree.org\/fr\/wp-json\/wp\/v2\/pages"}],"about":[{"href":"https:\/\/movepainfree.org\/fr\/wp-json\/wp\/v2\/types\/page"}],"author":[{"embeddable":true,"href":"https:\/\/movepainfree.org\/fr\/wp-json\/wp\/v2\/users\/1"}],"replies":[{"embeddable":true,"href":"https:\/\/movepainfree.org\/fr\/wp-json\/wp\/v2\/comments?post=438"}],"version-history":[{"count":13,"href":"https:\/\/movepainfree.org\/fr\/wp-json\/wp\/v2\/pages\/438\/revisions"}],"predecessor-version":[{"id":4575,"href":"https:\/\/movepainfree.org\/fr\/wp-json\/wp\/v2\/pages\/438\/revisions\/4575"}],"up":[{"embeddable":true,"href":"https:\/\/movepainfree.org\/fr\/wp-json\/wp\/v2\/pages\/39"}],"wp:attachment":[{"href":"https:\/\/movepainfree.org\/fr\/wp-json\/wp\/v2\/media?parent=438"}],"curies":[{"name":"wp","href":"https:\/\/api.w.org\/{rel}","templated":true}]}}