{"id":436,"date":"2015-01-23T15:20:10","date_gmt":"2015-01-23T15:20:10","guid":{"rendered":"https:\/\/movepainfree.org\/fr\/?page_id=436"},"modified":"2024-05-21T19:43:32","modified_gmt":"2024-05-21T19:43:32","slug":"r-i-harris-lecture","status":"publish","type":"page","link":"https:\/\/movepainfree.org\/fr\/grants-and-research\/r-i-harris-lecture\/","title":{"rendered":"Conf\u00e9rence R.I. Harris"},"content":{"rendered":"<p>Le D<sup>r<\/sup>\u00a0R.I.\u00a0Harris a fa\u00e7onn\u00e9 la communaut\u00e9 orthop\u00e9dique canadienne. \u00c0 la suite de son d\u00e9c\u00e8s, en 1966, la Fondation a souhait\u00e9 rendre hommage \u00e0 sa contribution majeure en cr\u00e9ant une conf\u00e9rence annuelle \u00e0 la R\u00e9union annuelle de l\u2019Association Canadienne d\u2019Orthop\u00e9die\u00a0(ACO). Cette conf\u00e9rence devait \u00eatre l\u2019occasion pour les orthop\u00e9distes canadiens de se r\u00e9unir et d\u2019approfondir leurs connaissances aupr\u00e8s de conf\u00e9renciers de renom provenant de partout dans le monde. La Conf\u00e9rence a \u00e9t\u00e9 approuv\u00e9e par la direction de l\u2019ACO en 1968, et sir\u00a0Reginald Watson-Jones a \u00e9t\u00e9 le premier \u00e0 la donner. En t\u00e9moignage de son amiti\u00e9 pour le D<sup>r<\/sup>\u00a0Harris, sir\u00a0Watson-Jones avait intitul\u00e9 sa conf\u00e9rence \u00ab\u00a0Robert Harris and Amputations. Amputation of the Body and the Mind\u00a0\u00bb. Depuis, des orthop\u00e9distes du monde entier sont venus donner cette conf\u00e9rence annuelle.<\/p>\n<h2>Conf\u00e9renciers R.I. Harris<\/h2>\n<table>\n<tbody>\n<tr>\n<td>2024<\/td>\n<td>Kevin G.S. Orrell<\/td>\n<td>Sydney, NS<\/td>\n<\/tr>\n<tr>\n<td>2023<\/td>\n<td>David Parker<\/td>\n<td>Sydney, Australia<\/td>\n<\/tr>\n<tr>\n<td>2022<\/td>\n<td>Douglas C. Thomson<\/td>\n<td>Mono, ON<\/td>\n<\/tr>\n<tr>\n<td>2019<\/td>\n<td>Richard L. Cruess<\/td>\n<td>Montreal, QC<\/td>\n<\/tr>\n<tr>\n<td>2018<\/td>\n<td>Stuart L. Weinstein<\/td>\n<td>Iowa City, IA<\/td>\n<\/tr>\n<tr>\n<td>2017<\/td>\n<td>Richard J. Hawkins<\/td>\n<td>USA \/ Canada<\/td>\n<\/tr>\n<tr>\n<td>2016<\/td>\n<td>Marc Swiontkowski<\/td>\n<td>Bloomington, MN<\/td>\n<\/tr>\n<tr>\n<td>2015<\/td>\n<td>Robert B. Bourne<\/td>\n<td>London, ON<\/td>\n<\/tr>\n<tr>\n<td>2014<\/td>\n<td>Cecil H. Rorabeck<\/td>\n<td>London, ON<\/td>\n<\/tr>\n<tr>\n<td>2013<\/td>\n<td>Keith Willett<\/td>\n<td>Oxford, England<\/td>\n<\/tr>\n<tr>\n<td>2012<\/td>\n<td>Daniel Berry<\/td>\n<td>Rochester, MN<\/td>\n<\/tr>\n<tr>\n<td>2011<\/td>\n<td>Thomas A. Russell<\/td>\n<td>Memphis, TN<\/td>\n<\/tr>\n<tr>\n<td>2010<\/td>\n<td>Nick Mohtadi<\/td>\n<td>Calgary, AB<\/td>\n<\/tr>\n<tr>\n<td>2009<\/td>\n<td>Robin R. Richards<\/td>\n<td>Toronto, ON<\/td>\n<\/tr>\n<tr>\n<td>2008<\/td>\n<td>Norman S. Schachar<\/td>\n<td>Calgary, AB<\/td>\n<\/tr>\n<tr>\n<td>2007<\/td>\n<td>Willam R.J. Rennie<\/td>\n<td>Winnipeg, MB<\/td>\n<\/tr>\n<tr>\n<td>2006<\/td>\n<td>Paul H. Wright<\/td>\n<td>Vancouver, BC<\/td>\n<\/tr>\n<tr>\n<td>2005<\/td>\n<td>Hubert Labelle<\/td>\n<td>Montr\u00e9al, QC<\/td>\n<\/tr>\n<tr>\n<td>2004<\/td>\n<td>Cyril B. Frank<\/td>\n<td>Calgary, AB<\/td>\n<\/tr>\n<tr>\n<td>2003<\/td>\n<td>Richard L. Cruess<\/td>\n<td>Montreal, QC<\/td>\n<\/tr>\n<tr>\n<td>2002<\/td>\n<td>James P. Waddell<\/td>\n<td>Toronto, ON<\/td>\n<\/tr>\n<tr>\n<td>2001<\/td>\n<td>Peter J. Fowler<\/td>\n<td>London, ON<\/td>\n<\/tr>\n<tr>\n<td>2000<\/td>\n<td>Robert N. Meek<\/td>\n<td>Vancouver, BC<\/td>\n<\/tr>\n<tr>\n<td>1999<\/td>\n<td>Robert B. Bourne<\/td>\n<td>London, ON<\/td>\n<\/tr>\n<tr>\n<td>1998<\/td>\n<td>Cecil H. Rorabeck<\/td>\n<td>London, ON<\/td>\n<\/tr>\n<tr>\n<td>1997<\/td>\n<td>Morris Duhaime<\/td>\n<td>Montreal, QC<\/td>\n<\/tr>\n<tr>\n<td>1996<\/td>\n<td>Allan E. Gross<\/td>\n<td>Toronto, ON<\/td>\n<\/tr>\n<tr>\n<td>1995<\/td>\n<td>Robert W. Jackson<\/td>\n<td>Dallas, TX<\/td>\n<\/tr>\n<tr>\n<td>1994<\/td>\n<td>John E. Hall<\/td>\n<td>Boston, MA<\/td>\n<\/tr>\n<tr>\n<td>1993<\/td>\n<td>John V. Fowles<\/td>\n<td>Montreal, QC<\/td>\n<\/tr>\n<tr>\n<td>1992<\/td>\n<td>Robert Y. McMurtry<\/td>\n<td>Calgary, AB<\/td>\n<\/tr>\n<tr>\n<td>1991<\/td>\n<td>Henry Bohlman<\/td>\n<td>Cleveland, OH<\/td>\n<\/tr>\n<tr>\n<td>1990<\/td>\n<td>Charles Sorbie<\/td>\n<td>Kingston, ON<\/td>\n<\/tr>\n<tr>\n<td>1989<\/td>\n<td>Norbert Gschwend<\/td>\n<td>Zurich, Switzerland<\/td>\n<\/tr>\n<tr>\n<td>1988<\/td>\n<td>John A. Wilkinson<\/td>\n<td>Southampton, England&lt;\/td<\/td>\n<\/tr>\n<tr>\n<td>1987<\/td>\n<td>Hans K. Uhthoff<\/td>\n<td>Ottawa, ON<\/td>\n<\/tr>\n<tr>\n<td>1986<\/td>\n<td>Clement B. Sledge<\/td>\n<td>Boston, MA<\/td>\n<\/tr>\n<tr>\n<td>1985<\/td>\n<td>David S. Bradford<\/td>\n<td>Minneapolis, MN<\/td>\n<\/tr>\n<tr>\n<td>1984<\/td>\n<td>Philip D. Wilson<\/td>\n<td>New York, NY<\/td>\n<\/tr>\n<tr>\n<td>1983<\/td>\n<td>William Enneking<\/td>\n<td>Jacksonville, FL<\/td>\n<\/tr>\n<tr>\n<td>1982<\/td>\n<td>J. William Fielding<\/td>\n<td>New York, NY<\/td>\n<\/tr>\n<tr>\n<td>1981<\/td>\n<td>Paul Curtiss<\/td>\n<td>Boston, MA<\/td>\n<\/tr>\n<tr>\n<td>1980<\/td>\n<td>Henry J. Mankin<\/td>\n<td>Boston, MA<\/td>\n<\/tr>\n<tr>\n<td>1979<\/td>\n<td>Graham Apley<\/td>\n<td>Surrey, England<\/td>\n<\/tr>\n<tr>\n<td>1978<\/td>\n<td>Sir Denis Patterson<\/td>\n<td>Adelaide, Australia<\/td>\n<\/tr>\n<tr>\n<td>1977<\/td>\n<td>Frank P. Patterson<\/td>\n<td>Vancouver, BC<\/td>\n<\/tr>\n<tr>\n<td>1976<\/td>\n<td>Frederick P. Dewar<\/td>\n<td>Toronto, ON<\/td>\n<\/tr>\n<tr>\n<td>1975<\/td>\n<td>Leon L. Wiltse<\/td>\n<td>Long Beach, CA<\/td>\n<\/tr>\n<tr>\n<td>1974<\/td>\n<td>G.C. Lloyd-Roberts<\/td>\n<td>London, England<\/td>\n<\/tr>\n<tr>\n<td>1973<\/td>\n<td>R.B. Duthie<\/td>\n<td>Oxford, England<\/td>\n<\/tr>\n<tr>\n<td>1972<\/td>\n<td>Andr\u00e9 Danis<\/td>\n<td>Brussels, Belgium<\/td>\n<\/tr>\n<tr>\n<td>1971<\/td>\n<td>Robert A. Robinson<\/td>\n<td>Baltimore, MD<\/td>\n<\/tr>\n<tr>\n<td>1970<\/td>\n<td>Bryan Keon-Cohen<\/td>\n<td>Melbourne, Australia<\/td>\n<\/tr>\n<tr>\n<td>1969<\/td>\n<td>J.I.P. James<\/td>\n<td>Edinburgh, Scotland<\/td>\n<\/tr>\n<tr>\n<td>1968<\/td>\n<td>Sir Reginald Watson-Jones<\/td>\n<td>London, England<\/td>\n<\/tr>\n<\/tbody>\n<\/table>\n","protected":false},"excerpt":{"rendered":"Le Dr\u00a0R.I.\u00a0Harris a fa\u00e7onn\u00e9 la communaut\u00e9 orthop\u00e9dique canadienne. \u00c0 la suite de son d\u00e9c\u00e8s, en 1966, la Fondation a souhait\u00e9 rendre hommage \u00e0 sa contribution majeure en cr\u00e9ant une conf\u00e9rence&#8230; <a class=\"view-article\" href=\"https:\/\/movepainfree.org\/fr\/grants-and-research\/r-i-harris-lecture\/\">View Article<\/a>","protected":false},"author":1,"featured_media":0,"parent":39,"menu_order":30,"comment_status":"closed","ping_status":"closed","template":"","meta":{"footnotes":""},"class_list":["post-436","page","type-page","status-publish","hentry"],"yoast_head":"<!-- This site is optimized with the Yoast SEO plugin v27.0 - https:\/\/yoast.com\/product\/yoast-seo-wordpress\/ -->\n<title>Conf\u00e9rence R.I. Harris - Fondation Canadienne d&#039;Orthop\u00e9die<\/title>\n<meta name=\"description\" content=\"La Fondation canadienne d&#039;orthop\u00e9die vient en aide aux patients orthop\u00e9diques, aux professionnels de la sant\u00e9 en orthop\u00e9die, ainsi qu&#039;aux personnes qui se pr\u00e9occupent de leur sant\u00e9 et des questions en mati\u00e8re de sant\u00e9 au sein de la collectivit\u00e9, et ce, \u00e0 l&#039;\u00e9gard de la sant\u00e9 des os et des articulations actuelle et \u00e0 venir.\" \/>\n<meta name=\"robots\" content=\"index, follow, max-snippet:-1, max-image-preview:large, max-video-preview:-1\" \/>\n<link rel=\"canonical\" href=\"https:\/\/movepainfree.org\/fr\/grants-and-research\/r-i-harris-lecture\/\" \/>\n<meta property=\"og:locale\" content=\"fr_FR\" \/>\n<meta property=\"og:type\" content=\"article\" \/>\n<meta property=\"og:title\" content=\"Conf\u00e9rence R.I. Harris - Fondation Canadienne d&#039;Orthop\u00e9die\" \/>\n<meta property=\"og:description\" content=\"La Fondation canadienne d&#039;orthop\u00e9die vient en aide aux patients orthop\u00e9diques, aux professionnels de la sant\u00e9 en orthop\u00e9die, ainsi qu&#039;aux personnes qui se pr\u00e9occupent de leur sant\u00e9 et des questions en mati\u00e8re de sant\u00e9 au sein de la collectivit\u00e9, et ce, \u00e0 l&#039;\u00e9gard de la sant\u00e9 des os et des articulations actuelle et \u00e0 venir.\" \/>\n<meta property=\"og:url\" content=\"https:\/\/movepainfree.org\/fr\/grants-and-research\/r-i-harris-lecture\/\" \/>\n<meta property=\"og:site_name\" content=\"Fondation Canadienne d&#039;Orthop\u00e9die\" \/>\n<meta property=\"article:modified_time\" content=\"2024-05-21T19:43:32+00:00\" \/>\n<meta name=\"twitter:card\" content=\"summary_large_image\" \/>\n<meta name=\"twitter:label1\" content=\"Dur\u00e9e de lecture estim\u00e9e\" \/>\n\t<meta name=\"twitter:data1\" content=\"3 minutes\" \/>\n<script type=\"application\/ld+json\" class=\"yoast-schema-graph\">{\"@context\":\"https:\/\/schema.org\",\"@graph\":[{\"@type\":\"WebPage\",\"@id\":\"https:\/\/movepainfree.org\/fr\/grants-and-research\/r-i-harris-lecture\/\",\"url\":\"https:\/\/movepainfree.org\/fr\/grants-and-research\/r-i-harris-lecture\/\",\"name\":\"Conf\u00e9rence R.I. Harris - Fondation Canadienne d&#039;Orthop\u00e9die\",\"isPartOf\":{\"@id\":\"https:\/\/movepainfree.org\/fr\/#website\"},\"datePublished\":\"2015-01-23T15:20:10+00:00\",\"dateModified\":\"2024-05-21T19:43:32+00:00\",\"description\":\"La Fondation canadienne d'orthop\u00e9die vient en aide aux patients orthop\u00e9diques, aux professionnels de la sant\u00e9 en orthop\u00e9die, ainsi qu'aux personnes qui se pr\u00e9occupent de leur sant\u00e9 et des questions en mati\u00e8re de sant\u00e9 au sein de la collectivit\u00e9, et ce, \u00e0 l'\u00e9gard de la sant\u00e9 des os et des articulations actuelle et \u00e0 venir.\",\"breadcrumb\":{\"@id\":\"https:\/\/movepainfree.org\/fr\/grants-and-research\/r-i-harris-lecture\/#breadcrumb\"},\"inLanguage\":\"fr-FR\",\"potentialAction\":[{\"@type\":\"ReadAction\",\"target\":[\"https:\/\/movepainfree.org\/fr\/grants-and-research\/r-i-harris-lecture\/\"]}]},{\"@type\":\"BreadcrumbList\",\"@id\":\"https:\/\/movepainfree.org\/fr\/grants-and-research\/r-i-harris-lecture\/#breadcrumb\",\"itemListElement\":[{\"@type\":\"ListItem\",\"position\":1,\"name\":\"Home\",\"item\":\"https:\/\/movepainfree.org\/fr\/\"},{\"@type\":\"ListItem\",\"position\":2,\"name\":\"Recherche\",\"item\":\"https:\/\/movepainfree.org\/fr\/grants-and-research\/\"},{\"@type\":\"ListItem\",\"position\":3,\"name\":\"Conf\u00e9rence R.I. Harris\"}]},{\"@type\":\"WebSite\",\"@id\":\"https:\/\/movepainfree.org\/fr\/#website\",\"url\":\"https:\/\/movepainfree.org\/fr\/\",\"name\":\"Fondation Canadienne d&#039;Orthop\u00e9die\",\"description\":\"Fund-raising Activities Support Research, Education, Community Care\",\"potentialAction\":[{\"@type\":\"SearchAction\",\"target\":{\"@type\":\"EntryPoint\",\"urlTemplate\":\"https:\/\/movepainfree.org\/fr\/?s={search_term_string}\"},\"query-input\":{\"@type\":\"PropertyValueSpecification\",\"valueRequired\":true,\"valueName\":\"search_term_string\"}}],\"inLanguage\":\"fr-FR\"}]}<\/script>\n<!-- \/ Yoast SEO plugin. -->","yoast_head_json":{"title":"Conf\u00e9rence R.I. Harris - Fondation Canadienne d&#039;Orthop\u00e9die","description":"La Fondation canadienne d'orthop\u00e9die vient en aide aux patients orthop\u00e9diques, aux professionnels de la sant\u00e9 en orthop\u00e9die, ainsi qu'aux personnes qui se pr\u00e9occupent de leur sant\u00e9 et des questions en mati\u00e8re de sant\u00e9 au sein de la collectivit\u00e9, et ce, \u00e0 l'\u00e9gard de la sant\u00e9 des os et des articulations actuelle et \u00e0 venir.","robots":{"index":"index","follow":"follow","max-snippet":"max-snippet:-1","max-image-preview":"max-image-preview:large","max-video-preview":"max-video-preview:-1"},"canonical":"https:\/\/movepainfree.org\/fr\/grants-and-research\/r-i-harris-lecture\/","og_locale":"fr_FR","og_type":"article","og_title":"Conf\u00e9rence R.I. Harris - Fondation Canadienne d&#039;Orthop\u00e9die","og_description":"La Fondation canadienne d'orthop\u00e9die vient en aide aux patients orthop\u00e9diques, aux professionnels de la sant\u00e9 en orthop\u00e9die, ainsi qu'aux personnes qui se pr\u00e9occupent de leur sant\u00e9 et des questions en mati\u00e8re de sant\u00e9 au sein de la collectivit\u00e9, et ce, \u00e0 l'\u00e9gard de la sant\u00e9 des os et des articulations actuelle et \u00e0 venir.","og_url":"https:\/\/movepainfree.org\/fr\/grants-and-research\/r-i-harris-lecture\/","og_site_name":"Fondation Canadienne d&#039;Orthop\u00e9die","article_modified_time":"2024-05-21T19:43:32+00:00","twitter_card":"summary_large_image","twitter_misc":{"Dur\u00e9e de lecture estim\u00e9e":"3 minutes"},"schema":{"@context":"https:\/\/schema.org","@graph":[{"@type":"WebPage","@id":"https:\/\/movepainfree.org\/fr\/grants-and-research\/r-i-harris-lecture\/","url":"https:\/\/movepainfree.org\/fr\/grants-and-research\/r-i-harris-lecture\/","name":"Conf\u00e9rence R.I. Harris - Fondation Canadienne d&#039;Orthop\u00e9die","isPartOf":{"@id":"https:\/\/movepainfree.org\/fr\/#website"},"datePublished":"2015-01-23T15:20:10+00:00","dateModified":"2024-05-21T19:43:32+00:00","description":"La Fondation canadienne d'orthop\u00e9die vient en aide aux patients orthop\u00e9diques, aux professionnels de la sant\u00e9 en orthop\u00e9die, ainsi qu'aux personnes qui se pr\u00e9occupent de leur sant\u00e9 et des questions en mati\u00e8re de sant\u00e9 au sein de la collectivit\u00e9, et ce, \u00e0 l'\u00e9gard de la sant\u00e9 des os et des articulations actuelle et \u00e0 venir.","breadcrumb":{"@id":"https:\/\/movepainfree.org\/fr\/grants-and-research\/r-i-harris-lecture\/#breadcrumb"},"inLanguage":"fr-FR","potentialAction":[{"@type":"ReadAction","target":["https:\/\/movepainfree.org\/fr\/grants-and-research\/r-i-harris-lecture\/"]}]},{"@type":"BreadcrumbList","@id":"https:\/\/movepainfree.org\/fr\/grants-and-research\/r-i-harris-lecture\/#breadcrumb","itemListElement":[{"@type":"ListItem","position":1,"name":"Home","item":"https:\/\/movepainfree.org\/fr\/"},{"@type":"ListItem","position":2,"name":"Recherche","item":"https:\/\/movepainfree.org\/fr\/grants-and-research\/"},{"@type":"ListItem","position":3,"name":"Conf\u00e9rence R.I. Harris"}]},{"@type":"WebSite","@id":"https:\/\/movepainfree.org\/fr\/#website","url":"https:\/\/movepainfree.org\/fr\/","name":"Fondation Canadienne d&#039;Orthop\u00e9die","description":"Fund-raising Activities Support Research, Education, Community Care","potentialAction":[{"@type":"SearchAction","target":{"@type":"EntryPoint","urlTemplate":"https:\/\/movepainfree.org\/fr\/?s={search_term_string}"},"query-input":{"@type":"PropertyValueSpecification","valueRequired":true,"valueName":"search_term_string"}}],"inLanguage":"fr-FR"}]}},"_links":{"self":[{"href":"https:\/\/movepainfree.org\/fr\/wp-json\/wp\/v2\/pages\/436","targetHints":{"allow":["GET"]}}],"collection":[{"href":"https:\/\/movepainfree.org\/fr\/wp-json\/wp\/v2\/pages"}],"about":[{"href":"https:\/\/movepainfree.org\/fr\/wp-json\/wp\/v2\/types\/page"}],"author":[{"embeddable":true,"href":"https:\/\/movepainfree.org\/fr\/wp-json\/wp\/v2\/users\/1"}],"replies":[{"embeddable":true,"href":"https:\/\/movepainfree.org\/fr\/wp-json\/wp\/v2\/comments?post=436"}],"version-history":[{"count":15,"href":"https:\/\/movepainfree.org\/fr\/wp-json\/wp\/v2\/pages\/436\/revisions"}],"predecessor-version":[{"id":4573,"href":"https:\/\/movepainfree.org\/fr\/wp-json\/wp\/v2\/pages\/436\/revisions\/4573"}],"up":[{"embeddable":true,"href":"https:\/\/movepainfree.org\/fr\/wp-json\/wp\/v2\/pages\/39"}],"wp:attachment":[{"href":"https:\/\/movepainfree.org\/fr\/wp-json\/wp\/v2\/media?parent=436"}],"curies":[{"name":"wp","href":"https:\/\/api.w.org\/{rel}","templated":true}]}}