{"id":432,"date":"2015-01-23T14:37:17","date_gmt":"2015-01-23T14:37:17","guid":{"rendered":"https:\/\/movepainfree.org\/fr\/?page_id=432"},"modified":"2024-05-21T19:26:38","modified_gmt":"2024-05-21T19:26:38","slug":"anica-bitenc-travelling-fellowship","status":"publish","type":"page","link":"https:\/\/movepainfree.org\/fr\/grants-and-research\/anica-bitenc-travelling-fellowship\/","title":{"rendered":"Bourse de voyage Anica Bitenc"},"content":{"rendered":"<p>En 1982, l\u2019Association Canadienne d\u2019Orthop\u00e9die (ACO) a re\u00e7u une offre d\u2019un de ses membres, le Dr Igor Bitenc, qui souhaitait commanditer une bourse de voyage annuelle destin\u00e9e \u00e0 un jeune orthop\u00e9diste de l\u2019ex-Yougoslavie. Cette bourse \u00e0 la m\u00e9moire de sa d\u00e9funte m\u00e8re, Mme Anica Bitenc, est financ\u00e9e par les dons annuels du Dr Bitenc, vers\u00e9s dans un fonds de dotation g\u00e9r\u00e9 par la Fondation Canadienne d\u2019Orthop\u00e9die.<\/p>\n<h2>Dr. Bitenc, 1925-2014<\/h2>\n<p>Le D<sup>r<\/sup>\u00a0Bitenc na\u00eet en Slov\u00e9nie en 1925 et arrive au Canada en 1953. Il entame sa r\u00e9sidence \u00e0 l\u2019H\u00f4pital Royal Victoria, \u00e0 Montr\u00e9al, l\u2019ann\u00e9e suivante, puis d\u00e9cide de rester au Qu\u00e9bec pour y exercer l\u2019orthop\u00e9die. En 1982, il propose de commanditer une bourse de voyage annuelle pour les jeunes orthop\u00e9distes yougoslaves.\u00a0<a title=\"Celebrating the Life of Dr. Igor Bitenc\" href=\"https:\/\/movepainfree.org\/fr\/celebrating-the-life-of-dr-igor-bitenc\/\">Lisez la suite<\/a>.<\/p>\n<h2>Bourse de voyage Anica Bitenc<\/h2>\n<p>Le premier boursier a fait sa tourn\u00e9e canadienne en 1985; depuis, l\u2019ACO accueille chaque ann\u00e9e un laur\u00e9at, issu tour \u00e0 tour de Slov\u00e9nie, de Croatie et de Serbie, qui visite divers centres orthop\u00e9diques d\u2019un bout \u00e0 l\u2019autre du Canada, puis assiste \u00e0 la R\u00e9union annuelle de l\u2019ACO.<\/p>\n<h3>Parmi les laur\u00e9ats, mentionnons\u00a0:<\/h3>\n<p>2023D<sup>r<\/sup> Damjan DimnjakovicCroatie<\/p>\n<table>\n<tbody>\n<tr>\n<td>2024<\/td>\n<td>D<sup>r<\/sup> Nemanja Jovanovic<\/td>\n<td>Serbie<\/td>\n<\/tr>\n<tr>\n<td>2019<\/td>\n<td>D<sup>r<\/sup> Robi Kelc<\/td>\n<td>Slov\u00e9nie<\/td>\n<\/tr>\n<tr>\n<td>2018<\/td>\n<td>D<sup>r<\/sup> Tomislav Palibrk<\/td>\n<td>Serbie<\/td>\n<\/tr>\n<tr>\n<td>2017<\/td>\n<td>D<sup>r<\/sup> Ivan Bohacek<\/td>\n<td>Croatie<\/td>\n<\/tr>\n<tr>\n<td>2016<\/td>\n<td>D<sup>r<\/sup> David Martincic<\/td>\n<td>Slov\u00e9nie<\/td>\n<\/tr>\n<tr>\n<td>2015<\/td>\n<td>D<sup>r<\/sup> Predrag Rasovic<\/td>\n<td>Serbie<\/td>\n<\/tr>\n<tr>\n<td>2014<\/td>\n<td>D<sup>r<\/sup> Tomislav Smoljanovic<\/td>\n<td>Croatie<\/td>\n<\/tr>\n<tr>\n<td>2013<\/td>\n<td>D<sup>r<\/sup> Gregor Recnik<\/td>\n<td>Slov\u00e9nie<\/td>\n<\/tr>\n<tr>\n<td>2012<\/td>\n<td>D<sup>r<\/sup> Nemanja Slavkovic<\/td>\n<td>Serbie<\/td>\n<\/tr>\n<tr>\n<td>2011<\/td>\n<td>D<sup>r<\/sup> Marko Bergovec<\/td>\n<td>Croatie<\/td>\n<\/tr>\n<tr>\n<td>2010<\/td>\n<td>D<sup>r<\/sup> Blaz Mavcic<\/td>\n<td>Slov\u00e9nie<\/td>\n<\/tr>\n<tr>\n<td>2009<\/td>\n<td>D<sup>r<\/sup> Vladimir Harhaji<\/td>\n<td>Serbie<\/td>\n<\/tr>\n<tr>\n<td>2008<\/td>\n<td>D<sup>r<\/sup> Denis Trsek<\/td>\n<td>Croatie<\/td>\n<\/tr>\n<tr>\n<td>2007<\/td>\n<td>D<sup>r<\/sup> Klemen Strazar<\/td>\n<td>Slov\u00e9nie<\/td>\n<\/tr>\n<tr>\n<td>2006<\/td>\n<td>D<sup>r<\/sup> Alexsandar Lesl<\/td>\n<td>Serbie et Mont\u00e9n\u00e9gro<\/td>\n<\/tr>\n<tr>\n<td>2005<\/td>\n<td>D<sup>r<\/sup> Borut Pompe, Dr. Goran Bicanic<\/td>\n<td>Slov\u00e9nie, Croatie<\/td>\n<\/tr>\n<tr>\n<td>2003<\/td>\n<td>D<sup>r<\/sup> Dragan Savic<\/td>\n<td>Yougoslavie<\/td>\n<\/tr>\n<tr>\n<td>2002<\/td>\n<td>D<sup>r<\/sup> Hrvoje Klobucar<\/td>\n<td>Croatie<\/td>\n<\/tr>\n<tr>\n<td>2001<\/td>\n<td>D<sup>r<\/sup> Robert Kosak<\/td>\n<td>Slov\u00e9nie<\/td>\n<\/tr>\n<tr>\n<td>2000<\/td>\n<td>D<sup>r<\/sup> Robert Kolundzic<\/td>\n<td>Croatie<\/td>\n<\/tr>\n<tr>\n<td>1999<\/td>\n<td>D<sup>r<\/sup> Nenad Vladimir Atanasov<\/td>\n<td>Mac\u00e9doine<\/td>\n<\/tr>\n<tr>\n<td>1998<\/td>\n<td>D<sup>r<\/sup> Drago Dolinar<\/td>\n<td>Slov\u00e9nie<\/td>\n<\/tr>\n<tr>\n<td>1997<\/td>\n<td>D<sup>r<\/sup> Domagoj Delimar<\/td>\n<td>Croatie<\/td>\n<\/tr>\n<tr>\n<td>1991<\/td>\n<td>D<sup>r<\/sup> Davor Popovic<\/td>\n<td>\u00a0<\/td>\n<\/tr>\n<tr>\n<td>1990<\/td>\n<td>D<sup>r<\/sup> Miroslav Lazarov<\/td>\n<td>Mac\u00e9doine<\/td>\n<\/tr>\n<tr>\n<td>1989<\/td>\n<td>D<sup>r<\/sup> Rastko Stok and Dr. Zoran Blagojevic<\/td>\n<td>Slov\u00e9nie et Serbie<\/td>\n<\/tr>\n<tr>\n<td>1986<\/td>\n<td>D<sup>r<\/sup> Goran Ercegan<\/td>\n<td>Serbie<\/td>\n<\/tr>\n<tr>\n<td>1985<\/td>\n<td>D<sup>r<\/sup> Ranko Bilic<\/td>\n<td>Croatie<\/td>\n<\/tr>\n<\/tbody>\n<\/table>\n\n\n<p><\/p>\n","protected":false},"excerpt":{"rendered":"En 1982, l\u2019Association Canadienne d\u2019Orthop\u00e9die (ACO) a re\u00e7u une offre d\u2019un de ses membres, le Dr Igor Bitenc, qui souhaitait commanditer une bourse de voyage annuelle destin\u00e9e \u00e0 un jeune&#8230; <a class=\"view-article\" href=\"https:\/\/movepainfree.org\/fr\/grants-and-research\/anica-bitenc-travelling-fellowship\/\">View Article<\/a>","protected":false},"author":1,"featured_media":0,"parent":39,"menu_order":20,"comment_status":"closed","ping_status":"closed","template":"","meta":{"footnotes":""},"class_list":["post-432","page","type-page","status-publish","hentry"],"yoast_head":"<!-- This site is optimized with the Yoast SEO plugin v27.0 - https:\/\/yoast.com\/product\/yoast-seo-wordpress\/ -->\n<title>Bourse de voyage Anica Bitenc - Fondation Canadienne d&#039;Orthop\u00e9die<\/title>\n<meta name=\"description\" content=\"La Fondation canadienne d&#039;orthop\u00e9die vient en aide aux patients orthop\u00e9diques, aux professionnels de la sant\u00e9 en orthop\u00e9die, ainsi qu&#039;aux personnes qui se pr\u00e9occupent de leur sant\u00e9 et des questions en mati\u00e8re de sant\u00e9 au sein de la collectivit\u00e9, et ce, \u00e0 l&#039;\u00e9gard de la sant\u00e9 des os et des articulations actuelle et \u00e0 venir.\" \/>\n<meta name=\"robots\" content=\"index, follow, max-snippet:-1, max-image-preview:large, max-video-preview:-1\" \/>\n<link rel=\"canonical\" href=\"https:\/\/movepainfree.org\/fr\/grants-and-research\/anica-bitenc-travelling-fellowship\/\" \/>\n<meta property=\"og:locale\" content=\"fr_FR\" \/>\n<meta property=\"og:type\" content=\"article\" \/>\n<meta property=\"og:title\" content=\"Bourse de voyage Anica Bitenc - Fondation Canadienne d&#039;Orthop\u00e9die\" \/>\n<meta property=\"og:description\" content=\"La Fondation canadienne d&#039;orthop\u00e9die vient en aide aux patients orthop\u00e9diques, aux professionnels de la sant\u00e9 en orthop\u00e9die, ainsi qu&#039;aux personnes qui se pr\u00e9occupent de leur sant\u00e9 et des questions en mati\u00e8re de sant\u00e9 au sein de la collectivit\u00e9, et ce, \u00e0 l&#039;\u00e9gard de la sant\u00e9 des os et des articulations actuelle et \u00e0 venir.\" \/>\n<meta property=\"og:url\" content=\"https:\/\/movepainfree.org\/fr\/grants-and-research\/anica-bitenc-travelling-fellowship\/\" \/>\n<meta property=\"og:site_name\" content=\"Fondation Canadienne d&#039;Orthop\u00e9die\" \/>\n<meta property=\"article:modified_time\" content=\"2024-05-21T19:26:38+00:00\" \/>\n<meta name=\"twitter:card\" content=\"summary_large_image\" \/>\n<meta name=\"twitter:label1\" content=\"Dur\u00e9e de lecture estim\u00e9e\" \/>\n\t<meta name=\"twitter:data1\" content=\"2 minutes\" \/>\n<script type=\"application\/ld+json\" class=\"yoast-schema-graph\">{\"@context\":\"https:\/\/schema.org\",\"@graph\":[{\"@type\":\"WebPage\",\"@id\":\"https:\/\/movepainfree.org\/fr\/grants-and-research\/anica-bitenc-travelling-fellowship\/\",\"url\":\"https:\/\/movepainfree.org\/fr\/grants-and-research\/anica-bitenc-travelling-fellowship\/\",\"name\":\"Bourse de voyage Anica Bitenc - Fondation Canadienne d&#039;Orthop\u00e9die\",\"isPartOf\":{\"@id\":\"https:\/\/movepainfree.org\/fr\/#website\"},\"datePublished\":\"2015-01-23T14:37:17+00:00\",\"dateModified\":\"2024-05-21T19:26:38+00:00\",\"description\":\"La Fondation canadienne d'orthop\u00e9die vient en aide aux patients orthop\u00e9diques, aux professionnels de la sant\u00e9 en orthop\u00e9die, ainsi qu'aux personnes qui se pr\u00e9occupent de leur sant\u00e9 et des questions en mati\u00e8re de sant\u00e9 au sein de la collectivit\u00e9, et ce, \u00e0 l'\u00e9gard de la sant\u00e9 des os et des articulations actuelle et \u00e0 venir.\",\"breadcrumb\":{\"@id\":\"https:\/\/movepainfree.org\/fr\/grants-and-research\/anica-bitenc-travelling-fellowship\/#breadcrumb\"},\"inLanguage\":\"fr-FR\",\"potentialAction\":[{\"@type\":\"ReadAction\",\"target\":[\"https:\/\/movepainfree.org\/fr\/grants-and-research\/anica-bitenc-travelling-fellowship\/\"]}]},{\"@type\":\"BreadcrumbList\",\"@id\":\"https:\/\/movepainfree.org\/fr\/grants-and-research\/anica-bitenc-travelling-fellowship\/#breadcrumb\",\"itemListElement\":[{\"@type\":\"ListItem\",\"position\":1,\"name\":\"Home\",\"item\":\"https:\/\/movepainfree.org\/fr\/\"},{\"@type\":\"ListItem\",\"position\":2,\"name\":\"Recherche\",\"item\":\"https:\/\/movepainfree.org\/fr\/grants-and-research\/\"},{\"@type\":\"ListItem\",\"position\":3,\"name\":\"Bourse de voyage Anica Bitenc\"}]},{\"@type\":\"WebSite\",\"@id\":\"https:\/\/movepainfree.org\/fr\/#website\",\"url\":\"https:\/\/movepainfree.org\/fr\/\",\"name\":\"Fondation Canadienne d&#039;Orthop\u00e9die\",\"description\":\"Fund-raising Activities Support Research, Education, Community Care\",\"potentialAction\":[{\"@type\":\"SearchAction\",\"target\":{\"@type\":\"EntryPoint\",\"urlTemplate\":\"https:\/\/movepainfree.org\/fr\/?s={search_term_string}\"},\"query-input\":{\"@type\":\"PropertyValueSpecification\",\"valueRequired\":true,\"valueName\":\"search_term_string\"}}],\"inLanguage\":\"fr-FR\"}]}<\/script>\n<!-- \/ Yoast SEO plugin. -->","yoast_head_json":{"title":"Bourse de voyage Anica Bitenc - Fondation Canadienne d&#039;Orthop\u00e9die","description":"La Fondation canadienne d'orthop\u00e9die vient en aide aux patients orthop\u00e9diques, aux professionnels de la sant\u00e9 en orthop\u00e9die, ainsi qu'aux personnes qui se pr\u00e9occupent de leur sant\u00e9 et des questions en mati\u00e8re de sant\u00e9 au sein de la collectivit\u00e9, et ce, \u00e0 l'\u00e9gard de la sant\u00e9 des os et des articulations actuelle et \u00e0 venir.","robots":{"index":"index","follow":"follow","max-snippet":"max-snippet:-1","max-image-preview":"max-image-preview:large","max-video-preview":"max-video-preview:-1"},"canonical":"https:\/\/movepainfree.org\/fr\/grants-and-research\/anica-bitenc-travelling-fellowship\/","og_locale":"fr_FR","og_type":"article","og_title":"Bourse de voyage Anica Bitenc - Fondation Canadienne d&#039;Orthop\u00e9die","og_description":"La Fondation canadienne d'orthop\u00e9die vient en aide aux patients orthop\u00e9diques, aux professionnels de la sant\u00e9 en orthop\u00e9die, ainsi qu'aux personnes qui se pr\u00e9occupent de leur sant\u00e9 et des questions en mati\u00e8re de sant\u00e9 au sein de la collectivit\u00e9, et ce, \u00e0 l'\u00e9gard de la sant\u00e9 des os et des articulations actuelle et \u00e0 venir.","og_url":"https:\/\/movepainfree.org\/fr\/grants-and-research\/anica-bitenc-travelling-fellowship\/","og_site_name":"Fondation Canadienne d&#039;Orthop\u00e9die","article_modified_time":"2024-05-21T19:26:38+00:00","twitter_card":"summary_large_image","twitter_misc":{"Dur\u00e9e de lecture estim\u00e9e":"2 minutes"},"schema":{"@context":"https:\/\/schema.org","@graph":[{"@type":"WebPage","@id":"https:\/\/movepainfree.org\/fr\/grants-and-research\/anica-bitenc-travelling-fellowship\/","url":"https:\/\/movepainfree.org\/fr\/grants-and-research\/anica-bitenc-travelling-fellowship\/","name":"Bourse de voyage Anica Bitenc - Fondation Canadienne d&#039;Orthop\u00e9die","isPartOf":{"@id":"https:\/\/movepainfree.org\/fr\/#website"},"datePublished":"2015-01-23T14:37:17+00:00","dateModified":"2024-05-21T19:26:38+00:00","description":"La Fondation canadienne d'orthop\u00e9die vient en aide aux patients orthop\u00e9diques, aux professionnels de la sant\u00e9 en orthop\u00e9die, ainsi qu'aux personnes qui se pr\u00e9occupent de leur sant\u00e9 et des questions en mati\u00e8re de sant\u00e9 au sein de la collectivit\u00e9, et ce, \u00e0 l'\u00e9gard de la sant\u00e9 des os et des articulations actuelle et \u00e0 venir.","breadcrumb":{"@id":"https:\/\/movepainfree.org\/fr\/grants-and-research\/anica-bitenc-travelling-fellowship\/#breadcrumb"},"inLanguage":"fr-FR","potentialAction":[{"@type":"ReadAction","target":["https:\/\/movepainfree.org\/fr\/grants-and-research\/anica-bitenc-travelling-fellowship\/"]}]},{"@type":"BreadcrumbList","@id":"https:\/\/movepainfree.org\/fr\/grants-and-research\/anica-bitenc-travelling-fellowship\/#breadcrumb","itemListElement":[{"@type":"ListItem","position":1,"name":"Home","item":"https:\/\/movepainfree.org\/fr\/"},{"@type":"ListItem","position":2,"name":"Recherche","item":"https:\/\/movepainfree.org\/fr\/grants-and-research\/"},{"@type":"ListItem","position":3,"name":"Bourse de voyage Anica Bitenc"}]},{"@type":"WebSite","@id":"https:\/\/movepainfree.org\/fr\/#website","url":"https:\/\/movepainfree.org\/fr\/","name":"Fondation Canadienne d&#039;Orthop\u00e9die","description":"Fund-raising Activities Support Research, Education, Community Care","potentialAction":[{"@type":"SearchAction","target":{"@type":"EntryPoint","urlTemplate":"https:\/\/movepainfree.org\/fr\/?s={search_term_string}"},"query-input":{"@type":"PropertyValueSpecification","valueRequired":true,"valueName":"search_term_string"}}],"inLanguage":"fr-FR"}]}},"_links":{"self":[{"href":"https:\/\/movepainfree.org\/fr\/wp-json\/wp\/v2\/pages\/432","targetHints":{"allow":["GET"]}}],"collection":[{"href":"https:\/\/movepainfree.org\/fr\/wp-json\/wp\/v2\/pages"}],"about":[{"href":"https:\/\/movepainfree.org\/fr\/wp-json\/wp\/v2\/types\/page"}],"author":[{"embeddable":true,"href":"https:\/\/movepainfree.org\/fr\/wp-json\/wp\/v2\/users\/1"}],"replies":[{"embeddable":true,"href":"https:\/\/movepainfree.org\/fr\/wp-json\/wp\/v2\/comments?post=432"}],"version-history":[{"count":29,"href":"https:\/\/movepainfree.org\/fr\/wp-json\/wp\/v2\/pages\/432\/revisions"}],"predecessor-version":[{"id":4571,"href":"https:\/\/movepainfree.org\/fr\/wp-json\/wp\/v2\/pages\/432\/revisions\/4571"}],"up":[{"embeddable":true,"href":"https:\/\/movepainfree.org\/fr\/wp-json\/wp\/v2\/pages\/39"}],"wp:attachment":[{"href":"https:\/\/movepainfree.org\/fr\/wp-json\/wp\/v2\/media?parent=432"}],"curies":[{"name":"wp","href":"https:\/\/api.w.org\/{rel}","templated":true}]}}