{"id":43,"date":"2015-01-19T22:09:59","date_gmt":"2015-01-19T22:09:59","guid":{"rendered":"https:\/\/movepainfree.org\/fr\/?page_id=43"},"modified":"2015-06-08T22:50:35","modified_gmt":"2015-06-08T22:50:35","slug":"about-us","status":"publish","type":"page","link":"https:\/\/movepainfree.org\/fr\/about-us\/","title":{"rendered":"\u00c0 propos de nous"},"content":{"rendered":"<p><span id=\"lblContent\">Cr\u00e9\u00e9e en 1965, la Fondation Canadienne d&rsquo;Orthop\u00e9die est un organisme de bienfaisance national enregistr\u00e9\u00a0dont les activit\u00e9s sont assur\u00e9es par son personnel sp\u00e9cialis\u00e9 et un r\u00e9seau de plus de\u00a0300 b\u00e9n\u00e9voles. La Fondation est le seul organisme de bienfaisance canadien \u00e0 se consacrer exclusivement \u00e0 aider les gens \u00e0 maintenir et \u00e0 recouvrer la sant\u00e9 de leurs os et articulations, ou sant\u00e9 orthop\u00e9dique.<br \/>\n<\/span><\/p>\n<p><strong><span id=\"lblContent\">Assurez la mobilit\u00e9 des Canadiens<\/span>.<\/strong> <a title=\"Ways to Give \/ Get Involved\" href=\"https:\/\/movepainfree.org\/fr\/ways-to-give-get-involved\/\" target=\"_blank\"> Cliquez ici<\/a> <span id=\"lblContent\">pour savoir comment\u00a0votre don soutient la sant\u00e9\u00a0des os et des articulations \u00e0 toutes les \u00e9tapes de la vie.\u00a0 <\/span><\/p>\n<h2>A propos de l&rsquo;orthop\u00e9die<\/h2>\n<p>L&rsquo;orthop\u00e9die est une sp\u00e9cialit\u00e9 chirurgicale vou\u00e9e au traitement d&rsquo;une vaste gamme de blessures et de troubles li\u00e9s au squelette et aux muscles (appareil locomoteur) chez les enfants et les adultes.<\/p>\n<p>Vos os constituent la structure de votre squelette; ils prot\u00e8gent les organes internes, servent d&rsquo;ancrage aux muscles, ligaments, tendons et articulations qui permettent le mouvement, en plus de stocker du calcium et de produire les cellules sanguines.<\/p>\n<p>Pour avoir des os en sant\u00e9, il faut adopter un mode de vie sain. Mais, l&rsquo;activit\u00e9 physique peut aussi \u00eatre synonyme de blessures.<\/p>\n<p>La majorit\u00e9 des probl\u00e8mes associ\u00e9s \u00e0 l&rsquo;appareil locomoteur ne sont jamais soumis \u00e0 l&rsquo;orthop\u00e9diste. C&rsquo;est habituellement le m\u00e9decin de famille ou un physioth\u00e9rapeute qui g\u00e8re vos blessures et troubles. En fait, 60 % des gens ayant des probl\u00e8mes de nature orthop\u00e9dique ne sont trait\u00e9s que par leur omnipraticien<sup>1<\/sup>.<\/p>\n<p>La grande majorit\u00e9 des gens ne re\u00e7oivent toutefois aucun soin et esp\u00e8rent que les sympt\u00f4mes vont s&rsquo;estomper.<\/p>\n<p>En cas de blessure ou de trouble grave, comme :<\/p>\n<ul class=\"unIndentedList\">\n<li>la destruction articulaire caus\u00e9e par l&rsquo;arthrite et des fractures r\u00e9sultant de l&rsquo;ost\u00e9oporose;<\/li>\n<li>des traumatismes d\u00e9coulant de blessures sportives ou d&rsquo;accidents industriels ou automobiles;<\/li>\n<li>des d\u00e9formations de la colonne vert\u00e9brale (scoliose) et autres malformations squelettiques h\u00e9r\u00e9ditaires;<\/li>\n<li>des troubles neuromusculaires (p. ex. infirmit\u00e9s motrices c\u00e9r\u00e9brales, dystrophie musculaire, parapl\u00e9gie et quadripl\u00e9gie);<\/li>\n<li>des troubles osseux (comme la n\u00e9crose avasculaire),<\/li>\n<\/ul>\n<p>il est probable que votre m\u00e9decin de famille ou le m\u00e9decin des urgences vous r\u00e9f\u00e8re \u00e0 un orthop\u00e9diste.<\/p>\n<p>Il y a de nombreuses fa\u00e7ons d&rsquo;aborder un probl\u00e8me musculosquelettique. Renseignez-vous sur toutes les options qui s&rsquo;offrent \u00e0 vous \u00e0 part la chirurgie, car celle-ci constitue le traitement le plus invasif et compliqu\u00e9 du lot.<\/p>\n<p><sup>1<\/sup> Sundararajan, V., T.R. Konrad, J. Garrett et T. Carey. \u00ab\u00a0Patterns and determinants of multiple provider use in patients with acute low back pain\u00a0\u00bb, dans <em>Journal of General Internal Medicine<\/em>, n<sup>o<\/sup> 13 (1998), p. 528-533.<\/p>\n","protected":false},"excerpt":{"rendered":"Cr\u00e9\u00e9e en 1965, la Fondation Canadienne d&rsquo;Orthop\u00e9die est un organisme de bienfaisance national enregistr\u00e9\u00a0dont les activit\u00e9s sont assur\u00e9es par son personnel sp\u00e9cialis\u00e9 et un r\u00e9seau de plus de\u00a0300 b\u00e9n\u00e9voles. La&#8230; <a class=\"view-article\" href=\"https:\/\/movepainfree.org\/fr\/about-us\/\">View Article<\/a>","protected":false},"author":1,"featured_media":0,"parent":0,"menu_order":70,"comment_status":"closed","ping_status":"closed","template":"","meta":{"footnotes":""},"class_list":["post-43","page","type-page","status-publish","hentry"],"yoast_head":"<!-- This site is optimized with the Yoast SEO plugin v27.0 - https:\/\/yoast.com\/product\/yoast-seo-wordpress\/ -->\n<title>\u00c0 propos de nous - Fondation Canadienne d&#039;Orthop\u00e9die<\/title>\n<meta name=\"description\" content=\"La Fondation canadienne d&#039;orthop\u00e9die vient en aide aux patients orthop\u00e9diques, aux professionnels de la sant\u00e9 en orthop\u00e9die, ainsi qu&#039;aux personnes qui se pr\u00e9occupent de leur sant\u00e9 et des questions en mati\u00e8re de sant\u00e9 au sein de la collectivit\u00e9, et ce, \u00e0 l&#039;\u00e9gard de la sant\u00e9 des os et des articulations actuelle et \u00e0 venir.\" \/>\n<meta name=\"robots\" content=\"index, follow, max-snippet:-1, max-image-preview:large, max-video-preview:-1\" \/>\n<link rel=\"canonical\" href=\"https:\/\/movepainfree.org\/fr\/about-us\/\" \/>\n<meta property=\"og:locale\" content=\"fr_FR\" \/>\n<meta property=\"og:type\" content=\"article\" \/>\n<meta property=\"og:title\" content=\"\u00c0 propos de nous - Fondation Canadienne d&#039;Orthop\u00e9die\" \/>\n<meta property=\"og:description\" content=\"La Fondation canadienne d&#039;orthop\u00e9die vient en aide aux patients orthop\u00e9diques, aux professionnels de la sant\u00e9 en orthop\u00e9die, ainsi qu&#039;aux personnes qui se pr\u00e9occupent de leur sant\u00e9 et des questions en mati\u00e8re de sant\u00e9 au sein de la collectivit\u00e9, et ce, \u00e0 l&#039;\u00e9gard de la sant\u00e9 des os et des articulations actuelle et \u00e0 venir.\" \/>\n<meta property=\"og:url\" content=\"https:\/\/movepainfree.org\/fr\/about-us\/\" \/>\n<meta property=\"og:site_name\" content=\"Fondation Canadienne d&#039;Orthop\u00e9die\" \/>\n<meta property=\"article:modified_time\" content=\"2015-06-08T22:50:35+00:00\" \/>\n<meta name=\"twitter:card\" content=\"summary_large_image\" \/>\n<meta name=\"twitter:label1\" content=\"Dur\u00e9e de lecture estim\u00e9e\" \/>\n\t<meta name=\"twitter:data1\" content=\"2 minutes\" \/>\n<script type=\"application\/ld+json\" class=\"yoast-schema-graph\">{\"@context\":\"https:\/\/schema.org\",\"@graph\":[{\"@type\":\"WebPage\",\"@id\":\"https:\/\/movepainfree.org\/fr\/about-us\/\",\"url\":\"https:\/\/movepainfree.org\/fr\/about-us\/\",\"name\":\"\u00c0 propos de nous - Fondation Canadienne d&#039;Orthop\u00e9die\",\"isPartOf\":{\"@id\":\"https:\/\/movepainfree.org\/fr\/#website\"},\"datePublished\":\"2015-01-19T22:09:59+00:00\",\"dateModified\":\"2015-06-08T22:50:35+00:00\",\"description\":\"La Fondation canadienne d'orthop\u00e9die vient en aide aux patients orthop\u00e9diques, aux professionnels de la sant\u00e9 en orthop\u00e9die, ainsi qu'aux personnes qui se pr\u00e9occupent de leur sant\u00e9 et des questions en mati\u00e8re de sant\u00e9 au sein de la collectivit\u00e9, et ce, \u00e0 l'\u00e9gard de la sant\u00e9 des os et des articulations actuelle et \u00e0 venir.\",\"breadcrumb\":{\"@id\":\"https:\/\/movepainfree.org\/fr\/about-us\/#breadcrumb\"},\"inLanguage\":\"fr-FR\",\"potentialAction\":[{\"@type\":\"ReadAction\",\"target\":[\"https:\/\/movepainfree.org\/fr\/about-us\/\"]}]},{\"@type\":\"BreadcrumbList\",\"@id\":\"https:\/\/movepainfree.org\/fr\/about-us\/#breadcrumb\",\"itemListElement\":[{\"@type\":\"ListItem\",\"position\":1,\"name\":\"Home\",\"item\":\"https:\/\/movepainfree.org\/fr\/\"},{\"@type\":\"ListItem\",\"position\":2,\"name\":\"\u00c0 propos de nous\"}]},{\"@type\":\"WebSite\",\"@id\":\"https:\/\/movepainfree.org\/fr\/#website\",\"url\":\"https:\/\/movepainfree.org\/fr\/\",\"name\":\"Fondation Canadienne d&#039;Orthop\u00e9die\",\"description\":\"Fund-raising Activities Support Research, Education, Community Care\",\"potentialAction\":[{\"@type\":\"SearchAction\",\"target\":{\"@type\":\"EntryPoint\",\"urlTemplate\":\"https:\/\/movepainfree.org\/fr\/?s={search_term_string}\"},\"query-input\":{\"@type\":\"PropertyValueSpecification\",\"valueRequired\":true,\"valueName\":\"search_term_string\"}}],\"inLanguage\":\"fr-FR\"}]}<\/script>\n<!-- \/ Yoast SEO plugin. -->","yoast_head_json":{"title":"\u00c0 propos de nous - Fondation Canadienne d&#039;Orthop\u00e9die","description":"La Fondation canadienne d'orthop\u00e9die vient en aide aux patients orthop\u00e9diques, aux professionnels de la sant\u00e9 en orthop\u00e9die, ainsi qu'aux personnes qui se pr\u00e9occupent de leur sant\u00e9 et des questions en mati\u00e8re de sant\u00e9 au sein de la collectivit\u00e9, et ce, \u00e0 l'\u00e9gard de la sant\u00e9 des os et des articulations actuelle et \u00e0 venir.","robots":{"index":"index","follow":"follow","max-snippet":"max-snippet:-1","max-image-preview":"max-image-preview:large","max-video-preview":"max-video-preview:-1"},"canonical":"https:\/\/movepainfree.org\/fr\/about-us\/","og_locale":"fr_FR","og_type":"article","og_title":"\u00c0 propos de nous - Fondation Canadienne d&#039;Orthop\u00e9die","og_description":"La Fondation canadienne d'orthop\u00e9die vient en aide aux patients orthop\u00e9diques, aux professionnels de la sant\u00e9 en orthop\u00e9die, ainsi qu'aux personnes qui se pr\u00e9occupent de leur sant\u00e9 et des questions en mati\u00e8re de sant\u00e9 au sein de la collectivit\u00e9, et ce, \u00e0 l'\u00e9gard de la sant\u00e9 des os et des articulations actuelle et \u00e0 venir.","og_url":"https:\/\/movepainfree.org\/fr\/about-us\/","og_site_name":"Fondation Canadienne d&#039;Orthop\u00e9die","article_modified_time":"2015-06-08T22:50:35+00:00","twitter_card":"summary_large_image","twitter_misc":{"Dur\u00e9e de lecture estim\u00e9e":"2 minutes"},"schema":{"@context":"https:\/\/schema.org","@graph":[{"@type":"WebPage","@id":"https:\/\/movepainfree.org\/fr\/about-us\/","url":"https:\/\/movepainfree.org\/fr\/about-us\/","name":"\u00c0 propos de nous - Fondation Canadienne d&#039;Orthop\u00e9die","isPartOf":{"@id":"https:\/\/movepainfree.org\/fr\/#website"},"datePublished":"2015-01-19T22:09:59+00:00","dateModified":"2015-06-08T22:50:35+00:00","description":"La Fondation canadienne d'orthop\u00e9die vient en aide aux patients orthop\u00e9diques, aux professionnels de la sant\u00e9 en orthop\u00e9die, ainsi qu'aux personnes qui se pr\u00e9occupent de leur sant\u00e9 et des questions en mati\u00e8re de sant\u00e9 au sein de la collectivit\u00e9, et ce, \u00e0 l'\u00e9gard de la sant\u00e9 des os et des articulations actuelle et \u00e0 venir.","breadcrumb":{"@id":"https:\/\/movepainfree.org\/fr\/about-us\/#breadcrumb"},"inLanguage":"fr-FR","potentialAction":[{"@type":"ReadAction","target":["https:\/\/movepainfree.org\/fr\/about-us\/"]}]},{"@type":"BreadcrumbList","@id":"https:\/\/movepainfree.org\/fr\/about-us\/#breadcrumb","itemListElement":[{"@type":"ListItem","position":1,"name":"Home","item":"https:\/\/movepainfree.org\/fr\/"},{"@type":"ListItem","position":2,"name":"\u00c0 propos de nous"}]},{"@type":"WebSite","@id":"https:\/\/movepainfree.org\/fr\/#website","url":"https:\/\/movepainfree.org\/fr\/","name":"Fondation Canadienne d&#039;Orthop\u00e9die","description":"Fund-raising Activities Support Research, Education, Community Care","potentialAction":[{"@type":"SearchAction","target":{"@type":"EntryPoint","urlTemplate":"https:\/\/movepainfree.org\/fr\/?s={search_term_string}"},"query-input":{"@type":"PropertyValueSpecification","valueRequired":true,"valueName":"search_term_string"}}],"inLanguage":"fr-FR"}]}},"_links":{"self":[{"href":"https:\/\/movepainfree.org\/fr\/wp-json\/wp\/v2\/pages\/43","targetHints":{"allow":["GET"]}}],"collection":[{"href":"https:\/\/movepainfree.org\/fr\/wp-json\/wp\/v2\/pages"}],"about":[{"href":"https:\/\/movepainfree.org\/fr\/wp-json\/wp\/v2\/types\/page"}],"author":[{"embeddable":true,"href":"https:\/\/movepainfree.org\/fr\/wp-json\/wp\/v2\/users\/1"}],"replies":[{"embeddable":true,"href":"https:\/\/movepainfree.org\/fr\/wp-json\/wp\/v2\/comments?post=43"}],"version-history":[{"count":8,"href":"https:\/\/movepainfree.org\/fr\/wp-json\/wp\/v2\/pages\/43\/revisions"}],"predecessor-version":[{"id":1506,"href":"https:\/\/movepainfree.org\/fr\/wp-json\/wp\/v2\/pages\/43\/revisions\/1506"}],"wp:attachment":[{"href":"https:\/\/movepainfree.org\/fr\/wp-json\/wp\/v2\/media?parent=43"}],"curies":[{"name":"wp","href":"https:\/\/api.w.org\/{rel}","templated":true}]}}