{"id":427,"date":"2015-01-23T14:30:59","date_gmt":"2015-01-23T14:30:59","guid":{"rendered":"https:\/\/movepainfree.org\/fr\/?page_id=427"},"modified":"2024-09-17T13:27:16","modified_gmt":"2024-09-17T13:27:16","slug":"bones-and-phones-scholarship","status":"publish","type":"page","link":"https:\/\/movepainfree.org\/fr\/grants-and-research\/bones-and-phones-scholarship\/","title":{"rendered":"Fonds de bourses d&rsquo;\u00e9tudes Bones and Phones"},"content":{"rendered":"<p>Le Fonds de bourses d&rsquo;\u00e9tudes Bones and Phones vise \u00e0 reconna\u00eetre des r\u00e9sidents en orthop\u00e9die dont la contribution et l&rsquo;engagement exceptionnels pendant leur r\u00e9sidence ont permis d&rsquo;am\u00e9liorer la sant\u00e9 de l&rsquo;appareil locomoteur dans leur collectivit\u00e9 ou ailleurs. La contribution et l&rsquo;engagement peuvent prendre diverses formes, soit des activit\u00e9s b\u00e9n\u00e9voles, de sensibilisation ou sp\u00e9ciales, et doivent d\u00e9passer les attentes habituelles envers les r\u00e9sidents.<\/p>\n<p>Chaque ann\u00e9e, 1 000 $ seront remis \u00e0 un r\u00e9sident* en orthop\u00e9die membre de l&rsquo;Association Canadienne d&rsquo;Orthop\u00e9die effectuant son avant-derni\u00e8re ann\u00e9e de formation clinique et respectant tous les crit\u00e8res \u00e9tablis dans les directives et le formulaire de demande.<\/p>\n<p>Cr\u00e9\u00e9 par la Dre Veronica Wadey et M. Henry Chow, le Fonds rend hommage au r\u00f4le central des orthop\u00e9distes dans la vie des gens. Il souligne en effet la contribution exceptionnelle de r\u00e9sidents en c\u00e9l\u00e9brant leur esprit communautaire ou leur don de soi et reconna\u00eet des personnes dont la<br \/>\npassion pour l&rsquo;orthop\u00e9die est manifeste et qui appuient des initiatives qui<br \/>\nvont bien au-del\u00e0 des t\u00e2ches assign\u00e9es.<\/p>\n<p>Pour de plus amples renseignements:<\/p>\n<p>Bourses d&rsquo;\u00e9tudes Bones and Phones &#8211; <a href=\"https:\/\/movepainfree.org\/fr\/wp-content\/uploads\/sites\/3\/2025-Guidelines-Application-Form-Bones-and-Phones-FR.docx\" target=\"_blank\" rel=\"noopener noreferrer\">Directives et formulaire de demande<\/a><\/p>\n<p>Bourses d&rsquo;\u00e9tudes Bones and Phones &#8211;\u00a0<a href=\"https:\/\/movepainfree.org\/fr\/wp-content\/uploads\/sites\/3\/Letter-of-Nomination-Bones-and-Phones-FR.doc\" target=\"_blank\" rel=\"noopener noreferrer\">Lettre de mise en candidature<\/a><\/p>\n<p>Consultez la liste des <a href=\"https:\/\/movepainfree.org\/fr\/grants-and-research\/previous-grant-and-award-recipients\/\" target=\"_blank\" rel=\"noopener\">laur\u00e9ats<\/a> du prix de recherche et bourses d\u2019\u00e9tudes.<\/p>\n<h2><\/h2>\n","protected":false},"excerpt":{"rendered":"Le Fonds de bourses d&rsquo;\u00e9tudes Bones and Phones vise \u00e0 reconna\u00eetre des r\u00e9sidents en orthop\u00e9die dont la contribution et l&rsquo;engagement exceptionnels pendant leur r\u00e9sidence ont permis d&rsquo;am\u00e9liorer la sant\u00e9 de&#8230; <a class=\"view-article\" href=\"https:\/\/movepainfree.org\/fr\/grants-and-research\/bones-and-phones-scholarship\/\">View Article<\/a>","protected":false},"author":1,"featured_media":0,"parent":39,"menu_order":15,"comment_status":"closed","ping_status":"closed","template":"","meta":{"footnotes":""},"class_list":["post-427","page","type-page","status-publish","hentry"],"yoast_head":"<!-- This site is optimized with the Yoast SEO plugin v27.0 - https:\/\/yoast.com\/product\/yoast-seo-wordpress\/ -->\n<title>Fonds de bourses d&#039;\u00e9tudes Bones and Phones - Fondation Canadienne d&#039;Orthop\u00e9die<\/title>\n<meta name=\"description\" content=\"La Fondation canadienne d&#039;orthop\u00e9die vient en aide aux patients orthop\u00e9diques, aux professionnels de la sant\u00e9 en orthop\u00e9die, ainsi qu&#039;aux personnes qui se pr\u00e9occupent de leur sant\u00e9 et des questions en mati\u00e8re de sant\u00e9 au sein de la collectivit\u00e9, et ce, \u00e0 l&#039;\u00e9gard de la sant\u00e9 des os et des articulations actuelle et \u00e0 venir.\" \/>\n<meta name=\"robots\" content=\"index, follow, max-snippet:-1, max-image-preview:large, max-video-preview:-1\" \/>\n<link rel=\"canonical\" href=\"https:\/\/movepainfree.org\/fr\/grants-and-research\/bones-and-phones-scholarship\/\" \/>\n<meta property=\"og:locale\" content=\"fr_FR\" \/>\n<meta property=\"og:type\" content=\"article\" \/>\n<meta property=\"og:title\" content=\"Fonds de bourses d&#039;\u00e9tudes Bones and Phones - Fondation Canadienne d&#039;Orthop\u00e9die\" \/>\n<meta property=\"og:description\" content=\"La Fondation canadienne d&#039;orthop\u00e9die vient en aide aux patients orthop\u00e9diques, aux professionnels de la sant\u00e9 en orthop\u00e9die, ainsi qu&#039;aux personnes qui se pr\u00e9occupent de leur sant\u00e9 et des questions en mati\u00e8re de sant\u00e9 au sein de la collectivit\u00e9, et ce, \u00e0 l&#039;\u00e9gard de la sant\u00e9 des os et des articulations actuelle et \u00e0 venir.\" \/>\n<meta property=\"og:url\" content=\"https:\/\/movepainfree.org\/fr\/grants-and-research\/bones-and-phones-scholarship\/\" \/>\n<meta property=\"og:site_name\" content=\"Fondation Canadienne d&#039;Orthop\u00e9die\" \/>\n<meta property=\"article:modified_time\" content=\"2024-09-17T13:27:16+00:00\" \/>\n<meta name=\"twitter:card\" content=\"summary_large_image\" \/>\n<meta name=\"twitter:label1\" content=\"Dur\u00e9e de lecture estim\u00e9e\" \/>\n\t<meta name=\"twitter:data1\" content=\"2 minutes\" \/>\n<script type=\"application\/ld+json\" class=\"yoast-schema-graph\">{\"@context\":\"https:\/\/schema.org\",\"@graph\":[{\"@type\":\"WebPage\",\"@id\":\"https:\/\/movepainfree.org\/fr\/grants-and-research\/bones-and-phones-scholarship\/\",\"url\":\"https:\/\/movepainfree.org\/fr\/grants-and-research\/bones-and-phones-scholarship\/\",\"name\":\"Fonds de bourses d'\u00e9tudes Bones and Phones - Fondation Canadienne d&#039;Orthop\u00e9die\",\"isPartOf\":{\"@id\":\"https:\/\/movepainfree.org\/fr\/#website\"},\"datePublished\":\"2015-01-23T14:30:59+00:00\",\"dateModified\":\"2024-09-17T13:27:16+00:00\",\"description\":\"La Fondation canadienne d'orthop\u00e9die vient en aide aux patients orthop\u00e9diques, aux professionnels de la sant\u00e9 en orthop\u00e9die, ainsi qu'aux personnes qui se pr\u00e9occupent de leur sant\u00e9 et des questions en mati\u00e8re de sant\u00e9 au sein de la collectivit\u00e9, et ce, \u00e0 l'\u00e9gard de la sant\u00e9 des os et des articulations actuelle et \u00e0 venir.\",\"breadcrumb\":{\"@id\":\"https:\/\/movepainfree.org\/fr\/grants-and-research\/bones-and-phones-scholarship\/#breadcrumb\"},\"inLanguage\":\"fr-FR\",\"potentialAction\":[{\"@type\":\"ReadAction\",\"target\":[\"https:\/\/movepainfree.org\/fr\/grants-and-research\/bones-and-phones-scholarship\/\"]}]},{\"@type\":\"BreadcrumbList\",\"@id\":\"https:\/\/movepainfree.org\/fr\/grants-and-research\/bones-and-phones-scholarship\/#breadcrumb\",\"itemListElement\":[{\"@type\":\"ListItem\",\"position\":1,\"name\":\"Home\",\"item\":\"https:\/\/movepainfree.org\/fr\/\"},{\"@type\":\"ListItem\",\"position\":2,\"name\":\"Recherche\",\"item\":\"https:\/\/movepainfree.org\/fr\/grants-and-research\/\"},{\"@type\":\"ListItem\",\"position\":3,\"name\":\"Fonds de bourses d&rsquo;\u00e9tudes Bones and Phones\"}]},{\"@type\":\"WebSite\",\"@id\":\"https:\/\/movepainfree.org\/fr\/#website\",\"url\":\"https:\/\/movepainfree.org\/fr\/\",\"name\":\"Fondation Canadienne d&#039;Orthop\u00e9die\",\"description\":\"Fund-raising Activities Support Research, Education, Community Care\",\"potentialAction\":[{\"@type\":\"SearchAction\",\"target\":{\"@type\":\"EntryPoint\",\"urlTemplate\":\"https:\/\/movepainfree.org\/fr\/?s={search_term_string}\"},\"query-input\":{\"@type\":\"PropertyValueSpecification\",\"valueRequired\":true,\"valueName\":\"search_term_string\"}}],\"inLanguage\":\"fr-FR\"}]}<\/script>\n<!-- \/ Yoast SEO plugin. -->","yoast_head_json":{"title":"Fonds de bourses d'\u00e9tudes Bones and Phones - Fondation Canadienne d&#039;Orthop\u00e9die","description":"La Fondation canadienne d'orthop\u00e9die vient en aide aux patients orthop\u00e9diques, aux professionnels de la sant\u00e9 en orthop\u00e9die, ainsi qu'aux personnes qui se pr\u00e9occupent de leur sant\u00e9 et des questions en mati\u00e8re de sant\u00e9 au sein de la collectivit\u00e9, et ce, \u00e0 l'\u00e9gard de la sant\u00e9 des os et des articulations actuelle et \u00e0 venir.","robots":{"index":"index","follow":"follow","max-snippet":"max-snippet:-1","max-image-preview":"max-image-preview:large","max-video-preview":"max-video-preview:-1"},"canonical":"https:\/\/movepainfree.org\/fr\/grants-and-research\/bones-and-phones-scholarship\/","og_locale":"fr_FR","og_type":"article","og_title":"Fonds de bourses d'\u00e9tudes Bones and Phones - Fondation Canadienne d&#039;Orthop\u00e9die","og_description":"La Fondation canadienne d'orthop\u00e9die vient en aide aux patients orthop\u00e9diques, aux professionnels de la sant\u00e9 en orthop\u00e9die, ainsi qu'aux personnes qui se pr\u00e9occupent de leur sant\u00e9 et des questions en mati\u00e8re de sant\u00e9 au sein de la collectivit\u00e9, et ce, \u00e0 l'\u00e9gard de la sant\u00e9 des os et des articulations actuelle et \u00e0 venir.","og_url":"https:\/\/movepainfree.org\/fr\/grants-and-research\/bones-and-phones-scholarship\/","og_site_name":"Fondation Canadienne d&#039;Orthop\u00e9die","article_modified_time":"2024-09-17T13:27:16+00:00","twitter_card":"summary_large_image","twitter_misc":{"Dur\u00e9e de lecture estim\u00e9e":"2 minutes"},"schema":{"@context":"https:\/\/schema.org","@graph":[{"@type":"WebPage","@id":"https:\/\/movepainfree.org\/fr\/grants-and-research\/bones-and-phones-scholarship\/","url":"https:\/\/movepainfree.org\/fr\/grants-and-research\/bones-and-phones-scholarship\/","name":"Fonds de bourses d'\u00e9tudes Bones and Phones - Fondation Canadienne d&#039;Orthop\u00e9die","isPartOf":{"@id":"https:\/\/movepainfree.org\/fr\/#website"},"datePublished":"2015-01-23T14:30:59+00:00","dateModified":"2024-09-17T13:27:16+00:00","description":"La Fondation canadienne d'orthop\u00e9die vient en aide aux patients orthop\u00e9diques, aux professionnels de la sant\u00e9 en orthop\u00e9die, ainsi qu'aux personnes qui se pr\u00e9occupent de leur sant\u00e9 et des questions en mati\u00e8re de sant\u00e9 au sein de la collectivit\u00e9, et ce, \u00e0 l'\u00e9gard de la sant\u00e9 des os et des articulations actuelle et \u00e0 venir.","breadcrumb":{"@id":"https:\/\/movepainfree.org\/fr\/grants-and-research\/bones-and-phones-scholarship\/#breadcrumb"},"inLanguage":"fr-FR","potentialAction":[{"@type":"ReadAction","target":["https:\/\/movepainfree.org\/fr\/grants-and-research\/bones-and-phones-scholarship\/"]}]},{"@type":"BreadcrumbList","@id":"https:\/\/movepainfree.org\/fr\/grants-and-research\/bones-and-phones-scholarship\/#breadcrumb","itemListElement":[{"@type":"ListItem","position":1,"name":"Home","item":"https:\/\/movepainfree.org\/fr\/"},{"@type":"ListItem","position":2,"name":"Recherche","item":"https:\/\/movepainfree.org\/fr\/grants-and-research\/"},{"@type":"ListItem","position":3,"name":"Fonds de bourses d&rsquo;\u00e9tudes Bones and Phones"}]},{"@type":"WebSite","@id":"https:\/\/movepainfree.org\/fr\/#website","url":"https:\/\/movepainfree.org\/fr\/","name":"Fondation Canadienne d&#039;Orthop\u00e9die","description":"Fund-raising Activities Support Research, Education, Community Care","potentialAction":[{"@type":"SearchAction","target":{"@type":"EntryPoint","urlTemplate":"https:\/\/movepainfree.org\/fr\/?s={search_term_string}"},"query-input":{"@type":"PropertyValueSpecification","valueRequired":true,"valueName":"search_term_string"}}],"inLanguage":"fr-FR"}]}},"_links":{"self":[{"href":"https:\/\/movepainfree.org\/fr\/wp-json\/wp\/v2\/pages\/427","targetHints":{"allow":["GET"]}}],"collection":[{"href":"https:\/\/movepainfree.org\/fr\/wp-json\/wp\/v2\/pages"}],"about":[{"href":"https:\/\/movepainfree.org\/fr\/wp-json\/wp\/v2\/types\/page"}],"author":[{"embeddable":true,"href":"https:\/\/movepainfree.org\/fr\/wp-json\/wp\/v2\/users\/1"}],"replies":[{"embeddable":true,"href":"https:\/\/movepainfree.org\/fr\/wp-json\/wp\/v2\/comments?post=427"}],"version-history":[{"count":21,"href":"https:\/\/movepainfree.org\/fr\/wp-json\/wp\/v2\/pages\/427\/revisions"}],"predecessor-version":[{"id":4629,"href":"https:\/\/movepainfree.org\/fr\/wp-json\/wp\/v2\/pages\/427\/revisions\/4629"}],"up":[{"embeddable":true,"href":"https:\/\/movepainfree.org\/fr\/wp-json\/wp\/v2\/pages\/39"}],"wp:attachment":[{"href":"https:\/\/movepainfree.org\/fr\/wp-json\/wp\/v2\/media?parent=427"}],"curies":[{"name":"wp","href":"https:\/\/api.w.org\/{rel}","templated":true}]}}