{"id":4114,"date":"2023-03-13T18:37:21","date_gmt":"2023-03-13T18:37:21","guid":{"rendered":"https:\/\/movepainfree.org\/fr\/?page_id=4114"},"modified":"2023-12-07T17:45:13","modified_gmt":"2023-12-07T17:45:13","slug":"liaisonortho","status":"publish","type":"page","link":"https:\/\/movepainfree.org\/fr\/liaisonortho\/","title":{"rendered":"LIAISONORTHO"},"content":{"rendered":"\n<h2 class=\"wp-block-heading\">Un balado informatif et inspirant\u2026<\/h2>\n\n\n\n<p><em>LIAISONORTHO<\/em> est une s\u00e9rie de balados pr\u00e9sentant le travail de la Fondation Canadienne d\u2019Orthop\u00e9die gr\u00e2ce aux histoires de patients, de partenaires et de professionnels. Pour recevoir des mises \u00e0 jour sur <strong><em>LIAISONORTHO<\/em><\/strong> ainsi que de l\u2019information sur les activit\u00e9s et programmes \u00e0 l\u2019appui de notre mission, <a href=\"https:\/\/movepainfree.org\/fr\/contact\/sign-up\/\">cliquez&nbsp;ici<\/a>.<\/p>\n\n\n\n<p><strong><a href=\"https:\/\/www.youtube.com\/watch?v=ns-rwKyDW6k]\">Est-ce que \u00e7a fonctionnera?<\/a><\/strong> Dans cet \u00e9pisode, nous nous entretenons avec M.\u00a0Luke\u00a0Windisch, vice-pr\u00e9sident et directeur g\u00e9n\u00e9ral, Zimmer\u00a0Biomet Canada. Nous discutons de la position qu\u2019occupe la recherche canadienne dans le monde et des domaines de recherche qui viendront r\u00e9volutionner les soins de l\u2019appareil locomoteur. (En anglais seulement)<br><strong> <a class=\"button\" href=\"https:\/\/www.youtube.com\/watch?v=ns-rwKyDW6k]\" target=\"_blank\" rel=\"noreferrer noopener\">Entretien avec Luke<\/a><\/strong><\/p>\n\n\n\n<p><strong><a href=\"https:\/\/www.youtube.com\/watch?v=w-39uGcyLV8]\" target=\"_blank\" rel=\"noreferrer noopener\">Le voyageur\u00a0<\/a>: <\/strong>Le D<sup>r<\/sup>\u00a0Damjan\u00a0Dimnjakovic est un orthop\u00e9diste traumatologue de Croatie qui est venu au Canada pour la premi\u00e8re fois gr\u00e2ce \u00e0 la Bourse de voyage Anica\u00a0Bitenc, \u00e0 titre d\u2019invit\u00e9 de l\u2019Association Canadienne d\u2019Orthop\u00e9die et de la Fondation Canadienne d\u2019Orthop\u00e9die. Il nous fait part de ses impressions personnelles et professionnelles par rapport \u00e0 cette exp\u00e9rience qui a chang\u00e9 sa vie. <a>\u00a0<\/a>(En\u00a0anglais seulement). \u00a0<br><a class=\"button\" href=\"https:\/\/www.youtube.com\/watch?v=w-39uGcyLV8]\" target=\"_blank\" rel=\"noopener noreferrer\">Entretien avec le Dr Dimnjakovic<\/a>        \u00a0<a class=\"button\" href=\"https:\/\/movepainfree.org\/ortholink-the-traveler-photo-gallery\/\" target=\"_blank\" rel=\"noopener noreferrer\">Galeries de photos<\/a><\/p>\n\n\n\n<p><strong><a href=\"https:\/\/movepainfree.org\/fr\/liaisonortho-histoire-de-laura\/\" target=\"_blank\" rel=\"noreferrer noopener\">Histoire de Laura<\/a>\u00a0:<\/strong> Laura\u00a0Beauparlant d\u00e9crit la fa\u00e7on dont un conducteur en \u00e9tat d\u2019\u00e9bri\u00e9t\u00e9 a chang\u00e9 sa vie en quelques secondes. Elle raconte, dans ses mots, les difficult\u00e9s qu\u2019elle a \u00e9prouv\u00e9es, ses \u00e9checs et ses victoires. (En\u00a0anglais seulement)<br><strong> <a class=\"button\" href=\"https:\/\/movepainfree.org\/fr\/liaisonortho-histoire-de-laura\/\" target=\"_blank\" rel=\"noreferrer noopener\">Histoire de Laura<\/a><\/strong><\/p>\n","protected":false},"excerpt":{"rendered":"Un balado informatif et inspirant\u2026 LIAISONORTHO est une s\u00e9rie de balados pr\u00e9sentant le travail de la Fondation Canadienne d\u2019Orthop\u00e9die gr\u00e2ce aux histoires de patients, de partenaires et de professionnels. Pour&#8230; <a class=\"view-article\" href=\"https:\/\/movepainfree.org\/fr\/liaisonortho\/\">View Article<\/a>","protected":false},"author":2,"featured_media":0,"parent":0,"menu_order":0,"comment_status":"closed","ping_status":"closed","template":"","meta":{"footnotes":""},"class_list":["post-4114","page","type-page","status-publish","hentry"],"yoast_head":"<!-- This site is optimized with the Yoast SEO plugin v27.0 - https:\/\/yoast.com\/product\/yoast-seo-wordpress\/ -->\n<title>LIAISONORTHO - Fondation Canadienne d&#039;Orthop\u00e9die<\/title>\n<meta name=\"description\" content=\"La Fondation canadienne d&#039;orthop\u00e9die vient en aide aux patients orthop\u00e9diques, aux professionnels de la sant\u00e9 en orthop\u00e9die, ainsi qu&#039;aux personnes qui se pr\u00e9occupent de leur sant\u00e9 et des questions en mati\u00e8re de sant\u00e9 au sein de la collectivit\u00e9, et ce, \u00e0 l&#039;\u00e9gard de la sant\u00e9 des os et des articulations actuelle et \u00e0 venir.\" \/>\n<meta name=\"robots\" content=\"index, follow, max-snippet:-1, max-image-preview:large, max-video-preview:-1\" \/>\n<link rel=\"canonical\" href=\"https:\/\/movepainfree.org\/fr\/liaisonortho\/\" \/>\n<meta property=\"og:locale\" content=\"fr_FR\" \/>\n<meta property=\"og:type\" content=\"article\" \/>\n<meta property=\"og:title\" content=\"LIAISONORTHO - Fondation Canadienne d&#039;Orthop\u00e9die\" \/>\n<meta property=\"og:description\" content=\"La Fondation canadienne d&#039;orthop\u00e9die vient en aide aux patients orthop\u00e9diques, aux professionnels de la sant\u00e9 en orthop\u00e9die, ainsi qu&#039;aux personnes qui se pr\u00e9occupent de leur sant\u00e9 et des questions en mati\u00e8re de sant\u00e9 au sein de la collectivit\u00e9, et ce, \u00e0 l&#039;\u00e9gard de la sant\u00e9 des os et des articulations actuelle et \u00e0 venir.\" \/>\n<meta property=\"og:url\" content=\"https:\/\/movepainfree.org\/fr\/liaisonortho\/\" \/>\n<meta property=\"og:site_name\" content=\"Fondation Canadienne d&#039;Orthop\u00e9die\" \/>\n<meta property=\"article:modified_time\" content=\"2023-12-07T17:45:13+00:00\" \/>\n<meta name=\"twitter:card\" content=\"summary_large_image\" \/>\n<meta name=\"twitter:label1\" content=\"Dur\u00e9e de lecture estim\u00e9e\" \/>\n\t<meta name=\"twitter:data1\" content=\"2 minutes\" \/>\n<script type=\"application\/ld+json\" class=\"yoast-schema-graph\">{\"@context\":\"https:\/\/schema.org\",\"@graph\":[{\"@type\":\"WebPage\",\"@id\":\"https:\/\/movepainfree.org\/fr\/liaisonortho\/\",\"url\":\"https:\/\/movepainfree.org\/fr\/liaisonortho\/\",\"name\":\"LIAISONORTHO - Fondation Canadienne d&#039;Orthop\u00e9die\",\"isPartOf\":{\"@id\":\"https:\/\/movepainfree.org\/fr\/#website\"},\"datePublished\":\"2023-03-13T18:37:21+00:00\",\"dateModified\":\"2023-12-07T17:45:13+00:00\",\"description\":\"La Fondation canadienne d'orthop\u00e9die vient en aide aux patients orthop\u00e9diques, aux professionnels de la sant\u00e9 en orthop\u00e9die, ainsi qu'aux personnes qui se pr\u00e9occupent de leur sant\u00e9 et des questions en mati\u00e8re de sant\u00e9 au sein de la collectivit\u00e9, et ce, \u00e0 l'\u00e9gard de la sant\u00e9 des os et des articulations actuelle et \u00e0 venir.\",\"breadcrumb\":{\"@id\":\"https:\/\/movepainfree.org\/fr\/liaisonortho\/#breadcrumb\"},\"inLanguage\":\"fr-FR\",\"potentialAction\":[{\"@type\":\"ReadAction\",\"target\":[\"https:\/\/movepainfree.org\/fr\/liaisonortho\/\"]}]},{\"@type\":\"BreadcrumbList\",\"@id\":\"https:\/\/movepainfree.org\/fr\/liaisonortho\/#breadcrumb\",\"itemListElement\":[{\"@type\":\"ListItem\",\"position\":1,\"name\":\"Home\",\"item\":\"https:\/\/movepainfree.org\/fr\/\"},{\"@type\":\"ListItem\",\"position\":2,\"name\":\"LIAISONORTHO\"}]},{\"@type\":\"WebSite\",\"@id\":\"https:\/\/movepainfree.org\/fr\/#website\",\"url\":\"https:\/\/movepainfree.org\/fr\/\",\"name\":\"Fondation Canadienne d&#039;Orthop\u00e9die\",\"description\":\"Fund-raising Activities Support Research, Education, Community Care\",\"potentialAction\":[{\"@type\":\"SearchAction\",\"target\":{\"@type\":\"EntryPoint\",\"urlTemplate\":\"https:\/\/movepainfree.org\/fr\/?s={search_term_string}\"},\"query-input\":{\"@type\":\"PropertyValueSpecification\",\"valueRequired\":true,\"valueName\":\"search_term_string\"}}],\"inLanguage\":\"fr-FR\"}]}<\/script>\n<!-- \/ Yoast SEO plugin. -->","yoast_head_json":{"title":"LIAISONORTHO - Fondation Canadienne d&#039;Orthop\u00e9die","description":"La Fondation canadienne d'orthop\u00e9die vient en aide aux patients orthop\u00e9diques, aux professionnels de la sant\u00e9 en orthop\u00e9die, ainsi qu'aux personnes qui se pr\u00e9occupent de leur sant\u00e9 et des questions en mati\u00e8re de sant\u00e9 au sein de la collectivit\u00e9, et ce, \u00e0 l'\u00e9gard de la sant\u00e9 des os et des articulations actuelle et \u00e0 venir.","robots":{"index":"index","follow":"follow","max-snippet":"max-snippet:-1","max-image-preview":"max-image-preview:large","max-video-preview":"max-video-preview:-1"},"canonical":"https:\/\/movepainfree.org\/fr\/liaisonortho\/","og_locale":"fr_FR","og_type":"article","og_title":"LIAISONORTHO - Fondation Canadienne d&#039;Orthop\u00e9die","og_description":"La Fondation canadienne d'orthop\u00e9die vient en aide aux patients orthop\u00e9diques, aux professionnels de la sant\u00e9 en orthop\u00e9die, ainsi qu'aux personnes qui se pr\u00e9occupent de leur sant\u00e9 et des questions en mati\u00e8re de sant\u00e9 au sein de la collectivit\u00e9, et ce, \u00e0 l'\u00e9gard de la sant\u00e9 des os et des articulations actuelle et \u00e0 venir.","og_url":"https:\/\/movepainfree.org\/fr\/liaisonortho\/","og_site_name":"Fondation Canadienne d&#039;Orthop\u00e9die","article_modified_time":"2023-12-07T17:45:13+00:00","twitter_card":"summary_large_image","twitter_misc":{"Dur\u00e9e de lecture estim\u00e9e":"2 minutes"},"schema":{"@context":"https:\/\/schema.org","@graph":[{"@type":"WebPage","@id":"https:\/\/movepainfree.org\/fr\/liaisonortho\/","url":"https:\/\/movepainfree.org\/fr\/liaisonortho\/","name":"LIAISONORTHO - Fondation Canadienne d&#039;Orthop\u00e9die","isPartOf":{"@id":"https:\/\/movepainfree.org\/fr\/#website"},"datePublished":"2023-03-13T18:37:21+00:00","dateModified":"2023-12-07T17:45:13+00:00","description":"La Fondation canadienne d'orthop\u00e9die vient en aide aux patients orthop\u00e9diques, aux professionnels de la sant\u00e9 en orthop\u00e9die, ainsi qu'aux personnes qui se pr\u00e9occupent de leur sant\u00e9 et des questions en mati\u00e8re de sant\u00e9 au sein de la collectivit\u00e9, et ce, \u00e0 l'\u00e9gard de la sant\u00e9 des os et des articulations actuelle et \u00e0 venir.","breadcrumb":{"@id":"https:\/\/movepainfree.org\/fr\/liaisonortho\/#breadcrumb"},"inLanguage":"fr-FR","potentialAction":[{"@type":"ReadAction","target":["https:\/\/movepainfree.org\/fr\/liaisonortho\/"]}]},{"@type":"BreadcrumbList","@id":"https:\/\/movepainfree.org\/fr\/liaisonortho\/#breadcrumb","itemListElement":[{"@type":"ListItem","position":1,"name":"Home","item":"https:\/\/movepainfree.org\/fr\/"},{"@type":"ListItem","position":2,"name":"LIAISONORTHO"}]},{"@type":"WebSite","@id":"https:\/\/movepainfree.org\/fr\/#website","url":"https:\/\/movepainfree.org\/fr\/","name":"Fondation Canadienne d&#039;Orthop\u00e9die","description":"Fund-raising Activities Support Research, Education, Community Care","potentialAction":[{"@type":"SearchAction","target":{"@type":"EntryPoint","urlTemplate":"https:\/\/movepainfree.org\/fr\/?s={search_term_string}"},"query-input":{"@type":"PropertyValueSpecification","valueRequired":true,"valueName":"search_term_string"}}],"inLanguage":"fr-FR"}]}},"_links":{"self":[{"href":"https:\/\/movepainfree.org\/fr\/wp-json\/wp\/v2\/pages\/4114","targetHints":{"allow":["GET"]}}],"collection":[{"href":"https:\/\/movepainfree.org\/fr\/wp-json\/wp\/v2\/pages"}],"about":[{"href":"https:\/\/movepainfree.org\/fr\/wp-json\/wp\/v2\/types\/page"}],"author":[{"embeddable":true,"href":"https:\/\/movepainfree.org\/fr\/wp-json\/wp\/v2\/users\/2"}],"replies":[{"embeddable":true,"href":"https:\/\/movepainfree.org\/fr\/wp-json\/wp\/v2\/comments?post=4114"}],"version-history":[{"count":20,"href":"https:\/\/movepainfree.org\/fr\/wp-json\/wp\/v2\/pages\/4114\/revisions"}],"predecessor-version":[{"id":4376,"href":"https:\/\/movepainfree.org\/fr\/wp-json\/wp\/v2\/pages\/4114\/revisions\/4376"}],"wp:attachment":[{"href":"https:\/\/movepainfree.org\/fr\/wp-json\/wp\/v2\/media?parent=4114"}],"curies":[{"name":"wp","href":"https:\/\/api.w.org\/{rel}","templated":true}]}}