{"id":41,"date":"2015-01-19T22:09:42","date_gmt":"2015-01-19T22:09:42","guid":{"rendered":"https:\/\/movepainfree.org\/fr\/?page_id=41"},"modified":"2024-11-08T19:46:51","modified_gmt":"2024-11-08T19:46:51","slug":"ways-to-give-get-involved","status":"publish","type":"page","link":"https:\/\/movepainfree.org\/fr\/ways-to-give-get-involved\/","title":{"rendered":"Comment faire un don?"},"content":{"rendered":"<p>La Fondation Canadienne d&rsquo;Orthop\u00e9die se consacre exclusivement \u00e0 aider les gens \u00e0 renforcer, \u00e0 maintenir et \u00e0 recouvrer la sant\u00e9 de leurs os et articulations. Votre don est un investissement\u00a0: il aide \u00e0 assurer la mobilit\u00e9 des Canadiens et soutient nos programmes essentiels, qui b\u00e9n\u00e9ficient \u00e0 des centaines de milliers de personnes chaque ann\u00e9e.<\/p>\n<p>Faites un don, adh\u00e9rez au programme de dons mensuels ou encore donnez en l&rsquo;honneur d&rsquo;une personne sp\u00e9ciale. Vous pouvez faire votre don\u00a0:<\/p>\n<ul>\n<li>en ligne &#8211; il suffit de cliquer sur le bouton \u00ab Faire un don \u00bb ou\u00a0<a href=\"https:\/\/interland3.donorperfect.net\/weblink\/weblink.aspx?name=E353001QE&amp;id=4\" target=\"_blank\" rel=\"noopener noreferrer\">cliquez ici<\/a>.<\/li>\n<li>par la poste \u2013 <a href=\"https:\/\/movepainfree.org\/fr\/wp-content\/uploads\/sites\/3\/Donation-Form_Final-FR-2.pdf\" target=\"_blank\" rel=\"noopener noreferrer\">cliquez ici<\/a> pour t\u00e9l\u00e9charger le formulaire \u00e0 imprimer, remplir et poster;<\/li>\n<li>par t\u00e9l\u00e9phone \u2013 faites le 1-800-461-3639, poste 221 pour faire un don par carte de cr\u00e9dit;<\/li>\n<\/ul>\n<p>Chaque don est grandement appr\u00e9ci\u00e9 et sagement investi. Nous n&rsquo;avons jamais eu recours \u00e0 des collecteurs de fonds externes et ne communiquons pas nos listes de donateurs. <a href=\"https:\/\/movepainfree.org\/fr\/about-us\/what-we-do\/\" target=\"_blank\" rel=\"noopener noreferrer\">Cliquez ici<\/a> pour en savoir plus sur la fa\u00e7on dont nous concr\u00e9tisons notre mission.<\/p>\n<ul>\n<li><a href=\"https:\/\/movepainfree.org\/fr\/ways-to-give-get-involved\/monthly-giving\/\">Cliquez ici<\/a> pour en savoir davantage sur les dons mensuels.<\/li>\n<li>Aujourd\u2019hui ou plus tard \u2013 <a href=\"https:\/\/movepainfree.org\/fr\/ways-to-give-get-involved\/planned-giving\/\" target=\"_blank\" rel=\"noopener noreferrer\">Cliquez ici<\/a> pour des renseignements sur les options de don planifi\u00e9.<\/li>\n<\/ul>\n<h2>Incidence de vos dons<\/h2>\n<ul>\n<li>Soutenir les patients et leur famille gr\u00e2ce \u00e0 des renseignements fiables afin qu\u2019ils soient bien inform\u00e9s et puissent \u00eatre des participants actifs dans leur retour \u00e0 la mobilit\u00e9. <a href=\"https:\/\/movepainfree.org\/fr\/ways-to-give-get-involved\/patient-information-resources\/\" target=\"_blank\" rel=\"noopener noreferrer\">Cliquez ici<\/a> pour nos ressources gratuites \u00e0 l\u2019intention des patients.<\/li>\n<li>Financer des recherches pour l\u2019am\u00e9lioration de la sant\u00e9 des os et des articulations, de la mobilit\u00e9 et de la fonction et des soins en orthop\u00e9die. <a href=\"https:\/\/movepainfree.org\/fr\/grants-and-research\/previous-grant-and-award-recipients\/\" target=\"_blank\" rel=\"noopener noreferrer\">Cliquez ici<\/a> pour en savoir davantage sur les projets que nous avons financ\u00e9s r\u00e9cemment.<\/li>\n<li>Enseigner aux Canadiens la fa\u00e7on de pr\u00e9venir les troubles des os et des articulations, ce qui permet de r\u00e9duire la demande pour la chirurgie orthop\u00e9dique. <a href=\"https:\/\/movepainfree.org\/fr\/stay-healthy\/\" target=\"_blank\" rel=\"noopener noreferrer\">Cliquez ici<\/a> pour savoir comment renforcer et maintenir la sant\u00e9 de vos os et articulations.<\/li>\n<\/ul>\n","protected":false},"excerpt":{"rendered":"La Fondation Canadienne d&rsquo;Orthop\u00e9die se consacre exclusivement \u00e0 aider les gens \u00e0 renforcer, \u00e0 maintenir et \u00e0 recouvrer la sant\u00e9 de leurs os et articulations. Votre don est un investissement\u00a0:&#8230; <a class=\"view-article\" href=\"https:\/\/movepainfree.org\/fr\/ways-to-give-get-involved\/\">View Article<\/a>","protected":false},"author":1,"featured_media":0,"parent":0,"menu_order":60,"comment_status":"closed","ping_status":"closed","template":"","meta":{"footnotes":""},"class_list":["post-41","page","type-page","status-publish","hentry"],"yoast_head":"<!-- This site is optimized with the Yoast SEO plugin v27.0 - https:\/\/yoast.com\/product\/yoast-seo-wordpress\/ -->\n<title>Comment faire un don? - Fondation Canadienne d&#039;Orthop\u00e9die<\/title>\n<meta name=\"description\" content=\"La Fondation canadienne d&#039;orthop\u00e9die vient en aide aux patients orthop\u00e9diques, aux professionnels de la sant\u00e9 en orthop\u00e9die, ainsi qu&#039;aux personnes qui se pr\u00e9occupent de leur sant\u00e9 et des questions en mati\u00e8re de sant\u00e9 au sein de la collectivit\u00e9, et ce, \u00e0 l&#039;\u00e9gard de la sant\u00e9 des os et des articulations actuelle et \u00e0 venir.\" \/>\n<meta name=\"robots\" content=\"index, follow, max-snippet:-1, max-image-preview:large, max-video-preview:-1\" \/>\n<link rel=\"canonical\" href=\"https:\/\/movepainfree.org\/fr\/ways-to-give-get-involved\/\" \/>\n<meta property=\"og:locale\" content=\"fr_FR\" \/>\n<meta property=\"og:type\" content=\"article\" \/>\n<meta property=\"og:title\" content=\"Comment faire un don? - Fondation Canadienne d&#039;Orthop\u00e9die\" \/>\n<meta property=\"og:description\" content=\"La Fondation canadienne d&#039;orthop\u00e9die vient en aide aux patients orthop\u00e9diques, aux professionnels de la sant\u00e9 en orthop\u00e9die, ainsi qu&#039;aux personnes qui se pr\u00e9occupent de leur sant\u00e9 et des questions en mati\u00e8re de sant\u00e9 au sein de la collectivit\u00e9, et ce, \u00e0 l&#039;\u00e9gard de la sant\u00e9 des os et des articulations actuelle et \u00e0 venir.\" \/>\n<meta property=\"og:url\" content=\"https:\/\/movepainfree.org\/fr\/ways-to-give-get-involved\/\" \/>\n<meta property=\"og:site_name\" content=\"Fondation Canadienne d&#039;Orthop\u00e9die\" \/>\n<meta property=\"article:modified_time\" content=\"2024-11-08T19:46:51+00:00\" \/>\n<meta name=\"twitter:card\" content=\"summary_large_image\" \/>\n<meta name=\"twitter:label1\" content=\"Dur\u00e9e de lecture estim\u00e9e\" \/>\n\t<meta name=\"twitter:data1\" content=\"2 minutes\" \/>\n<script type=\"application\/ld+json\" class=\"yoast-schema-graph\">{\"@context\":\"https:\/\/schema.org\",\"@graph\":[{\"@type\":\"WebPage\",\"@id\":\"https:\/\/movepainfree.org\/fr\/ways-to-give-get-involved\/\",\"url\":\"https:\/\/movepainfree.org\/fr\/ways-to-give-get-involved\/\",\"name\":\"Comment faire un don? - Fondation Canadienne d&#039;Orthop\u00e9die\",\"isPartOf\":{\"@id\":\"https:\/\/movepainfree.org\/fr\/#website\"},\"datePublished\":\"2015-01-19T22:09:42+00:00\",\"dateModified\":\"2024-11-08T19:46:51+00:00\",\"description\":\"La Fondation canadienne d'orthop\u00e9die vient en aide aux patients orthop\u00e9diques, aux professionnels de la sant\u00e9 en orthop\u00e9die, ainsi qu'aux personnes qui se pr\u00e9occupent de leur sant\u00e9 et des questions en mati\u00e8re de sant\u00e9 au sein de la collectivit\u00e9, et ce, \u00e0 l'\u00e9gard de la sant\u00e9 des os et des articulations actuelle et \u00e0 venir.\",\"breadcrumb\":{\"@id\":\"https:\/\/movepainfree.org\/fr\/ways-to-give-get-involved\/#breadcrumb\"},\"inLanguage\":\"fr-FR\",\"potentialAction\":[{\"@type\":\"ReadAction\",\"target\":[\"https:\/\/movepainfree.org\/fr\/ways-to-give-get-involved\/\"]}]},{\"@type\":\"BreadcrumbList\",\"@id\":\"https:\/\/movepainfree.org\/fr\/ways-to-give-get-involved\/#breadcrumb\",\"itemListElement\":[{\"@type\":\"ListItem\",\"position\":1,\"name\":\"Home\",\"item\":\"https:\/\/movepainfree.org\/fr\/\"},{\"@type\":\"ListItem\",\"position\":2,\"name\":\"Comment faire un don?\"}]},{\"@type\":\"WebSite\",\"@id\":\"https:\/\/movepainfree.org\/fr\/#website\",\"url\":\"https:\/\/movepainfree.org\/fr\/\",\"name\":\"Fondation Canadienne d&#039;Orthop\u00e9die\",\"description\":\"Fund-raising Activities Support Research, Education, Community Care\",\"potentialAction\":[{\"@type\":\"SearchAction\",\"target\":{\"@type\":\"EntryPoint\",\"urlTemplate\":\"https:\/\/movepainfree.org\/fr\/?s={search_term_string}\"},\"query-input\":{\"@type\":\"PropertyValueSpecification\",\"valueRequired\":true,\"valueName\":\"search_term_string\"}}],\"inLanguage\":\"fr-FR\"}]}<\/script>\n<!-- \/ Yoast SEO plugin. -->","yoast_head_json":{"title":"Comment faire un don? - Fondation Canadienne d&#039;Orthop\u00e9die","description":"La Fondation canadienne d'orthop\u00e9die vient en aide aux patients orthop\u00e9diques, aux professionnels de la sant\u00e9 en orthop\u00e9die, ainsi qu'aux personnes qui se pr\u00e9occupent de leur sant\u00e9 et des questions en mati\u00e8re de sant\u00e9 au sein de la collectivit\u00e9, et ce, \u00e0 l'\u00e9gard de la sant\u00e9 des os et des articulations actuelle et \u00e0 venir.","robots":{"index":"index","follow":"follow","max-snippet":"max-snippet:-1","max-image-preview":"max-image-preview:large","max-video-preview":"max-video-preview:-1"},"canonical":"https:\/\/movepainfree.org\/fr\/ways-to-give-get-involved\/","og_locale":"fr_FR","og_type":"article","og_title":"Comment faire un don? - Fondation Canadienne d&#039;Orthop\u00e9die","og_description":"La Fondation canadienne d'orthop\u00e9die vient en aide aux patients orthop\u00e9diques, aux professionnels de la sant\u00e9 en orthop\u00e9die, ainsi qu'aux personnes qui se pr\u00e9occupent de leur sant\u00e9 et des questions en mati\u00e8re de sant\u00e9 au sein de la collectivit\u00e9, et ce, \u00e0 l'\u00e9gard de la sant\u00e9 des os et des articulations actuelle et \u00e0 venir.","og_url":"https:\/\/movepainfree.org\/fr\/ways-to-give-get-involved\/","og_site_name":"Fondation Canadienne d&#039;Orthop\u00e9die","article_modified_time":"2024-11-08T19:46:51+00:00","twitter_card":"summary_large_image","twitter_misc":{"Dur\u00e9e de lecture estim\u00e9e":"2 minutes"},"schema":{"@context":"https:\/\/schema.org","@graph":[{"@type":"WebPage","@id":"https:\/\/movepainfree.org\/fr\/ways-to-give-get-involved\/","url":"https:\/\/movepainfree.org\/fr\/ways-to-give-get-involved\/","name":"Comment faire un don? - Fondation Canadienne d&#039;Orthop\u00e9die","isPartOf":{"@id":"https:\/\/movepainfree.org\/fr\/#website"},"datePublished":"2015-01-19T22:09:42+00:00","dateModified":"2024-11-08T19:46:51+00:00","description":"La Fondation canadienne d'orthop\u00e9die vient en aide aux patients orthop\u00e9diques, aux professionnels de la sant\u00e9 en orthop\u00e9die, ainsi qu'aux personnes qui se pr\u00e9occupent de leur sant\u00e9 et des questions en mati\u00e8re de sant\u00e9 au sein de la collectivit\u00e9, et ce, \u00e0 l'\u00e9gard de la sant\u00e9 des os et des articulations actuelle et \u00e0 venir.","breadcrumb":{"@id":"https:\/\/movepainfree.org\/fr\/ways-to-give-get-involved\/#breadcrumb"},"inLanguage":"fr-FR","potentialAction":[{"@type":"ReadAction","target":["https:\/\/movepainfree.org\/fr\/ways-to-give-get-involved\/"]}]},{"@type":"BreadcrumbList","@id":"https:\/\/movepainfree.org\/fr\/ways-to-give-get-involved\/#breadcrumb","itemListElement":[{"@type":"ListItem","position":1,"name":"Home","item":"https:\/\/movepainfree.org\/fr\/"},{"@type":"ListItem","position":2,"name":"Comment faire un don?"}]},{"@type":"WebSite","@id":"https:\/\/movepainfree.org\/fr\/#website","url":"https:\/\/movepainfree.org\/fr\/","name":"Fondation Canadienne d&#039;Orthop\u00e9die","description":"Fund-raising Activities Support Research, Education, Community Care","potentialAction":[{"@type":"SearchAction","target":{"@type":"EntryPoint","urlTemplate":"https:\/\/movepainfree.org\/fr\/?s={search_term_string}"},"query-input":{"@type":"PropertyValueSpecification","valueRequired":true,"valueName":"search_term_string"}}],"inLanguage":"fr-FR"}]}},"_links":{"self":[{"href":"https:\/\/movepainfree.org\/fr\/wp-json\/wp\/v2\/pages\/41","targetHints":{"allow":["GET"]}}],"collection":[{"href":"https:\/\/movepainfree.org\/fr\/wp-json\/wp\/v2\/pages"}],"about":[{"href":"https:\/\/movepainfree.org\/fr\/wp-json\/wp\/v2\/types\/page"}],"author":[{"embeddable":true,"href":"https:\/\/movepainfree.org\/fr\/wp-json\/wp\/v2\/users\/1"}],"replies":[{"embeddable":true,"href":"https:\/\/movepainfree.org\/fr\/wp-json\/wp\/v2\/comments?post=41"}],"version-history":[{"count":24,"href":"https:\/\/movepainfree.org\/fr\/wp-json\/wp\/v2\/pages\/41\/revisions"}],"predecessor-version":[{"id":4663,"href":"https:\/\/movepainfree.org\/fr\/wp-json\/wp\/v2\/pages\/41\/revisions\/4663"}],"wp:attachment":[{"href":"https:\/\/movepainfree.org\/fr\/wp-json\/wp\/v2\/media?parent=41"}],"curies":[{"name":"wp","href":"https:\/\/api.w.org\/{rel}","templated":true}]}}