{"id":405,"date":"2015-01-23T04:02:08","date_gmt":"2015-01-23T04:02:08","guid":{"rendered":"https:\/\/movepainfree.org\/fr\/?page_id=405"},"modified":"2015-06-02T15:00:12","modified_gmt":"2015-06-02T15:00:12","slug":"assistive-devices","status":"publish","type":"page","link":"https:\/\/movepainfree.org\/fr\/my-surgery\/tips-for-preparing-for-surgery\/assistive-devices\/","title":{"rendered":"Accessoires fonctionnels"},"content":{"rendered":"<p>En plus d&rsquo;\u00eatre pratiques, les accessoires fonctionnels assurent votre s\u00e9curit\u00e9. Rappelez-vous que ces outils ont \u00e9t\u00e9 con\u00e7us pour vous&#8230; pour vous aider \u00e0 profiter de la vie.<\/p>\n<p>Si vous avez subi, ou devez subir, une chirurgie orthop\u00e9dique, certains de ces accessoires fonctionnels pourraient vous \u00eatre recommand\u00e9s par votre orthop\u00e9diste afin de vous aider pendant votre r\u00e9tablissement. Si vous \u00eates hospitalis\u00e9 \u00e0 la suite de votre chirurgie, un ergoth\u00e9rapeute vous apprendra probablement \u00e0 utiliser des accessoires fonctionnels avant votre retour \u00e0 la maison.<\/p>\n<p><strong><span id=\"lblContent\">Barres d&rsquo;appui<\/span> :<\/strong>\u00a0 <span id=\"lblContent\">Une barre d&rsquo;appui est un accessoire fix\u00e9 solidement \u00e0 un mur de votre bain ou de votre douche et sur lequel vous pouvez vous appuyer au moment d&rsquo;y entrer ou d&rsquo;en sortir. Pour ce qui est du bain, la plupart des gens ont besoin d&rsquo;une barre d&rsquo;appui plac\u00e9e verticalement le long du mur du robinet afin de s&rsquo;y retenir lorsqu&rsquo;ils se penchent pour l&rsquo;ouvrir ou le fermer. Cette barre verticale les aide \u00e9galement \u00e0 enjamber le rebord du bain. Une autre barre peut \u00eatre fix\u00e9e horizontalement sur le mur de c\u00f4t\u00e9 afin d&rsquo;aider la personne \u00e0 se relever apr\u00e8s s&rsquo;\u00eatre assise dans le bain. Il est particuli\u00e8rement important que les barres d&rsquo;appui soient viss\u00e9es solidement dans les montants du mur afin de pouvoir supporter votre poids en toute s\u00e9curit\u00e9. <\/span><\/p>\n<p><strong><span id=\"lblContent\">Tapis antid\u00e9rapants<\/span> :<\/strong>\u00a0 <span id=\"lblContent\">Il est important de placer des tapis antid\u00e9rapants \u00e0 l&rsquo;int\u00e9rieur et \u00e0 l&rsquo;ext\u00e9rieur du bain et de la douche. Les tapis antid\u00e9rapants procurent une bonne adh\u00e9rence pour les pieds mouill\u00e9s.<\/span><\/p>\n<p><strong><span id=\"lblContent\">Si\u00e8ge de bain ou de douche\u00a0<\/span>:<\/strong>\u00a0 <span id=\"lblContent\">Un si\u00e8ge de bain ou de douche peut \u00eatre utile si vous avez de la difficult\u00e9 \u00e0 vous asseoir dans le bain ou si vous avez tendance \u00e0 avoir des faiblesses ou des \u00e9tourdissements lorsque vous \u00eates sous la douche. Choisissez un si\u00e8ge de bain ajustable en hauteur et dont les pattes sont munies d&#8217;embouts antid\u00e9rapants en caoutchouc. Un si\u00e8ge avec dossier procure davantage de confort. V\u00e9rifiez la limite de poids recommand\u00e9e par le fabricant afin de vous assurer que le si\u00e8ge vous convient. Lorsque vous utilisez ce type de si\u00e8ge, une douche \u00e0 main est n\u00e9cessaire afin de pouvoir diriger l&rsquo;eau l\u00e0 o\u00f9 vous la voulez. <\/span><\/p>\n<p><strong><span id=\"lblContent\">Banc de transfert pour la baignoire<\/span> :<\/strong>\u00a0 <span id=\"lblContent\">Un banc de transfert permet d&rsquo;entrer dans le bain ou la douche sans avoir \u00e0 enjamber le rebord. Le banc s&rsquo;installe par-dessus le rebord du bain\u00a0: un c\u00f4t\u00e9 du banc repose \u00e0 l&rsquo;ext\u00e9rieur du bain et l&rsquo;autre, \u00e0 l&rsquo;int\u00e9rieur. Le banc vous permet de vous glisser en toute s\u00e9curit\u00e9 par-dessus le rebord du bain, puis de soulever les jambes pour les placer \u00e0 l&rsquo;int\u00e9rieur. Pour plus de s\u00e9curit\u00e9, choisissez un banc ajustable en hauteur et dont les pattes sont munies d&#8217;embouts antid\u00e9rapants en caoutchouc. <\/span><\/p>\n<p><strong><span id=\"lblContent\">Canne <\/span>:<\/strong> Une canne peut assurer votre \u00e9quilibre et vous soutenir si vous n&rsquo;\u00eates pas solide sur vos jambes ou si vous avez une\u00a0\u00ab\u00a0mauvaise\u00a0\u00bb jambe.<\/p>\n<p>La canne doit \u00eatre de la bonne longueur, sinon son utilisation risque d&rsquo;entra\u00eener des douleurs aux \u00e9paules et au dos. La poign\u00e9e de la canne doit arriver \u00e0 la hauteur de votre poignet lorsque vous vous tenez debout en laissant reposer vos bras de chaque c\u00f4t\u00e9 de votre corps. Servez-vous de votre montre-bracelet pour vous guider. Lorsque vous marchez, tenez toujours la canne du c\u00f4t\u00e9 o\u00f9 vous avez le plus de force. Si vous souffrez d&rsquo;arthrite \u00e0 une hanche, vous devriez tenir la canne du c\u00f4t\u00e9 oppos\u00e9, ce qui aura pour effet de diminuer la pression exerc\u00e9e sur la hanche endolorie. Avancez toujours la canne et la jambe oppos\u00e9e (faible) en m\u00eame temps.<\/p>\n<p>Lorsque vous montez un escalier, montez la jambe forte sur la premi\u00e8re marche, puis avancez la canne et la jambe oppos\u00e9e en m\u00eame temps sur cette m\u00eame marche. Lorsque vous descendez un escalier, descendez la canne et la jambe faible sur la premi\u00e8re marche, puis amenez votre jambe la plus forte sur cette m\u00eame marche. Si vous n&rsquo;\u00eates pas \u00e0 l&rsquo;aise ou si vous n&rsquo;\u00eates pas assez solide sur vos jambes, assoyez-vous sur les marches et descendez-les lentement une \u00e0 une.<\/p>\n<p>Plusieurs accessoires utiles, comme des crampons et des courroies, sont \u00e9galement disponibles.<\/p>\n<p><strong><span id=\"lblContent\">Protecteurs de hanche<\/span> : <\/strong>Certaines personnes sont particuli\u00e8rement sujettes aux blessures en cas de chute, par exemple en raison de l&rsquo;ost\u00e9oporose. D&rsquo;autres ont tellement peur de tomber qu&rsquo;elles s&#8217;emp\u00eachent de faire les activit\u00e9s qu&rsquo;elles aiment. Les protecteurs de hanche peuvent permettre de conserver son autonomie et de profiter d&rsquo;un style de vie actif tout en r\u00e9duisant les risques de fractures de la hanche en cas de chute.<\/p>\n<p>Il existe plusieurs types de protecteurs de hanche, dont un mod\u00e8le semblable \u00e0 une petite ceinture de hockey et un autre ressemblant \u00e0 une culotte (sous-v\u00eatement) et pourvu de minces coussinets au niveau des hanches. Les coussinets peuvent \u00eatre faits de mousse sp\u00e9ciale ou de plastique qui absorbe le choc au moment de la chute. Peu importe le mod\u00e8le que vous pr\u00e9f\u00e9rez, il est important que le protecteur soit bien ajust\u00e9 et que vous soyez confortable.<\/p>\n<p><strong><span id=\"lblContent\">Enfile-bas<\/span> :<\/strong>\u00a0 Un enfile-bas vous aidera \u00e0 vous habiller seul et peut \u00eatre recommand\u00e9 \u00e0 la suite d&rsquo;une arthroplastie.<\/p>\n<p>Glissez votre bas sur l&rsquo;enfile-bas. Le talon du bas doit donner contre l&rsquo;extr\u00e9mit\u00e9 en plastique dur de l&rsquo;accessoire. Saupoudrez du talc dans l&rsquo;enfile-bas, ce qui permettra \u00e0 votre pied de glisser plus facilement.<\/p>\n<p>Placez l&rsquo;enfile-bas au sol et glissez le pied dans le bas tout en tirant \u00e0 deux\u00a0mains sur la sangle. \u00c9vitez de vous pencher pour voir votre pied.<\/p>\n<p>Tirez sur la sangle jusqu&rsquo;\u00e0 ce que le bas couvre compl\u00e8tement le pied et que l&rsquo;enfile-bas soit d\u00e9gag\u00e9. Utilisez une pince t\u00e9lescopique ou un chausse-pied \u00e0 long manche pour ajuster vos bas et pour les enlever.<\/p>\n<p><strong><span id=\"lblContent\">Pince t\u00e9lescopique<\/span> :<\/strong>\u00a0 Une pince t\u00e9lescopique vous aidera \u00e0 vous habiller seul et peut \u00eatre recommand\u00e9e \u00e0 la suite d&rsquo;une arthroplastie.<\/p>\n<p>Assoyez-vous sur une chaise ou sur le bord de votre lit, ce qui est plus s\u00fbr, surtout si vous ne pouvez pas faire porter tout votre poids sur votre jambe op\u00e9r\u00e9e. Utilisez une pince t\u00e9lescopique pour placer le v\u00eatement (sous-v\u00eatement, pantalon ou jupe) au pied de votre jambe op\u00e9r\u00e9e. Glissez le v\u00eatement sur votre jambe op\u00e9r\u00e9e, puis utilisez la pince pour le tirer jusqu&rsquo;au genou. Habillez ensuite la jambe non op\u00e9r\u00e9e. Levez-vous pour finir d&rsquo;enfiler le v\u00eatement.<\/p>\n<p><strong><span id=\"lblContent\">Chausse-pied \u00e0 long manche<\/span> :<\/strong>\u00a0 Un chausse-pied \u00e0 long manche vous aidera \u00e0 enfiler et \u00e0 enlever vos chaussures et peut \u00eatre recommand\u00e9 \u00e0 la suite d&rsquo;une arthroplastie.<\/p>\n<p>Pour enfiler une chaussure\u00a0: Utilisez une pince t\u00e9lescopique pour tenir la partie sup\u00e9rieure de la chaussure, y compris la languette. Glissez le pied dans la chaussure en utilisant le chausse-pied pour faciliter l&rsquo;entr\u00e9e du talon. Ne tordez pas le pied lorsque vous enfilez la chaussure.<\/p>\n<p>Pour enlever une chaussure\u00a0: Utilisez l&rsquo;extr\u00e9mit\u00e9 de votre pince t\u00e9lescopique et poussez sur vos chaussures pour les enlever.<\/p>\n<p><strong><span id=\"lblContent\">B\u00e9quilles<\/span> :<\/strong> Les b\u00e9quilles peuvent assurer votre \u00e9quilibre et vous soutenir, surtout apr\u00e8s une blessure ou une chirurgie \u00e0 la jambe ou \u00e0 la hanche. Les b\u00e9quilles doivent \u00eatre bien ajust\u00e9es. Les physioth\u00e9rapeutes, les th\u00e9rapeutes du sport et les techniciens en moulage sont les mieux plac\u00e9s pour s&rsquo;assurer que vos b\u00e9quilles sont bien ajust\u00e9es. Un mauvais ajustement pourrait occasionner des plaies et des douleurs aux bras.<\/p>\n<p>Lorsque vous utilisez des b\u00e9quilles, faites porter votre poids sur vos paumes et non sur vos aisselles. Ne tournez pas le tronc lorsque vous voulez changer de direction, faites plut\u00f4t de petits pas. Avancez les b\u00e9quilles en premier. Avancez ensuite la jambe faible ou op\u00e9r\u00e9e, puis finalement la jambe forte ou non op\u00e9r\u00e9e.<\/p>\n<p>Pour monter un escalier avec vos b\u00e9quilles\u00a0: Placez la jambe non op\u00e9r\u00e9e sur la marche. Mettez la jambe faible ou op\u00e9r\u00e9e sur cette m\u00eame marche, puis montez les b\u00e9quilles. Pour descendre un escalier avec vos b\u00e9quilles\u00a0: Mettez vos b\u00e9quilles sur la marche. Descendez la jambe faible ou op\u00e9r\u00e9e, puis enfin la jambe non op\u00e9r\u00e9e. Si vous n&rsquo;\u00eates pas \u00e0 l&rsquo;aise ou si vous n&rsquo;\u00eates pas assez solide sur vos jambes, assoyez-vous sur les marches et descendez-les lentement une \u00e0 une.<\/p>\n<p><strong><span id=\"lblContent\">Marchette<\/span> :<\/strong> Une marchette peut assurer votre \u00e9quilibre et vous soutenir si vous n&rsquo;\u00eates pas solide sur vos jambes. Il existe une grande vari\u00e9t\u00e9 de marchettes. Le choix de la marchette d\u00e9pend de votre condition, surtout du poids que vous pouvez faire porter sur vos jambes. Un physioth\u00e9rapeute ou un ergoth\u00e9rapeute pourra vous aider \u00e0 choisir la marchette id\u00e9ale pour vous.<\/p>\n<p>La marchette doit \u00eatre ajust\u00e9e \u00e0 chaque personne afin d&rsquo;\u00e9viter l&rsquo;inclinaison et l&rsquo;\u00e9tirement du tronc. Les ajustements doivent \u00eatre faits par un th\u00e9rapeute. Lorsque vous marchez, soulevez la marchette, si elle n&rsquo;a pas de roues, et d\u00e9posez-la l\u00e9g\u00e8rement devant vous. S&rsquo;il s&rsquo;agit d&rsquo;une marchette munie de roues, poussez-la un peu. Avancez la jambe faible en premier. En utilisant les bras, appuyez sur la marchette, puis soulevez et avancez l&rsquo;autre jambe.<\/p>\n<p>Une marchette sans roues peut \u00eatre recommand\u00e9e \u00e0 la suite d&rsquo;une arthroplastie.<\/p>\n<p><strong><span id=\"lblContent\">Si\u00e8ge de toilette sur\u00e9lev\u00e9<\/span> :<\/strong> Un si\u00e8ge de toilette sur\u00e9lev\u00e9 est utilis\u00e9 pour limiter la flexion de la hanche \u00e0 la suite d&rsquo;une chirurgie, ce qui diminue les risques de luxation.<\/p>\n<p>Le si\u00e8ge de toilette sur\u00e9lev\u00e9 s&rsquo;installe sur toutes les toilettes standard, ajoutant de la hauteur et permettant \u00e0 la personne de l&rsquo;utiliser facilement et de gagner en autonomie.<\/p>\n<p>Un si\u00e8ge de toilette sur\u00e9lev\u00e9 est consid\u00e9r\u00e9 comme une n\u00e9cessit\u00e9 dans le cas d&rsquo;une arthroplastie de la hanche afin d&rsquo;\u00e9viter tout risque de luxation. Les patients en orthop\u00e9die qui ont subi une arthroscopie du genou, une chirurgie au dos ou qui portent un pl\u00e2tre peuvent aussi profiter des avantages que procure un si\u00e8ge de toilette sur\u00e9lev\u00e9.<\/p>\n","protected":false},"excerpt":{"rendered":"En plus d&rsquo;\u00eatre pratiques, les accessoires fonctionnels assurent votre s\u00e9curit\u00e9. Rappelez-vous que ces outils ont \u00e9t\u00e9 con\u00e7us pour vous&#8230; pour vous aider \u00e0 profiter de la vie. Si vous avez&#8230; <a class=\"view-article\" href=\"https:\/\/movepainfree.org\/fr\/my-surgery\/tips-for-preparing-for-surgery\/assistive-devices\/\">View Article<\/a>","protected":false},"author":1,"featured_media":0,"parent":300,"menu_order":60,"comment_status":"closed","ping_status":"closed","template":"","meta":{"footnotes":""},"class_list":["post-405","page","type-page","status-publish","hentry"],"yoast_head":"<!-- This site is optimized with the Yoast SEO plugin v27.0 - https:\/\/yoast.com\/product\/yoast-seo-wordpress\/ -->\n<title>Accessoires fonctionnels - Fondation Canadienne d&#039;Orthop\u00e9die<\/title>\n<meta name=\"description\" content=\"La Fondation canadienne d&#039;orthop\u00e9die vient en aide aux patients orthop\u00e9diques, aux professionnels de la sant\u00e9 en orthop\u00e9die, ainsi qu&#039;aux personnes qui se pr\u00e9occupent de leur sant\u00e9 et des questions en mati\u00e8re de sant\u00e9 au sein de la collectivit\u00e9, et ce, \u00e0 l&#039;\u00e9gard de la sant\u00e9 des os et des articulations actuelle et \u00e0 venir.\" \/>\n<meta name=\"robots\" content=\"index, follow, max-snippet:-1, max-image-preview:large, max-video-preview:-1\" \/>\n<link rel=\"canonical\" href=\"https:\/\/movepainfree.org\/fr\/my-surgery\/tips-for-preparing-for-surgery\/assistive-devices\/\" \/>\n<meta property=\"og:locale\" content=\"fr_FR\" \/>\n<meta property=\"og:type\" content=\"article\" \/>\n<meta property=\"og:title\" content=\"Accessoires fonctionnels - Fondation Canadienne d&#039;Orthop\u00e9die\" \/>\n<meta property=\"og:description\" content=\"La Fondation canadienne d&#039;orthop\u00e9die vient en aide aux patients orthop\u00e9diques, aux professionnels de la sant\u00e9 en orthop\u00e9die, ainsi qu&#039;aux personnes qui se pr\u00e9occupent de leur sant\u00e9 et des questions en mati\u00e8re de sant\u00e9 au sein de la collectivit\u00e9, et ce, \u00e0 l&#039;\u00e9gard de la sant\u00e9 des os et des articulations actuelle et \u00e0 venir.\" \/>\n<meta property=\"og:url\" content=\"https:\/\/movepainfree.org\/fr\/my-surgery\/tips-for-preparing-for-surgery\/assistive-devices\/\" \/>\n<meta property=\"og:site_name\" content=\"Fondation Canadienne d&#039;Orthop\u00e9die\" \/>\n<meta property=\"article:modified_time\" content=\"2015-06-02T15:00:12+00:00\" \/>\n<meta name=\"twitter:card\" content=\"summary_large_image\" \/>\n<meta name=\"twitter:label1\" content=\"Dur\u00e9e de lecture estim\u00e9e\" \/>\n\t<meta name=\"twitter:data1\" content=\"8 minutes\" \/>\n<script type=\"application\/ld+json\" class=\"yoast-schema-graph\">{\"@context\":\"https:\/\/schema.org\",\"@graph\":[{\"@type\":\"WebPage\",\"@id\":\"https:\/\/movepainfree.org\/fr\/my-surgery\/tips-for-preparing-for-surgery\/assistive-devices\/\",\"url\":\"https:\/\/movepainfree.org\/fr\/my-surgery\/tips-for-preparing-for-surgery\/assistive-devices\/\",\"name\":\"Accessoires fonctionnels - Fondation Canadienne d&#039;Orthop\u00e9die\",\"isPartOf\":{\"@id\":\"https:\/\/movepainfree.org\/fr\/#website\"},\"datePublished\":\"2015-01-23T04:02:08+00:00\",\"dateModified\":\"2015-06-02T15:00:12+00:00\",\"description\":\"La Fondation canadienne d'orthop\u00e9die vient en aide aux patients orthop\u00e9diques, aux professionnels de la sant\u00e9 en orthop\u00e9die, ainsi qu'aux personnes qui se pr\u00e9occupent de leur sant\u00e9 et des questions en mati\u00e8re de sant\u00e9 au sein de la collectivit\u00e9, et ce, \u00e0 l'\u00e9gard de la sant\u00e9 des os et des articulations actuelle et \u00e0 venir.\",\"breadcrumb\":{\"@id\":\"https:\/\/movepainfree.org\/fr\/my-surgery\/tips-for-preparing-for-surgery\/assistive-devices\/#breadcrumb\"},\"inLanguage\":\"fr-FR\",\"potentialAction\":[{\"@type\":\"ReadAction\",\"target\":[\"https:\/\/movepainfree.org\/fr\/my-surgery\/tips-for-preparing-for-surgery\/assistive-devices\/\"]}]},{\"@type\":\"BreadcrumbList\",\"@id\":\"https:\/\/movepainfree.org\/fr\/my-surgery\/tips-for-preparing-for-surgery\/assistive-devices\/#breadcrumb\",\"itemListElement\":[{\"@type\":\"ListItem\",\"position\":1,\"name\":\"Home\",\"item\":\"https:\/\/movepainfree.org\/fr\/\"},{\"@type\":\"ListItem\",\"position\":2,\"name\":\"Les interventions en chirurgie orthop\u00e9dique\",\"item\":\"https:\/\/movepainfree.org\/fr\/my-surgery\/\"},{\"@type\":\"ListItem\",\"position\":3,\"name\":\"Conseils pour se pr\u00e9parer \u00e0 une chirurgie\",\"item\":\"https:\/\/movepainfree.org\/fr\/my-surgery\/tips-for-preparing-for-surgery\/\"},{\"@type\":\"ListItem\",\"position\":4,\"name\":\"Accessoires fonctionnels\"}]},{\"@type\":\"WebSite\",\"@id\":\"https:\/\/movepainfree.org\/fr\/#website\",\"url\":\"https:\/\/movepainfree.org\/fr\/\",\"name\":\"Fondation Canadienne d&#039;Orthop\u00e9die\",\"description\":\"Fund-raising Activities Support Research, Education, Community Care\",\"potentialAction\":[{\"@type\":\"SearchAction\",\"target\":{\"@type\":\"EntryPoint\",\"urlTemplate\":\"https:\/\/movepainfree.org\/fr\/?s={search_term_string}\"},\"query-input\":{\"@type\":\"PropertyValueSpecification\",\"valueRequired\":true,\"valueName\":\"search_term_string\"}}],\"inLanguage\":\"fr-FR\"}]}<\/script>\n<!-- \/ Yoast SEO plugin. -->","yoast_head_json":{"title":"Accessoires fonctionnels - Fondation Canadienne d&#039;Orthop\u00e9die","description":"La Fondation canadienne d'orthop\u00e9die vient en aide aux patients orthop\u00e9diques, aux professionnels de la sant\u00e9 en orthop\u00e9die, ainsi qu'aux personnes qui se pr\u00e9occupent de leur sant\u00e9 et des questions en mati\u00e8re de sant\u00e9 au sein de la collectivit\u00e9, et ce, \u00e0 l'\u00e9gard de la sant\u00e9 des os et des articulations actuelle et \u00e0 venir.","robots":{"index":"index","follow":"follow","max-snippet":"max-snippet:-1","max-image-preview":"max-image-preview:large","max-video-preview":"max-video-preview:-1"},"canonical":"https:\/\/movepainfree.org\/fr\/my-surgery\/tips-for-preparing-for-surgery\/assistive-devices\/","og_locale":"fr_FR","og_type":"article","og_title":"Accessoires fonctionnels - Fondation Canadienne d&#039;Orthop\u00e9die","og_description":"La Fondation canadienne d'orthop\u00e9die vient en aide aux patients orthop\u00e9diques, aux professionnels de la sant\u00e9 en orthop\u00e9die, ainsi qu'aux personnes qui se pr\u00e9occupent de leur sant\u00e9 et des questions en mati\u00e8re de sant\u00e9 au sein de la collectivit\u00e9, et ce, \u00e0 l'\u00e9gard de la sant\u00e9 des os et des articulations actuelle et \u00e0 venir.","og_url":"https:\/\/movepainfree.org\/fr\/my-surgery\/tips-for-preparing-for-surgery\/assistive-devices\/","og_site_name":"Fondation Canadienne d&#039;Orthop\u00e9die","article_modified_time":"2015-06-02T15:00:12+00:00","twitter_card":"summary_large_image","twitter_misc":{"Dur\u00e9e de lecture estim\u00e9e":"8 minutes"},"schema":{"@context":"https:\/\/schema.org","@graph":[{"@type":"WebPage","@id":"https:\/\/movepainfree.org\/fr\/my-surgery\/tips-for-preparing-for-surgery\/assistive-devices\/","url":"https:\/\/movepainfree.org\/fr\/my-surgery\/tips-for-preparing-for-surgery\/assistive-devices\/","name":"Accessoires fonctionnels - Fondation Canadienne d&#039;Orthop\u00e9die","isPartOf":{"@id":"https:\/\/movepainfree.org\/fr\/#website"},"datePublished":"2015-01-23T04:02:08+00:00","dateModified":"2015-06-02T15:00:12+00:00","description":"La Fondation canadienne d'orthop\u00e9die vient en aide aux patients orthop\u00e9diques, aux professionnels de la sant\u00e9 en orthop\u00e9die, ainsi qu'aux personnes qui se pr\u00e9occupent de leur sant\u00e9 et des questions en mati\u00e8re de sant\u00e9 au sein de la collectivit\u00e9, et ce, \u00e0 l'\u00e9gard de la sant\u00e9 des os et des articulations actuelle et \u00e0 venir.","breadcrumb":{"@id":"https:\/\/movepainfree.org\/fr\/my-surgery\/tips-for-preparing-for-surgery\/assistive-devices\/#breadcrumb"},"inLanguage":"fr-FR","potentialAction":[{"@type":"ReadAction","target":["https:\/\/movepainfree.org\/fr\/my-surgery\/tips-for-preparing-for-surgery\/assistive-devices\/"]}]},{"@type":"BreadcrumbList","@id":"https:\/\/movepainfree.org\/fr\/my-surgery\/tips-for-preparing-for-surgery\/assistive-devices\/#breadcrumb","itemListElement":[{"@type":"ListItem","position":1,"name":"Home","item":"https:\/\/movepainfree.org\/fr\/"},{"@type":"ListItem","position":2,"name":"Les interventions en chirurgie orthop\u00e9dique","item":"https:\/\/movepainfree.org\/fr\/my-surgery\/"},{"@type":"ListItem","position":3,"name":"Conseils pour se pr\u00e9parer \u00e0 une chirurgie","item":"https:\/\/movepainfree.org\/fr\/my-surgery\/tips-for-preparing-for-surgery\/"},{"@type":"ListItem","position":4,"name":"Accessoires fonctionnels"}]},{"@type":"WebSite","@id":"https:\/\/movepainfree.org\/fr\/#website","url":"https:\/\/movepainfree.org\/fr\/","name":"Fondation Canadienne d&#039;Orthop\u00e9die","description":"Fund-raising Activities Support Research, Education, Community Care","potentialAction":[{"@type":"SearchAction","target":{"@type":"EntryPoint","urlTemplate":"https:\/\/movepainfree.org\/fr\/?s={search_term_string}"},"query-input":{"@type":"PropertyValueSpecification","valueRequired":true,"valueName":"search_term_string"}}],"inLanguage":"fr-FR"}]}},"_links":{"self":[{"href":"https:\/\/movepainfree.org\/fr\/wp-json\/wp\/v2\/pages\/405","targetHints":{"allow":["GET"]}}],"collection":[{"href":"https:\/\/movepainfree.org\/fr\/wp-json\/wp\/v2\/pages"}],"about":[{"href":"https:\/\/movepainfree.org\/fr\/wp-json\/wp\/v2\/types\/page"}],"author":[{"embeddable":true,"href":"https:\/\/movepainfree.org\/fr\/wp-json\/wp\/v2\/users\/1"}],"replies":[{"embeddable":true,"href":"https:\/\/movepainfree.org\/fr\/wp-json\/wp\/v2\/comments?post=405"}],"version-history":[{"count":4,"href":"https:\/\/movepainfree.org\/fr\/wp-json\/wp\/v2\/pages\/405\/revisions"}],"predecessor-version":[{"id":1309,"href":"https:\/\/movepainfree.org\/fr\/wp-json\/wp\/v2\/pages\/405\/revisions\/1309"}],"up":[{"embeddable":true,"href":"https:\/\/movepainfree.org\/fr\/wp-json\/wp\/v2\/pages\/300"}],"wp:attachment":[{"href":"https:\/\/movepainfree.org\/fr\/wp-json\/wp\/v2\/media?parent=405"}],"curies":[{"name":"wp","href":"https:\/\/api.w.org\/{rel}","templated":true}]}}