{"id":403,"date":"2015-01-23T03:59:37","date_gmt":"2015-01-23T03:59:37","guid":{"rendered":"https:\/\/movepainfree.org\/fr\/?page_id=403"},"modified":"2020-02-07T22:41:06","modified_gmt":"2020-02-07T22:41:06","slug":"physiotherapy","status":"publish","type":"page","link":"https:\/\/movepainfree.org\/fr\/my-surgery\/tips-for-preparing-for-surgery\/physiotherapy\/","title":{"rendered":"Physioth\u00e9rapie"},"content":{"rendered":"<p><span id=\"lblContent\">Le physioth\u00e9rapeute fournit des \u00e9valuations, pose des diagnostics, traite et informe les gens relativement aux conditions qui touchent la structure et les mouvements du corps humain. <\/span><\/p>\n<h2><span id=\"lblContent\"><strong>Qu&rsquo;est-ce que c&rsquo;est?<\/strong><\/span><\/h2>\n<p><span id=\"lblContent\">La physioth\u00e9rapie fait appel \u00e0 un \u00e9ventail de techniques, comme les exercices, la sensibilisation, les modalit\u00e9s de traitement et la pr\u00e9vention, afin d&rsquo;aider vos muscles, vos articulations, vos os, votre syst\u00e8me nerveux, votre c\u0153ur et vos poumons \u00e0 fonctionner \u00e0 leur plein potentiel. La physioth\u00e9rapie peut aider les personnes atteintes d&rsquo;une maladie cong\u00e9nitale ou chronique, ou souffrant d&rsquo;une autre incapacit\u00e9, ainsi que les personnes qui se remettent d&rsquo;une chirurgie, d&rsquo;une maladie, de troubles neurologiques (accident c\u00e9r\u00e9brovasculaire), de blessures sportives ou \u00e0 l&rsquo;appareil locomoteur, d&rsquo;un accident industriel ou automobile, ou encore d&rsquo;une condition li\u00e9e au vieillissement. De plus, le physioth\u00e9rapeute fournit des conseils sp\u00e9cialis\u00e9s sur la pr\u00e9vention des blessures et l&rsquo;exercice.<\/span><\/p>\n<h2><span id=\"lblContent\"><strong>Pourquoi est-ce important?<\/strong><\/span><\/h2>\n<p>Le physioth\u00e9rapeute travaille avec vous afin d&rsquo;int\u00e9grer vos soins au quotidien. La physioth\u00e9rapie peut\u00a0:<\/p>\n<ul class=\"unIndentedList\">\n<li>am\u00e9liorer et pr\u00e9server votre autonomie fonctionnelle et votre capacit\u00e9 physique;<\/li>\n<li>pr\u00e9venir et g\u00e9rer la douleur, les d\u00e9ficiences physiques, les incapacit\u00e9s et les limites \u00e0 la participation;<\/li>\n<li>promouvoir la forme physique, la sant\u00e9 et le mieux-\u00eatre.<\/li>\n<\/ul>\n<p><span id=\"lblContent\">Pendant votre hospitalisation, le physioth\u00e9rapeute constitue un lien essentiel pour votre r\u00e9tablissement apr\u00e8s votre chirurgie orthop\u00e9dique. Le physioth\u00e9rapeute vous aidera \u00e0 retrouver force et autonomie gr\u00e2ce \u00e0 des exercices et \u00e0 la marche.<\/span><\/p>\n<h2><span id=\"lblContent\"><strong>O\u00f9 trouver un physioth\u00e9rapeute?<\/strong><\/span><\/h2>\n<p><span id=\"lblContent\">Pour en savoir plus sur la physioth\u00e9rapie et ses avantages, ou encore pour trouver un physioth\u00e9rapeute dans votre r\u00e9gion, consultez le site de <a href=\"https:\/\/physiotherapy.ca\/fr\" target=\"_blank\" rel=\"noopener noreferrer\">l&rsquo;Association canadienne de physioth\u00e9rapie<\/a>. <\/span><\/p>\n","protected":false},"excerpt":{"rendered":"Le physioth\u00e9rapeute fournit des \u00e9valuations, pose des diagnostics, traite et informe les gens relativement aux conditions qui touchent la structure et les mouvements du corps humain. Qu&rsquo;est-ce que c&rsquo;est? La&#8230; <a class=\"view-article\" href=\"https:\/\/movepainfree.org\/fr\/my-surgery\/tips-for-preparing-for-surgery\/physiotherapy\/\">View Article<\/a>","protected":false},"author":1,"featured_media":0,"parent":300,"menu_order":50,"comment_status":"closed","ping_status":"closed","template":"","meta":{"footnotes":""},"class_list":["post-403","page","type-page","status-publish","hentry"],"yoast_head":"<!-- This site is optimized with the Yoast SEO plugin v27.0 - https:\/\/yoast.com\/product\/yoast-seo-wordpress\/ -->\n<title>Physioth\u00e9rapie - Fondation Canadienne d&#039;Orthop\u00e9die<\/title>\n<meta name=\"description\" content=\"La Fondation canadienne d&#039;orthop\u00e9die vient en aide aux patients orthop\u00e9diques, aux professionnels de la sant\u00e9 en orthop\u00e9die, ainsi qu&#039;aux personnes qui se pr\u00e9occupent de leur sant\u00e9 et des questions en mati\u00e8re de sant\u00e9 au sein de la collectivit\u00e9, et ce, \u00e0 l&#039;\u00e9gard de la sant\u00e9 des os et des articulations actuelle et \u00e0 venir.\" \/>\n<meta name=\"robots\" content=\"index, follow, max-snippet:-1, max-image-preview:large, max-video-preview:-1\" \/>\n<link rel=\"canonical\" href=\"https:\/\/movepainfree.org\/fr\/my-surgery\/tips-for-preparing-for-surgery\/physiotherapy\/\" \/>\n<meta property=\"og:locale\" content=\"fr_FR\" \/>\n<meta property=\"og:type\" content=\"article\" \/>\n<meta property=\"og:title\" content=\"Physioth\u00e9rapie - Fondation Canadienne d&#039;Orthop\u00e9die\" \/>\n<meta property=\"og:description\" content=\"La Fondation canadienne d&#039;orthop\u00e9die vient en aide aux patients orthop\u00e9diques, aux professionnels de la sant\u00e9 en orthop\u00e9die, ainsi qu&#039;aux personnes qui se pr\u00e9occupent de leur sant\u00e9 et des questions en mati\u00e8re de sant\u00e9 au sein de la collectivit\u00e9, et ce, \u00e0 l&#039;\u00e9gard de la sant\u00e9 des os et des articulations actuelle et \u00e0 venir.\" \/>\n<meta property=\"og:url\" content=\"https:\/\/movepainfree.org\/fr\/my-surgery\/tips-for-preparing-for-surgery\/physiotherapy\/\" \/>\n<meta property=\"og:site_name\" content=\"Fondation Canadienne d&#039;Orthop\u00e9die\" \/>\n<meta property=\"article:modified_time\" content=\"2020-02-07T22:41:06+00:00\" \/>\n<meta name=\"twitter:card\" content=\"summary_large_image\" \/>\n<meta name=\"twitter:label1\" content=\"Dur\u00e9e de lecture estim\u00e9e\" \/>\n\t<meta name=\"twitter:data1\" content=\"1 minute\" \/>\n<script type=\"application\/ld+json\" class=\"yoast-schema-graph\">{\"@context\":\"https:\/\/schema.org\",\"@graph\":[{\"@type\":\"WebPage\",\"@id\":\"https:\/\/movepainfree.org\/fr\/my-surgery\/tips-for-preparing-for-surgery\/physiotherapy\/\",\"url\":\"https:\/\/movepainfree.org\/fr\/my-surgery\/tips-for-preparing-for-surgery\/physiotherapy\/\",\"name\":\"Physioth\u00e9rapie - Fondation Canadienne d&#039;Orthop\u00e9die\",\"isPartOf\":{\"@id\":\"https:\/\/movepainfree.org\/fr\/#website\"},\"datePublished\":\"2015-01-23T03:59:37+00:00\",\"dateModified\":\"2020-02-07T22:41:06+00:00\",\"description\":\"La Fondation canadienne d'orthop\u00e9die vient en aide aux patients orthop\u00e9diques, aux professionnels de la sant\u00e9 en orthop\u00e9die, ainsi qu'aux personnes qui se pr\u00e9occupent de leur sant\u00e9 et des questions en mati\u00e8re de sant\u00e9 au sein de la collectivit\u00e9, et ce, \u00e0 l'\u00e9gard de la sant\u00e9 des os et des articulations actuelle et \u00e0 venir.\",\"breadcrumb\":{\"@id\":\"https:\/\/movepainfree.org\/fr\/my-surgery\/tips-for-preparing-for-surgery\/physiotherapy\/#breadcrumb\"},\"inLanguage\":\"fr-FR\",\"potentialAction\":[{\"@type\":\"ReadAction\",\"target\":[\"https:\/\/movepainfree.org\/fr\/my-surgery\/tips-for-preparing-for-surgery\/physiotherapy\/\"]}]},{\"@type\":\"BreadcrumbList\",\"@id\":\"https:\/\/movepainfree.org\/fr\/my-surgery\/tips-for-preparing-for-surgery\/physiotherapy\/#breadcrumb\",\"itemListElement\":[{\"@type\":\"ListItem\",\"position\":1,\"name\":\"Home\",\"item\":\"https:\/\/movepainfree.org\/fr\/\"},{\"@type\":\"ListItem\",\"position\":2,\"name\":\"Les interventions en chirurgie orthop\u00e9dique\",\"item\":\"https:\/\/movepainfree.org\/fr\/my-surgery\/\"},{\"@type\":\"ListItem\",\"position\":3,\"name\":\"Conseils pour se pr\u00e9parer \u00e0 une chirurgie\",\"item\":\"https:\/\/movepainfree.org\/fr\/my-surgery\/tips-for-preparing-for-surgery\/\"},{\"@type\":\"ListItem\",\"position\":4,\"name\":\"Physioth\u00e9rapie\"}]},{\"@type\":\"WebSite\",\"@id\":\"https:\/\/movepainfree.org\/fr\/#website\",\"url\":\"https:\/\/movepainfree.org\/fr\/\",\"name\":\"Fondation Canadienne d&#039;Orthop\u00e9die\",\"description\":\"Fund-raising Activities Support Research, Education, Community Care\",\"potentialAction\":[{\"@type\":\"SearchAction\",\"target\":{\"@type\":\"EntryPoint\",\"urlTemplate\":\"https:\/\/movepainfree.org\/fr\/?s={search_term_string}\"},\"query-input\":{\"@type\":\"PropertyValueSpecification\",\"valueRequired\":true,\"valueName\":\"search_term_string\"}}],\"inLanguage\":\"fr-FR\"}]}<\/script>\n<!-- \/ Yoast SEO plugin. -->","yoast_head_json":{"title":"Physioth\u00e9rapie - Fondation Canadienne d&#039;Orthop\u00e9die","description":"La Fondation canadienne d'orthop\u00e9die vient en aide aux patients orthop\u00e9diques, aux professionnels de la sant\u00e9 en orthop\u00e9die, ainsi qu'aux personnes qui se pr\u00e9occupent de leur sant\u00e9 et des questions en mati\u00e8re de sant\u00e9 au sein de la collectivit\u00e9, et ce, \u00e0 l'\u00e9gard de la sant\u00e9 des os et des articulations actuelle et \u00e0 venir.","robots":{"index":"index","follow":"follow","max-snippet":"max-snippet:-1","max-image-preview":"max-image-preview:large","max-video-preview":"max-video-preview:-1"},"canonical":"https:\/\/movepainfree.org\/fr\/my-surgery\/tips-for-preparing-for-surgery\/physiotherapy\/","og_locale":"fr_FR","og_type":"article","og_title":"Physioth\u00e9rapie - Fondation Canadienne d&#039;Orthop\u00e9die","og_description":"La Fondation canadienne d'orthop\u00e9die vient en aide aux patients orthop\u00e9diques, aux professionnels de la sant\u00e9 en orthop\u00e9die, ainsi qu'aux personnes qui se pr\u00e9occupent de leur sant\u00e9 et des questions en mati\u00e8re de sant\u00e9 au sein de la collectivit\u00e9, et ce, \u00e0 l'\u00e9gard de la sant\u00e9 des os et des articulations actuelle et \u00e0 venir.","og_url":"https:\/\/movepainfree.org\/fr\/my-surgery\/tips-for-preparing-for-surgery\/physiotherapy\/","og_site_name":"Fondation Canadienne d&#039;Orthop\u00e9die","article_modified_time":"2020-02-07T22:41:06+00:00","twitter_card":"summary_large_image","twitter_misc":{"Dur\u00e9e de lecture estim\u00e9e":"1 minute"},"schema":{"@context":"https:\/\/schema.org","@graph":[{"@type":"WebPage","@id":"https:\/\/movepainfree.org\/fr\/my-surgery\/tips-for-preparing-for-surgery\/physiotherapy\/","url":"https:\/\/movepainfree.org\/fr\/my-surgery\/tips-for-preparing-for-surgery\/physiotherapy\/","name":"Physioth\u00e9rapie - Fondation Canadienne d&#039;Orthop\u00e9die","isPartOf":{"@id":"https:\/\/movepainfree.org\/fr\/#website"},"datePublished":"2015-01-23T03:59:37+00:00","dateModified":"2020-02-07T22:41:06+00:00","description":"La Fondation canadienne d'orthop\u00e9die vient en aide aux patients orthop\u00e9diques, aux professionnels de la sant\u00e9 en orthop\u00e9die, ainsi qu'aux personnes qui se pr\u00e9occupent de leur sant\u00e9 et des questions en mati\u00e8re de sant\u00e9 au sein de la collectivit\u00e9, et ce, \u00e0 l'\u00e9gard de la sant\u00e9 des os et des articulations actuelle et \u00e0 venir.","breadcrumb":{"@id":"https:\/\/movepainfree.org\/fr\/my-surgery\/tips-for-preparing-for-surgery\/physiotherapy\/#breadcrumb"},"inLanguage":"fr-FR","potentialAction":[{"@type":"ReadAction","target":["https:\/\/movepainfree.org\/fr\/my-surgery\/tips-for-preparing-for-surgery\/physiotherapy\/"]}]},{"@type":"BreadcrumbList","@id":"https:\/\/movepainfree.org\/fr\/my-surgery\/tips-for-preparing-for-surgery\/physiotherapy\/#breadcrumb","itemListElement":[{"@type":"ListItem","position":1,"name":"Home","item":"https:\/\/movepainfree.org\/fr\/"},{"@type":"ListItem","position":2,"name":"Les interventions en chirurgie orthop\u00e9dique","item":"https:\/\/movepainfree.org\/fr\/my-surgery\/"},{"@type":"ListItem","position":3,"name":"Conseils pour se pr\u00e9parer \u00e0 une chirurgie","item":"https:\/\/movepainfree.org\/fr\/my-surgery\/tips-for-preparing-for-surgery\/"},{"@type":"ListItem","position":4,"name":"Physioth\u00e9rapie"}]},{"@type":"WebSite","@id":"https:\/\/movepainfree.org\/fr\/#website","url":"https:\/\/movepainfree.org\/fr\/","name":"Fondation Canadienne d&#039;Orthop\u00e9die","description":"Fund-raising Activities Support Research, Education, Community Care","potentialAction":[{"@type":"SearchAction","target":{"@type":"EntryPoint","urlTemplate":"https:\/\/movepainfree.org\/fr\/?s={search_term_string}"},"query-input":{"@type":"PropertyValueSpecification","valueRequired":true,"valueName":"search_term_string"}}],"inLanguage":"fr-FR"}]}},"_links":{"self":[{"href":"https:\/\/movepainfree.org\/fr\/wp-json\/wp\/v2\/pages\/403","targetHints":{"allow":["GET"]}}],"collection":[{"href":"https:\/\/movepainfree.org\/fr\/wp-json\/wp\/v2\/pages"}],"about":[{"href":"https:\/\/movepainfree.org\/fr\/wp-json\/wp\/v2\/types\/page"}],"author":[{"embeddable":true,"href":"https:\/\/movepainfree.org\/fr\/wp-json\/wp\/v2\/users\/1"}],"replies":[{"embeddable":true,"href":"https:\/\/movepainfree.org\/fr\/wp-json\/wp\/v2\/comments?post=403"}],"version-history":[{"count":4,"href":"https:\/\/movepainfree.org\/fr\/wp-json\/wp\/v2\/pages\/403\/revisions"}],"predecessor-version":[{"id":3246,"href":"https:\/\/movepainfree.org\/fr\/wp-json\/wp\/v2\/pages\/403\/revisions\/3246"}],"up":[{"embeddable":true,"href":"https:\/\/movepainfree.org\/fr\/wp-json\/wp\/v2\/pages\/300"}],"wp:attachment":[{"href":"https:\/\/movepainfree.org\/fr\/wp-json\/wp\/v2\/media?parent=403"}],"curies":[{"name":"wp","href":"https:\/\/api.w.org\/{rel}","templated":true}]}}