{"id":401,"date":"2015-01-23T03:58:20","date_gmt":"2015-01-23T03:58:20","guid":{"rendered":"https:\/\/movepainfree.org\/fr\/?page_id=401"},"modified":"2020-04-29T14:09:59","modified_gmt":"2020-04-29T14:09:59","slug":"quit-smoking","status":"publish","type":"page","link":"https:\/\/movepainfree.org\/fr\/my-surgery\/tips-for-preparing-for-surgery\/quit-smoking\/","title":{"rendered":"Cesser de fumer"},"content":{"rendered":"<p>Cesser de fumer est certainement la meilleure chose que vous puissiez faire pour am\u00e9liorer votre vie et votre sant\u00e9. Votre orthop\u00e9diste vous recommandera d&rsquo;ailleurs de renoncer au tabac au moins deux semaines avant votre chirurgie afin d&rsquo;\u00e9viter toute complication et de favoriser la gu\u00e9rison des tissus et des os. Le tabagisme nuit en effet au processus de gu\u00e9rison. Certains orthop\u00e9distes conseillent en outre \u00e0 leurs patients de ne pas subir de chirurgie avant d&rsquo;avoir r\u00e9ussi \u00e0 cesser de fumer, en raison des graves risques de complications et de mauvais r\u00e9sultats.<\/p>\n<p>Cessez de fumer et vous vous sentirez mieux dans les 24 heures. D\u00e8s que vous arr\u00eaterez de fumer, votre corps commencera en effet \u00e0 se purger des toxines du tabac. Deux jours apr\u00e8s, les risques de crise cardiaque seront d\u00e9j\u00e0 moindres&#8230; et ce n&rsquo;est qu&rsquo;un d\u00e9but!<\/p>\n<p>Il n&rsquo;est jamais trop tard pour b\u00e9n\u00e9ficier des avantages d&rsquo;une telle d\u00e9cision et, en vous basant sur une bonne combinaison de pratiques, de d\u00e9termination et de soutien, vous pourrez renoncer au tabac pour de bon.<\/p>\n<p>Voici quelques sites Web qui peuvent vous aider \u00e0 cesser de fumer\u00a0:<\/p>\n<p><a href=\"https:\/\/www.smokershelpline.ca\/fr-ca\/home\" target=\"_blank\" rel=\"noopener noreferrer\">T\u00e9l\u00e9assistance pour fumeurs\u00a0<\/a><\/p>\n<p><a href=\"https:\/\/www.canada.ca\/fr\/sante-canada\/services\/tabagisme-et-tabac\/cesser-fumer\/conseils-pour-aider-quelqu-cesser-fumer\/vous-pouvez-arreter-fumer-nous-pouvons-vous-aider.html\" target=\"_blank\" rel=\"noopener noreferrer\">T\u00e9l\u00e9assistance pour fumeurs\u00a0 provinciale et territoriale<\/a><\/p>\n<p><a href=\"https:\/\/www.canada.ca\/fr\/sante-canada\/services\/tabagisme-et-tabac\/cesser-fumer\/conseils-pour-aider-quelqu-cesser-fumer\/aidez-quelqu-cesser-fumer.html\" target=\"_blank\" rel=\"noopener noreferrer\">Sant\u00e9 Canada\u00a0<\/a><\/p>\n<p><a href=\"https:\/\/www.canada.ca\/fr\/sante-canada\/services\/preoccupations-liees-sante\/tabagisme\/zone-jeunes\/vie100fumer.html\" target=\"_blank\" rel=\"noopener noreferrer\">Vie 100 fumer<\/a> <em>appuy\u00e9 par Sant\u00e9 Canada<\/em><\/p>\n<p><a href=\"http:\/\/www.cancer.ca\" target=\"_blank\" rel=\"noopener noreferrer\">Soci\u00e9t\u00e9 canadienne du cancer<\/a><\/p>\n<p><a href=\"http:\/\/www.jarrete.qc.ca\" target=\"_blank\" rel=\"noopener noreferrer\">J&rsquo;Arr\u00eate!<\/a><\/p>\n<p><a href=\"http:\/\/www.stopsmokingforsafersurgery.ca\/\" target=\"_blank\" rel=\"noopener noreferrer\">Stop Smoking for Safer Surgery<\/a> <em>en anglais seulement<\/em><\/p>\n","protected":false},"excerpt":{"rendered":"Cesser de fumer est certainement la meilleure chose que vous puissiez faire pour am\u00e9liorer votre vie et votre sant\u00e9. Votre orthop\u00e9diste vous recommandera d&rsquo;ailleurs de renoncer au tabac au moins&#8230; <a class=\"view-article\" href=\"https:\/\/movepainfree.org\/fr\/my-surgery\/tips-for-preparing-for-surgery\/quit-smoking\/\">View Article<\/a>","protected":false},"author":1,"featured_media":0,"parent":300,"menu_order":40,"comment_status":"closed","ping_status":"closed","template":"","meta":{"footnotes":""},"class_list":["post-401","page","type-page","status-publish","hentry"],"yoast_head":"<!-- This site is optimized with the Yoast SEO plugin v27.0 - https:\/\/yoast.com\/product\/yoast-seo-wordpress\/ -->\n<title>Cesser de fumer - Fondation Canadienne d&#039;Orthop\u00e9die<\/title>\n<meta name=\"description\" content=\"La Fondation canadienne d&#039;orthop\u00e9die vient en aide aux patients orthop\u00e9diques, aux professionnels de la sant\u00e9 en orthop\u00e9die, ainsi qu&#039;aux personnes qui se pr\u00e9occupent de leur sant\u00e9 et des questions en mati\u00e8re de sant\u00e9 au sein de la collectivit\u00e9, et ce, \u00e0 l&#039;\u00e9gard de la sant\u00e9 des os et des articulations actuelle et \u00e0 venir.\" \/>\n<meta name=\"robots\" content=\"index, follow, max-snippet:-1, max-image-preview:large, max-video-preview:-1\" \/>\n<link rel=\"canonical\" href=\"https:\/\/movepainfree.org\/fr\/my-surgery\/tips-for-preparing-for-surgery\/quit-smoking\/\" \/>\n<meta property=\"og:locale\" content=\"fr_FR\" \/>\n<meta property=\"og:type\" content=\"article\" \/>\n<meta property=\"og:title\" content=\"Cesser de fumer - Fondation Canadienne d&#039;Orthop\u00e9die\" \/>\n<meta property=\"og:description\" content=\"La Fondation canadienne d&#039;orthop\u00e9die vient en aide aux patients orthop\u00e9diques, aux professionnels de la sant\u00e9 en orthop\u00e9die, ainsi qu&#039;aux personnes qui se pr\u00e9occupent de leur sant\u00e9 et des questions en mati\u00e8re de sant\u00e9 au sein de la collectivit\u00e9, et ce, \u00e0 l&#039;\u00e9gard de la sant\u00e9 des os et des articulations actuelle et \u00e0 venir.\" \/>\n<meta property=\"og:url\" content=\"https:\/\/movepainfree.org\/fr\/my-surgery\/tips-for-preparing-for-surgery\/quit-smoking\/\" \/>\n<meta property=\"og:site_name\" content=\"Fondation Canadienne d&#039;Orthop\u00e9die\" \/>\n<meta property=\"article:modified_time\" content=\"2020-04-29T14:09:59+00:00\" \/>\n<meta name=\"twitter:card\" content=\"summary_large_image\" \/>\n<meta name=\"twitter:label1\" content=\"Dur\u00e9e de lecture estim\u00e9e\" \/>\n\t<meta name=\"twitter:data1\" content=\"1 minute\" \/>\n<script type=\"application\/ld+json\" class=\"yoast-schema-graph\">{\"@context\":\"https:\/\/schema.org\",\"@graph\":[{\"@type\":\"WebPage\",\"@id\":\"https:\/\/movepainfree.org\/fr\/my-surgery\/tips-for-preparing-for-surgery\/quit-smoking\/\",\"url\":\"https:\/\/movepainfree.org\/fr\/my-surgery\/tips-for-preparing-for-surgery\/quit-smoking\/\",\"name\":\"Cesser de fumer - Fondation Canadienne d&#039;Orthop\u00e9die\",\"isPartOf\":{\"@id\":\"https:\/\/movepainfree.org\/fr\/#website\"},\"datePublished\":\"2015-01-23T03:58:20+00:00\",\"dateModified\":\"2020-04-29T14:09:59+00:00\",\"description\":\"La Fondation canadienne d'orthop\u00e9die vient en aide aux patients orthop\u00e9diques, aux professionnels de la sant\u00e9 en orthop\u00e9die, ainsi qu'aux personnes qui se pr\u00e9occupent de leur sant\u00e9 et des questions en mati\u00e8re de sant\u00e9 au sein de la collectivit\u00e9, et ce, \u00e0 l'\u00e9gard de la sant\u00e9 des os et des articulations actuelle et \u00e0 venir.\",\"breadcrumb\":{\"@id\":\"https:\/\/movepainfree.org\/fr\/my-surgery\/tips-for-preparing-for-surgery\/quit-smoking\/#breadcrumb\"},\"inLanguage\":\"fr-FR\",\"potentialAction\":[{\"@type\":\"ReadAction\",\"target\":[\"https:\/\/movepainfree.org\/fr\/my-surgery\/tips-for-preparing-for-surgery\/quit-smoking\/\"]}]},{\"@type\":\"BreadcrumbList\",\"@id\":\"https:\/\/movepainfree.org\/fr\/my-surgery\/tips-for-preparing-for-surgery\/quit-smoking\/#breadcrumb\",\"itemListElement\":[{\"@type\":\"ListItem\",\"position\":1,\"name\":\"Home\",\"item\":\"https:\/\/movepainfree.org\/fr\/\"},{\"@type\":\"ListItem\",\"position\":2,\"name\":\"Les interventions en chirurgie orthop\u00e9dique\",\"item\":\"https:\/\/movepainfree.org\/fr\/my-surgery\/\"},{\"@type\":\"ListItem\",\"position\":3,\"name\":\"Conseils pour se pr\u00e9parer \u00e0 une chirurgie\",\"item\":\"https:\/\/movepainfree.org\/fr\/my-surgery\/tips-for-preparing-for-surgery\/\"},{\"@type\":\"ListItem\",\"position\":4,\"name\":\"Cesser de fumer\"}]},{\"@type\":\"WebSite\",\"@id\":\"https:\/\/movepainfree.org\/fr\/#website\",\"url\":\"https:\/\/movepainfree.org\/fr\/\",\"name\":\"Fondation Canadienne d&#039;Orthop\u00e9die\",\"description\":\"Fund-raising Activities Support Research, Education, Community Care\",\"potentialAction\":[{\"@type\":\"SearchAction\",\"target\":{\"@type\":\"EntryPoint\",\"urlTemplate\":\"https:\/\/movepainfree.org\/fr\/?s={search_term_string}\"},\"query-input\":{\"@type\":\"PropertyValueSpecification\",\"valueRequired\":true,\"valueName\":\"search_term_string\"}}],\"inLanguage\":\"fr-FR\"}]}<\/script>\n<!-- \/ Yoast SEO plugin. -->","yoast_head_json":{"title":"Cesser de fumer - Fondation Canadienne d&#039;Orthop\u00e9die","description":"La Fondation canadienne d'orthop\u00e9die vient en aide aux patients orthop\u00e9diques, aux professionnels de la sant\u00e9 en orthop\u00e9die, ainsi qu'aux personnes qui se pr\u00e9occupent de leur sant\u00e9 et des questions en mati\u00e8re de sant\u00e9 au sein de la collectivit\u00e9, et ce, \u00e0 l'\u00e9gard de la sant\u00e9 des os et des articulations actuelle et \u00e0 venir.","robots":{"index":"index","follow":"follow","max-snippet":"max-snippet:-1","max-image-preview":"max-image-preview:large","max-video-preview":"max-video-preview:-1"},"canonical":"https:\/\/movepainfree.org\/fr\/my-surgery\/tips-for-preparing-for-surgery\/quit-smoking\/","og_locale":"fr_FR","og_type":"article","og_title":"Cesser de fumer - Fondation Canadienne d&#039;Orthop\u00e9die","og_description":"La Fondation canadienne d'orthop\u00e9die vient en aide aux patients orthop\u00e9diques, aux professionnels de la sant\u00e9 en orthop\u00e9die, ainsi qu'aux personnes qui se pr\u00e9occupent de leur sant\u00e9 et des questions en mati\u00e8re de sant\u00e9 au sein de la collectivit\u00e9, et ce, \u00e0 l'\u00e9gard de la sant\u00e9 des os et des articulations actuelle et \u00e0 venir.","og_url":"https:\/\/movepainfree.org\/fr\/my-surgery\/tips-for-preparing-for-surgery\/quit-smoking\/","og_site_name":"Fondation Canadienne d&#039;Orthop\u00e9die","article_modified_time":"2020-04-29T14:09:59+00:00","twitter_card":"summary_large_image","twitter_misc":{"Dur\u00e9e de lecture estim\u00e9e":"1 minute"},"schema":{"@context":"https:\/\/schema.org","@graph":[{"@type":"WebPage","@id":"https:\/\/movepainfree.org\/fr\/my-surgery\/tips-for-preparing-for-surgery\/quit-smoking\/","url":"https:\/\/movepainfree.org\/fr\/my-surgery\/tips-for-preparing-for-surgery\/quit-smoking\/","name":"Cesser de fumer - Fondation Canadienne d&#039;Orthop\u00e9die","isPartOf":{"@id":"https:\/\/movepainfree.org\/fr\/#website"},"datePublished":"2015-01-23T03:58:20+00:00","dateModified":"2020-04-29T14:09:59+00:00","description":"La Fondation canadienne d'orthop\u00e9die vient en aide aux patients orthop\u00e9diques, aux professionnels de la sant\u00e9 en orthop\u00e9die, ainsi qu'aux personnes qui se pr\u00e9occupent de leur sant\u00e9 et des questions en mati\u00e8re de sant\u00e9 au sein de la collectivit\u00e9, et ce, \u00e0 l'\u00e9gard de la sant\u00e9 des os et des articulations actuelle et \u00e0 venir.","breadcrumb":{"@id":"https:\/\/movepainfree.org\/fr\/my-surgery\/tips-for-preparing-for-surgery\/quit-smoking\/#breadcrumb"},"inLanguage":"fr-FR","potentialAction":[{"@type":"ReadAction","target":["https:\/\/movepainfree.org\/fr\/my-surgery\/tips-for-preparing-for-surgery\/quit-smoking\/"]}]},{"@type":"BreadcrumbList","@id":"https:\/\/movepainfree.org\/fr\/my-surgery\/tips-for-preparing-for-surgery\/quit-smoking\/#breadcrumb","itemListElement":[{"@type":"ListItem","position":1,"name":"Home","item":"https:\/\/movepainfree.org\/fr\/"},{"@type":"ListItem","position":2,"name":"Les interventions en chirurgie orthop\u00e9dique","item":"https:\/\/movepainfree.org\/fr\/my-surgery\/"},{"@type":"ListItem","position":3,"name":"Conseils pour se pr\u00e9parer \u00e0 une chirurgie","item":"https:\/\/movepainfree.org\/fr\/my-surgery\/tips-for-preparing-for-surgery\/"},{"@type":"ListItem","position":4,"name":"Cesser de fumer"}]},{"@type":"WebSite","@id":"https:\/\/movepainfree.org\/fr\/#website","url":"https:\/\/movepainfree.org\/fr\/","name":"Fondation Canadienne d&#039;Orthop\u00e9die","description":"Fund-raising Activities Support Research, Education, Community Care","potentialAction":[{"@type":"SearchAction","target":{"@type":"EntryPoint","urlTemplate":"https:\/\/movepainfree.org\/fr\/?s={search_term_string}"},"query-input":{"@type":"PropertyValueSpecification","valueRequired":true,"valueName":"search_term_string"}}],"inLanguage":"fr-FR"}]}},"_links":{"self":[{"href":"https:\/\/movepainfree.org\/fr\/wp-json\/wp\/v2\/pages\/401","targetHints":{"allow":["GET"]}}],"collection":[{"href":"https:\/\/movepainfree.org\/fr\/wp-json\/wp\/v2\/pages"}],"about":[{"href":"https:\/\/movepainfree.org\/fr\/wp-json\/wp\/v2\/types\/page"}],"author":[{"embeddable":true,"href":"https:\/\/movepainfree.org\/fr\/wp-json\/wp\/v2\/users\/1"}],"replies":[{"embeddable":true,"href":"https:\/\/movepainfree.org\/fr\/wp-json\/wp\/v2\/comments?post=401"}],"version-history":[{"count":9,"href":"https:\/\/movepainfree.org\/fr\/wp-json\/wp\/v2\/pages\/401\/revisions"}],"predecessor-version":[{"id":3390,"href":"https:\/\/movepainfree.org\/fr\/wp-json\/wp\/v2\/pages\/401\/revisions\/3390"}],"up":[{"embeddable":true,"href":"https:\/\/movepainfree.org\/fr\/wp-json\/wp\/v2\/pages\/300"}],"wp:attachment":[{"href":"https:\/\/movepainfree.org\/fr\/wp-json\/wp\/v2\/media?parent=401"}],"curies":[{"name":"wp","href":"https:\/\/api.w.org\/{rel}","templated":true}]}}