{"id":399,"date":"2015-01-23T03:56:28","date_gmt":"2015-01-23T03:56:28","guid":{"rendered":"https:\/\/movepainfree.org\/fr\/?page_id=399"},"modified":"2015-06-02T14:48:02","modified_gmt":"2015-06-02T14:48:02","slug":"preparing-your-home","status":"publish","type":"page","link":"https:\/\/movepainfree.org\/fr\/my-surgery\/tips-for-preparing-for-surgery\/preparing-your-home\/","title":{"rendered":"Pr\u00e9parez votre domicile"},"content":{"rendered":"<p><span id=\"lblContent\">Ce que vous devez faire pour pr\u00e9parer votre domicile d\u00e9pend du type de chirurgie que vous devez subir. Voici quelques suggestions pour vous faciliter la vie pendant votre r\u00e9tablissement\u00a0: <\/span><\/p>\n<ul>\n<li>Si votre chambre \u00e0 coucher est \u00e0 l&rsquo;\u00e9tage, pr\u00e9parez une chambre au rez-de-chauss\u00e9e ou disposez les choses de sorte que vous n&rsquo;ayez besoin d&rsquo;aller \u00e0 l&rsquo;\u00e9tage qu&rsquo;une fois par jour. Optez autant que possible pour un espace pr\u00e8s de la salle de bains o\u00f9 vous pourrez passer beaucoup de temps en tout confort apr\u00e8s votre chirurgie.<\/li>\n<li>Placez les articles que vous utilisez souvent \u00e0 port\u00e9e de main. Il serait utile de ranger ces articles \u00e0 une hauteur qui n&rsquo;exige aucun \u00e9tirement, surtout pour le membre op\u00e9r\u00e9. Si vous devez subir une arthroplastie, il est id\u00e9al de ranger vos articles \u00e0 une hauteur correspondant \u00e0 celle allant de votre taille \u00e0 vos \u00e9paules.<\/li>\n<li>Essayez autant que possible d&rsquo;avoir un fauteuil haut dans chacune des pi\u00e8ces.<\/li>\n<li>Trouvez diverses fa\u00e7ons de faciliter la pr\u00e9paration des repas, que ce soit l&rsquo;achat pr\u00e9alable de repas surgel\u00e9s, la pr\u00e9paration de repas que vous congelez ou l&rsquo;achat de tous les ingr\u00e9dients n\u00e9cessaires \u00e0 la pr\u00e9paration de repas simples. Demandez \u00e0 un ami ou membre de votre famille de vous aider, par exemple vous conduire \u00e0 vos rendez-vous, faire le m\u00e9nage, faire les courses ou pr\u00e9parer les repas.<\/li>\n<li>Comme quelqu&rsquo;un doit vous raccompagner \u00e0 la maison apr\u00e8s votre intervention, il est important de prendre les dispositions n\u00e9cessaires.<\/li>\n<li>Assurez-vous que votre maison est s\u00fbre. Pour \u00e9liminer les risques de chutes, veillez \u00e0 ce que tous les fils \u00e9lectriques ou de t\u00e9l\u00e9phone longent le mur et soient maintenus en place avec du ruban adh\u00e9sif; enlevez tous les tapis; et placez un tapis antid\u00e9rapant dans le fond de votre bain.<\/li>\n<li>Achetez ou empruntez <a title=\"l'accessoire fonctionnel\" href=\"https:\/\/movepainfree.org\/fr\/my-surgery\/tips-for-preparing-for-surgery\/assistive-devices\/\">l&rsquo;accessoire fonctionnel<\/a> ou l&rsquo;\u00e9quipement sp\u00e9cial recommand\u00e9 par votre m\u00e9decin ou physioth\u00e9rapeute. Il peut s&rsquo;agir d&rsquo;un si\u00e8ge de toilette sur\u00e9lev\u00e9, d&rsquo;une chaise de bain et d&rsquo;articles \u00e0 long manche comme une brosse pour le bain, un chausse-pied, une pince t\u00e9lescopique \u00e0 poign\u00e9e ou un enfile-bas. Il pourrait \u00eatre utile de vous exercer \u00e0 utiliser ces articles \u00e0 la maison avant votre chirurgie.<\/li>\n<li><span id=\"lblContent\">Renseignez-vous sur les pharmacies et \u00e9piceries pr\u00e8s de chez vous qui offrent un service de livraison.<\/span><\/li>\n<\/ul>\n<p><span id=\"lblContent\">Vous pouvez aussi demander qu&rsquo;on interrompe la livraison du journal et de votre courrier, ainsi que prendre des dispositions pour les soins de votre animal de compagnie, si vous devez s\u00e9journer \u00e0 l&rsquo;h\u00f4pital ou dans un centre de r\u00e9adaptation. <\/span><\/p>\n","protected":false},"excerpt":{"rendered":"Ce que vous devez faire pour pr\u00e9parer votre domicile d\u00e9pend du type de chirurgie que vous devez subir. Voici quelques suggestions pour vous faciliter la vie pendant votre r\u00e9tablissement\u00a0: Si&#8230; <a class=\"view-article\" href=\"https:\/\/movepainfree.org\/fr\/my-surgery\/tips-for-preparing-for-surgery\/preparing-your-home\/\">View Article<\/a>","protected":false},"author":1,"featured_media":0,"parent":300,"menu_order":30,"comment_status":"closed","ping_status":"closed","template":"","meta":{"footnotes":""},"class_list":["post-399","page","type-page","status-publish","hentry"],"yoast_head":"<!-- This site is optimized with the Yoast SEO plugin v27.0 - https:\/\/yoast.com\/product\/yoast-seo-wordpress\/ -->\n<title>Pr\u00e9parez votre domicile - Fondation Canadienne d&#039;Orthop\u00e9die<\/title>\n<meta name=\"description\" content=\"La Fondation canadienne d&#039;orthop\u00e9die vient en aide aux patients orthop\u00e9diques, aux professionnels de la sant\u00e9 en orthop\u00e9die, ainsi qu&#039;aux personnes qui se pr\u00e9occupent de leur sant\u00e9 et des questions en mati\u00e8re de sant\u00e9 au sein de la collectivit\u00e9, et ce, \u00e0 l&#039;\u00e9gard de la sant\u00e9 des os et des articulations actuelle et \u00e0 venir.\" \/>\n<meta name=\"robots\" content=\"index, follow, max-snippet:-1, max-image-preview:large, max-video-preview:-1\" \/>\n<link rel=\"canonical\" href=\"https:\/\/movepainfree.org\/fr\/my-surgery\/tips-for-preparing-for-surgery\/preparing-your-home\/\" \/>\n<meta property=\"og:locale\" content=\"fr_FR\" \/>\n<meta property=\"og:type\" content=\"article\" \/>\n<meta property=\"og:title\" content=\"Pr\u00e9parez votre domicile - Fondation Canadienne d&#039;Orthop\u00e9die\" \/>\n<meta property=\"og:description\" content=\"La Fondation canadienne d&#039;orthop\u00e9die vient en aide aux patients orthop\u00e9diques, aux professionnels de la sant\u00e9 en orthop\u00e9die, ainsi qu&#039;aux personnes qui se pr\u00e9occupent de leur sant\u00e9 et des questions en mati\u00e8re de sant\u00e9 au sein de la collectivit\u00e9, et ce, \u00e0 l&#039;\u00e9gard de la sant\u00e9 des os et des articulations actuelle et \u00e0 venir.\" \/>\n<meta property=\"og:url\" content=\"https:\/\/movepainfree.org\/fr\/my-surgery\/tips-for-preparing-for-surgery\/preparing-your-home\/\" \/>\n<meta property=\"og:site_name\" content=\"Fondation Canadienne d&#039;Orthop\u00e9die\" \/>\n<meta property=\"article:modified_time\" content=\"2015-06-02T14:48:02+00:00\" \/>\n<meta name=\"twitter:card\" content=\"summary_large_image\" \/>\n<meta name=\"twitter:label1\" content=\"Dur\u00e9e de lecture estim\u00e9e\" \/>\n\t<meta name=\"twitter:data1\" content=\"2 minutes\" \/>\n<script type=\"application\/ld+json\" class=\"yoast-schema-graph\">{\"@context\":\"https:\/\/schema.org\",\"@graph\":[{\"@type\":\"WebPage\",\"@id\":\"https:\/\/movepainfree.org\/fr\/my-surgery\/tips-for-preparing-for-surgery\/preparing-your-home\/\",\"url\":\"https:\/\/movepainfree.org\/fr\/my-surgery\/tips-for-preparing-for-surgery\/preparing-your-home\/\",\"name\":\"Pr\u00e9parez votre domicile - Fondation Canadienne d&#039;Orthop\u00e9die\",\"isPartOf\":{\"@id\":\"https:\/\/movepainfree.org\/fr\/#website\"},\"datePublished\":\"2015-01-23T03:56:28+00:00\",\"dateModified\":\"2015-06-02T14:48:02+00:00\",\"description\":\"La Fondation canadienne d'orthop\u00e9die vient en aide aux patients orthop\u00e9diques, aux professionnels de la sant\u00e9 en orthop\u00e9die, ainsi qu'aux personnes qui se pr\u00e9occupent de leur sant\u00e9 et des questions en mati\u00e8re de sant\u00e9 au sein de la collectivit\u00e9, et ce, \u00e0 l'\u00e9gard de la sant\u00e9 des os et des articulations actuelle et \u00e0 venir.\",\"breadcrumb\":{\"@id\":\"https:\/\/movepainfree.org\/fr\/my-surgery\/tips-for-preparing-for-surgery\/preparing-your-home\/#breadcrumb\"},\"inLanguage\":\"fr-FR\",\"potentialAction\":[{\"@type\":\"ReadAction\",\"target\":[\"https:\/\/movepainfree.org\/fr\/my-surgery\/tips-for-preparing-for-surgery\/preparing-your-home\/\"]}]},{\"@type\":\"BreadcrumbList\",\"@id\":\"https:\/\/movepainfree.org\/fr\/my-surgery\/tips-for-preparing-for-surgery\/preparing-your-home\/#breadcrumb\",\"itemListElement\":[{\"@type\":\"ListItem\",\"position\":1,\"name\":\"Home\",\"item\":\"https:\/\/movepainfree.org\/fr\/\"},{\"@type\":\"ListItem\",\"position\":2,\"name\":\"Les interventions en chirurgie orthop\u00e9dique\",\"item\":\"https:\/\/movepainfree.org\/fr\/my-surgery\/\"},{\"@type\":\"ListItem\",\"position\":3,\"name\":\"Conseils pour se pr\u00e9parer \u00e0 une chirurgie\",\"item\":\"https:\/\/movepainfree.org\/fr\/my-surgery\/tips-for-preparing-for-surgery\/\"},{\"@type\":\"ListItem\",\"position\":4,\"name\":\"Pr\u00e9parez votre domicile\"}]},{\"@type\":\"WebSite\",\"@id\":\"https:\/\/movepainfree.org\/fr\/#website\",\"url\":\"https:\/\/movepainfree.org\/fr\/\",\"name\":\"Fondation Canadienne d&#039;Orthop\u00e9die\",\"description\":\"Fund-raising Activities Support Research, Education, Community Care\",\"potentialAction\":[{\"@type\":\"SearchAction\",\"target\":{\"@type\":\"EntryPoint\",\"urlTemplate\":\"https:\/\/movepainfree.org\/fr\/?s={search_term_string}\"},\"query-input\":{\"@type\":\"PropertyValueSpecification\",\"valueRequired\":true,\"valueName\":\"search_term_string\"}}],\"inLanguage\":\"fr-FR\"}]}<\/script>\n<!-- \/ Yoast SEO plugin. -->","yoast_head_json":{"title":"Pr\u00e9parez votre domicile - Fondation Canadienne d&#039;Orthop\u00e9die","description":"La Fondation canadienne d'orthop\u00e9die vient en aide aux patients orthop\u00e9diques, aux professionnels de la sant\u00e9 en orthop\u00e9die, ainsi qu'aux personnes qui se pr\u00e9occupent de leur sant\u00e9 et des questions en mati\u00e8re de sant\u00e9 au sein de la collectivit\u00e9, et ce, \u00e0 l'\u00e9gard de la sant\u00e9 des os et des articulations actuelle et \u00e0 venir.","robots":{"index":"index","follow":"follow","max-snippet":"max-snippet:-1","max-image-preview":"max-image-preview:large","max-video-preview":"max-video-preview:-1"},"canonical":"https:\/\/movepainfree.org\/fr\/my-surgery\/tips-for-preparing-for-surgery\/preparing-your-home\/","og_locale":"fr_FR","og_type":"article","og_title":"Pr\u00e9parez votre domicile - Fondation Canadienne d&#039;Orthop\u00e9die","og_description":"La Fondation canadienne d'orthop\u00e9die vient en aide aux patients orthop\u00e9diques, aux professionnels de la sant\u00e9 en orthop\u00e9die, ainsi qu'aux personnes qui se pr\u00e9occupent de leur sant\u00e9 et des questions en mati\u00e8re de sant\u00e9 au sein de la collectivit\u00e9, et ce, \u00e0 l'\u00e9gard de la sant\u00e9 des os et des articulations actuelle et \u00e0 venir.","og_url":"https:\/\/movepainfree.org\/fr\/my-surgery\/tips-for-preparing-for-surgery\/preparing-your-home\/","og_site_name":"Fondation Canadienne d&#039;Orthop\u00e9die","article_modified_time":"2015-06-02T14:48:02+00:00","twitter_card":"summary_large_image","twitter_misc":{"Dur\u00e9e de lecture estim\u00e9e":"2 minutes"},"schema":{"@context":"https:\/\/schema.org","@graph":[{"@type":"WebPage","@id":"https:\/\/movepainfree.org\/fr\/my-surgery\/tips-for-preparing-for-surgery\/preparing-your-home\/","url":"https:\/\/movepainfree.org\/fr\/my-surgery\/tips-for-preparing-for-surgery\/preparing-your-home\/","name":"Pr\u00e9parez votre domicile - Fondation Canadienne d&#039;Orthop\u00e9die","isPartOf":{"@id":"https:\/\/movepainfree.org\/fr\/#website"},"datePublished":"2015-01-23T03:56:28+00:00","dateModified":"2015-06-02T14:48:02+00:00","description":"La Fondation canadienne d'orthop\u00e9die vient en aide aux patients orthop\u00e9diques, aux professionnels de la sant\u00e9 en orthop\u00e9die, ainsi qu'aux personnes qui se pr\u00e9occupent de leur sant\u00e9 et des questions en mati\u00e8re de sant\u00e9 au sein de la collectivit\u00e9, et ce, \u00e0 l'\u00e9gard de la sant\u00e9 des os et des articulations actuelle et \u00e0 venir.","breadcrumb":{"@id":"https:\/\/movepainfree.org\/fr\/my-surgery\/tips-for-preparing-for-surgery\/preparing-your-home\/#breadcrumb"},"inLanguage":"fr-FR","potentialAction":[{"@type":"ReadAction","target":["https:\/\/movepainfree.org\/fr\/my-surgery\/tips-for-preparing-for-surgery\/preparing-your-home\/"]}]},{"@type":"BreadcrumbList","@id":"https:\/\/movepainfree.org\/fr\/my-surgery\/tips-for-preparing-for-surgery\/preparing-your-home\/#breadcrumb","itemListElement":[{"@type":"ListItem","position":1,"name":"Home","item":"https:\/\/movepainfree.org\/fr\/"},{"@type":"ListItem","position":2,"name":"Les interventions en chirurgie orthop\u00e9dique","item":"https:\/\/movepainfree.org\/fr\/my-surgery\/"},{"@type":"ListItem","position":3,"name":"Conseils pour se pr\u00e9parer \u00e0 une chirurgie","item":"https:\/\/movepainfree.org\/fr\/my-surgery\/tips-for-preparing-for-surgery\/"},{"@type":"ListItem","position":4,"name":"Pr\u00e9parez votre domicile"}]},{"@type":"WebSite","@id":"https:\/\/movepainfree.org\/fr\/#website","url":"https:\/\/movepainfree.org\/fr\/","name":"Fondation Canadienne d&#039;Orthop\u00e9die","description":"Fund-raising Activities Support Research, Education, Community Care","potentialAction":[{"@type":"SearchAction","target":{"@type":"EntryPoint","urlTemplate":"https:\/\/movepainfree.org\/fr\/?s={search_term_string}"},"query-input":{"@type":"PropertyValueSpecification","valueRequired":true,"valueName":"search_term_string"}}],"inLanguage":"fr-FR"}]}},"_links":{"self":[{"href":"https:\/\/movepainfree.org\/fr\/wp-json\/wp\/v2\/pages\/399","targetHints":{"allow":["GET"]}}],"collection":[{"href":"https:\/\/movepainfree.org\/fr\/wp-json\/wp\/v2\/pages"}],"about":[{"href":"https:\/\/movepainfree.org\/fr\/wp-json\/wp\/v2\/types\/page"}],"author":[{"embeddable":true,"href":"https:\/\/movepainfree.org\/fr\/wp-json\/wp\/v2\/users\/1"}],"replies":[{"embeddable":true,"href":"https:\/\/movepainfree.org\/fr\/wp-json\/wp\/v2\/comments?post=399"}],"version-history":[{"count":5,"href":"https:\/\/movepainfree.org\/fr\/wp-json\/wp\/v2\/pages\/399\/revisions"}],"predecessor-version":[{"id":1299,"href":"https:\/\/movepainfree.org\/fr\/wp-json\/wp\/v2\/pages\/399\/revisions\/1299"}],"up":[{"embeddable":true,"href":"https:\/\/movepainfree.org\/fr\/wp-json\/wp\/v2\/pages\/300"}],"wp:attachment":[{"href":"https:\/\/movepainfree.org\/fr\/wp-json\/wp\/v2\/media?parent=399"}],"curies":[{"name":"wp","href":"https:\/\/api.w.org\/{rel}","templated":true}]}}