{"id":394,"date":"2015-01-23T03:48:31","date_gmt":"2015-01-23T03:48:31","guid":{"rendered":"https:\/\/movepainfree.org\/fr\/?page_id=394"},"modified":"2015-06-02T14:40:57","modified_gmt":"2015-06-02T14:40:57","slug":"fitness","status":"publish","type":"page","link":"https:\/\/movepainfree.org\/fr\/my-surgery\/tips-for-preparing-for-surgery\/fitness\/","title":{"rendered":"Exercice"},"content":{"rendered":"<p>\u00catre en forme et maintenir un poids sant\u00e9 jouent un r\u00f4le important dans votre quotidien. Cela peut \u00e9galement jouer un r\u00f4le important dans votre r\u00e9tablissement apr\u00e8s votre chirurgie.<\/p>\n<p>Apr\u00e8s votre chirurgie, votre corps aura subi un stress, et il vous faudra limiter vos activit\u00e9s. C&rsquo;est pourquoi s&rsquo;assurer d&rsquo;\u00eatre en forme avant la chirurgie constitue l&rsquo;un des \u00e9l\u00e9ments essentiels \u00e0 la r\u00e9ussite de celle-ci.<\/p>\n<p>Faire de l&rsquo;exercice avant la chirurgie peut contribuer \u00e0 am\u00e9liorer votre endurance et \u00e0 renforcer vos muscles de sorte qu&rsquo;ils vous aident \u00e0 retrouver plus rapidement votre mobilit\u00e9 et votre force apr\u00e8s la chirurgie. Il est aussi possible que vous ayez besoin de renforcer les muscles du haut de votre corps afin de pouvoir mieux vous d\u00e9placer en b\u00e9quilles apr\u00e8s la chirurgie.<\/p>\n<p>Apr\u00e8s la chirurgie, vous devrez aussi faire des exercices pour favoriser votre r\u00e9tablissement. Il peut donc \u00eatre utile de s&rsquo;exercer \u00e0 faire les exercices recommand\u00e9s par son m\u00e9decin ou physioth\u00e9rapeute de sorte \u00e0 mieux les conna\u00eetre.<\/p>\n<p>L&rsquo;exercice peut vous aider \u00e0 perdre du poids avant la chirurgie, si c&rsquo;est ce que votre m\u00e9decin recommande.<\/p>\n<p>La marche est l&rsquo;une des activit\u00e9s les plus saines que l&rsquo;on puisse choisir pour am\u00e9liorer et maintenir sa mobilit\u00e9. L&rsquo;id\u00e9al est de marcher d&rsquo;un bon pas pendant 30\u00a0minutes, de 4 \u00e0 7\u00a0fois par semaine. Si vous n&rsquo;\u00eates pas capable de marcher 30\u00a0minutes cons\u00e9cutives, essayez de marcher pendant 10\u00a0minutes, 3\u00a0fois par jour.<\/p>\n<p>Le v\u00e9lo est un exercice adaptable qui favorise la sant\u00e9 cardiovasculaire et permet d&rsquo;accro\u00eetre sa force, et que l&rsquo;on peut faire \u00e0 son rythme. Vous pouvez faire du v\u00e9lo dans les rues de votre quartier, ou encore opter pour un v\u00e9lo stationnaire et en faire \u00e0 la maison ou au centre de conditionnement physique.<\/p>\n<p>La nage est une activit\u00e9 favorisant l&rsquo;endurance et qui est bonne pour votre c\u0153ur, vos poumons, votre circulation et vos muscles. Vous pouvez aussi essayer de faire des exercices dans l&rsquo;eau\u00a0: de tels exercices sont mod\u00e9r\u00e9s, ce qui fait que vos articulations ne subissent pas de tension ni de stress indus. Ces exercices tirent profit de la r\u00e9sistance de l&rsquo;eau pour bien faire travailler votre corps.<\/p>\n<p>Les exercices de renforcement peuvent \u00eatre faits \u00e0 la maison comme au centre de conditionnement physique. Ils vous aideront \u00e0 accro\u00eetre la force de vos muscles. Votre physioth\u00e9rapeute vous prescrira d&rsquo;ailleurs des exercices de renforcement apr\u00e8s la chirurgie afin d&rsquo;accro\u00eetre votre souplesse et l&rsquo;amplitude de vos mouvements. Suivez les conseils de votre physioth\u00e9rapeute de sorte \u00e0 faire ces exercices de renforcement en toute s\u00e9curit\u00e9 apr\u00e8s la chirurgie.<\/p>\n<p>L&rsquo;activit\u00e9 physique est sans danger pour la plupart des gens. Si vous ne faites pas d&rsquo;exercice de mani\u00e8re r\u00e9guli\u00e8re, consultez votre m\u00e9decin de famille avant de commencer un programme d&rsquo;exercice. Lorsque vous saurez quels exercices vous pouvez faire, discutez-en avec votre physioth\u00e9rapeute, puis v\u00e9rifiez les programmes offerts dans votre centre communautaire ou de conditionnement physique ou au YMCA, afin de garder la forme et de maintenir un poids sant\u00e9.<\/p>\n","protected":false},"excerpt":{"rendered":"\u00catre en forme et maintenir un poids sant\u00e9 jouent un r\u00f4le important dans votre quotidien. Cela peut \u00e9galement jouer un r\u00f4le important dans votre r\u00e9tablissement apr\u00e8s votre chirurgie. Apr\u00e8s votre&#8230; <a class=\"view-article\" href=\"https:\/\/movepainfree.org\/fr\/my-surgery\/tips-for-preparing-for-surgery\/fitness\/\">View Article<\/a>","protected":false},"author":1,"featured_media":0,"parent":300,"menu_order":10,"comment_status":"closed","ping_status":"closed","template":"","meta":{"footnotes":""},"class_list":["post-394","page","type-page","status-publish","hentry"],"yoast_head":"<!-- This site is optimized with the Yoast SEO plugin v27.0 - https:\/\/yoast.com\/product\/yoast-seo-wordpress\/ -->\n<title>Exercice - Fondation Canadienne d&#039;Orthop\u00e9die<\/title>\n<meta name=\"description\" content=\"La Fondation canadienne d&#039;orthop\u00e9die vient en aide aux patients orthop\u00e9diques, aux professionnels de la sant\u00e9 en orthop\u00e9die, ainsi qu&#039;aux personnes qui se pr\u00e9occupent de leur sant\u00e9 et des questions en mati\u00e8re de sant\u00e9 au sein de la collectivit\u00e9, et ce, \u00e0 l&#039;\u00e9gard de la sant\u00e9 des os et des articulations actuelle et \u00e0 venir.\" \/>\n<meta name=\"robots\" content=\"index, follow, max-snippet:-1, max-image-preview:large, max-video-preview:-1\" \/>\n<link rel=\"canonical\" href=\"https:\/\/movepainfree.org\/fr\/my-surgery\/tips-for-preparing-for-surgery\/fitness\/\" \/>\n<meta property=\"og:locale\" content=\"fr_FR\" \/>\n<meta property=\"og:type\" content=\"article\" \/>\n<meta property=\"og:title\" content=\"Exercice - Fondation Canadienne d&#039;Orthop\u00e9die\" \/>\n<meta property=\"og:description\" content=\"La Fondation canadienne d&#039;orthop\u00e9die vient en aide aux patients orthop\u00e9diques, aux professionnels de la sant\u00e9 en orthop\u00e9die, ainsi qu&#039;aux personnes qui se pr\u00e9occupent de leur sant\u00e9 et des questions en mati\u00e8re de sant\u00e9 au sein de la collectivit\u00e9, et ce, \u00e0 l&#039;\u00e9gard de la sant\u00e9 des os et des articulations actuelle et \u00e0 venir.\" \/>\n<meta property=\"og:url\" content=\"https:\/\/movepainfree.org\/fr\/my-surgery\/tips-for-preparing-for-surgery\/fitness\/\" \/>\n<meta property=\"og:site_name\" content=\"Fondation Canadienne d&#039;Orthop\u00e9die\" \/>\n<meta property=\"article:modified_time\" content=\"2015-06-02T14:40:57+00:00\" \/>\n<meta name=\"twitter:card\" content=\"summary_large_image\" \/>\n<meta name=\"twitter:label1\" content=\"Dur\u00e9e de lecture estim\u00e9e\" \/>\n\t<meta name=\"twitter:data1\" content=\"3 minutes\" \/>\n<script type=\"application\/ld+json\" class=\"yoast-schema-graph\">{\"@context\":\"https:\/\/schema.org\",\"@graph\":[{\"@type\":\"WebPage\",\"@id\":\"https:\/\/movepainfree.org\/fr\/my-surgery\/tips-for-preparing-for-surgery\/fitness\/\",\"url\":\"https:\/\/movepainfree.org\/fr\/my-surgery\/tips-for-preparing-for-surgery\/fitness\/\",\"name\":\"Exercice - Fondation Canadienne d&#039;Orthop\u00e9die\",\"isPartOf\":{\"@id\":\"https:\/\/movepainfree.org\/fr\/#website\"},\"datePublished\":\"2015-01-23T03:48:31+00:00\",\"dateModified\":\"2015-06-02T14:40:57+00:00\",\"description\":\"La Fondation canadienne d'orthop\u00e9die vient en aide aux patients orthop\u00e9diques, aux professionnels de la sant\u00e9 en orthop\u00e9die, ainsi qu'aux personnes qui se pr\u00e9occupent de leur sant\u00e9 et des questions en mati\u00e8re de sant\u00e9 au sein de la collectivit\u00e9, et ce, \u00e0 l'\u00e9gard de la sant\u00e9 des os et des articulations actuelle et \u00e0 venir.\",\"breadcrumb\":{\"@id\":\"https:\/\/movepainfree.org\/fr\/my-surgery\/tips-for-preparing-for-surgery\/fitness\/#breadcrumb\"},\"inLanguage\":\"fr-FR\",\"potentialAction\":[{\"@type\":\"ReadAction\",\"target\":[\"https:\/\/movepainfree.org\/fr\/my-surgery\/tips-for-preparing-for-surgery\/fitness\/\"]}]},{\"@type\":\"BreadcrumbList\",\"@id\":\"https:\/\/movepainfree.org\/fr\/my-surgery\/tips-for-preparing-for-surgery\/fitness\/#breadcrumb\",\"itemListElement\":[{\"@type\":\"ListItem\",\"position\":1,\"name\":\"Home\",\"item\":\"https:\/\/movepainfree.org\/fr\/\"},{\"@type\":\"ListItem\",\"position\":2,\"name\":\"Les interventions en chirurgie orthop\u00e9dique\",\"item\":\"https:\/\/movepainfree.org\/fr\/my-surgery\/\"},{\"@type\":\"ListItem\",\"position\":3,\"name\":\"Conseils pour se pr\u00e9parer \u00e0 une chirurgie\",\"item\":\"https:\/\/movepainfree.org\/fr\/my-surgery\/tips-for-preparing-for-surgery\/\"},{\"@type\":\"ListItem\",\"position\":4,\"name\":\"Exercice\"}]},{\"@type\":\"WebSite\",\"@id\":\"https:\/\/movepainfree.org\/fr\/#website\",\"url\":\"https:\/\/movepainfree.org\/fr\/\",\"name\":\"Fondation Canadienne d&#039;Orthop\u00e9die\",\"description\":\"Fund-raising Activities Support Research, Education, Community Care\",\"potentialAction\":[{\"@type\":\"SearchAction\",\"target\":{\"@type\":\"EntryPoint\",\"urlTemplate\":\"https:\/\/movepainfree.org\/fr\/?s={search_term_string}\"},\"query-input\":{\"@type\":\"PropertyValueSpecification\",\"valueRequired\":true,\"valueName\":\"search_term_string\"}}],\"inLanguage\":\"fr-FR\"}]}<\/script>\n<!-- \/ Yoast SEO plugin. -->","yoast_head_json":{"title":"Exercice - Fondation Canadienne d&#039;Orthop\u00e9die","description":"La Fondation canadienne d'orthop\u00e9die vient en aide aux patients orthop\u00e9diques, aux professionnels de la sant\u00e9 en orthop\u00e9die, ainsi qu'aux personnes qui se pr\u00e9occupent de leur sant\u00e9 et des questions en mati\u00e8re de sant\u00e9 au sein de la collectivit\u00e9, et ce, \u00e0 l'\u00e9gard de la sant\u00e9 des os et des articulations actuelle et \u00e0 venir.","robots":{"index":"index","follow":"follow","max-snippet":"max-snippet:-1","max-image-preview":"max-image-preview:large","max-video-preview":"max-video-preview:-1"},"canonical":"https:\/\/movepainfree.org\/fr\/my-surgery\/tips-for-preparing-for-surgery\/fitness\/","og_locale":"fr_FR","og_type":"article","og_title":"Exercice - Fondation Canadienne d&#039;Orthop\u00e9die","og_description":"La Fondation canadienne d'orthop\u00e9die vient en aide aux patients orthop\u00e9diques, aux professionnels de la sant\u00e9 en orthop\u00e9die, ainsi qu'aux personnes qui se pr\u00e9occupent de leur sant\u00e9 et des questions en mati\u00e8re de sant\u00e9 au sein de la collectivit\u00e9, et ce, \u00e0 l'\u00e9gard de la sant\u00e9 des os et des articulations actuelle et \u00e0 venir.","og_url":"https:\/\/movepainfree.org\/fr\/my-surgery\/tips-for-preparing-for-surgery\/fitness\/","og_site_name":"Fondation Canadienne d&#039;Orthop\u00e9die","article_modified_time":"2015-06-02T14:40:57+00:00","twitter_card":"summary_large_image","twitter_misc":{"Dur\u00e9e de lecture estim\u00e9e":"3 minutes"},"schema":{"@context":"https:\/\/schema.org","@graph":[{"@type":"WebPage","@id":"https:\/\/movepainfree.org\/fr\/my-surgery\/tips-for-preparing-for-surgery\/fitness\/","url":"https:\/\/movepainfree.org\/fr\/my-surgery\/tips-for-preparing-for-surgery\/fitness\/","name":"Exercice - Fondation Canadienne d&#039;Orthop\u00e9die","isPartOf":{"@id":"https:\/\/movepainfree.org\/fr\/#website"},"datePublished":"2015-01-23T03:48:31+00:00","dateModified":"2015-06-02T14:40:57+00:00","description":"La Fondation canadienne d'orthop\u00e9die vient en aide aux patients orthop\u00e9diques, aux professionnels de la sant\u00e9 en orthop\u00e9die, ainsi qu'aux personnes qui se pr\u00e9occupent de leur sant\u00e9 et des questions en mati\u00e8re de sant\u00e9 au sein de la collectivit\u00e9, et ce, \u00e0 l'\u00e9gard de la sant\u00e9 des os et des articulations actuelle et \u00e0 venir.","breadcrumb":{"@id":"https:\/\/movepainfree.org\/fr\/my-surgery\/tips-for-preparing-for-surgery\/fitness\/#breadcrumb"},"inLanguage":"fr-FR","potentialAction":[{"@type":"ReadAction","target":["https:\/\/movepainfree.org\/fr\/my-surgery\/tips-for-preparing-for-surgery\/fitness\/"]}]},{"@type":"BreadcrumbList","@id":"https:\/\/movepainfree.org\/fr\/my-surgery\/tips-for-preparing-for-surgery\/fitness\/#breadcrumb","itemListElement":[{"@type":"ListItem","position":1,"name":"Home","item":"https:\/\/movepainfree.org\/fr\/"},{"@type":"ListItem","position":2,"name":"Les interventions en chirurgie orthop\u00e9dique","item":"https:\/\/movepainfree.org\/fr\/my-surgery\/"},{"@type":"ListItem","position":3,"name":"Conseils pour se pr\u00e9parer \u00e0 une chirurgie","item":"https:\/\/movepainfree.org\/fr\/my-surgery\/tips-for-preparing-for-surgery\/"},{"@type":"ListItem","position":4,"name":"Exercice"}]},{"@type":"WebSite","@id":"https:\/\/movepainfree.org\/fr\/#website","url":"https:\/\/movepainfree.org\/fr\/","name":"Fondation Canadienne d&#039;Orthop\u00e9die","description":"Fund-raising Activities Support Research, Education, Community Care","potentialAction":[{"@type":"SearchAction","target":{"@type":"EntryPoint","urlTemplate":"https:\/\/movepainfree.org\/fr\/?s={search_term_string}"},"query-input":{"@type":"PropertyValueSpecification","valueRequired":true,"valueName":"search_term_string"}}],"inLanguage":"fr-FR"}]}},"_links":{"self":[{"href":"https:\/\/movepainfree.org\/fr\/wp-json\/wp\/v2\/pages\/394","targetHints":{"allow":["GET"]}}],"collection":[{"href":"https:\/\/movepainfree.org\/fr\/wp-json\/wp\/v2\/pages"}],"about":[{"href":"https:\/\/movepainfree.org\/fr\/wp-json\/wp\/v2\/types\/page"}],"author":[{"embeddable":true,"href":"https:\/\/movepainfree.org\/fr\/wp-json\/wp\/v2\/users\/1"}],"replies":[{"embeddable":true,"href":"https:\/\/movepainfree.org\/fr\/wp-json\/wp\/v2\/comments?post=394"}],"version-history":[{"count":3,"href":"https:\/\/movepainfree.org\/fr\/wp-json\/wp\/v2\/pages\/394\/revisions"}],"predecessor-version":[{"id":1294,"href":"https:\/\/movepainfree.org\/fr\/wp-json\/wp\/v2\/pages\/394\/revisions\/1294"}],"up":[{"embeddable":true,"href":"https:\/\/movepainfree.org\/fr\/wp-json\/wp\/v2\/pages\/300"}],"wp:attachment":[{"href":"https:\/\/movepainfree.org\/fr\/wp-json\/wp\/v2\/media?parent=394"}],"curies":[{"name":"wp","href":"https:\/\/api.w.org\/{rel}","templated":true}]}}