{"id":39,"date":"2015-01-19T22:09:32","date_gmt":"2015-01-19T22:09:32","guid":{"rendered":"https:\/\/movepainfree.org\/fr\/?page_id=39"},"modified":"2022-09-26T15:18:04","modified_gmt":"2022-09-26T15:18:04","slug":"grants-and-research","status":"publish","type":"page","link":"https:\/\/movepainfree.org\/fr\/grants-and-research\/","title":{"rendered":"Recherche"},"content":{"rendered":"<p>La Fondation Canadienne d&rsquo;Orthop\u00e9die s&rsquo;est engag\u00e9e \u00e0 faire progresser la sant\u00e9 des os et articulations en finan\u00e7ant la recherche, sa pierre angulaire. Chaque ann\u00e9e, la Fondation re\u00e7oit un large \u00e9ventail de candidatures pour des bourses de recherche li\u00e9es \u00e0 divers aspects de l&rsquo;orthop\u00e9die, allant des techniques de diagnostic aux nouvelles interventions chirurgicales. Un groupe de sp\u00e9cialistes \u00e9value les candidatures selon leur m\u00e9rite scientifique et les avantages cliniques pour les malades.<\/p>\n<p>Consultez la liste des <a href=\"https:\/\/movepainfree.org\/fr\/grants-and-research\/previous-grant-and-award-recipients\/\">laur\u00e9ats<\/a>\u00a0du prix de recherche.<\/p>\n<h2>Prix J.-\u00c9douard-Samson<\/h2>\n<p>Principal prix canadien en recherche orthop\u00e9dique, le Prix J.\u2011\u00c9douard-Samson reconna\u00eet la meilleure recherche en orthop\u00e9die men\u00e9e sur une p\u00e9riode d\u2019au moins cinq\u00a0(5)\u00a0ans dans un centre canadien.\u00a0<strong><a title=\"J. Edouard Samson Award\" href=\"https:\/\/movepainfree.org\/fr\/grants-and-research\/j-edouard-samson-award\/\">Cliquez ici<\/a><\/strong> pour en savoir plus.<\/p>\n<h2>Bourse de recherche du programme de l&rsquo;H\u00e9ritage de la recherche orthop\u00e9dique<\/h2>\n<p>Le fonds de dotation de l\u2019H\u00e9ritage de la recherche orthop\u00e9dique au Canada\u00a0(HROC) a \u00e9t\u00e9 cr\u00e9\u00e9 en 2006 dans le but de renforcer la r\u00e9putation en recherche orthop\u00e9dique du Canada \u00e0 l\u2019\u00e9chelle mondiale, permettant du m\u00eame coup aux patients de b\u00e9n\u00e9ficier des nouvelles techniques et des nouveaux traitements qui en d\u00e9coulent.\u00a0<strong><a title=\"CORL \u2013 Canadian Orthopaedic Research Legacy Grant\" href=\"https:\/\/movepainfree.org\/fr\/grants-and-research\/canadian-orthopaedic-research-legacy-grant\/\">Cliquez ici<\/a><\/strong> pour en savoir plus.<\/p>\n<h2>Prix d&rsquo;innovation communautaire<\/h2>\n<p>Ce prix r\u00e9compense les orthop\u00e9distes en milieu communautaire et les projets de recherche visant \u00e0 am\u00e9liorer les soins ou la sant\u00e9 de l\u2019appareil locomoteur dans leur collectivit\u00e9. Ce prix comble une lacune dans le paysage de la recherche au Canada et incite les orthop\u00e9distes en milieu communautaire \u00e0 concr\u00e9tiser leurs projets de recherche. <strong><a href=\"https:\/\/movepainfree.org\/fr\/prix-dinnovation-communautaire\/\" rel=\"noopener noreferrer\">Cliquez\u00a0ici<\/a><\/strong> pour de plus amples renseignements.<\/p>\n<h3>Bourse de recherche de la CSES<\/h3>\n<p>La Fondation Canadienne d\u2019Orthop\u00e9die lance, en collaboration avec la Soci\u00e9t\u00e9 canadienne de l\u2019\u00e9paule et du coude\u00a0(CSES), une nouvelle bourse de recherche\u00a0: la Bourse de recherche de la CSES. Cette bourse a \u00e9t\u00e9 cr\u00e9\u00e9e afin de soutenir les orthop\u00e9distes et de les inciter \u00e0 mener des recherches concert\u00e9es sur l\u2019\u00e9paule ou le coude. <strong><a href=\"https:\/\/movepainfree.org\/fr\/bourse-de-recherche-de-la-cses\/\">Cliquez ici<\/a> <\/strong>pour en savoir plus.<\/p>\n<h2>Bourses et prix sp\u00e9ciaux<\/h2>\n<p>Lorsque le financement le permet, la Fondation remet trois bourses et prix de recherche sp\u00e9ciaux\u00a0: la Bourse Carroll-A.-Laurin, qui reconna\u00eet l\u2019excellence en recherche clinique; la Bourse Robert-B.-Salter, qui souligne l\u2019excellence en recherche fondamentale; et le\u00a0Prix\u00a0Cy\u2011Frank, qui souligne l\u2019excellence dans l\u2019innovation. De plus, une des candidatures retenues pourrait aussi \u00eatre choisie pour le Prix Alexandra-Kirkley du jeune chercheur, qui reconna\u00eet les travaux exceptionnels chez les scientifiques de moins de 40\u00a0ans.<\/p>\n<hr \/>\n<p>En plus de ce qui pr\u00e9c\u00e8de, la Fondation soutient un large \u00e9ventail d\u2019initiatives de sensibilisation \u00e0 la sant\u00e9 des os et des articulations\u00a0:<\/p>\n<h2>Fonds de bourses d&rsquo;\u00e9tudes Bones and Phones<\/h2>\n<p>Le <em>Fonds de bourses d&rsquo;\u00e9tudes Bones and Phones<\/em> vise \u00e0 reconna\u00eetre des r\u00e9sidents en orthop\u00e9die dont la contribution et l&rsquo;engagement exceptionnels pendant leur r\u00e9sidence ont permis d&rsquo;am\u00e9liorer la sant\u00e9 de l&rsquo;appareil locomoteur dans leur collectivit\u00e9 ou ailleurs. <a title=\"Bones and Phones Scholarship\" href=\"https:\/\/movepainfree.org\/fr\/grants-and-research\/bones-and-phones-scholarship\/\"><strong>Cliquez ici<\/strong><\/a> pour en savoir plus.<\/p>\n<h2>Prix Robin-Richards de la recherche sur les membres sup\u00e9rieurs<\/h2>\n<p>Le Prix Robin-Richards de la recherche sur les membres sup\u00e9rieurs r\u00e9compense le meilleur pr\u00e9cis sur les membres sup\u00e9rieurs pr\u00e9sent\u00e9 \u00e0 la R\u00e9union annuelle de l\u2019Association Canadienne d\u2019Orthop\u00e9die. <strong><a href=\"https:\/\/movepainfree.org\/fr\/prix-robin-richards-de-la-recherche-sur-les-membres-superieurs\/\">Cliquez ici<\/a> <\/strong>pour de plus amples renseignements.<\/p>\n<h2>Bourse du cours annuel de science fondamentale de l\u2019ACO<\/h2>\n<p>En partenariat avec le D<sup>r<\/sup>\u00a0Thomas\u00a0V. Smallman et le cours annuel de science fondamentale de l\u2019ACO, la Fondation Canadienne d\u2019Orthop\u00e9die\u00a0(FCO) a cr\u00e9\u00e9 la Bourse du cours annuel de science fondamentale de l\u2019ACO afin d\u2019inciter les r\u00e9sidents en orthop\u00e9die \u00e0 profiter du processus d\u2019analyse\u00a0\u2013 et de pr\u00e9paration en vue de leur pr\u00e9sentation\u00a0\u2013 des aspects pertinents d\u2019un cas clinique complexe. <a href=\"https:\/\/movepainfree.org\/fr\/bourse-du-cours-annuel-de-science-fondamentale-de-laco\/\"><strong>Cliquez\u00a0ici<\/strong><\/a> pour de plus amples renseignements.<\/p>\n<h2>Bourse de voyage Anica Bitenc<\/h2>\n<p>En 1982, l\u2019Association Canadienne d\u2019Orthop\u00e9die (ACO) a re\u00e7u une offre d\u2019un de ses membres, le Dr Igor Bitenc, qui souhaitait commanditer une bourse de voyage annuelle destin\u00e9e \u00e0 un jeune orthop\u00e9diste de l\u2019ex-Yougoslavie. Cette bourse \u00e0 la m\u00e9moire de sa d\u00e9funte m\u00e8re, Mme Anica Bitenc, est financ\u00e9e par les dons annuels du Dr Bitenc, vers\u00e9s dans un fonds de dotation g\u00e9r\u00e9 par la Fondation Canadienne d\u2019Orthop\u00e9die. <a title=\"Anica Bitenc Travelling Fellowship\" href=\"https:\/\/movepainfree.org\/fr\/grants-and-research\/anica-bitenc-travelling-fellowship\/\"><strong>Cliquez ici<\/strong><\/a> pour en savoir plus.<\/p>\n<h2>R.I. Harris<\/h2>\n<p>Le D<sup>r<\/sup>\u00a0R.I.\u00a0Harris a fa\u00e7onn\u00e9 la communaut\u00e9 orthop\u00e9dique canadienne. \u00c0 la suite de son d\u00e9c\u00e8s, en 1966, la Fondation a souhait\u00e9 rendre hommage \u00e0 sa contribution majeure en cr\u00e9ant une conf\u00e9rence annuelle \u00e0 la R\u00e9union annuelle de l\u2019Association Canadienne d\u2019Orthop\u00e9die\u00a0(ACO).\u00a0Cette conf\u00e9rence devait \u00eatre l\u2019occasion pour les orthop\u00e9distes canadiens de se r\u00e9unir et d\u2019approfondir leurs connaissances aupr\u00e8s de conf\u00e9renciers de renom provenant de partout dans le monde. <a title=\"R.I. Harris Lecture\" href=\"https:\/\/movepainfree.org\/fr\/grants-and-research\/r-i-harris-lecture\/\"><strong>Cliquez ici<\/strong><\/a> pour en savoir plus.<\/p>\n<h2>Conf\u00e9rence Macnab<\/h2>\n<p>Chercheur, professeur et orthop\u00e9diste d\u2019exception, le Dr Ian Macnab a apport\u00e9 une contribution consid\u00e9rable \u00e0 la communaut\u00e9 orthop\u00e9dique canadienne. \u00c0 la suite de son d\u00e9c\u00e8s, en 1992, on a cr\u00e9\u00e9 une conf\u00e9rence \u00e9ducative en son honneur. La premi\u00e8re a \u00e9t\u00e9 donn\u00e9e par le Dr E.H. Simmons, en 1994. <a title=\"Macnab Lecture\" href=\"https:\/\/movepainfree.org\/fr\/grants-and-research\/macnab-lecture\/\"><strong>Cliquez ici<\/strong><\/a> pour en savoir plus.<\/p>\n<h2>Bourses d&rsquo;investissement communautaire<\/h2>\n<p>En fonction des fonds disponibles, des bourses communautaires sont attribu\u00e9es \u00e0 des projets conformes \u00e0 notre mission, soit atteindre l\u2019excellence en mati\u00e8re de sant\u00e9 des os et des articulations et de mobilit\u00e9 en faisant progresser la recherche sur l\u2019appareil locomoteur, la sensibilisation et les soins.<\/p>\n","protected":false},"excerpt":{"rendered":"La Fondation Canadienne d&rsquo;Orthop\u00e9die s&rsquo;est engag\u00e9e \u00e0 faire progresser la sant\u00e9 des os et articulations en finan\u00e7ant la recherche, sa pierre angulaire. Chaque ann\u00e9e, la Fondation re\u00e7oit un large \u00e9ventail&#8230; <a class=\"view-article\" href=\"https:\/\/movepainfree.org\/fr\/grants-and-research\/\">View Article<\/a>","protected":false},"author":1,"featured_media":0,"parent":0,"menu_order":50,"comment_status":"closed","ping_status":"closed","template":"","meta":{"footnotes":""},"class_list":["post-39","page","type-page","status-publish","hentry"],"yoast_head":"<!-- This site is optimized with the Yoast SEO plugin v27.0 - https:\/\/yoast.com\/product\/yoast-seo-wordpress\/ -->\n<title>Recherche - Fondation Canadienne d&#039;Orthop\u00e9die<\/title>\n<meta name=\"description\" content=\"La Fondation canadienne d&#039;orthop\u00e9die vient en aide aux patients orthop\u00e9diques, aux professionnels de la sant\u00e9 en orthop\u00e9die, ainsi qu&#039;aux personnes qui se pr\u00e9occupent de leur sant\u00e9 et des questions en mati\u00e8re de sant\u00e9 au sein de la collectivit\u00e9, et ce, \u00e0 l&#039;\u00e9gard de la sant\u00e9 des os et des articulations actuelle et \u00e0 venir.\" \/>\n<meta name=\"robots\" content=\"index, follow, max-snippet:-1, max-image-preview:large, max-video-preview:-1\" \/>\n<link rel=\"canonical\" href=\"https:\/\/movepainfree.org\/fr\/grants-and-research\/\" \/>\n<meta property=\"og:locale\" content=\"fr_FR\" \/>\n<meta property=\"og:type\" content=\"article\" \/>\n<meta property=\"og:title\" content=\"Recherche - Fondation Canadienne d&#039;Orthop\u00e9die\" \/>\n<meta property=\"og:description\" content=\"La Fondation canadienne d&#039;orthop\u00e9die vient en aide aux patients orthop\u00e9diques, aux professionnels de la sant\u00e9 en orthop\u00e9die, ainsi qu&#039;aux personnes qui se pr\u00e9occupent de leur sant\u00e9 et des questions en mati\u00e8re de sant\u00e9 au sein de la collectivit\u00e9, et ce, \u00e0 l&#039;\u00e9gard de la sant\u00e9 des os et des articulations actuelle et \u00e0 venir.\" \/>\n<meta property=\"og:url\" content=\"https:\/\/movepainfree.org\/fr\/grants-and-research\/\" \/>\n<meta property=\"og:site_name\" content=\"Fondation Canadienne d&#039;Orthop\u00e9die\" \/>\n<meta property=\"article:modified_time\" content=\"2022-09-26T15:18:04+00:00\" \/>\n<meta name=\"twitter:card\" content=\"summary_large_image\" \/>\n<meta name=\"twitter:label1\" content=\"Dur\u00e9e de lecture estim\u00e9e\" \/>\n\t<meta name=\"twitter:data1\" content=\"5 minutes\" \/>\n<script type=\"application\/ld+json\" class=\"yoast-schema-graph\">{\"@context\":\"https:\/\/schema.org\",\"@graph\":[{\"@type\":\"WebPage\",\"@id\":\"https:\/\/movepainfree.org\/fr\/grants-and-research\/\",\"url\":\"https:\/\/movepainfree.org\/fr\/grants-and-research\/\",\"name\":\"Recherche - Fondation Canadienne d&#039;Orthop\u00e9die\",\"isPartOf\":{\"@id\":\"https:\/\/movepainfree.org\/fr\/#website\"},\"datePublished\":\"2015-01-19T22:09:32+00:00\",\"dateModified\":\"2022-09-26T15:18:04+00:00\",\"description\":\"La Fondation canadienne d'orthop\u00e9die vient en aide aux patients orthop\u00e9diques, aux professionnels de la sant\u00e9 en orthop\u00e9die, ainsi qu'aux personnes qui se pr\u00e9occupent de leur sant\u00e9 et des questions en mati\u00e8re de sant\u00e9 au sein de la collectivit\u00e9, et ce, \u00e0 l'\u00e9gard de la sant\u00e9 des os et des articulations actuelle et \u00e0 venir.\",\"breadcrumb\":{\"@id\":\"https:\/\/movepainfree.org\/fr\/grants-and-research\/#breadcrumb\"},\"inLanguage\":\"fr-FR\",\"potentialAction\":[{\"@type\":\"ReadAction\",\"target\":[\"https:\/\/movepainfree.org\/fr\/grants-and-research\/\"]}]},{\"@type\":\"BreadcrumbList\",\"@id\":\"https:\/\/movepainfree.org\/fr\/grants-and-research\/#breadcrumb\",\"itemListElement\":[{\"@type\":\"ListItem\",\"position\":1,\"name\":\"Home\",\"item\":\"https:\/\/movepainfree.org\/fr\/\"},{\"@type\":\"ListItem\",\"position\":2,\"name\":\"Recherche\"}]},{\"@type\":\"WebSite\",\"@id\":\"https:\/\/movepainfree.org\/fr\/#website\",\"url\":\"https:\/\/movepainfree.org\/fr\/\",\"name\":\"Fondation Canadienne d&#039;Orthop\u00e9die\",\"description\":\"Fund-raising Activities Support Research, Education, Community Care\",\"potentialAction\":[{\"@type\":\"SearchAction\",\"target\":{\"@type\":\"EntryPoint\",\"urlTemplate\":\"https:\/\/movepainfree.org\/fr\/?s={search_term_string}\"},\"query-input\":{\"@type\":\"PropertyValueSpecification\",\"valueRequired\":true,\"valueName\":\"search_term_string\"}}],\"inLanguage\":\"fr-FR\"}]}<\/script>\n<!-- \/ Yoast SEO plugin. -->","yoast_head_json":{"title":"Recherche - Fondation Canadienne d&#039;Orthop\u00e9die","description":"La Fondation canadienne d'orthop\u00e9die vient en aide aux patients orthop\u00e9diques, aux professionnels de la sant\u00e9 en orthop\u00e9die, ainsi qu'aux personnes qui se pr\u00e9occupent de leur sant\u00e9 et des questions en mati\u00e8re de sant\u00e9 au sein de la collectivit\u00e9, et ce, \u00e0 l'\u00e9gard de la sant\u00e9 des os et des articulations actuelle et \u00e0 venir.","robots":{"index":"index","follow":"follow","max-snippet":"max-snippet:-1","max-image-preview":"max-image-preview:large","max-video-preview":"max-video-preview:-1"},"canonical":"https:\/\/movepainfree.org\/fr\/grants-and-research\/","og_locale":"fr_FR","og_type":"article","og_title":"Recherche - Fondation Canadienne d&#039;Orthop\u00e9die","og_description":"La Fondation canadienne d'orthop\u00e9die vient en aide aux patients orthop\u00e9diques, aux professionnels de la sant\u00e9 en orthop\u00e9die, ainsi qu'aux personnes qui se pr\u00e9occupent de leur sant\u00e9 et des questions en mati\u00e8re de sant\u00e9 au sein de la collectivit\u00e9, et ce, \u00e0 l'\u00e9gard de la sant\u00e9 des os et des articulations actuelle et \u00e0 venir.","og_url":"https:\/\/movepainfree.org\/fr\/grants-and-research\/","og_site_name":"Fondation Canadienne d&#039;Orthop\u00e9die","article_modified_time":"2022-09-26T15:18:04+00:00","twitter_card":"summary_large_image","twitter_misc":{"Dur\u00e9e de lecture estim\u00e9e":"5 minutes"},"schema":{"@context":"https:\/\/schema.org","@graph":[{"@type":"WebPage","@id":"https:\/\/movepainfree.org\/fr\/grants-and-research\/","url":"https:\/\/movepainfree.org\/fr\/grants-and-research\/","name":"Recherche - Fondation Canadienne d&#039;Orthop\u00e9die","isPartOf":{"@id":"https:\/\/movepainfree.org\/fr\/#website"},"datePublished":"2015-01-19T22:09:32+00:00","dateModified":"2022-09-26T15:18:04+00:00","description":"La Fondation canadienne d'orthop\u00e9die vient en aide aux patients orthop\u00e9diques, aux professionnels de la sant\u00e9 en orthop\u00e9die, ainsi qu'aux personnes qui se pr\u00e9occupent de leur sant\u00e9 et des questions en mati\u00e8re de sant\u00e9 au sein de la collectivit\u00e9, et ce, \u00e0 l'\u00e9gard de la sant\u00e9 des os et des articulations actuelle et \u00e0 venir.","breadcrumb":{"@id":"https:\/\/movepainfree.org\/fr\/grants-and-research\/#breadcrumb"},"inLanguage":"fr-FR","potentialAction":[{"@type":"ReadAction","target":["https:\/\/movepainfree.org\/fr\/grants-and-research\/"]}]},{"@type":"BreadcrumbList","@id":"https:\/\/movepainfree.org\/fr\/grants-and-research\/#breadcrumb","itemListElement":[{"@type":"ListItem","position":1,"name":"Home","item":"https:\/\/movepainfree.org\/fr\/"},{"@type":"ListItem","position":2,"name":"Recherche"}]},{"@type":"WebSite","@id":"https:\/\/movepainfree.org\/fr\/#website","url":"https:\/\/movepainfree.org\/fr\/","name":"Fondation Canadienne d&#039;Orthop\u00e9die","description":"Fund-raising Activities Support Research, Education, Community Care","potentialAction":[{"@type":"SearchAction","target":{"@type":"EntryPoint","urlTemplate":"https:\/\/movepainfree.org\/fr\/?s={search_term_string}"},"query-input":{"@type":"PropertyValueSpecification","valueRequired":true,"valueName":"search_term_string"}}],"inLanguage":"fr-FR"}]}},"_links":{"self":[{"href":"https:\/\/movepainfree.org\/fr\/wp-json\/wp\/v2\/pages\/39","targetHints":{"allow":["GET"]}}],"collection":[{"href":"https:\/\/movepainfree.org\/fr\/wp-json\/wp\/v2\/pages"}],"about":[{"href":"https:\/\/movepainfree.org\/fr\/wp-json\/wp\/v2\/types\/page"}],"author":[{"embeddable":true,"href":"https:\/\/movepainfree.org\/fr\/wp-json\/wp\/v2\/users\/1"}],"replies":[{"embeddable":true,"href":"https:\/\/movepainfree.org\/fr\/wp-json\/wp\/v2\/comments?post=39"}],"version-history":[{"count":54,"href":"https:\/\/movepainfree.org\/fr\/wp-json\/wp\/v2\/pages\/39\/revisions"}],"predecessor-version":[{"id":3995,"href":"https:\/\/movepainfree.org\/fr\/wp-json\/wp\/v2\/pages\/39\/revisions\/3995"}],"wp:attachment":[{"href":"https:\/\/movepainfree.org\/fr\/wp-json\/wp\/v2\/media?parent=39"}],"curies":[{"name":"wp","href":"https:\/\/api.w.org\/{rel}","templated":true}]}}