{"id":386,"date":"2015-01-23T03:11:33","date_gmt":"2015-01-23T03:11:33","guid":{"rendered":"https:\/\/movepainfree.org\/fr\/?page_id=386"},"modified":"2016-01-26T14:26:45","modified_gmt":"2016-01-26T14:26:45","slug":"what-the-surgeon-needs-to-know","status":"publish","type":"page","link":"https:\/\/movepainfree.org\/fr\/my-surgery\/your-surgical-journey\/what-the-surgeon-needs-to-know\/","title":{"rendered":"Ce que l&rsquo;orthop\u00e9diste doit savoir\u00e8"},"content":{"rendered":"<p>Au cours de votre premier rendez-vous avec votre orthop\u00e9diste, vous discuterez avec lui des possibilit\u00e9s de traitement qui s&rsquo;offrent \u00e0 vous. Il est donc important de bien vous y pr\u00e9parer, ce qui vous aidera d&rsquo;ailleurs \u00e0 tirer le maximum du temps qui vous est allou\u00e9.<\/p>\n<p>Si vous \u00eates aux prises avec d&rsquo;autres probl\u00e8mes de sant\u00e9, il serait bon que vous rassembliez tous les renseignements pertinents concernant vos soins. Une fois que vous aurez convenu de la n\u00e9cessit\u00e9 de subir une chirurgie, votre orthop\u00e9diste devra peut-\u00eatre communiquer avec chacun de vos m\u00e9decins afin de se renseigner sur vos autres probl\u00e8mes de sant\u00e9.<\/p>\n<p>Votre orthop\u00e9diste voudra aussi conna\u00eetre la liste de tous les m\u00e9dicaments que vous prenez, autant ceux prescrits que ceux en vente libre. Il pourrait \u00eatre utile de regrouper tous vos renseignements m\u00e9dicaux, y compris les traitements compl\u00e9mentaires et parall\u00e8les, afin de pouvoir facilement les transmettre \u00e0 votre orthop\u00e9diste. Prenez en note le nom et le num\u00e9ro de t\u00e9l\u00e9phone de tous vos m\u00e9decins. Dressez \u00e9galement la liste des m\u00e9dicaments que vous prenez et indiquez la raison pour laquelle ils ont \u00e9t\u00e9 prescrits ainsi que la posologie de chacun. Pensez aussi \u00e0 inclure de l&rsquo;information sur vos allergies et sur votre assurance-sant\u00e9.<\/p>\n<p>L&rsquo;orthop\u00e9diste voudra que vous lui parliez de la douleur que vous ressentez et de ce que vous faites pour la soulager. Il pourrait donc \u00eatre utile de prendre des notes. Voici quelques questions pour vous guider\u00a0en ce sens\u00a0:<\/p>\n<ul class=\"unIndentedList\">\n<li>Quels changements avez-vous observ\u00e9s r\u00e9cemment sur le plan de la douleur et de la mobilit\u00e9?<\/li>\n<li>Depuis quand ressentez-vous de la douleur \u00e0 cette articulation?<\/li>\n<li>Pouvez-vous d\u00e9crire la douleur de fa\u00e7on pr\u00e9cise?<\/li>\n<li>Quels mouvements ou activit\u00e9s semblent provoquer ou aggraver la douleur?<\/li>\n<li>\u00c0 quel moment de la journ\u00e9e la douleur est-elle la plus vive?<\/li>\n<li>Qu&rsquo;est-ce qui apaise la douleur?<\/li>\n<li>Quelles sont vos limitations fonctionnelles ou les r\u00e9percussions de la douleur sur votre qualit\u00e9 de vie?<\/li>\n<\/ul>\n<p>N&rsquo;oubliez pas d&rsquo;apporter tous vos r\u00e9sultats de tomodensitom\u00e9trie ou d&rsquo;imagerie par r\u00e9sonnance magn\u00e9tique et vos radiographies, des plus anciens aux plus r\u00e9cents.<\/p>\n<p>Pour plus de confort, peut-\u00eatre devriez-vous envisager de porter un short pour l&rsquo;examen physique des articulations affect\u00e9es.<\/p>\n<p>Voici un <a href=\"https:\/\/movepainfree.org\/fr\/wp-content\/uploads\/sites\/3\/Medical-Info-Form-2015-FR.pdf\" target=\"_blank\">formulaire<\/a> que vous pouvez utiliser pour vous aider \u00e0 compiler les renseignements dont votre orthop\u00e9diste aura besoin.<\/p>\n","protected":false},"excerpt":{"rendered":"Au cours de votre premier rendez-vous avec votre orthop\u00e9diste, vous discuterez avec lui des possibilit\u00e9s de traitement qui s&rsquo;offrent \u00e0 vous. Il est donc important de bien vous y pr\u00e9parer,&#8230; <a class=\"view-article\" href=\"https:\/\/movepainfree.org\/fr\/my-surgery\/your-surgical-journey\/what-the-surgeon-needs-to-know\/\">View Article<\/a>","protected":false},"author":1,"featured_media":0,"parent":298,"menu_order":10,"comment_status":"closed","ping_status":"closed","template":"","meta":{"footnotes":""},"class_list":["post-386","page","type-page","status-publish","hentry"],"yoast_head":"<!-- This site is optimized with the Yoast SEO plugin v27.0 - https:\/\/yoast.com\/product\/yoast-seo-wordpress\/ -->\n<title>Ce que l&#039;orthop\u00e9diste doit savoir\u00e8 - Fondation Canadienne d&#039;Orthop\u00e9die<\/title>\n<meta name=\"description\" content=\"La Fondation canadienne d&#039;orthop\u00e9die vient en aide aux patients orthop\u00e9diques, aux professionnels de la sant\u00e9 en orthop\u00e9die, ainsi qu&#039;aux personnes qui se pr\u00e9occupent de leur sant\u00e9 et des questions en mati\u00e8re de sant\u00e9 au sein de la collectivit\u00e9, et ce, \u00e0 l&#039;\u00e9gard de la sant\u00e9 des os et des articulations actuelle et \u00e0 venir.\" \/>\n<meta name=\"robots\" content=\"index, follow, max-snippet:-1, max-image-preview:large, max-video-preview:-1\" \/>\n<link rel=\"canonical\" href=\"https:\/\/movepainfree.org\/fr\/my-surgery\/your-surgical-journey\/what-the-surgeon-needs-to-know\/\" \/>\n<meta property=\"og:locale\" content=\"fr_FR\" \/>\n<meta property=\"og:type\" content=\"article\" \/>\n<meta property=\"og:title\" content=\"Ce que l&#039;orthop\u00e9diste doit savoir\u00e8 - Fondation Canadienne d&#039;Orthop\u00e9die\" \/>\n<meta property=\"og:description\" content=\"La Fondation canadienne d&#039;orthop\u00e9die vient en aide aux patients orthop\u00e9diques, aux professionnels de la sant\u00e9 en orthop\u00e9die, ainsi qu&#039;aux personnes qui se pr\u00e9occupent de leur sant\u00e9 et des questions en mati\u00e8re de sant\u00e9 au sein de la collectivit\u00e9, et ce, \u00e0 l&#039;\u00e9gard de la sant\u00e9 des os et des articulations actuelle et \u00e0 venir.\" \/>\n<meta property=\"og:url\" content=\"https:\/\/movepainfree.org\/fr\/my-surgery\/your-surgical-journey\/what-the-surgeon-needs-to-know\/\" \/>\n<meta property=\"og:site_name\" content=\"Fondation Canadienne d&#039;Orthop\u00e9die\" \/>\n<meta property=\"article:modified_time\" content=\"2016-01-26T14:26:45+00:00\" \/>\n<meta name=\"twitter:card\" content=\"summary_large_image\" \/>\n<meta name=\"twitter:label1\" content=\"Dur\u00e9e de lecture estim\u00e9e\" \/>\n\t<meta name=\"twitter:data1\" content=\"2 minutes\" \/>\n<script type=\"application\/ld+json\" class=\"yoast-schema-graph\">{\"@context\":\"https:\/\/schema.org\",\"@graph\":[{\"@type\":\"WebPage\",\"@id\":\"https:\/\/movepainfree.org\/fr\/my-surgery\/your-surgical-journey\/what-the-surgeon-needs-to-know\/\",\"url\":\"https:\/\/movepainfree.org\/fr\/my-surgery\/your-surgical-journey\/what-the-surgeon-needs-to-know\/\",\"name\":\"Ce que l'orthop\u00e9diste doit savoir\u00e8 - Fondation Canadienne d&#039;Orthop\u00e9die\",\"isPartOf\":{\"@id\":\"https:\/\/movepainfree.org\/fr\/#website\"},\"datePublished\":\"2015-01-23T03:11:33+00:00\",\"dateModified\":\"2016-01-26T14:26:45+00:00\",\"description\":\"La Fondation canadienne d'orthop\u00e9die vient en aide aux patients orthop\u00e9diques, aux professionnels de la sant\u00e9 en orthop\u00e9die, ainsi qu'aux personnes qui se pr\u00e9occupent de leur sant\u00e9 et des questions en mati\u00e8re de sant\u00e9 au sein de la collectivit\u00e9, et ce, \u00e0 l'\u00e9gard de la sant\u00e9 des os et des articulations actuelle et \u00e0 venir.\",\"breadcrumb\":{\"@id\":\"https:\/\/movepainfree.org\/fr\/my-surgery\/your-surgical-journey\/what-the-surgeon-needs-to-know\/#breadcrumb\"},\"inLanguage\":\"fr-FR\",\"potentialAction\":[{\"@type\":\"ReadAction\",\"target\":[\"https:\/\/movepainfree.org\/fr\/my-surgery\/your-surgical-journey\/what-the-surgeon-needs-to-know\/\"]}]},{\"@type\":\"BreadcrumbList\",\"@id\":\"https:\/\/movepainfree.org\/fr\/my-surgery\/your-surgical-journey\/what-the-surgeon-needs-to-know\/#breadcrumb\",\"itemListElement\":[{\"@type\":\"ListItem\",\"position\":1,\"name\":\"Home\",\"item\":\"https:\/\/movepainfree.org\/fr\/\"},{\"@type\":\"ListItem\",\"position\":2,\"name\":\"Les interventions en chirurgie orthop\u00e9dique\",\"item\":\"https:\/\/movepainfree.org\/fr\/my-surgery\/\"},{\"@type\":\"ListItem\",\"position\":3,\"name\":\"Continuum de soins pour orthop\u00e9diques\",\"item\":\"https:\/\/movepainfree.org\/fr\/my-surgery\/your-surgical-journey\/\"},{\"@type\":\"ListItem\",\"position\":4,\"name\":\"Ce que l&rsquo;orthop\u00e9diste doit savoir\u00e8\"}]},{\"@type\":\"WebSite\",\"@id\":\"https:\/\/movepainfree.org\/fr\/#website\",\"url\":\"https:\/\/movepainfree.org\/fr\/\",\"name\":\"Fondation Canadienne d&#039;Orthop\u00e9die\",\"description\":\"Fund-raising Activities Support Research, Education, Community Care\",\"potentialAction\":[{\"@type\":\"SearchAction\",\"target\":{\"@type\":\"EntryPoint\",\"urlTemplate\":\"https:\/\/movepainfree.org\/fr\/?s={search_term_string}\"},\"query-input\":{\"@type\":\"PropertyValueSpecification\",\"valueRequired\":true,\"valueName\":\"search_term_string\"}}],\"inLanguage\":\"fr-FR\"}]}<\/script>\n<!-- \/ Yoast SEO plugin. -->","yoast_head_json":{"title":"Ce que l'orthop\u00e9diste doit savoir\u00e8 - Fondation Canadienne d&#039;Orthop\u00e9die","description":"La Fondation canadienne d'orthop\u00e9die vient en aide aux patients orthop\u00e9diques, aux professionnels de la sant\u00e9 en orthop\u00e9die, ainsi qu'aux personnes qui se pr\u00e9occupent de leur sant\u00e9 et des questions en mati\u00e8re de sant\u00e9 au sein de la collectivit\u00e9, et ce, \u00e0 l'\u00e9gard de la sant\u00e9 des os et des articulations actuelle et \u00e0 venir.","robots":{"index":"index","follow":"follow","max-snippet":"max-snippet:-1","max-image-preview":"max-image-preview:large","max-video-preview":"max-video-preview:-1"},"canonical":"https:\/\/movepainfree.org\/fr\/my-surgery\/your-surgical-journey\/what-the-surgeon-needs-to-know\/","og_locale":"fr_FR","og_type":"article","og_title":"Ce que l'orthop\u00e9diste doit savoir\u00e8 - Fondation Canadienne d&#039;Orthop\u00e9die","og_description":"La Fondation canadienne d'orthop\u00e9die vient en aide aux patients orthop\u00e9diques, aux professionnels de la sant\u00e9 en orthop\u00e9die, ainsi qu'aux personnes qui se pr\u00e9occupent de leur sant\u00e9 et des questions en mati\u00e8re de sant\u00e9 au sein de la collectivit\u00e9, et ce, \u00e0 l'\u00e9gard de la sant\u00e9 des os et des articulations actuelle et \u00e0 venir.","og_url":"https:\/\/movepainfree.org\/fr\/my-surgery\/your-surgical-journey\/what-the-surgeon-needs-to-know\/","og_site_name":"Fondation Canadienne d&#039;Orthop\u00e9die","article_modified_time":"2016-01-26T14:26:45+00:00","twitter_card":"summary_large_image","twitter_misc":{"Dur\u00e9e de lecture estim\u00e9e":"2 minutes"},"schema":{"@context":"https:\/\/schema.org","@graph":[{"@type":"WebPage","@id":"https:\/\/movepainfree.org\/fr\/my-surgery\/your-surgical-journey\/what-the-surgeon-needs-to-know\/","url":"https:\/\/movepainfree.org\/fr\/my-surgery\/your-surgical-journey\/what-the-surgeon-needs-to-know\/","name":"Ce que l'orthop\u00e9diste doit savoir\u00e8 - Fondation Canadienne d&#039;Orthop\u00e9die","isPartOf":{"@id":"https:\/\/movepainfree.org\/fr\/#website"},"datePublished":"2015-01-23T03:11:33+00:00","dateModified":"2016-01-26T14:26:45+00:00","description":"La Fondation canadienne d'orthop\u00e9die vient en aide aux patients orthop\u00e9diques, aux professionnels de la sant\u00e9 en orthop\u00e9die, ainsi qu'aux personnes qui se pr\u00e9occupent de leur sant\u00e9 et des questions en mati\u00e8re de sant\u00e9 au sein de la collectivit\u00e9, et ce, \u00e0 l'\u00e9gard de la sant\u00e9 des os et des articulations actuelle et \u00e0 venir.","breadcrumb":{"@id":"https:\/\/movepainfree.org\/fr\/my-surgery\/your-surgical-journey\/what-the-surgeon-needs-to-know\/#breadcrumb"},"inLanguage":"fr-FR","potentialAction":[{"@type":"ReadAction","target":["https:\/\/movepainfree.org\/fr\/my-surgery\/your-surgical-journey\/what-the-surgeon-needs-to-know\/"]}]},{"@type":"BreadcrumbList","@id":"https:\/\/movepainfree.org\/fr\/my-surgery\/your-surgical-journey\/what-the-surgeon-needs-to-know\/#breadcrumb","itemListElement":[{"@type":"ListItem","position":1,"name":"Home","item":"https:\/\/movepainfree.org\/fr\/"},{"@type":"ListItem","position":2,"name":"Les interventions en chirurgie orthop\u00e9dique","item":"https:\/\/movepainfree.org\/fr\/my-surgery\/"},{"@type":"ListItem","position":3,"name":"Continuum de soins pour orthop\u00e9diques","item":"https:\/\/movepainfree.org\/fr\/my-surgery\/your-surgical-journey\/"},{"@type":"ListItem","position":4,"name":"Ce que l&rsquo;orthop\u00e9diste doit savoir\u00e8"}]},{"@type":"WebSite","@id":"https:\/\/movepainfree.org\/fr\/#website","url":"https:\/\/movepainfree.org\/fr\/","name":"Fondation Canadienne d&#039;Orthop\u00e9die","description":"Fund-raising Activities Support Research, Education, Community Care","potentialAction":[{"@type":"SearchAction","target":{"@type":"EntryPoint","urlTemplate":"https:\/\/movepainfree.org\/fr\/?s={search_term_string}"},"query-input":{"@type":"PropertyValueSpecification","valueRequired":true,"valueName":"search_term_string"}}],"inLanguage":"fr-FR"}]}},"_links":{"self":[{"href":"https:\/\/movepainfree.org\/fr\/wp-json\/wp\/v2\/pages\/386","targetHints":{"allow":["GET"]}}],"collection":[{"href":"https:\/\/movepainfree.org\/fr\/wp-json\/wp\/v2\/pages"}],"about":[{"href":"https:\/\/movepainfree.org\/fr\/wp-json\/wp\/v2\/types\/page"}],"author":[{"embeddable":true,"href":"https:\/\/movepainfree.org\/fr\/wp-json\/wp\/v2\/users\/1"}],"replies":[{"embeddable":true,"href":"https:\/\/movepainfree.org\/fr\/wp-json\/wp\/v2\/comments?post=386"}],"version-history":[{"count":5,"href":"https:\/\/movepainfree.org\/fr\/wp-json\/wp\/v2\/pages\/386\/revisions"}],"predecessor-version":[{"id":2094,"href":"https:\/\/movepainfree.org\/fr\/wp-json\/wp\/v2\/pages\/386\/revisions\/2094"}],"up":[{"embeddable":true,"href":"https:\/\/movepainfree.org\/fr\/wp-json\/wp\/v2\/pages\/298"}],"wp:attachment":[{"href":"https:\/\/movepainfree.org\/fr\/wp-json\/wp\/v2\/media?parent=386"}],"curies":[{"name":"wp","href":"https:\/\/api.w.org\/{rel}","templated":true}]}}