{"id":372,"date":"2015-01-23T02:36:06","date_gmt":"2015-01-23T02:36:06","guid":{"rendered":"https:\/\/movepainfree.org\/fr\/?page_id=372"},"modified":"2025-02-13T19:27:43","modified_gmt":"2025-02-13T19:27:43","slug":"useful-links","status":"publish","type":"page","link":"https:\/\/movepainfree.org\/fr\/about-orthopaedics\/useful-links\/","title":{"rendered":"Liens Utiles"},"content":{"rendered":"<p>Vous trouverez ci-dessous quelques liens utiles vers des ressources, associations,\u00a0 et renseignements en orthop\u00e9die. Pour faire ajouter votre site Web \u00e0 la liste ou pour signaler un lien d\u00e9suet, veuillez communiquer avec <a href=\"mailto:mailbox@canorth.org\">mailbox@canorth.org<\/a>.<\/p>\n<p><span id=\"lblContent\">La pr\u00e9sence d&rsquo;un lien menant \u00e0 d&rsquo;autres sites ne repr\u00e9sente en aucun cas l&rsquo;approbation de ces sites par la Fondation Canadienne d&rsquo;Orthop\u00e9die. La Fondation n&rsquo;accepte donc aucune responsabilit\u00e9 par rapport \u00e0 la validit\u00e9 ou \u00e0 la v\u00e9racit\u00e9 de leur contenu.<\/span><\/p>\n<p><em>Nous regrettons de ne pouvoir vous offrir de conseils sur les interventions ni vous recommander \u00e0 un orthop\u00e9diste. La Loi canadienne sur la sant\u00e9 stipule que seul un m\u00e9decin de famille peut recommander un patient \u00e0 un orthop\u00e9diste<\/em>.<\/p>\n<h3>Associations<\/h3>\n<p><a href=\"https:\/\/casem-acmse.org\/fr\/\" target=\"_blank\" rel=\"noopener noreferrer\">L&rsquo;Acad\u00e9mie canadienne de m\u00e9decine du sport et de l&rsquo;exercice<\/a> (ACMSE)<br \/>\n<a href=\"https:\/\/coa-aco.org\/arthroscopy-aac\/\" target=\"_blank\" rel=\"noopener noreferrer\">Arthroscopy Association of Canada<\/a> (AAC)\u00a0<em>en anglais seulement<br \/>\n<\/em><a href=\"https:\/\/capa-acam.ca\/fr\/\" target=\"_blank\" rel=\"noopener noreferrer\">Association canadienne des adjoints au m\u00e9decin<\/a> (ACAM)<br \/>\n<a href=\"https:\/\/www.caot.ca\/index.html?language=fr_FR&amp;nav=home\" target=\"_blank\" rel=\"noopener noreferrer\">Association\u00a0canadienne des ergoth\u00e9rapeutes<\/a> (ACE)<br \/>\n<a href=\"http:\/\/www.cona-nurse.org\/\" target=\"_blank\" rel=\"noopener noreferrer\">L&rsquo;Association canadienne des infirmi\u00e8res et des infirmiers en orthop\u00e9die<\/a> (ACIIO)\u00a0<em>en anglais seulement<\/em><br \/>\n<a href=\"https:\/\/coa-aco.org\/fr\/\" target=\"_blank\" rel=\"noopener noreferrer\">l&rsquo;Association Canadienne d&rsquo;Orthop\u00e9die<\/a> (ACO)<br \/>\n<a href=\"https:\/\/physiotherapy.ca\/fr\" target=\"_blank\" rel=\"noopener noreferrer\">Association canadienne de physioth\u00e9rapie<\/a> (ACP)<br \/>\n<a href=\"https:\/\/coa-aco.org\/residents-cora\/\" target=\"_blank\" rel=\"noopener noreferrer\">L&rsquo;Association canadienne des r\u00e9sidents en orthop\u00e9die<\/a> (ACRO)\u00a0<em>en anglais seulement<br \/>\n<\/em><a href=\"https:\/\/athletictherapy.org\/home?request_locale=fr\" target=\"_blank\" rel=\"noopener noreferrer\">l\u2019Association canadienne des th\u00e9rapeutes du sport<\/a>\u00a0(ACTS)<br \/>\n<a href=\"https:\/\/www.cma.ca\/fr\" target=\"_blank\" rel=\"noopener noreferrer\">l\u2019Association m\u00e9dicale canadienne<\/a> (AMC)<br \/>\n<a href=\"https:\/\/www.pharmacists.ca\/?lang=fr\" target=\"_blank\" rel=\"noopener noreferrer\">Association des pharmaciens du Canada<\/a> (APhC)<br \/>\n<a href=\"https:\/\/coa-aco.org\/arthroplasty-cas\/\" target=\"_blank\" rel=\"noopener noreferrer\">Canadian Arthroplasty Society<\/a> (CAS) <em>en anglais seulement<\/em><br \/>\n<a href=\"https:\/\/coa-aco.org\/foot-ankle-cofas\/\" target=\"_blank\" rel=\"noopener noreferrer\">Canadian Orthopaedic Foot and Ankle Society<\/a> (COFAS) <em>en anglais seulement<\/em><br \/>\n<a href=\"https:\/\/coa-aco.org\/limb-lengthening-colla\/\" target=\"_blank\" rel=\"noopener noreferrer\">Canadian Orthopaedic Limb Lengthening Association<\/a> (COLLA) <em>en anglais seulement<\/em><br \/>\n<a href=\"https:\/\/coa-aco.org\/oncology-canoos\/\" target=\"_blank\" rel=\"noopener noreferrer\">Canadian Orthopaedic Oncology Society<\/a> (CANOOS) <em>en anglais seulement<\/em><br \/>\n<a href=\"https:\/\/coa-aco.org\/research-cors\/\" target=\"_blank\" rel=\"noopener noreferrer\">Canadian Orthopaedic Research Society<\/a> (CORS) <em>en anglais seulement<\/em><br \/>\n<a href=\"http:\/\/cots.medicine.dal.ca\/\" target=\"_blank\" rel=\"noopener noreferrer\">Canadian Orthopaedic Trauma Society<\/a> (COTS) <em>en anglais seulement<\/em><br \/>\n<a href=\"https:\/\/coa-aco.org\/canadian-paediatric-orthopaedic-society-cpos\/\" target=\"_blank\" rel=\"noopener\">Canadian Paediatric Orthopaedic Society<\/a> (CPOS) <em>en anglais seulement<\/em><br \/>\n<a href=\"https:\/\/coa-aco.org\/shoulder-elbow-cses\/\" target=\"_blank\" rel=\"noopener noreferrer\">Canadian Shoulder and Elbow Society<\/a> (CSES) <em>en anglais seulement<\/em><br \/>\n<a href=\"http:\/\/spinecanada.ca\/\" target=\"_blank\" rel=\"noopener noreferrer\">Canadian Spine Society<\/a> (CSS) <em>en anglais seulement<\/em><br \/>\n<a href=\"https:\/\/coa-aco.org\/about-the-coa\/coa-global-surgery\/\" target=\"_blank\" rel=\"noopener noreferrer\">COA Global Surgery<\/a> (COAGS) <em>en anglais seulement<\/em><br \/>\n<a href=\"http:\/\/boneandjointcanada.com\/\" target=\"_blank\" rel=\"noopener noreferrer\">Sant\u00e9 des os et des articulations au Canada<\/a> (BJC)\u00a0<em>en anglais seulement<br \/>\n<\/em><a href=\"https:\/\/www.cas.ca\/fr\/accueil\" target=\"_blank\" rel=\"noopener noreferrer\">Soci\u00e9t\u00e9 canadienne des anesth\u00e9siologistes<\/a> (SCA)<br \/>\n<a href=\"https:\/\/rheum.ca\/fr\/\" target=\"_blank\" rel=\"noopener noreferrer\">Soci\u00e9t\u00e9 canadienne de rhumatologie<\/a> (SCR)<br \/>\n<a href=\"https:\/\/coa-aco.org\/fr\/the-wrist-and-elbow-society-of-canada-wecan\/\" target=\"_blank\" rel=\"noopener noreferrer\">Wrist Evaluation Canada<\/a> (WECAN) <em>en anglais seulement<\/em><\/p>\n<h3>Sites Web gouvernementaux sur les temps d&rsquo;attente<\/h3>\n<p><a href=\"https:\/\/www.cihi.ca\/fr\/registre-canadien-des-remplacements-articulaires-rcra\" target=\"_blank\" rel=\"noopener noreferrer\">Registre canadien des remplacements articulaires<br \/>\n<\/a><a href=\"https:\/\/www.cihi.ca\/fr\/sujets\/acces-et-temps-dattente\" target=\"_blank\" rel=\"noopener noreferrer\">Temps d&rsquo;attente<\/a> &#8211;\u00a0D\u00e9lais de r\u00e9f\u00e9rence pour le traitement et tendances relatives aux temps d&rsquo;attente \u00e0 travers le Canada<a href=\"http:\/\/secure.cihi.ca\/cihiweb\/dispPage.jsp?cw_page=services_cjrr_f\" target=\"_blank\" rel=\"noopener noreferrer\"><br \/>\n<\/a><a href=\"http:\/\/www.ahw.gov.ab.ca\/waitlist\/WaitListPublicHome.jsp\" target=\"_blank\" rel=\"noopener noreferrer\">Alberta<\/a>\u00a0(en anglais seulement)<br \/>\n<a href=\"https:\/\/www2.gov.bc.ca\/gov\/content\/health\/accessing-health-care\/surgical-wait-times\" target=\"_blank\" rel=\"noopener noreferrer\">Colombie-Britannique<\/a>\u00a0(en anglais seulement)<br \/>\n<a href=\"https:\/\/www.princeedwardisland.ca\/fr\/information\/sante-i-p-e\/temps-dattente-services-sante\" target=\"_blank\" rel=\"noopener noreferrer\">\u00cele-du-Prince-\u00c9douard<\/a><br \/>\n<a href=\"https:\/\/www.gov.mb.ca\/health\/waittime\/index.fr.html\" target=\"_blank\" rel=\"noopener noreferrer\">Manitoba<\/a><br \/>\n<a href=\"https:\/\/www1.gnb.ca\/0217\/surgicalwaittimes\/index-f.aspx\" target=\"_blank\" rel=\"noopener noreferrer\">Nouveau-Brunswick<\/a><br \/>\n<a href=\"https:\/\/waittimes.novascotia.ca\/\" target=\"_blank\" rel=\"noopener noreferrer\">Nouvelle-\u00c9cosse<\/a>\u00a0(en anglais seulement)<br \/>\n<a href=\"https:\/\/www.ontario.ca\/fr\/page\/temps-dattente-en-ontario\" target=\"_blank\" rel=\"noopener noreferrer\">Ontario<\/a><br \/>\n<a href=\"https:\/\/www.lavalensante.com\/soins-et-services\/liste-des-soins-et-services\/chirurgie\/delais-pour-une-chirurgie\/\" target=\"_blank\" rel=\"noopener\">Qu\u00e9bec<\/a><br \/>\n<a href=\"http:\/\/www.sasksurgery.ca\/patient\/estimate.html\" target=\"_blank\" rel=\"noopener noreferrer\">Saskatchewan<\/a> (en anglais seulement)<br \/>\n<a href=\"http:\/\/www.health.gov.nl.ca\/health\/wait_times\/data.html\" target=\"_blank\" rel=\"noopener noreferrer\">Terre-Neuve-et-Labrador<\/a>\u00a0(en anglais seulement)<\/p>\n<h3>Sites gouvernementaux en sant\u00e9<\/h3>\n<p><a href=\"http:\/\/www.hc-sc.gc.ca\/\" target=\"_blank\" rel=\"noopener noreferrer\">Sant\u00e9 Canada<\/a><br \/>\n<a href=\"http:\/\/www.professionsante.ca\/\" target=\"_blank\" rel=\"noopener noreferrer\">R\u00e9seau canadien de la sant\u00e9 <\/a>\u00a0&#8211; site financ\u00e9 par le gouvernement f\u00e9d\u00e9ral qui fournit des liens, gr\u00e2ce \u00e0 des partenariats, \u00e0 un tr\u00e8s large \u00e9ventail de sites principalement canadiens sur la sant\u00e9<br \/>\n<a href=\"https:\/\/www.cihi.ca\/fr\" target=\"_blank\" rel=\"noopener noreferrer\">Institut canadien d&rsquo;information sur la sant\u00e9<\/a><br \/>\n<a href=\"http:\/\/www.cihr-irsc.gc.ca\/f\/193.html\" target=\"_blank\" rel=\"noopener noreferrer\">Instituts de recherche en sant\u00e9 du Canada<\/a><br \/>\n<a href=\"https:\/\/www.ontario.ca\/fr\/page\/soins-domicile-pour-les-personnes-agees\" target=\"_blank\" rel=\"noopener noreferrer\">Soins \u00e0 domicile et en milieu communautaire<\/a><\/p>\n<h3>Vie de\u00a0sant\u00e9<\/h3>\n<p><a href=\"http:\/\/www.activeagingcanada.ca\/fr\/\" target=\"_blank\" rel=\"noopener noreferrer\">Vieillier Activement Canada<\/a>\u00a0&#8211; Un mode de vie sain toute la vie<br \/>\nAssociation\u00a0canadienne des ergoth\u00e9rapeutes\u00a0&#8211; <a href=\"https:\/\/www.caot.ca\/site\/findot?language=fr_FR&amp;\" target=\"_blank\" rel=\"noopener noreferrer\">trouvez un ergoth\u00e9rapeute<\/a><br \/>\n<a href=\"https:\/\/www.healthcharities.ca\/fr\/\" target=\"_blank\" rel=\"noopener noreferrer\">CCOBS<\/a> &#8211; Coalition canadienne des organismes de bienfaisance en sant\u00e9 &#8211; <a href=\"https:\/\/www.healthcharities.ca\/fr\/ressources\/guide-de-sante-pratique\/\" target=\"_blank\" rel=\"noopener\">guide de sant\u00e9 pratique<\/a><br \/>\n<a href=\"http:\/\/www.hc-sc.gc.ca\/hl-vs\/pubs\/seniors-aines\/seniors-enviro-aines-fra.php\" target=\"_blank\" rel=\"noopener noreferrer\">VOTRE MAISON EST-ELLE EN SANT\u00c9? &#8211; Guide pour assainir votre maison<\/a> &#8211; Gratuit aupr\u00e8s de Sant\u00e9 Canada.<br \/>\n<a href=\"https:\/\/parachute.ca\/fr\/sujet-blessure\/chutes-chez-les-aines\/\" target=\"_blank\" rel=\"noopener\">Prevenez les blessures pour les a\u00een\u00e9s<\/a><br \/>\n<a href=\"https:\/\/www.smokershelpline.ca\/fr-ca\/home\" target=\"_blank\" rel=\"noopener noreferrer\">T\u00e9l\u00e9assistance pour fumeurs<\/a><\/p>\n<h3>Sites Web sur des affections<\/h3>\n<p><a href=\"http:\/\/www.arthrite.ca\/\" target=\"_blank\" rel=\"noopener noreferrer\">La Soci\u00e9t\u00e9 d&rsquo;arthrite<\/a><br \/>\n<a href=\"https:\/\/clubfoot.ca\/fr\/\" target=\"_blank\" rel=\"noopener\">Soci\u00e9t\u00e9 canadienne de soutien au pied bot<\/a><br \/>\n<a href=\"https:\/\/muscle.ca\/fr\/\" target=\"_blank\" rel=\"noopener noreferrer\">Dystrophie musculaire Canada<\/a><br \/>\n<a href=\"https:\/\/osteoporosecanada.ca\/\" target=\"_blank\" rel=\"noopener noreferrer\">Ost\u00e9oporose Canada<\/a><br \/>\n<a href=\"https:\/\/scleroseenplaques.ca\/\" target=\"_blank\" rel=\"noopener noreferrer\">Soci\u00e9t\u00e9 canadienne de la scl\u00e9rose en plaques<\/a><\/p>\n<h3>Sites fournissant des renseignements li\u00e9s \u00e0 l&rsquo;orthop\u00e9die<\/h3>\n<p><a href=\"https:\/\/arthrite.ca\/traitement\/chirurgie-fr\" target=\"_blank\" rel=\"noopener noreferrer\">La Soci\u00e9t\u00e9 d\u2019arthrite &#8211; chirurgie orthop\u00e9dique<\/a><br \/>\n<a href=\"http:\/\/www.gtarehabnetwork.ca\/\" target=\"_blank\" rel=\"noopener noreferrer\">GTA Rehab Network<\/a> (Toronto, Ontario) <em>en anglais seulement<\/em><br \/>\n<a href=\"http:\/\/orthoinfo.aaos.org\/\" target=\"_blank\" rel=\"noopener noreferrer\">American Academy of Orthopaedic Surgeons<\/a> (\u00c9tats-Unis) <em>en anglais seulement<\/em><br \/>\n<a href=\"http:\/\/www.jointreplacement.com\/\" target=\"_blank\" rel=\"noopener noreferrer\">JointReplacement.com<\/a> (\u00c9tats-Unis) <em>en anglais seulement<\/em><br \/>\n<a title=\"Orthopedics&amp;Orthopedic Surgery pour des professionals et des patients\" href=\"http:\/\/www.orthogate.org\/\" target=\"_blank\" rel=\"noopener noreferrer\">Orthogate<\/a>\u00a0&#8211;\u00a0passerelle vers l&rsquo;information en orthop\u00e9die sur le Web. Pour des professionals et des patients (en anglais seulement)<\/p>\n<h3>Sites Web de renseignements pour les malades cr\u00e9\u00e9s par des fabricants d&rsquo;appareils m\u00e9dicaux<\/h3>\n<p><a href=\"https:\/\/www.jnjmedicaldevices.com\/fr-CA\" target=\"_blank\" rel=\"noopener noreferrer\">DePuy Synthes<\/a><br \/>\n<a href=\"https:\/\/www.smith-nephew.com\/en\" target=\"_blank\" rel=\"noopener noreferrer\">Smith &amp; Nephew<\/a> (en anglais seulement)<br \/>\n<a href=\"https:\/\/www.stryker.com\/ca\/fr\/index.html\" target=\"_blank\" rel=\"noopener noreferrer\">Stryker<\/a><br \/>\n<a href=\"https:\/\/www.wright.com\/\" target=\"_blank\" rel=\"noopener noreferrer\">Wright Medical Technology<\/a> (en anglais seulement)<br \/>\n<a href=\"http:\/\/www.zimmerbiomet.ca\/\" target=\"_blank\" rel=\"noopener noreferrer\">Zimmer Biomet<\/a>\u00a0(en anglais seulement)<\/p>\n<h3>Renseignements m\u00e9dicaux g\u00e9n\u00e9raux<\/h3>\n<p><a href=\"https:\/\/francais.medscape.com\/\" target=\"_blank\" rel=\"noopener noreferrer\">Medscape<\/a> &#8211; centre d&rsquo;\u00e9ducation des patients<br \/>\n<a href=\"http:\/\/www.ohri.ca\/decisionaid\" target=\"_blank\" rel=\"noopener noreferrer\">Outils de prise de d\u00e9cisions pour les patients, de l&rsquo;Institut de recherche en sant\u00e9 d&rsquo;Ottawa<\/a><br \/>\n<a href=\"http:\/\/www.medicinenet.com\/diseases_and_conditions\/article.htm\" target=\"_blank\" rel=\"noopener noreferrer\">Medicine Net<\/a> &#8211; information et termes m\u00e9dicaux (en anglais seulement)<br \/>\n<a href=\"https:\/\/santecheznous.com\/\" target=\"_blank\" rel=\"noopener noreferrer\">MedBroadcast<\/a> &#8211; ressource ax\u00e9e sur les consommateurs<br \/>\n<a href=\"http:\/\/www.nlm.nih.gov\/medlineplus\" target=\"_blank\" rel=\"noopener noreferrer\">Medline Plus<\/a> &#8211; sources d&rsquo;information en sant\u00e9 pour les consommateurs de la <em>U.S. National Library of Medicine<\/em> (en anglais seulement)<br \/>\n<a href=\"https:\/\/www.webmd.com\/\" target=\"_blank\" rel=\"noopener noreferrer\">WebMD<\/a> (en anglais seulement)<\/p>\n","protected":false},"excerpt":{"rendered":"Vous trouverez ci-dessous quelques liens utiles vers des ressources, associations,\u00a0 et renseignements en orthop\u00e9die. Pour faire ajouter votre site Web \u00e0 la liste ou pour signaler un lien d\u00e9suet, veuillez&#8230; <a class=\"view-article\" href=\"https:\/\/movepainfree.org\/fr\/about-orthopaedics\/useful-links\/\">View Article<\/a>","protected":false},"author":1,"featured_media":0,"parent":5,"menu_order":10,"comment_status":"closed","ping_status":"closed","template":"","meta":{"footnotes":""},"class_list":["post-372","page","type-page","status-publish","hentry"],"yoast_head":"<!-- This site is optimized with the Yoast SEO plugin v27.0 - https:\/\/yoast.com\/product\/yoast-seo-wordpress\/ -->\n<title>Liens Utiles - Fondation Canadienne d&#039;Orthop\u00e9die<\/title>\n<meta name=\"description\" content=\"La Fondation canadienne d&#039;orthop\u00e9die vient en aide aux patients orthop\u00e9diques, aux professionnels de la sant\u00e9 en orthop\u00e9die, ainsi qu&#039;aux personnes qui se pr\u00e9occupent de leur sant\u00e9 et des questions en mati\u00e8re de sant\u00e9 au sein de la collectivit\u00e9, et ce, \u00e0 l&#039;\u00e9gard de la sant\u00e9 des os et des articulations actuelle et \u00e0 venir.\" \/>\n<meta name=\"robots\" content=\"index, follow, max-snippet:-1, max-image-preview:large, max-video-preview:-1\" \/>\n<link rel=\"canonical\" href=\"https:\/\/movepainfree.org\/fr\/about-orthopaedics\/useful-links\/\" \/>\n<meta property=\"og:locale\" content=\"fr_FR\" \/>\n<meta property=\"og:type\" content=\"article\" \/>\n<meta property=\"og:title\" content=\"Liens Utiles - Fondation Canadienne d&#039;Orthop\u00e9die\" \/>\n<meta property=\"og:description\" content=\"La Fondation canadienne d&#039;orthop\u00e9die vient en aide aux patients orthop\u00e9diques, aux professionnels de la sant\u00e9 en orthop\u00e9die, ainsi qu&#039;aux personnes qui se pr\u00e9occupent de leur sant\u00e9 et des questions en mati\u00e8re de sant\u00e9 au sein de la collectivit\u00e9, et ce, \u00e0 l&#039;\u00e9gard de la sant\u00e9 des os et des articulations actuelle et \u00e0 venir.\" \/>\n<meta property=\"og:url\" content=\"https:\/\/movepainfree.org\/fr\/about-orthopaedics\/useful-links\/\" \/>\n<meta property=\"og:site_name\" content=\"Fondation Canadienne d&#039;Orthop\u00e9die\" \/>\n<meta property=\"article:modified_time\" content=\"2025-02-13T19:27:43+00:00\" \/>\n<meta name=\"twitter:card\" content=\"summary_large_image\" \/>\n<meta name=\"twitter:label1\" content=\"Dur\u00e9e de lecture estim\u00e9e\" \/>\n\t<meta name=\"twitter:data1\" content=\"4 minutes\" \/>\n<script type=\"application\/ld+json\" class=\"yoast-schema-graph\">{\"@context\":\"https:\/\/schema.org\",\"@graph\":[{\"@type\":\"WebPage\",\"@id\":\"https:\/\/movepainfree.org\/fr\/about-orthopaedics\/useful-links\/\",\"url\":\"https:\/\/movepainfree.org\/fr\/about-orthopaedics\/useful-links\/\",\"name\":\"Liens Utiles - Fondation Canadienne d&#039;Orthop\u00e9die\",\"isPartOf\":{\"@id\":\"https:\/\/movepainfree.org\/fr\/#website\"},\"datePublished\":\"2015-01-23T02:36:06+00:00\",\"dateModified\":\"2025-02-13T19:27:43+00:00\",\"description\":\"La Fondation canadienne d'orthop\u00e9die vient en aide aux patients orthop\u00e9diques, aux professionnels de la sant\u00e9 en orthop\u00e9die, ainsi qu'aux personnes qui se pr\u00e9occupent de leur sant\u00e9 et des questions en mati\u00e8re de sant\u00e9 au sein de la collectivit\u00e9, et ce, \u00e0 l'\u00e9gard de la sant\u00e9 des os et des articulations actuelle et \u00e0 venir.\",\"breadcrumb\":{\"@id\":\"https:\/\/movepainfree.org\/fr\/about-orthopaedics\/useful-links\/#breadcrumb\"},\"inLanguage\":\"fr-FR\",\"potentialAction\":[{\"@type\":\"ReadAction\",\"target\":[\"https:\/\/movepainfree.org\/fr\/about-orthopaedics\/useful-links\/\"]}]},{\"@type\":\"BreadcrumbList\",\"@id\":\"https:\/\/movepainfree.org\/fr\/about-orthopaedics\/useful-links\/#breadcrumb\",\"itemListElement\":[{\"@type\":\"ListItem\",\"position\":1,\"name\":\"Home\",\"item\":\"https:\/\/movepainfree.org\/fr\/\"},{\"@type\":\"ListItem\",\"position\":2,\"name\":\"\u00c0 propos des os et articulations\",\"item\":\"https:\/\/movepainfree.org\/fr\/about-orthopaedics\/\"},{\"@type\":\"ListItem\",\"position\":3,\"name\":\"Liens Utiles\"}]},{\"@type\":\"WebSite\",\"@id\":\"https:\/\/movepainfree.org\/fr\/#website\",\"url\":\"https:\/\/movepainfree.org\/fr\/\",\"name\":\"Fondation Canadienne d&#039;Orthop\u00e9die\",\"description\":\"Fund-raising Activities Support Research, Education, Community Care\",\"potentialAction\":[{\"@type\":\"SearchAction\",\"target\":{\"@type\":\"EntryPoint\",\"urlTemplate\":\"https:\/\/movepainfree.org\/fr\/?s={search_term_string}\"},\"query-input\":{\"@type\":\"PropertyValueSpecification\",\"valueRequired\":true,\"valueName\":\"search_term_string\"}}],\"inLanguage\":\"fr-FR\"}]}<\/script>\n<!-- \/ Yoast SEO plugin. -->","yoast_head_json":{"title":"Liens Utiles - Fondation Canadienne d&#039;Orthop\u00e9die","description":"La Fondation canadienne d'orthop\u00e9die vient en aide aux patients orthop\u00e9diques, aux professionnels de la sant\u00e9 en orthop\u00e9die, ainsi qu'aux personnes qui se pr\u00e9occupent de leur sant\u00e9 et des questions en mati\u00e8re de sant\u00e9 au sein de la collectivit\u00e9, et ce, \u00e0 l'\u00e9gard de la sant\u00e9 des os et des articulations actuelle et \u00e0 venir.","robots":{"index":"index","follow":"follow","max-snippet":"max-snippet:-1","max-image-preview":"max-image-preview:large","max-video-preview":"max-video-preview:-1"},"canonical":"https:\/\/movepainfree.org\/fr\/about-orthopaedics\/useful-links\/","og_locale":"fr_FR","og_type":"article","og_title":"Liens Utiles - Fondation Canadienne d&#039;Orthop\u00e9die","og_description":"La Fondation canadienne d'orthop\u00e9die vient en aide aux patients orthop\u00e9diques, aux professionnels de la sant\u00e9 en orthop\u00e9die, ainsi qu'aux personnes qui se pr\u00e9occupent de leur sant\u00e9 et des questions en mati\u00e8re de sant\u00e9 au sein de la collectivit\u00e9, et ce, \u00e0 l'\u00e9gard de la sant\u00e9 des os et des articulations actuelle et \u00e0 venir.","og_url":"https:\/\/movepainfree.org\/fr\/about-orthopaedics\/useful-links\/","og_site_name":"Fondation Canadienne d&#039;Orthop\u00e9die","article_modified_time":"2025-02-13T19:27:43+00:00","twitter_card":"summary_large_image","twitter_misc":{"Dur\u00e9e de lecture estim\u00e9e":"4 minutes"},"schema":{"@context":"https:\/\/schema.org","@graph":[{"@type":"WebPage","@id":"https:\/\/movepainfree.org\/fr\/about-orthopaedics\/useful-links\/","url":"https:\/\/movepainfree.org\/fr\/about-orthopaedics\/useful-links\/","name":"Liens Utiles - Fondation Canadienne d&#039;Orthop\u00e9die","isPartOf":{"@id":"https:\/\/movepainfree.org\/fr\/#website"},"datePublished":"2015-01-23T02:36:06+00:00","dateModified":"2025-02-13T19:27:43+00:00","description":"La Fondation canadienne d'orthop\u00e9die vient en aide aux patients orthop\u00e9diques, aux professionnels de la sant\u00e9 en orthop\u00e9die, ainsi qu'aux personnes qui se pr\u00e9occupent de leur sant\u00e9 et des questions en mati\u00e8re de sant\u00e9 au sein de la collectivit\u00e9, et ce, \u00e0 l'\u00e9gard de la sant\u00e9 des os et des articulations actuelle et \u00e0 venir.","breadcrumb":{"@id":"https:\/\/movepainfree.org\/fr\/about-orthopaedics\/useful-links\/#breadcrumb"},"inLanguage":"fr-FR","potentialAction":[{"@type":"ReadAction","target":["https:\/\/movepainfree.org\/fr\/about-orthopaedics\/useful-links\/"]}]},{"@type":"BreadcrumbList","@id":"https:\/\/movepainfree.org\/fr\/about-orthopaedics\/useful-links\/#breadcrumb","itemListElement":[{"@type":"ListItem","position":1,"name":"Home","item":"https:\/\/movepainfree.org\/fr\/"},{"@type":"ListItem","position":2,"name":"\u00c0 propos des os et articulations","item":"https:\/\/movepainfree.org\/fr\/about-orthopaedics\/"},{"@type":"ListItem","position":3,"name":"Liens Utiles"}]},{"@type":"WebSite","@id":"https:\/\/movepainfree.org\/fr\/#website","url":"https:\/\/movepainfree.org\/fr\/","name":"Fondation Canadienne d&#039;Orthop\u00e9die","description":"Fund-raising Activities Support Research, Education, Community Care","potentialAction":[{"@type":"SearchAction","target":{"@type":"EntryPoint","urlTemplate":"https:\/\/movepainfree.org\/fr\/?s={search_term_string}"},"query-input":{"@type":"PropertyValueSpecification","valueRequired":true,"valueName":"search_term_string"}}],"inLanguage":"fr-FR"}]}},"_links":{"self":[{"href":"https:\/\/movepainfree.org\/fr\/wp-json\/wp\/v2\/pages\/372","targetHints":{"allow":["GET"]}}],"collection":[{"href":"https:\/\/movepainfree.org\/fr\/wp-json\/wp\/v2\/pages"}],"about":[{"href":"https:\/\/movepainfree.org\/fr\/wp-json\/wp\/v2\/types\/page"}],"author":[{"embeddable":true,"href":"https:\/\/movepainfree.org\/fr\/wp-json\/wp\/v2\/users\/1"}],"replies":[{"embeddable":true,"href":"https:\/\/movepainfree.org\/fr\/wp-json\/wp\/v2\/comments?post=372"}],"version-history":[{"count":70,"href":"https:\/\/movepainfree.org\/fr\/wp-json\/wp\/v2\/pages\/372\/revisions"}],"predecessor-version":[{"id":4700,"href":"https:\/\/movepainfree.org\/fr\/wp-json\/wp\/v2\/pages\/372\/revisions\/4700"}],"up":[{"embeddable":true,"href":"https:\/\/movepainfree.org\/fr\/wp-json\/wp\/v2\/pages\/5"}],"wp:attachment":[{"href":"https:\/\/movepainfree.org\/fr\/wp-json\/wp\/v2\/media?parent=372"}],"curies":[{"name":"wp","href":"https:\/\/api.w.org\/{rel}","templated":true}]}}