{"id":37,"date":"2015-01-19T22:09:17","date_gmt":"2015-01-19T22:09:17","guid":{"rendered":"https:\/\/movepainfree.org\/fr\/?page_id=37"},"modified":"2017-11-09T20:29:45","modified_gmt":"2017-11-09T20:29:45","slug":"my-surgery","status":"publish","type":"page","link":"https:\/\/movepainfree.org\/fr\/my-surgery\/","title":{"rendered":"Les interventions en chirurgie orthop\u00e9dique"},"content":{"rendered":"<p>Il peut \u00eatre tr\u00e8s r\u00e9confortant de savoir que la chirurgie \u00e9liminera la douleur et rem\u00e9diera \u00e0 votre handicap, mais l&rsquo;intervention peut aussi vous inqui\u00e9ter, \u00eatre une source d&rsquo;anxi\u00e9t\u00e9 et m\u00eame vous donner l&rsquo;impression que vous \u00ab perdez le contr\u00f4le \u00bb. Une fois que vous avez d\u00e9cid\u00e9 de subir une arthroplastie, il y aura in\u00e9vitablement des d\u00e9lais. Profitez de ce temps qui vous est donn\u00e9 pour en apprendre davantage sur votre intervention et vous y pr\u00e9parer. Familiarisez-vous avec les \u00e9tapes qui suivront, ce qui vous permettra de garder un certain contr\u00f4le sur la situation et de mieux comprendre votre traitement.<\/p>\n<p>Les renseignements fournis dans la pr\u00e9sente section peuvent ne pas s&rsquo;appliquer \u00e0 toutes les personnes qui n\u00e9cessitent des soins en orthop\u00e9die, mais la plupart vous aideront dans vos pr\u00e9paratifs.<\/p>\n<h2>Choisir le type de chirurgie<\/h2>\n<ul>\n<li><a title=\"Hip Replacement\" href=\"https:\/\/movepainfree.org\/fr\/hip-replacement\/\">Arthroplastie de la hanche<\/a><\/li>\n<li><a title=\"Knee Replacement\" href=\"https:\/\/movepainfree.org\/fr\/knee-replacement\/\">Arthroplastie du genou<\/a><\/li>\n<li><a title=\"Hip Fracture\" href=\"https:\/\/movepainfree.org\/fr\/hip-fracture\/\">Fracture de la hanche<\/a><\/li>\n<li><a title=\"Clubfoot\" href=\"https:\/\/movepainfree.org\/fr\/clubfoot\/\">le pied bot<\/a><\/li>\n<li><a href=\"https:\/\/movepainfree.org\/fr\/foot-and-ankle-surgery\/\">chirurgie au pied et de la cheville<\/a><\/li>\n<li><a title=\"Spine\" href=\"https:\/\/movepainfree.org\/fr\/spine\/\">chirurgie du rachis<\/a><\/li>\n<li><a title=\"Shoulder\" href=\"https:\/\/movepainfree.org\/fr\/shoulder\/\">chirugie de l&rsquo;\u00e9paule<\/a><\/li>\n<li><a href=\"https:\/\/movepainfree.org\/fr\/hand-wrist\/\">chirurgie de la main\u00a0et du poignet<\/a><\/li>\n<li><a href=\"https:\/\/movepainfree.org\/fr\/my-surgery\/types-of-orthopaedic-surgery\/\">Proc\u00e9dures orthop\u00e9dique<\/a><\/li>\n<\/ul>\n<p>&nbsp;<\/p>\n","protected":false},"excerpt":{"rendered":"Il peut \u00eatre tr\u00e8s r\u00e9confortant de savoir que la chirurgie \u00e9liminera la douleur et rem\u00e9diera \u00e0 votre handicap, mais l&rsquo;intervention peut aussi vous inqui\u00e9ter, \u00eatre une source d&rsquo;anxi\u00e9t\u00e9 et m\u00eame&#8230; <a class=\"view-article\" href=\"https:\/\/movepainfree.org\/fr\/my-surgery\/\">View Article<\/a>","protected":false},"author":1,"featured_media":0,"parent":0,"menu_order":40,"comment_status":"closed","ping_status":"closed","template":"","meta":{"footnotes":""},"class_list":["post-37","page","type-page","status-publish","hentry"],"yoast_head":"<!-- This site is optimized with the Yoast SEO plugin v27.0 - https:\/\/yoast.com\/product\/yoast-seo-wordpress\/ -->\n<title>Les interventions en chirurgie orthop\u00e9dique - Fondation Canadienne d&#039;Orthop\u00e9die<\/title>\n<meta name=\"description\" content=\"La Fondation canadienne d&#039;orthop\u00e9die vient en aide aux patients orthop\u00e9diques, aux professionnels de la sant\u00e9 en orthop\u00e9die, ainsi qu&#039;aux personnes qui se pr\u00e9occupent de leur sant\u00e9 et des questions en mati\u00e8re de sant\u00e9 au sein de la collectivit\u00e9, et ce, \u00e0 l&#039;\u00e9gard de la sant\u00e9 des os et des articulations actuelle et \u00e0 venir.\" \/>\n<meta name=\"robots\" content=\"index, follow, max-snippet:-1, max-image-preview:large, max-video-preview:-1\" \/>\n<link rel=\"canonical\" href=\"https:\/\/movepainfree.org\/fr\/my-surgery\/\" \/>\n<meta property=\"og:locale\" content=\"fr_FR\" \/>\n<meta property=\"og:type\" content=\"article\" \/>\n<meta property=\"og:title\" content=\"Les interventions en chirurgie orthop\u00e9dique - Fondation Canadienne d&#039;Orthop\u00e9die\" \/>\n<meta property=\"og:description\" content=\"La Fondation canadienne d&#039;orthop\u00e9die vient en aide aux patients orthop\u00e9diques, aux professionnels de la sant\u00e9 en orthop\u00e9die, ainsi qu&#039;aux personnes qui se pr\u00e9occupent de leur sant\u00e9 et des questions en mati\u00e8re de sant\u00e9 au sein de la collectivit\u00e9, et ce, \u00e0 l&#039;\u00e9gard de la sant\u00e9 des os et des articulations actuelle et \u00e0 venir.\" \/>\n<meta property=\"og:url\" content=\"https:\/\/movepainfree.org\/fr\/my-surgery\/\" \/>\n<meta property=\"og:site_name\" content=\"Fondation Canadienne d&#039;Orthop\u00e9die\" \/>\n<meta property=\"article:modified_time\" content=\"2017-11-09T20:29:45+00:00\" \/>\n<meta name=\"twitter:card\" content=\"summary_large_image\" \/>\n<meta name=\"twitter:label1\" content=\"Dur\u00e9e de lecture estim\u00e9e\" \/>\n\t<meta name=\"twitter:data1\" content=\"1 minute\" \/>\n<script type=\"application\/ld+json\" class=\"yoast-schema-graph\">{\"@context\":\"https:\/\/schema.org\",\"@graph\":[{\"@type\":\"WebPage\",\"@id\":\"https:\/\/movepainfree.org\/fr\/my-surgery\/\",\"url\":\"https:\/\/movepainfree.org\/fr\/my-surgery\/\",\"name\":\"Les interventions en chirurgie orthop\u00e9dique - Fondation Canadienne d&#039;Orthop\u00e9die\",\"isPartOf\":{\"@id\":\"https:\/\/movepainfree.org\/fr\/#website\"},\"datePublished\":\"2015-01-19T22:09:17+00:00\",\"dateModified\":\"2017-11-09T20:29:45+00:00\",\"description\":\"La Fondation canadienne d'orthop\u00e9die vient en aide aux patients orthop\u00e9diques, aux professionnels de la sant\u00e9 en orthop\u00e9die, ainsi qu'aux personnes qui se pr\u00e9occupent de leur sant\u00e9 et des questions en mati\u00e8re de sant\u00e9 au sein de la collectivit\u00e9, et ce, \u00e0 l'\u00e9gard de la sant\u00e9 des os et des articulations actuelle et \u00e0 venir.\",\"breadcrumb\":{\"@id\":\"https:\/\/movepainfree.org\/fr\/my-surgery\/#breadcrumb\"},\"inLanguage\":\"fr-FR\",\"potentialAction\":[{\"@type\":\"ReadAction\",\"target\":[\"https:\/\/movepainfree.org\/fr\/my-surgery\/\"]}]},{\"@type\":\"BreadcrumbList\",\"@id\":\"https:\/\/movepainfree.org\/fr\/my-surgery\/#breadcrumb\",\"itemListElement\":[{\"@type\":\"ListItem\",\"position\":1,\"name\":\"Home\",\"item\":\"https:\/\/movepainfree.org\/fr\/\"},{\"@type\":\"ListItem\",\"position\":2,\"name\":\"Les interventions en chirurgie orthop\u00e9dique\"}]},{\"@type\":\"WebSite\",\"@id\":\"https:\/\/movepainfree.org\/fr\/#website\",\"url\":\"https:\/\/movepainfree.org\/fr\/\",\"name\":\"Fondation Canadienne d&#039;Orthop\u00e9die\",\"description\":\"Fund-raising Activities Support Research, Education, Community Care\",\"potentialAction\":[{\"@type\":\"SearchAction\",\"target\":{\"@type\":\"EntryPoint\",\"urlTemplate\":\"https:\/\/movepainfree.org\/fr\/?s={search_term_string}\"},\"query-input\":{\"@type\":\"PropertyValueSpecification\",\"valueRequired\":true,\"valueName\":\"search_term_string\"}}],\"inLanguage\":\"fr-FR\"}]}<\/script>\n<!-- \/ Yoast SEO plugin. -->","yoast_head_json":{"title":"Les interventions en chirurgie orthop\u00e9dique - Fondation Canadienne d&#039;Orthop\u00e9die","description":"La Fondation canadienne d'orthop\u00e9die vient en aide aux patients orthop\u00e9diques, aux professionnels de la sant\u00e9 en orthop\u00e9die, ainsi qu'aux personnes qui se pr\u00e9occupent de leur sant\u00e9 et des questions en mati\u00e8re de sant\u00e9 au sein de la collectivit\u00e9, et ce, \u00e0 l'\u00e9gard de la sant\u00e9 des os et des articulations actuelle et \u00e0 venir.","robots":{"index":"index","follow":"follow","max-snippet":"max-snippet:-1","max-image-preview":"max-image-preview:large","max-video-preview":"max-video-preview:-1"},"canonical":"https:\/\/movepainfree.org\/fr\/my-surgery\/","og_locale":"fr_FR","og_type":"article","og_title":"Les interventions en chirurgie orthop\u00e9dique - Fondation Canadienne d&#039;Orthop\u00e9die","og_description":"La Fondation canadienne d'orthop\u00e9die vient en aide aux patients orthop\u00e9diques, aux professionnels de la sant\u00e9 en orthop\u00e9die, ainsi qu'aux personnes qui se pr\u00e9occupent de leur sant\u00e9 et des questions en mati\u00e8re de sant\u00e9 au sein de la collectivit\u00e9, et ce, \u00e0 l'\u00e9gard de la sant\u00e9 des os et des articulations actuelle et \u00e0 venir.","og_url":"https:\/\/movepainfree.org\/fr\/my-surgery\/","og_site_name":"Fondation Canadienne d&#039;Orthop\u00e9die","article_modified_time":"2017-11-09T20:29:45+00:00","twitter_card":"summary_large_image","twitter_misc":{"Dur\u00e9e de lecture estim\u00e9e":"1 minute"},"schema":{"@context":"https:\/\/schema.org","@graph":[{"@type":"WebPage","@id":"https:\/\/movepainfree.org\/fr\/my-surgery\/","url":"https:\/\/movepainfree.org\/fr\/my-surgery\/","name":"Les interventions en chirurgie orthop\u00e9dique - Fondation Canadienne d&#039;Orthop\u00e9die","isPartOf":{"@id":"https:\/\/movepainfree.org\/fr\/#website"},"datePublished":"2015-01-19T22:09:17+00:00","dateModified":"2017-11-09T20:29:45+00:00","description":"La Fondation canadienne d'orthop\u00e9die vient en aide aux patients orthop\u00e9diques, aux professionnels de la sant\u00e9 en orthop\u00e9die, ainsi qu'aux personnes qui se pr\u00e9occupent de leur sant\u00e9 et des questions en mati\u00e8re de sant\u00e9 au sein de la collectivit\u00e9, et ce, \u00e0 l'\u00e9gard de la sant\u00e9 des os et des articulations actuelle et \u00e0 venir.","breadcrumb":{"@id":"https:\/\/movepainfree.org\/fr\/my-surgery\/#breadcrumb"},"inLanguage":"fr-FR","potentialAction":[{"@type":"ReadAction","target":["https:\/\/movepainfree.org\/fr\/my-surgery\/"]}]},{"@type":"BreadcrumbList","@id":"https:\/\/movepainfree.org\/fr\/my-surgery\/#breadcrumb","itemListElement":[{"@type":"ListItem","position":1,"name":"Home","item":"https:\/\/movepainfree.org\/fr\/"},{"@type":"ListItem","position":2,"name":"Les interventions en chirurgie orthop\u00e9dique"}]},{"@type":"WebSite","@id":"https:\/\/movepainfree.org\/fr\/#website","url":"https:\/\/movepainfree.org\/fr\/","name":"Fondation Canadienne d&#039;Orthop\u00e9die","description":"Fund-raising Activities Support Research, Education, Community Care","potentialAction":[{"@type":"SearchAction","target":{"@type":"EntryPoint","urlTemplate":"https:\/\/movepainfree.org\/fr\/?s={search_term_string}"},"query-input":{"@type":"PropertyValueSpecification","valueRequired":true,"valueName":"search_term_string"}}],"inLanguage":"fr-FR"}]}},"_links":{"self":[{"href":"https:\/\/movepainfree.org\/fr\/wp-json\/wp\/v2\/pages\/37","targetHints":{"allow":["GET"]}}],"collection":[{"href":"https:\/\/movepainfree.org\/fr\/wp-json\/wp\/v2\/pages"}],"about":[{"href":"https:\/\/movepainfree.org\/fr\/wp-json\/wp\/v2\/types\/page"}],"author":[{"embeddable":true,"href":"https:\/\/movepainfree.org\/fr\/wp-json\/wp\/v2\/users\/1"}],"replies":[{"embeddable":true,"href":"https:\/\/movepainfree.org\/fr\/wp-json\/wp\/v2\/comments?post=37"}],"version-history":[{"count":17,"href":"https:\/\/movepainfree.org\/fr\/wp-json\/wp\/v2\/pages\/37\/revisions"}],"predecessor-version":[{"id":2622,"href":"https:\/\/movepainfree.org\/fr\/wp-json\/wp\/v2\/pages\/37\/revisions\/2622"}],"wp:attachment":[{"href":"https:\/\/movepainfree.org\/fr\/wp-json\/wp\/v2\/media?parent=37"}],"curies":[{"name":"wp","href":"https:\/\/api.w.org\/{rel}","templated":true}]}}