{"id":3456,"date":"2020-07-06T16:16:45","date_gmt":"2020-07-06T16:16:45","guid":{"rendered":"https:\/\/movepainfree.org\/fr\/?page_id=3456"},"modified":"2024-12-02T17:05:53","modified_gmt":"2024-12-02T17:05:53","slug":"bourse-du-cours-annuel-de-science-fondamentale-de-laco","status":"publish","type":"page","link":"https:\/\/movepainfree.org\/fr\/bourse-du-cours-annuel-de-science-fondamentale-de-laco\/","title":{"rendered":"Bourse du cours annuel de science fondamentale"},"content":{"rendered":"\n<p>En partenariat avec le D<sup>r<\/sup>&nbsp;Thomas&nbsp;V. Smallman et le cours annuel de science fondamentale de l\u2019ACO, la Fondation Canadienne d\u2019Orthop\u00e9die&nbsp;(FCO) a cr\u00e9\u00e9 la Bourse du cours annuel de science fondamentale de l\u2019ACO afin d\u2019inciter les r\u00e9sidents en orthop\u00e9die \u00e0 profiter du processus d\u2019analyse&nbsp;\u2013 et de pr\u00e9paration en vue de leur pr\u00e9sentation&nbsp;\u2013 des aspects pertinents d\u2019un cas clinique impliquant un diagnostic ou traitement complexe, ou constituant un exemple type d\u2019un trouble pr\u00e9cis dans les cat\u00e9gories de troubles, y compris les dysplasies squelettiques. Les cas d\u00e9montrant le r\u00f4le des marqueurs ost\u00e9og\u00e9niques, des cytokines, de la croissance ou des facteurs g\u00e9n\u00e9tiques dans la pathophysiologie du trouble sont particuli\u00e8rement recherch\u00e9s.<\/p>\n\n\n\n<p>Tous les 2&nbsp;ans, 5&nbsp;000&nbsp;$ seront remis \u00e0 un programme de r\u00e9sidence en orthop\u00e9die respectant tous les crit\u00e8res \u00e9tablis ci-apr\u00e8s et sur la page Web du formulaire de demande. <strong>Une seule demande par programme de r\u00e9sidence en orthop\u00e9die est accept\u00e9e.<\/strong> Les r\u00e9sidents en orthop\u00e9die int\u00e9ress\u00e9s doivent donc demander l\u2019approbation de leur directeur de programme avant de remplir le formulaire de demande.<\/p>\n\n\n\n<p><strong>Crit\u00e8res d\u2019admissibilit\u00e9&nbsp;:<strong><em>&nbsp;<\/em><\/strong><\/strong><\/p>\n\n\n\n<ol class=\"wp-block-list\" type=\"1\">\n<li>Les programmes de r\u00e9sidence en orthop\u00e9die qui pr\u00e9sentent une demande de bourse doivent participer au cours de science fondamentale (doivent avoir des r\u00e9sidents qui assistent au cours sur deux ans actuel).<\/li>\n\n\n\n<li>Les r\u00e9sidents qui soutiennent la candidature de leur programme de r\u00e9sidence en orthop\u00e9die doivent \u00eatre actuellement inscrits au cours de science fondamentale sur deux&nbsp;ans.<\/li>\n\n\n\n<li>L\u2019approbation du directeur de programme est obligatoire pour tout r\u00e9sident qui pr\u00e9sente une demande pour cette bourse.<\/li>\n<\/ol>\n\n\n\n<p><strong><em>Nous n\u2019acceptons plus de soumissions. <\/em><\/strong><strong><em><\/em><\/strong><\/p>\n\n\n\n<p>Consultez la liste des&nbsp;<a href=\"https:\/\/movepainfree.org\/fr\/grants-and-research\/previous-grant-and-award-recipients\/\">laur\u00e9ats<\/a>&nbsp;du prix de recherche.<\/p>\n","protected":false},"excerpt":{"rendered":"En partenariat avec le Dr&nbsp;Thomas&nbsp;V. Smallman et le cours annuel de science fondamentale de l\u2019ACO, la Fondation Canadienne d\u2019Orthop\u00e9die&nbsp;(FCO) a cr\u00e9\u00e9 la Bourse du cours annuel de science fondamentale de&#8230; <a class=\"view-article\" href=\"https:\/\/movepainfree.org\/fr\/bourse-du-cours-annuel-de-science-fondamentale-de-laco\/\">View Article<\/a>","protected":false},"author":2,"featured_media":0,"parent":0,"menu_order":0,"comment_status":"closed","ping_status":"closed","template":"","meta":{"footnotes":""},"class_list":["post-3456","page","type-page","status-publish","hentry"],"yoast_head":"<!-- This site is optimized with the Yoast SEO plugin v27.0 - https:\/\/yoast.com\/product\/yoast-seo-wordpress\/ -->\n<title>Bourse du cours annuel de science fondamentale - Fondation Canadienne d&#039;Orthop\u00e9die<\/title>\n<meta name=\"description\" content=\"La Fondation canadienne d&#039;orthop\u00e9die vient en aide aux patients orthop\u00e9diques, aux professionnels de la sant\u00e9 en orthop\u00e9die, ainsi qu&#039;aux personnes qui se pr\u00e9occupent de leur sant\u00e9 et des questions en mati\u00e8re de sant\u00e9 au sein de la collectivit\u00e9, et ce, \u00e0 l&#039;\u00e9gard de la sant\u00e9 des os et des articulations actuelle et \u00e0 venir.\" \/>\n<meta name=\"robots\" content=\"index, follow, max-snippet:-1, max-image-preview:large, max-video-preview:-1\" \/>\n<link rel=\"canonical\" href=\"https:\/\/movepainfree.org\/fr\/bourse-du-cours-annuel-de-science-fondamentale-de-laco\/\" \/>\n<meta property=\"og:locale\" content=\"fr_FR\" \/>\n<meta property=\"og:type\" content=\"article\" \/>\n<meta property=\"og:title\" content=\"Bourse du cours annuel de science fondamentale - Fondation Canadienne d&#039;Orthop\u00e9die\" \/>\n<meta property=\"og:description\" content=\"La Fondation canadienne d&#039;orthop\u00e9die vient en aide aux patients orthop\u00e9diques, aux professionnels de la sant\u00e9 en orthop\u00e9die, ainsi qu&#039;aux personnes qui se pr\u00e9occupent de leur sant\u00e9 et des questions en mati\u00e8re de sant\u00e9 au sein de la collectivit\u00e9, et ce, \u00e0 l&#039;\u00e9gard de la sant\u00e9 des os et des articulations actuelle et \u00e0 venir.\" \/>\n<meta property=\"og:url\" content=\"https:\/\/movepainfree.org\/fr\/bourse-du-cours-annuel-de-science-fondamentale-de-laco\/\" \/>\n<meta property=\"og:site_name\" content=\"Fondation Canadienne d&#039;Orthop\u00e9die\" \/>\n<meta property=\"article:modified_time\" content=\"2024-12-02T17:05:53+00:00\" \/>\n<meta name=\"twitter:card\" content=\"summary_large_image\" \/>\n<meta name=\"twitter:label1\" content=\"Dur\u00e9e de lecture estim\u00e9e\" \/>\n\t<meta name=\"twitter:data1\" content=\"2 minutes\" \/>\n<script type=\"application\/ld+json\" class=\"yoast-schema-graph\">{\"@context\":\"https:\/\/schema.org\",\"@graph\":[{\"@type\":\"WebPage\",\"@id\":\"https:\/\/movepainfree.org\/fr\/bourse-du-cours-annuel-de-science-fondamentale-de-laco\/\",\"url\":\"https:\/\/movepainfree.org\/fr\/bourse-du-cours-annuel-de-science-fondamentale-de-laco\/\",\"name\":\"Bourse du cours annuel de science fondamentale - Fondation Canadienne d&#039;Orthop\u00e9die\",\"isPartOf\":{\"@id\":\"https:\/\/movepainfree.org\/fr\/#website\"},\"datePublished\":\"2020-07-06T16:16:45+00:00\",\"dateModified\":\"2024-12-02T17:05:53+00:00\",\"description\":\"La Fondation canadienne d'orthop\u00e9die vient en aide aux patients orthop\u00e9diques, aux professionnels de la sant\u00e9 en orthop\u00e9die, ainsi qu'aux personnes qui se pr\u00e9occupent de leur sant\u00e9 et des questions en mati\u00e8re de sant\u00e9 au sein de la collectivit\u00e9, et ce, \u00e0 l'\u00e9gard de la sant\u00e9 des os et des articulations actuelle et \u00e0 venir.\",\"breadcrumb\":{\"@id\":\"https:\/\/movepainfree.org\/fr\/bourse-du-cours-annuel-de-science-fondamentale-de-laco\/#breadcrumb\"},\"inLanguage\":\"fr-FR\",\"potentialAction\":[{\"@type\":\"ReadAction\",\"target\":[\"https:\/\/movepainfree.org\/fr\/bourse-du-cours-annuel-de-science-fondamentale-de-laco\/\"]}]},{\"@type\":\"BreadcrumbList\",\"@id\":\"https:\/\/movepainfree.org\/fr\/bourse-du-cours-annuel-de-science-fondamentale-de-laco\/#breadcrumb\",\"itemListElement\":[{\"@type\":\"ListItem\",\"position\":1,\"name\":\"Home\",\"item\":\"https:\/\/movepainfree.org\/fr\/\"},{\"@type\":\"ListItem\",\"position\":2,\"name\":\"Bourse du cours annuel de science fondamentale\"}]},{\"@type\":\"WebSite\",\"@id\":\"https:\/\/movepainfree.org\/fr\/#website\",\"url\":\"https:\/\/movepainfree.org\/fr\/\",\"name\":\"Fondation Canadienne d&#039;Orthop\u00e9die\",\"description\":\"Fund-raising Activities Support Research, Education, Community Care\",\"potentialAction\":[{\"@type\":\"SearchAction\",\"target\":{\"@type\":\"EntryPoint\",\"urlTemplate\":\"https:\/\/movepainfree.org\/fr\/?s={search_term_string}\"},\"query-input\":{\"@type\":\"PropertyValueSpecification\",\"valueRequired\":true,\"valueName\":\"search_term_string\"}}],\"inLanguage\":\"fr-FR\"}]}<\/script>\n<!-- \/ Yoast SEO plugin. -->","yoast_head_json":{"title":"Bourse du cours annuel de science fondamentale - Fondation Canadienne d&#039;Orthop\u00e9die","description":"La Fondation canadienne d'orthop\u00e9die vient en aide aux patients orthop\u00e9diques, aux professionnels de la sant\u00e9 en orthop\u00e9die, ainsi qu'aux personnes qui se pr\u00e9occupent de leur sant\u00e9 et des questions en mati\u00e8re de sant\u00e9 au sein de la collectivit\u00e9, et ce, \u00e0 l'\u00e9gard de la sant\u00e9 des os et des articulations actuelle et \u00e0 venir.","robots":{"index":"index","follow":"follow","max-snippet":"max-snippet:-1","max-image-preview":"max-image-preview:large","max-video-preview":"max-video-preview:-1"},"canonical":"https:\/\/movepainfree.org\/fr\/bourse-du-cours-annuel-de-science-fondamentale-de-laco\/","og_locale":"fr_FR","og_type":"article","og_title":"Bourse du cours annuel de science fondamentale - Fondation Canadienne d&#039;Orthop\u00e9die","og_description":"La Fondation canadienne d'orthop\u00e9die vient en aide aux patients orthop\u00e9diques, aux professionnels de la sant\u00e9 en orthop\u00e9die, ainsi qu'aux personnes qui se pr\u00e9occupent de leur sant\u00e9 et des questions en mati\u00e8re de sant\u00e9 au sein de la collectivit\u00e9, et ce, \u00e0 l'\u00e9gard de la sant\u00e9 des os et des articulations actuelle et \u00e0 venir.","og_url":"https:\/\/movepainfree.org\/fr\/bourse-du-cours-annuel-de-science-fondamentale-de-laco\/","og_site_name":"Fondation Canadienne d&#039;Orthop\u00e9die","article_modified_time":"2024-12-02T17:05:53+00:00","twitter_card":"summary_large_image","twitter_misc":{"Dur\u00e9e de lecture estim\u00e9e":"2 minutes"},"schema":{"@context":"https:\/\/schema.org","@graph":[{"@type":"WebPage","@id":"https:\/\/movepainfree.org\/fr\/bourse-du-cours-annuel-de-science-fondamentale-de-laco\/","url":"https:\/\/movepainfree.org\/fr\/bourse-du-cours-annuel-de-science-fondamentale-de-laco\/","name":"Bourse du cours annuel de science fondamentale - Fondation Canadienne d&#039;Orthop\u00e9die","isPartOf":{"@id":"https:\/\/movepainfree.org\/fr\/#website"},"datePublished":"2020-07-06T16:16:45+00:00","dateModified":"2024-12-02T17:05:53+00:00","description":"La Fondation canadienne d'orthop\u00e9die vient en aide aux patients orthop\u00e9diques, aux professionnels de la sant\u00e9 en orthop\u00e9die, ainsi qu'aux personnes qui se pr\u00e9occupent de leur sant\u00e9 et des questions en mati\u00e8re de sant\u00e9 au sein de la collectivit\u00e9, et ce, \u00e0 l'\u00e9gard de la sant\u00e9 des os et des articulations actuelle et \u00e0 venir.","breadcrumb":{"@id":"https:\/\/movepainfree.org\/fr\/bourse-du-cours-annuel-de-science-fondamentale-de-laco\/#breadcrumb"},"inLanguage":"fr-FR","potentialAction":[{"@type":"ReadAction","target":["https:\/\/movepainfree.org\/fr\/bourse-du-cours-annuel-de-science-fondamentale-de-laco\/"]}]},{"@type":"BreadcrumbList","@id":"https:\/\/movepainfree.org\/fr\/bourse-du-cours-annuel-de-science-fondamentale-de-laco\/#breadcrumb","itemListElement":[{"@type":"ListItem","position":1,"name":"Home","item":"https:\/\/movepainfree.org\/fr\/"},{"@type":"ListItem","position":2,"name":"Bourse du cours annuel de science fondamentale"}]},{"@type":"WebSite","@id":"https:\/\/movepainfree.org\/fr\/#website","url":"https:\/\/movepainfree.org\/fr\/","name":"Fondation Canadienne d&#039;Orthop\u00e9die","description":"Fund-raising Activities Support Research, Education, Community Care","potentialAction":[{"@type":"SearchAction","target":{"@type":"EntryPoint","urlTemplate":"https:\/\/movepainfree.org\/fr\/?s={search_term_string}"},"query-input":{"@type":"PropertyValueSpecification","valueRequired":true,"valueName":"search_term_string"}}],"inLanguage":"fr-FR"}]}},"_links":{"self":[{"href":"https:\/\/movepainfree.org\/fr\/wp-json\/wp\/v2\/pages\/3456","targetHints":{"allow":["GET"]}}],"collection":[{"href":"https:\/\/movepainfree.org\/fr\/wp-json\/wp\/v2\/pages"}],"about":[{"href":"https:\/\/movepainfree.org\/fr\/wp-json\/wp\/v2\/types\/page"}],"author":[{"embeddable":true,"href":"https:\/\/movepainfree.org\/fr\/wp-json\/wp\/v2\/users\/2"}],"replies":[{"embeddable":true,"href":"https:\/\/movepainfree.org\/fr\/wp-json\/wp\/v2\/comments?post=3456"}],"version-history":[{"count":14,"href":"https:\/\/movepainfree.org\/fr\/wp-json\/wp\/v2\/pages\/3456\/revisions"}],"predecessor-version":[{"id":4680,"href":"https:\/\/movepainfree.org\/fr\/wp-json\/wp\/v2\/pages\/3456\/revisions\/4680"}],"wp:attachment":[{"href":"https:\/\/movepainfree.org\/fr\/wp-json\/wp\/v2\/media?parent=3456"}],"curies":[{"name":"wp","href":"https:\/\/api.w.org\/{rel}","templated":true}]}}