{"id":340,"date":"2015-01-22T20:36:43","date_gmt":"2015-01-22T20:36:43","guid":{"rendered":"https:\/\/movepainfree.org\/fr\/?page_id=340"},"modified":"2021-11-26T17:08:42","modified_gmt":"2021-11-26T17:08:42","slug":"ortholink-newsletter","status":"publish","type":"page","link":"https:\/\/movepainfree.org\/fr\/about-us\/ortholink-newsletter\/","title":{"rendered":"Bulletin LiaisonOrtho"},"content":{"rendered":"<h2><span id=\"lblContent\">Voici le bulletin de la Fondation<\/span><\/h2>\n<p><span id=\"lblContent\"><em><strong>LiaisonOrtho<\/strong> <\/em>est le bulletin de la Fondation, r\u00e9dig\u00e9 \u00e0 l&rsquo;intention des personnes int\u00e9ress\u00e9s par la sant\u00e9 de leurs os et articulations et son maintien.<\/span><span id=\"lblContent\">\u00a0Pour recevoir\u00a0<strong><em>LiaisonOrtho<\/em><\/strong> par courriel,<\/span> <a title=\"Sign Up\" href=\"https:\/\/movepainfree.org\/fr\/about-us\/ortholink-newsletter\/sign-up\/\">cliquez ici<\/a>.<\/p>\n<p><a href=\"https:\/\/movepainfree.org\/fr\/wp-content\/uploads\/sites\/3\/OrthoLink-Winter-2021-FR.pdf\" target=\"_blank\" rel=\"noopener noreferrer\">LiaisonOrtho<\/a> (hiver 2021)<\/p>\n<p><a href=\"https:\/\/movepainfree.org\/fr\/wp-content\/uploads\/sites\/3\/OrthoLink-Winter-2020-FR.pdf\" target=\"_blank\" rel=\"noopener noreferrer\">LiaisonOrtho<\/a> (hiver 2020)<\/p>\n<p><a href=\"https:\/\/movepainfree.org\/fr\/wp-content\/uploads\/sites\/3\/OrthoLink-Summer-2020-FR.pdf\" target=\"_blank\" rel=\"noopener noreferrer\">LiaisonOrtho<\/a> (\u00e9t\u00e9 2020)<\/p>\n<p><a href=\"https:\/\/movepainfree.org\/fr\/wp-content\/uploads\/sites\/3\/OrthoLink-Special-Edition-June-2020-FR-REV.pdf\" target=\"_blank\" rel=\"noopener noreferrer\">LiaisonOrtho<\/a> (num\u00e9ro sp\u00e9cial &#8211; juin 2020)<\/p>\n<p><a href=\"https:\/\/movepainfree.org\/fr\/wp-content\/uploads\/sites\/3\/OrthoLink-Spring-2020-FR.pdf\" target=\"_blank\" rel=\"noopener noreferrer\">LiaisonOrtho<\/a> (printemps 2020)<\/p>\n<p><a href=\"https:\/\/movepainfree.org\/fr\/wp-content\/uploads\/sites\/3\/OrthoLink-Winter-2019-FR-1.pdf\" target=\"_blank\" rel=\"noopener noreferrer\">LiaisonOrtho<\/a> (hiver 2019)<\/p>\n<p><a href=\"https:\/\/movepainfree.org\/fr\/wp-content\/uploads\/sites\/3\/OrthoLink-Spring-2019-FR.pdf\" target=\"_blank\" rel=\"noopener noreferrer\">LiaisonOrtho<\/a> (printemps 2019)<\/p>\n<p><a href=\"https:\/\/movepainfree.org\/fr\/wp-content\/uploads\/sites\/3\/OrthoLink-Winter-2018-FR-1.pdf\" target=\"_blank\" rel=\"noopener noreferrer\">LiaisonOrtho<\/a> (hiver 2018)<\/p>\n<p><a href=\"https:\/\/movepainfree.org\/fr\/wp-content\/uploads\/sites\/3\/OrthoLink-Summer-2018-FR-website.pdf\" target=\"_blank\" rel=\"noopener noreferrer\">LiaisonOrtho<\/a> (\u00e9t\u00e9\u00a02018)<\/p>\n<p><a href=\"https:\/\/movepainfree.org\/wp-content\/uploads\/OrthoLink-Spring-2018-FR.pdf\" target=\"_blank\" rel=\"noopener noreferrer\">LiaisonOrtho<\/a> (printemps 2018)<\/p>\n<p><a href=\"https:\/\/movepainfree.org\/fr\/wp-content\/uploads\/sites\/3\/OrthoLink-Winter-FR.pdf\" target=\"_blank\" rel=\"noopener noreferrer\">LiaisonOrtho<\/a> (hiver 2017)<\/p>\n<p><a href=\"https:\/\/movepainfree.org\/fr\/wp-content\/uploads\/sites\/3\/OL-Summer-2017-FR-FINAL.pdf\" target=\"_blank\" rel=\"noopener noreferrer\">LiaisonOrtho<\/a> (\u00e9t\u00e9\u00a02017)<\/p>\n<p><a href=\"https:\/\/movepainfree.org\/fr\/wp-content\/uploads\/sites\/3\/OL-Spring-2017-FR.pdf\" target=\"_blank\" rel=\"noopener noreferrer\">LiaisonOrtho<\/a> (printemps 2017)<\/p>\n<p><a href=\"https:\/\/movepainfree.org\/fr\/wp-content\/uploads\/sites\/3\/OL-Winter-FR.pdf\" target=\"_blank\" rel=\"noopener noreferrer\">LiaisonOrtho<\/a> (hiver 2016)<\/p>\n<p><a href=\"https:\/\/movepainfree.org\/fr\/wp-content\/uploads\/sites\/3\/OL-Summer-2016-FR.pdf\" target=\"_blank\" rel=\"noopener noreferrer\">LiaisonOrtho<\/a> (\u00e9t\u00e9\u00a02016)<\/p>\n<p><a href=\"https:\/\/movepainfree.org\/fr\/wp-content\/uploads\/sites\/3\/OL-Spring-2016-FR.pdf\" target=\"_blank\" rel=\"noopener noreferrer\">LiaisonOrtho<\/a> (printemps 2016)<\/p>\n<p><a href=\"https:\/\/movepainfree.org\/fr\/wp-content\/uploads\/sites\/3\/OL-Winter-2015-FR.pdf\" target=\"_blank\" rel=\"noopener noreferrer\">LiaisonOrtho<\/a> (hiver 2015)<\/p>\n<p><a href=\"https:\/\/movepainfree.org\/fr\/wp-content\/uploads\/sites\/3\/LiaisonOrtho-Sept-2015.pdf\" target=\"_blank\" rel=\"noopener noreferrer\">LiaisonOrtho<\/a> (autumne\u00a02015)<\/p>\n<p><a href=\"https:\/\/movepainfree.org\/fr\/wp-content\/uploads\/sites\/3\/LiaisonOrtho-Septembre-2014.pdf\">LiaisonOrtho<\/a> (autumne 2014)<\/p>\n<p><a href=\"https:\/\/movepainfree.org\/fr\/wp-content\/uploads\/sites\/3\/LiaisonOrtho-Mai-2014.pdf\">LiaisonOrtho<\/a> (printemps 2014)<\/p>\n<p><a href=\"https:\/\/movepainfree.org\/fr\/wp-content\/uploads\/sites\/3\/LiaisonOrtho-Fevrier-2014.pdf\">LiaisonOrtho<\/a> (hiver 2013)<\/p>\n<p><a href=\"https:\/\/movepainfree.org\/fr\/wp-content\/uploads\/sites\/3\/Orthlink_Fall2011-FR.pdf\">LiaisonOrtho<\/a> (autumne 2011)<\/p>\n<p><a href=\"https:\/\/movepainfree.org\/fr\/wp-content\/uploads\/sites\/3\/Ortholink-Winter-2010-French.pdf\" target=\"_blank\" rel=\"noopener noreferrer\">Volume 3 numero 3<\/a> (Hiver 2009-2010)<\/p>\n<p><a href=\"https:\/\/movepainfree.org\/fr\/wp-content\/uploads\/sites\/3\/Ortholink-Spring-Newsletter-Insert-FRE-FINAL.pdf\">Volume 3, numero 2<\/a> (Mars-avril 2009)<\/p>\n<p><a href=\"https:\/\/movepainfree.org\/wp-content\/themes\/ortho\/pdfs\/OrthoLink_Jan_2009_FRE.pdf\">Volume 3, numero 1<\/a> (Janvier\/F\u00e9vrier 2008)<\/p>\n<p><a href=\"https:\/\/movepainfree.org\/wp-content\/themes\/ortho\/pdfs\/Ortholink_OctFR.pdf\">Volume 2, numero 4<\/a> (Octobre\/novembre 2008)<\/p>\n<p><a href=\"https:\/\/movepainfree.org\/wp-content\/themes\/ortho\/pdfs\/OrthoLink_News_June_Fr.pdf\">Volume 2, numero 3<\/a> (Juin\/juillet 2008)<\/p>\n<p><a href=\"https:\/\/movepainfree.org\/wp-content\/themes\/ortho\/pdfs\/OrthoLink_Newsletter_April_Fre.pdf\">Volume 2, numero 2<\/a> (Avril\/mai 2008)<\/p>\n<p><a href=\"https:\/\/movepainfree.org\/fr\/wp-content\/uploads\/sites\/3\/OrthoLink_Jan_Fre.pdf\">Volume 2, numero 1<\/a> (Jan\/Feb 2008)<\/p>\n<p><a href=\"https:\/\/movepainfree.org\/fr\/wp-content\/uploads\/sites\/3\/OrthoLink_Newsletter_SeptFRE.pdf\">Volume 1, numero 2<\/a> (Sep\/Oct 2007)<\/p>\n<p><a href=\"https:\/\/movepainfree.org\/fr\/wp-content\/uploads\/sites\/3\/OrthoLink_French.pdf\">Volume 1, numero 1<\/a> (Jun\/Jul 2007)<\/p>\n","protected":false},"excerpt":{"rendered":"Voici le bulletin de la Fondation LiaisonOrtho est le bulletin de la Fondation, r\u00e9dig\u00e9 \u00e0 l&rsquo;intention des personnes int\u00e9ress\u00e9s par la sant\u00e9 de leurs os et articulations et son maintien.\u00a0Pour&#8230; <a class=\"view-article\" href=\"https:\/\/movepainfree.org\/fr\/about-us\/ortholink-newsletter\/\">View Article<\/a>","protected":false},"author":1,"featured_media":0,"parent":43,"menu_order":0,"comment_status":"closed","ping_status":"closed","template":"","meta":{"footnotes":""},"class_list":["post-340","page","type-page","status-publish","hentry"],"yoast_head":"<!-- This site is optimized with the Yoast SEO plugin v27.0 - https:\/\/yoast.com\/product\/yoast-seo-wordpress\/ -->\n<title>Bulletin LiaisonOrtho - Fondation Canadienne d&#039;Orthop\u00e9die<\/title>\n<meta name=\"description\" content=\"La Fondation canadienne d&#039;orthop\u00e9die vient en aide aux patients orthop\u00e9diques, aux professionnels de la sant\u00e9 en orthop\u00e9die, ainsi qu&#039;aux personnes qui se pr\u00e9occupent de leur sant\u00e9 et des questions en mati\u00e8re de sant\u00e9 au sein de la collectivit\u00e9, et ce, \u00e0 l&#039;\u00e9gard de la sant\u00e9 des os et des articulations actuelle et \u00e0 venir.\" \/>\n<meta name=\"robots\" content=\"index, follow, max-snippet:-1, max-image-preview:large, max-video-preview:-1\" \/>\n<link rel=\"canonical\" href=\"https:\/\/movepainfree.org\/fr\/about-us\/ortholink-newsletter\/\" \/>\n<meta property=\"og:locale\" content=\"fr_FR\" \/>\n<meta property=\"og:type\" content=\"article\" \/>\n<meta property=\"og:title\" content=\"Bulletin LiaisonOrtho - Fondation Canadienne d&#039;Orthop\u00e9die\" \/>\n<meta property=\"og:description\" content=\"La Fondation canadienne d&#039;orthop\u00e9die vient en aide aux patients orthop\u00e9diques, aux professionnels de la sant\u00e9 en orthop\u00e9die, ainsi qu&#039;aux personnes qui se pr\u00e9occupent de leur sant\u00e9 et des questions en mati\u00e8re de sant\u00e9 au sein de la collectivit\u00e9, et ce, \u00e0 l&#039;\u00e9gard de la sant\u00e9 des os et des articulations actuelle et \u00e0 venir.\" \/>\n<meta property=\"og:url\" content=\"https:\/\/movepainfree.org\/fr\/about-us\/ortholink-newsletter\/\" \/>\n<meta property=\"og:site_name\" content=\"Fondation Canadienne d&#039;Orthop\u00e9die\" \/>\n<meta property=\"article:modified_time\" content=\"2021-11-26T17:08:42+00:00\" \/>\n<meta name=\"twitter:card\" content=\"summary_large_image\" \/>\n<meta name=\"twitter:label1\" content=\"Dur\u00e9e de lecture estim\u00e9e\" \/>\n\t<meta name=\"twitter:data1\" content=\"1 minute\" \/>\n<script type=\"application\/ld+json\" class=\"yoast-schema-graph\">{\"@context\":\"https:\/\/schema.org\",\"@graph\":[{\"@type\":\"WebPage\",\"@id\":\"https:\/\/movepainfree.org\/fr\/about-us\/ortholink-newsletter\/\",\"url\":\"https:\/\/movepainfree.org\/fr\/about-us\/ortholink-newsletter\/\",\"name\":\"Bulletin LiaisonOrtho - Fondation Canadienne d&#039;Orthop\u00e9die\",\"isPartOf\":{\"@id\":\"https:\/\/movepainfree.org\/fr\/#website\"},\"datePublished\":\"2015-01-22T20:36:43+00:00\",\"dateModified\":\"2021-11-26T17:08:42+00:00\",\"description\":\"La Fondation canadienne d'orthop\u00e9die vient en aide aux patients orthop\u00e9diques, aux professionnels de la sant\u00e9 en orthop\u00e9die, ainsi qu'aux personnes qui se pr\u00e9occupent de leur sant\u00e9 et des questions en mati\u00e8re de sant\u00e9 au sein de la collectivit\u00e9, et ce, \u00e0 l'\u00e9gard de la sant\u00e9 des os et des articulations actuelle et \u00e0 venir.\",\"breadcrumb\":{\"@id\":\"https:\/\/movepainfree.org\/fr\/about-us\/ortholink-newsletter\/#breadcrumb\"},\"inLanguage\":\"fr-FR\",\"potentialAction\":[{\"@type\":\"ReadAction\",\"target\":[\"https:\/\/movepainfree.org\/fr\/about-us\/ortholink-newsletter\/\"]}]},{\"@type\":\"BreadcrumbList\",\"@id\":\"https:\/\/movepainfree.org\/fr\/about-us\/ortholink-newsletter\/#breadcrumb\",\"itemListElement\":[{\"@type\":\"ListItem\",\"position\":1,\"name\":\"Home\",\"item\":\"https:\/\/movepainfree.org\/fr\/\"},{\"@type\":\"ListItem\",\"position\":2,\"name\":\"\u00c0 propos de nous\",\"item\":\"https:\/\/movepainfree.org\/fr\/about-us\/\"},{\"@type\":\"ListItem\",\"position\":3,\"name\":\"Bulletin LiaisonOrtho\"}]},{\"@type\":\"WebSite\",\"@id\":\"https:\/\/movepainfree.org\/fr\/#website\",\"url\":\"https:\/\/movepainfree.org\/fr\/\",\"name\":\"Fondation Canadienne d&#039;Orthop\u00e9die\",\"description\":\"Fund-raising Activities Support Research, Education, Community Care\",\"potentialAction\":[{\"@type\":\"SearchAction\",\"target\":{\"@type\":\"EntryPoint\",\"urlTemplate\":\"https:\/\/movepainfree.org\/fr\/?s={search_term_string}\"},\"query-input\":{\"@type\":\"PropertyValueSpecification\",\"valueRequired\":true,\"valueName\":\"search_term_string\"}}],\"inLanguage\":\"fr-FR\"}]}<\/script>\n<!-- \/ Yoast SEO plugin. -->","yoast_head_json":{"title":"Bulletin LiaisonOrtho - Fondation Canadienne d&#039;Orthop\u00e9die","description":"La Fondation canadienne d'orthop\u00e9die vient en aide aux patients orthop\u00e9diques, aux professionnels de la sant\u00e9 en orthop\u00e9die, ainsi qu'aux personnes qui se pr\u00e9occupent de leur sant\u00e9 et des questions en mati\u00e8re de sant\u00e9 au sein de la collectivit\u00e9, et ce, \u00e0 l'\u00e9gard de la sant\u00e9 des os et des articulations actuelle et \u00e0 venir.","robots":{"index":"index","follow":"follow","max-snippet":"max-snippet:-1","max-image-preview":"max-image-preview:large","max-video-preview":"max-video-preview:-1"},"canonical":"https:\/\/movepainfree.org\/fr\/about-us\/ortholink-newsletter\/","og_locale":"fr_FR","og_type":"article","og_title":"Bulletin LiaisonOrtho - Fondation Canadienne d&#039;Orthop\u00e9die","og_description":"La Fondation canadienne d'orthop\u00e9die vient en aide aux patients orthop\u00e9diques, aux professionnels de la sant\u00e9 en orthop\u00e9die, ainsi qu'aux personnes qui se pr\u00e9occupent de leur sant\u00e9 et des questions en mati\u00e8re de sant\u00e9 au sein de la collectivit\u00e9, et ce, \u00e0 l'\u00e9gard de la sant\u00e9 des os et des articulations actuelle et \u00e0 venir.","og_url":"https:\/\/movepainfree.org\/fr\/about-us\/ortholink-newsletter\/","og_site_name":"Fondation Canadienne d&#039;Orthop\u00e9die","article_modified_time":"2021-11-26T17:08:42+00:00","twitter_card":"summary_large_image","twitter_misc":{"Dur\u00e9e de lecture estim\u00e9e":"1 minute"},"schema":{"@context":"https:\/\/schema.org","@graph":[{"@type":"WebPage","@id":"https:\/\/movepainfree.org\/fr\/about-us\/ortholink-newsletter\/","url":"https:\/\/movepainfree.org\/fr\/about-us\/ortholink-newsletter\/","name":"Bulletin LiaisonOrtho - Fondation Canadienne d&#039;Orthop\u00e9die","isPartOf":{"@id":"https:\/\/movepainfree.org\/fr\/#website"},"datePublished":"2015-01-22T20:36:43+00:00","dateModified":"2021-11-26T17:08:42+00:00","description":"La Fondation canadienne d'orthop\u00e9die vient en aide aux patients orthop\u00e9diques, aux professionnels de la sant\u00e9 en orthop\u00e9die, ainsi qu'aux personnes qui se pr\u00e9occupent de leur sant\u00e9 et des questions en mati\u00e8re de sant\u00e9 au sein de la collectivit\u00e9, et ce, \u00e0 l'\u00e9gard de la sant\u00e9 des os et des articulations actuelle et \u00e0 venir.","breadcrumb":{"@id":"https:\/\/movepainfree.org\/fr\/about-us\/ortholink-newsletter\/#breadcrumb"},"inLanguage":"fr-FR","potentialAction":[{"@type":"ReadAction","target":["https:\/\/movepainfree.org\/fr\/about-us\/ortholink-newsletter\/"]}]},{"@type":"BreadcrumbList","@id":"https:\/\/movepainfree.org\/fr\/about-us\/ortholink-newsletter\/#breadcrumb","itemListElement":[{"@type":"ListItem","position":1,"name":"Home","item":"https:\/\/movepainfree.org\/fr\/"},{"@type":"ListItem","position":2,"name":"\u00c0 propos de nous","item":"https:\/\/movepainfree.org\/fr\/about-us\/"},{"@type":"ListItem","position":3,"name":"Bulletin LiaisonOrtho"}]},{"@type":"WebSite","@id":"https:\/\/movepainfree.org\/fr\/#website","url":"https:\/\/movepainfree.org\/fr\/","name":"Fondation Canadienne d&#039;Orthop\u00e9die","description":"Fund-raising Activities Support Research, Education, Community Care","potentialAction":[{"@type":"SearchAction","target":{"@type":"EntryPoint","urlTemplate":"https:\/\/movepainfree.org\/fr\/?s={search_term_string}"},"query-input":{"@type":"PropertyValueSpecification","valueRequired":true,"valueName":"search_term_string"}}],"inLanguage":"fr-FR"}]}},"_links":{"self":[{"href":"https:\/\/movepainfree.org\/fr\/wp-json\/wp\/v2\/pages\/340","targetHints":{"allow":["GET"]}}],"collection":[{"href":"https:\/\/movepainfree.org\/fr\/wp-json\/wp\/v2\/pages"}],"about":[{"href":"https:\/\/movepainfree.org\/fr\/wp-json\/wp\/v2\/types\/page"}],"author":[{"embeddable":true,"href":"https:\/\/movepainfree.org\/fr\/wp-json\/wp\/v2\/users\/1"}],"replies":[{"embeddable":true,"href":"https:\/\/movepainfree.org\/fr\/wp-json\/wp\/v2\/comments?post=340"}],"version-history":[{"count":43,"href":"https:\/\/movepainfree.org\/fr\/wp-json\/wp\/v2\/pages\/340\/revisions"}],"predecessor-version":[{"id":3803,"href":"https:\/\/movepainfree.org\/fr\/wp-json\/wp\/v2\/pages\/340\/revisions\/3803"}],"up":[{"embeddable":true,"href":"https:\/\/movepainfree.org\/fr\/wp-json\/wp\/v2\/pages\/43"}],"wp:attachment":[{"href":"https:\/\/movepainfree.org\/fr\/wp-json\/wp\/v2\/media?parent=340"}],"curies":[{"name":"wp","href":"https:\/\/api.w.org\/{rel}","templated":true}]}}