{"id":332,"date":"2015-01-22T20:28:30","date_gmt":"2015-01-22T20:28:30","guid":{"rendered":"https:\/\/movepainfree.org\/fr\/?page_id=332"},"modified":"2015-06-17T17:15:04","modified_gmt":"2015-06-17T17:15:04","slug":"corporate-partnerships","status":"publish","type":"page","link":"https:\/\/movepainfree.org\/fr\/about-us\/corporate-partnerships\/","title":{"rendered":"Partenariats avec des entreprises"},"content":{"rendered":"<p><span id=\"lblContent\">La Fondation Canadienne d&rsquo;Orthop\u00e9die appr\u00e9cie l&rsquo;appui financier et en nature d&rsquo;entreprises concern\u00e9es. Nous collaborons avec nos entreprises partenaires afin d&rsquo;am\u00e9liorer la sant\u00e9 des os et des articulations des Canadiens et de cr\u00e9er des collectivit\u00e9s en sant\u00e9 partout au pays. Si vous souhaitez devenir partenaire de la Fondation, veuillez composez le 1-800-461-3639, poste\u00a0224.<\/span><\/p>\n<p><span id=\"lblContent\"><a href=\"http:\/\/www.bayer.ca\/?q=fr&amp;\" target=\"_blank\">Bayer HealthCare Produits Pharmaceutiques<\/a> se classe parmi les cinq premi\u00e8res entreprises\u00a0de produits pharmaceutiques sp\u00e9cialis\u00e9s au Canada et est un chef de file dans les domaines de la cardiologie et de l&rsquo;h\u00e9matologie. Nous sommes\u00a0profond\u00e9ment engag\u00e9s \u00e0 offrir aux Canadiens les meilleurs m\u00e9dicaments. En outre, nous continuons d&rsquo;investir dans la recherech et la\u00a0mise au point de produits pharmaceutiques novateurs, afin d&rsquo;am\u00e9liorer la\u00a0vie des patients. <\/span><\/p>\n<p><a title=\"BJC Website\" href=\"http:\/\/www.bjdcanada.org\/\" target=\"_blank\">Bone\u00a0&amp; Joint Canada<\/a>\u00a0The\u00a0goal of the Bone and Joint Canada is to promote the preservation of bone and joint health across the lifespan and to improve the health-related quality of life for people with musculoskeletal disorders.<\/p>\n<p><a title=\"Wright Medical site\" href=\"http:\/\/www.wmt.com\/\" target=\"_blank\">Wright Medical Technology, Inc<\/a>. is an ISO 9001 certified designer, manufacturing and distributing orthopaedic implants and instrumentation worldwide for over 60 years. Since its inception, Wright has introduced a number of products that represent new standards in orthopaedic technology. From new material technologies to advanced products and instrumentation, Wright is committed to finding solutions to the challenges that face today&rsquo;s orthopaedic professionals.<\/p>\n","protected":false},"excerpt":{"rendered":"La Fondation Canadienne d&rsquo;Orthop\u00e9die appr\u00e9cie l&rsquo;appui financier et en nature d&rsquo;entreprises concern\u00e9es. Nous collaborons avec nos entreprises partenaires afin d&rsquo;am\u00e9liorer la sant\u00e9 des os et des articulations des Canadiens et&#8230; <a class=\"view-article\" href=\"https:\/\/movepainfree.org\/fr\/about-us\/corporate-partnerships\/\">View Article<\/a>","protected":false},"author":1,"featured_media":0,"parent":43,"menu_order":0,"comment_status":"closed","ping_status":"closed","template":"","meta":{"footnotes":""},"class_list":["post-332","page","type-page","status-publish","hentry"],"yoast_head":"<!-- This site is optimized with the Yoast SEO plugin v27.0 - https:\/\/yoast.com\/product\/yoast-seo-wordpress\/ -->\n<title>Partenariats avec des entreprises - Fondation Canadienne d&#039;Orthop\u00e9die<\/title>\n<meta name=\"description\" content=\"La Fondation canadienne d&#039;orthop\u00e9die vient en aide aux patients orthop\u00e9diques, aux professionnels de la sant\u00e9 en orthop\u00e9die, ainsi qu&#039;aux personnes qui se pr\u00e9occupent de leur sant\u00e9 et des questions en mati\u00e8re de sant\u00e9 au sein de la collectivit\u00e9, et ce, \u00e0 l&#039;\u00e9gard de la sant\u00e9 des os et des articulations actuelle et \u00e0 venir.\" \/>\n<meta name=\"robots\" content=\"index, follow, max-snippet:-1, max-image-preview:large, max-video-preview:-1\" \/>\n<link rel=\"canonical\" href=\"https:\/\/movepainfree.org\/fr\/about-us\/corporate-partnerships\/\" \/>\n<meta property=\"og:locale\" content=\"fr_FR\" \/>\n<meta property=\"og:type\" content=\"article\" \/>\n<meta property=\"og:title\" content=\"Partenariats avec des entreprises - Fondation Canadienne d&#039;Orthop\u00e9die\" \/>\n<meta property=\"og:description\" content=\"La Fondation canadienne d&#039;orthop\u00e9die vient en aide aux patients orthop\u00e9diques, aux professionnels de la sant\u00e9 en orthop\u00e9die, ainsi qu&#039;aux personnes qui se pr\u00e9occupent de leur sant\u00e9 et des questions en mati\u00e8re de sant\u00e9 au sein de la collectivit\u00e9, et ce, \u00e0 l&#039;\u00e9gard de la sant\u00e9 des os et des articulations actuelle et \u00e0 venir.\" \/>\n<meta property=\"og:url\" content=\"https:\/\/movepainfree.org\/fr\/about-us\/corporate-partnerships\/\" \/>\n<meta property=\"og:site_name\" content=\"Fondation Canadienne d&#039;Orthop\u00e9die\" \/>\n<meta property=\"article:modified_time\" content=\"2015-06-17T17:15:04+00:00\" \/>\n<meta name=\"twitter:card\" content=\"summary_large_image\" \/>\n<meta name=\"twitter:label1\" content=\"Dur\u00e9e de lecture estim\u00e9e\" \/>\n\t<meta name=\"twitter:data1\" content=\"1 minute\" \/>\n<script type=\"application\/ld+json\" class=\"yoast-schema-graph\">{\"@context\":\"https:\/\/schema.org\",\"@graph\":[{\"@type\":\"WebPage\",\"@id\":\"https:\/\/movepainfree.org\/fr\/about-us\/corporate-partnerships\/\",\"url\":\"https:\/\/movepainfree.org\/fr\/about-us\/corporate-partnerships\/\",\"name\":\"Partenariats avec des entreprises - Fondation Canadienne d&#039;Orthop\u00e9die\",\"isPartOf\":{\"@id\":\"https:\/\/movepainfree.org\/fr\/#website\"},\"datePublished\":\"2015-01-22T20:28:30+00:00\",\"dateModified\":\"2015-06-17T17:15:04+00:00\",\"description\":\"La Fondation canadienne d'orthop\u00e9die vient en aide aux patients orthop\u00e9diques, aux professionnels de la sant\u00e9 en orthop\u00e9die, ainsi qu'aux personnes qui se pr\u00e9occupent de leur sant\u00e9 et des questions en mati\u00e8re de sant\u00e9 au sein de la collectivit\u00e9, et ce, \u00e0 l'\u00e9gard de la sant\u00e9 des os et des articulations actuelle et \u00e0 venir.\",\"breadcrumb\":{\"@id\":\"https:\/\/movepainfree.org\/fr\/about-us\/corporate-partnerships\/#breadcrumb\"},\"inLanguage\":\"fr-FR\",\"potentialAction\":[{\"@type\":\"ReadAction\",\"target\":[\"https:\/\/movepainfree.org\/fr\/about-us\/corporate-partnerships\/\"]}]},{\"@type\":\"BreadcrumbList\",\"@id\":\"https:\/\/movepainfree.org\/fr\/about-us\/corporate-partnerships\/#breadcrumb\",\"itemListElement\":[{\"@type\":\"ListItem\",\"position\":1,\"name\":\"Home\",\"item\":\"https:\/\/movepainfree.org\/fr\/\"},{\"@type\":\"ListItem\",\"position\":2,\"name\":\"\u00c0 propos de nous\",\"item\":\"https:\/\/movepainfree.org\/fr\/about-us\/\"},{\"@type\":\"ListItem\",\"position\":3,\"name\":\"Partenariats avec des entreprises\"}]},{\"@type\":\"WebSite\",\"@id\":\"https:\/\/movepainfree.org\/fr\/#website\",\"url\":\"https:\/\/movepainfree.org\/fr\/\",\"name\":\"Fondation Canadienne d&#039;Orthop\u00e9die\",\"description\":\"Fund-raising Activities Support Research, Education, Community Care\",\"potentialAction\":[{\"@type\":\"SearchAction\",\"target\":{\"@type\":\"EntryPoint\",\"urlTemplate\":\"https:\/\/movepainfree.org\/fr\/?s={search_term_string}\"},\"query-input\":{\"@type\":\"PropertyValueSpecification\",\"valueRequired\":true,\"valueName\":\"search_term_string\"}}],\"inLanguage\":\"fr-FR\"}]}<\/script>\n<!-- \/ Yoast SEO plugin. -->","yoast_head_json":{"title":"Partenariats avec des entreprises - Fondation Canadienne d&#039;Orthop\u00e9die","description":"La Fondation canadienne d'orthop\u00e9die vient en aide aux patients orthop\u00e9diques, aux professionnels de la sant\u00e9 en orthop\u00e9die, ainsi qu'aux personnes qui se pr\u00e9occupent de leur sant\u00e9 et des questions en mati\u00e8re de sant\u00e9 au sein de la collectivit\u00e9, et ce, \u00e0 l'\u00e9gard de la sant\u00e9 des os et des articulations actuelle et \u00e0 venir.","robots":{"index":"index","follow":"follow","max-snippet":"max-snippet:-1","max-image-preview":"max-image-preview:large","max-video-preview":"max-video-preview:-1"},"canonical":"https:\/\/movepainfree.org\/fr\/about-us\/corporate-partnerships\/","og_locale":"fr_FR","og_type":"article","og_title":"Partenariats avec des entreprises - Fondation Canadienne d&#039;Orthop\u00e9die","og_description":"La Fondation canadienne d'orthop\u00e9die vient en aide aux patients orthop\u00e9diques, aux professionnels de la sant\u00e9 en orthop\u00e9die, ainsi qu'aux personnes qui se pr\u00e9occupent de leur sant\u00e9 et des questions en mati\u00e8re de sant\u00e9 au sein de la collectivit\u00e9, et ce, \u00e0 l'\u00e9gard de la sant\u00e9 des os et des articulations actuelle et \u00e0 venir.","og_url":"https:\/\/movepainfree.org\/fr\/about-us\/corporate-partnerships\/","og_site_name":"Fondation Canadienne d&#039;Orthop\u00e9die","article_modified_time":"2015-06-17T17:15:04+00:00","twitter_card":"summary_large_image","twitter_misc":{"Dur\u00e9e de lecture estim\u00e9e":"1 minute"},"schema":{"@context":"https:\/\/schema.org","@graph":[{"@type":"WebPage","@id":"https:\/\/movepainfree.org\/fr\/about-us\/corporate-partnerships\/","url":"https:\/\/movepainfree.org\/fr\/about-us\/corporate-partnerships\/","name":"Partenariats avec des entreprises - Fondation Canadienne d&#039;Orthop\u00e9die","isPartOf":{"@id":"https:\/\/movepainfree.org\/fr\/#website"},"datePublished":"2015-01-22T20:28:30+00:00","dateModified":"2015-06-17T17:15:04+00:00","description":"La Fondation canadienne d'orthop\u00e9die vient en aide aux patients orthop\u00e9diques, aux professionnels de la sant\u00e9 en orthop\u00e9die, ainsi qu'aux personnes qui se pr\u00e9occupent de leur sant\u00e9 et des questions en mati\u00e8re de sant\u00e9 au sein de la collectivit\u00e9, et ce, \u00e0 l'\u00e9gard de la sant\u00e9 des os et des articulations actuelle et \u00e0 venir.","breadcrumb":{"@id":"https:\/\/movepainfree.org\/fr\/about-us\/corporate-partnerships\/#breadcrumb"},"inLanguage":"fr-FR","potentialAction":[{"@type":"ReadAction","target":["https:\/\/movepainfree.org\/fr\/about-us\/corporate-partnerships\/"]}]},{"@type":"BreadcrumbList","@id":"https:\/\/movepainfree.org\/fr\/about-us\/corporate-partnerships\/#breadcrumb","itemListElement":[{"@type":"ListItem","position":1,"name":"Home","item":"https:\/\/movepainfree.org\/fr\/"},{"@type":"ListItem","position":2,"name":"\u00c0 propos de nous","item":"https:\/\/movepainfree.org\/fr\/about-us\/"},{"@type":"ListItem","position":3,"name":"Partenariats avec des entreprises"}]},{"@type":"WebSite","@id":"https:\/\/movepainfree.org\/fr\/#website","url":"https:\/\/movepainfree.org\/fr\/","name":"Fondation Canadienne d&#039;Orthop\u00e9die","description":"Fund-raising Activities Support Research, Education, Community Care","potentialAction":[{"@type":"SearchAction","target":{"@type":"EntryPoint","urlTemplate":"https:\/\/movepainfree.org\/fr\/?s={search_term_string}"},"query-input":{"@type":"PropertyValueSpecification","valueRequired":true,"valueName":"search_term_string"}}],"inLanguage":"fr-FR"}]}},"_links":{"self":[{"href":"https:\/\/movepainfree.org\/fr\/wp-json\/wp\/v2\/pages\/332","targetHints":{"allow":["GET"]}}],"collection":[{"href":"https:\/\/movepainfree.org\/fr\/wp-json\/wp\/v2\/pages"}],"about":[{"href":"https:\/\/movepainfree.org\/fr\/wp-json\/wp\/v2\/types\/page"}],"author":[{"embeddable":true,"href":"https:\/\/movepainfree.org\/fr\/wp-json\/wp\/v2\/users\/1"}],"replies":[{"embeddable":true,"href":"https:\/\/movepainfree.org\/fr\/wp-json\/wp\/v2\/comments?post=332"}],"version-history":[{"count":5,"href":"https:\/\/movepainfree.org\/fr\/wp-json\/wp\/v2\/pages\/332\/revisions"}],"predecessor-version":[{"id":1832,"href":"https:\/\/movepainfree.org\/fr\/wp-json\/wp\/v2\/pages\/332\/revisions\/1832"}],"up":[{"embeddable":true,"href":"https:\/\/movepainfree.org\/fr\/wp-json\/wp\/v2\/pages\/43"}],"wp:attachment":[{"href":"https:\/\/movepainfree.org\/fr\/wp-json\/wp\/v2\/media?parent=332"}],"curies":[{"name":"wp","href":"https:\/\/api.w.org\/{rel}","templated":true}]}}