{"id":33,"date":"2015-01-19T22:05:39","date_gmt":"2015-01-19T22:05:39","guid":{"rendered":"https:\/\/movepainfree.org\/fr\/?page_id=33"},"modified":"2023-01-25T20:40:25","modified_gmt":"2023-01-25T20:40:25","slug":"the-canadian-orthopaedic-foundation-all-rights-reserved","status":"publish","type":"page","link":"https:\/\/movepainfree.org\/fr\/the-canadian-orthopaedic-foundation-all-rights-reserved\/","title":{"rendered":"\u00a9 La Fondation Canadienne d&rsquo;Orthop\u00e9die. Tous droits r\u00e9serv\u00e9s."},"content":{"rendered":"<p>Les documents publi\u00e9s par la Fondation Canadienne d&rsquo;Orthop\u00e9die sur le Web ne doivent pas \u00eatre reproduits sauf \u00e0 titre de r\u00e9f\u00e9rence personnelle non commerciale, et m\u00eame dans ce cas, le droit d&rsquo;auteur ou tout autre avis de propri\u00e9t\u00e9 demeure, et \u00e0 aucun moment ne peuvent \u00eatre recopi\u00e9s, reproduits ou distribu\u00e9s d&rsquo;une autre mani\u00e8re. La Fondation Canadienne d&rsquo;Orthop\u00e9die s&rsquo;efforcera, raisonnablement, d&rsquo;inclure sur www.movepainfree.org des renseignements exacts et \u00e0 jour, mais ne garantit pas ni ne d\u00e9clare qu&rsquo;ils le sont. Tous les utilisateurs acceptent que l&rsquo;acc\u00e8s \u00e0 www.movepainfree.org et \u00e0 son contenu et leur utilisation sont \u00e0 leurs propres risques. Ni la Fondation Canadienne d&rsquo;Orthop\u00e9die ni quiconque engag\u00e9 dans la cr\u00e9ation, la production ou la livraison de www.movepainfree.org ne doivent \u00eatre tenus responsables en cas de dommage direct, accessoire, cons\u00e9cutif, indirect ou punitif d\u00e9coulant de l&rsquo;acc\u00e8s, de l&rsquo;utilisation ou de l&rsquo;incapacit\u00e9 d&rsquo;utiliser www.movepainfree.org, ou en cas d&rsquo;erreur ou d&rsquo;omission dans le site susmentionn\u00e9.<\/p>\n<h2>Marques de commerce<\/h2>\n<p>Tous les noms des produits, qu&rsquo;ils soient ou non imprim\u00e9s en grands caract\u00e8res ou dot\u00e9s du symbole de la marque de commerce, sont des marques de commerce de la Fondation Canadienne d&rsquo;Orthop\u00e9die, ses affili\u00e9s, les entreprises qui y sont li\u00e9es ou ses conc\u00e9dants ou partenaires de coentreprise. L&rsquo;utilisation ou l&rsquo;usage abusif de ces marques de commerce ou de tout autre mat\u00e9riel, sauf de la fa\u00e7on autoris\u00e9e dans les pr\u00e9sentes, est express\u00e9ment interdit et peut constituer une violation de la loi sur le droit d&rsquo;auteur, de la loi sur les marques de commerce, de la loi sur la diffamation et le libelle, de la loi sur la protection de la vie priv\u00e9e et la publicit\u00e9, ainsi que de la l\u00e9gislation et de la r\u00e9glementation sur les communications.<\/p>\n","protected":false},"excerpt":{"rendered":"Les documents publi\u00e9s par la Fondation Canadienne d&rsquo;Orthop\u00e9die sur le Web ne doivent pas \u00eatre reproduits sauf \u00e0 titre de r\u00e9f\u00e9rence personnelle non commerciale, et m\u00eame dans ce cas, le&#8230; <a class=\"view-article\" href=\"https:\/\/movepainfree.org\/fr\/the-canadian-orthopaedic-foundation-all-rights-reserved\/\">View Article<\/a>","protected":false},"author":1,"featured_media":0,"parent":0,"menu_order":99999,"comment_status":"closed","ping_status":"closed","template":"","meta":{"footnotes":""},"class_list":["post-33","page","type-page","status-publish","hentry"],"yoast_head":"<!-- This site is optimized with the Yoast SEO plugin v27.0 - https:\/\/yoast.com\/product\/yoast-seo-wordpress\/ -->\n<title>\u00a9 La Fondation Canadienne d&#039;Orthop\u00e9die. Tous droits r\u00e9serv\u00e9s. - Fondation Canadienne d&#039;Orthop\u00e9die<\/title>\n<meta name=\"description\" content=\"La Fondation canadienne d&#039;orthop\u00e9die vient en aide aux patients orthop\u00e9diques, aux professionnels de la sant\u00e9 en orthop\u00e9die, ainsi qu&#039;aux personnes qui se pr\u00e9occupent de leur sant\u00e9 et des questions en mati\u00e8re de sant\u00e9 au sein de la collectivit\u00e9, et ce, \u00e0 l&#039;\u00e9gard de la sant\u00e9 des os et des articulations actuelle et \u00e0 venir.\" \/>\n<meta name=\"robots\" content=\"index, follow, max-snippet:-1, max-image-preview:large, max-video-preview:-1\" \/>\n<link rel=\"canonical\" href=\"https:\/\/movepainfree.org\/fr\/the-canadian-orthopaedic-foundation-all-rights-reserved\/\" \/>\n<meta property=\"og:locale\" content=\"fr_FR\" \/>\n<meta property=\"og:type\" content=\"article\" \/>\n<meta property=\"og:title\" content=\"\u00a9 La Fondation Canadienne d&#039;Orthop\u00e9die. Tous droits r\u00e9serv\u00e9s. - Fondation Canadienne d&#039;Orthop\u00e9die\" \/>\n<meta property=\"og:description\" content=\"La Fondation canadienne d&#039;orthop\u00e9die vient en aide aux patients orthop\u00e9diques, aux professionnels de la sant\u00e9 en orthop\u00e9die, ainsi qu&#039;aux personnes qui se pr\u00e9occupent de leur sant\u00e9 et des questions en mati\u00e8re de sant\u00e9 au sein de la collectivit\u00e9, et ce, \u00e0 l&#039;\u00e9gard de la sant\u00e9 des os et des articulations actuelle et \u00e0 venir.\" \/>\n<meta property=\"og:url\" content=\"https:\/\/movepainfree.org\/fr\/the-canadian-orthopaedic-foundation-all-rights-reserved\/\" \/>\n<meta property=\"og:site_name\" content=\"Fondation Canadienne d&#039;Orthop\u00e9die\" \/>\n<meta property=\"article:modified_time\" content=\"2023-01-25T20:40:25+00:00\" \/>\n<meta name=\"twitter:card\" content=\"summary_large_image\" \/>\n<meta name=\"twitter:label1\" content=\"Dur\u00e9e de lecture estim\u00e9e\" \/>\n\t<meta name=\"twitter:data1\" content=\"2 minutes\" \/>\n<script type=\"application\/ld+json\" class=\"yoast-schema-graph\">{\"@context\":\"https:\/\/schema.org\",\"@graph\":[{\"@type\":\"WebPage\",\"@id\":\"https:\/\/movepainfree.org\/fr\/the-canadian-orthopaedic-foundation-all-rights-reserved\/\",\"url\":\"https:\/\/movepainfree.org\/fr\/the-canadian-orthopaedic-foundation-all-rights-reserved\/\",\"name\":\"\u00a9 La Fondation Canadienne d'Orthop\u00e9die. Tous droits r\u00e9serv\u00e9s. - Fondation Canadienne d&#039;Orthop\u00e9die\",\"isPartOf\":{\"@id\":\"https:\/\/movepainfree.org\/fr\/#website\"},\"datePublished\":\"2015-01-19T22:05:39+00:00\",\"dateModified\":\"2023-01-25T20:40:25+00:00\",\"description\":\"La Fondation canadienne d'orthop\u00e9die vient en aide aux patients orthop\u00e9diques, aux professionnels de la sant\u00e9 en orthop\u00e9die, ainsi qu'aux personnes qui se pr\u00e9occupent de leur sant\u00e9 et des questions en mati\u00e8re de sant\u00e9 au sein de la collectivit\u00e9, et ce, \u00e0 l'\u00e9gard de la sant\u00e9 des os et des articulations actuelle et \u00e0 venir.\",\"breadcrumb\":{\"@id\":\"https:\/\/movepainfree.org\/fr\/the-canadian-orthopaedic-foundation-all-rights-reserved\/#breadcrumb\"},\"inLanguage\":\"fr-FR\",\"potentialAction\":[{\"@type\":\"ReadAction\",\"target\":[\"https:\/\/movepainfree.org\/fr\/the-canadian-orthopaedic-foundation-all-rights-reserved\/\"]}]},{\"@type\":\"BreadcrumbList\",\"@id\":\"https:\/\/movepainfree.org\/fr\/the-canadian-orthopaedic-foundation-all-rights-reserved\/#breadcrumb\",\"itemListElement\":[{\"@type\":\"ListItem\",\"position\":1,\"name\":\"Home\",\"item\":\"https:\/\/movepainfree.org\/fr\/\"},{\"@type\":\"ListItem\",\"position\":2,\"name\":\"\u00a9 La Fondation Canadienne d&rsquo;Orthop\u00e9die. Tous droits r\u00e9serv\u00e9s.\"}]},{\"@type\":\"WebSite\",\"@id\":\"https:\/\/movepainfree.org\/fr\/#website\",\"url\":\"https:\/\/movepainfree.org\/fr\/\",\"name\":\"Fondation Canadienne d&#039;Orthop\u00e9die\",\"description\":\"Fund-raising Activities Support Research, Education, Community Care\",\"potentialAction\":[{\"@type\":\"SearchAction\",\"target\":{\"@type\":\"EntryPoint\",\"urlTemplate\":\"https:\/\/movepainfree.org\/fr\/?s={search_term_string}\"},\"query-input\":{\"@type\":\"PropertyValueSpecification\",\"valueRequired\":true,\"valueName\":\"search_term_string\"}}],\"inLanguage\":\"fr-FR\"}]}<\/script>\n<!-- \/ Yoast SEO plugin. -->","yoast_head_json":{"title":"\u00a9 La Fondation Canadienne d'Orthop\u00e9die. Tous droits r\u00e9serv\u00e9s. - Fondation Canadienne d&#039;Orthop\u00e9die","description":"La Fondation canadienne d'orthop\u00e9die vient en aide aux patients orthop\u00e9diques, aux professionnels de la sant\u00e9 en orthop\u00e9die, ainsi qu'aux personnes qui se pr\u00e9occupent de leur sant\u00e9 et des questions en mati\u00e8re de sant\u00e9 au sein de la collectivit\u00e9, et ce, \u00e0 l'\u00e9gard de la sant\u00e9 des os et des articulations actuelle et \u00e0 venir.","robots":{"index":"index","follow":"follow","max-snippet":"max-snippet:-1","max-image-preview":"max-image-preview:large","max-video-preview":"max-video-preview:-1"},"canonical":"https:\/\/movepainfree.org\/fr\/the-canadian-orthopaedic-foundation-all-rights-reserved\/","og_locale":"fr_FR","og_type":"article","og_title":"\u00a9 La Fondation Canadienne d'Orthop\u00e9die. Tous droits r\u00e9serv\u00e9s. - Fondation Canadienne d&#039;Orthop\u00e9die","og_description":"La Fondation canadienne d'orthop\u00e9die vient en aide aux patients orthop\u00e9diques, aux professionnels de la sant\u00e9 en orthop\u00e9die, ainsi qu'aux personnes qui se pr\u00e9occupent de leur sant\u00e9 et des questions en mati\u00e8re de sant\u00e9 au sein de la collectivit\u00e9, et ce, \u00e0 l'\u00e9gard de la sant\u00e9 des os et des articulations actuelle et \u00e0 venir.","og_url":"https:\/\/movepainfree.org\/fr\/the-canadian-orthopaedic-foundation-all-rights-reserved\/","og_site_name":"Fondation Canadienne d&#039;Orthop\u00e9die","article_modified_time":"2023-01-25T20:40:25+00:00","twitter_card":"summary_large_image","twitter_misc":{"Dur\u00e9e de lecture estim\u00e9e":"2 minutes"},"schema":{"@context":"https:\/\/schema.org","@graph":[{"@type":"WebPage","@id":"https:\/\/movepainfree.org\/fr\/the-canadian-orthopaedic-foundation-all-rights-reserved\/","url":"https:\/\/movepainfree.org\/fr\/the-canadian-orthopaedic-foundation-all-rights-reserved\/","name":"\u00a9 La Fondation Canadienne d'Orthop\u00e9die. Tous droits r\u00e9serv\u00e9s. - Fondation Canadienne d&#039;Orthop\u00e9die","isPartOf":{"@id":"https:\/\/movepainfree.org\/fr\/#website"},"datePublished":"2015-01-19T22:05:39+00:00","dateModified":"2023-01-25T20:40:25+00:00","description":"La Fondation canadienne d'orthop\u00e9die vient en aide aux patients orthop\u00e9diques, aux professionnels de la sant\u00e9 en orthop\u00e9die, ainsi qu'aux personnes qui se pr\u00e9occupent de leur sant\u00e9 et des questions en mati\u00e8re de sant\u00e9 au sein de la collectivit\u00e9, et ce, \u00e0 l'\u00e9gard de la sant\u00e9 des os et des articulations actuelle et \u00e0 venir.","breadcrumb":{"@id":"https:\/\/movepainfree.org\/fr\/the-canadian-orthopaedic-foundation-all-rights-reserved\/#breadcrumb"},"inLanguage":"fr-FR","potentialAction":[{"@type":"ReadAction","target":["https:\/\/movepainfree.org\/fr\/the-canadian-orthopaedic-foundation-all-rights-reserved\/"]}]},{"@type":"BreadcrumbList","@id":"https:\/\/movepainfree.org\/fr\/the-canadian-orthopaedic-foundation-all-rights-reserved\/#breadcrumb","itemListElement":[{"@type":"ListItem","position":1,"name":"Home","item":"https:\/\/movepainfree.org\/fr\/"},{"@type":"ListItem","position":2,"name":"\u00a9 La Fondation Canadienne d&rsquo;Orthop\u00e9die. Tous droits r\u00e9serv\u00e9s."}]},{"@type":"WebSite","@id":"https:\/\/movepainfree.org\/fr\/#website","url":"https:\/\/movepainfree.org\/fr\/","name":"Fondation Canadienne d&#039;Orthop\u00e9die","description":"Fund-raising Activities Support Research, Education, Community Care","potentialAction":[{"@type":"SearchAction","target":{"@type":"EntryPoint","urlTemplate":"https:\/\/movepainfree.org\/fr\/?s={search_term_string}"},"query-input":{"@type":"PropertyValueSpecification","valueRequired":true,"valueName":"search_term_string"}}],"inLanguage":"fr-FR"}]}},"_links":{"self":[{"href":"https:\/\/movepainfree.org\/fr\/wp-json\/wp\/v2\/pages\/33","targetHints":{"allow":["GET"]}}],"collection":[{"href":"https:\/\/movepainfree.org\/fr\/wp-json\/wp\/v2\/pages"}],"about":[{"href":"https:\/\/movepainfree.org\/fr\/wp-json\/wp\/v2\/types\/page"}],"author":[{"embeddable":true,"href":"https:\/\/movepainfree.org\/fr\/wp-json\/wp\/v2\/users\/1"}],"replies":[{"embeddable":true,"href":"https:\/\/movepainfree.org\/fr\/wp-json\/wp\/v2\/comments?post=33"}],"version-history":[{"count":4,"href":"https:\/\/movepainfree.org\/fr\/wp-json\/wp\/v2\/pages\/33\/revisions"}],"predecessor-version":[{"id":4072,"href":"https:\/\/movepainfree.org\/fr\/wp-json\/wp\/v2\/pages\/33\/revisions\/4072"}],"wp:attachment":[{"href":"https:\/\/movepainfree.org\/fr\/wp-json\/wp\/v2\/media?parent=33"}],"curies":[{"name":"wp","href":"https:\/\/api.w.org\/{rel}","templated":true}]}}