{"id":328,"date":"2015-01-22T20:27:15","date_gmt":"2015-01-22T20:27:15","guid":{"rendered":"https:\/\/movepainfree.org\/fr\/?page_id=328"},"modified":"2025-01-30T19:05:15","modified_gmt":"2025-01-30T19:05:15","slug":"board-of-directors","status":"publish","type":"page","link":"https:\/\/movepainfree.org\/fr\/about-us\/board-of-directors\/","title":{"rendered":"Conseil d&rsquo;administration"},"content":{"rendered":"<p>Le conseil d&rsquo;administration de la Fondation Canadienne d&rsquo;Orthop\u00e9die s&rsquo;engage \u00e0 faire preuve d&rsquo;excellence en mati\u00e8re de gouvernance juridique, \u00e9thique et morale de son organisme en vue de la concr\u00e9tisation de sa mission.<\/p>\n<p><a href=\"https:\/\/movepainfree.org\/fr\/wp-content\/uploads\/sites\/3\/Ravi-Bheeshma-Jan2025-FR.pdf\" target=\"_blank\" rel=\"noopener\">D<sup>r<\/sup> Bheeshma Ravi<\/a>, pr\u00e9sident, Toronto (Ontario) <br \/><a href=\"https:\/\/movepainfree.org\/fr\/wp-content\/uploads\/sites\/3\/Davison-Kent-Jul-2021-FR.pdf\" target=\"_blank\" rel=\"noopener noreferrer\">Kent Davison<\/a>, <span style=\"font-size: inherit;\">tr\u00e9sorier, Edmonton<\/span><span id=\"lblContent\" style=\"font-size: inherit;\"> (Alberta)<br \/><span id=\"lblContent\"><a href=\"https:\/\/movepainfree.org\/fr\/wp-content\/uploads\/sites\/3\/Thomson-Doug-Aug-2023-FR.pdf\" target=\"_blank\" rel=\"noopener noreferrer\">Doug Thomson<\/a>, secr\u00e9taire, Mono (Ontario)<\/span><br \/><\/span><a href=\"https:\/\/movepainfree.org\/fr\/wp-content\/uploads\/sites\/3\/Bassin-Sherry-Aug-2018-FR.pdf\" target=\"_blank\" rel=\"noopener noreferrer\">Sherwood Bassin<\/a>, Oshawa (Ontario)<br \/><span id=\"lblContent\"><a href=\"https:\/\/movepainfree.org\/fr\/wp-content\/uploads\/sites\/3\/Ghert-Michelle-Aug2024-FR.pdf\" target=\"_blank\" rel=\"noopener\">D<sup>re<\/sup> Michelle Ghert<\/a>, Oakville (Ontario)<\/span><br \/><span id=\"lblContent\"><a href=\"https:\/\/movepainfree.org\/fr\/wp-content\/uploads\/sites\/3\/Spears-Michael-Aug-2022-FR.pdf\" target=\"_blank\" rel=\"noopener noreferrer\">Michael Spears<\/a>, Toronto (Ontario)<br \/><a href=\"https:\/\/movepainfree.org\/fr\/wp-content\/uploads\/sites\/3\/Volesky-Monika-Sep-2022-FR.pdf\" target=\"_blank\" rel=\"noopener noreferrer\">D<sup>re<\/sup> Monika Volesky<\/a>, Outremont (Qu\u00e9bec)<br \/><a href=\"https:\/\/movepainfree.org\/fr\/wp-content\/uploads\/sites\/3\/Williams-Jamie-Aug-2024-FR.pdf\" target=\"_blank\" rel=\"noopener\">Jamie Williams<\/a>, Barrie (Ontario)<br \/><a href=\"https:\/\/movepainfree.org\/fr\/wp-content\/uploads\/sites\/3\/Wilson-James-Aug2024-FR.pdf\" target=\"_blank\" rel=\"noopener\">James Wilson<\/a>, Toronto (Ontario)<br \/><a href=\"https:\/\/movepainfree.org\/fr\/wp-content\/uploads\/sites\/3\/Wittman-Trinity-Aug2024-FR.pdf\" target=\"_blank\" rel=\"noopener\">Trinity Wittman<\/a>, Pointe-Claire (Qu\u00e9bec)<\/span><\/p>\n<h2>Membres affili\u00e9s<\/h2>\n<p>D<sup>r<\/sup>\u00a0Hans Kreder, Toronto (Ontario)\u00a0<br \/>D<sup>r<\/sup> Ross Leighton, Halifax (Nouvelle-\u00c9cosse)<\/p>\n<p><a href=\"https:\/\/movepainfree.org\/fr\/wp-content\/uploads\/sites\/3\/Charlebois-Todd-SEP-2022-FR.pdf\" target=\"_blank\" rel=\"noopener noreferrer\">Todd Charlebois<\/a>,\u00a0Directeur g\u00e9n\u00e9ral<\/p>\n<h2>Comit\u00e9 d&rsquo;examen scientifique et m\u00e9dical<\/h2>\n<p>Ce comit\u00e9 a pour t\u00e2che de mener des examens initial et final des renseignements et des ressources de sensibilisation de la population et des malades de la Fondation afin de veiller \u00e0 leur utilit\u00e9 pour le public cible, \u00e0 leur exactitude et \u00e0 leur fiabilit\u00e9. Les membres sont nomm\u00e9s \u00e0 ce comit\u00e9 b\u00e9n\u00e9vole par le conseil d\u2019administration de la Fondation. Le Comit\u00e9 est principalement compos\u00e9 d\u2019orthop\u00e9distes\u00a0de partout au pays et de repr\u00e9sentants\u00a0des domaines m\u00e9dical et de la sant\u00e9, comme les soins infirmiers, la physioth\u00e9rapie et la th\u00e9rapie sportive.<\/p>\n<p><span id=\"lblContent\"><strong>D<sup>r<\/sup> Peter Dryden<\/strong><\/span>, <span id=\"lblContent\">Victoria\u00a0(Colombie-Britannique)<\/span> <br \/><span id=\"lblContent\"><strong>M<sup>me<\/sup> Kira Ellis<\/strong><\/span>, <span id=\"lblContent\">Calgary (Alberta)<\/span><br \/><span id=\"lblContent\"><strong>D<sup>re<\/sup> Jennifer Fletcher<\/strong><\/span>, <span id=\"lblContent\">Saint John\u00a0(Nuveau-Brunswick) <br \/><\/span> <span id=\"lblContent\"><strong>D<sup>r<\/sup> Yves Laflamme<\/strong><\/span>, <span id=\"lblContent\">Montr\u00e9al (Qu\u00e9bec) <br \/><\/span> <span id=\"lblContent\"><strong>D<sup>r<\/sup> Brendan Lewis<\/strong><\/span>, <span id=\"lblContent\">Corner Brook\u00a0(Terre-Neuve) <br \/><\/span> <span id=\"lblContent\"><strong>D<sup>r<\/sup> Stefan Parent<\/strong><\/span>, <span id=\"lblContent\">Montr\u00e9al (Qu\u00e9bec)<\/span> <br \/><span id=\"lblContent\"><strong>D<sup>r<\/sup> John Theodoropoulos<\/strong><\/span>, Toronto <span id=\"lblContent\">(Ontario) <br \/><\/span> <span id=\"lblContent\"><strong>D<sup>re<\/sup> Veronica Wadey<\/strong><\/span>, Toronto <span id=\"lblContent\">(Ontario) <br \/><\/span> <span id=\"lblContent\"><strong>D<sup>r<\/sup> Albert Yee<\/strong><\/span>, Toronto <span id=\"lblContent\">(Ontario) <\/span><\/p>\n\n\n<h2 class=\"wp-block-heading\">Pr\u00e9sidents sortants de la FCO <\/h2>\n\n\n\n<p>La FCO a le privil\u00e8ge\nd\u2019avoir pu compter sur des leaders talentueux et d\u00e9vou\u00e9s \u00e0 la pr\u00e9sidence de son\nconseil au fil des ans.<\/p>\n\n\n\n<p>2022 &nbsp; &nbsp; &nbsp; &nbsp; &nbsp; D<sup>r<\/sup>  Hans Kreder<br>2018 &nbsp; &nbsp; &nbsp; &nbsp; &nbsp; D<sup>r<\/sup>  Pierre Guy<br>2014&nbsp; &nbsp; &nbsp; &nbsp; &nbsp; &nbsp;D<sup>r<\/sup>  Geoff Johnston<br>2010&nbsp; &nbsp; &nbsp; &nbsp; &nbsp; &nbsp;D<sup>r<\/sup>  James Waddell<br>2007&nbsp; &nbsp; &nbsp; &nbsp; &nbsp; &nbsp;D<sup>r<\/sup>  Kevin Orrell<br>2004&nbsp; &nbsp; &nbsp; &nbsp; &nbsp; &nbsp;D<sup>r<\/sup>  Paul Wright<br>2000&nbsp; &nbsp; &nbsp; &nbsp; &nbsp; &nbsp;D<sup>r<\/sup>  Hubert Labelle<br>1999&nbsp; &nbsp; &nbsp; &nbsp; &nbsp; &nbsp;D<sup>r<\/sup>  Cy Frank<br>1994&nbsp; &nbsp; &nbsp; &nbsp; &nbsp; &nbsp;D<sup>r<\/sup>  Cec Rorabeck<br>1990&nbsp; &nbsp; &nbsp; &nbsp; &nbsp; &nbsp;D<sup>r<\/sup>  Andr\u00e9 Beaupr\u00e9<br>1987&nbsp; &nbsp; &nbsp; &nbsp; &nbsp; &nbsp;D<sup>r<\/sup>  T. Derek V. Cooke<br>1986&nbsp; &nbsp; &nbsp; &nbsp; &nbsp; &nbsp;D<sup>r<\/sup>  David Hastings<br>1982&nbsp; &nbsp; &nbsp; &nbsp; &nbsp; &nbsp;D<sup>r<\/sup>  Ian Jeffrey<br>1979&nbsp; &nbsp; &nbsp; &nbsp; &nbsp; &nbsp;D<sup>r<\/sup> Hans Uhthoff<br>1974&nbsp; &nbsp; &nbsp; &nbsp; &nbsp; &nbsp;D<sup>r<\/sup> George Kay<br>1970&nbsp; &nbsp; &nbsp; &nbsp; &nbsp; &nbsp;D<sup>r<\/sup> W.R. Harris<br>1967&nbsp; &nbsp; &nbsp; &nbsp; &nbsp; &nbsp;D<sup>r<\/sup> G. Pennal<br>1965&nbsp; &nbsp; &nbsp; &nbsp; &nbsp; &nbsp;D<sup>r<\/sup> R.I. Harris <\/p>\n","protected":false},"excerpt":{"rendered":"Le conseil d&rsquo;administration de la Fondation Canadienne d&rsquo;Orthop\u00e9die s&rsquo;engage \u00e0 faire preuve d&rsquo;excellence en mati\u00e8re de gouvernance juridique, \u00e9thique et morale de son organisme en vue de la concr\u00e9tisation de&#8230; <a class=\"view-article\" href=\"https:\/\/movepainfree.org\/fr\/about-us\/board-of-directors\/\">View Article<\/a>","protected":false},"author":1,"featured_media":0,"parent":43,"menu_order":0,"comment_status":"closed","ping_status":"closed","template":"","meta":{"footnotes":""},"class_list":["post-328","page","type-page","status-publish","hentry"],"yoast_head":"<!-- This site is optimized with the Yoast SEO plugin v27.0 - https:\/\/yoast.com\/product\/yoast-seo-wordpress\/ -->\n<title>Conseil d&#039;administration - Fondation Canadienne d&#039;Orthop\u00e9die<\/title>\n<meta name=\"description\" content=\"La Fondation canadienne d&#039;orthop\u00e9die vient en aide aux patients orthop\u00e9diques, aux professionnels de la sant\u00e9 en orthop\u00e9die, ainsi qu&#039;aux personnes qui se pr\u00e9occupent de leur sant\u00e9 et des questions en mati\u00e8re de sant\u00e9 au sein de la collectivit\u00e9, et ce, \u00e0 l&#039;\u00e9gard de la sant\u00e9 des os et des articulations actuelle et \u00e0 venir.\" \/>\n<meta name=\"robots\" content=\"index, follow, max-snippet:-1, max-image-preview:large, max-video-preview:-1\" \/>\n<link rel=\"canonical\" href=\"https:\/\/movepainfree.org\/fr\/about-us\/board-of-directors\/\" \/>\n<meta property=\"og:locale\" content=\"fr_FR\" \/>\n<meta property=\"og:type\" content=\"article\" \/>\n<meta property=\"og:title\" content=\"Conseil d&#039;administration - Fondation Canadienne d&#039;Orthop\u00e9die\" \/>\n<meta property=\"og:description\" content=\"La Fondation canadienne d&#039;orthop\u00e9die vient en aide aux patients orthop\u00e9diques, aux professionnels de la sant\u00e9 en orthop\u00e9die, ainsi qu&#039;aux personnes qui se pr\u00e9occupent de leur sant\u00e9 et des questions en mati\u00e8re de sant\u00e9 au sein de la collectivit\u00e9, et ce, \u00e0 l&#039;\u00e9gard de la sant\u00e9 des os et des articulations actuelle et \u00e0 venir.\" \/>\n<meta property=\"og:url\" content=\"https:\/\/movepainfree.org\/fr\/about-us\/board-of-directors\/\" \/>\n<meta property=\"og:site_name\" content=\"Fondation Canadienne d&#039;Orthop\u00e9die\" \/>\n<meta property=\"article:modified_time\" content=\"2025-01-30T19:05:15+00:00\" \/>\n<meta name=\"twitter:card\" content=\"summary_large_image\" \/>\n<meta name=\"twitter:label1\" content=\"Dur\u00e9e de lecture estim\u00e9e\" \/>\n\t<meta name=\"twitter:data1\" content=\"2 minutes\" \/>\n<script type=\"application\/ld+json\" class=\"yoast-schema-graph\">{\"@context\":\"https:\/\/schema.org\",\"@graph\":[{\"@type\":\"WebPage\",\"@id\":\"https:\/\/movepainfree.org\/fr\/about-us\/board-of-directors\/\",\"url\":\"https:\/\/movepainfree.org\/fr\/about-us\/board-of-directors\/\",\"name\":\"Conseil d'administration - Fondation Canadienne d&#039;Orthop\u00e9die\",\"isPartOf\":{\"@id\":\"https:\/\/movepainfree.org\/fr\/#website\"},\"datePublished\":\"2015-01-22T20:27:15+00:00\",\"dateModified\":\"2025-01-30T19:05:15+00:00\",\"description\":\"La Fondation canadienne d'orthop\u00e9die vient en aide aux patients orthop\u00e9diques, aux professionnels de la sant\u00e9 en orthop\u00e9die, ainsi qu'aux personnes qui se pr\u00e9occupent de leur sant\u00e9 et des questions en mati\u00e8re de sant\u00e9 au sein de la collectivit\u00e9, et ce, \u00e0 l'\u00e9gard de la sant\u00e9 des os et des articulations actuelle et \u00e0 venir.\",\"breadcrumb\":{\"@id\":\"https:\/\/movepainfree.org\/fr\/about-us\/board-of-directors\/#breadcrumb\"},\"inLanguage\":\"fr-FR\",\"potentialAction\":[{\"@type\":\"ReadAction\",\"target\":[\"https:\/\/movepainfree.org\/fr\/about-us\/board-of-directors\/\"]}]},{\"@type\":\"BreadcrumbList\",\"@id\":\"https:\/\/movepainfree.org\/fr\/about-us\/board-of-directors\/#breadcrumb\",\"itemListElement\":[{\"@type\":\"ListItem\",\"position\":1,\"name\":\"Home\",\"item\":\"https:\/\/movepainfree.org\/fr\/\"},{\"@type\":\"ListItem\",\"position\":2,\"name\":\"\u00c0 propos de nous\",\"item\":\"https:\/\/movepainfree.org\/fr\/about-us\/\"},{\"@type\":\"ListItem\",\"position\":3,\"name\":\"Conseil d&rsquo;administration\"}]},{\"@type\":\"WebSite\",\"@id\":\"https:\/\/movepainfree.org\/fr\/#website\",\"url\":\"https:\/\/movepainfree.org\/fr\/\",\"name\":\"Fondation Canadienne d&#039;Orthop\u00e9die\",\"description\":\"Fund-raising Activities Support Research, Education, Community Care\",\"potentialAction\":[{\"@type\":\"SearchAction\",\"target\":{\"@type\":\"EntryPoint\",\"urlTemplate\":\"https:\/\/movepainfree.org\/fr\/?s={search_term_string}\"},\"query-input\":{\"@type\":\"PropertyValueSpecification\",\"valueRequired\":true,\"valueName\":\"search_term_string\"}}],\"inLanguage\":\"fr-FR\"}]}<\/script>\n<!-- \/ Yoast SEO plugin. -->","yoast_head_json":{"title":"Conseil d'administration - Fondation Canadienne d&#039;Orthop\u00e9die","description":"La Fondation canadienne d'orthop\u00e9die vient en aide aux patients orthop\u00e9diques, aux professionnels de la sant\u00e9 en orthop\u00e9die, ainsi qu'aux personnes qui se pr\u00e9occupent de leur sant\u00e9 et des questions en mati\u00e8re de sant\u00e9 au sein de la collectivit\u00e9, et ce, \u00e0 l'\u00e9gard de la sant\u00e9 des os et des articulations actuelle et \u00e0 venir.","robots":{"index":"index","follow":"follow","max-snippet":"max-snippet:-1","max-image-preview":"max-image-preview:large","max-video-preview":"max-video-preview:-1"},"canonical":"https:\/\/movepainfree.org\/fr\/about-us\/board-of-directors\/","og_locale":"fr_FR","og_type":"article","og_title":"Conseil d'administration - Fondation Canadienne d&#039;Orthop\u00e9die","og_description":"La Fondation canadienne d'orthop\u00e9die vient en aide aux patients orthop\u00e9diques, aux professionnels de la sant\u00e9 en orthop\u00e9die, ainsi qu'aux personnes qui se pr\u00e9occupent de leur sant\u00e9 et des questions en mati\u00e8re de sant\u00e9 au sein de la collectivit\u00e9, et ce, \u00e0 l'\u00e9gard de la sant\u00e9 des os et des articulations actuelle et \u00e0 venir.","og_url":"https:\/\/movepainfree.org\/fr\/about-us\/board-of-directors\/","og_site_name":"Fondation Canadienne d&#039;Orthop\u00e9die","article_modified_time":"2025-01-30T19:05:15+00:00","twitter_card":"summary_large_image","twitter_misc":{"Dur\u00e9e de lecture estim\u00e9e":"2 minutes"},"schema":{"@context":"https:\/\/schema.org","@graph":[{"@type":"WebPage","@id":"https:\/\/movepainfree.org\/fr\/about-us\/board-of-directors\/","url":"https:\/\/movepainfree.org\/fr\/about-us\/board-of-directors\/","name":"Conseil d'administration - Fondation Canadienne d&#039;Orthop\u00e9die","isPartOf":{"@id":"https:\/\/movepainfree.org\/fr\/#website"},"datePublished":"2015-01-22T20:27:15+00:00","dateModified":"2025-01-30T19:05:15+00:00","description":"La Fondation canadienne d'orthop\u00e9die vient en aide aux patients orthop\u00e9diques, aux professionnels de la sant\u00e9 en orthop\u00e9die, ainsi qu'aux personnes qui se pr\u00e9occupent de leur sant\u00e9 et des questions en mati\u00e8re de sant\u00e9 au sein de la collectivit\u00e9, et ce, \u00e0 l'\u00e9gard de la sant\u00e9 des os et des articulations actuelle et \u00e0 venir.","breadcrumb":{"@id":"https:\/\/movepainfree.org\/fr\/about-us\/board-of-directors\/#breadcrumb"},"inLanguage":"fr-FR","potentialAction":[{"@type":"ReadAction","target":["https:\/\/movepainfree.org\/fr\/about-us\/board-of-directors\/"]}]},{"@type":"BreadcrumbList","@id":"https:\/\/movepainfree.org\/fr\/about-us\/board-of-directors\/#breadcrumb","itemListElement":[{"@type":"ListItem","position":1,"name":"Home","item":"https:\/\/movepainfree.org\/fr\/"},{"@type":"ListItem","position":2,"name":"\u00c0 propos de nous","item":"https:\/\/movepainfree.org\/fr\/about-us\/"},{"@type":"ListItem","position":3,"name":"Conseil d&rsquo;administration"}]},{"@type":"WebSite","@id":"https:\/\/movepainfree.org\/fr\/#website","url":"https:\/\/movepainfree.org\/fr\/","name":"Fondation Canadienne d&#039;Orthop\u00e9die","description":"Fund-raising Activities Support Research, Education, Community Care","potentialAction":[{"@type":"SearchAction","target":{"@type":"EntryPoint","urlTemplate":"https:\/\/movepainfree.org\/fr\/?s={search_term_string}"},"query-input":{"@type":"PropertyValueSpecification","valueRequired":true,"valueName":"search_term_string"}}],"inLanguage":"fr-FR"}]}},"_links":{"self":[{"href":"https:\/\/movepainfree.org\/fr\/wp-json\/wp\/v2\/pages\/328","targetHints":{"allow":["GET"]}}],"collection":[{"href":"https:\/\/movepainfree.org\/fr\/wp-json\/wp\/v2\/pages"}],"about":[{"href":"https:\/\/movepainfree.org\/fr\/wp-json\/wp\/v2\/types\/page"}],"author":[{"embeddable":true,"href":"https:\/\/movepainfree.org\/fr\/wp-json\/wp\/v2\/users\/1"}],"replies":[{"embeddable":true,"href":"https:\/\/movepainfree.org\/fr\/wp-json\/wp\/v2\/comments?post=328"}],"version-history":[{"count":82,"href":"https:\/\/movepainfree.org\/fr\/wp-json\/wp\/v2\/pages\/328\/revisions"}],"predecessor-version":[{"id":4694,"href":"https:\/\/movepainfree.org\/fr\/wp-json\/wp\/v2\/pages\/328\/revisions\/4694"}],"up":[{"embeddable":true,"href":"https:\/\/movepainfree.org\/fr\/wp-json\/wp\/v2\/pages\/43"}],"wp:attachment":[{"href":"https:\/\/movepainfree.org\/fr\/wp-json\/wp\/v2\/media?parent=328"}],"curies":[{"name":"wp","href":"https:\/\/api.w.org\/{rel}","templated":true}]}}