{"id":321,"date":"2015-01-22T20:20:19","date_gmt":"2015-01-22T20:20:19","guid":{"rendered":"https:\/\/movepainfree.org\/fr\/?page_id=321"},"modified":"2020-02-10T17:34:43","modified_gmt":"2020-02-10T17:34:43","slug":"what-we-do","status":"publish","type":"page","link":"https:\/\/movepainfree.org\/fr\/about-us\/what-we-do\/","title":{"rendered":"Notre r\u00f4le"},"content":{"rendered":"<p>La Fondation Canadienne d&rsquo;Orthop\u00e9die recueille des dons aupr\u00e8s de la population et affecte ces fonds \u00e0 des programmes visant \u00e0 faire progresser la recherche en orthop\u00e9die, \u00e0 sensibiliser la population et \u00e0 am\u00e9liorer les soins communautaires.<\/p>\n<p>Chaque ann\u00e9e, la Fondation offre des bourses et prix aux chercheurs canadiens en orthop\u00e9die. Depuis sa premi\u00e8re remise de bourses, en 1967, la Fondation a investi environ 5,5\u00a0millions de dollars en recherche fondamentale et clinique au Canada. <a href=\"https:\/\/movepainfree.org\/fr\/grants-and-research\/\" target=\"_blank\" rel=\"noopener noreferrer\">Au sujet de la recherche<\/a><\/p>\n<p><span id=\"lblContent\">La Fondation s&rsquo;engage, par l&rsquo;interm\u00e9diaire de programmes connexes, \u00e0 sensibiliser les malades et \u00e0 leur fournir, ainsi qu&rsquo;\u00e0 leur famille, des renseignements pr\u00e9cis et \u00e0 jour afin de rendre l&rsquo;intervention chirurgicale un peu moins effrayante et de les y pr\u00e9parer. <\/span><\/p>\n<p>La Fondation Canadienne d&rsquo;Orthop\u00e9die est le seul organisme de bienfaisance canadien \u00e0 se consacrer exclusivement \u00e0 aider les gens \u00e0 renforcer, \u00e0 maintenir et \u00e0 recouvrer la sant\u00e9 de leurs os et articulations. Pour ce faire, la Fondation recueille des fonds et les affecte \u00e0 des projets de recherche, d&rsquo;\u00e9ducation et li\u00e9s aux soins qui aident les Canadiens \u00e0 se d\u00e9placer et \u00e0 vivre de fa\u00e7on plus autonome, plus longtemps et plus facilement.<\/p>\n<p>Pour vos 206 os et leurs articulations<\/p>\n<p><span id=\"lblContent\">Combien d&rsquo;os avez-vous mis \u00e0 contribution pour atteindre ce site Web? Environ 54, dans vos bras et mains, si vous avez utilis\u00e9 vos deux mains pour saisir l&rsquo;adresse. Que vous vous int\u00e9ressiez \u00e0 la sant\u00e9 des os et articulations en g\u00e9n\u00e9ral ou que vous vous posiez des questions sur des os ou articulations en particulier, la Fondation Canadienne d&rsquo;Orthop\u00e9die est l\u00e0 pour vous, pour veiller \u00e0 la sant\u00e9 de vos 206\u00a0os et de leurs articulations.<\/span><\/p>\n<h2>Le saviez-vous?<\/h2>\n<ul>\n<li>Les troubles de l&rsquo;appareil locomoteur sont les probl\u00e8mes de sant\u00e9 \u00e0 long terme les plus courants.<\/li>\n<li>Plus de 20\u00a0% des Canadiens, soit plus de 6\u00a0millions de personnes, disent souffrir de troubles de l&rsquo;appareil locomoteur, comme l&rsquo;arthrite, les rhumatismes, l&rsquo;ost\u00e9oporose, l&rsquo;arthrose, un traumatisme ou une maladie.<\/li>\n<li>Les troubles de l&rsquo;appareil locomoteur co\u00fbtent annuellement quelque 17\u00a0milliards de dollars en ressources en sant\u00e9 et en pertes de rendement.<\/li>\n<li>Selon les sp\u00e9cialistes, le meilleur moyen de pr\u00e9venir les troubles de l&rsquo;appareil locomoteur est de pr\u00e9venir les blessures en soi, car elles n\u00e9cessitent des soins et causent des probl\u00e8mes \u00e0 long terme.<\/li>\n<\/ul>\n","protected":false},"excerpt":{"rendered":"La Fondation Canadienne d&rsquo;Orthop\u00e9die recueille des dons aupr\u00e8s de la population et affecte ces fonds \u00e0 des programmes visant \u00e0 faire progresser la recherche en orthop\u00e9die, \u00e0 sensibiliser la population&#8230; <a class=\"view-article\" href=\"https:\/\/movepainfree.org\/fr\/about-us\/what-we-do\/\">View Article<\/a>","protected":false},"author":1,"featured_media":0,"parent":43,"menu_order":0,"comment_status":"closed","ping_status":"closed","template":"","meta":{"footnotes":""},"class_list":["post-321","page","type-page","status-publish","hentry"],"yoast_head":"<!-- This site is optimized with the Yoast SEO plugin v27.0 - https:\/\/yoast.com\/product\/yoast-seo-wordpress\/ -->\n<title>Notre r\u00f4le - Fondation Canadienne d&#039;Orthop\u00e9die<\/title>\n<meta name=\"description\" content=\"La Fondation canadienne d&#039;orthop\u00e9die vient en aide aux patients orthop\u00e9diques, aux professionnels de la sant\u00e9 en orthop\u00e9die, ainsi qu&#039;aux personnes qui se pr\u00e9occupent de leur sant\u00e9 et des questions en mati\u00e8re de sant\u00e9 au sein de la collectivit\u00e9, et ce, \u00e0 l&#039;\u00e9gard de la sant\u00e9 des os et des articulations actuelle et \u00e0 venir.\" \/>\n<meta name=\"robots\" content=\"index, follow, max-snippet:-1, max-image-preview:large, max-video-preview:-1\" \/>\n<link rel=\"canonical\" href=\"https:\/\/movepainfree.org\/fr\/about-us\/what-we-do\/\" \/>\n<meta property=\"og:locale\" content=\"fr_FR\" \/>\n<meta property=\"og:type\" content=\"article\" \/>\n<meta property=\"og:title\" content=\"Notre r\u00f4le - Fondation Canadienne d&#039;Orthop\u00e9die\" \/>\n<meta property=\"og:description\" content=\"La Fondation canadienne d&#039;orthop\u00e9die vient en aide aux patients orthop\u00e9diques, aux professionnels de la sant\u00e9 en orthop\u00e9die, ainsi qu&#039;aux personnes qui se pr\u00e9occupent de leur sant\u00e9 et des questions en mati\u00e8re de sant\u00e9 au sein de la collectivit\u00e9, et ce, \u00e0 l&#039;\u00e9gard de la sant\u00e9 des os et des articulations actuelle et \u00e0 venir.\" \/>\n<meta property=\"og:url\" content=\"https:\/\/movepainfree.org\/fr\/about-us\/what-we-do\/\" \/>\n<meta property=\"og:site_name\" content=\"Fondation Canadienne d&#039;Orthop\u00e9die\" \/>\n<meta property=\"article:modified_time\" content=\"2020-02-10T17:34:43+00:00\" \/>\n<meta name=\"twitter:card\" content=\"summary_large_image\" \/>\n<meta name=\"twitter:label1\" content=\"Dur\u00e9e de lecture estim\u00e9e\" \/>\n\t<meta name=\"twitter:data1\" content=\"2 minutes\" \/>\n<script type=\"application\/ld+json\" class=\"yoast-schema-graph\">{\"@context\":\"https:\/\/schema.org\",\"@graph\":[{\"@type\":\"WebPage\",\"@id\":\"https:\/\/movepainfree.org\/fr\/about-us\/what-we-do\/\",\"url\":\"https:\/\/movepainfree.org\/fr\/about-us\/what-we-do\/\",\"name\":\"Notre r\u00f4le - Fondation Canadienne d&#039;Orthop\u00e9die\",\"isPartOf\":{\"@id\":\"https:\/\/movepainfree.org\/fr\/#website\"},\"datePublished\":\"2015-01-22T20:20:19+00:00\",\"dateModified\":\"2020-02-10T17:34:43+00:00\",\"description\":\"La Fondation canadienne d'orthop\u00e9die vient en aide aux patients orthop\u00e9diques, aux professionnels de la sant\u00e9 en orthop\u00e9die, ainsi qu'aux personnes qui se pr\u00e9occupent de leur sant\u00e9 et des questions en mati\u00e8re de sant\u00e9 au sein de la collectivit\u00e9, et ce, \u00e0 l'\u00e9gard de la sant\u00e9 des os et des articulations actuelle et \u00e0 venir.\",\"breadcrumb\":{\"@id\":\"https:\/\/movepainfree.org\/fr\/about-us\/what-we-do\/#breadcrumb\"},\"inLanguage\":\"fr-FR\",\"potentialAction\":[{\"@type\":\"ReadAction\",\"target\":[\"https:\/\/movepainfree.org\/fr\/about-us\/what-we-do\/\"]}]},{\"@type\":\"BreadcrumbList\",\"@id\":\"https:\/\/movepainfree.org\/fr\/about-us\/what-we-do\/#breadcrumb\",\"itemListElement\":[{\"@type\":\"ListItem\",\"position\":1,\"name\":\"Home\",\"item\":\"https:\/\/movepainfree.org\/fr\/\"},{\"@type\":\"ListItem\",\"position\":2,\"name\":\"\u00c0 propos de nous\",\"item\":\"https:\/\/movepainfree.org\/fr\/about-us\/\"},{\"@type\":\"ListItem\",\"position\":3,\"name\":\"Notre r\u00f4le\"}]},{\"@type\":\"WebSite\",\"@id\":\"https:\/\/movepainfree.org\/fr\/#website\",\"url\":\"https:\/\/movepainfree.org\/fr\/\",\"name\":\"Fondation Canadienne d&#039;Orthop\u00e9die\",\"description\":\"Fund-raising Activities Support Research, Education, Community Care\",\"potentialAction\":[{\"@type\":\"SearchAction\",\"target\":{\"@type\":\"EntryPoint\",\"urlTemplate\":\"https:\/\/movepainfree.org\/fr\/?s={search_term_string}\"},\"query-input\":{\"@type\":\"PropertyValueSpecification\",\"valueRequired\":true,\"valueName\":\"search_term_string\"}}],\"inLanguage\":\"fr-FR\"}]}<\/script>\n<!-- \/ Yoast SEO plugin. -->","yoast_head_json":{"title":"Notre r\u00f4le - Fondation Canadienne d&#039;Orthop\u00e9die","description":"La Fondation canadienne d'orthop\u00e9die vient en aide aux patients orthop\u00e9diques, aux professionnels de la sant\u00e9 en orthop\u00e9die, ainsi qu'aux personnes qui se pr\u00e9occupent de leur sant\u00e9 et des questions en mati\u00e8re de sant\u00e9 au sein de la collectivit\u00e9, et ce, \u00e0 l'\u00e9gard de la sant\u00e9 des os et des articulations actuelle et \u00e0 venir.","robots":{"index":"index","follow":"follow","max-snippet":"max-snippet:-1","max-image-preview":"max-image-preview:large","max-video-preview":"max-video-preview:-1"},"canonical":"https:\/\/movepainfree.org\/fr\/about-us\/what-we-do\/","og_locale":"fr_FR","og_type":"article","og_title":"Notre r\u00f4le - Fondation Canadienne d&#039;Orthop\u00e9die","og_description":"La Fondation canadienne d'orthop\u00e9die vient en aide aux patients orthop\u00e9diques, aux professionnels de la sant\u00e9 en orthop\u00e9die, ainsi qu'aux personnes qui se pr\u00e9occupent de leur sant\u00e9 et des questions en mati\u00e8re de sant\u00e9 au sein de la collectivit\u00e9, et ce, \u00e0 l'\u00e9gard de la sant\u00e9 des os et des articulations actuelle et \u00e0 venir.","og_url":"https:\/\/movepainfree.org\/fr\/about-us\/what-we-do\/","og_site_name":"Fondation Canadienne d&#039;Orthop\u00e9die","article_modified_time":"2020-02-10T17:34:43+00:00","twitter_card":"summary_large_image","twitter_misc":{"Dur\u00e9e de lecture estim\u00e9e":"2 minutes"},"schema":{"@context":"https:\/\/schema.org","@graph":[{"@type":"WebPage","@id":"https:\/\/movepainfree.org\/fr\/about-us\/what-we-do\/","url":"https:\/\/movepainfree.org\/fr\/about-us\/what-we-do\/","name":"Notre r\u00f4le - Fondation Canadienne d&#039;Orthop\u00e9die","isPartOf":{"@id":"https:\/\/movepainfree.org\/fr\/#website"},"datePublished":"2015-01-22T20:20:19+00:00","dateModified":"2020-02-10T17:34:43+00:00","description":"La Fondation canadienne d'orthop\u00e9die vient en aide aux patients orthop\u00e9diques, aux professionnels de la sant\u00e9 en orthop\u00e9die, ainsi qu'aux personnes qui se pr\u00e9occupent de leur sant\u00e9 et des questions en mati\u00e8re de sant\u00e9 au sein de la collectivit\u00e9, et ce, \u00e0 l'\u00e9gard de la sant\u00e9 des os et des articulations actuelle et \u00e0 venir.","breadcrumb":{"@id":"https:\/\/movepainfree.org\/fr\/about-us\/what-we-do\/#breadcrumb"},"inLanguage":"fr-FR","potentialAction":[{"@type":"ReadAction","target":["https:\/\/movepainfree.org\/fr\/about-us\/what-we-do\/"]}]},{"@type":"BreadcrumbList","@id":"https:\/\/movepainfree.org\/fr\/about-us\/what-we-do\/#breadcrumb","itemListElement":[{"@type":"ListItem","position":1,"name":"Home","item":"https:\/\/movepainfree.org\/fr\/"},{"@type":"ListItem","position":2,"name":"\u00c0 propos de nous","item":"https:\/\/movepainfree.org\/fr\/about-us\/"},{"@type":"ListItem","position":3,"name":"Notre r\u00f4le"}]},{"@type":"WebSite","@id":"https:\/\/movepainfree.org\/fr\/#website","url":"https:\/\/movepainfree.org\/fr\/","name":"Fondation Canadienne d&#039;Orthop\u00e9die","description":"Fund-raising Activities Support Research, Education, Community Care","potentialAction":[{"@type":"SearchAction","target":{"@type":"EntryPoint","urlTemplate":"https:\/\/movepainfree.org\/fr\/?s={search_term_string}"},"query-input":{"@type":"PropertyValueSpecification","valueRequired":true,"valueName":"search_term_string"}}],"inLanguage":"fr-FR"}]}},"_links":{"self":[{"href":"https:\/\/movepainfree.org\/fr\/wp-json\/wp\/v2\/pages\/321","targetHints":{"allow":["GET"]}}],"collection":[{"href":"https:\/\/movepainfree.org\/fr\/wp-json\/wp\/v2\/pages"}],"about":[{"href":"https:\/\/movepainfree.org\/fr\/wp-json\/wp\/v2\/types\/page"}],"author":[{"embeddable":true,"href":"https:\/\/movepainfree.org\/fr\/wp-json\/wp\/v2\/users\/1"}],"replies":[{"embeddable":true,"href":"https:\/\/movepainfree.org\/fr\/wp-json\/wp\/v2\/comments?post=321"}],"version-history":[{"count":6,"href":"https:\/\/movepainfree.org\/fr\/wp-json\/wp\/v2\/pages\/321\/revisions"}],"predecessor-version":[{"id":3257,"href":"https:\/\/movepainfree.org\/fr\/wp-json\/wp\/v2\/pages\/321\/revisions\/3257"}],"up":[{"embeddable":true,"href":"https:\/\/movepainfree.org\/fr\/wp-json\/wp\/v2\/pages\/43"}],"wp:attachment":[{"href":"https:\/\/movepainfree.org\/fr\/wp-json\/wp\/v2\/media?parent=321"}],"curies":[{"name":"wp","href":"https:\/\/api.w.org\/{rel}","templated":true}]}}