{"id":318,"date":"2015-01-22T20:15:21","date_gmt":"2015-01-22T20:15:21","guid":{"rendered":"https:\/\/movepainfree.org\/fr\/?page_id=318"},"modified":"2023-10-24T19:06:46","modified_gmt":"2023-10-24T19:06:46","slug":"volunteer","status":"publish","type":"page","link":"https:\/\/movepainfree.org\/fr\/ways-to-give-get-involved\/volunteer\/","title":{"rendered":"B\u00e9n\u00e9vole"},"content":{"rendered":"<h2><span id=\"lblHeadline\">Engagez-vous!<\/span><\/h2>\n<p>Les b\u00e9n\u00e9voles forment un \u00e9l\u00e9ment intrins\u00e8que et pr\u00e9cieux de la Fondation Canadienne d&rsquo;Orthop\u00e9die. Son r\u00e9seau national de b\u00e9n\u00e9voles l&rsquo;aide \u00e0\u00a0 mener des initiatives visant la concr\u00e9tisation de sa mission. \u00c9tudiez la possibilit\u00e9 de mettre vos aptitudes et votre exp\u00e9rience au profit de la Fondation en cliquant sur les liens ci-dessous.\u00a0Si vous nous envoyez un courriel, prenez soin d&rsquo;indiquer votre nom au complet, votre adresse postale et le num\u00e9ro de t\u00e9l\u00e9phone o\u00f9 nous pouvons vous joindre le jour afin que nous puissions communiquer avec vous.<\/p>\n<h2>Collecte de fonds :<\/h2>\n<ul>\n<li><a href=\"mailto:giving@canorth.org?subject=Contact%20from%20Website%20-%20Fundraising%20Ideas\" target=\"_blank\" rel=\"noopener\">Communiquez-nous vos id\u00e9es<\/a> relativement \u00e0 de nouvelles activit\u00e9s de financement dans votre collectivit\u00e9.<\/li>\n<\/ul>\n<h2>Sensibilisation :<\/h2>\n<ul>\n<li><a href=\"mailto:volunteers@canorth.org?subject=Contact%20from%20Web%20site%20-%20Volunteer%20Page\" target=\"_blank\" rel=\"noopener\">Faites-nous part de votre exp\u00e9rience des soins orthop\u00e9diques<\/a> ou de vos id\u00e9es de programmes et proposez-nous de nouvelles fa\u00e7ons d\u2019assurer la mobilit\u00e9 des Canadiens.<\/li>\n<\/ul>\n","protected":false},"excerpt":{"rendered":"Engagez-vous! Les b\u00e9n\u00e9voles forment un \u00e9l\u00e9ment intrins\u00e8que et pr\u00e9cieux de la Fondation Canadienne d&rsquo;Orthop\u00e9die. Son r\u00e9seau national de b\u00e9n\u00e9voles l&rsquo;aide \u00e0\u00a0 mener des initiatives visant la concr\u00e9tisation de sa mission&#8230;. <a class=\"view-article\" href=\"https:\/\/movepainfree.org\/fr\/ways-to-give-get-involved\/volunteer\/\">View Article<\/a>","protected":false},"author":1,"featured_media":0,"parent":41,"menu_order":70,"comment_status":"closed","ping_status":"closed","template":"","meta":{"footnotes":""},"class_list":["post-318","page","type-page","status-publish","hentry"],"yoast_head":"<!-- This site is optimized with the Yoast SEO plugin v27.0 - https:\/\/yoast.com\/product\/yoast-seo-wordpress\/ -->\n<title>B\u00e9n\u00e9vole - Fondation Canadienne d&#039;Orthop\u00e9die<\/title>\n<meta name=\"description\" content=\"La Fondation canadienne d&#039;orthop\u00e9die vient en aide aux patients orthop\u00e9diques, aux professionnels de la sant\u00e9 en orthop\u00e9die, ainsi qu&#039;aux personnes qui se pr\u00e9occupent de leur sant\u00e9 et des questions en mati\u00e8re de sant\u00e9 au sein de la collectivit\u00e9, et ce, \u00e0 l&#039;\u00e9gard de la sant\u00e9 des os et des articulations actuelle et \u00e0 venir.\" \/>\n<meta name=\"robots\" content=\"index, follow, max-snippet:-1, max-image-preview:large, max-video-preview:-1\" \/>\n<link rel=\"canonical\" href=\"https:\/\/movepainfree.org\/fr\/ways-to-give-get-involved\/volunteer\/\" \/>\n<meta property=\"og:locale\" content=\"fr_FR\" \/>\n<meta property=\"og:type\" content=\"article\" \/>\n<meta property=\"og:title\" content=\"B\u00e9n\u00e9vole - Fondation Canadienne d&#039;Orthop\u00e9die\" \/>\n<meta property=\"og:description\" content=\"La Fondation canadienne d&#039;orthop\u00e9die vient en aide aux patients orthop\u00e9diques, aux professionnels de la sant\u00e9 en orthop\u00e9die, ainsi qu&#039;aux personnes qui se pr\u00e9occupent de leur sant\u00e9 et des questions en mati\u00e8re de sant\u00e9 au sein de la collectivit\u00e9, et ce, \u00e0 l&#039;\u00e9gard de la sant\u00e9 des os et des articulations actuelle et \u00e0 venir.\" \/>\n<meta property=\"og:url\" content=\"https:\/\/movepainfree.org\/fr\/ways-to-give-get-involved\/volunteer\/\" \/>\n<meta property=\"og:site_name\" content=\"Fondation Canadienne d&#039;Orthop\u00e9die\" \/>\n<meta property=\"article:modified_time\" content=\"2023-10-24T19:06:46+00:00\" \/>\n<meta name=\"twitter:card\" content=\"summary_large_image\" \/>\n<meta name=\"twitter:label1\" content=\"Dur\u00e9e de lecture estim\u00e9e\" \/>\n\t<meta name=\"twitter:data1\" content=\"1 minute\" \/>\n<script type=\"application\/ld+json\" class=\"yoast-schema-graph\">{\"@context\":\"https:\/\/schema.org\",\"@graph\":[{\"@type\":\"WebPage\",\"@id\":\"https:\/\/movepainfree.org\/fr\/ways-to-give-get-involved\/volunteer\/\",\"url\":\"https:\/\/movepainfree.org\/fr\/ways-to-give-get-involved\/volunteer\/\",\"name\":\"B\u00e9n\u00e9vole - Fondation Canadienne d&#039;Orthop\u00e9die\",\"isPartOf\":{\"@id\":\"https:\/\/movepainfree.org\/fr\/#website\"},\"datePublished\":\"2015-01-22T20:15:21+00:00\",\"dateModified\":\"2023-10-24T19:06:46+00:00\",\"description\":\"La Fondation canadienne d'orthop\u00e9die vient en aide aux patients orthop\u00e9diques, aux professionnels de la sant\u00e9 en orthop\u00e9die, ainsi qu'aux personnes qui se pr\u00e9occupent de leur sant\u00e9 et des questions en mati\u00e8re de sant\u00e9 au sein de la collectivit\u00e9, et ce, \u00e0 l'\u00e9gard de la sant\u00e9 des os et des articulations actuelle et \u00e0 venir.\",\"breadcrumb\":{\"@id\":\"https:\/\/movepainfree.org\/fr\/ways-to-give-get-involved\/volunteer\/#breadcrumb\"},\"inLanguage\":\"fr-FR\",\"potentialAction\":[{\"@type\":\"ReadAction\",\"target\":[\"https:\/\/movepainfree.org\/fr\/ways-to-give-get-involved\/volunteer\/\"]}]},{\"@type\":\"BreadcrumbList\",\"@id\":\"https:\/\/movepainfree.org\/fr\/ways-to-give-get-involved\/volunteer\/#breadcrumb\",\"itemListElement\":[{\"@type\":\"ListItem\",\"position\":1,\"name\":\"Home\",\"item\":\"https:\/\/movepainfree.org\/fr\/\"},{\"@type\":\"ListItem\",\"position\":2,\"name\":\"Comment faire un don?\",\"item\":\"https:\/\/movepainfree.org\/fr\/ways-to-give-get-involved\/\"},{\"@type\":\"ListItem\",\"position\":3,\"name\":\"B\u00e9n\u00e9vole\"}]},{\"@type\":\"WebSite\",\"@id\":\"https:\/\/movepainfree.org\/fr\/#website\",\"url\":\"https:\/\/movepainfree.org\/fr\/\",\"name\":\"Fondation Canadienne d&#039;Orthop\u00e9die\",\"description\":\"Fund-raising Activities Support Research, Education, Community Care\",\"potentialAction\":[{\"@type\":\"SearchAction\",\"target\":{\"@type\":\"EntryPoint\",\"urlTemplate\":\"https:\/\/movepainfree.org\/fr\/?s={search_term_string}\"},\"query-input\":{\"@type\":\"PropertyValueSpecification\",\"valueRequired\":true,\"valueName\":\"search_term_string\"}}],\"inLanguage\":\"fr-FR\"}]}<\/script>\n<!-- \/ Yoast SEO plugin. -->","yoast_head_json":{"title":"B\u00e9n\u00e9vole - Fondation Canadienne d&#039;Orthop\u00e9die","description":"La Fondation canadienne d'orthop\u00e9die vient en aide aux patients orthop\u00e9diques, aux professionnels de la sant\u00e9 en orthop\u00e9die, ainsi qu'aux personnes qui se pr\u00e9occupent de leur sant\u00e9 et des questions en mati\u00e8re de sant\u00e9 au sein de la collectivit\u00e9, et ce, \u00e0 l'\u00e9gard de la sant\u00e9 des os et des articulations actuelle et \u00e0 venir.","robots":{"index":"index","follow":"follow","max-snippet":"max-snippet:-1","max-image-preview":"max-image-preview:large","max-video-preview":"max-video-preview:-1"},"canonical":"https:\/\/movepainfree.org\/fr\/ways-to-give-get-involved\/volunteer\/","og_locale":"fr_FR","og_type":"article","og_title":"B\u00e9n\u00e9vole - Fondation Canadienne d&#039;Orthop\u00e9die","og_description":"La Fondation canadienne d'orthop\u00e9die vient en aide aux patients orthop\u00e9diques, aux professionnels de la sant\u00e9 en orthop\u00e9die, ainsi qu'aux personnes qui se pr\u00e9occupent de leur sant\u00e9 et des questions en mati\u00e8re de sant\u00e9 au sein de la collectivit\u00e9, et ce, \u00e0 l'\u00e9gard de la sant\u00e9 des os et des articulations actuelle et \u00e0 venir.","og_url":"https:\/\/movepainfree.org\/fr\/ways-to-give-get-involved\/volunteer\/","og_site_name":"Fondation Canadienne d&#039;Orthop\u00e9die","article_modified_time":"2023-10-24T19:06:46+00:00","twitter_card":"summary_large_image","twitter_misc":{"Dur\u00e9e de lecture estim\u00e9e":"1 minute"},"schema":{"@context":"https:\/\/schema.org","@graph":[{"@type":"WebPage","@id":"https:\/\/movepainfree.org\/fr\/ways-to-give-get-involved\/volunteer\/","url":"https:\/\/movepainfree.org\/fr\/ways-to-give-get-involved\/volunteer\/","name":"B\u00e9n\u00e9vole - Fondation Canadienne d&#039;Orthop\u00e9die","isPartOf":{"@id":"https:\/\/movepainfree.org\/fr\/#website"},"datePublished":"2015-01-22T20:15:21+00:00","dateModified":"2023-10-24T19:06:46+00:00","description":"La Fondation canadienne d'orthop\u00e9die vient en aide aux patients orthop\u00e9diques, aux professionnels de la sant\u00e9 en orthop\u00e9die, ainsi qu'aux personnes qui se pr\u00e9occupent de leur sant\u00e9 et des questions en mati\u00e8re de sant\u00e9 au sein de la collectivit\u00e9, et ce, \u00e0 l'\u00e9gard de la sant\u00e9 des os et des articulations actuelle et \u00e0 venir.","breadcrumb":{"@id":"https:\/\/movepainfree.org\/fr\/ways-to-give-get-involved\/volunteer\/#breadcrumb"},"inLanguage":"fr-FR","potentialAction":[{"@type":"ReadAction","target":["https:\/\/movepainfree.org\/fr\/ways-to-give-get-involved\/volunteer\/"]}]},{"@type":"BreadcrumbList","@id":"https:\/\/movepainfree.org\/fr\/ways-to-give-get-involved\/volunteer\/#breadcrumb","itemListElement":[{"@type":"ListItem","position":1,"name":"Home","item":"https:\/\/movepainfree.org\/fr\/"},{"@type":"ListItem","position":2,"name":"Comment faire un don?","item":"https:\/\/movepainfree.org\/fr\/ways-to-give-get-involved\/"},{"@type":"ListItem","position":3,"name":"B\u00e9n\u00e9vole"}]},{"@type":"WebSite","@id":"https:\/\/movepainfree.org\/fr\/#website","url":"https:\/\/movepainfree.org\/fr\/","name":"Fondation Canadienne d&#039;Orthop\u00e9die","description":"Fund-raising Activities Support Research, Education, Community Care","potentialAction":[{"@type":"SearchAction","target":{"@type":"EntryPoint","urlTemplate":"https:\/\/movepainfree.org\/fr\/?s={search_term_string}"},"query-input":{"@type":"PropertyValueSpecification","valueRequired":true,"valueName":"search_term_string"}}],"inLanguage":"fr-FR"}]}},"_links":{"self":[{"href":"https:\/\/movepainfree.org\/fr\/wp-json\/wp\/v2\/pages\/318","targetHints":{"allow":["GET"]}}],"collection":[{"href":"https:\/\/movepainfree.org\/fr\/wp-json\/wp\/v2\/pages"}],"about":[{"href":"https:\/\/movepainfree.org\/fr\/wp-json\/wp\/v2\/types\/page"}],"author":[{"embeddable":true,"href":"https:\/\/movepainfree.org\/fr\/wp-json\/wp\/v2\/users\/1"}],"replies":[{"embeddable":true,"href":"https:\/\/movepainfree.org\/fr\/wp-json\/wp\/v2\/comments?post=318"}],"version-history":[{"count":15,"href":"https:\/\/movepainfree.org\/fr\/wp-json\/wp\/v2\/pages\/318\/revisions"}],"predecessor-version":[{"id":4341,"href":"https:\/\/movepainfree.org\/fr\/wp-json\/wp\/v2\/pages\/318\/revisions\/4341"}],"up":[{"embeddable":true,"href":"https:\/\/movepainfree.org\/fr\/wp-json\/wp\/v2\/pages\/41"}],"wp:attachment":[{"href":"https:\/\/movepainfree.org\/fr\/wp-json\/wp\/v2\/media?parent=318"}],"curies":[{"name":"wp","href":"https:\/\/api.w.org\/{rel}","templated":true}]}}