{"id":3100,"date":"2019-08-15T17:53:14","date_gmt":"2019-08-15T17:53:14","guid":{"rendered":"https:\/\/movepainfree.org\/fr\/?page_id=3100"},"modified":"2019-08-15T17:53:16","modified_gmt":"2019-08-15T17:53:16","slug":"prix-robin-richards-de-la-recherche-sur-les-membres-superieurs","status":"publish","type":"page","link":"https:\/\/movepainfree.org\/fr\/prix-robin-richards-de-la-recherche-sur-les-membres-superieurs\/","title":{"rendered":"Prix Robin-Richards de la recherche sur les membres sup\u00e9rieurs"},"content":{"rendered":"\n<p>Gr\u00e2ce \u00e0 un don g\u00e9n\u00e9reux\ndu D<sup>r<\/sup>&nbsp;Robin&nbsp;Richards en vue de l\u2019\u00e9tablissement d\u2019un fonds\nde dotation, la Fondation Canadienne d\u2019Orthop\u00e9die a cr\u00e9\u00e9 le Prix Robin-Richards\nde la recherche sur les membres sup\u00e9rieurs, qui r\u00e9compense le meilleur pr\u00e9cis\nsur les membres sup\u00e9rieurs pr\u00e9sent\u00e9 \u00e0 la R\u00e9union annuelle de l\u2019Association\nCanadienne d\u2019Orthop\u00e9die&nbsp;(ACO). Tous les pr\u00e9cis sur les membres sup\u00e9rieurs\naccept\u00e9s pour la R\u00e9union annuelle de l\u2019ACO sont admissibles et pris en\nconsid\u00e9ration par un comit\u00e9 d\u2019examen de la Fondation. Il n\u2019est pas n\u00e9cessaire\nde pr\u00e9senter une demande distincte.<\/p>\n\n\n\n<p>Ce prix d\u2019une valeur de\n1&nbsp;000&nbsp;$ doit \u00eatre utilis\u00e9 en conformit\u00e9 avec la mission de la\nFondation, pour atteindre l\u2019excellence en mati\u00e8re de sant\u00e9 des os et des\narticulations et de mobilit\u00e9 en faisant progresser la recherche sur l\u2019appareil\nlocomoteur, la sensibilisation et les soins.<\/p>\n\n\n\n<p>Le Prix est remis \u00e0 la\nR\u00e9union annuelle de&nbsp;l\u2019ACO.<\/p>\n","protected":false},"excerpt":{"rendered":"Gr\u00e2ce \u00e0 un don g\u00e9n\u00e9reux du Dr&nbsp;Robin&nbsp;Richards en vue de l\u2019\u00e9tablissement d\u2019un fonds de dotation, la Fondation Canadienne d\u2019Orthop\u00e9die a cr\u00e9\u00e9 le Prix Robin-Richards de la recherche sur les membres&#8230; <a class=\"view-article\" href=\"https:\/\/movepainfree.org\/fr\/prix-robin-richards-de-la-recherche-sur-les-membres-superieurs\/\">View Article<\/a>","protected":false},"author":2,"featured_media":0,"parent":0,"menu_order":0,"comment_status":"closed","ping_status":"closed","template":"","meta":{"footnotes":""},"class_list":["post-3100","page","type-page","status-publish","hentry"],"yoast_head":"<!-- This site is optimized with the Yoast SEO plugin v27.0 - https:\/\/yoast.com\/product\/yoast-seo-wordpress\/ -->\n<title>Prix Robin-Richards de la recherche sur les membres sup\u00e9rieurs - Fondation Canadienne d&#039;Orthop\u00e9die<\/title>\n<meta name=\"description\" content=\"La Fondation canadienne d&#039;orthop\u00e9die vient en aide aux patients orthop\u00e9diques, aux professionnels de la sant\u00e9 en orthop\u00e9die, ainsi qu&#039;aux personnes qui se pr\u00e9occupent de leur sant\u00e9 et des questions en mati\u00e8re de sant\u00e9 au sein de la collectivit\u00e9, et ce, \u00e0 l&#039;\u00e9gard de la sant\u00e9 des os et des articulations actuelle et \u00e0 venir.\" \/>\n<meta name=\"robots\" content=\"index, follow, max-snippet:-1, max-image-preview:large, max-video-preview:-1\" \/>\n<link rel=\"canonical\" href=\"https:\/\/movepainfree.org\/fr\/prix-robin-richards-de-la-recherche-sur-les-membres-superieurs\/\" \/>\n<meta property=\"og:locale\" content=\"fr_FR\" \/>\n<meta property=\"og:type\" content=\"article\" \/>\n<meta property=\"og:title\" content=\"Prix Robin-Richards de la recherche sur les membres sup\u00e9rieurs - Fondation Canadienne d&#039;Orthop\u00e9die\" \/>\n<meta property=\"og:description\" content=\"La Fondation canadienne d&#039;orthop\u00e9die vient en aide aux patients orthop\u00e9diques, aux professionnels de la sant\u00e9 en orthop\u00e9die, ainsi qu&#039;aux personnes qui se pr\u00e9occupent de leur sant\u00e9 et des questions en mati\u00e8re de sant\u00e9 au sein de la collectivit\u00e9, et ce, \u00e0 l&#039;\u00e9gard de la sant\u00e9 des os et des articulations actuelle et \u00e0 venir.\" \/>\n<meta property=\"og:url\" content=\"https:\/\/movepainfree.org\/fr\/prix-robin-richards-de-la-recherche-sur-les-membres-superieurs\/\" \/>\n<meta property=\"og:site_name\" content=\"Fondation Canadienne d&#039;Orthop\u00e9die\" \/>\n<meta property=\"article:modified_time\" content=\"2019-08-15T17:53:16+00:00\" \/>\n<meta name=\"twitter:card\" content=\"summary_large_image\" \/>\n<meta name=\"twitter:label1\" content=\"Dur\u00e9e de lecture estim\u00e9e\" \/>\n\t<meta name=\"twitter:data1\" content=\"1 minute\" \/>\n<script type=\"application\/ld+json\" class=\"yoast-schema-graph\">{\"@context\":\"https:\/\/schema.org\",\"@graph\":[{\"@type\":\"WebPage\",\"@id\":\"https:\/\/movepainfree.org\/fr\/prix-robin-richards-de-la-recherche-sur-les-membres-superieurs\/\",\"url\":\"https:\/\/movepainfree.org\/fr\/prix-robin-richards-de-la-recherche-sur-les-membres-superieurs\/\",\"name\":\"Prix Robin-Richards de la recherche sur les membres sup\u00e9rieurs - Fondation Canadienne d&#039;Orthop\u00e9die\",\"isPartOf\":{\"@id\":\"https:\/\/movepainfree.org\/fr\/#website\"},\"datePublished\":\"2019-08-15T17:53:14+00:00\",\"dateModified\":\"2019-08-15T17:53:16+00:00\",\"description\":\"La Fondation canadienne d'orthop\u00e9die vient en aide aux patients orthop\u00e9diques, aux professionnels de la sant\u00e9 en orthop\u00e9die, ainsi qu'aux personnes qui se pr\u00e9occupent de leur sant\u00e9 et des questions en mati\u00e8re de sant\u00e9 au sein de la collectivit\u00e9, et ce, \u00e0 l'\u00e9gard de la sant\u00e9 des os et des articulations actuelle et \u00e0 venir.\",\"breadcrumb\":{\"@id\":\"https:\/\/movepainfree.org\/fr\/prix-robin-richards-de-la-recherche-sur-les-membres-superieurs\/#breadcrumb\"},\"inLanguage\":\"fr-FR\",\"potentialAction\":[{\"@type\":\"ReadAction\",\"target\":[\"https:\/\/movepainfree.org\/fr\/prix-robin-richards-de-la-recherche-sur-les-membres-superieurs\/\"]}]},{\"@type\":\"BreadcrumbList\",\"@id\":\"https:\/\/movepainfree.org\/fr\/prix-robin-richards-de-la-recherche-sur-les-membres-superieurs\/#breadcrumb\",\"itemListElement\":[{\"@type\":\"ListItem\",\"position\":1,\"name\":\"Home\",\"item\":\"https:\/\/movepainfree.org\/fr\/\"},{\"@type\":\"ListItem\",\"position\":2,\"name\":\"Prix Robin-Richards de la recherche sur les membres sup\u00e9rieurs\"}]},{\"@type\":\"WebSite\",\"@id\":\"https:\/\/movepainfree.org\/fr\/#website\",\"url\":\"https:\/\/movepainfree.org\/fr\/\",\"name\":\"Fondation Canadienne d&#039;Orthop\u00e9die\",\"description\":\"Fund-raising Activities Support Research, Education, Community Care\",\"potentialAction\":[{\"@type\":\"SearchAction\",\"target\":{\"@type\":\"EntryPoint\",\"urlTemplate\":\"https:\/\/movepainfree.org\/fr\/?s={search_term_string}\"},\"query-input\":{\"@type\":\"PropertyValueSpecification\",\"valueRequired\":true,\"valueName\":\"search_term_string\"}}],\"inLanguage\":\"fr-FR\"}]}<\/script>\n<!-- \/ Yoast SEO plugin. -->","yoast_head_json":{"title":"Prix Robin-Richards de la recherche sur les membres sup\u00e9rieurs - Fondation Canadienne d&#039;Orthop\u00e9die","description":"La Fondation canadienne d'orthop\u00e9die vient en aide aux patients orthop\u00e9diques, aux professionnels de la sant\u00e9 en orthop\u00e9die, ainsi qu'aux personnes qui se pr\u00e9occupent de leur sant\u00e9 et des questions en mati\u00e8re de sant\u00e9 au sein de la collectivit\u00e9, et ce, \u00e0 l'\u00e9gard de la sant\u00e9 des os et des articulations actuelle et \u00e0 venir.","robots":{"index":"index","follow":"follow","max-snippet":"max-snippet:-1","max-image-preview":"max-image-preview:large","max-video-preview":"max-video-preview:-1"},"canonical":"https:\/\/movepainfree.org\/fr\/prix-robin-richards-de-la-recherche-sur-les-membres-superieurs\/","og_locale":"fr_FR","og_type":"article","og_title":"Prix Robin-Richards de la recherche sur les membres sup\u00e9rieurs - Fondation Canadienne d&#039;Orthop\u00e9die","og_description":"La Fondation canadienne d'orthop\u00e9die vient en aide aux patients orthop\u00e9diques, aux professionnels de la sant\u00e9 en orthop\u00e9die, ainsi qu'aux personnes qui se pr\u00e9occupent de leur sant\u00e9 et des questions en mati\u00e8re de sant\u00e9 au sein de la collectivit\u00e9, et ce, \u00e0 l'\u00e9gard de la sant\u00e9 des os et des articulations actuelle et \u00e0 venir.","og_url":"https:\/\/movepainfree.org\/fr\/prix-robin-richards-de-la-recherche-sur-les-membres-superieurs\/","og_site_name":"Fondation Canadienne d&#039;Orthop\u00e9die","article_modified_time":"2019-08-15T17:53:16+00:00","twitter_card":"summary_large_image","twitter_misc":{"Dur\u00e9e de lecture estim\u00e9e":"1 minute"},"schema":{"@context":"https:\/\/schema.org","@graph":[{"@type":"WebPage","@id":"https:\/\/movepainfree.org\/fr\/prix-robin-richards-de-la-recherche-sur-les-membres-superieurs\/","url":"https:\/\/movepainfree.org\/fr\/prix-robin-richards-de-la-recherche-sur-les-membres-superieurs\/","name":"Prix Robin-Richards de la recherche sur les membres sup\u00e9rieurs - Fondation Canadienne d&#039;Orthop\u00e9die","isPartOf":{"@id":"https:\/\/movepainfree.org\/fr\/#website"},"datePublished":"2019-08-15T17:53:14+00:00","dateModified":"2019-08-15T17:53:16+00:00","description":"La Fondation canadienne d'orthop\u00e9die vient en aide aux patients orthop\u00e9diques, aux professionnels de la sant\u00e9 en orthop\u00e9die, ainsi qu'aux personnes qui se pr\u00e9occupent de leur sant\u00e9 et des questions en mati\u00e8re de sant\u00e9 au sein de la collectivit\u00e9, et ce, \u00e0 l'\u00e9gard de la sant\u00e9 des os et des articulations actuelle et \u00e0 venir.","breadcrumb":{"@id":"https:\/\/movepainfree.org\/fr\/prix-robin-richards-de-la-recherche-sur-les-membres-superieurs\/#breadcrumb"},"inLanguage":"fr-FR","potentialAction":[{"@type":"ReadAction","target":["https:\/\/movepainfree.org\/fr\/prix-robin-richards-de-la-recherche-sur-les-membres-superieurs\/"]}]},{"@type":"BreadcrumbList","@id":"https:\/\/movepainfree.org\/fr\/prix-robin-richards-de-la-recherche-sur-les-membres-superieurs\/#breadcrumb","itemListElement":[{"@type":"ListItem","position":1,"name":"Home","item":"https:\/\/movepainfree.org\/fr\/"},{"@type":"ListItem","position":2,"name":"Prix Robin-Richards de la recherche sur les membres sup\u00e9rieurs"}]},{"@type":"WebSite","@id":"https:\/\/movepainfree.org\/fr\/#website","url":"https:\/\/movepainfree.org\/fr\/","name":"Fondation Canadienne d&#039;Orthop\u00e9die","description":"Fund-raising Activities Support Research, Education, Community Care","potentialAction":[{"@type":"SearchAction","target":{"@type":"EntryPoint","urlTemplate":"https:\/\/movepainfree.org\/fr\/?s={search_term_string}"},"query-input":{"@type":"PropertyValueSpecification","valueRequired":true,"valueName":"search_term_string"}}],"inLanguage":"fr-FR"}]}},"_links":{"self":[{"href":"https:\/\/movepainfree.org\/fr\/wp-json\/wp\/v2\/pages\/3100","targetHints":{"allow":["GET"]}}],"collection":[{"href":"https:\/\/movepainfree.org\/fr\/wp-json\/wp\/v2\/pages"}],"about":[{"href":"https:\/\/movepainfree.org\/fr\/wp-json\/wp\/v2\/types\/page"}],"author":[{"embeddable":true,"href":"https:\/\/movepainfree.org\/fr\/wp-json\/wp\/v2\/users\/2"}],"replies":[{"embeddable":true,"href":"https:\/\/movepainfree.org\/fr\/wp-json\/wp\/v2\/comments?post=3100"}],"version-history":[{"count":2,"href":"https:\/\/movepainfree.org\/fr\/wp-json\/wp\/v2\/pages\/3100\/revisions"}],"predecessor-version":[{"id":3102,"href":"https:\/\/movepainfree.org\/fr\/wp-json\/wp\/v2\/pages\/3100\/revisions\/3102"}],"wp:attachment":[{"href":"https:\/\/movepainfree.org\/fr\/wp-json\/wp\/v2\/media?parent=3100"}],"curies":[{"name":"wp","href":"https:\/\/api.w.org\/{rel}","templated":true}]}}