{"id":300,"date":"2015-01-22T18:28:51","date_gmt":"2015-01-22T18:28:51","guid":{"rendered":"https:\/\/movepainfree.org\/fr\/?page_id=300"},"modified":"2023-01-25T21:56:47","modified_gmt":"2023-01-25T21:56:47","slug":"tips-for-preparing-for-surgery","status":"publish","type":"page","link":"https:\/\/movepainfree.org\/fr\/my-surgery\/tips-for-preparing-for-surgery\/","title":{"rendered":"Conseils pour se pr\u00e9parer \u00e0 une chirurgie"},"content":{"rendered":"<p><span id=\"lblContent\">Votre orthop\u00e9diste a certes un r\u00f4le \u00e9vident \u00e0 jouer dans votre chirurgie et votre r\u00e9adaptation, mais sachez que c&rsquo;est vous qui avez le r\u00f4le le plus important dans ces processus. En effet, pour tirer le maximum de votre chirurgie, vous devez vous y pr\u00e9parer. Voici quelques conseils qui vous aideront \u00e0 vous pr\u00e9parer \u00e0 cette journ\u00e9e importante\u00a0:<\/span><\/p>\n<ul class=\"unIndentedList\">\n<li><span id=\"lblContent\">Suivre les directives de son orthop\u00e9diste \u00e0 la lettre!<\/span><\/li>\n<li><span id=\"lblContent\">Maintenir ou am\u00e9liorer sa<\/span> <a title=\"condition physique\" href=\"https:\/\/movepainfree.org\/fr\/my-surgery\/tips-for-preparing-for-surgery\/fitness\/\">condition physique<\/a>, <span id=\"lblContent\">plus particuli\u00e8rement sa force et sa mobilit\u00e9. <\/span><\/li>\n<li><span id=\"lblContent\">Maintenir ou atteindre un poids sant\u00e9.<\/span><\/li>\n<li><span id=\"lblContent\">Proc\u00e9der \u00e0 tout traitement<\/span> <a title=\"dentaire\" href=\"https:\/\/movepainfree.org\/fr\/my-surgery\/tips-for-preparing-for-surgery\/dental-work\/\">dentaire<\/a> n\u00e9cessaire.<\/li>\n<li><a title=\"Pr\u00e9parez votre domicile\" href=\"https:\/\/movepainfree.org\/fr\/my-surgery\/tips-for-preparing-for-surgery\/preparing-your-home\/\">Pr\u00e9parez votre domicile<\/a> :\u00a0 Faire des provisions de mets surgel\u00e9s faciles \u00e0 pr\u00e9parer.<\/li>\n<li><a title=\"Arr\u00eater de fumer\" href=\"https:\/\/movepainfree.org\/fr\/my-surgery\/tips-for-preparing-for-surgery\/quit-smoking\/\">Arr\u00eater de fumer<\/a> au moins deux semaines avant de subir sa chirurgie pour \u00e9viter toute complication et favoriser la gu\u00e9rison des tissus et des os.<\/li>\n<li>Se renseigner sur la n\u00e9cessit\u00e9 de faire de la <a title=\"physioth\u00e9rapie\" href=\"https:\/\/movepainfree.org\/fr\/my-surgery\/tips-for-preparing-for-surgery\/physiotherapy\/\">physioth\u00e9rapie<\/a> et trouver un service proche de son domicile.<\/li>\n<li>Se renseigner sur la n\u00e9cessit\u00e9 de louer ou d&rsquo;acheter un <a title=\"appareil fonctionnel\" href=\"https:\/\/movepainfree.org\/fr\/my-surgery\/tips-for-preparing-for-surgery\/assistive-devices\/\">accessoire fonctionnel<\/a>.<\/li>\n<li>Si on doit \u00e9viter de mettre du poids sur le membre op\u00e9r\u00e9 pendant la p\u00e9riode de r\u00e9tablissement, il pourrait \u00eatre utile de s&rsquo;exercer \u00e0 se d\u00e9placer avec des b\u00e9quilles ou une marchette pour \u00e9valuer sa capacit\u00e9 \u00e0 le faire pendant la p\u00e9riode de r\u00e9tablissement. Si on n&rsquo;arrive pas \u00e0 se d\u00e9placer avec de tels appareils, on doit envisager le recours \u00e0 d&rsquo;autres moyens, comme un fauteuil roulant ou un s\u00e9jour dans une r\u00e9sidence-services, jusqu&rsquo;\u00e0 ce que l&rsquo;on obtienne l&rsquo;autorisation de mettre du poids sur le membre op\u00e9r\u00e9.<\/li>\n<li>Pr\u00e9voir tout le soutien n\u00e9cessaire au moment de son cong\u00e9 de l&rsquo;h\u00f4pital.<\/li>\n<li>Envisager de passer la p\u00e9riode de r\u00e9tablissement dans une r\u00e9sidence-services ou de s&rsquo;installer dans un bungalow pour \u00e9viter tout probl\u00e8me pendant le r\u00e9tablissement.<\/li>\n<\/ul>\n","protected":false},"excerpt":{"rendered":"Votre orthop\u00e9diste a certes un r\u00f4le \u00e9vident \u00e0 jouer dans votre chirurgie et votre r\u00e9adaptation, mais sachez que c&rsquo;est vous qui avez le r\u00f4le le plus important dans ces processus&#8230;. <a class=\"view-article\" href=\"https:\/\/movepainfree.org\/fr\/my-surgery\/tips-for-preparing-for-surgery\/\">View Article<\/a>","protected":false},"author":1,"featured_media":0,"parent":37,"menu_order":100,"comment_status":"closed","ping_status":"closed","template":"","meta":{"footnotes":""},"class_list":["post-300","page","type-page","status-publish","hentry"],"yoast_head":"<!-- This site is optimized with the Yoast SEO plugin v27.0 - https:\/\/yoast.com\/product\/yoast-seo-wordpress\/ -->\n<title>Conseils pour se pr\u00e9parer \u00e0 une chirurgie - Fondation Canadienne d&#039;Orthop\u00e9die<\/title>\n<meta name=\"description\" content=\"La Fondation canadienne d&#039;orthop\u00e9die vient en aide aux patients orthop\u00e9diques, aux professionnels de la sant\u00e9 en orthop\u00e9die, ainsi qu&#039;aux personnes qui se pr\u00e9occupent de leur sant\u00e9 et des questions en mati\u00e8re de sant\u00e9 au sein de la collectivit\u00e9, et ce, \u00e0 l&#039;\u00e9gard de la sant\u00e9 des os et des articulations actuelle et \u00e0 venir.\" \/>\n<meta name=\"robots\" content=\"index, follow, max-snippet:-1, max-image-preview:large, max-video-preview:-1\" \/>\n<link rel=\"canonical\" href=\"https:\/\/movepainfree.org\/fr\/my-surgery\/tips-for-preparing-for-surgery\/\" \/>\n<meta property=\"og:locale\" content=\"fr_FR\" \/>\n<meta property=\"og:type\" content=\"article\" \/>\n<meta property=\"og:title\" content=\"Conseils pour se pr\u00e9parer \u00e0 une chirurgie - Fondation Canadienne d&#039;Orthop\u00e9die\" \/>\n<meta property=\"og:description\" content=\"La Fondation canadienne d&#039;orthop\u00e9die vient en aide aux patients orthop\u00e9diques, aux professionnels de la sant\u00e9 en orthop\u00e9die, ainsi qu&#039;aux personnes qui se pr\u00e9occupent de leur sant\u00e9 et des questions en mati\u00e8re de sant\u00e9 au sein de la collectivit\u00e9, et ce, \u00e0 l&#039;\u00e9gard de la sant\u00e9 des os et des articulations actuelle et \u00e0 venir.\" \/>\n<meta property=\"og:url\" content=\"https:\/\/movepainfree.org\/fr\/my-surgery\/tips-for-preparing-for-surgery\/\" \/>\n<meta property=\"og:site_name\" content=\"Fondation Canadienne d&#039;Orthop\u00e9die\" \/>\n<meta property=\"article:modified_time\" content=\"2023-01-25T21:56:47+00:00\" \/>\n<meta name=\"twitter:card\" content=\"summary_large_image\" \/>\n<meta name=\"twitter:label1\" content=\"Dur\u00e9e de lecture estim\u00e9e\" \/>\n\t<meta name=\"twitter:data1\" content=\"2 minutes\" \/>\n<script type=\"application\/ld+json\" class=\"yoast-schema-graph\">{\"@context\":\"https:\/\/schema.org\",\"@graph\":[{\"@type\":\"WebPage\",\"@id\":\"https:\/\/movepainfree.org\/fr\/my-surgery\/tips-for-preparing-for-surgery\/\",\"url\":\"https:\/\/movepainfree.org\/fr\/my-surgery\/tips-for-preparing-for-surgery\/\",\"name\":\"Conseils pour se pr\u00e9parer \u00e0 une chirurgie - Fondation Canadienne d&#039;Orthop\u00e9die\",\"isPartOf\":{\"@id\":\"https:\/\/movepainfree.org\/fr\/#website\"},\"datePublished\":\"2015-01-22T18:28:51+00:00\",\"dateModified\":\"2023-01-25T21:56:47+00:00\",\"description\":\"La Fondation canadienne d'orthop\u00e9die vient en aide aux patients orthop\u00e9diques, aux professionnels de la sant\u00e9 en orthop\u00e9die, ainsi qu'aux personnes qui se pr\u00e9occupent de leur sant\u00e9 et des questions en mati\u00e8re de sant\u00e9 au sein de la collectivit\u00e9, et ce, \u00e0 l'\u00e9gard de la sant\u00e9 des os et des articulations actuelle et \u00e0 venir.\",\"breadcrumb\":{\"@id\":\"https:\/\/movepainfree.org\/fr\/my-surgery\/tips-for-preparing-for-surgery\/#breadcrumb\"},\"inLanguage\":\"fr-FR\",\"potentialAction\":[{\"@type\":\"ReadAction\",\"target\":[\"https:\/\/movepainfree.org\/fr\/my-surgery\/tips-for-preparing-for-surgery\/\"]}]},{\"@type\":\"BreadcrumbList\",\"@id\":\"https:\/\/movepainfree.org\/fr\/my-surgery\/tips-for-preparing-for-surgery\/#breadcrumb\",\"itemListElement\":[{\"@type\":\"ListItem\",\"position\":1,\"name\":\"Home\",\"item\":\"https:\/\/movepainfree.org\/fr\/\"},{\"@type\":\"ListItem\",\"position\":2,\"name\":\"Les interventions en chirurgie orthop\u00e9dique\",\"item\":\"https:\/\/movepainfree.org\/fr\/my-surgery\/\"},{\"@type\":\"ListItem\",\"position\":3,\"name\":\"Conseils pour se pr\u00e9parer \u00e0 une chirurgie\"}]},{\"@type\":\"WebSite\",\"@id\":\"https:\/\/movepainfree.org\/fr\/#website\",\"url\":\"https:\/\/movepainfree.org\/fr\/\",\"name\":\"Fondation Canadienne d&#039;Orthop\u00e9die\",\"description\":\"Fund-raising Activities Support Research, Education, Community Care\",\"potentialAction\":[{\"@type\":\"SearchAction\",\"target\":{\"@type\":\"EntryPoint\",\"urlTemplate\":\"https:\/\/movepainfree.org\/fr\/?s={search_term_string}\"},\"query-input\":{\"@type\":\"PropertyValueSpecification\",\"valueRequired\":true,\"valueName\":\"search_term_string\"}}],\"inLanguage\":\"fr-FR\"}]}<\/script>\n<!-- \/ Yoast SEO plugin. -->","yoast_head_json":{"title":"Conseils pour se pr\u00e9parer \u00e0 une chirurgie - Fondation Canadienne d&#039;Orthop\u00e9die","description":"La Fondation canadienne d'orthop\u00e9die vient en aide aux patients orthop\u00e9diques, aux professionnels de la sant\u00e9 en orthop\u00e9die, ainsi qu'aux personnes qui se pr\u00e9occupent de leur sant\u00e9 et des questions en mati\u00e8re de sant\u00e9 au sein de la collectivit\u00e9, et ce, \u00e0 l'\u00e9gard de la sant\u00e9 des os et des articulations actuelle et \u00e0 venir.","robots":{"index":"index","follow":"follow","max-snippet":"max-snippet:-1","max-image-preview":"max-image-preview:large","max-video-preview":"max-video-preview:-1"},"canonical":"https:\/\/movepainfree.org\/fr\/my-surgery\/tips-for-preparing-for-surgery\/","og_locale":"fr_FR","og_type":"article","og_title":"Conseils pour se pr\u00e9parer \u00e0 une chirurgie - Fondation Canadienne d&#039;Orthop\u00e9die","og_description":"La Fondation canadienne d'orthop\u00e9die vient en aide aux patients orthop\u00e9diques, aux professionnels de la sant\u00e9 en orthop\u00e9die, ainsi qu'aux personnes qui se pr\u00e9occupent de leur sant\u00e9 et des questions en mati\u00e8re de sant\u00e9 au sein de la collectivit\u00e9, et ce, \u00e0 l'\u00e9gard de la sant\u00e9 des os et des articulations actuelle et \u00e0 venir.","og_url":"https:\/\/movepainfree.org\/fr\/my-surgery\/tips-for-preparing-for-surgery\/","og_site_name":"Fondation Canadienne d&#039;Orthop\u00e9die","article_modified_time":"2023-01-25T21:56:47+00:00","twitter_card":"summary_large_image","twitter_misc":{"Dur\u00e9e de lecture estim\u00e9e":"2 minutes"},"schema":{"@context":"https:\/\/schema.org","@graph":[{"@type":"WebPage","@id":"https:\/\/movepainfree.org\/fr\/my-surgery\/tips-for-preparing-for-surgery\/","url":"https:\/\/movepainfree.org\/fr\/my-surgery\/tips-for-preparing-for-surgery\/","name":"Conseils pour se pr\u00e9parer \u00e0 une chirurgie - Fondation Canadienne d&#039;Orthop\u00e9die","isPartOf":{"@id":"https:\/\/movepainfree.org\/fr\/#website"},"datePublished":"2015-01-22T18:28:51+00:00","dateModified":"2023-01-25T21:56:47+00:00","description":"La Fondation canadienne d'orthop\u00e9die vient en aide aux patients orthop\u00e9diques, aux professionnels de la sant\u00e9 en orthop\u00e9die, ainsi qu'aux personnes qui se pr\u00e9occupent de leur sant\u00e9 et des questions en mati\u00e8re de sant\u00e9 au sein de la collectivit\u00e9, et ce, \u00e0 l'\u00e9gard de la sant\u00e9 des os et des articulations actuelle et \u00e0 venir.","breadcrumb":{"@id":"https:\/\/movepainfree.org\/fr\/my-surgery\/tips-for-preparing-for-surgery\/#breadcrumb"},"inLanguage":"fr-FR","potentialAction":[{"@type":"ReadAction","target":["https:\/\/movepainfree.org\/fr\/my-surgery\/tips-for-preparing-for-surgery\/"]}]},{"@type":"BreadcrumbList","@id":"https:\/\/movepainfree.org\/fr\/my-surgery\/tips-for-preparing-for-surgery\/#breadcrumb","itemListElement":[{"@type":"ListItem","position":1,"name":"Home","item":"https:\/\/movepainfree.org\/fr\/"},{"@type":"ListItem","position":2,"name":"Les interventions en chirurgie orthop\u00e9dique","item":"https:\/\/movepainfree.org\/fr\/my-surgery\/"},{"@type":"ListItem","position":3,"name":"Conseils pour se pr\u00e9parer \u00e0 une chirurgie"}]},{"@type":"WebSite","@id":"https:\/\/movepainfree.org\/fr\/#website","url":"https:\/\/movepainfree.org\/fr\/","name":"Fondation Canadienne d&#039;Orthop\u00e9die","description":"Fund-raising Activities Support Research, Education, Community Care","potentialAction":[{"@type":"SearchAction","target":{"@type":"EntryPoint","urlTemplate":"https:\/\/movepainfree.org\/fr\/?s={search_term_string}"},"query-input":{"@type":"PropertyValueSpecification","valueRequired":true,"valueName":"search_term_string"}}],"inLanguage":"fr-FR"}]}},"_links":{"self":[{"href":"https:\/\/movepainfree.org\/fr\/wp-json\/wp\/v2\/pages\/300","targetHints":{"allow":["GET"]}}],"collection":[{"href":"https:\/\/movepainfree.org\/fr\/wp-json\/wp\/v2\/pages"}],"about":[{"href":"https:\/\/movepainfree.org\/fr\/wp-json\/wp\/v2\/types\/page"}],"author":[{"embeddable":true,"href":"https:\/\/movepainfree.org\/fr\/wp-json\/wp\/v2\/users\/1"}],"replies":[{"embeddable":true,"href":"https:\/\/movepainfree.org\/fr\/wp-json\/wp\/v2\/comments?post=300"}],"version-history":[{"count":7,"href":"https:\/\/movepainfree.org\/fr\/wp-json\/wp\/v2\/pages\/300\/revisions"}],"predecessor-version":[{"id":4084,"href":"https:\/\/movepainfree.org\/fr\/wp-json\/wp\/v2\/pages\/300\/revisions\/4084"}],"up":[{"embeddable":true,"href":"https:\/\/movepainfree.org\/fr\/wp-json\/wp\/v2\/pages\/37"}],"wp:attachment":[{"href":"https:\/\/movepainfree.org\/fr\/wp-json\/wp\/v2\/media?parent=300"}],"curies":[{"name":"wp","href":"https:\/\/api.w.org\/{rel}","templated":true}]}}