{"id":298,"date":"2015-01-22T18:27:28","date_gmt":"2015-01-22T18:27:28","guid":{"rendered":"https:\/\/movepainfree.org\/fr\/?page_id=298"},"modified":"2023-01-25T21:54:45","modified_gmt":"2023-01-25T21:54:45","slug":"your-surgical-journey","status":"publish","type":"page","link":"https:\/\/movepainfree.org\/fr\/my-surgery\/your-surgical-journey\/","title":{"rendered":"Continuum de soins pour orthop\u00e9diques"},"content":{"rendered":"<p>Le continuum de soins est un plan d\u00e9crivant les activit\u00e9s que les professionnels de la sant\u00e9 et vous devez accomplir pour maximiser les r\u00e9sultats des soins que vous recevez. Le continuum de soins pour les interventions orthop\u00e9diques dresse quant \u00e0 lui la liste de tout ce qui se passe du rendez-vous de pr\u00e9admission \u00e0 l&rsquo;obtention de votre cong\u00e9 apr\u00e8s la chirurgie.<\/p>\n<p>Votre \u00e9quipe de soins coordonnera les services et traitements et discutera de vos progr\u00e8s avec vous. Le continuum de soins contribue \u00e0 s&rsquo;assurer que tout est fait en temps opportun et de mani\u00e8re coordonn\u00e9e.<\/p>\n<h2>Avantages du continuum de soins\u00a0:<\/h2>\n<ol>\n<li>Une approche d&rsquo;\u00e9quipe pour des soins de qualit\u00e9.<\/li>\n<li>Il favorise votre participation et celle de votre famille au plan de soins ainsi que la satisfaction.<\/li>\n<li>Il vous permet, \u00e0 votre famille et \u00e0 vous, de conna\u00eetre les \u00e9tapes du traitement et ses objectifs.<\/li>\n<li>Il s&rsquo;agit d&rsquo;une importante source d&rsquo;information.<\/li>\n<li>Il permet une utilisation rapide et efficace des services.<\/li>\n<\/ol>\n<p>De plus, le continuum de soins vous aide \u00e0 faire le suivi de vos progr\u00e8s et \u00e0 participer davantage aux soins que vous recevez.<\/p>\n<p>La r\u00e9ussite de votre chirurgie d\u00e9pend \u00e0 20\u00a0% de l&rsquo;orthop\u00e9diste et \u00e0 80\u00a0% de VOUS! Participez activement \u00e0 vos soins en discutant de vos attentes, en exprimant vos pr\u00e9occupations et en partageant vos objectifs.<\/p>\n<p><a title=\"\u00c0 quoi s'attendre avant une arthroplastie\" href=\"https:\/\/movepainfree.org\/fr\/my-surgery\/what-to-expect-before-surgery\/\">\u00c0 quoi s&rsquo;attendre avant une arthroplastie<br \/>\n<\/a><a title=\"\u00c0 quoi s'attendre pendant et apr\u00e8s une arthroplastie\" href=\"https:\/\/movepainfree.org\/fr\/my-surgery\/what-to-expect-during-and-after-surgery\/\">\u00c0 quoi s&rsquo;attendre pendant et apr\u00e8s une arthroplastie<br \/>\n<\/a><a title=\"Conseils pour se pr\u00e9parer \u00e0 une chirurgie\" href=\"https:\/\/movepainfree.org\/fr\/my-surgery\/do-i-need-joint-replacement-surgery\/\">Ai-je besoin d&rsquo;une arthroplastie?<\/a><br \/>\n<a href=\"https:\/\/movepainfree.org\/fr\/my-surgery\/tips-for-preparing-for-surgery\/\">Conseils pour se pr\u00e9parer \u00e0 une chirurgie<\/a><br \/>\n<a title=\"What the Surgeon Needs FR\" href=\"https:\/\/movepainfree.org\/fr\/my-surgery\/your-surgical-journey\/what-the-surgeon-needs-to-know\/\" target=\"_blank\" rel=\"noopener\">Ce que l&rsquo;orthop\u00e9diste doit savoir &#8230;<\/a><br \/>\n<a title=\"Votre \u00e9quipe de sant\u00e9  \" href=\"https:\/\/movepainfree.org\/fr\/my-surgery\/your-health-care-team\/\">Votre \u00e9quipe de sant\u00e9<br \/>\n<\/a><a title=\"Retour \u00e0 la mobilit\u00e9\" href=\"https:\/\/movepainfree.org\/fr\/my-surgery\/your-surgical-journey\/regaining-mobility\/\">Retour \u00e0 la mobilit\u00e9<\/a><\/p>\n","protected":false},"excerpt":{"rendered":"Le continuum de soins est un plan d\u00e9crivant les activit\u00e9s que les professionnels de la sant\u00e9 et vous devez accomplir pour maximiser les r\u00e9sultats des soins que vous recevez. Le&#8230; <a class=\"view-article\" href=\"https:\/\/movepainfree.org\/fr\/my-surgery\/your-surgical-journey\/\">View Article<\/a>","protected":false},"author":1,"featured_media":0,"parent":37,"menu_order":80,"comment_status":"closed","ping_status":"closed","template":"","meta":{"footnotes":""},"class_list":["post-298","page","type-page","status-publish","hentry"],"yoast_head":"<!-- This site is optimized with the Yoast SEO plugin v27.0 - https:\/\/yoast.com\/product\/yoast-seo-wordpress\/ -->\n<title>Continuum de soins pour orthop\u00e9diques - Fondation Canadienne d&#039;Orthop\u00e9die<\/title>\n<meta name=\"description\" content=\"La Fondation canadienne d&#039;orthop\u00e9die vient en aide aux patients orthop\u00e9diques, aux professionnels de la sant\u00e9 en orthop\u00e9die, ainsi qu&#039;aux personnes qui se pr\u00e9occupent de leur sant\u00e9 et des questions en mati\u00e8re de sant\u00e9 au sein de la collectivit\u00e9, et ce, \u00e0 l&#039;\u00e9gard de la sant\u00e9 des os et des articulations actuelle et \u00e0 venir.\" \/>\n<meta name=\"robots\" content=\"index, follow, max-snippet:-1, max-image-preview:large, max-video-preview:-1\" \/>\n<link rel=\"canonical\" href=\"https:\/\/movepainfree.org\/fr\/my-surgery\/your-surgical-journey\/\" \/>\n<meta property=\"og:locale\" content=\"fr_FR\" \/>\n<meta property=\"og:type\" content=\"article\" \/>\n<meta property=\"og:title\" content=\"Continuum de soins pour orthop\u00e9diques - Fondation Canadienne d&#039;Orthop\u00e9die\" \/>\n<meta property=\"og:description\" content=\"La Fondation canadienne d&#039;orthop\u00e9die vient en aide aux patients orthop\u00e9diques, aux professionnels de la sant\u00e9 en orthop\u00e9die, ainsi qu&#039;aux personnes qui se pr\u00e9occupent de leur sant\u00e9 et des questions en mati\u00e8re de sant\u00e9 au sein de la collectivit\u00e9, et ce, \u00e0 l&#039;\u00e9gard de la sant\u00e9 des os et des articulations actuelle et \u00e0 venir.\" \/>\n<meta property=\"og:url\" content=\"https:\/\/movepainfree.org\/fr\/my-surgery\/your-surgical-journey\/\" \/>\n<meta property=\"og:site_name\" content=\"Fondation Canadienne d&#039;Orthop\u00e9die\" \/>\n<meta property=\"article:modified_time\" content=\"2023-01-25T21:54:45+00:00\" \/>\n<meta name=\"twitter:card\" content=\"summary_large_image\" \/>\n<meta name=\"twitter:label1\" content=\"Dur\u00e9e de lecture estim\u00e9e\" \/>\n\t<meta name=\"twitter:data1\" content=\"2 minutes\" \/>\n<script type=\"application\/ld+json\" class=\"yoast-schema-graph\">{\"@context\":\"https:\/\/schema.org\",\"@graph\":[{\"@type\":\"WebPage\",\"@id\":\"https:\/\/movepainfree.org\/fr\/my-surgery\/your-surgical-journey\/\",\"url\":\"https:\/\/movepainfree.org\/fr\/my-surgery\/your-surgical-journey\/\",\"name\":\"Continuum de soins pour orthop\u00e9diques - Fondation Canadienne d&#039;Orthop\u00e9die\",\"isPartOf\":{\"@id\":\"https:\/\/movepainfree.org\/fr\/#website\"},\"datePublished\":\"2015-01-22T18:27:28+00:00\",\"dateModified\":\"2023-01-25T21:54:45+00:00\",\"description\":\"La Fondation canadienne d'orthop\u00e9die vient en aide aux patients orthop\u00e9diques, aux professionnels de la sant\u00e9 en orthop\u00e9die, ainsi qu'aux personnes qui se pr\u00e9occupent de leur sant\u00e9 et des questions en mati\u00e8re de sant\u00e9 au sein de la collectivit\u00e9, et ce, \u00e0 l'\u00e9gard de la sant\u00e9 des os et des articulations actuelle et \u00e0 venir.\",\"breadcrumb\":{\"@id\":\"https:\/\/movepainfree.org\/fr\/my-surgery\/your-surgical-journey\/#breadcrumb\"},\"inLanguage\":\"fr-FR\",\"potentialAction\":[{\"@type\":\"ReadAction\",\"target\":[\"https:\/\/movepainfree.org\/fr\/my-surgery\/your-surgical-journey\/\"]}]},{\"@type\":\"BreadcrumbList\",\"@id\":\"https:\/\/movepainfree.org\/fr\/my-surgery\/your-surgical-journey\/#breadcrumb\",\"itemListElement\":[{\"@type\":\"ListItem\",\"position\":1,\"name\":\"Home\",\"item\":\"https:\/\/movepainfree.org\/fr\/\"},{\"@type\":\"ListItem\",\"position\":2,\"name\":\"Les interventions en chirurgie orthop\u00e9dique\",\"item\":\"https:\/\/movepainfree.org\/fr\/my-surgery\/\"},{\"@type\":\"ListItem\",\"position\":3,\"name\":\"Continuum de soins pour orthop\u00e9diques\"}]},{\"@type\":\"WebSite\",\"@id\":\"https:\/\/movepainfree.org\/fr\/#website\",\"url\":\"https:\/\/movepainfree.org\/fr\/\",\"name\":\"Fondation Canadienne d&#039;Orthop\u00e9die\",\"description\":\"Fund-raising Activities Support Research, Education, Community Care\",\"potentialAction\":[{\"@type\":\"SearchAction\",\"target\":{\"@type\":\"EntryPoint\",\"urlTemplate\":\"https:\/\/movepainfree.org\/fr\/?s={search_term_string}\"},\"query-input\":{\"@type\":\"PropertyValueSpecification\",\"valueRequired\":true,\"valueName\":\"search_term_string\"}}],\"inLanguage\":\"fr-FR\"}]}<\/script>\n<!-- \/ Yoast SEO plugin. -->","yoast_head_json":{"title":"Continuum de soins pour orthop\u00e9diques - Fondation Canadienne d&#039;Orthop\u00e9die","description":"La Fondation canadienne d'orthop\u00e9die vient en aide aux patients orthop\u00e9diques, aux professionnels de la sant\u00e9 en orthop\u00e9die, ainsi qu'aux personnes qui se pr\u00e9occupent de leur sant\u00e9 et des questions en mati\u00e8re de sant\u00e9 au sein de la collectivit\u00e9, et ce, \u00e0 l'\u00e9gard de la sant\u00e9 des os et des articulations actuelle et \u00e0 venir.","robots":{"index":"index","follow":"follow","max-snippet":"max-snippet:-1","max-image-preview":"max-image-preview:large","max-video-preview":"max-video-preview:-1"},"canonical":"https:\/\/movepainfree.org\/fr\/my-surgery\/your-surgical-journey\/","og_locale":"fr_FR","og_type":"article","og_title":"Continuum de soins pour orthop\u00e9diques - Fondation Canadienne d&#039;Orthop\u00e9die","og_description":"La Fondation canadienne d'orthop\u00e9die vient en aide aux patients orthop\u00e9diques, aux professionnels de la sant\u00e9 en orthop\u00e9die, ainsi qu'aux personnes qui se pr\u00e9occupent de leur sant\u00e9 et des questions en mati\u00e8re de sant\u00e9 au sein de la collectivit\u00e9, et ce, \u00e0 l'\u00e9gard de la sant\u00e9 des os et des articulations actuelle et \u00e0 venir.","og_url":"https:\/\/movepainfree.org\/fr\/my-surgery\/your-surgical-journey\/","og_site_name":"Fondation Canadienne d&#039;Orthop\u00e9die","article_modified_time":"2023-01-25T21:54:45+00:00","twitter_card":"summary_large_image","twitter_misc":{"Dur\u00e9e de lecture estim\u00e9e":"2 minutes"},"schema":{"@context":"https:\/\/schema.org","@graph":[{"@type":"WebPage","@id":"https:\/\/movepainfree.org\/fr\/my-surgery\/your-surgical-journey\/","url":"https:\/\/movepainfree.org\/fr\/my-surgery\/your-surgical-journey\/","name":"Continuum de soins pour orthop\u00e9diques - Fondation Canadienne d&#039;Orthop\u00e9die","isPartOf":{"@id":"https:\/\/movepainfree.org\/fr\/#website"},"datePublished":"2015-01-22T18:27:28+00:00","dateModified":"2023-01-25T21:54:45+00:00","description":"La Fondation canadienne d'orthop\u00e9die vient en aide aux patients orthop\u00e9diques, aux professionnels de la sant\u00e9 en orthop\u00e9die, ainsi qu'aux personnes qui se pr\u00e9occupent de leur sant\u00e9 et des questions en mati\u00e8re de sant\u00e9 au sein de la collectivit\u00e9, et ce, \u00e0 l'\u00e9gard de la sant\u00e9 des os et des articulations actuelle et \u00e0 venir.","breadcrumb":{"@id":"https:\/\/movepainfree.org\/fr\/my-surgery\/your-surgical-journey\/#breadcrumb"},"inLanguage":"fr-FR","potentialAction":[{"@type":"ReadAction","target":["https:\/\/movepainfree.org\/fr\/my-surgery\/your-surgical-journey\/"]}]},{"@type":"BreadcrumbList","@id":"https:\/\/movepainfree.org\/fr\/my-surgery\/your-surgical-journey\/#breadcrumb","itemListElement":[{"@type":"ListItem","position":1,"name":"Home","item":"https:\/\/movepainfree.org\/fr\/"},{"@type":"ListItem","position":2,"name":"Les interventions en chirurgie orthop\u00e9dique","item":"https:\/\/movepainfree.org\/fr\/my-surgery\/"},{"@type":"ListItem","position":3,"name":"Continuum de soins pour orthop\u00e9diques"}]},{"@type":"WebSite","@id":"https:\/\/movepainfree.org\/fr\/#website","url":"https:\/\/movepainfree.org\/fr\/","name":"Fondation Canadienne d&#039;Orthop\u00e9die","description":"Fund-raising Activities Support Research, Education, Community Care","potentialAction":[{"@type":"SearchAction","target":{"@type":"EntryPoint","urlTemplate":"https:\/\/movepainfree.org\/fr\/?s={search_term_string}"},"query-input":{"@type":"PropertyValueSpecification","valueRequired":true,"valueName":"search_term_string"}}],"inLanguage":"fr-FR"}]}},"_links":{"self":[{"href":"https:\/\/movepainfree.org\/fr\/wp-json\/wp\/v2\/pages\/298","targetHints":{"allow":["GET"]}}],"collection":[{"href":"https:\/\/movepainfree.org\/fr\/wp-json\/wp\/v2\/pages"}],"about":[{"href":"https:\/\/movepainfree.org\/fr\/wp-json\/wp\/v2\/types\/page"}],"author":[{"embeddable":true,"href":"https:\/\/movepainfree.org\/fr\/wp-json\/wp\/v2\/users\/1"}],"replies":[{"embeddable":true,"href":"https:\/\/movepainfree.org\/fr\/wp-json\/wp\/v2\/comments?post=298"}],"version-history":[{"count":11,"href":"https:\/\/movepainfree.org\/fr\/wp-json\/wp\/v2\/pages\/298\/revisions"}],"predecessor-version":[{"id":4083,"href":"https:\/\/movepainfree.org\/fr\/wp-json\/wp\/v2\/pages\/298\/revisions\/4083"}],"up":[{"embeddable":true,"href":"https:\/\/movepainfree.org\/fr\/wp-json\/wp\/v2\/pages\/37"}],"wp:attachment":[{"href":"https:\/\/movepainfree.org\/fr\/wp-json\/wp\/v2\/media?parent=298"}],"curies":[{"name":"wp","href":"https:\/\/api.w.org\/{rel}","templated":true}]}}