{"id":296,"date":"2015-01-22T16:45:22","date_gmt":"2015-01-22T16:45:22","guid":{"rendered":"https:\/\/movepainfree.org\/fr\/?page_id=296"},"modified":"2015-06-08T22:04:51","modified_gmt":"2015-06-08T22:04:51","slug":"what-to-expect-during-and-after-surgery","status":"publish","type":"page","link":"https:\/\/movepainfree.org\/fr\/my-surgery\/what-to-expect-during-and-after-surgery\/","title":{"rendered":"\u00c0 quoi s&rsquo;attendre pendant et apr\u00e8s une arthroplastie"},"content":{"rendered":"<p><span id=\"lblContent\">Bon&#8230; vous avez eu une premi\u00e8re rencontre avec votre orthop\u00e9diste. Vous avez sign\u00e9 un formulaire de consentement pr\u00e9cisant que vous comprenez tous les risques et cons\u00e9quences associ\u00e9s \u00e0 une arthroplastie totale de la hanche ou du genou. Et maintenant, vous ne pensez qu&rsquo;\u00e0 la chirurgie, incontournable r\u00e9alit\u00e9, en vous demandant : \u00ab Mais dans quoi ai-je \u00e9t\u00e9 me fourrer? \u00bb<\/span><\/p>\n<p>Oui, la douleur est intense et constante. Mais, au moins, vous savez \u00e0 quoi vous en tenir de ce c\u00f4t\u00e9. M\u00eame si vous aimeriez vraiment y mettre fin, vous vous engagez dans une voie des plus obscures. Et \u00e7a vous fait peur. Est-ce que les r\u00e9sultats en vaudront vraiment la peine?<\/p>\n<p>\u00c0 votre premi\u00e8re rencontre, l&rsquo;orthop\u00e9diste a probablement insist\u00e9 sur certains faits auxquels vous serez bient\u00f4t confront\u00e9 : analyses en laboratoire, exercices, physioth\u00e9rapie, pr\u00e9paration \u00e0 la chirurgie, blablabla, r\u00e9tablissement, petits changements au mode de vie, blablabla, exercices et blablabla. Comme la majorit\u00e9 des gens soumis \u00e0 un stress \u00e9motionnel, la plupart des d\u00e9tails vous sont entr\u00e9s par une oreille et sortis par l&rsquo;autre!<\/p>\n<p>Ne vous en faites pas. Vous aurez une seconde occasion de poser toutes vos questions relatives \u00e0 la chirurgie en clinique pr\u00e9op\u00e9ratoire. Assurez-vous toutefois que l&rsquo;assistant administratif de l&rsquo;orthop\u00e9diste ou vous-m\u00eame prenez un rendez-vous pour cette tr\u00e8s importante s\u00e9ance d&rsquo;information d&rsquo;une journ\u00e9e, id\u00e9alement de quatre \u00e0 six semaines avant la chirurgie. En prenant ainsi rendez-vous, vous faites le premier pas sur le chemin de la gu\u00e9rison, qui vous permettra de retrouver fonction et mobilit\u00e9. F\u00e9licitations! Vous respirez d\u00e9j\u00e0 mieux.<\/p>\n<p>Puisque vous aurez probablement du temps libre avant de vous pr\u00e9senter \u00e0 la clinique, nous vous proposons un aper\u00e7u du chemin \u00e0 parcourir afin que vous puissiez vous pr\u00e9parer \u00e0 cette exp\u00e9rience et savoir un peu \u00e0 quoi vous attendre. En plus de conna\u00eetre, en th\u00e9orie, le d\u00e9roulement de votre chirurgie, il y a de nombreuses questions pratiques dont il faut tenir compte, surtout si vous habitez ou travaillez seul.<\/p>\n<p>La majorit\u00e9 des h\u00f4pitaux canadiens ont adopt\u00e9 un \u00ab continuum de soins \u00bb pour les interventions orthop\u00e9diques, c&rsquo;est-\u00e0-dire une m\u00e9thode de traitement qui, selon les besoins du malade, le met sur la bonne \u00ab voie \u00bb, de sorte \u00e0 ce qu&rsquo;il re\u00e7oive les meilleurs soins possible. La majorit\u00e9 des malades emprunteront la voie rapide, menant directement \u00e0 la chirurgie apr\u00e8s un mois environ. D&rsquo;autres, en revanche, devront faire quelques d\u00e9tours en raison de leur \u00e9tat de sant\u00e9 (hypertension, diab\u00e8te ou fibromyalgie, par exemple).<\/p>\n<p><a title=\"What to Expect Before Surgery\" href=\"https:\/\/movepainfree.org\/fr\/my-surgery\/what-to-expect-before-surgery\/\">\u00c0 quoi s\u2019attendre avant une arthroplastie<\/a><\/p>\n<h2><span id=\"lblContent\"><strong>PENDANT LA CHIRURGIE : dans la salle d&rsquo;op\u00e9ration<\/strong> <\/span><\/h2>\n<p><span id=\"lblContent\">Apr\u00e8s votre arriv\u00e9e \u00e0 l&rsquo;h\u00f4pital, g\u00e9n\u00e9ralement quelques heures avant l&rsquo;intervention, on vous conduira \u00e0 une salle d&rsquo;attente, o\u00f9 vous mettrez une chemise d&rsquo;h\u00f4pital. Dans certains \u00e9tablissements, vous pourrez marcher dans la salle d&rsquo;observation dans d&rsquo;autres, vous serez amen\u00e9 sur une civi\u00e8re. Plus l&rsquo;heure de l&rsquo;op\u00e9ration approchera, plus on s&rsquo;activera autour de vous. On v\u00e9rifiera votre tension art\u00e9rielle, votre pouls et votre rythme respiratoire. On installera la perfusion intraveineuse \u00e0 l&rsquo;un de vos poignets, afin que vous puissiez recevoir certains liquides. Vous serez ensuite transf\u00e9r\u00e9 \u00e0 la salle d&rsquo;op\u00e9ration, o\u00f9 vous pourrez parler \u00e0 vos anesth\u00e9siste et orthop\u00e9diste. L&rsquo;anesth\u00e9siste vous administrera diff\u00e9rents analg\u00e9siques con\u00e7us pour r\u00e9pondre \u00e0 vos besoins. Une premi\u00e8re arthroplastie de la hanche ne n\u00e9cessite g\u00e9n\u00e9ralement qu&rsquo;une heure et demie \u00e0 deux heures il faut toutefois compter un peu plus de temps pour une arthroplastie du genou. Les reprises chirurgicales peuvent toutefois durer deux fois plus longtemps.<\/span><\/p>\n<p>Vous vous r\u00e9veillerez dans la salle de r\u00e9veil, o\u00f9 le personnel vous surveillera de pr\u00e8s et examinera r\u00e9guli\u00e8rement votre circulation et le retour graduel de vos sensations. \u00c0 votre r\u00e9veil, vous serez un peu sonn\u00e9 et vous ne pourrez pas bouger les membres inf\u00e9rieurs. Ce sont l\u00e0 des \u00e9tats temporaires. L&rsquo;effet des anesth\u00e9siques se dissipera rapidement. On vous administrera vos premiers analg\u00e9siques au fur et \u00e0 mesure que vous retrouverez la sensibilit\u00e9 de vos membres. Habituellement, les malades passent environ deux heures dans la salle de r\u00e9veil, puis sont men\u00e9s \u00e0 leur chambre.<\/p>\n<h2><span id=\"lblContent\"><strong>APR\u00c8S LA CHIRURGIE : la r\u00e9adaptation<\/strong> <\/span><\/h2>\n<p><span id=\"lblContent\">G\u00e9n\u00e9ralement, les personnes subissant une arthroplastie s\u00e9journent moins d&rsquo;une semaine \u00e0 l&rsquo;h\u00f4pital. Le personnel infirmier v\u00e9rifie souvent les pansements sur la plaie op\u00e9ratoire, de m\u00eame que la tension art\u00e9rielle, le pouls, le rythme respiratoire et la sensibilit\u00e9 des pieds du patient. On vous montrera comment vous rouler sur le c\u00f4t\u00e9 et vous donner la pouss\u00e9e n\u00e9cessaire pour vous asseoir sans mettre de pression sur votre hanche ou les muscles de votre jambe. Ainsi, si vous n&rsquo;\u00eates plus \u00e0 l&rsquo;aise sur le dos, vous pourrez vous tourner sur le c\u00f4t\u00e9. Un long oreiller (des aines aux chevilles), plac\u00e9 entre vos jambes, permettra de maintenir l&rsquo;alignement du bassin et du dos. Les 24 premi\u00e8res heures, vous utiliserez un bassin ou une infirmi\u00e8re vous escortera jusqu&rsquo;\u00e0 une chaise perc\u00e9e, car vous ne pourrez pas vous d\u00e9placer seul.<\/span><\/p>\n<p>On vous donnera des analg\u00e9siques. Dans de nombreux \u00e9tablissements, on fournit un appareil permettant de s&rsquo;administrer soi-m\u00eame ces analg\u00e9siques, selon ses besoins. Il suffit d&rsquo;appuyer sur un bouton pour qu&rsquo;une quantit\u00e9 donn\u00e9e d&rsquo;analg\u00e9siques soit envoy\u00e9e dans la perfusion intraveineuse. Un m\u00e9canisme de s\u00e9curit\u00e9 int\u00e9gr\u00e9 permet de pr\u00e9venir toute surdose accidentelle.<\/p>\n<p>La journ\u00e9e suivant votre op\u00e9ration, un physioth\u00e9rapeute viendra vous rendre visite pour \u00e9valuer votre \u00e9quilibre et le poids que vous pouvez mettre sur votre jambe. Si tout est normal, il vous aidera \u00e0 faire vos premiers pas : vous vous rendrez peut-\u00eatre \u00e0 la porte de votre chambre ou dans le corridor, selon ce que vous pourrez endurer. Cette visite vise \u00e0 vous faire bouger le plus t\u00f4t possible. On effectue habituellement les arthroplasties de la hanche et du genou le lundi ou le mardi, de sorte \u00e0 ce que le patient puisse avoir sa premi\u00e8re s\u00e9ance de r\u00e9adaptation au plus tard le vendredi. C&rsquo;est l\u00e0 que les exercices de renforcement avant l&rsquo;op\u00e9ration se r\u00e9v\u00e8lent tr\u00e8s profitables.<\/p>\n<p>Au cours des jours suivants, le personnel infirmier remplacera les pansements et nettoiera la plaie op\u00e9ratoire. Le physioth\u00e9rapeute vous apprendra \u00e0 utiliser une marchette (selon le type de proth\u00e8se et votre \u00e9tat, vous devrez peut-\u00eatre utiliser une marchette pendant plusieurs semaines) et \u00e0 faire certains exercices de renforcement pour les muscles entourant la proth\u00e8se. Certaines personnes jouissant d&rsquo;un tronc et de membres sup\u00e9rieurs forts n&rsquo;auront peut-\u00eatre pas besoin d&rsquo;une marchette : on leur apprendra plut\u00f4t \u00e0 utiliser des b\u00e9quilles. Vous devriez id\u00e9alement marcher seul, \u00e0 l&rsquo;aide d&rsquo;une marchette ou de b\u00e9quilles, dans un d\u00e9lai de deux jours. Quand vous pourrez vous d\u00e9placer seul et que l&rsquo;on aura \u00e9cart\u00e9 tout risque de complication, vous pourrez rentrer chez vous.<\/p>\n<h2><span id=\"lblContent\"><strong>Libert\u00e9 surveill\u00e9e<\/strong> <\/span><\/h2>\n<p><span id=\"lblContent\">Vous devrez faire des exercices au moins deux fois par jour (de pr\u00e9f\u00e9rence de trois \u00e0 quatre fois par jour) et vous aurez une rencontre hebdomadaire avec votre physioth\u00e9rapeute. Selon les \u00e9tablissements, le physioth\u00e9rapeute se rend chez vous ou c&rsquo;est \u00e0 vous de prendre les dispositions n\u00e9cessaires pour vous rendre \u00e0 son bureau.<\/span><\/p>\n<p>Les deux premi\u00e8res semaines, certaines personnes doivent faire leur toilette \u00e0 l&rsquo;\u00e9ponge ou ont besoin de l&rsquo;aide d&rsquo;un pr\u00e9pos\u00e9 aux soins pour prendre une douche. Le plus important, c&rsquo;est de garder la plaie op\u00e9ratoire couverte et au sec jusqu&rsquo;\u00e0 ce que les agrafes soient enlev\u00e9es. Votre physioth\u00e9rapeute vous montrera comment recouvrir la plaie d&rsquo;un plastique. Si vous vous remettez d&rsquo;une arthroplastie de la hanche, on vous montrera comment entrer et sortir du bain pour prendre votre douche en pliant la jambe. Vous \u00e9viterez ainsi de lever le genou au-dessus de la hanche.<\/p>\n<p>Apr\u00e8s deux semaines, on enl\u00e8vera les agrafes. Il faudra compter environ six semaines pour la gu\u00e9rison compl\u00e8te de la plaie op\u00e9ratoire et pour la stabilisation de la proth\u00e8se, p\u00e9riode pendant laquelle vous constaterez une r\u00e9duction graduelle de la douleur. Vous devriez aussi diminuer la prise des analg\u00e9siques prescrits \u00e0 votre sortie de l&rsquo;h\u00f4pital.<\/p>\n<p>Vous devrez malgr\u00e9 tout faire avec certaines restrictions : vous ne pourrez conduire votre voiture avant six semaines. Les mouvements qu&rsquo;il faut faire pour entrer dans une voiture et appuyer sur les p\u00e9dales exerceraient une trop grande pression sur votre hanche ou genou \u00e0 ce moment. Vous ne pourrez pas non plus vous pencher pour ramasser le savon dans le fond de la douche ni pour attacher vos lacets. Bien que la majorit\u00e9 des douleurs disparaissent apr\u00e8s six semaines, certaines restrictions peuvent s&rsquo;appliquer pendant douze semaines. Changer les draps, lever des paniers de lessive et pr\u00e9parer les repas sont toutes des t\u00e2ches pour lesquelles vous devrez probablement demander de l&rsquo;aide. Le physioth\u00e9rapeute pourra peut-\u00eatre vous conseiller quant \u00e0 la fa\u00e7on de faire certaines de ces t\u00e2ches vous-m\u00eame, mais vous aurez tout de m\u00eame besoin d&rsquo;aide pour d&rsquo;autres activit\u00e9s. On devra peut-\u00eatre apporter certaines modifications \u00e0 votre poste de travail aussi, comme la disposition de votre bureau. Peut-\u00eatre devrez-vous demander \u00e0 votre superviseur de vous assigner des t\u00e2ches moins physiques.<\/p>\n<p>La vie reprendra graduellement son cours&#8230; enfin presque. Vous ne souffrirez plus comme avant l&rsquo;op\u00e9ration et vous pourrez reprendre bon nombre des activit\u00e9s que vous aviez abandonn\u00e9es. Tout de m\u00eame, vous devrez peut-\u00eatre faire une croix sur l&rsquo;athl\u00e9tisme (le saut \u00e0 la perche \u00e9tant d\u00e9finitivement exclu!) ou sur certains sports qui exigent des arr\u00eats soudains et des contorsions (le squash ou le basketball, entre autres).<\/p>\n<p>Ah! Il ne faudrait pas oublier un petit d\u00e9tail : il est possible que, alors que vous prendrez des vacances bien m\u00e9rit\u00e9es, votre proth\u00e8se fasse sonner les appareils de d\u00e9tection du m\u00e9tal \u00e0 l&rsquo;a\u00e9roport. Vous n&rsquo;y pouvez pas grand-chose. Toutefois, une lettre de votre orthop\u00e9diste confirmant que vous avez bel et bien une proth\u00e8se permettra de rem\u00e9dier rapidement \u00e0 une telle situation embarrassante.<\/p>\n","protected":false},"excerpt":{"rendered":"Bon&#8230; vous avez eu une premi\u00e8re rencontre avec votre orthop\u00e9diste. Vous avez sign\u00e9 un formulaire de consentement pr\u00e9cisant que vous comprenez tous les risques et cons\u00e9quences associ\u00e9s \u00e0 une arthroplastie&#8230; <a class=\"view-article\" href=\"https:\/\/movepainfree.org\/fr\/my-surgery\/what-to-expect-during-and-after-surgery\/\">View Article<\/a>","protected":false},"author":1,"featured_media":0,"parent":37,"menu_order":70,"comment_status":"closed","ping_status":"closed","template":"","meta":{"footnotes":""},"class_list":["post-296","page","type-page","status-publish","hentry"],"yoast_head":"<!-- This site is optimized with the Yoast SEO plugin v27.0 - https:\/\/yoast.com\/product\/yoast-seo-wordpress\/ -->\n<title>\u00c0 quoi s&#039;attendre pendant et apr\u00e8s une arthroplastie - Fondation Canadienne d&#039;Orthop\u00e9die<\/title>\n<meta name=\"description\" content=\"La Fondation canadienne d&#039;orthop\u00e9die vient en aide aux patients orthop\u00e9diques, aux professionnels de la sant\u00e9 en orthop\u00e9die, ainsi qu&#039;aux personnes qui se pr\u00e9occupent de leur sant\u00e9 et des questions en mati\u00e8re de sant\u00e9 au sein de la collectivit\u00e9, et ce, \u00e0 l&#039;\u00e9gard de la sant\u00e9 des os et des articulations actuelle et \u00e0 venir.\" \/>\n<meta name=\"robots\" content=\"index, follow, max-snippet:-1, max-image-preview:large, max-video-preview:-1\" \/>\n<link rel=\"canonical\" href=\"https:\/\/movepainfree.org\/fr\/my-surgery\/what-to-expect-during-and-after-surgery\/\" \/>\n<meta property=\"og:locale\" content=\"fr_FR\" \/>\n<meta property=\"og:type\" content=\"article\" \/>\n<meta property=\"og:title\" content=\"\u00c0 quoi s&#039;attendre pendant et apr\u00e8s une arthroplastie - Fondation Canadienne d&#039;Orthop\u00e9die\" \/>\n<meta property=\"og:description\" content=\"La Fondation canadienne d&#039;orthop\u00e9die vient en aide aux patients orthop\u00e9diques, aux professionnels de la sant\u00e9 en orthop\u00e9die, ainsi qu&#039;aux personnes qui se pr\u00e9occupent de leur sant\u00e9 et des questions en mati\u00e8re de sant\u00e9 au sein de la collectivit\u00e9, et ce, \u00e0 l&#039;\u00e9gard de la sant\u00e9 des os et des articulations actuelle et \u00e0 venir.\" \/>\n<meta property=\"og:url\" content=\"https:\/\/movepainfree.org\/fr\/my-surgery\/what-to-expect-during-and-after-surgery\/\" \/>\n<meta property=\"og:site_name\" content=\"Fondation Canadienne d&#039;Orthop\u00e9die\" \/>\n<meta property=\"article:modified_time\" content=\"2015-06-08T22:04:51+00:00\" \/>\n<meta name=\"twitter:card\" content=\"summary_large_image\" \/>\n<meta name=\"twitter:label1\" content=\"Dur\u00e9e de lecture estim\u00e9e\" \/>\n\t<meta name=\"twitter:data1\" content=\"9 minutes\" \/>\n<script type=\"application\/ld+json\" class=\"yoast-schema-graph\">{\"@context\":\"https:\/\/schema.org\",\"@graph\":[{\"@type\":\"WebPage\",\"@id\":\"https:\/\/movepainfree.org\/fr\/my-surgery\/what-to-expect-during-and-after-surgery\/\",\"url\":\"https:\/\/movepainfree.org\/fr\/my-surgery\/what-to-expect-during-and-after-surgery\/\",\"name\":\"\u00c0 quoi s'attendre pendant et apr\u00e8s une arthroplastie - Fondation Canadienne d&#039;Orthop\u00e9die\",\"isPartOf\":{\"@id\":\"https:\/\/movepainfree.org\/fr\/#website\"},\"datePublished\":\"2015-01-22T16:45:22+00:00\",\"dateModified\":\"2015-06-08T22:04:51+00:00\",\"description\":\"La Fondation canadienne d'orthop\u00e9die vient en aide aux patients orthop\u00e9diques, aux professionnels de la sant\u00e9 en orthop\u00e9die, ainsi qu'aux personnes qui se pr\u00e9occupent de leur sant\u00e9 et des questions en mati\u00e8re de sant\u00e9 au sein de la collectivit\u00e9, et ce, \u00e0 l'\u00e9gard de la sant\u00e9 des os et des articulations actuelle et \u00e0 venir.\",\"breadcrumb\":{\"@id\":\"https:\/\/movepainfree.org\/fr\/my-surgery\/what-to-expect-during-and-after-surgery\/#breadcrumb\"},\"inLanguage\":\"fr-FR\",\"potentialAction\":[{\"@type\":\"ReadAction\",\"target\":[\"https:\/\/movepainfree.org\/fr\/my-surgery\/what-to-expect-during-and-after-surgery\/\"]}]},{\"@type\":\"BreadcrumbList\",\"@id\":\"https:\/\/movepainfree.org\/fr\/my-surgery\/what-to-expect-during-and-after-surgery\/#breadcrumb\",\"itemListElement\":[{\"@type\":\"ListItem\",\"position\":1,\"name\":\"Home\",\"item\":\"https:\/\/movepainfree.org\/fr\/\"},{\"@type\":\"ListItem\",\"position\":2,\"name\":\"Les interventions en chirurgie orthop\u00e9dique\",\"item\":\"https:\/\/movepainfree.org\/fr\/my-surgery\/\"},{\"@type\":\"ListItem\",\"position\":3,\"name\":\"\u00c0 quoi s&rsquo;attendre pendant et apr\u00e8s une arthroplastie\"}]},{\"@type\":\"WebSite\",\"@id\":\"https:\/\/movepainfree.org\/fr\/#website\",\"url\":\"https:\/\/movepainfree.org\/fr\/\",\"name\":\"Fondation Canadienne d&#039;Orthop\u00e9die\",\"description\":\"Fund-raising Activities Support Research, Education, Community Care\",\"potentialAction\":[{\"@type\":\"SearchAction\",\"target\":{\"@type\":\"EntryPoint\",\"urlTemplate\":\"https:\/\/movepainfree.org\/fr\/?s={search_term_string}\"},\"query-input\":{\"@type\":\"PropertyValueSpecification\",\"valueRequired\":true,\"valueName\":\"search_term_string\"}}],\"inLanguage\":\"fr-FR\"}]}<\/script>\n<!-- \/ Yoast SEO plugin. -->","yoast_head_json":{"title":"\u00c0 quoi s'attendre pendant et apr\u00e8s une arthroplastie - Fondation Canadienne d&#039;Orthop\u00e9die","description":"La Fondation canadienne d'orthop\u00e9die vient en aide aux patients orthop\u00e9diques, aux professionnels de la sant\u00e9 en orthop\u00e9die, ainsi qu'aux personnes qui se pr\u00e9occupent de leur sant\u00e9 et des questions en mati\u00e8re de sant\u00e9 au sein de la collectivit\u00e9, et ce, \u00e0 l'\u00e9gard de la sant\u00e9 des os et des articulations actuelle et \u00e0 venir.","robots":{"index":"index","follow":"follow","max-snippet":"max-snippet:-1","max-image-preview":"max-image-preview:large","max-video-preview":"max-video-preview:-1"},"canonical":"https:\/\/movepainfree.org\/fr\/my-surgery\/what-to-expect-during-and-after-surgery\/","og_locale":"fr_FR","og_type":"article","og_title":"\u00c0 quoi s'attendre pendant et apr\u00e8s une arthroplastie - Fondation Canadienne d&#039;Orthop\u00e9die","og_description":"La Fondation canadienne d'orthop\u00e9die vient en aide aux patients orthop\u00e9diques, aux professionnels de la sant\u00e9 en orthop\u00e9die, ainsi qu'aux personnes qui se pr\u00e9occupent de leur sant\u00e9 et des questions en mati\u00e8re de sant\u00e9 au sein de la collectivit\u00e9, et ce, \u00e0 l'\u00e9gard de la sant\u00e9 des os et des articulations actuelle et \u00e0 venir.","og_url":"https:\/\/movepainfree.org\/fr\/my-surgery\/what-to-expect-during-and-after-surgery\/","og_site_name":"Fondation Canadienne d&#039;Orthop\u00e9die","article_modified_time":"2015-06-08T22:04:51+00:00","twitter_card":"summary_large_image","twitter_misc":{"Dur\u00e9e de lecture estim\u00e9e":"9 minutes"},"schema":{"@context":"https:\/\/schema.org","@graph":[{"@type":"WebPage","@id":"https:\/\/movepainfree.org\/fr\/my-surgery\/what-to-expect-during-and-after-surgery\/","url":"https:\/\/movepainfree.org\/fr\/my-surgery\/what-to-expect-during-and-after-surgery\/","name":"\u00c0 quoi s'attendre pendant et apr\u00e8s une arthroplastie - Fondation Canadienne d&#039;Orthop\u00e9die","isPartOf":{"@id":"https:\/\/movepainfree.org\/fr\/#website"},"datePublished":"2015-01-22T16:45:22+00:00","dateModified":"2015-06-08T22:04:51+00:00","description":"La Fondation canadienne d'orthop\u00e9die vient en aide aux patients orthop\u00e9diques, aux professionnels de la sant\u00e9 en orthop\u00e9die, ainsi qu'aux personnes qui se pr\u00e9occupent de leur sant\u00e9 et des questions en mati\u00e8re de sant\u00e9 au sein de la collectivit\u00e9, et ce, \u00e0 l'\u00e9gard de la sant\u00e9 des os et des articulations actuelle et \u00e0 venir.","breadcrumb":{"@id":"https:\/\/movepainfree.org\/fr\/my-surgery\/what-to-expect-during-and-after-surgery\/#breadcrumb"},"inLanguage":"fr-FR","potentialAction":[{"@type":"ReadAction","target":["https:\/\/movepainfree.org\/fr\/my-surgery\/what-to-expect-during-and-after-surgery\/"]}]},{"@type":"BreadcrumbList","@id":"https:\/\/movepainfree.org\/fr\/my-surgery\/what-to-expect-during-and-after-surgery\/#breadcrumb","itemListElement":[{"@type":"ListItem","position":1,"name":"Home","item":"https:\/\/movepainfree.org\/fr\/"},{"@type":"ListItem","position":2,"name":"Les interventions en chirurgie orthop\u00e9dique","item":"https:\/\/movepainfree.org\/fr\/my-surgery\/"},{"@type":"ListItem","position":3,"name":"\u00c0 quoi s&rsquo;attendre pendant et apr\u00e8s une arthroplastie"}]},{"@type":"WebSite","@id":"https:\/\/movepainfree.org\/fr\/#website","url":"https:\/\/movepainfree.org\/fr\/","name":"Fondation Canadienne d&#039;Orthop\u00e9die","description":"Fund-raising Activities Support Research, Education, Community Care","potentialAction":[{"@type":"SearchAction","target":{"@type":"EntryPoint","urlTemplate":"https:\/\/movepainfree.org\/fr\/?s={search_term_string}"},"query-input":{"@type":"PropertyValueSpecification","valueRequired":true,"valueName":"search_term_string"}}],"inLanguage":"fr-FR"}]}},"_links":{"self":[{"href":"https:\/\/movepainfree.org\/fr\/wp-json\/wp\/v2\/pages\/296","targetHints":{"allow":["GET"]}}],"collection":[{"href":"https:\/\/movepainfree.org\/fr\/wp-json\/wp\/v2\/pages"}],"about":[{"href":"https:\/\/movepainfree.org\/fr\/wp-json\/wp\/v2\/types\/page"}],"author":[{"embeddable":true,"href":"https:\/\/movepainfree.org\/fr\/wp-json\/wp\/v2\/users\/1"}],"replies":[{"embeddable":true,"href":"https:\/\/movepainfree.org\/fr\/wp-json\/wp\/v2\/comments?post=296"}],"version-history":[{"count":6,"href":"https:\/\/movepainfree.org\/fr\/wp-json\/wp\/v2\/pages\/296\/revisions"}],"predecessor-version":[{"id":1485,"href":"https:\/\/movepainfree.org\/fr\/wp-json\/wp\/v2\/pages\/296\/revisions\/1485"}],"up":[{"embeddable":true,"href":"https:\/\/movepainfree.org\/fr\/wp-json\/wp\/v2\/pages\/37"}],"wp:attachment":[{"href":"https:\/\/movepainfree.org\/fr\/wp-json\/wp\/v2\/media?parent=296"}],"curies":[{"name":"wp","href":"https:\/\/api.w.org\/{rel}","templated":true}]}}