{"id":292,"date":"2015-01-22T16:40:00","date_gmt":"2015-01-22T16:40:00","guid":{"rendered":"https:\/\/movepainfree.org\/fr\/?page_id=292"},"modified":"2015-06-02T21:39:43","modified_gmt":"2015-06-02T21:39:43","slug":"do-i-need-joint-replacement-surgery","status":"publish","type":"page","link":"https:\/\/movepainfree.org\/fr\/my-surgery\/do-i-need-joint-replacement-surgery\/","title":{"rendered":"Ai-je besoin d&rsquo;une arthroplastie?"},"content":{"rendered":"<p>Subir une chirurgie est une d\u00e9cision importante. Bien s\u00fbr, personne ne souhaite subir une op\u00e9ration et passer du temps \u00e0 l&rsquo;h\u00f4pital et en r\u00e9tablissement sans raison.<\/p>\n<p>Voici quelques questions que vous pouvez vous poser si vous songez \u00e0 une arthroplastie\u00a0:<\/p>\n<ul class=\"unIndentedList\">\n<li>Est-ce que je peux supporter la douleur que je ressens? Est-ce que la douleur limite mes capacit\u00e9s de fa\u00e7on consid\u00e9rable?<\/li>\n<li>Est-ce que j&rsquo;ai laiss\u00e9 tomber la plupart ou l&rsquo;ensemble des activit\u00e9s que j&rsquo;aime en raison de la douleur et des autres sympt\u00f4mes de l&rsquo;arthrite?<\/li>\n<li>\u00c0 quel point la douleur limite-t-elle mes mouvements et mes d\u00e9placements?<\/li>\n<li>Est-ce que ma douleur et mes raideurs ont augment\u00e9 de fa\u00e7on continue au cours des derniers mois ou de l&rsquo;ann\u00e9e?<\/li>\n<li>Suis-je pr\u00eat \u00e0 suivre tout le processus de r\u00e9tablissement apr\u00e8s la chirurgie, y compris les exercices postop\u00e9ratoires et la physioth\u00e9rapie, au besoin?<\/li>\n<li>Comment la chirurgie am\u00e9liorera-t-elle ma condition? \u00c0 quelles am\u00e9liorations puis-je vraiment m&rsquo;attendre apr\u00e8s l&rsquo;arthroplastie?<\/li>\n<li>Est-ce que les m\u00e9dicaments, l&rsquo;exercice et d&rsquo;autres th\u00e9rapies ont cess\u00e9 de m&rsquo;offrir le soulagement pass\u00e9?<\/li>\n<li>Est-ce que mon assurance-sant\u00e9 couvre enti\u00e8rement les co\u00fbts li\u00e9s \u00e0 l&rsquo;arthroplastie et \u00e0 mon r\u00e9tablissement? Est-ce que je devrai assumer certains frais? Ai-je les moyens de les assumer?<\/li>\n<li>Est-ce que je serai en mesure de m&rsquo;arr\u00eater aussi longtemps qu&rsquo;il le faut pour bien me r\u00e9tablir apr\u00e8s la chirurgie? Est-ce que ma famille ou mes proches pourront m&rsquo;aider si j&rsquo;ai besoin d&rsquo;eux pendant mon r\u00e9tablissement?<\/li>\n<\/ul>\n<p>Si la douleur est devenue insupportable, le temps est peut-\u00eatre venu de prendre rendez-vous avec votre m\u00e9decin de famille afin de discuter des possibilit\u00e9s qui s&rsquo;offrent \u00e0 vous. En fonction de cette consultation et des r\u00e9sultats aux tests de rigueur, votre m\u00e9decin d\u00e9terminera s&rsquo;il doit vous aiguiller vers un orthop\u00e9diste.<\/p>\n<p>Si on vous aiguille vers un orthop\u00e9diste, il est important de vous pr\u00e9parer \u00e0 votre rendez-vous.<\/p>\n<p>Si vous d\u00e9cidez de subir la chirurgie, il est important d&rsquo;en\u00a0<a href=\"https:\/\/movepainfree.org\/fr\/my-surgery\/tips-for-preparing-for-surgery\/\">savoir le plus possible sur l&rsquo;arthroplastie<\/a> et votre r\u00f4le dans l&rsquo;obtention des meilleurs r\u00e9sultats possibles.<\/p>\n","protected":false},"excerpt":{"rendered":"Subir une chirurgie est une d\u00e9cision importante. Bien s\u00fbr, personne ne souhaite subir une op\u00e9ration et passer du temps \u00e0 l&rsquo;h\u00f4pital et en r\u00e9tablissement sans raison. Voici quelques questions que&#8230; <a class=\"view-article\" href=\"https:\/\/movepainfree.org\/fr\/my-surgery\/do-i-need-joint-replacement-surgery\/\">View Article<\/a>","protected":false},"author":1,"featured_media":0,"parent":37,"menu_order":50,"comment_status":"closed","ping_status":"closed","template":"","meta":{"footnotes":""},"class_list":["post-292","page","type-page","status-publish","hentry"],"yoast_head":"<!-- This site is optimized with the Yoast SEO plugin v27.0 - https:\/\/yoast.com\/product\/yoast-seo-wordpress\/ -->\n<title>Ai-je besoin d&#039;une arthroplastie? - Fondation Canadienne d&#039;Orthop\u00e9die<\/title>\n<meta name=\"description\" content=\"La Fondation canadienne d&#039;orthop\u00e9die vient en aide aux patients orthop\u00e9diques, aux professionnels de la sant\u00e9 en orthop\u00e9die, ainsi qu&#039;aux personnes qui se pr\u00e9occupent de leur sant\u00e9 et des questions en mati\u00e8re de sant\u00e9 au sein de la collectivit\u00e9, et ce, \u00e0 l&#039;\u00e9gard de la sant\u00e9 des os et des articulations actuelle et \u00e0 venir.\" \/>\n<meta name=\"robots\" content=\"index, follow, max-snippet:-1, max-image-preview:large, max-video-preview:-1\" \/>\n<link rel=\"canonical\" href=\"https:\/\/movepainfree.org\/fr\/my-surgery\/do-i-need-joint-replacement-surgery\/\" \/>\n<meta property=\"og:locale\" content=\"fr_FR\" \/>\n<meta property=\"og:type\" content=\"article\" \/>\n<meta property=\"og:title\" content=\"Ai-je besoin d&#039;une arthroplastie? - Fondation Canadienne d&#039;Orthop\u00e9die\" \/>\n<meta property=\"og:description\" content=\"La Fondation canadienne d&#039;orthop\u00e9die vient en aide aux patients orthop\u00e9diques, aux professionnels de la sant\u00e9 en orthop\u00e9die, ainsi qu&#039;aux personnes qui se pr\u00e9occupent de leur sant\u00e9 et des questions en mati\u00e8re de sant\u00e9 au sein de la collectivit\u00e9, et ce, \u00e0 l&#039;\u00e9gard de la sant\u00e9 des os et des articulations actuelle et \u00e0 venir.\" \/>\n<meta property=\"og:url\" content=\"https:\/\/movepainfree.org\/fr\/my-surgery\/do-i-need-joint-replacement-surgery\/\" \/>\n<meta property=\"og:site_name\" content=\"Fondation Canadienne d&#039;Orthop\u00e9die\" \/>\n<meta property=\"article:modified_time\" content=\"2015-06-02T21:39:43+00:00\" \/>\n<meta name=\"twitter:card\" content=\"summary_large_image\" \/>\n<meta name=\"twitter:label1\" content=\"Dur\u00e9e de lecture estim\u00e9e\" \/>\n\t<meta name=\"twitter:data1\" content=\"2 minutes\" \/>\n<script type=\"application\/ld+json\" class=\"yoast-schema-graph\">{\"@context\":\"https:\/\/schema.org\",\"@graph\":[{\"@type\":\"WebPage\",\"@id\":\"https:\/\/movepainfree.org\/fr\/my-surgery\/do-i-need-joint-replacement-surgery\/\",\"url\":\"https:\/\/movepainfree.org\/fr\/my-surgery\/do-i-need-joint-replacement-surgery\/\",\"name\":\"Ai-je besoin d'une arthroplastie? - Fondation Canadienne d&#039;Orthop\u00e9die\",\"isPartOf\":{\"@id\":\"https:\/\/movepainfree.org\/fr\/#website\"},\"datePublished\":\"2015-01-22T16:40:00+00:00\",\"dateModified\":\"2015-06-02T21:39:43+00:00\",\"description\":\"La Fondation canadienne d'orthop\u00e9die vient en aide aux patients orthop\u00e9diques, aux professionnels de la sant\u00e9 en orthop\u00e9die, ainsi qu'aux personnes qui se pr\u00e9occupent de leur sant\u00e9 et des questions en mati\u00e8re de sant\u00e9 au sein de la collectivit\u00e9, et ce, \u00e0 l'\u00e9gard de la sant\u00e9 des os et des articulations actuelle et \u00e0 venir.\",\"breadcrumb\":{\"@id\":\"https:\/\/movepainfree.org\/fr\/my-surgery\/do-i-need-joint-replacement-surgery\/#breadcrumb\"},\"inLanguage\":\"fr-FR\",\"potentialAction\":[{\"@type\":\"ReadAction\",\"target\":[\"https:\/\/movepainfree.org\/fr\/my-surgery\/do-i-need-joint-replacement-surgery\/\"]}]},{\"@type\":\"BreadcrumbList\",\"@id\":\"https:\/\/movepainfree.org\/fr\/my-surgery\/do-i-need-joint-replacement-surgery\/#breadcrumb\",\"itemListElement\":[{\"@type\":\"ListItem\",\"position\":1,\"name\":\"Home\",\"item\":\"https:\/\/movepainfree.org\/fr\/\"},{\"@type\":\"ListItem\",\"position\":2,\"name\":\"Les interventions en chirurgie orthop\u00e9dique\",\"item\":\"https:\/\/movepainfree.org\/fr\/my-surgery\/\"},{\"@type\":\"ListItem\",\"position\":3,\"name\":\"Ai-je besoin d&rsquo;une arthroplastie?\"}]},{\"@type\":\"WebSite\",\"@id\":\"https:\/\/movepainfree.org\/fr\/#website\",\"url\":\"https:\/\/movepainfree.org\/fr\/\",\"name\":\"Fondation Canadienne d&#039;Orthop\u00e9die\",\"description\":\"Fund-raising Activities Support Research, Education, Community Care\",\"potentialAction\":[{\"@type\":\"SearchAction\",\"target\":{\"@type\":\"EntryPoint\",\"urlTemplate\":\"https:\/\/movepainfree.org\/fr\/?s={search_term_string}\"},\"query-input\":{\"@type\":\"PropertyValueSpecification\",\"valueRequired\":true,\"valueName\":\"search_term_string\"}}],\"inLanguage\":\"fr-FR\"}]}<\/script>\n<!-- \/ Yoast SEO plugin. -->","yoast_head_json":{"title":"Ai-je besoin d'une arthroplastie? - Fondation Canadienne d&#039;Orthop\u00e9die","description":"La Fondation canadienne d'orthop\u00e9die vient en aide aux patients orthop\u00e9diques, aux professionnels de la sant\u00e9 en orthop\u00e9die, ainsi qu'aux personnes qui se pr\u00e9occupent de leur sant\u00e9 et des questions en mati\u00e8re de sant\u00e9 au sein de la collectivit\u00e9, et ce, \u00e0 l'\u00e9gard de la sant\u00e9 des os et des articulations actuelle et \u00e0 venir.","robots":{"index":"index","follow":"follow","max-snippet":"max-snippet:-1","max-image-preview":"max-image-preview:large","max-video-preview":"max-video-preview:-1"},"canonical":"https:\/\/movepainfree.org\/fr\/my-surgery\/do-i-need-joint-replacement-surgery\/","og_locale":"fr_FR","og_type":"article","og_title":"Ai-je besoin d'une arthroplastie? - Fondation Canadienne d&#039;Orthop\u00e9die","og_description":"La Fondation canadienne d'orthop\u00e9die vient en aide aux patients orthop\u00e9diques, aux professionnels de la sant\u00e9 en orthop\u00e9die, ainsi qu'aux personnes qui se pr\u00e9occupent de leur sant\u00e9 et des questions en mati\u00e8re de sant\u00e9 au sein de la collectivit\u00e9, et ce, \u00e0 l'\u00e9gard de la sant\u00e9 des os et des articulations actuelle et \u00e0 venir.","og_url":"https:\/\/movepainfree.org\/fr\/my-surgery\/do-i-need-joint-replacement-surgery\/","og_site_name":"Fondation Canadienne d&#039;Orthop\u00e9die","article_modified_time":"2015-06-02T21:39:43+00:00","twitter_card":"summary_large_image","twitter_misc":{"Dur\u00e9e de lecture estim\u00e9e":"2 minutes"},"schema":{"@context":"https:\/\/schema.org","@graph":[{"@type":"WebPage","@id":"https:\/\/movepainfree.org\/fr\/my-surgery\/do-i-need-joint-replacement-surgery\/","url":"https:\/\/movepainfree.org\/fr\/my-surgery\/do-i-need-joint-replacement-surgery\/","name":"Ai-je besoin d'une arthroplastie? - Fondation Canadienne d&#039;Orthop\u00e9die","isPartOf":{"@id":"https:\/\/movepainfree.org\/fr\/#website"},"datePublished":"2015-01-22T16:40:00+00:00","dateModified":"2015-06-02T21:39:43+00:00","description":"La Fondation canadienne d'orthop\u00e9die vient en aide aux patients orthop\u00e9diques, aux professionnels de la sant\u00e9 en orthop\u00e9die, ainsi qu'aux personnes qui se pr\u00e9occupent de leur sant\u00e9 et des questions en mati\u00e8re de sant\u00e9 au sein de la collectivit\u00e9, et ce, \u00e0 l'\u00e9gard de la sant\u00e9 des os et des articulations actuelle et \u00e0 venir.","breadcrumb":{"@id":"https:\/\/movepainfree.org\/fr\/my-surgery\/do-i-need-joint-replacement-surgery\/#breadcrumb"},"inLanguage":"fr-FR","potentialAction":[{"@type":"ReadAction","target":["https:\/\/movepainfree.org\/fr\/my-surgery\/do-i-need-joint-replacement-surgery\/"]}]},{"@type":"BreadcrumbList","@id":"https:\/\/movepainfree.org\/fr\/my-surgery\/do-i-need-joint-replacement-surgery\/#breadcrumb","itemListElement":[{"@type":"ListItem","position":1,"name":"Home","item":"https:\/\/movepainfree.org\/fr\/"},{"@type":"ListItem","position":2,"name":"Les interventions en chirurgie orthop\u00e9dique","item":"https:\/\/movepainfree.org\/fr\/my-surgery\/"},{"@type":"ListItem","position":3,"name":"Ai-je besoin d&rsquo;une arthroplastie?"}]},{"@type":"WebSite","@id":"https:\/\/movepainfree.org\/fr\/#website","url":"https:\/\/movepainfree.org\/fr\/","name":"Fondation Canadienne d&#039;Orthop\u00e9die","description":"Fund-raising Activities Support Research, Education, Community Care","potentialAction":[{"@type":"SearchAction","target":{"@type":"EntryPoint","urlTemplate":"https:\/\/movepainfree.org\/fr\/?s={search_term_string}"},"query-input":{"@type":"PropertyValueSpecification","valueRequired":true,"valueName":"search_term_string"}}],"inLanguage":"fr-FR"}]}},"_links":{"self":[{"href":"https:\/\/movepainfree.org\/fr\/wp-json\/wp\/v2\/pages\/292","targetHints":{"allow":["GET"]}}],"collection":[{"href":"https:\/\/movepainfree.org\/fr\/wp-json\/wp\/v2\/pages"}],"about":[{"href":"https:\/\/movepainfree.org\/fr\/wp-json\/wp\/v2\/types\/page"}],"author":[{"embeddable":true,"href":"https:\/\/movepainfree.org\/fr\/wp-json\/wp\/v2\/users\/1"}],"replies":[{"embeddable":true,"href":"https:\/\/movepainfree.org\/fr\/wp-json\/wp\/v2\/comments?post=292"}],"version-history":[{"count":6,"href":"https:\/\/movepainfree.org\/fr\/wp-json\/wp\/v2\/pages\/292\/revisions"}],"predecessor-version":[{"id":1360,"href":"https:\/\/movepainfree.org\/fr\/wp-json\/wp\/v2\/pages\/292\/revisions\/1360"}],"up":[{"embeddable":true,"href":"https:\/\/movepainfree.org\/fr\/wp-json\/wp\/v2\/pages\/37"}],"wp:attachment":[{"href":"https:\/\/movepainfree.org\/fr\/wp-json\/wp\/v2\/media?parent=292"}],"curies":[{"name":"wp","href":"https:\/\/api.w.org\/{rel}","templated":true}]}}