{"id":290,"date":"2015-01-22T16:37:47","date_gmt":"2015-01-22T16:37:47","guid":{"rendered":"https:\/\/movepainfree.org\/fr\/?page_id=290"},"modified":"2024-04-05T19:39:48","modified_gmt":"2024-04-05T19:39:48","slug":"your-health-care-team","status":"publish","type":"page","link":"https:\/\/movepainfree.org\/fr\/my-surgery\/your-health-care-team\/","title":{"rendered":"Votre \u00e9quipe de sant\u00e9"},"content":{"rendered":"<p><span id=\"lblContent\">La sant\u00e9 de vos os et de vos articulations est l&rsquo;affaire de toute une \u00e9quipe de professionnels de la sant\u00e9, dont la composition varie selon votre situation et vos besoins particuliers. Vous avez \u00e9galement un r\u00f4le important \u00e0 jouer au sein de cette \u00e9quipe. En prenant une part active au suivi de vos soins de sant\u00e9, vous augmenterez vos chances de r\u00e9ussite. Posez des questions, exprimez vos pr\u00e9occupations, informez-vous de votre diagnostic, des traitements disponibles et des m\u00e9thodes th\u00e9rapeutiques, particuli\u00e8rement en ce qui a trait aux interventions chirurgicales. Soyez sinc\u00e8re lorsque vous parlez \u00e0 votre m\u00e9decin. Dites-lui tout. Faites-lui part de vos points de vue, sans rien omettre. <\/span><\/p>\n<h2><span id=\"lblContent\"><strong>Le m\u00e9decin de famille (omnipraticien)<\/strong><\/span><\/h2>\n<p>Le m\u00e9decin de famille poss\u00e8de des comp\u00e9tences, des aptitudes et des connaissances uniques, qui lui permettent d&rsquo;offrir des soins pr\u00e9ventifs et th\u00e9rapeutiques continus et complets \u00e0 tous les membres de votre famille, quels que soient leur sexe, leur \u00e2ge et leurs probl\u00e8mes de sant\u00e9. Connaissant les ant\u00e9c\u00e9dents m\u00e9dicaux et les liens entre les membres de la famille, il est le mieux plac\u00e9 pour prodiguer \u00e0 chacun les soins et les conseils les plus pertinents, y compris l&rsquo;aiguillage vers d&rsquo;autres consultants, professionnels de la sant\u00e9 et ressources communautaires, lorsque cela est n\u00e9cessaire.<\/p>\n<p>Pour plus d&rsquo;information, visitez le site Web de <a href=\"https:\/\/www.cma.ca\/fr\" target=\"_blank\" rel=\"noopener noreferrer\">l&rsquo;Association m\u00e9dicale canadienne<\/a>.<\/p>\n<p>Votre m\u00e9decin de famille vous dirigera vers le professionnel en orthop\u00e9die le mieux \u00e0 m\u00eame de r\u00e9pondre \u00e0 vos besoins, par exemple, un chirurgien orthop\u00e9diste ou un physioth\u00e9rapeute.<\/p>\n<h2><span id=\"lblContent\"><strong>Le chirurgien orthop\u00e9diste<\/strong><\/span><\/h2>\n<p>Le chirurgien orthop\u00e9diste est non seulement le sp\u00e9cialiste des interventions chirurgicales touchant au syst\u00e8me musculo-squelettique, mais il peut \u00e9galement poss\u00e9der une sous-sp\u00e9cialisation, c&rsquo;est-\u00e0-dire une expertise approfondie des proc\u00e9dures chirurgicales du pied et de la cheville, du rachis, de la hanche ou du genou. Cette expertise peut \u00e9galement \u00eatre li\u00e9e \u00e0 un groupe de patients cibles, par exemple, les enfants, les traumatis\u00e9s ou les athl\u00e8tes.<\/p>\n<p>Le chirurgien orthop\u00e9diste prend en charge plusieurs \u00e9tapes du suivi m\u00e9dical du syst\u00e8me musculo-squelettique\u00a0:<\/p>\n<ul>\n<li><strong>le diagnostic <\/strong>des troubles r\u00e9sultant d&rsquo;un traumatisme ou d&rsquo;une maladie;<\/li>\n<li><strong>le traitement<\/strong>, y compris la m\u00e9dication, les exercices, la chirurgie et les autres types de soins;<\/li>\n<li><strong>la r\u00e9adaptation<\/strong>, soit un programme d&rsquo;exercices ou des s\u00e9ances de physioth\u00e9rapie pour restaurer le mouvement, la force et la fonction articulaire; et<\/li>\n<li><strong>la pr\u00e9vention<\/strong>, c&rsquo;est-\u00e0-dire de l&rsquo;information et des recommandations sur le plan de traitement \u00e0 suivre pour pr\u00e9venir d&rsquo;autres traumatismes ou encore, ralentir la progression de la maladie.<\/li>\n<\/ul>\n<p>Pour plus d&rsquo;information, visitez le site Web de <a href=\"https:\/\/coa-aco.org\/fr\/\" target=\"_blank\" rel=\"noopener noreferrer\">l&rsquo;Association canadienne d&rsquo;orthop\u00e9die<\/a>.<\/p>\n<p>Si on vous recommande une chirurgie en orthop\u00e9die, discutez avec votre chirurgien des risques et complications \u00e9ventuels li\u00e9s \u00e0 l&rsquo;intervention. Informez-vous de ce qui se passera avant, pendant et apr\u00e8s la chirurgie.<\/p>\n<h2><span id=\"lblContent\"><strong>Le chirurgien orthop\u00e9diste en p\u00e9diatrie<\/strong><\/span><\/h2>\n<p>Certains troubles musculo-squelettiques affectent particuli\u00e8rement les enfants et, le cas \u00e9ch\u00e9ant, rel\u00e8vent du chirurgien orthop\u00e9diste sp\u00e9cialis\u00e9 en p\u00e9diatrie. Celui-ci a re\u00e7u une formation sp\u00e9cifique sur l&rsquo;\u00e9valuation et le traitement des troubles osseux, articulaires et musculaires chez les enfants en pleine croissance.<\/p>\n<p>Des conditions telles que le pied bot, la luxation cong\u00e9nitale de la hanche (ou dysplasie de hanche li\u00e9e au d\u00e9veloppement) et les infections des os et des articulations (comme l&rsquo;ost\u00e9omy\u00e9lite) sont courantes chez les enfants. Parce qu&rsquo;ils sont en pleine croissance, leurs probl\u00e8mes ne sont pas les m\u00eames que ceux des adultes. Les enfants r\u00e9agissent d&rsquo;une toute autre fa\u00e7on que les adultes vis-\u00e0-vis des traumatismes, des infections ou des malformations. Dans les faits, plusieurs conditions osseuses et articulaires touchent exclusivement les enfants.<\/p>\n<p>Apr\u00e8s avoir obtenu son dipl\u00f4me en m\u00e9decine, le chirurgien en p\u00e9diatrie a suivi un programme de r\u00e9sidence d&rsquo;une dur\u00e9e de cinq ans pour acqu\u00e9rir la sp\u00e9cialisation en chirurgie orthop\u00e9dique. Il a ensuite consacr\u00e9 une ann\u00e9e ou plus \u00e0 suivre un programme de perfectionnement sur les troubles et besoins sp\u00e9cifiques aux enfants, ce qui lui a permis notamment de ma\u00eetriser les techniques d&rsquo;approche, de consultation et d&rsquo;\u00e9valuation qui facilitent les soins \u00e0 prodiguer aux enfants, particuli\u00e8rement les b\u00e9b\u00e9s et les tout-petits.<\/p>\n<p>La formation sp\u00e9cialis\u00e9e qu&rsquo;a re\u00e7ue l&rsquo;orthop\u00e9diste en p\u00e9diatrie en fait un v\u00e9ritable expert des soins \u00e0 prodiguer aux enfants. Souvent, son cabinet de consultation est sp\u00e9cialement am\u00e9nag\u00e9 de sorte que les jeunes patients s&rsquo;y sentent \u00e0 l&rsquo;aise plus rapidement. Ce professionnel poss\u00e8de \u00e9galement une exp\u00e9rience approfondie des relations avec les parents et grands-parents. Il conna\u00eet leurs inqui\u00e9tudes et sait les rassurer.<\/p>\n<p>\u00c0 partir de 18\u00a0ans, les patients ne sont plus consid\u00e9r\u00e9s comme des enfants et doivent se tourner vers l&rsquo;orthop\u00e9diste g\u00e9n\u00e9raliste. \u00c0 votre demande, votre orthop\u00e9diste en p\u00e9diatrie ou votre m\u00e9decin de famille vous acheminera vers un orthop\u00e9diste g\u00e9n\u00e9raliste de sorte que le jeune patient continue de recevoir les soins appropri\u00e9s.<\/p>\n<p>Pour plus d\u2019information, visitez le site Web de <a href=\"https:\/\/coa-aco.org\/canadian-paediatric-orthopaedic-society-cpos\/\" target=\"_blank\" rel=\"noopener\">Canadian Paediatric Orthopaedic Society<\/a> (CPOS). (en anglais seulement)<\/p>\n<h2><span id=\"lblContent\"><strong>Le physioth\u00e9rapeute<\/strong><\/span><\/h2>\n<p>Le physioth\u00e9rapeute, recommand\u00e9 par votre m\u00e9decin de famille ou choisi par vos propres soins, traite les troubles orthop\u00e9diques de mani\u00e8re conservatrice. Le physioth\u00e9rapeute est un professionnel de la sant\u00e9 form\u00e9 pour \u00e9valuer, diagnostiquer, traiter et pr\u00e9venir les maladies et troubles orthop\u00e9diques. Poss\u00e9dant des connaissances exhaustives en anatomie et en physiologie du mouvement pour traiter des troubles ne n\u00e9cessitant de chirurgie (par exemple, les entorses, foulures et autres dysfonctions) par le biais des exercices, de l&rsquo;\u00e9ducation des patients, de la manipulation et des modalit\u00e9s de physioth\u00e9rapie. \u00c0 la suite d&rsquo;une chirurgie, le physioth\u00e9rapeute peut aussi vous aider \u00e0 retrouver votre forme.<\/p>\n<p>Pour plus d&rsquo;information, visitez le site Web de <a href=\"https:\/\/physiotherapy.ca\/fr\" target=\"_blank\" rel=\"noopener noreferrer\">l&rsquo;Association canadienne de physioth\u00e9rapie<\/a>.<\/p>\n<h2><span id=\"lblContent\"><strong>Le rhumatologue<\/strong><\/span><\/h2>\n<p>Le rhumatologue est le sp\u00e9cialiste du traitement m\u00e9dical (non chirurgical) de l&rsquo;arthrite et des maladies rhumatismales. Sa formation comprend quatre ann\u00e9es d&rsquo;\u00e9cole m\u00e9dicale et trois ou quatre ann\u00e9es d&rsquo;internat en m\u00e9decine, lesquelles sont suivies de la sous-sp\u00e9cialisation en rhumatologie, d&rsquo;une dur\u00e9e minimale de deux ans.<\/p>\n<p>Pour plus d&rsquo;information, visitez le site Web de la <a href=\"https:\/\/rheum.ca\/fr\/\" target=\"_blank\" rel=\"noopener noreferrer\">Soci\u00e9t\u00e9 canadienne de rhumatologie<\/a>.<\/p>\n<h2><strong>Si vous devez subir une chirurgie, vous pourriez aussi rencontrer&#8230;<\/strong><\/h2>\n<h3><span id=\"lblContent\"><strong>Le r\u00e9sident ou l&rsquo;interne en orthop\u00e9die<\/strong><\/span><\/h3>\n<p>Le r\u00e9sident en orthop\u00e9die est un m\u00e9decin poursuivant sa formation sp\u00e9cialis\u00e9e en orthop\u00e9die. L&rsquo;interne en orthop\u00e9die est un chirurgien orthop\u00e9diste d\u00fbment form\u00e9 qui poursuit une sous-sp\u00e9cialisation en orthop\u00e9die, par exemple, la chirurgie du pied et de la cheville. Il est possible qu&rsquo;un orthop\u00e9diste r\u00e9sident ou interne vous examine si vous \u00eates trait\u00e9 dans un h\u00f4pital universitaire.<\/p>\n<p>Pour plus d&rsquo;information, visitez le site Web de <a href=\"https:\/\/coa-aco.org\/residents-cora\/\" target=\"_blank\" rel=\"noopener noreferrer\">l&rsquo;Association Canadienne des R\u00e9sidents en Orthop\u00e9die.<\/a> (en anglais seulement)<\/p>\n<h3><span id=\"lblContent\"><strong>L&rsquo;anesth\u00e9siologiste<\/strong><\/span><\/h3>\n<p>Avant votre chirurgie, vous rencontrerez l&rsquo;anesth\u00e9siologiste, c&rsquo;est-\u00e0-dire le professionnel qui doit assurer votre bien-\u00eatre pendant l&rsquo;intervention. Membre essentiel de l&rsquo;\u00e9quipe chirurgicale, l&rsquo;anesth\u00e9siologiste a suivi une formation universitaire pr\u00e9m\u00e9dicale. Il a ensuite obtenu le dipl\u00f4me de l&rsquo;\u00e9cole de m\u00e9decine, avant de suivre le programme d&rsquo;internat en anesth\u00e9siologie, d&rsquo;une dur\u00e9e minimale de cinq ans. L&rsquo;anesth\u00e9siologiste poss\u00e8de des connaissances approfondies de la physiologie humaine (le fonctionnement du corps humain), particuli\u00e8rement en ce qui a trait au cerveau, au c\u0153ur, aux poumons, aux reins et au foie. Il conna\u00eet \u00e0 fond toutes les drogues utilis\u00e9es en anesth\u00e9sie et en soins intensifs.<\/p>\n<p>Pour plus d&rsquo;information, visitez le site Web de la <a href=\"https:\/\/www.cas.ca\/fr\/accueil\" target=\"_blank\" rel=\"noopener noreferrer\">Soci\u00e9t\u00e9 canadienne des anesth\u00e9siologistes<\/a>.<\/p>\n<h3><span id=\"lblContent\"><strong>L&rsquo;infirmi\u00e8re autoris\u00e9e (IA)<\/strong><\/span><\/h3>\n<p>L&rsquo;infirmi\u00e8re est au c\u0153ur des soins prodigu\u00e9s aux patients. Elle r\u00e9pond \u00e0 leurs besoins physiques, intellectuels et sociaux. L&rsquo;infirmi\u00e8re planifie et prodigue les soins de sant\u00e9 offerts aux individus, aux familles, aux groupes et aux collectivit\u00e9s.<\/p>\n<p>Pour plus d&rsquo;information, visitez le site Web de <a href=\"https:\/\/www.cna-aiic.ca\/fr\" target=\"_blank\" rel=\"noopener noreferrer\">l&rsquo;Association canadienne des infirmi\u00e8res et infirmiers du Canada<\/a>.<\/p>\n<h3><span id=\"lblContent\"><strong>L&rsquo;infirmi\u00e8re en orthop\u00e9die<\/strong><\/span><\/h3>\n<p>L&rsquo;infirmi\u00e8re en orthop\u00e9die est une infirmi\u00e8re autoris\u00e9e qui poss\u00e8de, outre ses connaissances g\u00e9n\u00e9rales en nursing, une expertise pratique et des connaissances sp\u00e9cialis\u00e9es sur les soins aux patients li\u00e9s aux troubles neuro-musculaires et squelettiques.<\/p>\n<p>Pour plus d&rsquo;information, visitez le site Web de <a href=\"http:\/\/www.cona-nurse.org\" target=\"_blank\" rel=\"noopener noreferrer\">l&rsquo;Association canadienne des infirmi\u00e8res et infirmiers en orthop\u00e9die<\/a>. (en anglais seulement)<\/p>\n<h4><strong>D&rsquo;autres professionnels de la sant\u00e9 pouvant participer aux soins des troubles orthop\u00e9diques&#8230; <\/strong><\/h4>\n<h3>\u00a0L&rsquo;ergoth\u00e9rapeute<\/h3>\n<p>L&rsquo;ergoth\u00e9rapeute vous aidera \u00e0 cerner et \u00e0 r\u00e9soudre les probl\u00e8mes qui restreignent ou limitent la pratique de vos activit\u00e9s quotidiennes, tout en respectant votre style de vie. Les traitements en ergoth\u00e9rapie comprennent l&rsquo;\u00e9ducation aux patients, la recommandation d&rsquo;appareils fonctionnels ou de techniques facilitant les soins auto-administr\u00e9s, les travaux m\u00e9nagers, les activit\u00e9s professionnelles, les loisirs, la fabrication d&rsquo;attelles et d&rsquo;orth\u00e8ses, et l&rsquo;enseignement d&rsquo;activit\u00e9s th\u00e9rapeutiques qui contribuent \u00e0 restaurer la fonction physique.<\/p>\n<p>Pour plus d&rsquo;information, visitez le site Web de <a href=\"http:\/\/www.caot.ca\" target=\"_blank\" rel=\"noopener noreferrer\">l&rsquo;Association canadienne des ergoth\u00e9rapeutes<\/a>.<\/p>\n<h3><span id=\"lblContent\"><strong>Le th\u00e9rapeute en sport<\/strong><\/span><\/h3>\n<p>Le th\u00e9rapeute en sport agr\u00e9\u00e9 est un professionnel poss\u00e9dant une formation sp\u00e9cialis\u00e9e et une expertise pratique de tout ce qui touche aux traumatismes li\u00e9s aux sports, dont l&rsquo;\u00e9valuation, la pr\u00e9vention, la r\u00e9adaptation, les soins d&rsquo;urgence, l&rsquo;\u00e9ducation des patients et la prise en charge globale.<\/p>\n<p>Pour plus d&rsquo;information, visitez le site Web de <a href=\"https:\/\/athletictherapy.org\/home?request_locale=fr\" target=\"_blank\" rel=\"noopener noreferrer\">l&rsquo;Association canadienne des th\u00e9rapeutes du sport <\/a>(ACTS).<\/p>\n<h3><span id=\"lblContent\"><strong>L&rsquo;adjoint au m\u00e9decin<\/strong><\/span><\/h3>\n<p>L&rsquo;adjoint au m\u00e9decin (AM) est un professionnel poss\u00e9dant des comp\u00e9tences approfondies qui lui permettent d&rsquo;accomplir divers actes m\u00e9dicaux sur la prescription du m\u00e9decin. Parmi ces actes, ex\u00e9cut\u00e9s conform\u00e9ment aux directives du m\u00e9decin superviseur, on peut retrouver des examens, des diagnostics, des analyses, des renvois, des traitements et des ordonnances. Au Canada, le r\u00f4le et la formation de l&rsquo;adjoint au m\u00e9decin ont \u00e9t\u00e9 d\u00e9velopp\u00e9s par les Services de sant\u00e9 des Forces canadiennes et englobent un large \u00e9ventail de soins m\u00e9dicaux prodigu\u00e9s aux membres des Forces. En 2003, le programme de formation de l&rsquo;adjoint au m\u00e9decin des Forces canadiennes a \u00e9t\u00e9 re\u00e7u l&rsquo;agr\u00e9ment de l&rsquo;Association m\u00e9dicale canadienne.<\/p>\n<p>REMARQUE\u00a0: Les adjoints au m\u00e9decin ne pratiquent, pour le moment, que dans les provinces du Manitoba et de l&rsquo;Ontario.<\/p>\n<p>Pour plus d&rsquo;information, visitez le site Web de l&rsquo;<a href=\"https:\/\/capa-acam.ca\/fr\/\" target=\"_blank\" rel=\"noopener noreferrer\">Association canadienne des adjoints au m\u00e9decin<\/a> (ACAM).<\/p>\n<h3><span id=\"lblContent\"><strong>Le pharmacien<\/strong><\/span><\/h3>\n<p>Le pharmacien est le sp\u00e9cialiste des applications th\u00e9rapeutiques des m\u00e9dicaments. En collaboration avec le patient, il s\u00e9lectionne les m\u00e9dicaments les plus aptes \u00e0 am\u00e9liorer la qualit\u00e9 de vie du patient.<\/p>\n<p>Pour plus d&rsquo;information, visitez le site Web de <a href=\"http:\/\/www.pharmacists.ca\" target=\"_blank\" rel=\"noopener noreferrer\">l&rsquo;Association des pharmaciens du Canada<\/a>.<\/p>\n","protected":false},"excerpt":{"rendered":"La sant\u00e9 de vos os et de vos articulations est l&rsquo;affaire de toute une \u00e9quipe de professionnels de la sant\u00e9, dont la composition varie selon votre situation et vos besoins&#8230; <a class=\"view-article\" href=\"https:\/\/movepainfree.org\/fr\/my-surgery\/your-health-care-team\/\">View Article<\/a>","protected":false},"author":1,"featured_media":0,"parent":37,"menu_order":40,"comment_status":"closed","ping_status":"closed","template":"","meta":{"footnotes":""},"class_list":["post-290","page","type-page","status-publish","hentry"],"yoast_head":"<!-- This site is optimized with the Yoast SEO plugin v27.0 - https:\/\/yoast.com\/product\/yoast-seo-wordpress\/ -->\n<title>Votre \u00e9quipe de sant\u00e9 - Fondation Canadienne d&#039;Orthop\u00e9die<\/title>\n<meta name=\"description\" content=\"La Fondation canadienne d&#039;orthop\u00e9die vient en aide aux patients orthop\u00e9diques, aux professionnels de la sant\u00e9 en orthop\u00e9die, ainsi qu&#039;aux personnes qui se pr\u00e9occupent de leur sant\u00e9 et des questions en mati\u00e8re de sant\u00e9 au sein de la collectivit\u00e9, et ce, \u00e0 l&#039;\u00e9gard de la sant\u00e9 des os et des articulations actuelle et \u00e0 venir.\" \/>\n<meta name=\"robots\" content=\"index, follow, max-snippet:-1, max-image-preview:large, max-video-preview:-1\" \/>\n<link rel=\"canonical\" href=\"https:\/\/movepainfree.org\/fr\/my-surgery\/your-health-care-team\/\" \/>\n<meta property=\"og:locale\" content=\"fr_FR\" \/>\n<meta property=\"og:type\" content=\"article\" \/>\n<meta property=\"og:title\" content=\"Votre \u00e9quipe de sant\u00e9 - Fondation Canadienne d&#039;Orthop\u00e9die\" \/>\n<meta property=\"og:description\" content=\"La Fondation canadienne d&#039;orthop\u00e9die vient en aide aux patients orthop\u00e9diques, aux professionnels de la sant\u00e9 en orthop\u00e9die, ainsi qu&#039;aux personnes qui se pr\u00e9occupent de leur sant\u00e9 et des questions en mati\u00e8re de sant\u00e9 au sein de la collectivit\u00e9, et ce, \u00e0 l&#039;\u00e9gard de la sant\u00e9 des os et des articulations actuelle et \u00e0 venir.\" \/>\n<meta property=\"og:url\" content=\"https:\/\/movepainfree.org\/fr\/my-surgery\/your-health-care-team\/\" \/>\n<meta property=\"og:site_name\" content=\"Fondation Canadienne d&#039;Orthop\u00e9die\" \/>\n<meta property=\"article:modified_time\" content=\"2024-04-05T19:39:48+00:00\" \/>\n<meta name=\"twitter:card\" content=\"summary_large_image\" \/>\n<meta name=\"twitter:label1\" content=\"Dur\u00e9e de lecture estim\u00e9e\" \/>\n\t<meta name=\"twitter:data1\" content=\"9 minutes\" \/>\n<script type=\"application\/ld+json\" class=\"yoast-schema-graph\">{\"@context\":\"https:\/\/schema.org\",\"@graph\":[{\"@type\":\"WebPage\",\"@id\":\"https:\/\/movepainfree.org\/fr\/my-surgery\/your-health-care-team\/\",\"url\":\"https:\/\/movepainfree.org\/fr\/my-surgery\/your-health-care-team\/\",\"name\":\"Votre \u00e9quipe de sant\u00e9 - Fondation Canadienne d&#039;Orthop\u00e9die\",\"isPartOf\":{\"@id\":\"https:\/\/movepainfree.org\/fr\/#website\"},\"datePublished\":\"2015-01-22T16:37:47+00:00\",\"dateModified\":\"2024-04-05T19:39:48+00:00\",\"description\":\"La Fondation canadienne d'orthop\u00e9die vient en aide aux patients orthop\u00e9diques, aux professionnels de la sant\u00e9 en orthop\u00e9die, ainsi qu'aux personnes qui se pr\u00e9occupent de leur sant\u00e9 et des questions en mati\u00e8re de sant\u00e9 au sein de la collectivit\u00e9, et ce, \u00e0 l'\u00e9gard de la sant\u00e9 des os et des articulations actuelle et \u00e0 venir.\",\"breadcrumb\":{\"@id\":\"https:\/\/movepainfree.org\/fr\/my-surgery\/your-health-care-team\/#breadcrumb\"},\"inLanguage\":\"fr-FR\",\"potentialAction\":[{\"@type\":\"ReadAction\",\"target\":[\"https:\/\/movepainfree.org\/fr\/my-surgery\/your-health-care-team\/\"]}]},{\"@type\":\"BreadcrumbList\",\"@id\":\"https:\/\/movepainfree.org\/fr\/my-surgery\/your-health-care-team\/#breadcrumb\",\"itemListElement\":[{\"@type\":\"ListItem\",\"position\":1,\"name\":\"Home\",\"item\":\"https:\/\/movepainfree.org\/fr\/\"},{\"@type\":\"ListItem\",\"position\":2,\"name\":\"Les interventions en chirurgie orthop\u00e9dique\",\"item\":\"https:\/\/movepainfree.org\/fr\/my-surgery\/\"},{\"@type\":\"ListItem\",\"position\":3,\"name\":\"Votre \u00e9quipe de sant\u00e9\"}]},{\"@type\":\"WebSite\",\"@id\":\"https:\/\/movepainfree.org\/fr\/#website\",\"url\":\"https:\/\/movepainfree.org\/fr\/\",\"name\":\"Fondation Canadienne d&#039;Orthop\u00e9die\",\"description\":\"Fund-raising Activities Support Research, Education, Community Care\",\"potentialAction\":[{\"@type\":\"SearchAction\",\"target\":{\"@type\":\"EntryPoint\",\"urlTemplate\":\"https:\/\/movepainfree.org\/fr\/?s={search_term_string}\"},\"query-input\":{\"@type\":\"PropertyValueSpecification\",\"valueRequired\":true,\"valueName\":\"search_term_string\"}}],\"inLanguage\":\"fr-FR\"}]}<\/script>\n<!-- \/ Yoast SEO plugin. -->","yoast_head_json":{"title":"Votre \u00e9quipe de sant\u00e9 - Fondation Canadienne d&#039;Orthop\u00e9die","description":"La Fondation canadienne d'orthop\u00e9die vient en aide aux patients orthop\u00e9diques, aux professionnels de la sant\u00e9 en orthop\u00e9die, ainsi qu'aux personnes qui se pr\u00e9occupent de leur sant\u00e9 et des questions en mati\u00e8re de sant\u00e9 au sein de la collectivit\u00e9, et ce, \u00e0 l'\u00e9gard de la sant\u00e9 des os et des articulations actuelle et \u00e0 venir.","robots":{"index":"index","follow":"follow","max-snippet":"max-snippet:-1","max-image-preview":"max-image-preview:large","max-video-preview":"max-video-preview:-1"},"canonical":"https:\/\/movepainfree.org\/fr\/my-surgery\/your-health-care-team\/","og_locale":"fr_FR","og_type":"article","og_title":"Votre \u00e9quipe de sant\u00e9 - Fondation Canadienne d&#039;Orthop\u00e9die","og_description":"La Fondation canadienne d'orthop\u00e9die vient en aide aux patients orthop\u00e9diques, aux professionnels de la sant\u00e9 en orthop\u00e9die, ainsi qu'aux personnes qui se pr\u00e9occupent de leur sant\u00e9 et des questions en mati\u00e8re de sant\u00e9 au sein de la collectivit\u00e9, et ce, \u00e0 l'\u00e9gard de la sant\u00e9 des os et des articulations actuelle et \u00e0 venir.","og_url":"https:\/\/movepainfree.org\/fr\/my-surgery\/your-health-care-team\/","og_site_name":"Fondation Canadienne d&#039;Orthop\u00e9die","article_modified_time":"2024-04-05T19:39:48+00:00","twitter_card":"summary_large_image","twitter_misc":{"Dur\u00e9e de lecture estim\u00e9e":"9 minutes"},"schema":{"@context":"https:\/\/schema.org","@graph":[{"@type":"WebPage","@id":"https:\/\/movepainfree.org\/fr\/my-surgery\/your-health-care-team\/","url":"https:\/\/movepainfree.org\/fr\/my-surgery\/your-health-care-team\/","name":"Votre \u00e9quipe de sant\u00e9 - Fondation Canadienne d&#039;Orthop\u00e9die","isPartOf":{"@id":"https:\/\/movepainfree.org\/fr\/#website"},"datePublished":"2015-01-22T16:37:47+00:00","dateModified":"2024-04-05T19:39:48+00:00","description":"La Fondation canadienne d'orthop\u00e9die vient en aide aux patients orthop\u00e9diques, aux professionnels de la sant\u00e9 en orthop\u00e9die, ainsi qu'aux personnes qui se pr\u00e9occupent de leur sant\u00e9 et des questions en mati\u00e8re de sant\u00e9 au sein de la collectivit\u00e9, et ce, \u00e0 l'\u00e9gard de la sant\u00e9 des os et des articulations actuelle et \u00e0 venir.","breadcrumb":{"@id":"https:\/\/movepainfree.org\/fr\/my-surgery\/your-health-care-team\/#breadcrumb"},"inLanguage":"fr-FR","potentialAction":[{"@type":"ReadAction","target":["https:\/\/movepainfree.org\/fr\/my-surgery\/your-health-care-team\/"]}]},{"@type":"BreadcrumbList","@id":"https:\/\/movepainfree.org\/fr\/my-surgery\/your-health-care-team\/#breadcrumb","itemListElement":[{"@type":"ListItem","position":1,"name":"Home","item":"https:\/\/movepainfree.org\/fr\/"},{"@type":"ListItem","position":2,"name":"Les interventions en chirurgie orthop\u00e9dique","item":"https:\/\/movepainfree.org\/fr\/my-surgery\/"},{"@type":"ListItem","position":3,"name":"Votre \u00e9quipe de sant\u00e9"}]},{"@type":"WebSite","@id":"https:\/\/movepainfree.org\/fr\/#website","url":"https:\/\/movepainfree.org\/fr\/","name":"Fondation Canadienne d&#039;Orthop\u00e9die","description":"Fund-raising Activities Support Research, Education, Community Care","potentialAction":[{"@type":"SearchAction","target":{"@type":"EntryPoint","urlTemplate":"https:\/\/movepainfree.org\/fr\/?s={search_term_string}"},"query-input":{"@type":"PropertyValueSpecification","valueRequired":true,"valueName":"search_term_string"}}],"inLanguage":"fr-FR"}]}},"_links":{"self":[{"href":"https:\/\/movepainfree.org\/fr\/wp-json\/wp\/v2\/pages\/290","targetHints":{"allow":["GET"]}}],"collection":[{"href":"https:\/\/movepainfree.org\/fr\/wp-json\/wp\/v2\/pages"}],"about":[{"href":"https:\/\/movepainfree.org\/fr\/wp-json\/wp\/v2\/types\/page"}],"author":[{"embeddable":true,"href":"https:\/\/movepainfree.org\/fr\/wp-json\/wp\/v2\/users\/1"}],"replies":[{"embeddable":true,"href":"https:\/\/movepainfree.org\/fr\/wp-json\/wp\/v2\/comments?post=290"}],"version-history":[{"count":10,"href":"https:\/\/movepainfree.org\/fr\/wp-json\/wp\/v2\/pages\/290\/revisions"}],"predecessor-version":[{"id":4432,"href":"https:\/\/movepainfree.org\/fr\/wp-json\/wp\/v2\/pages\/290\/revisions\/4432"}],"up":[{"embeddable":true,"href":"https:\/\/movepainfree.org\/fr\/wp-json\/wp\/v2\/pages\/37"}],"wp:attachment":[{"href":"https:\/\/movepainfree.org\/fr\/wp-json\/wp\/v2\/media?parent=290"}],"curies":[{"name":"wp","href":"https:\/\/api.w.org\/{rel}","templated":true}]}}