{"id":288,"date":"2015-01-22T16:32:13","date_gmt":"2015-01-22T16:32:13","guid":{"rendered":"https:\/\/movepainfree.org\/fr\/?page_id=288"},"modified":"2023-08-24T15:50:11","modified_gmt":"2023-08-24T15:50:11","slug":"your-orthopaedic-surgeon","status":"publish","type":"page","link":"https:\/\/movepainfree.org\/fr\/my-surgery\/your-orthopaedic-surgeon\/","title":{"rendered":"Votre orthop\u00e9diste"},"content":{"rendered":"<p>Votre orthop\u00e9diste s&rsquo;engage \u00e0 vous fournir le meilleur traitement selon vos besoins.<\/p>\n<p>La <em>Loi canadienne sur la sant\u00e9<\/em> stipule que seul un m\u00e9decin de famille peut recommander un patient \u00e0 un orthop\u00e9diste. Votre m\u00e9decin de famille peut communiquer avec le Coll\u00e8ge royal des m\u00e9decins et des chirurgiens du Canada, qui r\u00e9git tous les m\u00e9decins, pour obtenir une liste des orthop\u00e9distes exer\u00e7ant dans votre province. Votre m\u00e9decin de famille ou un orthop\u00e9diste peut habituellement vous renseigner sur une proc\u00e9dure donn\u00e9e utilis\u00e9e au Canada.<\/p>\n<p>Avant votre premi\u00e8re consultation, l&rsquo;\u00e9tape la plus importante est d&rsquo;obtenir un diagnostic et un aiguillage ad\u00e9quats de votre m\u00e9decin de famille. Selon l&rsquo;endroit o\u00f9 vous vivez, vous pourriez attendre au moins six mois avant d&rsquo;avoir votre premier rendez-vous avec un orthop\u00e9diste. Ces d\u00e9lais ne signifient pas que votre cas n&rsquo;est pas important, mais plut\u00f4t que la demande de soins d\u00e9passe parfois la capacit\u00e9 du syst\u00e8me de sant\u00e9 \u00e0 r\u00e9pondre aux besoins. Si vous \u00eates pr\u00eat \u00e0 vous d\u00e9placer, il est possible que votre m\u00e9decin de famille soit en mesure de vous recommander \u00e0 un orthop\u00e9diste qualifi\u00e9 d&rsquo;une ville tout pr\u00e8s dont la liste d&rsquo;attente est moins longue. Dans certaines provinces, les listes d&rsquo;attente sont affich\u00e9es sur le site <a href=\"https:\/\/www.cihi.ca\/fr\/sujets\/acces-et-temps-dattente\" target=\"_blank\" rel=\"noopener noreferrer\">Web du minist\u00e8re de la Sant\u00e9<\/a> et comprennent g\u00e9n\u00e9ralement une estimation des d\u00e9lais pour une chirurgie (assurez-vous de bien lire les explications fournies).<\/p>\n<p>Quand vous verrez votre orthop\u00e9diste, posez-lui des questions et n&rsquo;h\u00e9sitez pas \u00e0 lui faire part de vos pr\u00e9occupations, surtout quand tout n&rsquo;est pas clair. Demandez des renseignements sur votre diagnostic, les possibilit\u00e9s de traitement et les soins requis, et plus sp\u00e9cialement sur les r\u00e9sultats escompt\u00e9s. Discutez des risques associ\u00e9s \u00e0 la chirurgie et des complications possibles. Sachez \u00e0 quoi vous attendre avant, pendant et apr\u00e8s la chirurgie. Vous devez toujours \u00eatre franc et fournir tous les d\u00e9tails quand vous discutez avec votre m\u00e9decin. Faites-lui conna\u00eetre votre point de vue et n&rsquo;omettez aucune information.<\/p>\n<div>La Fondation Canadienne d&rsquo;Orthop\u00e9die est un organisme de bienfaisance elle ne peut donc pas fournir de conseils d&rsquo;ordre m\u00e9dical ni de deuxi\u00e8me avis, ni aiguiller les gens vers un m\u00e9decin ou un sp\u00e9cialiste.<\/div>\n","protected":false},"excerpt":{"rendered":"Votre orthop\u00e9diste s&rsquo;engage \u00e0 vous fournir le meilleur traitement selon vos besoins. La Loi canadienne sur la sant\u00e9 stipule que seul un m\u00e9decin de famille peut recommander un patient \u00e0&#8230; <a class=\"view-article\" href=\"https:\/\/movepainfree.org\/fr\/my-surgery\/your-orthopaedic-surgeon\/\">View Article<\/a>","protected":false},"author":1,"featured_media":0,"parent":37,"menu_order":40,"comment_status":"closed","ping_status":"closed","template":"","meta":{"footnotes":""},"class_list":["post-288","page","type-page","status-publish","hentry"],"yoast_head":"<!-- This site is optimized with the Yoast SEO plugin v27.0 - https:\/\/yoast.com\/product\/yoast-seo-wordpress\/ -->\n<title>Votre orthop\u00e9diste - Fondation Canadienne d&#039;Orthop\u00e9die<\/title>\n<meta name=\"description\" content=\"La Fondation canadienne d&#039;orthop\u00e9die vient en aide aux patients orthop\u00e9diques, aux professionnels de la sant\u00e9 en orthop\u00e9die, ainsi qu&#039;aux personnes qui se pr\u00e9occupent de leur sant\u00e9 et des questions en mati\u00e8re de sant\u00e9 au sein de la collectivit\u00e9, et ce, \u00e0 l&#039;\u00e9gard de la sant\u00e9 des os et des articulations actuelle et \u00e0 venir.\" \/>\n<meta name=\"robots\" content=\"index, follow, max-snippet:-1, max-image-preview:large, max-video-preview:-1\" \/>\n<link rel=\"canonical\" href=\"https:\/\/movepainfree.org\/fr\/my-surgery\/your-orthopaedic-surgeon\/\" \/>\n<meta property=\"og:locale\" content=\"fr_FR\" \/>\n<meta property=\"og:type\" content=\"article\" \/>\n<meta property=\"og:title\" content=\"Votre orthop\u00e9diste - Fondation Canadienne d&#039;Orthop\u00e9die\" \/>\n<meta property=\"og:description\" content=\"La Fondation canadienne d&#039;orthop\u00e9die vient en aide aux patients orthop\u00e9diques, aux professionnels de la sant\u00e9 en orthop\u00e9die, ainsi qu&#039;aux personnes qui se pr\u00e9occupent de leur sant\u00e9 et des questions en mati\u00e8re de sant\u00e9 au sein de la collectivit\u00e9, et ce, \u00e0 l&#039;\u00e9gard de la sant\u00e9 des os et des articulations actuelle et \u00e0 venir.\" \/>\n<meta property=\"og:url\" content=\"https:\/\/movepainfree.org\/fr\/my-surgery\/your-orthopaedic-surgeon\/\" \/>\n<meta property=\"og:site_name\" content=\"Fondation Canadienne d&#039;Orthop\u00e9die\" \/>\n<meta property=\"article:modified_time\" content=\"2023-08-24T15:50:11+00:00\" \/>\n<meta name=\"twitter:card\" content=\"summary_large_image\" \/>\n<meta name=\"twitter:label1\" content=\"Dur\u00e9e de lecture estim\u00e9e\" \/>\n\t<meta name=\"twitter:data1\" content=\"2 minutes\" \/>\n<script type=\"application\/ld+json\" class=\"yoast-schema-graph\">{\"@context\":\"https:\/\/schema.org\",\"@graph\":[{\"@type\":\"WebPage\",\"@id\":\"https:\/\/movepainfree.org\/fr\/my-surgery\/your-orthopaedic-surgeon\/\",\"url\":\"https:\/\/movepainfree.org\/fr\/my-surgery\/your-orthopaedic-surgeon\/\",\"name\":\"Votre orthop\u00e9diste - Fondation Canadienne d&#039;Orthop\u00e9die\",\"isPartOf\":{\"@id\":\"https:\/\/movepainfree.org\/fr\/#website\"},\"datePublished\":\"2015-01-22T16:32:13+00:00\",\"dateModified\":\"2023-08-24T15:50:11+00:00\",\"description\":\"La Fondation canadienne d'orthop\u00e9die vient en aide aux patients orthop\u00e9diques, aux professionnels de la sant\u00e9 en orthop\u00e9die, ainsi qu'aux personnes qui se pr\u00e9occupent de leur sant\u00e9 et des questions en mati\u00e8re de sant\u00e9 au sein de la collectivit\u00e9, et ce, \u00e0 l'\u00e9gard de la sant\u00e9 des os et des articulations actuelle et \u00e0 venir.\",\"breadcrumb\":{\"@id\":\"https:\/\/movepainfree.org\/fr\/my-surgery\/your-orthopaedic-surgeon\/#breadcrumb\"},\"inLanguage\":\"fr-FR\",\"potentialAction\":[{\"@type\":\"ReadAction\",\"target\":[\"https:\/\/movepainfree.org\/fr\/my-surgery\/your-orthopaedic-surgeon\/\"]}]},{\"@type\":\"BreadcrumbList\",\"@id\":\"https:\/\/movepainfree.org\/fr\/my-surgery\/your-orthopaedic-surgeon\/#breadcrumb\",\"itemListElement\":[{\"@type\":\"ListItem\",\"position\":1,\"name\":\"Home\",\"item\":\"https:\/\/movepainfree.org\/fr\/\"},{\"@type\":\"ListItem\",\"position\":2,\"name\":\"Les interventions en chirurgie orthop\u00e9dique\",\"item\":\"https:\/\/movepainfree.org\/fr\/my-surgery\/\"},{\"@type\":\"ListItem\",\"position\":3,\"name\":\"Votre orthop\u00e9diste\"}]},{\"@type\":\"WebSite\",\"@id\":\"https:\/\/movepainfree.org\/fr\/#website\",\"url\":\"https:\/\/movepainfree.org\/fr\/\",\"name\":\"Fondation Canadienne d&#039;Orthop\u00e9die\",\"description\":\"Fund-raising Activities Support Research, Education, Community Care\",\"potentialAction\":[{\"@type\":\"SearchAction\",\"target\":{\"@type\":\"EntryPoint\",\"urlTemplate\":\"https:\/\/movepainfree.org\/fr\/?s={search_term_string}\"},\"query-input\":{\"@type\":\"PropertyValueSpecification\",\"valueRequired\":true,\"valueName\":\"search_term_string\"}}],\"inLanguage\":\"fr-FR\"}]}<\/script>\n<!-- \/ Yoast SEO plugin. -->","yoast_head_json":{"title":"Votre orthop\u00e9diste - Fondation Canadienne d&#039;Orthop\u00e9die","description":"La Fondation canadienne d'orthop\u00e9die vient en aide aux patients orthop\u00e9diques, aux professionnels de la sant\u00e9 en orthop\u00e9die, ainsi qu'aux personnes qui se pr\u00e9occupent de leur sant\u00e9 et des questions en mati\u00e8re de sant\u00e9 au sein de la collectivit\u00e9, et ce, \u00e0 l'\u00e9gard de la sant\u00e9 des os et des articulations actuelle et \u00e0 venir.","robots":{"index":"index","follow":"follow","max-snippet":"max-snippet:-1","max-image-preview":"max-image-preview:large","max-video-preview":"max-video-preview:-1"},"canonical":"https:\/\/movepainfree.org\/fr\/my-surgery\/your-orthopaedic-surgeon\/","og_locale":"fr_FR","og_type":"article","og_title":"Votre orthop\u00e9diste - Fondation Canadienne d&#039;Orthop\u00e9die","og_description":"La Fondation canadienne d'orthop\u00e9die vient en aide aux patients orthop\u00e9diques, aux professionnels de la sant\u00e9 en orthop\u00e9die, ainsi qu'aux personnes qui se pr\u00e9occupent de leur sant\u00e9 et des questions en mati\u00e8re de sant\u00e9 au sein de la collectivit\u00e9, et ce, \u00e0 l'\u00e9gard de la sant\u00e9 des os et des articulations actuelle et \u00e0 venir.","og_url":"https:\/\/movepainfree.org\/fr\/my-surgery\/your-orthopaedic-surgeon\/","og_site_name":"Fondation Canadienne d&#039;Orthop\u00e9die","article_modified_time":"2023-08-24T15:50:11+00:00","twitter_card":"summary_large_image","twitter_misc":{"Dur\u00e9e de lecture estim\u00e9e":"2 minutes"},"schema":{"@context":"https:\/\/schema.org","@graph":[{"@type":"WebPage","@id":"https:\/\/movepainfree.org\/fr\/my-surgery\/your-orthopaedic-surgeon\/","url":"https:\/\/movepainfree.org\/fr\/my-surgery\/your-orthopaedic-surgeon\/","name":"Votre orthop\u00e9diste - Fondation Canadienne d&#039;Orthop\u00e9die","isPartOf":{"@id":"https:\/\/movepainfree.org\/fr\/#website"},"datePublished":"2015-01-22T16:32:13+00:00","dateModified":"2023-08-24T15:50:11+00:00","description":"La Fondation canadienne d'orthop\u00e9die vient en aide aux patients orthop\u00e9diques, aux professionnels de la sant\u00e9 en orthop\u00e9die, ainsi qu'aux personnes qui se pr\u00e9occupent de leur sant\u00e9 et des questions en mati\u00e8re de sant\u00e9 au sein de la collectivit\u00e9, et ce, \u00e0 l'\u00e9gard de la sant\u00e9 des os et des articulations actuelle et \u00e0 venir.","breadcrumb":{"@id":"https:\/\/movepainfree.org\/fr\/my-surgery\/your-orthopaedic-surgeon\/#breadcrumb"},"inLanguage":"fr-FR","potentialAction":[{"@type":"ReadAction","target":["https:\/\/movepainfree.org\/fr\/my-surgery\/your-orthopaedic-surgeon\/"]}]},{"@type":"BreadcrumbList","@id":"https:\/\/movepainfree.org\/fr\/my-surgery\/your-orthopaedic-surgeon\/#breadcrumb","itemListElement":[{"@type":"ListItem","position":1,"name":"Home","item":"https:\/\/movepainfree.org\/fr\/"},{"@type":"ListItem","position":2,"name":"Les interventions en chirurgie orthop\u00e9dique","item":"https:\/\/movepainfree.org\/fr\/my-surgery\/"},{"@type":"ListItem","position":3,"name":"Votre orthop\u00e9diste"}]},{"@type":"WebSite","@id":"https:\/\/movepainfree.org\/fr\/#website","url":"https:\/\/movepainfree.org\/fr\/","name":"Fondation Canadienne d&#039;Orthop\u00e9die","description":"Fund-raising Activities Support Research, Education, Community Care","potentialAction":[{"@type":"SearchAction","target":{"@type":"EntryPoint","urlTemplate":"https:\/\/movepainfree.org\/fr\/?s={search_term_string}"},"query-input":{"@type":"PropertyValueSpecification","valueRequired":true,"valueName":"search_term_string"}}],"inLanguage":"fr-FR"}]}},"_links":{"self":[{"href":"https:\/\/movepainfree.org\/fr\/wp-json\/wp\/v2\/pages\/288","targetHints":{"allow":["GET"]}}],"collection":[{"href":"https:\/\/movepainfree.org\/fr\/wp-json\/wp\/v2\/pages"}],"about":[{"href":"https:\/\/movepainfree.org\/fr\/wp-json\/wp\/v2\/types\/page"}],"author":[{"embeddable":true,"href":"https:\/\/movepainfree.org\/fr\/wp-json\/wp\/v2\/users\/1"}],"replies":[{"embeddable":true,"href":"https:\/\/movepainfree.org\/fr\/wp-json\/wp\/v2\/comments?post=288"}],"version-history":[{"count":8,"href":"https:\/\/movepainfree.org\/fr\/wp-json\/wp\/v2\/pages\/288\/revisions"}],"predecessor-version":[{"id":4270,"href":"https:\/\/movepainfree.org\/fr\/wp-json\/wp\/v2\/pages\/288\/revisions\/4270"}],"up":[{"embeddable":true,"href":"https:\/\/movepainfree.org\/fr\/wp-json\/wp\/v2\/pages\/37"}],"wp:attachment":[{"href":"https:\/\/movepainfree.org\/fr\/wp-json\/wp\/v2\/media?parent=288"}],"curies":[{"name":"wp","href":"https:\/\/api.w.org\/{rel}","templated":true}]}}